{"id":97829,"date":"2026-01-30T17:05:26","date_gmt":"2026-01-30T16:05:26","guid":{"rendered":"https:\/\/begamer.cz\/produkt\/one-piece-pirate-warriors-3-sk\/"},"modified":"2026-03-18T07:38:26","modified_gmt":"2026-03-18T06:38:26","slug":"one-piece-pirate-warriors-3-sk","status":"publish","type":"product","link":"https:\/\/begamer.cz\/sk\/produkt\/one-piece-pirate-warriors-3-sk\/","title":{"rendered":"One Piece: Pirate Warriors 3"},"content":{"rendered":"<h1>O hre<\/h1>\n<p><strong>DOBRODRU\u017dSTV\u00c1 LUFFYHO A JEHO POS\u00c1DKY SO SLAMEN\u00ddMI KLOB\u00daKMI PRICH\u00c1DZAJ\u00da NA PC!<\/strong><\/p>\n<p>Vychutnajte si origin\u00e1lny pr\u00edbeh ONE PIECE od dediny Fuschia, kde v\u0161etko za\u010dalo, a\u017e po kr\u00e1\u013eovstvo Dressrosa, tajomn\u00fd ostrov ovl\u00e1dan\u00fd zl\u00fdm Donquixote Doflamingom.<\/p>\n<p>Bude va\u0161e odhodlanie dostato\u010dne siln\u00e9 na to, aby ste porazili najnebezpe\u010dnej\u0161\u00edch pir\u00e1tov, vr\u00e1tane Doflaminga a mnoh\u00fdch \u010fal\u0161\u00edch?<br \/>Zozbierajte v\u0161etk\u00fdch \u010dlenov pos\u00e1dky Slamen\u00e9ho klob\u00faka, ako v origin\u00e1lnom pr\u00edbehu, vypl\u00e1vajte na najzn\u00e1mej\u0161ie miesta a zapojte sa do najepickej\u0161\u00edch bitiek: Marineford, Fish-Man Island, Punk Hazard a Dressrosa!<\/p>\n<p>One Piece Pirate Warriors 3 v\u00e1m prin\u00e1\u0161a mnoho vzru\u0161uj\u00facich vylep\u0161en\u00ed a nov\u00fdch funkci\u00ed, vr\u00e1tane:<\/p>\n<ul class=\"bb_ul\">\n<li>Grafika a anim\u00e1cie v vy\u0161\u0161ej kvalite: vesm\u00edr One Piece nikdy nebol zobrazen\u00fd tak verne<\/li>\n<li>Po\u010det popul\u00e1rnych post\u00e1v, ktor\u00e9 pretk\u00e1vaj\u00fa pr\u00edbehy, sa v\u00fdrazne zv\u00fd\u0161il: Sabo, Doflamingo, Fujitora a mnoho \u010fal\u0161\u00edch!<\/li>\n<li>Vylep\u0161en\u00e1 hrate\u013enos\u0165 a neuverite\u013en\u00e9 nov\u00e9 kooperat\u00edvne akcie (bez online kooper\u00e1cie)<\/li>\n<li>Viac akcie ako kedyko\u013evek predt\u00fdm v najnov\u0161om diele s\u00e9rie PIRATE WARRIORS, vytvorenej spolo\u010dnos\u0165ami KOEI TECMO GAMES a BANDAI NAMCO Entertainment.<\/li>\n<\/ul>\n<p>Inform\u00e1cie pre pou\u017e\u00edvate\u013eov t\u00fdkaj\u00face sa kompatibility s procesormi:<br \/>Upozor\u0148ujeme, \u017ee pri spusten\u00ed hry na high-end procesoroch s technol\u00f3giou hyper-threading m\u00f4\u017eu nasta\u0165 probl\u00e9my s kompatibilitou.<br \/>Odpor\u00fa\u010dame pred spusten\u00edm hry vypn\u00fa\u0165 technol\u00f3giu hyper-threading.<\/p>\n","protected":false},"excerpt":{"rendered":"<p>Vychutnajte si origin\u00e1lny pr\u00edbeh ONE PIECE od dediny Fuschia a\u017e po tajomn\u00e9 kr\u00e1\u013eovstvo Dressrosa. Bude va\u0161e odhodlanie dostato\u010dne siln\u00e9 na to, aby ste porazili najnebezpe\u010dnej\u0161\u00edch pir\u00e1tov, vr\u00e1tane Doflaminga a mnoh\u00fdch \u010fal\u0161\u00edch?<\/p>\n","protected":false},"featured_media":24517,"comment_status":"open","ping_status":"closed","template":"","meta":{"_acf_changed":false},"product_brand":[],"product_cat":[270,272,268,266,312],"product_tag":[],"class_list":{"0":"post-97829","1":"product","2":"type-product","3":"status-publish","4":"has-post-thumbnail","6":"product_cat-adventury-pc-hry-sk","7":"product_cat-akcni-pc-sk","8":"product_cat-pc-sk","9":"product_cat-pc-hry-sk","10":"product_cat-steam-pc-sk","11":"pa_audio-ja-jp","13":"pa_developer-koei-tecmo-games","15":"pa_franchises-one-piece","17":"pa_game_type-main_game","19":"pa_genres-adventure","20":"pa_genres-hack-and-slash-beat-em-up","22":"pa_interface-de-de","23":"pa_interface-en-us","24":"pa_interface-es-es","25":"pa_interface-fr-fr","26":"pa_interface-it-it","28":"pa_interface-zh-tw","29":"pa_modes-co-operative","30":"pa_modes-multiplayer","31":"pa_modes-single-player","32":"pa_modes-split-screen","34":"pa_pegi-927","35":"pa_pegi-13428","36":"pa_platform-pc-steam","38":"pa_player_perspectives-third-person","40":"pa_publisher-bandai-namco-entertainment","41":"pa_publisher-bandai-namco-entertainment-america","43":"pa_rating-1753","44":"pa_rating-14548","45":"pa_region-europe","47":"pa_subtitles-de-de","49":"pa_subtitles-en-us","50":"pa_subtitles-es-es","51":"pa_subtitles-fr-fr","52":"pa_subtitles-it-it","53":"pa_subtitles-zh-tw","54":"pa_themes-action","57":"first","58":"instock","59":"virtual","60":"taxable","61":"purchasable","62":"product-type-simple"},"yoast_head":"<!-- This site is optimized with the Yoast SEO plugin v27.4 - https:\/\/yoast.com\/product\/yoast-seo-wordpress\/ -->\n<title>One Piece: Pirate Warriors 3 | BeGamer.cz<\/title>\n<meta name=\"robots\" content=\"index, follow, max-snippet:-1, max-image-preview:large, max-video-preview:-1\" \/>\n<link rel=\"canonical\" href=\"https:\/\/begamer.cz\/sk\/produkt\/one-piece-pirate-warriors-3-sk\/\" \/>\n<meta property=\"og:locale\" content=\"sk_SK\" \/>\n<meta property=\"og:type\" content=\"article\" \/>\n<meta property=\"og:title\" content=\"One Piece: Pirate Warriors 3 | BeGamer.cz\" \/>\n<meta property=\"og:description\" content=\"Vychutnajte si origin\u00e1lny pr\u00edbeh ONE PIECE od dediny Fuschia a\u017e po tajomn\u00e9 kr\u00e1\u013eovstvo Dressrosa. Bude va\u0161e odhodlanie dostato\u010dne siln\u00e9 na to, aby ste porazili najnebezpe\u010dnej\u0161\u00edch pir\u00e1tov, vr\u00e1tane Doflaminga a mnoh\u00fdch \u010fal\u0161\u00edch?\" \/>\n<meta property=\"og:url\" content=\"https:\/\/begamer.cz\/sk\/produkt\/one-piece-pirate-warriors-3-sk\/\" \/>\n<meta property=\"og:site_name\" content=\"BeGamer.cz\" \/>\n<meta property=\"article:modified_time\" content=\"2026-03-18T06:38:26+00:00\" \/>\n<meta property=\"og:image\" content=\"https:\/\/begamer.cz\/wp-content\/uploads\/2026\/01\/one-piece-pirate-warriors-3-5.webp\" \/>\n\t<meta property=\"og:image:width\" content=\"300\" \/>\n\t<meta property=\"og:image:height\" content=\"400\" \/>\n\t<meta property=\"og:image:type\" content=\"image\/webp\" \/>\n<meta name=\"twitter:card\" content=\"summary_large_image\" \/>\n<meta name=\"twitter:label1\" content=\"Predpokladan\u00fd \u010das \u010d\u00edtania\" \/>\n\t<meta name=\"twitter:data1\" content=\"1 min\u00fata\" \/>\n<script type=\"application\/ld+json\" class=\"yoast-schema-graph\">{\"@context\":\"https:\\\/\\\/schema.org\",\"@graph\":[{\"@type\":\"WebPage\",\"@id\":\"https:\\\/\\\/begamer.cz\\\/sk\\\/produkt\\\/one-piece-pirate-warriors-3-sk\\\/\",\"url\":\"https:\\\/\\\/begamer.cz\\\/sk\\\/produkt\\\/one-piece-pirate-warriors-3-sk\\\/\",\"name\":\"One Piece: Pirate Warriors 3 | BeGamer.cz\",\"isPartOf\":{\"@id\":\"https:\\\/\\\/begamer.cz\\\/sk\\\/#website\"},\"primaryImageOfPage\":{\"@id\":\"https:\\\/\\\/begamer.cz\\\/sk\\\/produkt\\\/one-piece-pirate-warriors-3-sk\\\/#primaryimage\"},\"image\":{\"@id\":\"https:\\\/\\\/begamer.cz\\\/sk\\\/produkt\\\/one-piece-pirate-warriors-3-sk\\\/#primaryimage\"},\"thumbnailUrl\":\"https:\\\/\\\/begamer.cz\\\/wp-content\\\/uploads\\\/2026\\\/01\\\/one-piece-pirate-warriors-3-5.webp\",\"datePublished\":\"2026-01-30T16:05:26+00:00\",\"dateModified\":\"2026-03-18T06:38:26+00:00\",\"breadcrumb\":{\"@id\":\"https:\\\/\\\/begamer.cz\\\/sk\\\/produkt\\\/one-piece-pirate-warriors-3-sk\\\/#breadcrumb\"},\"inLanguage\":\"sk-SK\",\"potentialAction\":[{\"@type\":\"ReadAction\",\"target\":[\"https:\\\/\\\/begamer.cz\\\/sk\\\/produkt\\\/one-piece-pirate-warriors-3-sk\\\/\"]}]},{\"@type\":\"ImageObject\",\"inLanguage\":\"sk-SK\",\"@id\":\"https:\\\/\\\/begamer.cz\\\/sk\\\/produkt\\\/one-piece-pirate-warriors-3-sk\\\/#primaryimage\",\"url\":\"https:\\\/\\\/begamer.cz\\\/wp-content\\\/uploads\\\/2026\\\/01\\\/one-piece-pirate-warriors-3-5.webp\",\"contentUrl\":\"https:\\\/\\\/begamer.cz\\\/wp-content\\\/uploads\\\/2026\\\/01\\\/one-piece-pirate-warriors-3-5.webp\",\"width\":300,\"height\":400},{\"@type\":\"BreadcrumbList\",\"@id\":\"https:\\\/\\\/begamer.cz\\\/sk\\\/produkt\\\/one-piece-pirate-warriors-3-sk\\\/#breadcrumb\",\"itemListElement\":[{\"@type\":\"ListItem\",\"position\":1,\"name\":\"Domov\",\"item\":\"https:\\\/\\\/begamer.cz\\\/sk\\\/\"},{\"@type\":\"ListItem\",\"position\":2,\"name\":\"Obchod\",\"item\":\"https:\\\/\\\/begamer.cz\\\/obchod\\\/\"},{\"@type\":\"ListItem\",\"position\":3,\"name\":\"One Piece: Pirate Warriors 3\"}]},{\"@type\":\"WebSite\",\"@id\":\"https:\\\/\\\/begamer.cz\\\/sk\\\/#website\",\"url\":\"https:\\\/\\\/begamer.cz\\\/sk\\\/\",\"name\":\"BeGamer.cz\",\"description\":\"\",\"publisher\":{\"@id\":\"https:\\\/\\\/begamer.cz\\\/sk\\\/#organization\"},\"potentialAction\":[{\"@type\":\"SearchAction\",\"target\":{\"@type\":\"EntryPoint\",\"urlTemplate\":\"https:\\\/\\\/begamer.cz\\\/sk\\\/?s={search_term_string}\"},\"query-input\":{\"@type\":\"PropertyValueSpecification\",\"valueRequired\":true,\"valueName\":\"search_term_string\"}}],\"inLanguage\":\"sk-SK\"},{\"@type\":\"Organization\",\"@id\":\"https:\\\/\\\/begamer.cz\\\/sk\\\/#organization\",\"name\":\"BeGamer.cz\",\"url\":\"https:\\\/\\\/begamer.cz\\\/sk\\\/\",\"logo\":{\"@type\":\"ImageObject\",\"inLanguage\":\"sk-SK\",\"@id\":\"https:\\\/\\\/begamer.cz\\\/sk\\\/#\\\/schema\\\/logo\\\/image\\\/\",\"url\":\"https:\\\/\\\/begamer.cz\\\/wp-content\\\/uploads\\\/2025\\\/07\\\/logo.svg\",\"contentUrl\":\"https:\\\/\\\/begamer.cz\\\/wp-content\\\/uploads\\\/2025\\\/07\\\/logo.svg\",\"caption\":\"BeGamer.cz\"},\"image\":{\"@id\":\"https:\\\/\\\/begamer.cz\\\/sk\\\/#\\\/schema\\\/logo\\\/image\\\/\"}}]}<\/script>\n<!-- \/ Yoast SEO plugin. -->","yoast_head_json":{"title":"One Piece: Pirate Warriors 3 | BeGamer.cz","robots":{"index":"index","follow":"follow","max-snippet":"max-snippet:-1","max-image-preview":"max-image-preview:large","max-video-preview":"max-video-preview:-1"},"canonical":"https:\/\/begamer.cz\/sk\/produkt\/one-piece-pirate-warriors-3-sk\/","og_locale":"sk_SK","og_type":"article","og_title":"One Piece: Pirate Warriors 3 | BeGamer.cz","og_description":"Vychutnajte si origin\u00e1lny pr\u00edbeh ONE PIECE od dediny Fuschia a\u017e po tajomn\u00e9 kr\u00e1\u013eovstvo Dressrosa. Bude va\u0161e odhodlanie dostato\u010dne siln\u00e9 na to, aby ste porazili najnebezpe\u010dnej\u0161\u00edch pir\u00e1tov, vr\u00e1tane Doflaminga a mnoh\u00fdch \u010fal\u0161\u00edch?","og_url":"https:\/\/begamer.cz\/sk\/produkt\/one-piece-pirate-warriors-3-sk\/","og_site_name":"BeGamer.cz","article_modified_time":"2026-03-18T06:38:26+00:00","og_image":[{"width":300,"height":400,"url":"https:\/\/begamer.cz\/wp-content\/uploads\/2026\/01\/one-piece-pirate-warriors-3-5.webp","type":"image\/webp"}],"twitter_card":"summary_large_image","twitter_misc":{"Predpokladan\u00fd \u010das \u010d\u00edtania":"1 min\u00fata"},"schema":{"@context":"https:\/\/schema.org","@graph":[{"@type":"WebPage","@id":"https:\/\/begamer.cz\/sk\/produkt\/one-piece-pirate-warriors-3-sk\/","url":"https:\/\/begamer.cz\/sk\/produkt\/one-piece-pirate-warriors-3-sk\/","name":"One Piece: Pirate Warriors 3 | BeGamer.cz","isPartOf":{"@id":"https:\/\/begamer.cz\/sk\/#website"},"primaryImageOfPage":{"@id":"https:\/\/begamer.cz\/sk\/produkt\/one-piece-pirate-warriors-3-sk\/#primaryimage"},"image":{"@id":"https:\/\/begamer.cz\/sk\/produkt\/one-piece-pirate-warriors-3-sk\/#primaryimage"},"thumbnailUrl":"https:\/\/begamer.cz\/wp-content\/uploads\/2026\/01\/one-piece-pirate-warriors-3-5.webp","datePublished":"2026-01-30T16:05:26+00:00","dateModified":"2026-03-18T06:38:26+00:00","breadcrumb":{"@id":"https:\/\/begamer.cz\/sk\/produkt\/one-piece-pirate-warriors-3-sk\/#breadcrumb"},"inLanguage":"sk-SK","potentialAction":[{"@type":"ReadAction","target":["https:\/\/begamer.cz\/sk\/produkt\/one-piece-pirate-warriors-3-sk\/"]}]},{"@type":"ImageObject","inLanguage":"sk-SK","@id":"https:\/\/begamer.cz\/sk\/produkt\/one-piece-pirate-warriors-3-sk\/#primaryimage","url":"https:\/\/begamer.cz\/wp-content\/uploads\/2026\/01\/one-piece-pirate-warriors-3-5.webp","contentUrl":"https:\/\/begamer.cz\/wp-content\/uploads\/2026\/01\/one-piece-pirate-warriors-3-5.webp","width":300,"height":400},{"@type":"BreadcrumbList","@id":"https:\/\/begamer.cz\/sk\/produkt\/one-piece-pirate-warriors-3-sk\/#breadcrumb","itemListElement":[{"@type":"ListItem","position":1,"name":"Domov","item":"https:\/\/begamer.cz\/sk\/"},{"@type":"ListItem","position":2,"name":"Obchod","item":"https:\/\/begamer.cz\/obchod\/"},{"@type":"ListItem","position":3,"name":"One Piece: Pirate Warriors 3"}]},{"@type":"WebSite","@id":"https:\/\/begamer.cz\/sk\/#website","url":"https:\/\/begamer.cz\/sk\/","name":"BeGamer.cz","description":"","publisher":{"@id":"https:\/\/begamer.cz\/sk\/#organization"},"potentialAction":[{"@type":"SearchAction","target":{"@type":"EntryPoint","urlTemplate":"https:\/\/begamer.cz\/sk\/?s={search_term_string}"},"query-input":{"@type":"PropertyValueSpecification","valueRequired":true,"valueName":"search_term_string"}}],"inLanguage":"sk-SK"},{"@type":"Organization","@id":"https:\/\/begamer.cz\/sk\/#organization","name":"BeGamer.cz","url":"https:\/\/begamer.cz\/sk\/","logo":{"@type":"ImageObject","inLanguage":"sk-SK","@id":"https:\/\/begamer.cz\/sk\/#\/schema\/logo\/image\/","url":"https:\/\/begamer.cz\/wp-content\/uploads\/2025\/07\/logo.svg","contentUrl":"https:\/\/begamer.cz\/wp-content\/uploads\/2025\/07\/logo.svg","caption":"BeGamer.cz"},"image":{"@id":"https:\/\/begamer.cz\/sk\/#\/schema\/logo\/image\/"}}]}},"acf":[],"_links":{"self":[{"href":"https:\/\/begamer.cz\/sk\/wp-json\/wp\/v2\/product\/97829","targetHints":{"allow":["GET"]}}],"collection":[{"href":"https:\/\/begamer.cz\/sk\/wp-json\/wp\/v2\/product"}],"about":[{"href":"https:\/\/begamer.cz\/sk\/wp-json\/wp\/v2\/types\/product"}],"replies":[{"embeddable":true,"href":"https:\/\/begamer.cz\/sk\/wp-json\/wp\/v2\/comments?post=97829"}],"wp:featuredmedia":[{"embeddable":true,"href":"https:\/\/begamer.cz\/sk\/wp-json\/wp\/v2\/media\/24517"}],"wp:attachment":[{"href":"https:\/\/begamer.cz\/sk\/wp-json\/wp\/v2\/media?parent=97829"}],"wp:term":[{"taxonomy":"product_brand","embeddable":true,"href":"https:\/\/begamer.cz\/sk\/wp-json\/wp\/v2\/product_brand?post=97829"},{"taxonomy":"product_cat","embeddable":true,"href":"https:\/\/begamer.cz\/sk\/wp-json\/wp\/v2\/product_cat?post=97829"},{"taxonomy":"product_tag","embeddable":true,"href":"https:\/\/begamer.cz\/sk\/wp-json\/wp\/v2\/product_tag?post=97829"}],"curies":[{"name":"wp","href":"https:\/\/api.w.org\/{rel}","templated":true}]}}