{"id":97733,"date":"2026-01-30T17:03:27","date_gmt":"2026-01-30T16:03:27","guid":{"rendered":"https:\/\/begamer.cz\/produkt\/autobahn-police-simulator-3-sk\/"},"modified":"2026-03-18T07:30:57","modified_gmt":"2026-03-18T06:30:57","slug":"autobahn-police-simulator-3-sk","status":"publish","type":"product","link":"https:\/\/begamer.cz\/sk\/produkt\/autobahn-police-simulator-3-sk\/","title":{"rendered":"Autobahn Police Simulator 3"},"content":{"rendered":"<p><span class=\"bb_img_ctn\"><img decoding=\"async\" class=\"bb_img\" src=\"https:\/\/shared.akamai.steamstatic.com\/store_item_assets\/steam\/apps\/1065520\/extras\/afb8c41a60541de3da4b25f0eeb064f0.avif?t=1757597770\" width=600 height=312 \/><\/span><\/p>\n<p>Ste za\u010d\u00ednaj\u00faci policajt a je to v\u00e1\u0161 prv\u00fd de\u0148 sp\u00e4\u0165 na stanici po dopravnej nehode, pri ktorej ste sa z\u00fa\u010dastnili neleg\u00e1lnych pretekov a boli ste dlh\u0161\u00ed \u010das mimo slu\u017eby.<br \/>Teraz ste v\u0161ak sp\u00e4\u0165 v uniforme a pripraven\u00fd na slu\u017ebu, tak\u017ee nie je \u010das na zdr\u017eiavanie sa za stolom. Vy a v\u00e1\u0161 partner sa posad\u00edte za volant policajn\u00e9ho auta, aby ste si osvojili z\u00e1klady policajnej pr\u00e1ce, a t\u00fa\u017eite dok\u00e1za\u0165 svoju hodnotu policajnej stanici a svojmu sk\u00fasen\u00e9mu partnerovi.<\/p>\n<p><span class=\"bb_img_ctn\"><img decoding=\"async\" class=\"bb_img\" src=\"https:\/\/shared.akamai.steamstatic.com\/store_item_assets\/steam\/apps\/1065520\/extras\/58d4032d2c4d3de39123e325dcea2210.avif?t=1757597770\" width=600 height=120 \/><\/span><\/p>\n<p>Postupujte v hodnostiach a odomknete si e\u0161te n\u00e1ro\u010dnej\u0161ie misie, nov\u00e9 zru\u010dnosti, ktor\u00e9 podporia v\u00e1\u0161 rast ako dobr\u00e9ho policajta, ako aj nov\u00e9 vybavenie a vozidl\u00e1, ako napr\u00edklad civiln\u00e9 auto pre utajen\u00e9 misie.<\/p>\n<ul class=\"bb_ul\">\n<li> Pon\u00faka r\u00f4zne typy policajn\u00fdch \u00e1ut pre r\u00f4zne oper\u00e1cie<\/li>\n<li> R\u00f4zne typy misi\u00ed pon\u00fakaj\u00face rozmanitej\u0161ie hern\u00e9 z\u00e1\u017eitky<\/li>\n<li> Vo\u013ene presk\u00famate\u013en\u00e1 mapa vr\u00e1tane v\u00e4\u010d\u0161\u00edch a men\u0161\u00edch mestsk\u00fdch panor\u00e1m, priemyseln\u00fdch are\u00e1lov, dia\u013enic, ako aj vidieckych ciest<\/li>\n<li> Vylep\u0161en\u00fd syst\u00e9m postupu a technologick\u00fd strom<\/li>\n<li> Dynamick\u00fd dopravn\u00fd syst\u00e9m<\/li>\n<li> Autentick\u00fd z\u00e1\u017eitok z jazdy po nemeck\u00fdch dia\u013eniciach<\/li>\n<\/ul>\n<p><span class=\"bb_img_ctn\"><img decoding=\"async\" class=\"bb_img\" src=\"https:\/\/shared.akamai.steamstatic.com\/store_item_assets\/steam\/apps\/1065520\/extras\/8f8096c5c9d7eb1f5087544e9db2e207.avif?t=1757597770\" width=600 height=120 \/><\/span><\/p>\n<p>Z\u00fa\u010dastnite sa r\u00f4znych oper\u00e1ci\u00ed a jedine\u010dn\u00fdch misi\u00ed s cie\u013eom zabezpe\u010di\u0165 bezpe\u010dnos\u0165 na uliciach.<\/p>\n<ul class=\"bb_ul\">\n<li> Nehody<\/li>\n<li> Dopravn\u00e9 kontroly<\/li>\n<li> Prenasledovanie \u00e1ut<\/li>\n<li> \u010cistenie ul\u00edc<\/li>\n<li> Policajn\u00e1 blok\u00e1da<\/li>\n<\/ul>\n<p><span class=\"bb_img_ctn\"><img decoding=\"async\" class=\"bb_img\" src=\"https:\/\/shared.akamai.steamstatic.com\/store_item_assets\/steam\/apps\/1065520\/extras\/9a3dc7ef856455ac7966e36f45cbb4e3.avif?t=1757597770\" width=600 height=120 \/><\/span><\/p>\n<p>\u010ci u\u017e hliadkujete na dia\u013enici alebo obdivujete pamiatky miest, priemyseln\u00fdch are\u00e1lov, h\u00f4r a mora, v\u017edy je potrebn\u00fd policajt.<\/p>\n<p>Autobahn Police Simulator 3 obsahuje r\u00f4znorod\u00e9 funkcie otvoren\u00e9ho sveta a miesta, ktor\u00e9 m\u00f4\u017eete presk\u00fama\u0165, a pon\u00faka dlhodob\u00fd pestr\u00fd hern\u00fd z\u00e1\u017eitok, ktor\u00fd presahuje r\u00e1mec oby\u010dajnej simul\u00e1cie.<\/p>\n<p>Ste pripraven\u00ed na t\u00fato \u00falohu a zodpovednos\u0165?<br \/>Zabezpe\u010dte bezpe\u010dnos\u0165 dia\u013enic a sta\u0148te sa schopn\u00fdm policajtom.<\/p>\n<p><span class=\"bb_img_ctn\"><img decoding=\"async\" class=\"bb_img\" src=\"https:\/\/shared.akamai.steamstatic.com\/store_item_assets\/steam\/apps\/1065520\/extras\/65c1a2587222700b4337ecd9412e94f9.avif?t=1757597770\" width=600 height=186 \/><\/span><\/p>\n","protected":false},"excerpt":{"rendered":"<p>Autobahn Police Simulator 3 v\u00e1m umo\u017e\u0148uje hra\u0165 za nov\u00e1\u010dika, ktor\u00fd sa pr\u00e1ve vr\u00e1til do slu\u017eby po v\u00e1\u017enej dopravnej nehode, ktor\u00e1 ho na ist\u00fd \u010das vyradila z prev\u00e1dzky. Pracujte usilovne a pl\u0148te misie, aby ste sa stali schopn\u00fdm policajtom a zabezpe\u010dili bezpe\u010dnos\u0165 na dia\u013enici.<\/p>\n","protected":false},"featured_media":68995,"comment_status":"open","ping_status":"closed","template":"","meta":{"_acf_changed":false},"product_brand":[],"product_cat":[268,266,314,312,324],"product_tag":[],"class_list":{"0":"post-97733","1":"product","2":"type-product","3":"status-publish","4":"has-post-thumbnail","6":"product_cat-pc-sk","7":"product_cat-pc-hry-sk","8":"product_cat-simulatory-pc-hry-sk","9":"product_cat-steam-pc-sk","10":"product_cat-zavodne-pc-hry","11":"pa_audio-de-de","12":"pa_audio-en-gb","14":"pa_audio-en-us","16":"pa_countries-ad","17":"pa_countries-ae","18":"pa_countries-af","19":"pa_countries-ag","20":"pa_countries-ai","21":"pa_countries-al","22":"pa_countries-am","23":"pa_countries-ao","24":"pa_countries-aq","25":"pa_countries-ar","26":"pa_countries-as","27":"pa_countries-at","28":"pa_countries-au","29":"pa_countries-aw","30":"pa_countries-ax","31":"pa_countries-az","32":"pa_countries-ba","33":"pa_countries-bb","34":"pa_countries-bd","35":"pa_countries-be","36":"pa_countries-bf","37":"pa_countries-bg","38":"pa_countries-bh","39":"pa_countries-bi","40":"pa_countries-bj","41":"pa_countries-bl","42":"pa_countries-bm","43":"pa_countries-bn","44":"pa_countries-bo","45":"pa_countries-bq","46":"pa_countries-br","47":"pa_countries-bs","48":"pa_countries-bt","49":"pa_countries-bv","50":"pa_countries-bw","51":"pa_countries-bz","52":"pa_countries-ca","53":"pa_countries-cc","54":"pa_countries-cd","55":"pa_countries-cf","56":"pa_countries-cg","57":"pa_countries-ch","58":"pa_countries-ci","59":"pa_countries-ck","60":"pa_countries-cl","61":"pa_countries-cm","62":"pa_countries-cn","63":"pa_countries-co","64":"pa_countries-cr","65":"pa_countries-cu","66":"pa_countries-cv","67":"pa_countries-cw","68":"pa_countries-cx","69":"pa_countries-cy","70":"pa_countries-cz","71":"pa_countries-de","72":"pa_countries-dj","73":"pa_countries-dk","74":"pa_countries-dm","75":"pa_countries-do","76":"pa_countries-dz","77":"pa_countries-ec","78":"pa_countries-ee","79":"pa_countries-eg","80":"pa_countries-eh","81":"pa_countries-er","82":"pa_countries-es","83":"pa_countries-et","84":"pa_countries-fi","85":"pa_countries-fj","86":"pa_countries-fk","87":"pa_countries-fm","88":"pa_countries-fo","89":"pa_countries-fr","90":"pa_countries-ga","91":"pa_countries-gb","92":"pa_countries-gd","93":"pa_countries-ge","94":"pa_countries-gf","95":"pa_countries-gg","96":"pa_countries-gh","97":"pa_countries-gi","98":"pa_countries-gl","99":"pa_countries-gm","100":"pa_countries-gn","101":"pa_countries-gp","102":"pa_countries-gq","103":"pa_countries-gr","104":"pa_countries-gs","105":"pa_countries-gt","106":"pa_countries-gu","107":"pa_countries-gw","108":"pa_countries-gy","109":"pa_countries-hk","110":"pa_countries-hm","111":"pa_countries-hn","112":"pa_countries-hr","113":"pa_countries-ht","114":"pa_countries-hu","115":"pa_countries-id","116":"pa_countries-ie","117":"pa_countries-il","118":"pa_countries-im","119":"pa_countries-in","120":"pa_countries-io","121":"pa_countries-iq","122":"pa_countries-ir","123":"pa_countries-is","124":"pa_countries-it","125":"pa_countries-je","126":"pa_countries-jm","127":"pa_countries-jo","128":"pa_countries-jp","129":"pa_countries-ke","130":"pa_countries-kg","131":"pa_countries-kh","132":"pa_countries-ki","133":"pa_countries-km","134":"pa_countries-kn","135":"pa_countries-kp","136":"pa_countries-kr","137":"pa_countries-kw","138":"pa_countries-ky","139":"pa_countries-kz","140":"pa_countries-la","141":"pa_countries-lb","142":"pa_countries-lc","143":"pa_countries-li","144":"pa_countries-lk","145":"pa_countries-lr","146":"pa_countries-ls","147":"pa_countries-lt","148":"pa_countries-lu","149":"pa_countries-lv","150":"pa_countries-ly","151":"pa_countries-ma","152":"pa_countries-mc","153":"pa_countries-md","154":"pa_countries-me","155":"pa_countries-mf","156":"pa_countries-mg","157":"pa_countries-mh","158":"pa_countries-mk","159":"pa_countries-ml","160":"pa_countries-mm","161":"pa_countries-mn","162":"pa_countries-mo","163":"pa_countries-mp","164":"pa_countries-mq","165":"pa_countries-mr","166":"pa_countries-ms","167":"pa_countries-mt","168":"pa_countries-mu","169":"pa_countries-mv","170":"pa_countries-mw","171":"pa_countries-mx","172":"pa_countries-my","173":"pa_countries-mz","174":"pa_countries-na","175":"pa_countries-nc","176":"pa_countries-ne","177":"pa_countries-nf","178":"pa_countries-ng","179":"pa_countries-ni","180":"pa_countries-nl","181":"pa_countries-no","182":"pa_countries-np","183":"pa_countries-nr","184":"pa_countries-nu","185":"pa_countries-nz","186":"pa_countries-om","187":"pa_countries-pa","188":"pa_countries-pe","189":"pa_countries-pf","190":"pa_countries-pg","191":"pa_countries-ph","192":"pa_countries-pk","193":"pa_countries-pl","194":"pa_countries-pm","195":"pa_countries-pn","196":"pa_countries-pr","197":"pa_countries-ps","198":"pa_countries-pt","199":"pa_countries-pw","200":"pa_countries-py","201":"pa_countries-qa","202":"pa_countries-re","203":"pa_countries-ro","204":"pa_countries-rs","205":"pa_countries-rw","206":"pa_countries-sa","207":"pa_countries-sb","208":"pa_countries-sc","209":"pa_countries-sd","210":"pa_countries-se","211":"pa_countries-sg","212":"pa_countries-sh","213":"pa_countries-si","214":"pa_countries-sj","215":"pa_countries-sk","216":"pa_countries-sl","217":"pa_countries-sm","218":"pa_countries-sn","219":"pa_countries-so","220":"pa_countries-sr","221":"pa_countries-ss","223":"pa_countries-st","224":"pa_countries-sv","225":"pa_countries-sx","226":"pa_countries-sy","227":"pa_countries-sz","228":"pa_countries-tc","229":"pa_countries-td","230":"pa_countries-tf","231":"pa_countries-tg","232":"pa_countries-th","233":"pa_countries-tj","234":"pa_countries-tk","235":"pa_countries-tl","236":"pa_countries-tm","237":"pa_countries-tn","238":"pa_countries-to","239":"pa_countries-tr","240":"pa_countries-tt","241":"pa_countries-tv","242":"pa_countries-tw","243":"pa_countries-tz","244":"pa_countries-ua","245":"pa_countries-ug","246":"pa_countries-um","247":"pa_countries-us","248":"pa_countries-uy","249":"pa_countries-uz","250":"pa_countries-va","251":"pa_countries-vc","252":"pa_countries-ve","253":"pa_countries-vg","254":"pa_countries-vi","255":"pa_countries-vn","256":"pa_countries-vu","257":"pa_countries-wf","258":"pa_countries-ws","259":"pa_countries-xk","261":"pa_countries-ye","262":"pa_countries-yt","263":"pa_countries-za","264":"pa_countries-zm","265":"pa_countries-zw","266":"pa_engine-unity-2020","268":"pa_game_type-main_game","270":"pa_genres-racing","272":"pa_genres-simulator","274":"pa_interface-de-de","275":"pa_interface-en-gb","276":"pa_interface-en-us","277":"pa_interface-es-es","278":"pa_interface-es-mx","279":"pa_interface-fr-fr","280":"pa_interface-it-it","281":"pa_interface-pt-br","282":"pa_interface-pt-pt","284":"pa_interface-ru-ru","286":"pa_interface-tr-tr","287":"pa_interface-zh-cn","288":"pa_keywords-casual","290":"pa_keywords-modern","291":"pa_keywords-realism","293":"pa_modes-single-player","295":"pa_pegi-13428","296":"pa_pegi-927","297":"pa_platform-pc-steam","299":"pa_player_perspectives-third-person","301":"pa_publisher-aerosoft-gmbh","303":"pa_rating-14441","304":"pa_rating-773","305":"pa_region-global","307":"pa_subtitles-de-de","309":"pa_subtitles-en-gb","310":"pa_subtitles-en-us","311":"pa_subtitles-es-es","312":"pa_subtitles-es-mx","313":"pa_subtitles-fr-fr","314":"pa_subtitles-it-it","315":"pa_subtitles-pt-br","316":"pa_subtitles-pt-pt","318":"pa_subtitles-ru-ru","319":"pa_subtitles-tr-tr","320":"pa_subtitles-zh-cn","321":"pa_themes-action","322":"pa_themes-open-world","324":"pa_themes-sandbox","327":"first","328":"instock","329":"virtual","330":"taxable","331":"purchasable","332":"product-type-simple"},"yoast_head":"<!-- This site is optimized with the Yoast SEO plugin v27.3 - https:\/\/yoast.com\/product\/yoast-seo-wordpress\/ -->\n<title>Autobahn Police Simulator 3 | BeGamer.cz<\/title>\n<meta name=\"robots\" content=\"index, follow, max-snippet:-1, max-image-preview:large, max-video-preview:-1\" \/>\n<link rel=\"canonical\" href=\"https:\/\/begamer.cz\/sk\/produkt\/autobahn-police-simulator-3-sk\/\" \/>\n<meta property=\"og:locale\" content=\"sk_SK\" \/>\n<meta property=\"og:type\" content=\"article\" \/>\n<meta property=\"og:title\" content=\"Autobahn Police Simulator 3 | BeGamer.cz\" \/>\n<meta property=\"og:description\" content=\"Autobahn Police Simulator 3 v\u00e1m umo\u017e\u0148uje hra\u0165 za nov\u00e1\u010dika, ktor\u00fd sa pr\u00e1ve vr\u00e1til do slu\u017eby po v\u00e1\u017enej dopravnej nehode, ktor\u00e1 ho na ist\u00fd \u010das vyradila z prev\u00e1dzky. Pracujte usilovne a pl\u0148te misie, aby ste sa stali schopn\u00fdm policajtom a zabezpe\u010dili bezpe\u010dnos\u0165 na dia\u013enici.\" \/>\n<meta property=\"og:url\" content=\"https:\/\/begamer.cz\/sk\/produkt\/autobahn-police-simulator-3-sk\/\" \/>\n<meta property=\"og:site_name\" content=\"BeGamer.cz\" \/>\n<meta property=\"article:modified_time\" content=\"2026-03-18T06:30:57+00:00\" \/>\n<meta property=\"og:image\" content=\"https:\/\/begamer.cz\/wp-content\/uploads\/2026\/01\/autobahn-police-simulator-3-7.webp\" \/>\n\t<meta property=\"og:image:width\" content=\"300\" \/>\n\t<meta property=\"og:image:height\" content=\"400\" \/>\n\t<meta property=\"og:image:type\" content=\"image\/webp\" \/>\n<meta name=\"twitter:card\" content=\"summary_large_image\" \/>\n<meta name=\"twitter:label1\" content=\"Predpokladan\u00fd \u010das \u010d\u00edtania\" \/>\n\t<meta name=\"twitter:data1\" content=\"2 min\u00faty\" \/>\n<script type=\"application\/ld+json\" class=\"yoast-schema-graph\">{\"@context\":\"https:\\\/\\\/schema.org\",\"@graph\":[{\"@type\":\"WebPage\",\"@id\":\"https:\\\/\\\/begamer.cz\\\/sk\\\/produkt\\\/autobahn-police-simulator-3-sk\\\/\",\"url\":\"https:\\\/\\\/begamer.cz\\\/sk\\\/produkt\\\/autobahn-police-simulator-3-sk\\\/\",\"name\":\"Autobahn Police Simulator 3 | BeGamer.cz\",\"isPartOf\":{\"@id\":\"https:\\\/\\\/begamer.cz\\\/sk\\\/#website\"},\"primaryImageOfPage\":{\"@id\":\"https:\\\/\\\/begamer.cz\\\/sk\\\/produkt\\\/autobahn-police-simulator-3-sk\\\/#primaryimage\"},\"image\":{\"@id\":\"https:\\\/\\\/begamer.cz\\\/sk\\\/produkt\\\/autobahn-police-simulator-3-sk\\\/#primaryimage\"},\"thumbnailUrl\":\"https:\\\/\\\/begamer.cz\\\/wp-content\\\/uploads\\\/2026\\\/01\\\/autobahn-police-simulator-3-7.webp\",\"datePublished\":\"2026-01-30T16:03:27+00:00\",\"dateModified\":\"2026-03-18T06:30:57+00:00\",\"breadcrumb\":{\"@id\":\"https:\\\/\\\/begamer.cz\\\/sk\\\/produkt\\\/autobahn-police-simulator-3-sk\\\/#breadcrumb\"},\"inLanguage\":\"sk-SK\",\"potentialAction\":[{\"@type\":\"ReadAction\",\"target\":[\"https:\\\/\\\/begamer.cz\\\/sk\\\/produkt\\\/autobahn-police-simulator-3-sk\\\/\"]}]},{\"@type\":\"ImageObject\",\"inLanguage\":\"sk-SK\",\"@id\":\"https:\\\/\\\/begamer.cz\\\/sk\\\/produkt\\\/autobahn-police-simulator-3-sk\\\/#primaryimage\",\"url\":\"https:\\\/\\\/begamer.cz\\\/wp-content\\\/uploads\\\/2026\\\/01\\\/autobahn-police-simulator-3-7.webp\",\"contentUrl\":\"https:\\\/\\\/begamer.cz\\\/wp-content\\\/uploads\\\/2026\\\/01\\\/autobahn-police-simulator-3-7.webp\",\"width\":300,\"height\":400},{\"@type\":\"BreadcrumbList\",\"@id\":\"https:\\\/\\\/begamer.cz\\\/sk\\\/produkt\\\/autobahn-police-simulator-3-sk\\\/#breadcrumb\",\"itemListElement\":[{\"@type\":\"ListItem\",\"position\":1,\"name\":\"Domov\",\"item\":\"https:\\\/\\\/begamer.cz\\\/sk\\\/\"},{\"@type\":\"ListItem\",\"position\":2,\"name\":\"Obchod\",\"item\":\"https:\\\/\\\/begamer.cz\\\/obchod\\\/\"},{\"@type\":\"ListItem\",\"position\":3,\"name\":\"Autobahn Police Simulator 3\"}]},{\"@type\":\"WebSite\",\"@id\":\"https:\\\/\\\/begamer.cz\\\/sk\\\/#website\",\"url\":\"https:\\\/\\\/begamer.cz\\\/sk\\\/\",\"name\":\"BeGamer.cz\",\"description\":\"\",\"publisher\":{\"@id\":\"https:\\\/\\\/begamer.cz\\\/sk\\\/#organization\"},\"potentialAction\":[{\"@type\":\"SearchAction\",\"target\":{\"@type\":\"EntryPoint\",\"urlTemplate\":\"https:\\\/\\\/begamer.cz\\\/sk\\\/?s={search_term_string}\"},\"query-input\":{\"@type\":\"PropertyValueSpecification\",\"valueRequired\":true,\"valueName\":\"search_term_string\"}}],\"inLanguage\":\"sk-SK\"},{\"@type\":\"Organization\",\"@id\":\"https:\\\/\\\/begamer.cz\\\/sk\\\/#organization\",\"name\":\"BeGamer.cz\",\"url\":\"https:\\\/\\\/begamer.cz\\\/sk\\\/\",\"logo\":{\"@type\":\"ImageObject\",\"inLanguage\":\"sk-SK\",\"@id\":\"https:\\\/\\\/begamer.cz\\\/sk\\\/#\\\/schema\\\/logo\\\/image\\\/\",\"url\":\"https:\\\/\\\/begamer.cz\\\/wp-content\\\/uploads\\\/2025\\\/07\\\/logo.svg\",\"contentUrl\":\"https:\\\/\\\/begamer.cz\\\/wp-content\\\/uploads\\\/2025\\\/07\\\/logo.svg\",\"caption\":\"BeGamer.cz\"},\"image\":{\"@id\":\"https:\\\/\\\/begamer.cz\\\/sk\\\/#\\\/schema\\\/logo\\\/image\\\/\"}}]}<\/script>\n<!-- \/ Yoast SEO plugin. -->","yoast_head_json":{"title":"Autobahn Police Simulator 3 | BeGamer.cz","robots":{"index":"index","follow":"follow","max-snippet":"max-snippet:-1","max-image-preview":"max-image-preview:large","max-video-preview":"max-video-preview:-1"},"canonical":"https:\/\/begamer.cz\/sk\/produkt\/autobahn-police-simulator-3-sk\/","og_locale":"sk_SK","og_type":"article","og_title":"Autobahn Police Simulator 3 | BeGamer.cz","og_description":"Autobahn Police Simulator 3 v\u00e1m umo\u017e\u0148uje hra\u0165 za nov\u00e1\u010dika, ktor\u00fd sa pr\u00e1ve vr\u00e1til do slu\u017eby po v\u00e1\u017enej dopravnej nehode, ktor\u00e1 ho na ist\u00fd \u010das vyradila z prev\u00e1dzky. Pracujte usilovne a pl\u0148te misie, aby ste sa stali schopn\u00fdm policajtom a zabezpe\u010dili bezpe\u010dnos\u0165 na dia\u013enici.","og_url":"https:\/\/begamer.cz\/sk\/produkt\/autobahn-police-simulator-3-sk\/","og_site_name":"BeGamer.cz","article_modified_time":"2026-03-18T06:30:57+00:00","og_image":[{"width":300,"height":400,"url":"https:\/\/begamer.cz\/wp-content\/uploads\/2026\/01\/autobahn-police-simulator-3-7.webp","type":"image\/webp"}],"twitter_card":"summary_large_image","twitter_misc":{"Predpokladan\u00fd \u010das \u010d\u00edtania":"2 min\u00faty"},"schema":{"@context":"https:\/\/schema.org","@graph":[{"@type":"WebPage","@id":"https:\/\/begamer.cz\/sk\/produkt\/autobahn-police-simulator-3-sk\/","url":"https:\/\/begamer.cz\/sk\/produkt\/autobahn-police-simulator-3-sk\/","name":"Autobahn Police Simulator 3 | BeGamer.cz","isPartOf":{"@id":"https:\/\/begamer.cz\/sk\/#website"},"primaryImageOfPage":{"@id":"https:\/\/begamer.cz\/sk\/produkt\/autobahn-police-simulator-3-sk\/#primaryimage"},"image":{"@id":"https:\/\/begamer.cz\/sk\/produkt\/autobahn-police-simulator-3-sk\/#primaryimage"},"thumbnailUrl":"https:\/\/begamer.cz\/wp-content\/uploads\/2026\/01\/autobahn-police-simulator-3-7.webp","datePublished":"2026-01-30T16:03:27+00:00","dateModified":"2026-03-18T06:30:57+00:00","breadcrumb":{"@id":"https:\/\/begamer.cz\/sk\/produkt\/autobahn-police-simulator-3-sk\/#breadcrumb"},"inLanguage":"sk-SK","potentialAction":[{"@type":"ReadAction","target":["https:\/\/begamer.cz\/sk\/produkt\/autobahn-police-simulator-3-sk\/"]}]},{"@type":"ImageObject","inLanguage":"sk-SK","@id":"https:\/\/begamer.cz\/sk\/produkt\/autobahn-police-simulator-3-sk\/#primaryimage","url":"https:\/\/begamer.cz\/wp-content\/uploads\/2026\/01\/autobahn-police-simulator-3-7.webp","contentUrl":"https:\/\/begamer.cz\/wp-content\/uploads\/2026\/01\/autobahn-police-simulator-3-7.webp","width":300,"height":400},{"@type":"BreadcrumbList","@id":"https:\/\/begamer.cz\/sk\/produkt\/autobahn-police-simulator-3-sk\/#breadcrumb","itemListElement":[{"@type":"ListItem","position":1,"name":"Domov","item":"https:\/\/begamer.cz\/sk\/"},{"@type":"ListItem","position":2,"name":"Obchod","item":"https:\/\/begamer.cz\/obchod\/"},{"@type":"ListItem","position":3,"name":"Autobahn Police Simulator 3"}]},{"@type":"WebSite","@id":"https:\/\/begamer.cz\/sk\/#website","url":"https:\/\/begamer.cz\/sk\/","name":"BeGamer.cz","description":"","publisher":{"@id":"https:\/\/begamer.cz\/sk\/#organization"},"potentialAction":[{"@type":"SearchAction","target":{"@type":"EntryPoint","urlTemplate":"https:\/\/begamer.cz\/sk\/?s={search_term_string}"},"query-input":{"@type":"PropertyValueSpecification","valueRequired":true,"valueName":"search_term_string"}}],"inLanguage":"sk-SK"},{"@type":"Organization","@id":"https:\/\/begamer.cz\/sk\/#organization","name":"BeGamer.cz","url":"https:\/\/begamer.cz\/sk\/","logo":{"@type":"ImageObject","inLanguage":"sk-SK","@id":"https:\/\/begamer.cz\/sk\/#\/schema\/logo\/image\/","url":"https:\/\/begamer.cz\/wp-content\/uploads\/2025\/07\/logo.svg","contentUrl":"https:\/\/begamer.cz\/wp-content\/uploads\/2025\/07\/logo.svg","caption":"BeGamer.cz"},"image":{"@id":"https:\/\/begamer.cz\/sk\/#\/schema\/logo\/image\/"}}]}},"acf":[],"_links":{"self":[{"href":"https:\/\/begamer.cz\/sk\/wp-json\/wp\/v2\/product\/97733","targetHints":{"allow":["GET"]}}],"collection":[{"href":"https:\/\/begamer.cz\/sk\/wp-json\/wp\/v2\/product"}],"about":[{"href":"https:\/\/begamer.cz\/sk\/wp-json\/wp\/v2\/types\/product"}],"replies":[{"embeddable":true,"href":"https:\/\/begamer.cz\/sk\/wp-json\/wp\/v2\/comments?post=97733"}],"wp:featuredmedia":[{"embeddable":true,"href":"https:\/\/begamer.cz\/sk\/wp-json\/wp\/v2\/media\/68995"}],"wp:attachment":[{"href":"https:\/\/begamer.cz\/sk\/wp-json\/wp\/v2\/media?parent=97733"}],"wp:term":[{"taxonomy":"product_brand","embeddable":true,"href":"https:\/\/begamer.cz\/sk\/wp-json\/wp\/v2\/product_brand?post=97733"},{"taxonomy":"product_cat","embeddable":true,"href":"https:\/\/begamer.cz\/sk\/wp-json\/wp\/v2\/product_cat?post=97733"},{"taxonomy":"product_tag","embeddable":true,"href":"https:\/\/begamer.cz\/sk\/wp-json\/wp\/v2\/product_tag?post=97733"}],"curies":[{"name":"wp","href":"https:\/\/api.w.org\/{rel}","templated":true}]}}