{"id":97700,"date":"2026-01-30T17:02:47","date_gmt":"2026-01-30T16:02:47","guid":{"rendered":"https:\/\/begamer.cz\/produkt\/cyberpunk-2077-ultimate-edition-sk\/"},"modified":"2026-03-18T07:25:52","modified_gmt":"2026-03-18T06:25:52","slug":"cyberpunk-2077-ultimate-edition-sk","status":"publish","type":"product","link":"https:\/\/begamer.cz\/sk\/produkt\/cyberpunk-2077-ultimate-edition-sk\/","title":{"rendered":"Cyberpunk 2077: Ultimate Edition"},"content":{"rendered":"<h1>Cyberpunk 2077: Ultimate Edition<\/h1>\n<\/p>\n<p><img loading=\"lazy\" decoding=\"async\" src=\"https:\/\/shared.akamai.steamstatic.com\/store_item_assets\/steam\/apps\/1091500\/extras\/2e005843527d8e0e58ab07f13576d2cc.avif?t=1756209867\" width=\"616\" height=\"670\"><\/p>\n<p><\/p>\n<h1>O hre<\/h1>\n<\/p>\n<p><img loading=\"lazy\" decoding=\"async\" src=\"https:\/\/shared.akamai.steamstatic.com\/store_item_assets\/steam\/apps\/1091500\/extras\/6963251d5cc60abd006fc078e9267355.avif?t=1756209867\" width=\"600\" height=\"225\"><\/p>\n<p>Cyberpunk 2077 je ak\u010dn\u00e1 advent\u00fara s otvoren\u00fdm svetom, ktor\u00e1 sa odohr\u00e1va v megapolise Night City, kde hr\u00e1te za cyberpunkov\u00e9ho \u017eold\u00e1ka zapleten\u00e9ho do boja o pre\u017eitie. Vylep\u0161en\u00e1 hra s \u00faplne nov\u00fdm bezplatn\u00fdm dodato\u010dn\u00fdm obsahom v\u00e1m umo\u017e\u0148uje prisp\u00f4sobi\u0165 si svoju postavu a \u0161t\u00fdl hry, pri\u010dom pln\u00edte \u00falohy, budujete si reput\u00e1ciu a odomyk\u00e1te vylep\u0161enia. Vz\u0165ahy, ktor\u00e9 nadvia\u017eete, a rozhodnutia, ktor\u00e9 urob\u00edte, ovplyvnia pr\u00edbeh a svet okolo v\u00e1s. Tu sa rodia legendy. Ak\u00e1 bude t\u00e1 va\u0161a?<\/p>\n<\/p>\n<p><img loading=\"lazy\" decoding=\"async\" src=\"https:\/\/shared.akamai.steamstatic.com\/store_item_assets\/steam\/apps\/1091500\/extras\/37fec62cc42fe5c0b62e18db71938541.avif?t=1756209867\" width=\"600\" height=\"225\"><\/p>\n<p>OBJAVUJTE NIGHT CITY AKO NIKDY PREDT\u00ddM S AKTUALIZ\u00c1CIOU 2.3!<\/p>\n<p>Vychutnajte si v\u00fdh\u013eady bez pou\u017eitia r\u00fak po\u010das cestovania v\u010faka AutoDrive\u2122 a taxi slu\u017ebe Delamain. Prijmite nov\u00e9 \u00falohy, aby ste z\u00edskali pr\u00e9miov\u00e9 jazdy, pou\u017eite roz\u0161\u00edren\u00e9 technol\u00f3gie CrystalCoat a TwinTone na lakovanie svojich vozidiel a vychutnajte si e\u0161te hlb\u0161ie \u00farovne ovl\u00e1dania a prisp\u00f4sobenia v re\u017eime Foto!<\/p>\n<\/p>\n<p><img loading=\"lazy\" decoding=\"async\" src=\"https:\/\/shared.akamai.steamstatic.com\/store_item_assets\/steam\/apps\/1091500\/extras\/32314b7dc971f43250431e9c3e2a3715.avif?t=1756209867\" width=\"600\" height=\"224\"><\/p>\n<p>VYTVORTE SI SVOJ VLASTN\u00dd CYBERPUNK<\/p>\n<p>Sta\u0148te sa mestsk\u00fdm zlo\u010dincom vybaven\u00fdm kybernetick\u00fdmi vylep\u0161eniami a vybudujte si svoju legendu na uliciach Night City.<\/p>\n<\/p>\n<p><img loading=\"lazy\" decoding=\"async\" src=\"https:\/\/shared.akamai.steamstatic.com\/store_item_assets\/steam\/apps\/1091500\/extras\/20e6b37ccd0d85511747233ba5fa92ea.avif?t=1756209867\" width=\"600\" height=\"224\"><\/p>\n<p>OBJAVUJTE MESTO BUD\u00daCNOSTI<\/p>\n<p>Night City je pln\u00e9 vec\u00ed, ktor\u00e9 m\u00f4\u017eete robi\u0165, miest, ktor\u00e9 m\u00f4\u017eete nav\u0161t\u00edvi\u0165, a \u013eud\u00ed, ktor\u00fdch m\u00f4\u017eete stretn\u00fa\u0165. A je len na v\u00e1s, kam p\u00f4jdete, kedy p\u00f4jdete a ako sa tam dostanete.<\/p>\n<\/p>\n<p><img loading=\"lazy\" decoding=\"async\" src=\"https:\/\/shared.akamai.steamstatic.com\/store_item_assets\/steam\/apps\/1091500\/extras\/588b0c22bafabf628523a9a651ef1ee4.avif?t=1756209867\" width=\"600\" height=\"224\"><\/p>\n<p>VYTVORTE SI SVOJU LEGENDU<\/p>\n<p>Vydajte sa na odv\u00e1\u017ene dobrodru\u017estv\u00e1 a budujte vz\u0165ahy s nezabudnute\u013en\u00fdmi postavami, ktor\u00fdch osudy s\u00fa formovan\u00e9 va\u0161imi rozhodnutiami.<\/p>\n<\/p>\n<p><img loading=\"lazy\" decoding=\"async\" src=\"https:\/\/shared.akamai.steamstatic.com\/store_item_assets\/steam\/apps\/1091500\/extras\/9a7c2879df55befbc61316b46976bcac.avif?t=1756209867\" width=\"600\" height=\"224\"><\/p>\n<p>VYBAVEN\u00c9 VYLEP\u0160ENIAMI<\/p>\n<p>Za\u017eite Cyberpunk 2077 s mno\u017estvom zmien a vylep\u0161en\u00ed v hrate\u013enosti a ekonomike, meste, pou\u017e\u00edvan\u00ed mapy a \u010fal\u0161\u00edch oblastiach.<\/p>\n<\/p>\n<p><img loading=\"lazy\" decoding=\"async\" src=\"https:\/\/shared.akamai.steamstatic.com\/store_item_assets\/steam\/apps\/1091500\/extras\/0963032d9f1b0e5c5374ce5c5e6b87be.avif?t=1756209867\" width=\"600\" height=\"224\"><\/p>\n<p>Z\u00cdSKAJTE EXKLUZ\u00cdVNE PREDMETY<\/p>\n<p>Z\u00edskajte hern\u00e9 a digit\u00e1lne bonusy in\u0161pirovan\u00e9 hrami CD PROJEKT RED v r\u00e1mci programu My Rewards.<\/p>\n<\/p>\n<p>PREJS\u0164 NA<\/p>\n<\/p>\n<p><img loading=\"lazy\" decoding=\"async\" src=\"https:\/\/shared.akamai.steamstatic.com\/store_item_assets\/steam\/apps\/1091500\/extras\/b7b3e3d5d71cf0b8748e3a1e05852149.avif?t=1756209867\" width=\"600\" height=\"74\"><\/p>\n","protected":false},"excerpt":{"rendered":"<p>Cyberpunk 2077 je ak\u010dn\u00e1 advent\u00fara s otvoren\u00fdm svetom, ktor\u00e1 sa odohr\u00e1va v temnej bud\u00facnosti mesta Night City \u2013 nebezpe\u010dnej megapolise posadnutej mocou, leskom a neust\u00e1lymi telesn\u00fdmi modifik\u00e1ciami.<\/p>\n","protected":false},"featured_media":50254,"comment_status":"open","ping_status":"closed","template":"","meta":{"_acf_changed":false},"product_brand":[],"product_cat":[270,286,268,266,308,9064],"product_tag":[],"class_list":{"0":"post-97700","1":"product","2":"type-product","3":"status-publish","4":"has-post-thumbnail","6":"product_cat-adventury-pc-hry-sk","7":"product_cat-gog-pc-sk","8":"product_cat-pc-sk","9":"product_cat-pc-hry-sk","10":"product_cat-rpg-pc-hry-sk","11":"product_cat-strielacky-3","12":"pa_audio-de-de","13":"pa_audio-en-us","14":"pa_audio-es-es","15":"pa_audio-fr-fr","16":"pa_audio-it-it","17":"pa_audio-ja-jp","18":"pa_audio-ko-kr","19":"pa_audio-pl-pl","21":"pa_audio-pt-br","23":"pa_audio-zh-cn","24":"pa_countries-ad","25":"pa_countries-ae","26":"pa_countries-af","27":"pa_countries-ag","28":"pa_countries-ai","29":"pa_countries-al","30":"pa_countries-am","31":"pa_countries-ao","32":"pa_countries-aq","33":"pa_countries-ar","34":"pa_countries-as","35":"pa_countries-at","36":"pa_countries-au","37":"pa_countries-aw","38":"pa_countries-ax","39":"pa_countries-az","40":"pa_countries-ba","41":"pa_countries-bb","42":"pa_countries-bd","43":"pa_countries-be","44":"pa_countries-bf","45":"pa_countries-bg","46":"pa_countries-bh","47":"pa_countries-bi","48":"pa_countries-bj","49":"pa_countries-bl","50":"pa_countries-bm","51":"pa_countries-bn","52":"pa_countries-bo","53":"pa_countries-bq","54":"pa_countries-br","55":"pa_countries-bs","56":"pa_countries-bt","57":"pa_countries-bv","58":"pa_countries-bw","59":"pa_countries-bz","60":"pa_countries-ca","61":"pa_countries-cc","62":"pa_countries-cd","63":"pa_countries-cf","64":"pa_countries-cg","65":"pa_countries-ch","66":"pa_countries-ci","67":"pa_countries-ck","68":"pa_countries-cl","69":"pa_countries-cm","70":"pa_countries-cn","71":"pa_countries-co","72":"pa_countries-cr","73":"pa_countries-cu","74":"pa_countries-cv","75":"pa_countries-cw","76":"pa_countries-cx","77":"pa_countries-cy","78":"pa_countries-cz","79":"pa_countries-de","80":"pa_countries-dj","81":"pa_countries-dk","82":"pa_countries-dm","83":"pa_countries-do","84":"pa_countries-dz","85":"pa_countries-ec","86":"pa_countries-ee","87":"pa_countries-eg","88":"pa_countries-eh","89":"pa_countries-er","90":"pa_countries-es","91":"pa_countries-et","92":"pa_countries-fi","93":"pa_countries-fj","94":"pa_countries-fk","95":"pa_countries-fm","96":"pa_countries-fo","97":"pa_countries-fr","98":"pa_countries-ga","99":"pa_countries-gb","100":"pa_countries-gd","101":"pa_countries-ge","102":"pa_countries-gf","103":"pa_countries-gg","104":"pa_countries-gh","105":"pa_countries-gi","106":"pa_countries-gl","107":"pa_countries-gm","108":"pa_countries-gn","109":"pa_countries-gp","110":"pa_countries-gq","111":"pa_countries-gr","112":"pa_countries-gs","113":"pa_countries-gt","114":"pa_countries-gu","115":"pa_countries-gw","116":"pa_countries-gy","117":"pa_countries-hk","118":"pa_countries-hm","119":"pa_countries-hn","120":"pa_countries-hr","121":"pa_countries-ht","122":"pa_countries-hu","123":"pa_countries-id","124":"pa_countries-ie","125":"pa_countries-il","126":"pa_countries-im","127":"pa_countries-in","128":"pa_countries-io","129":"pa_countries-iq","130":"pa_countries-ir","131":"pa_countries-is","132":"pa_countries-it","133":"pa_countries-je","134":"pa_countries-jm","135":"pa_countries-jo","136":"pa_countries-jp","137":"pa_countries-ke","138":"pa_countries-kg","139":"pa_countries-kh","140":"pa_countries-ki","141":"pa_countries-km","142":"pa_countries-kn","143":"pa_countries-kp","144":"pa_countries-kr","145":"pa_countries-kw","146":"pa_countries-ky","147":"pa_countries-kz","148":"pa_countries-la","149":"pa_countries-lb","150":"pa_countries-lc","151":"pa_countries-li","152":"pa_countries-lk","153":"pa_countries-lr","154":"pa_countries-ls","155":"pa_countries-lt","156":"pa_countries-lu","157":"pa_countries-lv","158":"pa_countries-ly","159":"pa_countries-ma","160":"pa_countries-mc","161":"pa_countries-md","162":"pa_countries-me","163":"pa_countries-mf","164":"pa_countries-mg","165":"pa_countries-mh","166":"pa_countries-mk","167":"pa_countries-ml","168":"pa_countries-mm","169":"pa_countries-mn","170":"pa_countries-mo","171":"pa_countries-mp","172":"pa_countries-mq","173":"pa_countries-mr","174":"pa_countries-ms","175":"pa_countries-mt","176":"pa_countries-mu","177":"pa_countries-mv","178":"pa_countries-mw","179":"pa_countries-mx","180":"pa_countries-my","181":"pa_countries-mz","182":"pa_countries-na","183":"pa_countries-nc","184":"pa_countries-ne","185":"pa_countries-nf","186":"pa_countries-ng","187":"pa_countries-ni","188":"pa_countries-nl","189":"pa_countries-no","190":"pa_countries-np","191":"pa_countries-nr","192":"pa_countries-nu","193":"pa_countries-nz","194":"pa_countries-om","195":"pa_countries-pa","196":"pa_countries-pe","197":"pa_countries-pf","198":"pa_countries-pg","199":"pa_countries-ph","200":"pa_countries-pk","201":"pa_countries-pl","202":"pa_countries-pm","203":"pa_countries-pn","204":"pa_countries-pr","205":"pa_countries-ps","206":"pa_countries-pt","207":"pa_countries-pw","208":"pa_countries-py","209":"pa_countries-qa","210":"pa_countries-re","211":"pa_countries-ro","212":"pa_countries-rs","213":"pa_countries-rw","214":"pa_countries-sa","215":"pa_countries-sb","216":"pa_countries-sc","217":"pa_countries-sd","218":"pa_countries-se","219":"pa_countries-sg","220":"pa_countries-sh","221":"pa_countries-si","222":"pa_countries-sj","223":"pa_countries-sk","224":"pa_countries-sl","225":"pa_countries-sm","226":"pa_countries-sn","227":"pa_countries-so","228":"pa_countries-sr","229":"pa_countries-ss","231":"pa_countries-st","232":"pa_countries-sv","233":"pa_countries-sx","234":"pa_countries-sy","235":"pa_countries-sz","236":"pa_countries-tc","237":"pa_countries-td","238":"pa_countries-tf","239":"pa_countries-tg","240":"pa_countries-th","241":"pa_countries-tj","242":"pa_countries-tk","243":"pa_countries-tl","244":"pa_countries-tm","245":"pa_countries-tn","246":"pa_countries-to","247":"pa_countries-tr","248":"pa_countries-tt","249":"pa_countries-tv","250":"pa_countries-tw","251":"pa_countries-tz","252":"pa_countries-ua","253":"pa_countries-ug","254":"pa_countries-um","255":"pa_countries-us","256":"pa_countries-uy","257":"pa_countries-uz","258":"pa_countries-va","259":"pa_countries-vc","260":"pa_countries-ve","261":"pa_countries-vg","262":"pa_countries-vi","263":"pa_countries-vn","264":"pa_countries-vu","265":"pa_countries-wf","266":"pa_countries-ws","267":"pa_countries-xk","269":"pa_countries-ye","270":"pa_countries-yt","271":"pa_countries-za","272":"pa_countries-zm","273":"pa_countries-zw","274":"pa_developer-cd-project-red","275":"pa_engine-redengine","277":"pa_franchises-cyberpunk","279":"pa_game_type-bundle","281":"pa_genres-adventure","283":"pa_genres-role-playing-rpg","285":"pa_genres-shooter","286":"pa_interface-ar","287":"pa_interface-cs-cz","288":"pa_interface-de-de","289":"pa_interface-en-us","290":"pa_interface-es-es","291":"pa_interface-fr-fr","292":"pa_interface-hu-hu","293":"pa_interface-it-it","294":"pa_interface-ja-jp","295":"pa_interface-ko-kr","296":"pa_interface-pl-pl","297":"pa_interface-pt-br","298":"pa_interface-ru-ru","299":"pa_interface-th-th","301":"pa_interface-tr-tr","302":"pa_interface-uk-ua","304":"pa_interface-zh-cn","305":"pa_interface-zh-tw","306":"pa_keywords-cyberpunk","307":"pa_keywords-steam-cloud","309":"pa_keywords-steam-families","310":"pa_keywords-steam-trading-cards","312":"pa_modes-single-player","314":"pa_pegi-794","315":"pa_pegi-13426","316":"pa_platform-pc-gog","318":"pa_player_perspectives-first-person","320":"pa_player_perspectives-third-person","322":"pa_publisher-cd-project-red","323":"pa_rating-795","324":"pa_rating-14446","325":"pa_region-global","327":"pa_subtitles-de-de","329":"pa_subtitles-es-es","330":"pa_subtitles-fr-fr","331":"pa_subtitles-hu-hu","333":"pa_themes-action","334":"pa_themes-open-world","336":"pa_themes-sandbox","337":"pa_themes-science-fiction","340":"first","341":"instock","342":"virtual","343":"taxable","344":"purchasable","345":"product-type-simple"},"yoast_head":"<!-- This site is optimized with the Yoast SEO plugin v27.4 - https:\/\/yoast.com\/product\/yoast-seo-wordpress\/ -->\n<title>Cyberpunk 2077: Ultimate Edition | BeGamer.cz<\/title>\n<meta name=\"robots\" content=\"index, follow, max-snippet:-1, max-image-preview:large, max-video-preview:-1\" \/>\n<link rel=\"canonical\" href=\"https:\/\/begamer.cz\/sk\/produkt\/cyberpunk-2077-ultimate-edition-sk\/\" \/>\n<meta property=\"og:locale\" content=\"sk_SK\" \/>\n<meta property=\"og:type\" content=\"article\" \/>\n<meta property=\"og:title\" content=\"Cyberpunk 2077: Ultimate Edition | BeGamer.cz\" \/>\n<meta property=\"og:description\" content=\"Cyberpunk 2077 je ak\u010dn\u00e1 advent\u00fara s otvoren\u00fdm svetom, ktor\u00e1 sa odohr\u00e1va v temnej bud\u00facnosti mesta Night City \u2013 nebezpe\u010dnej megapolise posadnutej mocou, leskom a neust\u00e1lymi telesn\u00fdmi modifik\u00e1ciami.\" \/>\n<meta property=\"og:url\" content=\"https:\/\/begamer.cz\/sk\/produkt\/cyberpunk-2077-ultimate-edition-sk\/\" \/>\n<meta property=\"og:site_name\" content=\"BeGamer.cz\" \/>\n<meta property=\"article:modified_time\" content=\"2026-03-18T06:25:52+00:00\" \/>\n<meta property=\"og:image\" content=\"https:\/\/begamer.cz\/wp-content\/uploads\/2026\/01\/cyberpunk-2077-ultimate-edition-7.webp\" \/>\n\t<meta property=\"og:image:width\" content=\"300\" \/>\n\t<meta property=\"og:image:height\" content=\"400\" \/>\n\t<meta property=\"og:image:type\" content=\"image\/webp\" \/>\n<meta name=\"twitter:card\" content=\"summary_large_image\" \/>\n<meta name=\"twitter:label1\" content=\"Predpokladan\u00fd \u010das \u010d\u00edtania\" \/>\n\t<meta name=\"twitter:data1\" content=\"2 min\u00faty\" \/>\n<script type=\"application\/ld+json\" class=\"yoast-schema-graph\">{\"@context\":\"https:\\\/\\\/schema.org\",\"@graph\":[{\"@type\":\"WebPage\",\"@id\":\"https:\\\/\\\/begamer.cz\\\/sk\\\/produkt\\\/cyberpunk-2077-ultimate-edition-sk\\\/\",\"url\":\"https:\\\/\\\/begamer.cz\\\/sk\\\/produkt\\\/cyberpunk-2077-ultimate-edition-sk\\\/\",\"name\":\"Cyberpunk 2077: Ultimate Edition | BeGamer.cz\",\"isPartOf\":{\"@id\":\"https:\\\/\\\/begamer.cz\\\/sk\\\/#website\"},\"primaryImageOfPage\":{\"@id\":\"https:\\\/\\\/begamer.cz\\\/sk\\\/produkt\\\/cyberpunk-2077-ultimate-edition-sk\\\/#primaryimage\"},\"image\":{\"@id\":\"https:\\\/\\\/begamer.cz\\\/sk\\\/produkt\\\/cyberpunk-2077-ultimate-edition-sk\\\/#primaryimage\"},\"thumbnailUrl\":\"https:\\\/\\\/begamer.cz\\\/wp-content\\\/uploads\\\/2026\\\/01\\\/cyberpunk-2077-ultimate-edition-7.webp\",\"datePublished\":\"2026-01-30T16:02:47+00:00\",\"dateModified\":\"2026-03-18T06:25:52+00:00\",\"breadcrumb\":{\"@id\":\"https:\\\/\\\/begamer.cz\\\/sk\\\/produkt\\\/cyberpunk-2077-ultimate-edition-sk\\\/#breadcrumb\"},\"inLanguage\":\"sk-SK\",\"potentialAction\":[{\"@type\":\"ReadAction\",\"target\":[\"https:\\\/\\\/begamer.cz\\\/sk\\\/produkt\\\/cyberpunk-2077-ultimate-edition-sk\\\/\"]}]},{\"@type\":\"ImageObject\",\"inLanguage\":\"sk-SK\",\"@id\":\"https:\\\/\\\/begamer.cz\\\/sk\\\/produkt\\\/cyberpunk-2077-ultimate-edition-sk\\\/#primaryimage\",\"url\":\"https:\\\/\\\/begamer.cz\\\/wp-content\\\/uploads\\\/2026\\\/01\\\/cyberpunk-2077-ultimate-edition-7.webp\",\"contentUrl\":\"https:\\\/\\\/begamer.cz\\\/wp-content\\\/uploads\\\/2026\\\/01\\\/cyberpunk-2077-ultimate-edition-7.webp\",\"width\":300,\"height\":400},{\"@type\":\"BreadcrumbList\",\"@id\":\"https:\\\/\\\/begamer.cz\\\/sk\\\/produkt\\\/cyberpunk-2077-ultimate-edition-sk\\\/#breadcrumb\",\"itemListElement\":[{\"@type\":\"ListItem\",\"position\":1,\"name\":\"Domov\",\"item\":\"https:\\\/\\\/begamer.cz\\\/sk\\\/\"},{\"@type\":\"ListItem\",\"position\":2,\"name\":\"Obchod\",\"item\":\"https:\\\/\\\/begamer.cz\\\/obchod\\\/\"},{\"@type\":\"ListItem\",\"position\":3,\"name\":\"Cyberpunk 2077: Ultimate Edition\"}]},{\"@type\":\"WebSite\",\"@id\":\"https:\\\/\\\/begamer.cz\\\/sk\\\/#website\",\"url\":\"https:\\\/\\\/begamer.cz\\\/sk\\\/\",\"name\":\"BeGamer.cz\",\"description\":\"\",\"publisher\":{\"@id\":\"https:\\\/\\\/begamer.cz\\\/sk\\\/#organization\"},\"potentialAction\":[{\"@type\":\"SearchAction\",\"target\":{\"@type\":\"EntryPoint\",\"urlTemplate\":\"https:\\\/\\\/begamer.cz\\\/sk\\\/?s={search_term_string}\"},\"query-input\":{\"@type\":\"PropertyValueSpecification\",\"valueRequired\":true,\"valueName\":\"search_term_string\"}}],\"inLanguage\":\"sk-SK\"},{\"@type\":\"Organization\",\"@id\":\"https:\\\/\\\/begamer.cz\\\/sk\\\/#organization\",\"name\":\"BeGamer.cz\",\"url\":\"https:\\\/\\\/begamer.cz\\\/sk\\\/\",\"logo\":{\"@type\":\"ImageObject\",\"inLanguage\":\"sk-SK\",\"@id\":\"https:\\\/\\\/begamer.cz\\\/sk\\\/#\\\/schema\\\/logo\\\/image\\\/\",\"url\":\"https:\\\/\\\/begamer.cz\\\/wp-content\\\/uploads\\\/2025\\\/07\\\/logo.svg\",\"contentUrl\":\"https:\\\/\\\/begamer.cz\\\/wp-content\\\/uploads\\\/2025\\\/07\\\/logo.svg\",\"caption\":\"BeGamer.cz\"},\"image\":{\"@id\":\"https:\\\/\\\/begamer.cz\\\/sk\\\/#\\\/schema\\\/logo\\\/image\\\/\"}}]}<\/script>\n<!-- \/ Yoast SEO plugin. -->","yoast_head_json":{"title":"Cyberpunk 2077: Ultimate Edition | BeGamer.cz","robots":{"index":"index","follow":"follow","max-snippet":"max-snippet:-1","max-image-preview":"max-image-preview:large","max-video-preview":"max-video-preview:-1"},"canonical":"https:\/\/begamer.cz\/sk\/produkt\/cyberpunk-2077-ultimate-edition-sk\/","og_locale":"sk_SK","og_type":"article","og_title":"Cyberpunk 2077: Ultimate Edition | BeGamer.cz","og_description":"Cyberpunk 2077 je ak\u010dn\u00e1 advent\u00fara s otvoren\u00fdm svetom, ktor\u00e1 sa odohr\u00e1va v temnej bud\u00facnosti mesta Night City \u2013 nebezpe\u010dnej megapolise posadnutej mocou, leskom a neust\u00e1lymi telesn\u00fdmi modifik\u00e1ciami.","og_url":"https:\/\/begamer.cz\/sk\/produkt\/cyberpunk-2077-ultimate-edition-sk\/","og_site_name":"BeGamer.cz","article_modified_time":"2026-03-18T06:25:52+00:00","og_image":[{"width":300,"height":400,"url":"https:\/\/begamer.cz\/wp-content\/uploads\/2026\/01\/cyberpunk-2077-ultimate-edition-7.webp","type":"image\/webp"}],"twitter_card":"summary_large_image","twitter_misc":{"Predpokladan\u00fd \u010das \u010d\u00edtania":"2 min\u00faty"},"schema":{"@context":"https:\/\/schema.org","@graph":[{"@type":"WebPage","@id":"https:\/\/begamer.cz\/sk\/produkt\/cyberpunk-2077-ultimate-edition-sk\/","url":"https:\/\/begamer.cz\/sk\/produkt\/cyberpunk-2077-ultimate-edition-sk\/","name":"Cyberpunk 2077: Ultimate Edition | BeGamer.cz","isPartOf":{"@id":"https:\/\/begamer.cz\/sk\/#website"},"primaryImageOfPage":{"@id":"https:\/\/begamer.cz\/sk\/produkt\/cyberpunk-2077-ultimate-edition-sk\/#primaryimage"},"image":{"@id":"https:\/\/begamer.cz\/sk\/produkt\/cyberpunk-2077-ultimate-edition-sk\/#primaryimage"},"thumbnailUrl":"https:\/\/begamer.cz\/wp-content\/uploads\/2026\/01\/cyberpunk-2077-ultimate-edition-7.webp","datePublished":"2026-01-30T16:02:47+00:00","dateModified":"2026-03-18T06:25:52+00:00","breadcrumb":{"@id":"https:\/\/begamer.cz\/sk\/produkt\/cyberpunk-2077-ultimate-edition-sk\/#breadcrumb"},"inLanguage":"sk-SK","potentialAction":[{"@type":"ReadAction","target":["https:\/\/begamer.cz\/sk\/produkt\/cyberpunk-2077-ultimate-edition-sk\/"]}]},{"@type":"ImageObject","inLanguage":"sk-SK","@id":"https:\/\/begamer.cz\/sk\/produkt\/cyberpunk-2077-ultimate-edition-sk\/#primaryimage","url":"https:\/\/begamer.cz\/wp-content\/uploads\/2026\/01\/cyberpunk-2077-ultimate-edition-7.webp","contentUrl":"https:\/\/begamer.cz\/wp-content\/uploads\/2026\/01\/cyberpunk-2077-ultimate-edition-7.webp","width":300,"height":400},{"@type":"BreadcrumbList","@id":"https:\/\/begamer.cz\/sk\/produkt\/cyberpunk-2077-ultimate-edition-sk\/#breadcrumb","itemListElement":[{"@type":"ListItem","position":1,"name":"Domov","item":"https:\/\/begamer.cz\/sk\/"},{"@type":"ListItem","position":2,"name":"Obchod","item":"https:\/\/begamer.cz\/obchod\/"},{"@type":"ListItem","position":3,"name":"Cyberpunk 2077: Ultimate Edition"}]},{"@type":"WebSite","@id":"https:\/\/begamer.cz\/sk\/#website","url":"https:\/\/begamer.cz\/sk\/","name":"BeGamer.cz","description":"","publisher":{"@id":"https:\/\/begamer.cz\/sk\/#organization"},"potentialAction":[{"@type":"SearchAction","target":{"@type":"EntryPoint","urlTemplate":"https:\/\/begamer.cz\/sk\/?s={search_term_string}"},"query-input":{"@type":"PropertyValueSpecification","valueRequired":true,"valueName":"search_term_string"}}],"inLanguage":"sk-SK"},{"@type":"Organization","@id":"https:\/\/begamer.cz\/sk\/#organization","name":"BeGamer.cz","url":"https:\/\/begamer.cz\/sk\/","logo":{"@type":"ImageObject","inLanguage":"sk-SK","@id":"https:\/\/begamer.cz\/sk\/#\/schema\/logo\/image\/","url":"https:\/\/begamer.cz\/wp-content\/uploads\/2025\/07\/logo.svg","contentUrl":"https:\/\/begamer.cz\/wp-content\/uploads\/2025\/07\/logo.svg","caption":"BeGamer.cz"},"image":{"@id":"https:\/\/begamer.cz\/sk\/#\/schema\/logo\/image\/"}}]}},"acf":[],"_links":{"self":[{"href":"https:\/\/begamer.cz\/sk\/wp-json\/wp\/v2\/product\/97700","targetHints":{"allow":["GET"]}}],"collection":[{"href":"https:\/\/begamer.cz\/sk\/wp-json\/wp\/v2\/product"}],"about":[{"href":"https:\/\/begamer.cz\/sk\/wp-json\/wp\/v2\/types\/product"}],"replies":[{"embeddable":true,"href":"https:\/\/begamer.cz\/sk\/wp-json\/wp\/v2\/comments?post=97700"}],"wp:featuredmedia":[{"embeddable":true,"href":"https:\/\/begamer.cz\/sk\/wp-json\/wp\/v2\/media\/50254"}],"wp:attachment":[{"href":"https:\/\/begamer.cz\/sk\/wp-json\/wp\/v2\/media?parent=97700"}],"wp:term":[{"taxonomy":"product_brand","embeddable":true,"href":"https:\/\/begamer.cz\/sk\/wp-json\/wp\/v2\/product_brand?post=97700"},{"taxonomy":"product_cat","embeddable":true,"href":"https:\/\/begamer.cz\/sk\/wp-json\/wp\/v2\/product_cat?post=97700"},{"taxonomy":"product_tag","embeddable":true,"href":"https:\/\/begamer.cz\/sk\/wp-json\/wp\/v2\/product_tag?post=97700"}],"curies":[{"name":"wp","href":"https:\/\/api.w.org\/{rel}","templated":true}]}}