{"id":97646,"date":"2026-01-30T17:01:48","date_gmt":"2026-01-30T16:01:48","guid":{"rendered":"https:\/\/begamer.cz\/produkt\/ghosts-n-goblins-resurrection-sk\/"},"modified":"2026-03-18T07:22:09","modified_gmt":"2026-03-18T06:22:09","slug":"ghosts-n-goblins-resurrection-sk","status":"publish","type":"product","link":"https:\/\/begamer.cz\/sk\/produkt\/ghosts-n-goblins-resurrection-sk\/","title":{"rendered":"Ghosts \u201an Goblins Resurrection"},"content":{"rendered":"<p>Sledujte, ako sa tento nostalgick\u00fd, ale \u00faplne prepracovan\u00fd svet rozv\u00edja pred va\u0161imi o\u010dami.<\/p>\n<p>In\u0161pirovan\u00fd hrami Ghosts &#x27;n Goblins a Ghouls &#x27;n Ghosts a prin\u00e1\u0161aj\u00faci nie\u010do \u00faplne nov\u00e9, Resurrection je titul, ktor\u00fd si zasl\u00fa\u017ei svoje meno.<\/p>\n<p>Nenechajte sa oklama\u0165 \u2013 tento malebn\u00fd rozpr\u00e1vkov\u00fd svet je s\u00edce n\u00e1dhern\u00fd, ale je to vyznanie l\u00e1sky p\u00f4vodn\u00fdm titulom a zachov\u00e1va rovnako n\u00e1ro\u010dn\u00fa hrate\u013enos\u0165, ak\u00fa fan\u00fa\u0161ikovia o\u010dak\u00e1vaj\u00fa. Tak nev\u00e1hajte a otestujte svoje schopnosti, lebo rukavica bola hoden\u00e1!<\/p>\n<p>Pr\u00edbeh<\/p>\n<p>Pred d\u00e1vnymi \u010dasy&#8230;<\/p>\n<p>V dia\u013eave sa za\u010d\u00edna n\u00e1\u0161 pr\u00edbeh, ktor\u00e9ho kr\u00e1sa nem\u00e1 p\u00e1ru.<br \/>\n<br \/>Rytier Arthur a princezn\u00e1 tam, k\u00fapaj\u00faci sa v polud\u0148aj\u0161om slnku.<br \/>\n<br \/>&#8230;ale zrazu nie\u010do nie je v poriadku, mesto je v plame\u0148och,<br \/>\nobjavuje<br \/>sa mrak temnoty, ktor\u00fd si podma\u0148uje pal\u00e1c.<\/p>\n<p>Tie\u0148 potom roz\u0161iruje svoj dosah na bo\u017esk\u00fd Umbral Tree.<br \/>\nJeho farba bledne, jeho sila je vysat\u00e1 najzlovestnej\u0161\u00edmi silami.<br \/>\n<br \/>A v tomto chaose d\u00e9monick\u00fd p\u00e1n hr\u00e1 svoju ohavn\u00fa hru.<br \/>\n<br \/>Ke\u010f sa Artu\u0161 oto\u010d\u00ed chrbtom, unesie princezn\u00fa pod\u013ea pl\u00e1nu.<\/p>\n<p>Artu\u0161 si v n\u00e1hlen\u00ed oblieka brnenie, aby zachr\u00e1nil svoju kr\u00e1snu diev\u010dinu.<br \/>\nOdch\u00e1dza<br \/>do r\u00ed\u0161e d\u00e9monov, tak\u017ee d\u00e9moni by sa mali ma\u0165 na pozore.<\/p>\n<p><\/p>\n<p>Hrate\u013enos\u0165<\/p>\n<p>Rovnako ako jeho predchodcovia, Ghosts &#x27;n Goblins Resurrection vyu\u017e\u00edva jednoduch\u00e9 ovl\u00e1danie, ktor\u00e9 si m\u00f4\u017ee u\u017ei\u0165 ka\u017ed\u00fd. Vyu\u017eite ho vo svoj prospech, ke\u010f sa prebojujete cez podivn\u00e9 a stra\u0161ideln\u00e9 \u00farovne pln\u00e9 jedine\u010dn\u00fdch nepriate\u013eov v tomto o\u010daruj\u00facom svete, ktor\u00fd o\u017e\u00edva v\u010faka modernej technol\u00f3gii a filozofii hern\u00e9ho dizajnu!<\/p>\n<p>Ghosts &#x27;n Goblins je, no, \u0165a\u017ek\u00e1 hra. Jeho ne\u00faprosn\u00e1 obtia\u017enos\u0165 je charakteristickou \u010drtou tejto s\u00e9rie a Resurrection t\u00fato trad\u00edciu re\u0161pektuje. Budete umiera\u0165 a umiera\u0165 znova, ale v\u017edy sa pozbierate a s ka\u017ed\u00fdm pokusom sa budete zlep\u0161ova\u0165, ke\u010f\u017ee sa budete viac dozveda\u0165 o svojich nepriate\u013eoch a \u010falej zdokona\u013eova\u0165 svoju strat\u00e9giu. Budete bojova\u0165, ale ke\u010f nakoniec zv\u00ed\u0165az\u00edte, budete sa te\u0161i\u0165 zo sl\u00e1vy. To je Ghosts &#x27;n Goblins.<\/p>\n<p>V Resurrection m\u00f4\u017ee Arthur z\u00edska\u0165 8 typov zbran\u00ed, z ktor\u00fdch ka\u017ed\u00e1 m\u00e1 svoje vlastn\u00e9 jedine\u010dn\u00e9 vlastnosti. Porazte svojich nepriate\u013eov star\u00fdmi ob\u013e\u00faben\u00fdmi zbra\u0148ami, ako je kopija a d\u00fdka, vystre\u013eujte r\u00e1zov\u00e9 vlny s kladivom, aby ste odhodili nepriate\u013eov, alebo po\u0161lite po zemi bodkovan\u00fa gu\u013eu, aby ich zrazila! Vyu\u017eite tieto a \u010fal\u0161ie zbrane vo svoj prospech, ke\u010f vytv\u00e1rajte svoj pl\u00e1n, ako post\u00fapi\u0165 v r\u00ed\u0161i d\u00e9monov!<\/p>\n<p>Okrem ve\u013ek\u00e9ho arzen\u00e1lu zbran\u00ed sa Arthur m\u00f4\u017ee nau\u010di\u0165 aj mno\u017estvo k\u00faziel a zru\u010dnost\u00ed. Pou\u017eite Thunderstorm, aby ste rozp\u00fatali b\u00farku bleskov vo \u0161tyroch smeroch, alebo sa nau\u010dte Kitted Out, aby ste zv\u00fd\u0161ili Arthurov invent\u00e1r a mohli nies\u0165 viac zbran\u00ed. S mno\u017estvom \u010fal\u0161\u00edch mo\u017enost\u00ed si vo svojej strat\u00e9gii ur\u010dite uvo\u013enite miesto pre k\u00fazla a zru\u010dnosti!<\/p>\n<p>Vyu\u017eite Arthurove zbrane, k\u00fazla a zru\u010dnosti na maximum, ke\u010f budete \u010deli\u0165 \u00fatrap\u00e1m d\u00e9monickej r\u00ed\u0161e, aby ste priniesli princezn\u00fa bezpe\u010dne domov. Zberte v\u0161etku odvahu, ktor\u00fa m\u00e1te, budete ju potrebova\u0165!<\/p>\n<p>Okrem re\u017eimu pre jedn\u00e9ho hr\u00e1\u010da, ktor\u00fd sa zameriava na z\u00e1bavu pri prekon\u00e1van\u00ed v\u00fdziev, m\u00f4\u017ee Arthurovi v jeho \u00falohe pom\u00e1ha\u0165 podporn\u00e1 postava, Trojica m\u00fadrych. Tento \u0161t\u00fdl hry pon\u00faka intenz\u00edvny kooperat\u00edvny z\u00e1\u017eitok pre dvoch hr\u00e1\u010dov \u2013 prv\u00fdkr\u00e1t v s\u00e9rii.<\/p>\n<p>Pripojte dva ovl\u00e1da\u010de a hrajte s priate\u013eom bok po boku.<br \/>\n<br \/>Pozn\u00e1mka: Iba lok\u00e1lna kooper\u00e1cia. Online hra nie je podporovan\u00e1.<\/p>\n<p>Za\u017eite potn\u00e9 dlane a biele k\u013aby, ktor\u00e9 prin\u00e1\u0161a re\u017eim pre jedn\u00e9ho hr\u00e1\u010da, alebo sa podelte o z\u00e1bavu s priate\u013emi v kooperat\u00edvnom z\u00e1\u017eitku podobnom party hre!<\/p>\n","protected":false},"excerpt":{"rendered":"<p>Sledujte, ako sa tento nostalgick\u00fd, ale \u00faplne nanovo vymyslen\u00fd svet rozv\u00edja pred va\u0161imi o\u010dami. In\u0161pirovan\u00fd hrami Ghosts &#x27;n Goblins a Ghouls &#x27;n Ghosts a prin\u00e1\u0161aj\u00faci nie\u010do \u00faplne nov\u00e9, Resurrection je titul, ktor\u00fd si zasl\u00fa\u017ei svoje meno.<\/p>\n","protected":false},"featured_media":24320,"comment_status":"open","ping_status":"closed","template":"","meta":{"_acf_changed":false},"product_brand":[],"product_cat":[270,272,268,266,312],"product_tag":[],"class_list":{"0":"post-97646","1":"product","2":"type-product","3":"status-publish","4":"has-post-thumbnail","6":"product_cat-adventury-pc-hry-sk","7":"product_cat-akcni-pc-sk","8":"product_cat-pc-sk","9":"product_cat-pc-hry-sk","10":"product_cat-steam-pc-sk","11":"pa_countries-ad","12":"pa_countries-ae","13":"pa_countries-af","14":"pa_countries-ai","15":"pa_countries-al","16":"pa_countries-an","17":"pa_countries-aq","18":"pa_countries-as","19":"pa_countries-at","20":"pa_countries-aw","21":"pa_countries-ax","22":"pa_countries-ba","23":"pa_countries-bd","24":"pa_countries-be","25":"pa_countries-bg","26":"pa_countries-bh","27":"pa_countries-bl","28":"pa_countries-bq","29":"pa_countries-bt","30":"pa_countries-bv","31":"pa_countries-cd","32":"pa_countries-ch","33":"pa_countries-ck","34":"pa_countries-cs","36":"pa_countries-cw","37":"pa_countries-cx","38":"pa_countries-cy","39":"pa_countries-cz","40":"pa_countries-de","41":"pa_countries-dk","42":"pa_countries-do","43":"pa_countries-ee","44":"pa_countries-eg","45":"pa_countries-es","46":"pa_countries-fi","47":"pa_countries-fj","48":"pa_countries-fm","49":"pa_countries-fo","50":"pa_countries-fr","51":"pa_countries-gb","52":"pa_countries-ge","53":"pa_countries-gf","54":"pa_countries-gg","55":"pa_countries-gi","56":"pa_countries-gl","57":"pa_countries-gp","58":"pa_countries-gr","59":"pa_countries-gu","60":"pa_countries-hm","61":"pa_countries-hr","62":"pa_countries-hu","63":"pa_countries-ie","64":"pa_countries-il","65":"pa_countries-im","66":"pa_countries-io","67":"pa_countries-iq","68":"pa_countries-ir","69":"pa_countries-is","70":"pa_countries-it","71":"pa_countries-je","72":"pa_countries-jo","73":"pa_countries-ki","74":"pa_countries-kw","75":"pa_countries-ky","76":"pa_countries-lb","77":"pa_countries-li","78":"pa_countries-lk","79":"pa_countries-lt","80":"pa_countries-lu","81":"pa_countries-lv","82":"pa_countries-mc","83":"pa_countries-me","84":"pa_countries-mf","85":"pa_countries-mh","86":"pa_countries-mk","87":"pa_countries-mn","88":"pa_countries-mp","89":"pa_countries-mq","90":"pa_countries-ms","91":"pa_countries-mt","92":"pa_countries-mv","93":"pa_countries-nc","94":"pa_countries-nf","95":"pa_countries-nl","96":"pa_countries-no","97":"pa_countries-np","98":"pa_countries-nr","99":"pa_countries-nu","100":"pa_countries-om","101":"pa_countries-pf","102":"pa_countries-pg","103":"pa_countries-pk","104":"pa_countries-pl","105":"pa_countries-pm","106":"pa_countries-pn","107":"pa_countries-ps","108":"pa_countries-pt","109":"pa_countries-pw","110":"pa_countries-qa","111":"pa_countries-re","112":"pa_countries-ro","113":"pa_countries-rs","114":"pa_countries-sa","115":"pa_countries-sb","116":"pa_countries-se","117":"pa_countries-sh","118":"pa_countries-si","119":"pa_countries-sj","120":"pa_countries-sk","121":"pa_countries-sm","122":"pa_countries-sx","123":"pa_countries-sy","124":"pa_countries-tc","125":"pa_countries-tf","126":"pa_countries-tk","127":"pa_countries-to","128":"pa_countries-tv","129":"pa_countries-um","130":"pa_countries-va","131":"pa_countries-vg","132":"pa_countries-vi","133":"pa_countries-vu","134":"pa_countries-wf","135":"pa_countries-ws","136":"pa_countries-xk","137":"pa_countries-ye","138":"pa_countries-yt","139":"pa_developer-capcom","141":"pa_franchises-ghosts-n-goblins","143":"pa_game_type-main_game","145":"pa_genres-adventure","146":"pa_genres-platform","148":"pa_interface-de-de","149":"pa_interface-en-us","150":"pa_interface-es-es","151":"pa_interface-fr-fr","152":"pa_interface-it-it","153":"pa_interface-ja-jp","155":"pa_interface-zh-cn","156":"pa_interface-zh-tw","157":"pa_keywords-challenging","158":"pa_modes-single-player","160":"pa_pegi-927","161":"pa_pegi-13428","162":"pa_platform-pc-steam","164":"pa_player_perspectives-side-view","166":"pa_publisher-capcom","168":"pa_rating-1482","169":"pa_rating-14527","170":"pa_region-europe","172":"pa_themes-action","175":"first","176":"instock","177":"virtual","178":"taxable","179":"purchasable","180":"product-type-simple"},"yoast_head":"<!-- This site is optimized with the Yoast SEO plugin v27.4 - https:\/\/yoast.com\/product\/yoast-seo-wordpress\/ -->\n<title>Ghosts &#039;n Goblins Resurrection | BeGamer.cz<\/title>\n<meta name=\"robots\" content=\"index, follow, max-snippet:-1, max-image-preview:large, max-video-preview:-1\" \/>\n<link rel=\"canonical\" href=\"https:\/\/begamer.cz\/sk\/produkt\/ghosts-n-goblins-resurrection-sk\/\" \/>\n<meta property=\"og:locale\" content=\"sk_SK\" \/>\n<meta property=\"og:type\" content=\"article\" \/>\n<meta property=\"og:title\" content=\"Ghosts &#039;n Goblins Resurrection | BeGamer.cz\" \/>\n<meta property=\"og:description\" content=\"Sledujte, ako sa tento nostalgick\u00fd, ale \u00faplne nanovo vymyslen\u00fd svet rozv\u00edja pred va\u0161imi o\u010dami. In\u0161pirovan\u00fd hrami Ghosts &#x27;n Goblins a Ghouls &#x27;n Ghosts a prin\u00e1\u0161aj\u00faci nie\u010do \u00faplne nov\u00e9, Resurrection je titul, ktor\u00fd si zasl\u00fa\u017ei svoje meno.\" \/>\n<meta property=\"og:url\" content=\"https:\/\/begamer.cz\/sk\/produkt\/ghosts-n-goblins-resurrection-sk\/\" \/>\n<meta property=\"og:site_name\" content=\"BeGamer.cz\" \/>\n<meta property=\"article:modified_time\" content=\"2026-03-18T06:22:09+00:00\" \/>\n<meta property=\"og:image\" content=\"https:\/\/begamer.cz\/wp-content\/uploads\/2026\/01\/ghosts-n-goblins-resurrection-1-6.webp\" \/>\n\t<meta property=\"og:image:width\" content=\"300\" \/>\n\t<meta property=\"og:image:height\" content=\"400\" \/>\n\t<meta property=\"og:image:type\" content=\"image\/webp\" \/>\n<meta name=\"twitter:card\" content=\"summary_large_image\" \/>\n<meta name=\"twitter:label1\" content=\"Predpokladan\u00fd \u010das \u010d\u00edtania\" \/>\n\t<meta name=\"twitter:data1\" content=\"3 min\u00faty\" \/>\n<script type=\"application\/ld+json\" class=\"yoast-schema-graph\">{\"@context\":\"https:\\\/\\\/schema.org\",\"@graph\":[{\"@type\":\"WebPage\",\"@id\":\"https:\\\/\\\/begamer.cz\\\/sk\\\/produkt\\\/ghosts-n-goblins-resurrection-sk\\\/\",\"url\":\"https:\\\/\\\/begamer.cz\\\/sk\\\/produkt\\\/ghosts-n-goblins-resurrection-sk\\\/\",\"name\":\"Ghosts 'n Goblins Resurrection | BeGamer.cz\",\"isPartOf\":{\"@id\":\"https:\\\/\\\/begamer.cz\\\/sk\\\/#website\"},\"primaryImageOfPage\":{\"@id\":\"https:\\\/\\\/begamer.cz\\\/sk\\\/produkt\\\/ghosts-n-goblins-resurrection-sk\\\/#primaryimage\"},\"image\":{\"@id\":\"https:\\\/\\\/begamer.cz\\\/sk\\\/produkt\\\/ghosts-n-goblins-resurrection-sk\\\/#primaryimage\"},\"thumbnailUrl\":\"https:\\\/\\\/begamer.cz\\\/wp-content\\\/uploads\\\/2026\\\/01\\\/ghosts-n-goblins-resurrection-1-6.webp\",\"datePublished\":\"2026-01-30T16:01:48+00:00\",\"dateModified\":\"2026-03-18T06:22:09+00:00\",\"breadcrumb\":{\"@id\":\"https:\\\/\\\/begamer.cz\\\/sk\\\/produkt\\\/ghosts-n-goblins-resurrection-sk\\\/#breadcrumb\"},\"inLanguage\":\"sk-SK\",\"potentialAction\":[{\"@type\":\"ReadAction\",\"target\":[\"https:\\\/\\\/begamer.cz\\\/sk\\\/produkt\\\/ghosts-n-goblins-resurrection-sk\\\/\"]}]},{\"@type\":\"ImageObject\",\"inLanguage\":\"sk-SK\",\"@id\":\"https:\\\/\\\/begamer.cz\\\/sk\\\/produkt\\\/ghosts-n-goblins-resurrection-sk\\\/#primaryimage\",\"url\":\"https:\\\/\\\/begamer.cz\\\/wp-content\\\/uploads\\\/2026\\\/01\\\/ghosts-n-goblins-resurrection-1-6.webp\",\"contentUrl\":\"https:\\\/\\\/begamer.cz\\\/wp-content\\\/uploads\\\/2026\\\/01\\\/ghosts-n-goblins-resurrection-1-6.webp\",\"width\":300,\"height\":400},{\"@type\":\"BreadcrumbList\",\"@id\":\"https:\\\/\\\/begamer.cz\\\/sk\\\/produkt\\\/ghosts-n-goblins-resurrection-sk\\\/#breadcrumb\",\"itemListElement\":[{\"@type\":\"ListItem\",\"position\":1,\"name\":\"Domov\",\"item\":\"https:\\\/\\\/begamer.cz\\\/sk\\\/\"},{\"@type\":\"ListItem\",\"position\":2,\"name\":\"Obchod\",\"item\":\"https:\\\/\\\/begamer.cz\\\/obchod\\\/\"},{\"@type\":\"ListItem\",\"position\":3,\"name\":\"Ghosts &#8218;n Goblins Resurrection\"}]},{\"@type\":\"WebSite\",\"@id\":\"https:\\\/\\\/begamer.cz\\\/sk\\\/#website\",\"url\":\"https:\\\/\\\/begamer.cz\\\/sk\\\/\",\"name\":\"BeGamer.cz\",\"description\":\"\",\"publisher\":{\"@id\":\"https:\\\/\\\/begamer.cz\\\/sk\\\/#organization\"},\"potentialAction\":[{\"@type\":\"SearchAction\",\"target\":{\"@type\":\"EntryPoint\",\"urlTemplate\":\"https:\\\/\\\/begamer.cz\\\/sk\\\/?s={search_term_string}\"},\"query-input\":{\"@type\":\"PropertyValueSpecification\",\"valueRequired\":true,\"valueName\":\"search_term_string\"}}],\"inLanguage\":\"sk-SK\"},{\"@type\":\"Organization\",\"@id\":\"https:\\\/\\\/begamer.cz\\\/sk\\\/#organization\",\"name\":\"BeGamer.cz\",\"url\":\"https:\\\/\\\/begamer.cz\\\/sk\\\/\",\"logo\":{\"@type\":\"ImageObject\",\"inLanguage\":\"sk-SK\",\"@id\":\"https:\\\/\\\/begamer.cz\\\/sk\\\/#\\\/schema\\\/logo\\\/image\\\/\",\"url\":\"https:\\\/\\\/begamer.cz\\\/wp-content\\\/uploads\\\/2025\\\/07\\\/logo.svg\",\"contentUrl\":\"https:\\\/\\\/begamer.cz\\\/wp-content\\\/uploads\\\/2025\\\/07\\\/logo.svg\",\"caption\":\"BeGamer.cz\"},\"image\":{\"@id\":\"https:\\\/\\\/begamer.cz\\\/sk\\\/#\\\/schema\\\/logo\\\/image\\\/\"}}]}<\/script>\n<!-- \/ Yoast SEO plugin. -->","yoast_head_json":{"title":"Ghosts 'n Goblins Resurrection | BeGamer.cz","robots":{"index":"index","follow":"follow","max-snippet":"max-snippet:-1","max-image-preview":"max-image-preview:large","max-video-preview":"max-video-preview:-1"},"canonical":"https:\/\/begamer.cz\/sk\/produkt\/ghosts-n-goblins-resurrection-sk\/","og_locale":"sk_SK","og_type":"article","og_title":"Ghosts 'n Goblins Resurrection | BeGamer.cz","og_description":"Sledujte, ako sa tento nostalgick\u00fd, ale \u00faplne nanovo vymyslen\u00fd svet rozv\u00edja pred va\u0161imi o\u010dami. In\u0161pirovan\u00fd hrami Ghosts &#x27;n Goblins a Ghouls &#x27;n Ghosts a prin\u00e1\u0161aj\u00faci nie\u010do \u00faplne nov\u00e9, Resurrection je titul, ktor\u00fd si zasl\u00fa\u017ei svoje meno.","og_url":"https:\/\/begamer.cz\/sk\/produkt\/ghosts-n-goblins-resurrection-sk\/","og_site_name":"BeGamer.cz","article_modified_time":"2026-03-18T06:22:09+00:00","og_image":[{"width":300,"height":400,"url":"https:\/\/begamer.cz\/wp-content\/uploads\/2026\/01\/ghosts-n-goblins-resurrection-1-6.webp","type":"image\/webp"}],"twitter_card":"summary_large_image","twitter_misc":{"Predpokladan\u00fd \u010das \u010d\u00edtania":"3 min\u00faty"},"schema":{"@context":"https:\/\/schema.org","@graph":[{"@type":"WebPage","@id":"https:\/\/begamer.cz\/sk\/produkt\/ghosts-n-goblins-resurrection-sk\/","url":"https:\/\/begamer.cz\/sk\/produkt\/ghosts-n-goblins-resurrection-sk\/","name":"Ghosts 'n Goblins Resurrection | BeGamer.cz","isPartOf":{"@id":"https:\/\/begamer.cz\/sk\/#website"},"primaryImageOfPage":{"@id":"https:\/\/begamer.cz\/sk\/produkt\/ghosts-n-goblins-resurrection-sk\/#primaryimage"},"image":{"@id":"https:\/\/begamer.cz\/sk\/produkt\/ghosts-n-goblins-resurrection-sk\/#primaryimage"},"thumbnailUrl":"https:\/\/begamer.cz\/wp-content\/uploads\/2026\/01\/ghosts-n-goblins-resurrection-1-6.webp","datePublished":"2026-01-30T16:01:48+00:00","dateModified":"2026-03-18T06:22:09+00:00","breadcrumb":{"@id":"https:\/\/begamer.cz\/sk\/produkt\/ghosts-n-goblins-resurrection-sk\/#breadcrumb"},"inLanguage":"sk-SK","potentialAction":[{"@type":"ReadAction","target":["https:\/\/begamer.cz\/sk\/produkt\/ghosts-n-goblins-resurrection-sk\/"]}]},{"@type":"ImageObject","inLanguage":"sk-SK","@id":"https:\/\/begamer.cz\/sk\/produkt\/ghosts-n-goblins-resurrection-sk\/#primaryimage","url":"https:\/\/begamer.cz\/wp-content\/uploads\/2026\/01\/ghosts-n-goblins-resurrection-1-6.webp","contentUrl":"https:\/\/begamer.cz\/wp-content\/uploads\/2026\/01\/ghosts-n-goblins-resurrection-1-6.webp","width":300,"height":400},{"@type":"BreadcrumbList","@id":"https:\/\/begamer.cz\/sk\/produkt\/ghosts-n-goblins-resurrection-sk\/#breadcrumb","itemListElement":[{"@type":"ListItem","position":1,"name":"Domov","item":"https:\/\/begamer.cz\/sk\/"},{"@type":"ListItem","position":2,"name":"Obchod","item":"https:\/\/begamer.cz\/obchod\/"},{"@type":"ListItem","position":3,"name":"Ghosts &#8218;n Goblins Resurrection"}]},{"@type":"WebSite","@id":"https:\/\/begamer.cz\/sk\/#website","url":"https:\/\/begamer.cz\/sk\/","name":"BeGamer.cz","description":"","publisher":{"@id":"https:\/\/begamer.cz\/sk\/#organization"},"potentialAction":[{"@type":"SearchAction","target":{"@type":"EntryPoint","urlTemplate":"https:\/\/begamer.cz\/sk\/?s={search_term_string}"},"query-input":{"@type":"PropertyValueSpecification","valueRequired":true,"valueName":"search_term_string"}}],"inLanguage":"sk-SK"},{"@type":"Organization","@id":"https:\/\/begamer.cz\/sk\/#organization","name":"BeGamer.cz","url":"https:\/\/begamer.cz\/sk\/","logo":{"@type":"ImageObject","inLanguage":"sk-SK","@id":"https:\/\/begamer.cz\/sk\/#\/schema\/logo\/image\/","url":"https:\/\/begamer.cz\/wp-content\/uploads\/2025\/07\/logo.svg","contentUrl":"https:\/\/begamer.cz\/wp-content\/uploads\/2025\/07\/logo.svg","caption":"BeGamer.cz"},"image":{"@id":"https:\/\/begamer.cz\/sk\/#\/schema\/logo\/image\/"}}]}},"acf":[],"_links":{"self":[{"href":"https:\/\/begamer.cz\/sk\/wp-json\/wp\/v2\/product\/97646","targetHints":{"allow":["GET"]}}],"collection":[{"href":"https:\/\/begamer.cz\/sk\/wp-json\/wp\/v2\/product"}],"about":[{"href":"https:\/\/begamer.cz\/sk\/wp-json\/wp\/v2\/types\/product"}],"replies":[{"embeddable":true,"href":"https:\/\/begamer.cz\/sk\/wp-json\/wp\/v2\/comments?post=97646"}],"wp:featuredmedia":[{"embeddable":true,"href":"https:\/\/begamer.cz\/sk\/wp-json\/wp\/v2\/media\/24320"}],"wp:attachment":[{"href":"https:\/\/begamer.cz\/sk\/wp-json\/wp\/v2\/media?parent=97646"}],"wp:term":[{"taxonomy":"product_brand","embeddable":true,"href":"https:\/\/begamer.cz\/sk\/wp-json\/wp\/v2\/product_brand?post=97646"},{"taxonomy":"product_cat","embeddable":true,"href":"https:\/\/begamer.cz\/sk\/wp-json\/wp\/v2\/product_cat?post=97646"},{"taxonomy":"product_tag","embeddable":true,"href":"https:\/\/begamer.cz\/sk\/wp-json\/wp\/v2\/product_tag?post=97646"}],"curies":[{"name":"wp","href":"https:\/\/api.w.org\/{rel}","templated":true}]}}