{"id":97643,"date":"2026-01-30T17:01:42","date_gmt":"2026-01-30T16:01:42","guid":{"rendered":"https:\/\/begamer.cz\/produkt\/exoprimal-sk-1769788904\/"},"modified":"2026-03-18T07:21:15","modified_gmt":"2026-03-18T06:21:15","slug":"exoprimal-sk-2","status":"publish","type":"product","link":"https:\/\/begamer.cz\/sk\/produkt\/exoprimal-sk-2\/","title":{"rendered":"Exoprimal"},"content":{"rendered":"<h1>O hre<\/h1>\n<p><span class=\"bb_img_ctn\"><img decoding=\"async\" class=\"bb_img\" src=\"https:\/\/shared.akamai.steamstatic.com\/store_item_assets\/steam\/apps\/1286320\/extras\/f796a9b3b81e98ebae2ef699db2a59b6.avif?t=1733977429\" width=600 height=338 \/><\/span><\/p>\n<h2 class=\"bb_tag\" ><strong>\u3010DETAILY HRY\u3011<\/strong><\/h2>\n<p>Exoprimal je online t\u00edmov\u00e1 ak\u010dn\u00e1 hra, v ktorej sa najmodernej\u0161ia technol\u00f3gia exosuitov \u013eudstva postav\u00ed proti najkrutej\u0161\u00edm zvierat\u00e1m v hist\u00f3rii \u2013 dinosaurom.  <br \/>Exosuity s\u00fa rozdelen\u00e9 do r\u00f4znych rol\u00ed a hr\u00e1\u010di ich bud\u00fa ovl\u00e1da\u0165, aby odolali obrovsk\u00fdm rojom dinosaurov v online t\u00edmov\u00fdch ak\u010dn\u00fdch hern\u00fdch re\u017eimoch.<\/p>\n<h2 class=\"bb_tag\" ><strong>\u3010PR\u00cdBEH\u3011<\/strong><\/h2>\n<p>P\u00ed\u0161e sa rok 2040&#8230;<br \/>N\u00e1hle vypuknutie dinosaurov zaplavilo zemegu\u013eu<br \/>kr\u00edzou, ktor\u00e1 ohrozuje samotn\u00fa existenciu \u013eudstva.<\/p>\n<p>Napriek tomu nie je v\u0161etka n\u00e1dej straten\u00e1. Spolo\u010dnos\u0165 Aibius vyvinula hyperpokro\u010dil\u00fa umel\u00fa inteligenciu s n\u00e1zvom Leviathan, ktor\u00e1 dok\u00e1\u017ee predpoveda\u0165 miesto bud\u00facich vypuknut\u00ed.<br \/>T\u00e1to technol\u00f3gia spolu s revolu\u010dn\u00fdmi poh\u00e1\u0148an\u00fdmi oblekmi, alebo exosuitmi, od spolo\u010dnosti Aibius d\u00e1va \u013eudstvu \u0161ancu zastavi\u0165 pr\u00edval h\u00fafov plazov.<br \/>Piloti exosuitov, zn\u00e1mi aj ako exofighters, s\u00fa ve\u013emi \u017eiadan\u00ed.<br \/>Absolvujte test sp\u00f4sobilosti exofightera a pridajte sa k hrdinsk\u00fdm pilotom spolo\u010dnosti Aibius v ich boji za z\u00e1chranu \u013eudstva pred vyhynut\u00edm.<\/p>\n<h2 class=\"bb_tag\" ><strong>\u3010EXOSKOSTIHY\u3011<\/strong><\/h2>\n<p>Exos\u00faity s\u00fa \u0161pi\u010dkov\u00e9 motorizovan\u00e9 obleky vyvinut\u00e9 na boj proti hrozbe dinosaurov.<br \/>Na z\u00e1klade svojich schopnost\u00ed sa exos\u00faity prim\u00e1rne delia do troch kateg\u00f3ri\u00ed: \u00fato\u010dn\u00e9, tankov\u00e9 a podporn\u00e9.<br \/>Exofighteri m\u00f4\u017eu exos\u00faity kedyko\u013evek zmeni\u0165, aj po\u010das boja, vykonan\u00edm v\u00fdmeny obleku. Vyu\u017eite t\u00fato flexibilitu na zmenu zlo\u017eenia svojho t\u00edmu za pochodu a splnenie svojich cie\u013eov.<\/p>\n<p><span class=\"bb_img_ctn\"><img decoding=\"async\" class=\"bb_img\" src=\"https:\/\/shared.akamai.steamstatic.com\/store_item_assets\/steam\/apps\/1286320\/extras\/1c4e3d21b2d5f844e2d25ba21c5bcd3e.avif?t=1733977429\" width=600 height=593 \/><\/span><\/p>\n<h2 class=\"bb_tag\" ><strong>\u00daLOHY<\/strong><\/h2>\n<p><strong>\u00daTO\u010cN\u00dd<\/strong><br \/>\u00dato\u010dn\u00e9 exosuity sa zameriavaj\u00fa na po\u0161kodzovanie nepriate\u013eov \u00fatokmi z bl\u00edzkej, strednej alebo dia\u013ekovej vzdialenosti.<br \/>Hoci sa presn\u00e9 vybavenie l\u00ed\u0161i, ka\u017ed\u00fd \u00fato\u010dn\u00fd exosuit je vybaven\u00fd zbra\u0148ami a schopnos\u0165ami prisp\u00f4soben\u00fdmi jeho efekt\u00edvnemu bojov\u00e9mu dosahu.<br \/>Pou\u017eite najlep\u0161iu zbra\u0148 pre dan\u00fa situ\u00e1ciu a zni\u010dte v\u0161etko, \u010do v\u00e1m stoj\u00ed v ceste.<\/p>\n<p><span class=\"bb_img_ctn\"><img decoding=\"async\" class=\"bb_img\" src=\"https:\/\/shared.akamai.steamstatic.com\/store_item_assets\/steam\/apps\/1286320\/extras\/c88b5d5a05e422f93068d5f21869df23.avif?t=1733977429\" width=600 height=338 \/><\/span><\/p>\n<p><strong>TANK<\/strong><br \/>Tankov\u00e9 exos\u00faity sa \u0161pecializuj\u00fa na ochranu svojich spojencov t\u00fdm, \u017ee na seba pri\u0165ahuj\u00fa \u00fatoky nepriate\u013eov a absorbuj\u00fa po\u0161kodenie.<br \/>\u010ci u\u017e zadr\u017eiavaj\u00fa obrovsk\u00fa hordou alebo zastavuj\u00fa ne\u00fanavn\u00e9 \u00fatoky dinosaurov, tankov\u00e9 exos\u00faity bud\u00fa tvori\u0165 prv\u00fa obrann\u00fa l\u00edniu v\u00e1\u0161ho t\u00edmu.<\/p>\n<p><span class=\"bb_img_ctn\"><img decoding=\"async\" class=\"bb_img\" src=\"https:\/\/shared.akamai.steamstatic.com\/store_item_assets\/steam\/apps\/1286320\/extras\/52d7f8c5f00a01da0247880af1d4ddaf.avif?t=1733977429\" width=600 height=338 \/><\/span><\/p>\n<p><strong>PODPORA<\/strong><br \/>Exoskelety podpory pou\u017e\u00edvaj\u00fa r\u00f4zne schopnosti, aby zabezpe\u010dili pre\u017eitie t\u00edmu.<br \/>Hoci najbe\u017enej\u0161ia je schopnos\u0165 opravova\u0165 spojeneck\u00e9 exoskelety, exoskelety podpory s\u00fa vybaven\u00e9 aj radom schopnost\u00ed posil\u0148uj\u00facich a oslabuj\u00facich.<br \/>Exoskelety podpory pou\u017e\u00edvaj\u00fa tieto schopnosti na zlep\u0161enie bojovej efekt\u00edvnosti t\u00edmu a r\u00fdchlej\u0161ie dosiahnutie cie\u013eov.<\/p>\n<p><span class=\"bb_img_ctn\"><img decoding=\"async\" class=\"bb_img\" src=\"https:\/\/shared.akamai.steamstatic.com\/store_item_assets\/steam\/apps\/1286320\/extras\/1cfc34e805712ab132146f095d2cb446.avif?t=1733977429\" width=600 height=338 \/><\/span><\/p>\n<h2 class=\"bb_tag\" ><strong>RIGY<\/strong><\/h2>\n<p>Rigs s\u00fa dodato\u010dn\u00e9 vybavenie pre exoskelety.<br \/>Rigs poskytuj\u00fa exoskeletom dodato\u010dn\u00e9 schopnosti, ale naraz je mo\u017en\u00e9 vybavi\u0165 len jeden.<br \/>Napr\u00edklad exoskelet Zephyr vynik\u00e1 v boji na bl\u00edzku, ale m\u00e1 probl\u00e9my s nepriate\u013emi, ktor\u00ed \u00fato\u010dia z dia\u013eky. Vybavenie rigom Cannon umo\u017en\u00ed exos\u00fatu Zephyr pou\u017e\u00edva\u0165 laser s dlh\u00fdm dosahom.<br \/>Alebo vybavte exos\u00fat Roadblock rigom Aid, aby poskytoval lie\u010denie a vytvoril impozantn\u00fa obrann\u00fa l\u00edniu.<br \/>Hr\u00e1\u010di m\u00f4\u017eu experimentova\u0165 s r\u00f4znymi kombin\u00e1ciami rigov a exos\u00fatov, aby na\u0161li svoj ide\u00e1lny \u0161t\u00fdl hry. Rigy aj<br \/>exos\u00faty je mo\u017en\u00e9 kedyko\u013evek zmeni\u0165.<\/p>\n<p><span class=\"bb_img_ctn\"><img decoding=\"async\" class=\"bb_img\" src=\"https:\/\/shared.akamai.steamstatic.com\/store_item_assets\/steam\/apps\/1286320\/extras\/b4caf4b7576ce52b92cce12a0284928f.avif?t=1733977429\" width=600 height=128 \/><\/span><\/p>\n<h2 class=\"bb_tag\" ><strong>\u3010DINO SURVIVAL\u3011<\/strong><\/h2>\n<p>V Dino Survival s\u00fa\u0165a\u017eia dve p\u00e4\u0165\u010dlenn\u00e9 dru\u017estv\u00e1 o splnenie cie\u013eov.  <br \/>T\u00edmy musia dodr\u017eiava\u0165 pokyny Leviathana a splni\u0165 misiu sk\u00f4r ako ich s\u00faperi, aby vyhrali.<br \/>V niektor\u00fdch situ\u00e1ci\u00e1ch hr\u00e1\u010di bojuj\u00fa proti sebe v priamom boji, v in\u00fdch sa musia spoji\u0165 so svojimi s\u00fapermi, aby porazili siln\u00e9ho nepriate\u013ea.<br \/>V Dino Survival sa misie menia v z\u00e1vislosti od postupu hr\u00e1\u010dov v hre. Ka\u017ed\u00fd z\u00e1pas bude in\u00fd, aj ke\u010f sa bude odohr\u00e1va\u0165 v zn\u00e1mom prostred\u00ed a s zn\u00e1mymi cie\u013emi.<br \/>Hr\u00e1\u010di m\u00f4\u017eu odomkn\u00fa\u0165 pr\u00edbehov\u00e9 sekvencie hran\u00edm hry Dino Survival a tie\u017e z\u00edska\u0165 odmeny, ako s\u00fa sk\u00fasenostn\u00e9 body, ktor\u00e9 zvy\u0161uj\u00fa \u00farove\u0148 hr\u00e1\u010da a exoskeletu.<\/p>\n<p><strong>DINOSAURY<\/strong><br \/>Dinosaury, kedysi najdesivej\u0161ie a najsilnej\u0161ie stvorenia v \u017eivo\u010d\u00ed\u0161nej r\u00ed\u0161i, u\u017e nie s\u00fa minulos\u0165ou. Cestovanie<br \/>\u010dasopriestorom cez v\u00edry v\u0161ak tieto zvierat\u00e1 zmutovalo a zv\u00fd\u0161ilo ich divokos\u0165 na \u00faplne nov\u00fa \u00farove\u0148.<br \/>\u013dudstvo sa mus\u00ed spo\u013eahn\u00fa\u0165 na svoju vynaliezavos\u0165 a najsilnej\u0161ie zbrane \u2013 exos\u00faity \u2013, aby reagovalo na t\u00fato kr\u00edzu.<\/p>\n<p><span class=\"bb_img_ctn\"><img decoding=\"async\" class=\"bb_img\" src=\"https:\/\/shared.akamai.steamstatic.com\/store_item_assets\/steam\/apps\/1286320\/extras\/1054c09306d945d60568d06403611b97.avif?t=1733977429\" width=600 height=257 \/><\/span><\/p>\n<p><strong>NEOSAURY<\/strong><br \/>Neosaury s\u00fa mutovan\u00e9 dinosaury s nezvy\u010dajn\u00fdm vzh\u013eadom a schopnos\u0165ami.<br \/>Dinosaury s\u00fa naplnen\u00e9 vysoko nestabilnou energiou, ke\u010f prekro\u010dia bari\u00e9ru v\u00edrov po prechode \u010dasopriestorom.<br \/>T\u00e1to energia je zodpovedn\u00e1 za divok\u00fa transform\u00e1ciu, ktorou prech\u00e1dza mnoho dinosaurov.<br \/>Neosaury disponuj\u00fa extr\u00e9mne vysokou koncentr\u00e1ciou tejto energie, \u010do im dod\u00e1va nezvy\u010dajn\u00fd vzh\u013ead, schopnosti a \u00fatoky.<\/p>\n<p><span class=\"bb_img_ctn\"><img decoding=\"async\" class=\"bb_img\" src=\"https:\/\/shared.akamai.steamstatic.com\/store_item_assets\/steam\/apps\/1286320\/extras\/d097124f3ab3b9a225a61cade75242f1.avif?t=1733977429\" width=600 height=186 \/><\/span><\/p>\n","protected":false},"excerpt":{"rendered":"<p>Exoprimal je online t\u00edmov\u00e1 ak\u010dn\u00e1 hra, v ktorej sa najmodernej\u0161ia exosuitov\u00e1 technol\u00f3gia \u013eudstva postav\u00ed proti najdivokej\u0161\u00edm zvierat\u00e1m hist\u00f3rie \u2013 dinosaurom.<\/p>\n","protected":false},"featured_media":24296,"comment_status":"open","ping_status":"closed","template":"","meta":{"_acf_changed":false},"product_brand":[],"product_cat":[272,278,268,266,312,9064],"product_tag":[],"class_list":{"0":"post-97643","1":"product","2":"type-product","3":"status-publish","4":"has-post-thumbnail","6":"product_cat-akcni-pc-sk","7":"product_cat-bojove-pc-hry-sk","8":"product_cat-pc-sk","9":"product_cat-pc-hry-sk","10":"product_cat-steam-pc-sk","11":"product_cat-strielacky-3","12":"pa_audio-en-us","14":"pa_countries-at","15":"pa_countries-be","16":"pa_countries-bg","17":"pa_countries-cy","18":"pa_countries-cz","20":"pa_countries-de","21":"pa_countries-dk","22":"pa_countries-ee","23":"pa_countries-es","24":"pa_countries-fi","25":"pa_countries-fr","26":"pa_countries-gr","27":"pa_countries-hr","28":"pa_countries-hu","29":"pa_countries-ie","30":"pa_countries-it","31":"pa_countries-lt","32":"pa_countries-lu","33":"pa_countries-lv","34":"pa_countries-mt","35":"pa_countries-nl","36":"pa_countries-pl","37":"pa_countries-pt","38":"pa_countries-ro","39":"pa_countries-se","40":"pa_countries-si","41":"pa_countries-sk","42":"pa_developer-capcom","44":"pa_engine-re-engine","46":"pa_game_type-main_game","48":"pa_genres-hack-and-slash-beat-em-up","50":"pa_genres-shooter","51":"pa_interface-ar","52":"pa_interface-de-de","53":"pa_interface-en-us","54":"pa_interface-es-es","55":"pa_interface-es-mx","56":"pa_interface-fr-fr","57":"pa_interface-it-it","58":"pa_interface-ja-jp","59":"pa_interface-ko-kr","60":"pa_interface-pt-br","61":"pa_interface-ru-ru","63":"pa_interface-zh-cn","64":"pa_interface-zh-tw","65":"pa_modes-co-operative","66":"pa_modes-multiplayer","68":"pa_pegi-13432","69":"pa_pegi-956","70":"pa_platform-pc-steam","72":"pa_player_perspectives-third-person","74":"pa_publisher-capcom","76":"pa_rating-14506","77":"pa_rating-1334","78":"pa_region-europe","80":"pa_subtitles-ar","81":"pa_subtitles-de-de","83":"pa_subtitles-en-us","84":"pa_subtitles-es-es","85":"pa_subtitles-ja-jp","86":"pa_subtitles-ko-kr","87":"pa_subtitles-pt-br","88":"pa_subtitles-ru-ru","89":"pa_subtitles-zh-cn","90":"pa_subtitles-zh-tw","91":"pa_themes-action","92":"pa_themes-science-fiction","95":"first","96":"instock","97":"virtual","98":"taxable","99":"purchasable","100":"product-type-simple"},"yoast_head":"<!-- This site is optimized with the Yoast SEO plugin v27.3 - https:\/\/yoast.com\/product\/yoast-seo-wordpress\/ -->\n<title>Exoprimal | BeGamer.cz<\/title>\n<meta name=\"robots\" content=\"index, follow, max-snippet:-1, max-image-preview:large, max-video-preview:-1\" \/>\n<link rel=\"canonical\" href=\"https:\/\/begamer.cz\/sk\/produkt\/exoprimal-sk-2\/\" \/>\n<meta property=\"og:locale\" content=\"sk_SK\" \/>\n<meta property=\"og:type\" content=\"article\" \/>\n<meta property=\"og:title\" content=\"Exoprimal | BeGamer.cz\" \/>\n<meta property=\"og:description\" content=\"Exoprimal je online t\u00edmov\u00e1 ak\u010dn\u00e1 hra, v ktorej sa najmodernej\u0161ia exosuitov\u00e1 technol\u00f3gia \u013eudstva postav\u00ed proti najdivokej\u0161\u00edm zvierat\u00e1m hist\u00f3rie \u2013 dinosaurom.\" \/>\n<meta property=\"og:url\" content=\"https:\/\/begamer.cz\/sk\/produkt\/exoprimal-sk-2\/\" \/>\n<meta property=\"og:site_name\" content=\"BeGamer.cz\" \/>\n<meta property=\"article:modified_time\" content=\"2026-03-18T06:21:15+00:00\" \/>\n<meta property=\"og:image\" content=\"https:\/\/begamer.cz\/wp-content\/uploads\/2026\/01\/exoprimal-2.webp\" \/>\n\t<meta property=\"og:image:width\" content=\"300\" \/>\n\t<meta property=\"og:image:height\" content=\"400\" \/>\n\t<meta property=\"og:image:type\" content=\"image\/webp\" \/>\n<meta name=\"twitter:card\" content=\"summary_large_image\" \/>\n<meta name=\"twitter:label1\" content=\"Predpokladan\u00fd \u010das \u010d\u00edtania\" \/>\n\t<meta name=\"twitter:data1\" content=\"4 min\u00faty\" \/>\n<script type=\"application\/ld+json\" class=\"yoast-schema-graph\">{\"@context\":\"https:\\\/\\\/schema.org\",\"@graph\":[{\"@type\":\"WebPage\",\"@id\":\"https:\\\/\\\/begamer.cz\\\/sk\\\/produkt\\\/exoprimal-sk-2\\\/\",\"url\":\"https:\\\/\\\/begamer.cz\\\/sk\\\/produkt\\\/exoprimal-sk-2\\\/\",\"name\":\"Exoprimal | BeGamer.cz\",\"isPartOf\":{\"@id\":\"https:\\\/\\\/begamer.cz\\\/sk\\\/#website\"},\"primaryImageOfPage\":{\"@id\":\"https:\\\/\\\/begamer.cz\\\/sk\\\/produkt\\\/exoprimal-sk-2\\\/#primaryimage\"},\"image\":{\"@id\":\"https:\\\/\\\/begamer.cz\\\/sk\\\/produkt\\\/exoprimal-sk-2\\\/#primaryimage\"},\"thumbnailUrl\":\"https:\\\/\\\/begamer.cz\\\/wp-content\\\/uploads\\\/2026\\\/01\\\/exoprimal-2.webp\",\"datePublished\":\"2026-01-30T16:01:42+00:00\",\"dateModified\":\"2026-03-18T06:21:15+00:00\",\"breadcrumb\":{\"@id\":\"https:\\\/\\\/begamer.cz\\\/sk\\\/produkt\\\/exoprimal-sk-2\\\/#breadcrumb\"},\"inLanguage\":\"sk-SK\",\"potentialAction\":[{\"@type\":\"ReadAction\",\"target\":[\"https:\\\/\\\/begamer.cz\\\/sk\\\/produkt\\\/exoprimal-sk-2\\\/\"]}]},{\"@type\":\"ImageObject\",\"inLanguage\":\"sk-SK\",\"@id\":\"https:\\\/\\\/begamer.cz\\\/sk\\\/produkt\\\/exoprimal-sk-2\\\/#primaryimage\",\"url\":\"https:\\\/\\\/begamer.cz\\\/wp-content\\\/uploads\\\/2026\\\/01\\\/exoprimal-2.webp\",\"contentUrl\":\"https:\\\/\\\/begamer.cz\\\/wp-content\\\/uploads\\\/2026\\\/01\\\/exoprimal-2.webp\",\"width\":300,\"height\":400},{\"@type\":\"BreadcrumbList\",\"@id\":\"https:\\\/\\\/begamer.cz\\\/sk\\\/produkt\\\/exoprimal-sk-2\\\/#breadcrumb\",\"itemListElement\":[{\"@type\":\"ListItem\",\"position\":1,\"name\":\"Domov\",\"item\":\"https:\\\/\\\/begamer.cz\\\/sk\\\/\"},{\"@type\":\"ListItem\",\"position\":2,\"name\":\"Obchod\",\"item\":\"https:\\\/\\\/begamer.cz\\\/obchod\\\/\"},{\"@type\":\"ListItem\",\"position\":3,\"name\":\"Exoprimal\"}]},{\"@type\":\"WebSite\",\"@id\":\"https:\\\/\\\/begamer.cz\\\/sk\\\/#website\",\"url\":\"https:\\\/\\\/begamer.cz\\\/sk\\\/\",\"name\":\"BeGamer.cz\",\"description\":\"\",\"publisher\":{\"@id\":\"https:\\\/\\\/begamer.cz\\\/sk\\\/#organization\"},\"potentialAction\":[{\"@type\":\"SearchAction\",\"target\":{\"@type\":\"EntryPoint\",\"urlTemplate\":\"https:\\\/\\\/begamer.cz\\\/sk\\\/?s={search_term_string}\"},\"query-input\":{\"@type\":\"PropertyValueSpecification\",\"valueRequired\":true,\"valueName\":\"search_term_string\"}}],\"inLanguage\":\"sk-SK\"},{\"@type\":\"Organization\",\"@id\":\"https:\\\/\\\/begamer.cz\\\/sk\\\/#organization\",\"name\":\"BeGamer.cz\",\"url\":\"https:\\\/\\\/begamer.cz\\\/sk\\\/\",\"logo\":{\"@type\":\"ImageObject\",\"inLanguage\":\"sk-SK\",\"@id\":\"https:\\\/\\\/begamer.cz\\\/sk\\\/#\\\/schema\\\/logo\\\/image\\\/\",\"url\":\"https:\\\/\\\/begamer.cz\\\/wp-content\\\/uploads\\\/2025\\\/07\\\/logo.svg\",\"contentUrl\":\"https:\\\/\\\/begamer.cz\\\/wp-content\\\/uploads\\\/2025\\\/07\\\/logo.svg\",\"caption\":\"BeGamer.cz\"},\"image\":{\"@id\":\"https:\\\/\\\/begamer.cz\\\/sk\\\/#\\\/schema\\\/logo\\\/image\\\/\"}}]}<\/script>\n<!-- \/ Yoast SEO plugin. -->","yoast_head_json":{"title":"Exoprimal | BeGamer.cz","robots":{"index":"index","follow":"follow","max-snippet":"max-snippet:-1","max-image-preview":"max-image-preview:large","max-video-preview":"max-video-preview:-1"},"canonical":"https:\/\/begamer.cz\/sk\/produkt\/exoprimal-sk-2\/","og_locale":"sk_SK","og_type":"article","og_title":"Exoprimal | BeGamer.cz","og_description":"Exoprimal je online t\u00edmov\u00e1 ak\u010dn\u00e1 hra, v ktorej sa najmodernej\u0161ia exosuitov\u00e1 technol\u00f3gia \u013eudstva postav\u00ed proti najdivokej\u0161\u00edm zvierat\u00e1m hist\u00f3rie \u2013 dinosaurom.","og_url":"https:\/\/begamer.cz\/sk\/produkt\/exoprimal-sk-2\/","og_site_name":"BeGamer.cz","article_modified_time":"2026-03-18T06:21:15+00:00","og_image":[{"width":300,"height":400,"url":"https:\/\/begamer.cz\/wp-content\/uploads\/2026\/01\/exoprimal-2.webp","type":"image\/webp"}],"twitter_card":"summary_large_image","twitter_misc":{"Predpokladan\u00fd \u010das \u010d\u00edtania":"4 min\u00faty"},"schema":{"@context":"https:\/\/schema.org","@graph":[{"@type":"WebPage","@id":"https:\/\/begamer.cz\/sk\/produkt\/exoprimal-sk-2\/","url":"https:\/\/begamer.cz\/sk\/produkt\/exoprimal-sk-2\/","name":"Exoprimal | BeGamer.cz","isPartOf":{"@id":"https:\/\/begamer.cz\/sk\/#website"},"primaryImageOfPage":{"@id":"https:\/\/begamer.cz\/sk\/produkt\/exoprimal-sk-2\/#primaryimage"},"image":{"@id":"https:\/\/begamer.cz\/sk\/produkt\/exoprimal-sk-2\/#primaryimage"},"thumbnailUrl":"https:\/\/begamer.cz\/wp-content\/uploads\/2026\/01\/exoprimal-2.webp","datePublished":"2026-01-30T16:01:42+00:00","dateModified":"2026-03-18T06:21:15+00:00","breadcrumb":{"@id":"https:\/\/begamer.cz\/sk\/produkt\/exoprimal-sk-2\/#breadcrumb"},"inLanguage":"sk-SK","potentialAction":[{"@type":"ReadAction","target":["https:\/\/begamer.cz\/sk\/produkt\/exoprimal-sk-2\/"]}]},{"@type":"ImageObject","inLanguage":"sk-SK","@id":"https:\/\/begamer.cz\/sk\/produkt\/exoprimal-sk-2\/#primaryimage","url":"https:\/\/begamer.cz\/wp-content\/uploads\/2026\/01\/exoprimal-2.webp","contentUrl":"https:\/\/begamer.cz\/wp-content\/uploads\/2026\/01\/exoprimal-2.webp","width":300,"height":400},{"@type":"BreadcrumbList","@id":"https:\/\/begamer.cz\/sk\/produkt\/exoprimal-sk-2\/#breadcrumb","itemListElement":[{"@type":"ListItem","position":1,"name":"Domov","item":"https:\/\/begamer.cz\/sk\/"},{"@type":"ListItem","position":2,"name":"Obchod","item":"https:\/\/begamer.cz\/obchod\/"},{"@type":"ListItem","position":3,"name":"Exoprimal"}]},{"@type":"WebSite","@id":"https:\/\/begamer.cz\/sk\/#website","url":"https:\/\/begamer.cz\/sk\/","name":"BeGamer.cz","description":"","publisher":{"@id":"https:\/\/begamer.cz\/sk\/#organization"},"potentialAction":[{"@type":"SearchAction","target":{"@type":"EntryPoint","urlTemplate":"https:\/\/begamer.cz\/sk\/?s={search_term_string}"},"query-input":{"@type":"PropertyValueSpecification","valueRequired":true,"valueName":"search_term_string"}}],"inLanguage":"sk-SK"},{"@type":"Organization","@id":"https:\/\/begamer.cz\/sk\/#organization","name":"BeGamer.cz","url":"https:\/\/begamer.cz\/sk\/","logo":{"@type":"ImageObject","inLanguage":"sk-SK","@id":"https:\/\/begamer.cz\/sk\/#\/schema\/logo\/image\/","url":"https:\/\/begamer.cz\/wp-content\/uploads\/2025\/07\/logo.svg","contentUrl":"https:\/\/begamer.cz\/wp-content\/uploads\/2025\/07\/logo.svg","caption":"BeGamer.cz"},"image":{"@id":"https:\/\/begamer.cz\/sk\/#\/schema\/logo\/image\/"}}]}},"acf":[],"_links":{"self":[{"href":"https:\/\/begamer.cz\/sk\/wp-json\/wp\/v2\/product\/97643","targetHints":{"allow":["GET"]}}],"collection":[{"href":"https:\/\/begamer.cz\/sk\/wp-json\/wp\/v2\/product"}],"about":[{"href":"https:\/\/begamer.cz\/sk\/wp-json\/wp\/v2\/types\/product"}],"replies":[{"embeddable":true,"href":"https:\/\/begamer.cz\/sk\/wp-json\/wp\/v2\/comments?post=97643"}],"wp:featuredmedia":[{"embeddable":true,"href":"https:\/\/begamer.cz\/sk\/wp-json\/wp\/v2\/media\/24296"}],"wp:attachment":[{"href":"https:\/\/begamer.cz\/sk\/wp-json\/wp\/v2\/media?parent=97643"}],"wp:term":[{"taxonomy":"product_brand","embeddable":true,"href":"https:\/\/begamer.cz\/sk\/wp-json\/wp\/v2\/product_brand?post=97643"},{"taxonomy":"product_cat","embeddable":true,"href":"https:\/\/begamer.cz\/sk\/wp-json\/wp\/v2\/product_cat?post=97643"},{"taxonomy":"product_tag","embeddable":true,"href":"https:\/\/begamer.cz\/sk\/wp-json\/wp\/v2\/product_tag?post=97643"}],"curies":[{"name":"wp","href":"https:\/\/api.w.org\/{rel}","templated":true}]}}