{"id":97634,"date":"2026-01-30T17:01:29","date_gmt":"2026-01-30T16:01:29","guid":{"rendered":"https:\/\/begamer.cz\/produkt\/phoenix-wright-ace-attorney-trilogy-sk\/"},"modified":"2026-03-18T07:21:06","modified_gmt":"2026-03-18T06:21:06","slug":"phoenix-wright-ace-attorney-trilogy-sk","status":"publish","type":"product","link":"https:\/\/begamer.cz\/sk\/produkt\/phoenix-wright-ace-attorney-trilogy-sk\/","title":{"rendered":"Phoenix Wright: Ace Attorney Trilogy"},"content":{"rendered":"<p>Br\u00e1\u0148te nevinn\u00fdch a zachr\u00e1\u0148te situ\u00e1ciu! S\u00fadny hrdina Phoenix Wright ud\u00e1va t\u00f3n tejto zimy v digit\u00e1lnej verzii hry Phoenix Wright: Ace Attorney Trilogy. Za\u017eite origin\u00e1lnu tril\u00f3giu ako nikdy predt\u00fdm v\u010faka jasnej grafike s vysok\u00fdm rozl\u00ed\u0161en\u00edm a pohlcuj\u00facim 3D vizu\u00e1lom optimalizovan\u00fdm pre syst\u00e9m Nintendo 3DS.<\/p>\n<p>Pridajte sa k za\u010d\u00ednaj\u00facemu pr\u00e1vnikovi Phoenixovi Wrightovi v po\u010diatkoch jeho kari\u00e9ry a pom\u00f4\u017ete mu odhali\u0165 pravdu za v\u0161etk\u00fdmi klasick\u00fdmi pr\u00edpadmi! Pripravte sa na intenz\u00edvne s\u00fadne konfront\u00e1cie vy\u0161etrovan\u00edm miest \u010dinu, zbieran\u00edm d\u00f4kazov a vypo\u010d\u00favan\u00edm svedkov. Vyu\u017eite d\u00f4kazy a svedeck\u00e9 v\u00fdpovede vo svoj prospech, ke\u010f bojujete za nevinnos\u0165 svojho klienta. V tomto s\u00fade v\u00e1m nesta\u010d\u00ed ni\u010d menej ako \u00fapln\u00e9 oslobodenie. N\u00e1jdite rozpory vo v\u00fdpovediach svedkov a odha\u013ete pravdu!<\/p>\n","protected":false},"excerpt":{"rendered":"<p>Za\u017eite nap\u00ednav\u00e9 s\u00fadne dr\u00e1my v s\u00e9rii Phoenix Wright: Ace Attorney Trilogy. Zahrajte si za obhajcu Phoenixa Wrighta, rie\u0161te z\u00e1hady, zhroma\u017e\u010fujte d\u00f4kazy a vypo\u010d\u00favajte svedkov, aby ste odhalili pravdu. Obsahuje v\u0161etky tri klasick\u00e9 pr\u00edpady z tejto ob\u013e\u00fabenej s\u00e9rie vizu\u00e1lnych rom\u00e1nov.<\/p>\n","protected":false},"featured_media":24248,"comment_status":"open","ping_status":"closed","template":"","meta":{"_acf_changed":false},"product_brand":[],"product_cat":[270,294,268,266,312],"product_tag":[],"class_list":{"0":"post-97634","1":"product","2":"type-product","3":"status-publish","4":"has-post-thumbnail","6":"product_cat-adventury-pc-hry-sk","7":"product_cat-logicke-pc-hry-sk","8":"product_cat-pc-sk","9":"product_cat-pc-hry-sk","10":"product_cat-steam-pc-sk","11":"pa_countries-at","12":"pa_countries-be","13":"pa_countries-bg","14":"pa_countries-cy","15":"pa_countries-cz","17":"pa_countries-de","18":"pa_countries-dk","19":"pa_countries-ee","20":"pa_countries-es","21":"pa_countries-fi","22":"pa_countries-fr","23":"pa_countries-gr","24":"pa_countries-hr","25":"pa_countries-hu","26":"pa_countries-ie","27":"pa_countries-it","28":"pa_countries-lt","29":"pa_countries-lu","30":"pa_countries-lv","31":"pa_countries-mt","32":"pa_countries-nl","33":"pa_countries-pl","34":"pa_countries-pt","35":"pa_countries-ro","36":"pa_countries-se","37":"pa_countries-si","38":"pa_countries-sk","39":"pa_developer-capcom","41":"pa_engine-unity","43":"pa_franchises-ace-attorney","45":"pa_game_type-bundle","47":"pa_genres-adventure","48":"pa_genres-puzzle","49":"pa_genres-simulator","50":"pa_genres-visual-novel","52":"pa_interface-de-de","53":"pa_interface-en-us","54":"pa_interface-fr-fr","55":"pa_interface-ja-jp","56":"pa_interface-ko-kr","58":"pa_interface-zh-cn","59":"pa_interface-zh-tw","60":"pa_modes-single-player","62":"pa_pegi-13428","63":"pa_pegi-927","64":"pa_platform-pc-steam","66":"pa_publisher-capcom","68":"pa_rating-1009","69":"pa_rating-14464","70":"pa_region-europe","72":"pa_subtitles-de-de","74":"pa_subtitles-en-us","75":"pa_subtitles-fr-fr","76":"pa_subtitles-ja-jp","77":"pa_subtitles-ko-kr","78":"pa_subtitles-zh-cn","79":"pa_subtitles-zh-tw","80":"pa_themes-comedy","81":"pa_themes-drama","82":"pa_themes-mystery","85":"first","86":"instock","87":"virtual","88":"taxable","89":"purchasable","90":"product-type-simple"},"yoast_head":"<!-- This site is optimized with the Yoast SEO plugin v27.3 - https:\/\/yoast.com\/product\/yoast-seo-wordpress\/ -->\n<title>Phoenix Wright: Ace Attorney Trilogy | BeGamer.cz<\/title>\n<meta name=\"robots\" content=\"index, follow, max-snippet:-1, max-image-preview:large, max-video-preview:-1\" \/>\n<link rel=\"canonical\" href=\"https:\/\/begamer.cz\/sk\/produkt\/phoenix-wright-ace-attorney-trilogy-sk\/\" \/>\n<meta property=\"og:locale\" content=\"sk_SK\" \/>\n<meta property=\"og:type\" content=\"article\" \/>\n<meta property=\"og:title\" content=\"Phoenix Wright: Ace Attorney Trilogy | BeGamer.cz\" \/>\n<meta property=\"og:description\" content=\"Za\u017eite nap\u00ednav\u00e9 s\u00fadne dr\u00e1my v s\u00e9rii Phoenix Wright: Ace Attorney Trilogy. Zahrajte si za obhajcu Phoenixa Wrighta, rie\u0161te z\u00e1hady, zhroma\u017e\u010fujte d\u00f4kazy a vypo\u010d\u00favajte svedkov, aby ste odhalili pravdu. Obsahuje v\u0161etky tri klasick\u00e9 pr\u00edpady z tejto ob\u013e\u00fabenej s\u00e9rie vizu\u00e1lnych rom\u00e1nov.\" \/>\n<meta property=\"og:url\" content=\"https:\/\/begamer.cz\/sk\/produkt\/phoenix-wright-ace-attorney-trilogy-sk\/\" \/>\n<meta property=\"og:site_name\" content=\"BeGamer.cz\" \/>\n<meta property=\"article:modified_time\" content=\"2026-03-18T06:21:06+00:00\" \/>\n<meta property=\"og:image\" content=\"https:\/\/begamer.cz\/wp-content\/uploads\/2026\/01\/phoenix-wright-ace-attorney-trilogy-6.webp\" \/>\n\t<meta property=\"og:image:width\" content=\"300\" \/>\n\t<meta property=\"og:image:height\" content=\"400\" \/>\n\t<meta property=\"og:image:type\" content=\"image\/webp\" \/>\n<meta name=\"twitter:card\" content=\"summary_large_image\" \/>\n<meta name=\"twitter:label1\" content=\"Predpokladan\u00fd \u010das \u010d\u00edtania\" \/>\n\t<meta name=\"twitter:data1\" content=\"1 min\u00fata\" \/>\n<script type=\"application\/ld+json\" class=\"yoast-schema-graph\">{\"@context\":\"https:\\\/\\\/schema.org\",\"@graph\":[{\"@type\":\"WebPage\",\"@id\":\"https:\\\/\\\/begamer.cz\\\/sk\\\/produkt\\\/phoenix-wright-ace-attorney-trilogy-sk\\\/\",\"url\":\"https:\\\/\\\/begamer.cz\\\/sk\\\/produkt\\\/phoenix-wright-ace-attorney-trilogy-sk\\\/\",\"name\":\"Phoenix Wright: Ace Attorney Trilogy | BeGamer.cz\",\"isPartOf\":{\"@id\":\"https:\\\/\\\/begamer.cz\\\/sk\\\/#website\"},\"primaryImageOfPage\":{\"@id\":\"https:\\\/\\\/begamer.cz\\\/sk\\\/produkt\\\/phoenix-wright-ace-attorney-trilogy-sk\\\/#primaryimage\"},\"image\":{\"@id\":\"https:\\\/\\\/begamer.cz\\\/sk\\\/produkt\\\/phoenix-wright-ace-attorney-trilogy-sk\\\/#primaryimage\"},\"thumbnailUrl\":\"https:\\\/\\\/begamer.cz\\\/wp-content\\\/uploads\\\/2026\\\/01\\\/phoenix-wright-ace-attorney-trilogy-6.webp\",\"datePublished\":\"2026-01-30T16:01:29+00:00\",\"dateModified\":\"2026-03-18T06:21:06+00:00\",\"breadcrumb\":{\"@id\":\"https:\\\/\\\/begamer.cz\\\/sk\\\/produkt\\\/phoenix-wright-ace-attorney-trilogy-sk\\\/#breadcrumb\"},\"inLanguage\":\"sk-SK\",\"potentialAction\":[{\"@type\":\"ReadAction\",\"target\":[\"https:\\\/\\\/begamer.cz\\\/sk\\\/produkt\\\/phoenix-wright-ace-attorney-trilogy-sk\\\/\"]}]},{\"@type\":\"ImageObject\",\"inLanguage\":\"sk-SK\",\"@id\":\"https:\\\/\\\/begamer.cz\\\/sk\\\/produkt\\\/phoenix-wright-ace-attorney-trilogy-sk\\\/#primaryimage\",\"url\":\"https:\\\/\\\/begamer.cz\\\/wp-content\\\/uploads\\\/2026\\\/01\\\/phoenix-wright-ace-attorney-trilogy-6.webp\",\"contentUrl\":\"https:\\\/\\\/begamer.cz\\\/wp-content\\\/uploads\\\/2026\\\/01\\\/phoenix-wright-ace-attorney-trilogy-6.webp\",\"width\":300,\"height\":400},{\"@type\":\"BreadcrumbList\",\"@id\":\"https:\\\/\\\/begamer.cz\\\/sk\\\/produkt\\\/phoenix-wright-ace-attorney-trilogy-sk\\\/#breadcrumb\",\"itemListElement\":[{\"@type\":\"ListItem\",\"position\":1,\"name\":\"Domov\",\"item\":\"https:\\\/\\\/begamer.cz\\\/sk\\\/\"},{\"@type\":\"ListItem\",\"position\":2,\"name\":\"Obchod\",\"item\":\"https:\\\/\\\/begamer.cz\\\/obchod\\\/\"},{\"@type\":\"ListItem\",\"position\":3,\"name\":\"Phoenix Wright: Ace Attorney Trilogy\"}]},{\"@type\":\"WebSite\",\"@id\":\"https:\\\/\\\/begamer.cz\\\/sk\\\/#website\",\"url\":\"https:\\\/\\\/begamer.cz\\\/sk\\\/\",\"name\":\"BeGamer.cz\",\"description\":\"\",\"publisher\":{\"@id\":\"https:\\\/\\\/begamer.cz\\\/sk\\\/#organization\"},\"potentialAction\":[{\"@type\":\"SearchAction\",\"target\":{\"@type\":\"EntryPoint\",\"urlTemplate\":\"https:\\\/\\\/begamer.cz\\\/sk\\\/?s={search_term_string}\"},\"query-input\":{\"@type\":\"PropertyValueSpecification\",\"valueRequired\":true,\"valueName\":\"search_term_string\"}}],\"inLanguage\":\"sk-SK\"},{\"@type\":\"Organization\",\"@id\":\"https:\\\/\\\/begamer.cz\\\/sk\\\/#organization\",\"name\":\"BeGamer.cz\",\"url\":\"https:\\\/\\\/begamer.cz\\\/sk\\\/\",\"logo\":{\"@type\":\"ImageObject\",\"inLanguage\":\"sk-SK\",\"@id\":\"https:\\\/\\\/begamer.cz\\\/sk\\\/#\\\/schema\\\/logo\\\/image\\\/\",\"url\":\"https:\\\/\\\/begamer.cz\\\/wp-content\\\/uploads\\\/2025\\\/07\\\/logo.svg\",\"contentUrl\":\"https:\\\/\\\/begamer.cz\\\/wp-content\\\/uploads\\\/2025\\\/07\\\/logo.svg\",\"caption\":\"BeGamer.cz\"},\"image\":{\"@id\":\"https:\\\/\\\/begamer.cz\\\/sk\\\/#\\\/schema\\\/logo\\\/image\\\/\"}}]}<\/script>\n<!-- \/ Yoast SEO plugin. -->","yoast_head_json":{"title":"Phoenix Wright: Ace Attorney Trilogy | BeGamer.cz","robots":{"index":"index","follow":"follow","max-snippet":"max-snippet:-1","max-image-preview":"max-image-preview:large","max-video-preview":"max-video-preview:-1"},"canonical":"https:\/\/begamer.cz\/sk\/produkt\/phoenix-wright-ace-attorney-trilogy-sk\/","og_locale":"sk_SK","og_type":"article","og_title":"Phoenix Wright: Ace Attorney Trilogy | BeGamer.cz","og_description":"Za\u017eite nap\u00ednav\u00e9 s\u00fadne dr\u00e1my v s\u00e9rii Phoenix Wright: Ace Attorney Trilogy. Zahrajte si za obhajcu Phoenixa Wrighta, rie\u0161te z\u00e1hady, zhroma\u017e\u010fujte d\u00f4kazy a vypo\u010d\u00favajte svedkov, aby ste odhalili pravdu. Obsahuje v\u0161etky tri klasick\u00e9 pr\u00edpady z tejto ob\u013e\u00fabenej s\u00e9rie vizu\u00e1lnych rom\u00e1nov.","og_url":"https:\/\/begamer.cz\/sk\/produkt\/phoenix-wright-ace-attorney-trilogy-sk\/","og_site_name":"BeGamer.cz","article_modified_time":"2026-03-18T06:21:06+00:00","og_image":[{"width":300,"height":400,"url":"https:\/\/begamer.cz\/wp-content\/uploads\/2026\/01\/phoenix-wright-ace-attorney-trilogy-6.webp","type":"image\/webp"}],"twitter_card":"summary_large_image","twitter_misc":{"Predpokladan\u00fd \u010das \u010d\u00edtania":"1 min\u00fata"},"schema":{"@context":"https:\/\/schema.org","@graph":[{"@type":"WebPage","@id":"https:\/\/begamer.cz\/sk\/produkt\/phoenix-wright-ace-attorney-trilogy-sk\/","url":"https:\/\/begamer.cz\/sk\/produkt\/phoenix-wright-ace-attorney-trilogy-sk\/","name":"Phoenix Wright: Ace Attorney Trilogy | BeGamer.cz","isPartOf":{"@id":"https:\/\/begamer.cz\/sk\/#website"},"primaryImageOfPage":{"@id":"https:\/\/begamer.cz\/sk\/produkt\/phoenix-wright-ace-attorney-trilogy-sk\/#primaryimage"},"image":{"@id":"https:\/\/begamer.cz\/sk\/produkt\/phoenix-wright-ace-attorney-trilogy-sk\/#primaryimage"},"thumbnailUrl":"https:\/\/begamer.cz\/wp-content\/uploads\/2026\/01\/phoenix-wright-ace-attorney-trilogy-6.webp","datePublished":"2026-01-30T16:01:29+00:00","dateModified":"2026-03-18T06:21:06+00:00","breadcrumb":{"@id":"https:\/\/begamer.cz\/sk\/produkt\/phoenix-wright-ace-attorney-trilogy-sk\/#breadcrumb"},"inLanguage":"sk-SK","potentialAction":[{"@type":"ReadAction","target":["https:\/\/begamer.cz\/sk\/produkt\/phoenix-wright-ace-attorney-trilogy-sk\/"]}]},{"@type":"ImageObject","inLanguage":"sk-SK","@id":"https:\/\/begamer.cz\/sk\/produkt\/phoenix-wright-ace-attorney-trilogy-sk\/#primaryimage","url":"https:\/\/begamer.cz\/wp-content\/uploads\/2026\/01\/phoenix-wright-ace-attorney-trilogy-6.webp","contentUrl":"https:\/\/begamer.cz\/wp-content\/uploads\/2026\/01\/phoenix-wright-ace-attorney-trilogy-6.webp","width":300,"height":400},{"@type":"BreadcrumbList","@id":"https:\/\/begamer.cz\/sk\/produkt\/phoenix-wright-ace-attorney-trilogy-sk\/#breadcrumb","itemListElement":[{"@type":"ListItem","position":1,"name":"Domov","item":"https:\/\/begamer.cz\/sk\/"},{"@type":"ListItem","position":2,"name":"Obchod","item":"https:\/\/begamer.cz\/obchod\/"},{"@type":"ListItem","position":3,"name":"Phoenix Wright: Ace Attorney Trilogy"}]},{"@type":"WebSite","@id":"https:\/\/begamer.cz\/sk\/#website","url":"https:\/\/begamer.cz\/sk\/","name":"BeGamer.cz","description":"","publisher":{"@id":"https:\/\/begamer.cz\/sk\/#organization"},"potentialAction":[{"@type":"SearchAction","target":{"@type":"EntryPoint","urlTemplate":"https:\/\/begamer.cz\/sk\/?s={search_term_string}"},"query-input":{"@type":"PropertyValueSpecification","valueRequired":true,"valueName":"search_term_string"}}],"inLanguage":"sk-SK"},{"@type":"Organization","@id":"https:\/\/begamer.cz\/sk\/#organization","name":"BeGamer.cz","url":"https:\/\/begamer.cz\/sk\/","logo":{"@type":"ImageObject","inLanguage":"sk-SK","@id":"https:\/\/begamer.cz\/sk\/#\/schema\/logo\/image\/","url":"https:\/\/begamer.cz\/wp-content\/uploads\/2025\/07\/logo.svg","contentUrl":"https:\/\/begamer.cz\/wp-content\/uploads\/2025\/07\/logo.svg","caption":"BeGamer.cz"},"image":{"@id":"https:\/\/begamer.cz\/sk\/#\/schema\/logo\/image\/"}}]}},"acf":[],"_links":{"self":[{"href":"https:\/\/begamer.cz\/sk\/wp-json\/wp\/v2\/product\/97634","targetHints":{"allow":["GET"]}}],"collection":[{"href":"https:\/\/begamer.cz\/sk\/wp-json\/wp\/v2\/product"}],"about":[{"href":"https:\/\/begamer.cz\/sk\/wp-json\/wp\/v2\/types\/product"}],"replies":[{"embeddable":true,"href":"https:\/\/begamer.cz\/sk\/wp-json\/wp\/v2\/comments?post=97634"}],"wp:featuredmedia":[{"embeddable":true,"href":"https:\/\/begamer.cz\/sk\/wp-json\/wp\/v2\/media\/24248"}],"wp:attachment":[{"href":"https:\/\/begamer.cz\/sk\/wp-json\/wp\/v2\/media?parent=97634"}],"wp:term":[{"taxonomy":"product_brand","embeddable":true,"href":"https:\/\/begamer.cz\/sk\/wp-json\/wp\/v2\/product_brand?post=97634"},{"taxonomy":"product_cat","embeddable":true,"href":"https:\/\/begamer.cz\/sk\/wp-json\/wp\/v2\/product_cat?post=97634"},{"taxonomy":"product_tag","embeddable":true,"href":"https:\/\/begamer.cz\/sk\/wp-json\/wp\/v2\/product_tag?post=97634"}],"curies":[{"name":"wp","href":"https:\/\/api.w.org\/{rel}","templated":true}]}}