{"id":97628,"date":"2026-01-30T17:01:24","date_gmt":"2026-01-30T16:01:24","guid":{"rendered":"https:\/\/begamer.cz\/produkt\/one-punch-man-a-hero-nobody-knows-deluxe-edition-sk-1769788887\/"},"modified":"2026-03-18T07:20:39","modified_gmt":"2026-03-18T06:20:39","slug":"one-punch-man-a-hero-nobody-knows-deluxe-edition-sk-2","status":"publish","type":"product","link":"https:\/\/begamer.cz\/sk\/produkt\/one-punch-man-a-hero-nobody-knows-deluxe-edition-sk-2\/","title":{"rendered":"One Punch Man: A Hero Nobody Knows \u2013 Deluxe Edition"},"content":{"rendered":"<p>Deluxe Edition obsahuje:<\/p>\n<p>&#8211; Pln\u00fa verziu hry<br \/>\n&#8211; Character Pass (Season Pass)<br \/>\n&#8211; Terrible Tornado (py\u017eamo)<br \/>\n&#8211; Genos (Arms Mode) Outfit<br \/>\n&#8211; Speed-o&#x27;-Sound Sonic Outfit<br \/>\n&#8211; Hellish Blizzard (ko\u017eu\u0161inov\u00fd kab\u00e1t)<br \/>\nPozn\u00e1mka: Pre pr\u00edstup k predmetom s\u00favisiacim s postavami je potrebn\u00e9 prejs\u0165 hlavn\u00fdm re\u017eimom.<\/p>\n<p>Prv\u00e1 hra \u201eOne Punch Man\u201c pre konzoly a PC kone\u010dne debutuje!<\/p>\n","protected":false},"excerpt":{"rendered":"<p>Za\u017eite intenz\u00edvne bitky v hre One Punch Man: A Hero Nobody Knows \u2013 Deluxe Edition. Hrajte za Saitamu a \u010fal\u0161\u00edch hrdinov, presk\u00famajte kultov\u00e9 lokality a vychutnajte si exkluz\u00edvny obsah v deluxe bal\u00ed\u010dku. Ponorte sa do r\u00fdchlej akcie in\u0161pirovanej anime a dok\u00e1\u017ete svoju silu ako najv\u00e4\u010d\u0161\u00ed hrdina.<\/p>\n","protected":false},"featured_media":12926,"comment_status":"open","ping_status":"closed","template":"","meta":{"_acf_changed":false},"product_brand":[],"product_cat":[268,266,312],"product_tag":[],"class_list":{"0":"post-97628","1":"product","2":"type-product","3":"status-publish","4":"has-post-thumbnail","6":"product_cat-pc-sk","7":"product_cat-pc-hry-sk","8":"product_cat-steam-pc-sk","9":"pa_audio-en-us","10":"pa_audio-ja-jp","12":"pa_countries-at","13":"pa_countries-be","14":"pa_countries-bg","15":"pa_countries-cy","16":"pa_countries-cz","18":"pa_countries-de","19":"pa_countries-dk","20":"pa_countries-ee","21":"pa_countries-es","22":"pa_countries-fi","23":"pa_countries-fr","24":"pa_countries-gr","25":"pa_countries-hr","26":"pa_countries-hu","27":"pa_countries-ie","28":"pa_countries-it","29":"pa_countries-lt","30":"pa_countries-lu","31":"pa_countries-lv","32":"pa_countries-mt","33":"pa_countries-nl","34":"pa_countries-pl","35":"pa_countries-pt","36":"pa_countries-ro","37":"pa_countries-se","38":"pa_countries-si","39":"pa_countries-sk","40":"pa_game_type-main_game","42":"pa_interface-de-de","43":"pa_interface-en-us","44":"pa_interface-es-es","45":"pa_interface-es-mx","46":"pa_interface-fr-fr","47":"pa_interface-it-it","48":"pa_interface-ja-jp","49":"pa_interface-ko-kr","50":"pa_interface-pt-br","51":"pa_interface-ru-ru","53":"pa_interface-zh-cn","54":"pa_interface-zh-tw","55":"pa_modes-multiplayer","57":"pa_modes-single-player","58":"pa_pegi-927","59":"pa_pegi-13428","60":"pa_platform-pc-steam","62":"pa_rating-14441","63":"pa_rating-773","64":"pa_region-europe","66":"pa_subtitles-de-de","68":"pa_subtitles-en-us","69":"pa_subtitles-es-es","70":"pa_subtitles-es-mx","71":"pa_subtitles-fr-fr","72":"pa_subtitles-it-it","73":"pa_subtitles-ja-jp","74":"pa_subtitles-ko-kr","75":"pa_subtitles-pt-br","76":"pa_subtitles-ru-ru","77":"pa_subtitles-zh-cn","78":"pa_subtitles-zh-tw","80":"first","81":"instock","82":"virtual","83":"taxable","84":"purchasable","85":"product-type-simple"},"yoast_head":"<!-- This site is optimized with the Yoast SEO plugin v27.4 - https:\/\/yoast.com\/product\/yoast-seo-wordpress\/ -->\n<title>One Punch Man: A Hero Nobody Knows - Deluxe Edition | BeGamer.cz<\/title>\n<meta name=\"robots\" content=\"index, follow, max-snippet:-1, max-image-preview:large, max-video-preview:-1\" \/>\n<link rel=\"canonical\" href=\"https:\/\/begamer.cz\/sk\/produkt\/one-punch-man-a-hero-nobody-knows-deluxe-edition-sk-2\/\" \/>\n<meta property=\"og:locale\" content=\"sk_SK\" \/>\n<meta property=\"og:type\" content=\"article\" \/>\n<meta property=\"og:title\" content=\"One Punch Man: A Hero Nobody Knows - Deluxe Edition | BeGamer.cz\" \/>\n<meta property=\"og:description\" content=\"Za\u017eite intenz\u00edvne bitky v hre One Punch Man: A Hero Nobody Knows \u2013 Deluxe Edition. Hrajte za Saitamu a \u010fal\u0161\u00edch hrdinov, presk\u00famajte kultov\u00e9 lokality a vychutnajte si exkluz\u00edvny obsah v deluxe bal\u00ed\u010dku. Ponorte sa do r\u00fdchlej akcie in\u0161pirovanej anime a dok\u00e1\u017ete svoju silu ako najv\u00e4\u010d\u0161\u00ed hrdina.\" \/>\n<meta property=\"og:url\" content=\"https:\/\/begamer.cz\/sk\/produkt\/one-punch-man-a-hero-nobody-knows-deluxe-edition-sk-2\/\" \/>\n<meta property=\"og:site_name\" content=\"BeGamer.cz\" \/>\n<meta property=\"article:modified_time\" content=\"2026-03-18T06:20:39+00:00\" \/>\n<meta property=\"og:image\" content=\"https:\/\/begamer.cz\/wp-content\/uploads\/2026\/01\/one-punch-man-a-hero-nobody-knows-deluxe-edition-3.webp\" \/>\n\t<meta property=\"og:image:width\" content=\"300\" \/>\n\t<meta property=\"og:image:height\" content=\"400\" \/>\n\t<meta property=\"og:image:type\" content=\"image\/webp\" \/>\n<meta name=\"twitter:card\" content=\"summary_large_image\" \/>\n<script type=\"application\/ld+json\" class=\"yoast-schema-graph\">{\"@context\":\"https:\\\/\\\/schema.org\",\"@graph\":[{\"@type\":\"WebPage\",\"@id\":\"https:\\\/\\\/begamer.cz\\\/sk\\\/produkt\\\/one-punch-man-a-hero-nobody-knows-deluxe-edition-sk-2\\\/\",\"url\":\"https:\\\/\\\/begamer.cz\\\/sk\\\/produkt\\\/one-punch-man-a-hero-nobody-knows-deluxe-edition-sk-2\\\/\",\"name\":\"One Punch Man: A Hero Nobody Knows - Deluxe Edition | BeGamer.cz\",\"isPartOf\":{\"@id\":\"https:\\\/\\\/begamer.cz\\\/sk\\\/#website\"},\"primaryImageOfPage\":{\"@id\":\"https:\\\/\\\/begamer.cz\\\/sk\\\/produkt\\\/one-punch-man-a-hero-nobody-knows-deluxe-edition-sk-2\\\/#primaryimage\"},\"image\":{\"@id\":\"https:\\\/\\\/begamer.cz\\\/sk\\\/produkt\\\/one-punch-man-a-hero-nobody-knows-deluxe-edition-sk-2\\\/#primaryimage\"},\"thumbnailUrl\":\"https:\\\/\\\/begamer.cz\\\/wp-content\\\/uploads\\\/2026\\\/01\\\/one-punch-man-a-hero-nobody-knows-deluxe-edition-3.webp\",\"datePublished\":\"2026-01-30T16:01:24+00:00\",\"dateModified\":\"2026-03-18T06:20:39+00:00\",\"breadcrumb\":{\"@id\":\"https:\\\/\\\/begamer.cz\\\/sk\\\/produkt\\\/one-punch-man-a-hero-nobody-knows-deluxe-edition-sk-2\\\/#breadcrumb\"},\"inLanguage\":\"sk-SK\",\"potentialAction\":[{\"@type\":\"ReadAction\",\"target\":[\"https:\\\/\\\/begamer.cz\\\/sk\\\/produkt\\\/one-punch-man-a-hero-nobody-knows-deluxe-edition-sk-2\\\/\"]}]},{\"@type\":\"ImageObject\",\"inLanguage\":\"sk-SK\",\"@id\":\"https:\\\/\\\/begamer.cz\\\/sk\\\/produkt\\\/one-punch-man-a-hero-nobody-knows-deluxe-edition-sk-2\\\/#primaryimage\",\"url\":\"https:\\\/\\\/begamer.cz\\\/wp-content\\\/uploads\\\/2026\\\/01\\\/one-punch-man-a-hero-nobody-knows-deluxe-edition-3.webp\",\"contentUrl\":\"https:\\\/\\\/begamer.cz\\\/wp-content\\\/uploads\\\/2026\\\/01\\\/one-punch-man-a-hero-nobody-knows-deluxe-edition-3.webp\",\"width\":300,\"height\":400},{\"@type\":\"BreadcrumbList\",\"@id\":\"https:\\\/\\\/begamer.cz\\\/sk\\\/produkt\\\/one-punch-man-a-hero-nobody-knows-deluxe-edition-sk-2\\\/#breadcrumb\",\"itemListElement\":[{\"@type\":\"ListItem\",\"position\":1,\"name\":\"Domov\",\"item\":\"https:\\\/\\\/begamer.cz\\\/sk\\\/\"},{\"@type\":\"ListItem\",\"position\":2,\"name\":\"Obchod\",\"item\":\"https:\\\/\\\/begamer.cz\\\/obchod\\\/\"},{\"@type\":\"ListItem\",\"position\":3,\"name\":\"One Punch Man: A Hero Nobody Knows &#8211; Deluxe Edition\"}]},{\"@type\":\"WebSite\",\"@id\":\"https:\\\/\\\/begamer.cz\\\/sk\\\/#website\",\"url\":\"https:\\\/\\\/begamer.cz\\\/sk\\\/\",\"name\":\"BeGamer.cz\",\"description\":\"\",\"publisher\":{\"@id\":\"https:\\\/\\\/begamer.cz\\\/sk\\\/#organization\"},\"potentialAction\":[{\"@type\":\"SearchAction\",\"target\":{\"@type\":\"EntryPoint\",\"urlTemplate\":\"https:\\\/\\\/begamer.cz\\\/sk\\\/?s={search_term_string}\"},\"query-input\":{\"@type\":\"PropertyValueSpecification\",\"valueRequired\":true,\"valueName\":\"search_term_string\"}}],\"inLanguage\":\"sk-SK\"},{\"@type\":\"Organization\",\"@id\":\"https:\\\/\\\/begamer.cz\\\/sk\\\/#organization\",\"name\":\"BeGamer.cz\",\"url\":\"https:\\\/\\\/begamer.cz\\\/sk\\\/\",\"logo\":{\"@type\":\"ImageObject\",\"inLanguage\":\"sk-SK\",\"@id\":\"https:\\\/\\\/begamer.cz\\\/sk\\\/#\\\/schema\\\/logo\\\/image\\\/\",\"url\":\"https:\\\/\\\/begamer.cz\\\/wp-content\\\/uploads\\\/2025\\\/07\\\/logo.svg\",\"contentUrl\":\"https:\\\/\\\/begamer.cz\\\/wp-content\\\/uploads\\\/2025\\\/07\\\/logo.svg\",\"caption\":\"BeGamer.cz\"},\"image\":{\"@id\":\"https:\\\/\\\/begamer.cz\\\/sk\\\/#\\\/schema\\\/logo\\\/image\\\/\"}}]}<\/script>\n<!-- \/ Yoast SEO plugin. -->","yoast_head_json":{"title":"One Punch Man: A Hero Nobody Knows - Deluxe Edition | BeGamer.cz","robots":{"index":"index","follow":"follow","max-snippet":"max-snippet:-1","max-image-preview":"max-image-preview:large","max-video-preview":"max-video-preview:-1"},"canonical":"https:\/\/begamer.cz\/sk\/produkt\/one-punch-man-a-hero-nobody-knows-deluxe-edition-sk-2\/","og_locale":"sk_SK","og_type":"article","og_title":"One Punch Man: A Hero Nobody Knows - Deluxe Edition | BeGamer.cz","og_description":"Za\u017eite intenz\u00edvne bitky v hre One Punch Man: A Hero Nobody Knows \u2013 Deluxe Edition. Hrajte za Saitamu a \u010fal\u0161\u00edch hrdinov, presk\u00famajte kultov\u00e9 lokality a vychutnajte si exkluz\u00edvny obsah v deluxe bal\u00ed\u010dku. Ponorte sa do r\u00fdchlej akcie in\u0161pirovanej anime a dok\u00e1\u017ete svoju silu ako najv\u00e4\u010d\u0161\u00ed hrdina.","og_url":"https:\/\/begamer.cz\/sk\/produkt\/one-punch-man-a-hero-nobody-knows-deluxe-edition-sk-2\/","og_site_name":"BeGamer.cz","article_modified_time":"2026-03-18T06:20:39+00:00","og_image":[{"width":300,"height":400,"url":"https:\/\/begamer.cz\/wp-content\/uploads\/2026\/01\/one-punch-man-a-hero-nobody-knows-deluxe-edition-3.webp","type":"image\/webp"}],"twitter_card":"summary_large_image","schema":{"@context":"https:\/\/schema.org","@graph":[{"@type":"WebPage","@id":"https:\/\/begamer.cz\/sk\/produkt\/one-punch-man-a-hero-nobody-knows-deluxe-edition-sk-2\/","url":"https:\/\/begamer.cz\/sk\/produkt\/one-punch-man-a-hero-nobody-knows-deluxe-edition-sk-2\/","name":"One Punch Man: A Hero Nobody Knows - Deluxe Edition | BeGamer.cz","isPartOf":{"@id":"https:\/\/begamer.cz\/sk\/#website"},"primaryImageOfPage":{"@id":"https:\/\/begamer.cz\/sk\/produkt\/one-punch-man-a-hero-nobody-knows-deluxe-edition-sk-2\/#primaryimage"},"image":{"@id":"https:\/\/begamer.cz\/sk\/produkt\/one-punch-man-a-hero-nobody-knows-deluxe-edition-sk-2\/#primaryimage"},"thumbnailUrl":"https:\/\/begamer.cz\/wp-content\/uploads\/2026\/01\/one-punch-man-a-hero-nobody-knows-deluxe-edition-3.webp","datePublished":"2026-01-30T16:01:24+00:00","dateModified":"2026-03-18T06:20:39+00:00","breadcrumb":{"@id":"https:\/\/begamer.cz\/sk\/produkt\/one-punch-man-a-hero-nobody-knows-deluxe-edition-sk-2\/#breadcrumb"},"inLanguage":"sk-SK","potentialAction":[{"@type":"ReadAction","target":["https:\/\/begamer.cz\/sk\/produkt\/one-punch-man-a-hero-nobody-knows-deluxe-edition-sk-2\/"]}]},{"@type":"ImageObject","inLanguage":"sk-SK","@id":"https:\/\/begamer.cz\/sk\/produkt\/one-punch-man-a-hero-nobody-knows-deluxe-edition-sk-2\/#primaryimage","url":"https:\/\/begamer.cz\/wp-content\/uploads\/2026\/01\/one-punch-man-a-hero-nobody-knows-deluxe-edition-3.webp","contentUrl":"https:\/\/begamer.cz\/wp-content\/uploads\/2026\/01\/one-punch-man-a-hero-nobody-knows-deluxe-edition-3.webp","width":300,"height":400},{"@type":"BreadcrumbList","@id":"https:\/\/begamer.cz\/sk\/produkt\/one-punch-man-a-hero-nobody-knows-deluxe-edition-sk-2\/#breadcrumb","itemListElement":[{"@type":"ListItem","position":1,"name":"Domov","item":"https:\/\/begamer.cz\/sk\/"},{"@type":"ListItem","position":2,"name":"Obchod","item":"https:\/\/begamer.cz\/obchod\/"},{"@type":"ListItem","position":3,"name":"One Punch Man: A Hero Nobody Knows &#8211; Deluxe Edition"}]},{"@type":"WebSite","@id":"https:\/\/begamer.cz\/sk\/#website","url":"https:\/\/begamer.cz\/sk\/","name":"BeGamer.cz","description":"","publisher":{"@id":"https:\/\/begamer.cz\/sk\/#organization"},"potentialAction":[{"@type":"SearchAction","target":{"@type":"EntryPoint","urlTemplate":"https:\/\/begamer.cz\/sk\/?s={search_term_string}"},"query-input":{"@type":"PropertyValueSpecification","valueRequired":true,"valueName":"search_term_string"}}],"inLanguage":"sk-SK"},{"@type":"Organization","@id":"https:\/\/begamer.cz\/sk\/#organization","name":"BeGamer.cz","url":"https:\/\/begamer.cz\/sk\/","logo":{"@type":"ImageObject","inLanguage":"sk-SK","@id":"https:\/\/begamer.cz\/sk\/#\/schema\/logo\/image\/","url":"https:\/\/begamer.cz\/wp-content\/uploads\/2025\/07\/logo.svg","contentUrl":"https:\/\/begamer.cz\/wp-content\/uploads\/2025\/07\/logo.svg","caption":"BeGamer.cz"},"image":{"@id":"https:\/\/begamer.cz\/sk\/#\/schema\/logo\/image\/"}}]}},"acf":[],"_links":{"self":[{"href":"https:\/\/begamer.cz\/sk\/wp-json\/wp\/v2\/product\/97628","targetHints":{"allow":["GET"]}}],"collection":[{"href":"https:\/\/begamer.cz\/sk\/wp-json\/wp\/v2\/product"}],"about":[{"href":"https:\/\/begamer.cz\/sk\/wp-json\/wp\/v2\/types\/product"}],"replies":[{"embeddable":true,"href":"https:\/\/begamer.cz\/sk\/wp-json\/wp\/v2\/comments?post=97628"}],"wp:featuredmedia":[{"embeddable":true,"href":"https:\/\/begamer.cz\/sk\/wp-json\/wp\/v2\/media\/12926"}],"wp:attachment":[{"href":"https:\/\/begamer.cz\/sk\/wp-json\/wp\/v2\/media?parent=97628"}],"wp:term":[{"taxonomy":"product_brand","embeddable":true,"href":"https:\/\/begamer.cz\/sk\/wp-json\/wp\/v2\/product_brand?post=97628"},{"taxonomy":"product_cat","embeddable":true,"href":"https:\/\/begamer.cz\/sk\/wp-json\/wp\/v2\/product_cat?post=97628"},{"taxonomy":"product_tag","embeddable":true,"href":"https:\/\/begamer.cz\/sk\/wp-json\/wp\/v2\/product_tag?post=97628"}],"curies":[{"name":"wp","href":"https:\/\/api.w.org\/{rel}","templated":true}]}}