{"id":97577,"date":"2026-01-30T17:00:31","date_gmt":"2026-01-30T16:00:31","guid":{"rendered":"https:\/\/begamer.cz\/produkt\/one-piece-world-seeker-deluxe-edition-sk\/"},"modified":"2026-03-18T07:17:17","modified_gmt":"2026-03-18T06:17:17","slug":"one-piece-world-seeker-deluxe-edition-sk","status":"publish","type":"product","link":"https:\/\/begamer.cz\/sk\/produkt\/one-piece-world-seeker-deluxe-edition-sk\/","title":{"rendered":"One Piece: World Seeker \u2013 Deluxe Edition"},"content":{"rendered":"<p>ONE PIECE World Seeker Deluxe Edition obsahuje hru a Episode Pass, ktor\u00fd obsahuje 3 dodato\u010dn\u00e9 bal\u00ed\u010dky epiz\u00f3d a bonusov\u00e9 predmety.<\/p>\n","protected":false},"excerpt":{"rendered":"<p>Presk\u00famajte rozsiahly otvoren\u00fd svet hry One Piece: World Seeker \u2013 Deluxe Edition. Zahrajte si za Luffyho, odha\u013eujte tajomstv\u00e1, pl\u0148te misie a bojujte s ikonick\u00fdmi nepriate\u013emi. T\u00e1to ed\u00edcia obsahuje dodato\u010dn\u00fd obsah a bonusy, ktor\u00e9 obohatia va\u0161e dobrodru\u017estvo v nap\u00ednavom svete One Piece.<\/p>\n","protected":false},"featured_media":23990,"comment_status":"open","ping_status":"closed","template":"","meta":{"_acf_changed":false},"product_brand":[],"product_cat":[270,272,268,266,312],"product_tag":[],"class_list":{"0":"post-97577","1":"product","2":"type-product","3":"status-publish","4":"has-post-thumbnail","6":"product_cat-adventury-pc-hry-sk","7":"product_cat-akcni-pc-sk","8":"product_cat-pc-sk","9":"product_cat-pc-hry-sk","10":"product_cat-steam-pc-sk","11":"pa_audio-ja-jp","13":"pa_countries-at","14":"pa_countries-be","15":"pa_countries-bg","16":"pa_countries-cy","17":"pa_countries-cz","19":"pa_countries-de","20":"pa_countries-dk","21":"pa_countries-ee","22":"pa_countries-es","23":"pa_countries-fi","24":"pa_countries-fr","25":"pa_countries-gr","26":"pa_countries-hr","27":"pa_countries-hu","28":"pa_countries-ie","29":"pa_countries-it","30":"pa_countries-lt","31":"pa_countries-lu","32":"pa_countries-lv","33":"pa_countries-mt","34":"pa_countries-nl","35":"pa_countries-pl","36":"pa_countries-pt","37":"pa_countries-ro","38":"pa_countries-se","39":"pa_countries-si","40":"pa_countries-sk","41":"pa_game_type-main_game","43":"pa_interface-de-de","44":"pa_interface-en-us","45":"pa_interface-es-es","46":"pa_interface-es-mx","47":"pa_interface-fr-fr","48":"pa_interface-it-it","49":"pa_interface-ko-kr","50":"pa_interface-pl-pl","51":"pa_interface-pt-br","52":"pa_interface-ru-ru","54":"pa_interface-zh-cn","55":"pa_interface-zh-tw","56":"pa_pegi-927","57":"pa_pegi-13428","58":"pa_platform-pc-steam","60":"pa_rating-773","61":"pa_rating-14441","62":"pa_region-europe","64":"pa_subtitles-de-de","66":"pa_subtitles-en-us","67":"pa_subtitles-es-es","68":"pa_subtitles-es-mx","69":"pa_subtitles-fr-fr","70":"pa_subtitles-it-it","71":"pa_subtitles-ko-kr","72":"pa_subtitles-pl-pl","73":"pa_subtitles-pt-br","74":"pa_subtitles-ru-ru","75":"pa_subtitles-zh-cn","76":"pa_subtitles-zh-tw","78":"first","79":"instock","80":"virtual","81":"taxable","82":"purchasable","83":"product-type-simple"},"yoast_head":"<!-- This site is optimized with the Yoast SEO plugin v27.3 - https:\/\/yoast.com\/product\/yoast-seo-wordpress\/ -->\n<title>One Piece: World Seeker - Deluxe Edition | BeGamer.cz<\/title>\n<meta name=\"robots\" content=\"index, follow, max-snippet:-1, max-image-preview:large, max-video-preview:-1\" \/>\n<link rel=\"canonical\" href=\"https:\/\/begamer.cz\/sk\/produkt\/one-piece-world-seeker-deluxe-edition-sk\/\" \/>\n<meta property=\"og:locale\" content=\"sk_SK\" \/>\n<meta property=\"og:type\" content=\"article\" \/>\n<meta property=\"og:title\" content=\"One Piece: World Seeker - Deluxe Edition | BeGamer.cz\" \/>\n<meta property=\"og:description\" content=\"Presk\u00famajte rozsiahly otvoren\u00fd svet hry One Piece: World Seeker \u2013 Deluxe Edition. Zahrajte si za Luffyho, odha\u013eujte tajomstv\u00e1, pl\u0148te misie a bojujte s ikonick\u00fdmi nepriate\u013emi. T\u00e1to ed\u00edcia obsahuje dodato\u010dn\u00fd obsah a bonusy, ktor\u00e9 obohatia va\u0161e dobrodru\u017estvo v nap\u00ednavom svete One Piece.\" \/>\n<meta property=\"og:url\" content=\"https:\/\/begamer.cz\/sk\/produkt\/one-piece-world-seeker-deluxe-edition-sk\/\" \/>\n<meta property=\"og:site_name\" content=\"BeGamer.cz\" \/>\n<meta property=\"article:modified_time\" content=\"2026-03-18T06:17:17+00:00\" \/>\n<meta property=\"og:image\" content=\"https:\/\/begamer.cz\/wp-content\/uploads\/2026\/01\/one-piece-world-seeker-deluxe-edition-10.webp\" \/>\n\t<meta property=\"og:image:width\" content=\"300\" \/>\n\t<meta property=\"og:image:height\" content=\"400\" \/>\n\t<meta property=\"og:image:type\" content=\"image\/webp\" \/>\n<meta name=\"twitter:card\" content=\"summary_large_image\" \/>\n<script type=\"application\/ld+json\" class=\"yoast-schema-graph\">{\"@context\":\"https:\\\/\\\/schema.org\",\"@graph\":[{\"@type\":\"WebPage\",\"@id\":\"https:\\\/\\\/begamer.cz\\\/sk\\\/produkt\\\/one-piece-world-seeker-deluxe-edition-sk\\\/\",\"url\":\"https:\\\/\\\/begamer.cz\\\/sk\\\/produkt\\\/one-piece-world-seeker-deluxe-edition-sk\\\/\",\"name\":\"One Piece: World Seeker - Deluxe Edition | BeGamer.cz\",\"isPartOf\":{\"@id\":\"https:\\\/\\\/begamer.cz\\\/sk\\\/#website\"},\"primaryImageOfPage\":{\"@id\":\"https:\\\/\\\/begamer.cz\\\/sk\\\/produkt\\\/one-piece-world-seeker-deluxe-edition-sk\\\/#primaryimage\"},\"image\":{\"@id\":\"https:\\\/\\\/begamer.cz\\\/sk\\\/produkt\\\/one-piece-world-seeker-deluxe-edition-sk\\\/#primaryimage\"},\"thumbnailUrl\":\"https:\\\/\\\/begamer.cz\\\/wp-content\\\/uploads\\\/2026\\\/01\\\/one-piece-world-seeker-deluxe-edition-10.webp\",\"datePublished\":\"2026-01-30T16:00:31+00:00\",\"dateModified\":\"2026-03-18T06:17:17+00:00\",\"breadcrumb\":{\"@id\":\"https:\\\/\\\/begamer.cz\\\/sk\\\/produkt\\\/one-piece-world-seeker-deluxe-edition-sk\\\/#breadcrumb\"},\"inLanguage\":\"sk-SK\",\"potentialAction\":[{\"@type\":\"ReadAction\",\"target\":[\"https:\\\/\\\/begamer.cz\\\/sk\\\/produkt\\\/one-piece-world-seeker-deluxe-edition-sk\\\/\"]}]},{\"@type\":\"ImageObject\",\"inLanguage\":\"sk-SK\",\"@id\":\"https:\\\/\\\/begamer.cz\\\/sk\\\/produkt\\\/one-piece-world-seeker-deluxe-edition-sk\\\/#primaryimage\",\"url\":\"https:\\\/\\\/begamer.cz\\\/wp-content\\\/uploads\\\/2026\\\/01\\\/one-piece-world-seeker-deluxe-edition-10.webp\",\"contentUrl\":\"https:\\\/\\\/begamer.cz\\\/wp-content\\\/uploads\\\/2026\\\/01\\\/one-piece-world-seeker-deluxe-edition-10.webp\",\"width\":300,\"height\":400},{\"@type\":\"BreadcrumbList\",\"@id\":\"https:\\\/\\\/begamer.cz\\\/sk\\\/produkt\\\/one-piece-world-seeker-deluxe-edition-sk\\\/#breadcrumb\",\"itemListElement\":[{\"@type\":\"ListItem\",\"position\":1,\"name\":\"Domov\",\"item\":\"https:\\\/\\\/begamer.cz\\\/sk\\\/\"},{\"@type\":\"ListItem\",\"position\":2,\"name\":\"Obchod\",\"item\":\"https:\\\/\\\/begamer.cz\\\/obchod\\\/\"},{\"@type\":\"ListItem\",\"position\":3,\"name\":\"One Piece: World Seeker &#8211; Deluxe Edition\"}]},{\"@type\":\"WebSite\",\"@id\":\"https:\\\/\\\/begamer.cz\\\/sk\\\/#website\",\"url\":\"https:\\\/\\\/begamer.cz\\\/sk\\\/\",\"name\":\"BeGamer.cz\",\"description\":\"\",\"publisher\":{\"@id\":\"https:\\\/\\\/begamer.cz\\\/sk\\\/#organization\"},\"potentialAction\":[{\"@type\":\"SearchAction\",\"target\":{\"@type\":\"EntryPoint\",\"urlTemplate\":\"https:\\\/\\\/begamer.cz\\\/sk\\\/?s={search_term_string}\"},\"query-input\":{\"@type\":\"PropertyValueSpecification\",\"valueRequired\":true,\"valueName\":\"search_term_string\"}}],\"inLanguage\":\"sk-SK\"},{\"@type\":\"Organization\",\"@id\":\"https:\\\/\\\/begamer.cz\\\/sk\\\/#organization\",\"name\":\"BeGamer.cz\",\"url\":\"https:\\\/\\\/begamer.cz\\\/sk\\\/\",\"logo\":{\"@type\":\"ImageObject\",\"inLanguage\":\"sk-SK\",\"@id\":\"https:\\\/\\\/begamer.cz\\\/sk\\\/#\\\/schema\\\/logo\\\/image\\\/\",\"url\":\"https:\\\/\\\/begamer.cz\\\/wp-content\\\/uploads\\\/2025\\\/07\\\/logo.svg\",\"contentUrl\":\"https:\\\/\\\/begamer.cz\\\/wp-content\\\/uploads\\\/2025\\\/07\\\/logo.svg\",\"caption\":\"BeGamer.cz\"},\"image\":{\"@id\":\"https:\\\/\\\/begamer.cz\\\/sk\\\/#\\\/schema\\\/logo\\\/image\\\/\"}}]}<\/script>\n<!-- \/ Yoast SEO plugin. -->","yoast_head_json":{"title":"One Piece: World Seeker - Deluxe Edition | BeGamer.cz","robots":{"index":"index","follow":"follow","max-snippet":"max-snippet:-1","max-image-preview":"max-image-preview:large","max-video-preview":"max-video-preview:-1"},"canonical":"https:\/\/begamer.cz\/sk\/produkt\/one-piece-world-seeker-deluxe-edition-sk\/","og_locale":"sk_SK","og_type":"article","og_title":"One Piece: World Seeker - Deluxe Edition | BeGamer.cz","og_description":"Presk\u00famajte rozsiahly otvoren\u00fd svet hry One Piece: World Seeker \u2013 Deluxe Edition. Zahrajte si za Luffyho, odha\u013eujte tajomstv\u00e1, pl\u0148te misie a bojujte s ikonick\u00fdmi nepriate\u013emi. T\u00e1to ed\u00edcia obsahuje dodato\u010dn\u00fd obsah a bonusy, ktor\u00e9 obohatia va\u0161e dobrodru\u017estvo v nap\u00ednavom svete One Piece.","og_url":"https:\/\/begamer.cz\/sk\/produkt\/one-piece-world-seeker-deluxe-edition-sk\/","og_site_name":"BeGamer.cz","article_modified_time":"2026-03-18T06:17:17+00:00","og_image":[{"width":300,"height":400,"url":"https:\/\/begamer.cz\/wp-content\/uploads\/2026\/01\/one-piece-world-seeker-deluxe-edition-10.webp","type":"image\/webp"}],"twitter_card":"summary_large_image","schema":{"@context":"https:\/\/schema.org","@graph":[{"@type":"WebPage","@id":"https:\/\/begamer.cz\/sk\/produkt\/one-piece-world-seeker-deluxe-edition-sk\/","url":"https:\/\/begamer.cz\/sk\/produkt\/one-piece-world-seeker-deluxe-edition-sk\/","name":"One Piece: World Seeker - Deluxe Edition | BeGamer.cz","isPartOf":{"@id":"https:\/\/begamer.cz\/sk\/#website"},"primaryImageOfPage":{"@id":"https:\/\/begamer.cz\/sk\/produkt\/one-piece-world-seeker-deluxe-edition-sk\/#primaryimage"},"image":{"@id":"https:\/\/begamer.cz\/sk\/produkt\/one-piece-world-seeker-deluxe-edition-sk\/#primaryimage"},"thumbnailUrl":"https:\/\/begamer.cz\/wp-content\/uploads\/2026\/01\/one-piece-world-seeker-deluxe-edition-10.webp","datePublished":"2026-01-30T16:00:31+00:00","dateModified":"2026-03-18T06:17:17+00:00","breadcrumb":{"@id":"https:\/\/begamer.cz\/sk\/produkt\/one-piece-world-seeker-deluxe-edition-sk\/#breadcrumb"},"inLanguage":"sk-SK","potentialAction":[{"@type":"ReadAction","target":["https:\/\/begamer.cz\/sk\/produkt\/one-piece-world-seeker-deluxe-edition-sk\/"]}]},{"@type":"ImageObject","inLanguage":"sk-SK","@id":"https:\/\/begamer.cz\/sk\/produkt\/one-piece-world-seeker-deluxe-edition-sk\/#primaryimage","url":"https:\/\/begamer.cz\/wp-content\/uploads\/2026\/01\/one-piece-world-seeker-deluxe-edition-10.webp","contentUrl":"https:\/\/begamer.cz\/wp-content\/uploads\/2026\/01\/one-piece-world-seeker-deluxe-edition-10.webp","width":300,"height":400},{"@type":"BreadcrumbList","@id":"https:\/\/begamer.cz\/sk\/produkt\/one-piece-world-seeker-deluxe-edition-sk\/#breadcrumb","itemListElement":[{"@type":"ListItem","position":1,"name":"Domov","item":"https:\/\/begamer.cz\/sk\/"},{"@type":"ListItem","position":2,"name":"Obchod","item":"https:\/\/begamer.cz\/obchod\/"},{"@type":"ListItem","position":3,"name":"One Piece: World Seeker &#8211; Deluxe Edition"}]},{"@type":"WebSite","@id":"https:\/\/begamer.cz\/sk\/#website","url":"https:\/\/begamer.cz\/sk\/","name":"BeGamer.cz","description":"","publisher":{"@id":"https:\/\/begamer.cz\/sk\/#organization"},"potentialAction":[{"@type":"SearchAction","target":{"@type":"EntryPoint","urlTemplate":"https:\/\/begamer.cz\/sk\/?s={search_term_string}"},"query-input":{"@type":"PropertyValueSpecification","valueRequired":true,"valueName":"search_term_string"}}],"inLanguage":"sk-SK"},{"@type":"Organization","@id":"https:\/\/begamer.cz\/sk\/#organization","name":"BeGamer.cz","url":"https:\/\/begamer.cz\/sk\/","logo":{"@type":"ImageObject","inLanguage":"sk-SK","@id":"https:\/\/begamer.cz\/sk\/#\/schema\/logo\/image\/","url":"https:\/\/begamer.cz\/wp-content\/uploads\/2025\/07\/logo.svg","contentUrl":"https:\/\/begamer.cz\/wp-content\/uploads\/2025\/07\/logo.svg","caption":"BeGamer.cz"},"image":{"@id":"https:\/\/begamer.cz\/sk\/#\/schema\/logo\/image\/"}}]}},"acf":[],"_links":{"self":[{"href":"https:\/\/begamer.cz\/sk\/wp-json\/wp\/v2\/product\/97577","targetHints":{"allow":["GET"]}}],"collection":[{"href":"https:\/\/begamer.cz\/sk\/wp-json\/wp\/v2\/product"}],"about":[{"href":"https:\/\/begamer.cz\/sk\/wp-json\/wp\/v2\/types\/product"}],"replies":[{"embeddable":true,"href":"https:\/\/begamer.cz\/sk\/wp-json\/wp\/v2\/comments?post=97577"}],"wp:featuredmedia":[{"embeddable":true,"href":"https:\/\/begamer.cz\/sk\/wp-json\/wp\/v2\/media\/23990"}],"wp:attachment":[{"href":"https:\/\/begamer.cz\/sk\/wp-json\/wp\/v2\/media?parent=97577"}],"wp:term":[{"taxonomy":"product_brand","embeddable":true,"href":"https:\/\/begamer.cz\/sk\/wp-json\/wp\/v2\/product_brand?post=97577"},{"taxonomy":"product_cat","embeddable":true,"href":"https:\/\/begamer.cz\/sk\/wp-json\/wp\/v2\/product_cat?post=97577"},{"taxonomy":"product_tag","embeddable":true,"href":"https:\/\/begamer.cz\/sk\/wp-json\/wp\/v2\/product_tag?post=97577"}],"curies":[{"name":"wp","href":"https:\/\/api.w.org\/{rel}","templated":true}]}}