{"id":97574,"date":"2026-01-30T17:00:27","date_gmt":"2026-01-30T16:00:27","guid":{"rendered":"https:\/\/begamer.cz\/produkt\/one-piece-world-seeker-sk\/"},"modified":"2026-03-18T07:17:01","modified_gmt":"2026-03-18T06:17:01","slug":"one-piece-world-seeker-sk","status":"publish","type":"product","link":"https:\/\/begamer.cz\/sk\/produkt\/one-piece-world-seeker-sk\/","title":{"rendered":"One Piece: World Seeker"},"content":{"rendered":"<h1>O hre<\/h1>\n<p><span class=\"bb_img_ctn\"><video class=\"bb_img\" autoplay muted loop playsinline poster=\"https:\/\/shared.akamai.steamstatic.com\/store_item_assets\/steam\/apps\/755500\/extras\/22c62fb8f2c6f6ed1a14d485baee8b5f.poster.avif?t=1701311545\" width=600 height=300 ><source src=\"https:\/\/shared.akamai.steamstatic.com\/store_item_assets\/steam\/apps\/755500\/extras\/22c62fb8f2c6f6ed1a14d485baee8b5f.webm?t=1701311545\" type=\"video\/webm; codecs=vp9\"><source src=\"https:\/\/shared.akamai.steamstatic.com\/store_item_assets\/steam\/apps\/755500\/extras\/22c62fb8f2c6f6ed1a14d485baee8b5f.mp4?t=1701311545\" type=\"video\/mp4\"><\/video><\/span><br \/>Nechajte kompas doma a pridajte sa k Luffymu, ktor\u00fd sa vyd\u00e1va na \u00faplne nov\u00e9 dobrodru\u017estvo pln\u00e9 akcie, kde m\u00f4\u017eete za\u017ei\u0165 silu legend\u00e1rneho ovocia Gum-Gum a odhali\u0165 skryt\u00e9 tajomstv\u00e1 na origin\u00e1lnom, doteraz nezn\u00e1mom ostrove! \u010cas vypl\u00e1va\u0165!<\/p>\n<p>Dynamick\u00e1 akcia<br \/>Gum-Gum \u2022 Ovl\u00e1dajte Monkey D. Luffyho a presk\u00famajte rozsiahle oblasti tohto \u00faplne nov\u00e9ho ostrova, zatia\u013e \u010do sa pok\u00fa\u0161ate odhali\u0165 jeho skryt\u00e9 tajomstv\u00e1.<\/p>\n<p>\u2022 Za\u017eite origin\u00e1lny pr\u00edbeh<br \/>Pir\u00e1ti zo Slamen\u00e9ho klob\u00faka prich\u00e1dzaj\u00fa na tajomn\u00fd ostrov zn\u00e1my len ako \u201eV\u011bze\u0148sk\u00fd ostrov\u201c a \u010doskoro sa ocitn\u00fa v dramatickom pr\u00edbehu plnom zvratov. Obsahuje origin\u00e1lne postavy navrhnut\u00e9 samotn\u00fdm Eiichiro Odom!<\/p>\n<p>\u2022 Divok\u00e9 bitky medzi ob\u013e\u00faben\u00fdmi postavami<br \/>Postavte sa proti niektor\u00fdm z Luffyho zn\u00e1mych nepriate\u013eov zo s\u00e9rie ONE PIECE. Pou\u017eite jeho sily Gum-Gum Fruit a mocn\u00e9 schopnosti Haki, aby ste ich porazili!<\/p>\n","protected":false},"excerpt":{"rendered":"<p>Nechajte svoj kompas doma a pridajte sa k Luffymu, ktor\u00fd sa vyd\u00e1va na \u00faplne nov\u00e9 dobrodru\u017estvo pln\u00e9 akcie, kde m\u00f4\u017eete za\u017ei\u0165 silu legend\u00e1rneho ovocia Gum-Gum a odhali\u0165 skryt\u00e9 tajomstv\u00e1 na origin\u00e1lnom, doteraz nepoznanom ostrove!<\/p>\n","protected":false},"featured_media":23954,"comment_status":"open","ping_status":"closed","template":"","meta":{"_acf_changed":false},"product_brand":[],"product_cat":[270,280,268,266,312],"product_tag":[],"class_list":{"0":"post-97574","1":"product","2":"type-product","3":"status-publish","4":"has-post-thumbnail","6":"product_cat-adventury-pc-hry-sk","7":"product_cat-dobrodruzne-pc-hry-sk","8":"product_cat-pc-sk","9":"product_cat-pc-hry-sk","10":"product_cat-steam-pc-sk","11":"pa_audio-ja-jp","13":"pa_countries-at","14":"pa_countries-be","15":"pa_countries-bg","16":"pa_countries-cy","17":"pa_countries-cz","19":"pa_countries-de","20":"pa_countries-dk","21":"pa_countries-ee","22":"pa_countries-es","23":"pa_countries-fi","24":"pa_countries-fr","25":"pa_countries-gr","26":"pa_countries-hr","27":"pa_countries-hu","28":"pa_countries-ie","29":"pa_countries-it","30":"pa_countries-lt","31":"pa_countries-lu","32":"pa_countries-lv","33":"pa_countries-mt","34":"pa_countries-nl","35":"pa_countries-pl","36":"pa_countries-pt","37":"pa_countries-ro","38":"pa_countries-se","39":"pa_countries-si","40":"pa_countries-sk","41":"pa_developer-ganbarion","43":"pa_franchises-one-piece","45":"pa_game_type-main_game","47":"pa_genres-adventure","49":"pa_interface-de-de","50":"pa_interface-en-us","51":"pa_interface-es-es","52":"pa_interface-es-mx","53":"pa_interface-fr-fr","54":"pa_interface-it-it","55":"pa_interface-ko-kr","56":"pa_interface-pl-pl","57":"pa_interface-pt-br","58":"pa_interface-ru-ru","60":"pa_interface-zh-cn","61":"pa_interface-zh-tw","62":"pa_keywords-based-on-anime","63":"pa_keywords-licensed-game","64":"pa_keywords-pirates","66":"pa_modes-single-player","68":"pa_pegi-927","69":"pa_pegi-13428","70":"pa_platform-pc-steam","72":"pa_player_perspectives-third-person","74":"pa_publisher-bandai-namco-entertainment","76":"pa_rating-2303","77":"pa_rating-14584","78":"pa_region-europe","80":"pa_subtitles-de-de","82":"pa_subtitles-en-us","83":"pa_subtitles-es-es","84":"pa_subtitles-es-mx","85":"pa_subtitles-fr-fr","86":"pa_subtitles-it-it","87":"pa_subtitles-ko-kr","88":"pa_subtitles-pl-pl","89":"pa_subtitles-pt-br","90":"pa_subtitles-ru-ru","91":"pa_subtitles-zh-cn","92":"pa_subtitles-zh-tw","93":"pa_themes-action","94":"pa_themes-fantasy","96":"pa_themes-open-world","98":"first","99":"instock","100":"virtual","101":"taxable","102":"purchasable","103":"product-type-simple"},"yoast_head":"<!-- This site is optimized with the Yoast SEO plugin v27.3 - https:\/\/yoast.com\/product\/yoast-seo-wordpress\/ -->\n<title>One Piece: World Seeker | BeGamer.cz<\/title>\n<meta name=\"robots\" content=\"index, follow, max-snippet:-1, max-image-preview:large, max-video-preview:-1\" \/>\n<link rel=\"canonical\" href=\"https:\/\/begamer.cz\/sk\/produkt\/one-piece-world-seeker-sk\/\" \/>\n<meta property=\"og:locale\" content=\"sk_SK\" \/>\n<meta property=\"og:type\" content=\"article\" \/>\n<meta property=\"og:title\" content=\"One Piece: World Seeker | BeGamer.cz\" \/>\n<meta property=\"og:description\" content=\"Nechajte svoj kompas doma a pridajte sa k Luffymu, ktor\u00fd sa vyd\u00e1va na \u00faplne nov\u00e9 dobrodru\u017estvo pln\u00e9 akcie, kde m\u00f4\u017eete za\u017ei\u0165 silu legend\u00e1rneho ovocia Gum-Gum a odhali\u0165 skryt\u00e9 tajomstv\u00e1 na origin\u00e1lnom, doteraz nepoznanom ostrove!\" \/>\n<meta property=\"og:url\" content=\"https:\/\/begamer.cz\/sk\/produkt\/one-piece-world-seeker-sk\/\" \/>\n<meta property=\"og:site_name\" content=\"BeGamer.cz\" \/>\n<meta property=\"article:modified_time\" content=\"2026-03-18T06:17:01+00:00\" \/>\n<meta property=\"og:image\" content=\"https:\/\/begamer.cz\/wp-content\/uploads\/2026\/01\/one-piece-world-seeker-12.webp\" \/>\n\t<meta property=\"og:image:width\" content=\"300\" \/>\n\t<meta property=\"og:image:height\" content=\"400\" \/>\n\t<meta property=\"og:image:type\" content=\"image\/webp\" \/>\n<meta name=\"twitter:card\" content=\"summary_large_image\" \/>\n<meta name=\"twitter:label1\" content=\"Predpokladan\u00fd \u010das \u010d\u00edtania\" \/>\n\t<meta name=\"twitter:data1\" content=\"1 min\u00fata\" \/>\n<script type=\"application\/ld+json\" class=\"yoast-schema-graph\">{\"@context\":\"https:\\\/\\\/schema.org\",\"@graph\":[{\"@type\":\"WebPage\",\"@id\":\"https:\\\/\\\/begamer.cz\\\/sk\\\/produkt\\\/one-piece-world-seeker-sk\\\/\",\"url\":\"https:\\\/\\\/begamer.cz\\\/sk\\\/produkt\\\/one-piece-world-seeker-sk\\\/\",\"name\":\"One Piece: World Seeker | BeGamer.cz\",\"isPartOf\":{\"@id\":\"https:\\\/\\\/begamer.cz\\\/sk\\\/#website\"},\"primaryImageOfPage\":{\"@id\":\"https:\\\/\\\/begamer.cz\\\/sk\\\/produkt\\\/one-piece-world-seeker-sk\\\/#primaryimage\"},\"image\":{\"@id\":\"https:\\\/\\\/begamer.cz\\\/sk\\\/produkt\\\/one-piece-world-seeker-sk\\\/#primaryimage\"},\"thumbnailUrl\":\"https:\\\/\\\/begamer.cz\\\/wp-content\\\/uploads\\\/2026\\\/01\\\/one-piece-world-seeker-12.webp\",\"datePublished\":\"2026-01-30T16:00:27+00:00\",\"dateModified\":\"2026-03-18T06:17:01+00:00\",\"breadcrumb\":{\"@id\":\"https:\\\/\\\/begamer.cz\\\/sk\\\/produkt\\\/one-piece-world-seeker-sk\\\/#breadcrumb\"},\"inLanguage\":\"sk-SK\",\"potentialAction\":[{\"@type\":\"ReadAction\",\"target\":[\"https:\\\/\\\/begamer.cz\\\/sk\\\/produkt\\\/one-piece-world-seeker-sk\\\/\"]}]},{\"@type\":\"ImageObject\",\"inLanguage\":\"sk-SK\",\"@id\":\"https:\\\/\\\/begamer.cz\\\/sk\\\/produkt\\\/one-piece-world-seeker-sk\\\/#primaryimage\",\"url\":\"https:\\\/\\\/begamer.cz\\\/wp-content\\\/uploads\\\/2026\\\/01\\\/one-piece-world-seeker-12.webp\",\"contentUrl\":\"https:\\\/\\\/begamer.cz\\\/wp-content\\\/uploads\\\/2026\\\/01\\\/one-piece-world-seeker-12.webp\",\"width\":300,\"height\":400},{\"@type\":\"BreadcrumbList\",\"@id\":\"https:\\\/\\\/begamer.cz\\\/sk\\\/produkt\\\/one-piece-world-seeker-sk\\\/#breadcrumb\",\"itemListElement\":[{\"@type\":\"ListItem\",\"position\":1,\"name\":\"Domov\",\"item\":\"https:\\\/\\\/begamer.cz\\\/sk\\\/\"},{\"@type\":\"ListItem\",\"position\":2,\"name\":\"Obchod\",\"item\":\"https:\\\/\\\/begamer.cz\\\/obchod\\\/\"},{\"@type\":\"ListItem\",\"position\":3,\"name\":\"One Piece: World Seeker\"}]},{\"@type\":\"WebSite\",\"@id\":\"https:\\\/\\\/begamer.cz\\\/sk\\\/#website\",\"url\":\"https:\\\/\\\/begamer.cz\\\/sk\\\/\",\"name\":\"BeGamer.cz\",\"description\":\"\",\"publisher\":{\"@id\":\"https:\\\/\\\/begamer.cz\\\/sk\\\/#organization\"},\"potentialAction\":[{\"@type\":\"SearchAction\",\"target\":{\"@type\":\"EntryPoint\",\"urlTemplate\":\"https:\\\/\\\/begamer.cz\\\/sk\\\/?s={search_term_string}\"},\"query-input\":{\"@type\":\"PropertyValueSpecification\",\"valueRequired\":true,\"valueName\":\"search_term_string\"}}],\"inLanguage\":\"sk-SK\"},{\"@type\":\"Organization\",\"@id\":\"https:\\\/\\\/begamer.cz\\\/sk\\\/#organization\",\"name\":\"BeGamer.cz\",\"url\":\"https:\\\/\\\/begamer.cz\\\/sk\\\/\",\"logo\":{\"@type\":\"ImageObject\",\"inLanguage\":\"sk-SK\",\"@id\":\"https:\\\/\\\/begamer.cz\\\/sk\\\/#\\\/schema\\\/logo\\\/image\\\/\",\"url\":\"https:\\\/\\\/begamer.cz\\\/wp-content\\\/uploads\\\/2025\\\/07\\\/logo.svg\",\"contentUrl\":\"https:\\\/\\\/begamer.cz\\\/wp-content\\\/uploads\\\/2025\\\/07\\\/logo.svg\",\"caption\":\"BeGamer.cz\"},\"image\":{\"@id\":\"https:\\\/\\\/begamer.cz\\\/sk\\\/#\\\/schema\\\/logo\\\/image\\\/\"}}]}<\/script>\n<!-- \/ Yoast SEO plugin. -->","yoast_head_json":{"title":"One Piece: World Seeker | BeGamer.cz","robots":{"index":"index","follow":"follow","max-snippet":"max-snippet:-1","max-image-preview":"max-image-preview:large","max-video-preview":"max-video-preview:-1"},"canonical":"https:\/\/begamer.cz\/sk\/produkt\/one-piece-world-seeker-sk\/","og_locale":"sk_SK","og_type":"article","og_title":"One Piece: World Seeker | BeGamer.cz","og_description":"Nechajte svoj kompas doma a pridajte sa k Luffymu, ktor\u00fd sa vyd\u00e1va na \u00faplne nov\u00e9 dobrodru\u017estvo pln\u00e9 akcie, kde m\u00f4\u017eete za\u017ei\u0165 silu legend\u00e1rneho ovocia Gum-Gum a odhali\u0165 skryt\u00e9 tajomstv\u00e1 na origin\u00e1lnom, doteraz nepoznanom ostrove!","og_url":"https:\/\/begamer.cz\/sk\/produkt\/one-piece-world-seeker-sk\/","og_site_name":"BeGamer.cz","article_modified_time":"2026-03-18T06:17:01+00:00","og_image":[{"width":300,"height":400,"url":"https:\/\/begamer.cz\/wp-content\/uploads\/2026\/01\/one-piece-world-seeker-12.webp","type":"image\/webp"}],"twitter_card":"summary_large_image","twitter_misc":{"Predpokladan\u00fd \u010das \u010d\u00edtania":"1 min\u00fata"},"schema":{"@context":"https:\/\/schema.org","@graph":[{"@type":"WebPage","@id":"https:\/\/begamer.cz\/sk\/produkt\/one-piece-world-seeker-sk\/","url":"https:\/\/begamer.cz\/sk\/produkt\/one-piece-world-seeker-sk\/","name":"One Piece: World Seeker | BeGamer.cz","isPartOf":{"@id":"https:\/\/begamer.cz\/sk\/#website"},"primaryImageOfPage":{"@id":"https:\/\/begamer.cz\/sk\/produkt\/one-piece-world-seeker-sk\/#primaryimage"},"image":{"@id":"https:\/\/begamer.cz\/sk\/produkt\/one-piece-world-seeker-sk\/#primaryimage"},"thumbnailUrl":"https:\/\/begamer.cz\/wp-content\/uploads\/2026\/01\/one-piece-world-seeker-12.webp","datePublished":"2026-01-30T16:00:27+00:00","dateModified":"2026-03-18T06:17:01+00:00","breadcrumb":{"@id":"https:\/\/begamer.cz\/sk\/produkt\/one-piece-world-seeker-sk\/#breadcrumb"},"inLanguage":"sk-SK","potentialAction":[{"@type":"ReadAction","target":["https:\/\/begamer.cz\/sk\/produkt\/one-piece-world-seeker-sk\/"]}]},{"@type":"ImageObject","inLanguage":"sk-SK","@id":"https:\/\/begamer.cz\/sk\/produkt\/one-piece-world-seeker-sk\/#primaryimage","url":"https:\/\/begamer.cz\/wp-content\/uploads\/2026\/01\/one-piece-world-seeker-12.webp","contentUrl":"https:\/\/begamer.cz\/wp-content\/uploads\/2026\/01\/one-piece-world-seeker-12.webp","width":300,"height":400},{"@type":"BreadcrumbList","@id":"https:\/\/begamer.cz\/sk\/produkt\/one-piece-world-seeker-sk\/#breadcrumb","itemListElement":[{"@type":"ListItem","position":1,"name":"Domov","item":"https:\/\/begamer.cz\/sk\/"},{"@type":"ListItem","position":2,"name":"Obchod","item":"https:\/\/begamer.cz\/obchod\/"},{"@type":"ListItem","position":3,"name":"One Piece: World Seeker"}]},{"@type":"WebSite","@id":"https:\/\/begamer.cz\/sk\/#website","url":"https:\/\/begamer.cz\/sk\/","name":"BeGamer.cz","description":"","publisher":{"@id":"https:\/\/begamer.cz\/sk\/#organization"},"potentialAction":[{"@type":"SearchAction","target":{"@type":"EntryPoint","urlTemplate":"https:\/\/begamer.cz\/sk\/?s={search_term_string}"},"query-input":{"@type":"PropertyValueSpecification","valueRequired":true,"valueName":"search_term_string"}}],"inLanguage":"sk-SK"},{"@type":"Organization","@id":"https:\/\/begamer.cz\/sk\/#organization","name":"BeGamer.cz","url":"https:\/\/begamer.cz\/sk\/","logo":{"@type":"ImageObject","inLanguage":"sk-SK","@id":"https:\/\/begamer.cz\/sk\/#\/schema\/logo\/image\/","url":"https:\/\/begamer.cz\/wp-content\/uploads\/2025\/07\/logo.svg","contentUrl":"https:\/\/begamer.cz\/wp-content\/uploads\/2025\/07\/logo.svg","caption":"BeGamer.cz"},"image":{"@id":"https:\/\/begamer.cz\/sk\/#\/schema\/logo\/image\/"}}]}},"acf":[],"_links":{"self":[{"href":"https:\/\/begamer.cz\/sk\/wp-json\/wp\/v2\/product\/97574","targetHints":{"allow":["GET"]}}],"collection":[{"href":"https:\/\/begamer.cz\/sk\/wp-json\/wp\/v2\/product"}],"about":[{"href":"https:\/\/begamer.cz\/sk\/wp-json\/wp\/v2\/types\/product"}],"replies":[{"embeddable":true,"href":"https:\/\/begamer.cz\/sk\/wp-json\/wp\/v2\/comments?post=97574"}],"wp:featuredmedia":[{"embeddable":true,"href":"https:\/\/begamer.cz\/sk\/wp-json\/wp\/v2\/media\/23954"}],"wp:attachment":[{"href":"https:\/\/begamer.cz\/sk\/wp-json\/wp\/v2\/media?parent=97574"}],"wp:term":[{"taxonomy":"product_brand","embeddable":true,"href":"https:\/\/begamer.cz\/sk\/wp-json\/wp\/v2\/product_brand?post=97574"},{"taxonomy":"product_cat","embeddable":true,"href":"https:\/\/begamer.cz\/sk\/wp-json\/wp\/v2\/product_cat?post=97574"},{"taxonomy":"product_tag","embeddable":true,"href":"https:\/\/begamer.cz\/sk\/wp-json\/wp\/v2\/product_tag?post=97574"}],"curies":[{"name":"wp","href":"https:\/\/api.w.org\/{rel}","templated":true}]}}