{"id":97556,"date":"2026-01-30T16:59:59","date_gmt":"2026-01-30T15:59:59","guid":{"rendered":"https:\/\/begamer.cz\/produkt\/the-dark-pictures-anthology-season-one-sk\/"},"modified":"2026-03-18T07:15:20","modified_gmt":"2026-03-18T06:15:20","slug":"the-dark-pictures-anthology-season-one-sk","status":"publish","type":"product","link":"https:\/\/begamer.cz\/sk\/produkt\/the-dark-pictures-anthology-season-one-sk\/","title":{"rendered":"The Dark Pictures Anthology: Season One"},"content":{"rendered":"<p>Prv\u00e1 sez\u00f3na (2019 \u2013 2022) je prvou sez\u00f3nou antol\u00f3gie The Dark Pictures Anthology. T\u00e1to sez\u00f3na zah\u0155\u0148a prv\u00e9 \u0161tyri \u010dasti antol\u00f3gie.<\/p>\n","protected":false},"excerpt":{"rendered":"<p>The Dark Pictures Anthology: Season One je kolekcia filmov\u00fdch hororov\u00fdch hier obsahuj\u00faca \u0161tyri samostatn\u00e9 pr\u00edbehy. Za\u017eite intenz\u00edvne vo\u013eby, multiplayerov\u00e9 re\u017eimy a mraziv\u00e9 pr\u00edbehy, kde ka\u017ed\u00e9 rozhodnutie ovplyv\u0148uje v\u00e1\u0161 osud. Ide\u00e1lne pre fan\u00fa\u0161ikov interakt\u00edvnych hororov a nap\u00ednav\u00e9ho rozpr\u00e1vania.<\/p>\n","protected":false},"featured_media":23789,"comment_status":"open","ping_status":"closed","template":"","meta":{"_acf_changed":false},"product_brand":[],"product_cat":[280,288,268,266,312],"product_tag":[],"class_list":{"0":"post-97556","1":"product","2":"type-product","3":"status-publish","4":"has-post-thumbnail","6":"product_cat-dobrodruzne-pc-hry-sk","7":"product_cat-horor-pc-hry-sk","8":"product_cat-pc-sk","9":"product_cat-pc-hry-sk","10":"product_cat-steam-pc-sk","11":"pa_audio-de-de","12":"pa_audio-en-gb","13":"pa_audio-en-us","14":"pa_audio-es-es","15":"pa_audio-fr-fr","16":"pa_audio-it-it","17":"pa_audio-ru-ru","19":"pa_countries-at","20":"pa_countries-be","21":"pa_countries-bg","22":"pa_countries-cy","23":"pa_countries-cz","25":"pa_countries-de","26":"pa_countries-dk","27":"pa_countries-ee","28":"pa_countries-es","29":"pa_countries-fi","30":"pa_countries-fr","31":"pa_countries-gr","32":"pa_countries-hr","33":"pa_countries-hu","34":"pa_countries-ie","35":"pa_countries-it","36":"pa_countries-lt","37":"pa_countries-lu","38":"pa_countries-lv","39":"pa_countries-mt","40":"pa_countries-nl","41":"pa_countries-pl","42":"pa_countries-pt","43":"pa_countries-ro","44":"pa_countries-se","45":"pa_countries-si","46":"pa_countries-sk","47":"pa_game_type-bundle","49":"pa_interface-de-de","50":"pa_interface-en-gb","51":"pa_interface-en-us","52":"pa_interface-es-es","53":"pa_interface-es-mx","54":"pa_interface-fr-fr","55":"pa_interface-it-it","56":"pa_interface-ko-kr","57":"pa_interface-pt-br","58":"pa_interface-ru-ru","60":"pa_interface-zh-cn","61":"pa_interface-zh-tw","62":"pa_modes-co-operative","64":"pa_modes-single-player","65":"pa_platform-pc-steam","67":"pa_rating-14441","68":"pa_rating-773","69":"pa_region-europe","71":"pa_subtitles-de-de","73":"pa_subtitles-en-gb","74":"pa_subtitles-en-us","75":"pa_subtitles-es-es","76":"pa_subtitles-es-mx","77":"pa_subtitles-fr-fr","78":"pa_subtitles-it-it","79":"pa_subtitles-ko-kr","80":"pa_subtitles-pt-br","81":"pa_subtitles-ru-ru","82":"pa_subtitles-zh-cn","83":"pa_subtitles-zh-tw","85":"first","86":"instock","87":"virtual","88":"taxable","89":"purchasable","90":"product-type-simple"},"yoast_head":"<!-- This site is optimized with the Yoast SEO plugin v27.3 - https:\/\/yoast.com\/product\/yoast-seo-wordpress\/ -->\n<title>The Dark Pictures Anthology: Season One | BeGamer.cz<\/title>\n<meta name=\"robots\" content=\"index, follow, max-snippet:-1, max-image-preview:large, max-video-preview:-1\" \/>\n<link rel=\"canonical\" href=\"https:\/\/begamer.cz\/sk\/produkt\/the-dark-pictures-anthology-season-one-sk\/\" \/>\n<meta property=\"og:locale\" content=\"sk_SK\" \/>\n<meta property=\"og:type\" content=\"article\" \/>\n<meta property=\"og:title\" content=\"The Dark Pictures Anthology: Season One | BeGamer.cz\" \/>\n<meta property=\"og:description\" content=\"The Dark Pictures Anthology: Season One je kolekcia filmov\u00fdch hororov\u00fdch hier obsahuj\u00faca \u0161tyri samostatn\u00e9 pr\u00edbehy. Za\u017eite intenz\u00edvne vo\u013eby, multiplayerov\u00e9 re\u017eimy a mraziv\u00e9 pr\u00edbehy, kde ka\u017ed\u00e9 rozhodnutie ovplyv\u0148uje v\u00e1\u0161 osud. Ide\u00e1lne pre fan\u00fa\u0161ikov interakt\u00edvnych hororov a nap\u00ednav\u00e9ho rozpr\u00e1vania.\" \/>\n<meta property=\"og:url\" content=\"https:\/\/begamer.cz\/sk\/produkt\/the-dark-pictures-anthology-season-one-sk\/\" \/>\n<meta property=\"og:site_name\" content=\"BeGamer.cz\" \/>\n<meta property=\"article:modified_time\" content=\"2026-03-18T06:15:20+00:00\" \/>\n<meta property=\"og:image\" content=\"https:\/\/begamer.cz\/wp-content\/uploads\/2026\/01\/the-dark-pictures-anthology-season-one-10.webp\" \/>\n\t<meta property=\"og:image:width\" content=\"300\" \/>\n\t<meta property=\"og:image:height\" content=\"400\" \/>\n\t<meta property=\"og:image:type\" content=\"image\/webp\" \/>\n<meta name=\"twitter:card\" content=\"summary_large_image\" \/>\n<script type=\"application\/ld+json\" class=\"yoast-schema-graph\">{\"@context\":\"https:\\\/\\\/schema.org\",\"@graph\":[{\"@type\":\"WebPage\",\"@id\":\"https:\\\/\\\/begamer.cz\\\/sk\\\/produkt\\\/the-dark-pictures-anthology-season-one-sk\\\/\",\"url\":\"https:\\\/\\\/begamer.cz\\\/sk\\\/produkt\\\/the-dark-pictures-anthology-season-one-sk\\\/\",\"name\":\"The Dark Pictures Anthology: Season One | BeGamer.cz\",\"isPartOf\":{\"@id\":\"https:\\\/\\\/begamer.cz\\\/sk\\\/#website\"},\"primaryImageOfPage\":{\"@id\":\"https:\\\/\\\/begamer.cz\\\/sk\\\/produkt\\\/the-dark-pictures-anthology-season-one-sk\\\/#primaryimage\"},\"image\":{\"@id\":\"https:\\\/\\\/begamer.cz\\\/sk\\\/produkt\\\/the-dark-pictures-anthology-season-one-sk\\\/#primaryimage\"},\"thumbnailUrl\":\"https:\\\/\\\/begamer.cz\\\/wp-content\\\/uploads\\\/2026\\\/01\\\/the-dark-pictures-anthology-season-one-10.webp\",\"datePublished\":\"2026-01-30T15:59:59+00:00\",\"dateModified\":\"2026-03-18T06:15:20+00:00\",\"breadcrumb\":{\"@id\":\"https:\\\/\\\/begamer.cz\\\/sk\\\/produkt\\\/the-dark-pictures-anthology-season-one-sk\\\/#breadcrumb\"},\"inLanguage\":\"sk-SK\",\"potentialAction\":[{\"@type\":\"ReadAction\",\"target\":[\"https:\\\/\\\/begamer.cz\\\/sk\\\/produkt\\\/the-dark-pictures-anthology-season-one-sk\\\/\"]}]},{\"@type\":\"ImageObject\",\"inLanguage\":\"sk-SK\",\"@id\":\"https:\\\/\\\/begamer.cz\\\/sk\\\/produkt\\\/the-dark-pictures-anthology-season-one-sk\\\/#primaryimage\",\"url\":\"https:\\\/\\\/begamer.cz\\\/wp-content\\\/uploads\\\/2026\\\/01\\\/the-dark-pictures-anthology-season-one-10.webp\",\"contentUrl\":\"https:\\\/\\\/begamer.cz\\\/wp-content\\\/uploads\\\/2026\\\/01\\\/the-dark-pictures-anthology-season-one-10.webp\",\"width\":300,\"height\":400},{\"@type\":\"BreadcrumbList\",\"@id\":\"https:\\\/\\\/begamer.cz\\\/sk\\\/produkt\\\/the-dark-pictures-anthology-season-one-sk\\\/#breadcrumb\",\"itemListElement\":[{\"@type\":\"ListItem\",\"position\":1,\"name\":\"Domov\",\"item\":\"https:\\\/\\\/begamer.cz\\\/sk\\\/\"},{\"@type\":\"ListItem\",\"position\":2,\"name\":\"Obchod\",\"item\":\"https:\\\/\\\/begamer.cz\\\/obchod\\\/\"},{\"@type\":\"ListItem\",\"position\":3,\"name\":\"The Dark Pictures Anthology: Season One\"}]},{\"@type\":\"WebSite\",\"@id\":\"https:\\\/\\\/begamer.cz\\\/sk\\\/#website\",\"url\":\"https:\\\/\\\/begamer.cz\\\/sk\\\/\",\"name\":\"BeGamer.cz\",\"description\":\"\",\"publisher\":{\"@id\":\"https:\\\/\\\/begamer.cz\\\/sk\\\/#organization\"},\"potentialAction\":[{\"@type\":\"SearchAction\",\"target\":{\"@type\":\"EntryPoint\",\"urlTemplate\":\"https:\\\/\\\/begamer.cz\\\/sk\\\/?s={search_term_string}\"},\"query-input\":{\"@type\":\"PropertyValueSpecification\",\"valueRequired\":true,\"valueName\":\"search_term_string\"}}],\"inLanguage\":\"sk-SK\"},{\"@type\":\"Organization\",\"@id\":\"https:\\\/\\\/begamer.cz\\\/sk\\\/#organization\",\"name\":\"BeGamer.cz\",\"url\":\"https:\\\/\\\/begamer.cz\\\/sk\\\/\",\"logo\":{\"@type\":\"ImageObject\",\"inLanguage\":\"sk-SK\",\"@id\":\"https:\\\/\\\/begamer.cz\\\/sk\\\/#\\\/schema\\\/logo\\\/image\\\/\",\"url\":\"https:\\\/\\\/begamer.cz\\\/wp-content\\\/uploads\\\/2025\\\/07\\\/logo.svg\",\"contentUrl\":\"https:\\\/\\\/begamer.cz\\\/wp-content\\\/uploads\\\/2025\\\/07\\\/logo.svg\",\"caption\":\"BeGamer.cz\"},\"image\":{\"@id\":\"https:\\\/\\\/begamer.cz\\\/sk\\\/#\\\/schema\\\/logo\\\/image\\\/\"}}]}<\/script>\n<!-- \/ Yoast SEO plugin. -->","yoast_head_json":{"title":"The Dark Pictures Anthology: Season One | BeGamer.cz","robots":{"index":"index","follow":"follow","max-snippet":"max-snippet:-1","max-image-preview":"max-image-preview:large","max-video-preview":"max-video-preview:-1"},"canonical":"https:\/\/begamer.cz\/sk\/produkt\/the-dark-pictures-anthology-season-one-sk\/","og_locale":"sk_SK","og_type":"article","og_title":"The Dark Pictures Anthology: Season One | BeGamer.cz","og_description":"The Dark Pictures Anthology: Season One je kolekcia filmov\u00fdch hororov\u00fdch hier obsahuj\u00faca \u0161tyri samostatn\u00e9 pr\u00edbehy. Za\u017eite intenz\u00edvne vo\u013eby, multiplayerov\u00e9 re\u017eimy a mraziv\u00e9 pr\u00edbehy, kde ka\u017ed\u00e9 rozhodnutie ovplyv\u0148uje v\u00e1\u0161 osud. Ide\u00e1lne pre fan\u00fa\u0161ikov interakt\u00edvnych hororov a nap\u00ednav\u00e9ho rozpr\u00e1vania.","og_url":"https:\/\/begamer.cz\/sk\/produkt\/the-dark-pictures-anthology-season-one-sk\/","og_site_name":"BeGamer.cz","article_modified_time":"2026-03-18T06:15:20+00:00","og_image":[{"width":300,"height":400,"url":"https:\/\/begamer.cz\/wp-content\/uploads\/2026\/01\/the-dark-pictures-anthology-season-one-10.webp","type":"image\/webp"}],"twitter_card":"summary_large_image","schema":{"@context":"https:\/\/schema.org","@graph":[{"@type":"WebPage","@id":"https:\/\/begamer.cz\/sk\/produkt\/the-dark-pictures-anthology-season-one-sk\/","url":"https:\/\/begamer.cz\/sk\/produkt\/the-dark-pictures-anthology-season-one-sk\/","name":"The Dark Pictures Anthology: Season One | BeGamer.cz","isPartOf":{"@id":"https:\/\/begamer.cz\/sk\/#website"},"primaryImageOfPage":{"@id":"https:\/\/begamer.cz\/sk\/produkt\/the-dark-pictures-anthology-season-one-sk\/#primaryimage"},"image":{"@id":"https:\/\/begamer.cz\/sk\/produkt\/the-dark-pictures-anthology-season-one-sk\/#primaryimage"},"thumbnailUrl":"https:\/\/begamer.cz\/wp-content\/uploads\/2026\/01\/the-dark-pictures-anthology-season-one-10.webp","datePublished":"2026-01-30T15:59:59+00:00","dateModified":"2026-03-18T06:15:20+00:00","breadcrumb":{"@id":"https:\/\/begamer.cz\/sk\/produkt\/the-dark-pictures-anthology-season-one-sk\/#breadcrumb"},"inLanguage":"sk-SK","potentialAction":[{"@type":"ReadAction","target":["https:\/\/begamer.cz\/sk\/produkt\/the-dark-pictures-anthology-season-one-sk\/"]}]},{"@type":"ImageObject","inLanguage":"sk-SK","@id":"https:\/\/begamer.cz\/sk\/produkt\/the-dark-pictures-anthology-season-one-sk\/#primaryimage","url":"https:\/\/begamer.cz\/wp-content\/uploads\/2026\/01\/the-dark-pictures-anthology-season-one-10.webp","contentUrl":"https:\/\/begamer.cz\/wp-content\/uploads\/2026\/01\/the-dark-pictures-anthology-season-one-10.webp","width":300,"height":400},{"@type":"BreadcrumbList","@id":"https:\/\/begamer.cz\/sk\/produkt\/the-dark-pictures-anthology-season-one-sk\/#breadcrumb","itemListElement":[{"@type":"ListItem","position":1,"name":"Domov","item":"https:\/\/begamer.cz\/sk\/"},{"@type":"ListItem","position":2,"name":"Obchod","item":"https:\/\/begamer.cz\/obchod\/"},{"@type":"ListItem","position":3,"name":"The Dark Pictures Anthology: Season One"}]},{"@type":"WebSite","@id":"https:\/\/begamer.cz\/sk\/#website","url":"https:\/\/begamer.cz\/sk\/","name":"BeGamer.cz","description":"","publisher":{"@id":"https:\/\/begamer.cz\/sk\/#organization"},"potentialAction":[{"@type":"SearchAction","target":{"@type":"EntryPoint","urlTemplate":"https:\/\/begamer.cz\/sk\/?s={search_term_string}"},"query-input":{"@type":"PropertyValueSpecification","valueRequired":true,"valueName":"search_term_string"}}],"inLanguage":"sk-SK"},{"@type":"Organization","@id":"https:\/\/begamer.cz\/sk\/#organization","name":"BeGamer.cz","url":"https:\/\/begamer.cz\/sk\/","logo":{"@type":"ImageObject","inLanguage":"sk-SK","@id":"https:\/\/begamer.cz\/sk\/#\/schema\/logo\/image\/","url":"https:\/\/begamer.cz\/wp-content\/uploads\/2025\/07\/logo.svg","contentUrl":"https:\/\/begamer.cz\/wp-content\/uploads\/2025\/07\/logo.svg","caption":"BeGamer.cz"},"image":{"@id":"https:\/\/begamer.cz\/sk\/#\/schema\/logo\/image\/"}}]}},"acf":[],"_links":{"self":[{"href":"https:\/\/begamer.cz\/sk\/wp-json\/wp\/v2\/product\/97556","targetHints":{"allow":["GET"]}}],"collection":[{"href":"https:\/\/begamer.cz\/sk\/wp-json\/wp\/v2\/product"}],"about":[{"href":"https:\/\/begamer.cz\/sk\/wp-json\/wp\/v2\/types\/product"}],"replies":[{"embeddable":true,"href":"https:\/\/begamer.cz\/sk\/wp-json\/wp\/v2\/comments?post=97556"}],"wp:featuredmedia":[{"embeddable":true,"href":"https:\/\/begamer.cz\/sk\/wp-json\/wp\/v2\/media\/23789"}],"wp:attachment":[{"href":"https:\/\/begamer.cz\/sk\/wp-json\/wp\/v2\/media?parent=97556"}],"wp:term":[{"taxonomy":"product_brand","embeddable":true,"href":"https:\/\/begamer.cz\/sk\/wp-json\/wp\/v2\/product_brand?post=97556"},{"taxonomy":"product_cat","embeddable":true,"href":"https:\/\/begamer.cz\/sk\/wp-json\/wp\/v2\/product_cat?post=97556"},{"taxonomy":"product_tag","embeddable":true,"href":"https:\/\/begamer.cz\/sk\/wp-json\/wp\/v2\/product_tag?post=97556"}],"curies":[{"name":"wp","href":"https:\/\/api.w.org\/{rel}","templated":true}]}}