{"id":97541,"date":"2026-01-30T16:59:40","date_gmt":"2026-01-30T15:59:40","guid":{"rendered":"https:\/\/begamer.cz\/produkt\/realpolitiks-sk\/"},"modified":"2026-03-18T07:14:14","modified_gmt":"2026-03-18T06:14:14","slug":"realpolitiks-sk","status":"publish","type":"product","link":"https:\/\/begamer.cz\/sk\/produkt\/realpolitiks-sk\/","title":{"rendered":"Realpolitiks"},"content":{"rendered":"<h1>O hre<\/h1>\n<p class=\"bb_paragraph\" style=\"text-align: center\"><span class=\"bb_img_ctn\"><img decoding=\"async\" class=\"bb_img\" src=\"https:\/\/shared.akamai.steamstatic.com\/store_item_assets\/steam\/apps\/553260\/extras\/863fa490442ea45e08976238e5dd02b8.avif?t=1760102793\" width=610 height=200 \/><\/span><\/p>\n<p class=\"bb_paragraph\" >Realpolitiks je zjednodu\u0161en\u00e1 ve\u013ek\u00e1 strategick\u00e1 hra v re\u00e1lnom \u010dase, ktor\u00e1 v\u00e1m umo\u017e\u0148uje sta\u0165 sa vodcom akejko\u013evek s\u00fa\u010dasnej krajiny. Ponorte sa hlboko do probl\u00e9mov modern\u00e9ho sveta s jeho s\u00fa\u010dasn\u00fdmi geopolitick\u00fdmi hranicami a vyu\u017eite moc a ekonomick\u00fa silu svojej krajiny na zapojenie sa do vojensk\u00fdch konfliktov a medzin\u00e1rodn\u00fdch z\u00e1le\u017eitost\u00ed. Vyberte si vlastn\u00fa met\u00f3du, ako sa vyrovna\u0165 so z\u00e1ujmami in\u00fdch n\u00e1rodov, neo\u010dak\u00e1van\u00fdmi udalos\u0165ami, glob\u00e1lnymi hrozbami a r\u00f4znymi kr\u00edzami. Vyrovnajte sa s rozpadom Eur\u00f3pskej \u00fanie, terorizmom, n\u00e1sledkami tretej svetovej vojny a mnoh\u00fdmi \u010fal\u0161\u00edmi re\u00e1lnymi aj fikt\u00edvnymi scen\u00e1rmi.<\/p>\n<p class=\"bb_paragraph\" >\n<p class=\"bb_paragraph\" >Na z\u00e1klade troch hlavn\u00fdch politick\u00fdch syst\u00e9mov (demokracia, autorit\u00e1rstvo, totalit\u00e1rstvo) v\u00e1m Realpolitiks umo\u017e\u0148uje roz\u0161\u00edri\u0165 vplyv va\u0161ej krajiny r\u00f4znymi prostriedkami, a to v\u0161etko s cie\u013eom vyhra\u0165 preteky o glob\u00e1lnu dominanciu. Vyu\u017eite svoje diplomatick\u00e9 zru\u010dnosti, ekonomick\u00e9 v\u00fdhody, vojensk\u00fa silu a \u00fapln\u00fa slobodu mor\u00e1lneho a etick\u00e9ho rozhodovania, aby ste sa stali svetovou superve\u013emocou a zabezpe\u010dili blahobyt svojich ob\u010danov.<\/p>\n<p class=\"bb_paragraph\" >\n<p class=\"bb_paragraph\" >Rozv\u00edjajte a roz\u0161irujte svoju krajinu na najvy\u0161\u0161iu mo\u017en\u00fa \u00farove\u0148 ekonomickej sily, technologickej konkurencieschopnosti a vojenskej nadvl\u00e1dy v glob\u00e1lnych rebr\u00ed\u010dkoch. Je len na v\u00e1s, \u010di sa stanete cenen\u00fdm \u010dlenom Organiz\u00e1cie Spojen\u00fdch n\u00e1rodov, alebo jadrov\u00fdm tyranom, ktor\u00fd tyranizuje v\u0161etk\u00fdch okolo seba. Roz\u0161irujte svoje \u00fazemie ak\u00fdmko\u013evek sp\u00f4sobom v\u010faka sandboxovej hre Realpolitiks, ktor\u00e1 pokr\u00fdva cel\u00fd svet, a vytvorte si dokonca kol\u00f3nie na mori. A ak v\u00e1m to nesta\u010d\u00ed, sk\u00faste roz\u0161\u00edri\u0165 na\u0161u civiliz\u00e1ciu do vesm\u00edru&#8230;<\/p>\n<p class=\"bb_paragraph\" >\n<p class=\"bb_paragraph\" >\n<h2 class=\"bb_tag\" >Funkcie:<\/h2>\n<p class=\"bb_paragraph\" >\n<ul class=\"bb_ul\">\n<li>\n<p class=\"bb_paragraph\" >V r\u00f4znych hern\u00fdch scen\u00e1roch dovied\u0165e ak\u00fako\u013evek krajinu sveta k glob\u00e1lnej nadvl\u00e1de.<\/p>\n<\/li>\n<li>\n<p class=\"bb_paragraph\" >Formujte politick\u00fd syst\u00e9m svojej krajiny a ur\u010dujte jej vz\u0165ahy s in\u00fdmi n\u00e1rodmi.<\/p>\n<\/li>\n<li>\n<p class=\"bb_paragraph\" >Rie\u0161te vn\u00fatorn\u00e9 a vonkaj\u0161ie z\u00e1le\u017eitosti a \u010delite hrozb\u00e1m v podobe pr\u00edrodn\u00fdch katastrof, terorizmu, finan\u010dn\u00fdch kr\u00edz a \u010fal\u0161\u00edch.<\/p>\n<\/li>\n<li>\n<p class=\"bb_paragraph\" >Vyu\u017e\u00edvajte be\u017en\u00e9 politick\u00e9 n\u00e1stroje vo svojich medzin\u00e1rodn\u00fdch vz\u0165ahoch, vr\u00e1tane \u0161pion\u00e1\u017enych takt\u00edk a \u0161pion\u00e1\u017ee, aby ste priamo ovplyv\u0148ovali vn\u00fatorn\u00e9 z\u00e1le\u017eitosti in\u00fdch n\u00e1rodov.<\/p>\n<\/li>\n<li>\n<p class=\"bb_paragraph\" >Pri rokovaniach s ostatn\u00fdmi sa spr\u00e1vajte mor\u00e1lne a eticky, alebo aj nie&#8230;<\/p>\n<\/li>\n<li>\n<p class=\"bb_paragraph\" >Vysok\u00e1 opakovate\u013enos\u0165 hry je zabezpe\u010den\u00e1 \u0161irok\u00fdm rozhodovac\u00edm stromom vo v\u0161etk\u00fdch z\u00e1le\u017eitostiach, ako aj r\u00f4znorod\u00fdmi miniscen\u00e1rami a n\u00e1hodn\u00fdmi udalos\u0165ami.<\/p>\n<\/li>\n<\/ul>\n","protected":false},"excerpt":{"rendered":"<p>Sta\u0148te sa vodcom akejko\u013evek s\u00fa\u010dasnej krajiny v tejto zjednodu\u0161enej ve\u013ekolepej strat\u00e9gii v re\u00e1lnom \u010dase. Vyu\u017eite diplomaciu, \u0161pion\u00e1\u017e, vojensk\u00fa a ekonomick\u00fa silu na rokovania s in\u00fdmi n\u00e1rodmi a z\u00e1rove\u0148 rie\u0161te probl\u00e9my ako terorizmus, finan\u010dn\u00e9 kr\u00edzy a epid\u00e9mie, v\u0161etko v snahe dosiahnu\u0165 glob\u00e1lnu dominanciu!<\/p>\n","protected":false},"featured_media":23672,"comment_status":"open","ping_status":"closed","template":"","meta":{"_acf_changed":false},"product_brand":[],"product_cat":[290,268,266,314,312,318],"product_tag":[],"class_list":{"0":"post-97541","1":"product","2":"type-product","3":"status-publish","4":"has-post-thumbnail","6":"product_cat-indie-hry-pc-sk","7":"product_cat-pc-sk","8":"product_cat-pc-hry-sk","9":"product_cat-simulatory-pc-hry-sk","10":"product_cat-steam-pc-sk","11":"product_cat-strategie-pc-hry-sk","12":"pa_developer-jujubee-s-a","14":"pa_game_type-main_game","16":"pa_genres-indie","18":"pa_genres-simulator","19":"pa_genres-strategy","20":"pa_interface-de-de","21":"pa_interface-en-us","22":"pa_interface-es-es","23":"pa_interface-fr-fr","24":"pa_interface-it-it","25":"pa_interface-pl-pl","26":"pa_interface-ru-ru","28":"pa_keywords-diplomacy","29":"pa_keywords-grand-strategy","30":"pa_keywords-politics","31":"pa_keywords-real-time","32":"pa_modes-single-player","34":"pa_pegi-13424","35":"pa_pegi-772","36":"pa_platform-pc-steam","38":"pa_player_perspectives-bird-view-isometric","40":"pa_publisher-forever-entertainment-s-a","42":"pa_rating-14629","43":"pa_rating-3557","44":"pa_region-europe","46":"pa_subtitles-de-de","48":"pa_subtitles-en-us","49":"pa_subtitles-es-es","50":"pa_subtitles-fr-fr","51":"pa_subtitles-it-it","52":"pa_subtitles-pl-pl","53":"pa_subtitles-ru-ru","54":"pa_themes-historical","56":"pa_themes-sandbox","58":"first","59":"instock","60":"virtual","61":"taxable","62":"purchasable","63":"product-type-simple"},"yoast_head":"<!-- This site is optimized with the Yoast SEO plugin v27.4 - https:\/\/yoast.com\/product\/yoast-seo-wordpress\/ -->\n<title>Realpolitiks | BeGamer.cz<\/title>\n<meta name=\"robots\" content=\"index, follow, max-snippet:-1, max-image-preview:large, max-video-preview:-1\" \/>\n<link rel=\"canonical\" href=\"https:\/\/begamer.cz\/sk\/produkt\/realpolitiks-sk\/\" \/>\n<meta property=\"og:locale\" content=\"sk_SK\" \/>\n<meta property=\"og:type\" content=\"article\" \/>\n<meta property=\"og:title\" content=\"Realpolitiks | BeGamer.cz\" \/>\n<meta property=\"og:description\" content=\"Sta\u0148te sa vodcom akejko\u013evek s\u00fa\u010dasnej krajiny v tejto zjednodu\u0161enej ve\u013ekolepej strat\u00e9gii v re\u00e1lnom \u010dase. Vyu\u017eite diplomaciu, \u0161pion\u00e1\u017e, vojensk\u00fa a ekonomick\u00fa silu na rokovania s in\u00fdmi n\u00e1rodmi a z\u00e1rove\u0148 rie\u0161te probl\u00e9my ako terorizmus, finan\u010dn\u00e9 kr\u00edzy a epid\u00e9mie, v\u0161etko v snahe dosiahnu\u0165 glob\u00e1lnu dominanciu!\" \/>\n<meta property=\"og:url\" content=\"https:\/\/begamer.cz\/sk\/produkt\/realpolitiks-sk\/\" \/>\n<meta property=\"og:site_name\" content=\"BeGamer.cz\" \/>\n<meta property=\"article:modified_time\" content=\"2026-03-18T06:14:14+00:00\" \/>\n<meta property=\"og:image\" content=\"https:\/\/begamer.cz\/wp-content\/uploads\/2026\/01\/realpolitiks-5.webp\" \/>\n\t<meta property=\"og:image:width\" content=\"300\" \/>\n\t<meta property=\"og:image:height\" content=\"400\" \/>\n\t<meta property=\"og:image:type\" content=\"image\/webp\" \/>\n<meta name=\"twitter:card\" content=\"summary_large_image\" \/>\n<meta name=\"twitter:label1\" content=\"Predpokladan\u00fd \u010das \u010d\u00edtania\" \/>\n\t<meta name=\"twitter:data1\" content=\"2 min\u00faty\" \/>\n<script type=\"application\/ld+json\" class=\"yoast-schema-graph\">{\"@context\":\"https:\\\/\\\/schema.org\",\"@graph\":[{\"@type\":\"WebPage\",\"@id\":\"https:\\\/\\\/begamer.cz\\\/sk\\\/produkt\\\/realpolitiks-sk\\\/\",\"url\":\"https:\\\/\\\/begamer.cz\\\/sk\\\/produkt\\\/realpolitiks-sk\\\/\",\"name\":\"Realpolitiks | BeGamer.cz\",\"isPartOf\":{\"@id\":\"https:\\\/\\\/begamer.cz\\\/sk\\\/#website\"},\"primaryImageOfPage\":{\"@id\":\"https:\\\/\\\/begamer.cz\\\/sk\\\/produkt\\\/realpolitiks-sk\\\/#primaryimage\"},\"image\":{\"@id\":\"https:\\\/\\\/begamer.cz\\\/sk\\\/produkt\\\/realpolitiks-sk\\\/#primaryimage\"},\"thumbnailUrl\":\"https:\\\/\\\/begamer.cz\\\/wp-content\\\/uploads\\\/2026\\\/01\\\/realpolitiks-5.webp\",\"datePublished\":\"2026-01-30T15:59:40+00:00\",\"dateModified\":\"2026-03-18T06:14:14+00:00\",\"breadcrumb\":{\"@id\":\"https:\\\/\\\/begamer.cz\\\/sk\\\/produkt\\\/realpolitiks-sk\\\/#breadcrumb\"},\"inLanguage\":\"sk-SK\",\"potentialAction\":[{\"@type\":\"ReadAction\",\"target\":[\"https:\\\/\\\/begamer.cz\\\/sk\\\/produkt\\\/realpolitiks-sk\\\/\"]}]},{\"@type\":\"ImageObject\",\"inLanguage\":\"sk-SK\",\"@id\":\"https:\\\/\\\/begamer.cz\\\/sk\\\/produkt\\\/realpolitiks-sk\\\/#primaryimage\",\"url\":\"https:\\\/\\\/begamer.cz\\\/wp-content\\\/uploads\\\/2026\\\/01\\\/realpolitiks-5.webp\",\"contentUrl\":\"https:\\\/\\\/begamer.cz\\\/wp-content\\\/uploads\\\/2026\\\/01\\\/realpolitiks-5.webp\",\"width\":300,\"height\":400},{\"@type\":\"BreadcrumbList\",\"@id\":\"https:\\\/\\\/begamer.cz\\\/sk\\\/produkt\\\/realpolitiks-sk\\\/#breadcrumb\",\"itemListElement\":[{\"@type\":\"ListItem\",\"position\":1,\"name\":\"Domov\",\"item\":\"https:\\\/\\\/begamer.cz\\\/sk\\\/\"},{\"@type\":\"ListItem\",\"position\":2,\"name\":\"Obchod\",\"item\":\"https:\\\/\\\/begamer.cz\\\/obchod\\\/\"},{\"@type\":\"ListItem\",\"position\":3,\"name\":\"Realpolitiks\"}]},{\"@type\":\"WebSite\",\"@id\":\"https:\\\/\\\/begamer.cz\\\/sk\\\/#website\",\"url\":\"https:\\\/\\\/begamer.cz\\\/sk\\\/\",\"name\":\"BeGamer.cz\",\"description\":\"\",\"publisher\":{\"@id\":\"https:\\\/\\\/begamer.cz\\\/sk\\\/#organization\"},\"potentialAction\":[{\"@type\":\"SearchAction\",\"target\":{\"@type\":\"EntryPoint\",\"urlTemplate\":\"https:\\\/\\\/begamer.cz\\\/sk\\\/?s={search_term_string}\"},\"query-input\":{\"@type\":\"PropertyValueSpecification\",\"valueRequired\":true,\"valueName\":\"search_term_string\"}}],\"inLanguage\":\"sk-SK\"},{\"@type\":\"Organization\",\"@id\":\"https:\\\/\\\/begamer.cz\\\/sk\\\/#organization\",\"name\":\"BeGamer.cz\",\"url\":\"https:\\\/\\\/begamer.cz\\\/sk\\\/\",\"logo\":{\"@type\":\"ImageObject\",\"inLanguage\":\"sk-SK\",\"@id\":\"https:\\\/\\\/begamer.cz\\\/sk\\\/#\\\/schema\\\/logo\\\/image\\\/\",\"url\":\"https:\\\/\\\/begamer.cz\\\/wp-content\\\/uploads\\\/2025\\\/07\\\/logo.svg\",\"contentUrl\":\"https:\\\/\\\/begamer.cz\\\/wp-content\\\/uploads\\\/2025\\\/07\\\/logo.svg\",\"caption\":\"BeGamer.cz\"},\"image\":{\"@id\":\"https:\\\/\\\/begamer.cz\\\/sk\\\/#\\\/schema\\\/logo\\\/image\\\/\"}}]}<\/script>\n<!-- \/ Yoast SEO plugin. -->","yoast_head_json":{"title":"Realpolitiks | BeGamer.cz","robots":{"index":"index","follow":"follow","max-snippet":"max-snippet:-1","max-image-preview":"max-image-preview:large","max-video-preview":"max-video-preview:-1"},"canonical":"https:\/\/begamer.cz\/sk\/produkt\/realpolitiks-sk\/","og_locale":"sk_SK","og_type":"article","og_title":"Realpolitiks | BeGamer.cz","og_description":"Sta\u0148te sa vodcom akejko\u013evek s\u00fa\u010dasnej krajiny v tejto zjednodu\u0161enej ve\u013ekolepej strat\u00e9gii v re\u00e1lnom \u010dase. Vyu\u017eite diplomaciu, \u0161pion\u00e1\u017e, vojensk\u00fa a ekonomick\u00fa silu na rokovania s in\u00fdmi n\u00e1rodmi a z\u00e1rove\u0148 rie\u0161te probl\u00e9my ako terorizmus, finan\u010dn\u00e9 kr\u00edzy a epid\u00e9mie, v\u0161etko v snahe dosiahnu\u0165 glob\u00e1lnu dominanciu!","og_url":"https:\/\/begamer.cz\/sk\/produkt\/realpolitiks-sk\/","og_site_name":"BeGamer.cz","article_modified_time":"2026-03-18T06:14:14+00:00","og_image":[{"width":300,"height":400,"url":"https:\/\/begamer.cz\/wp-content\/uploads\/2026\/01\/realpolitiks-5.webp","type":"image\/webp"}],"twitter_card":"summary_large_image","twitter_misc":{"Predpokladan\u00fd \u010das \u010d\u00edtania":"2 min\u00faty"},"schema":{"@context":"https:\/\/schema.org","@graph":[{"@type":"WebPage","@id":"https:\/\/begamer.cz\/sk\/produkt\/realpolitiks-sk\/","url":"https:\/\/begamer.cz\/sk\/produkt\/realpolitiks-sk\/","name":"Realpolitiks | BeGamer.cz","isPartOf":{"@id":"https:\/\/begamer.cz\/sk\/#website"},"primaryImageOfPage":{"@id":"https:\/\/begamer.cz\/sk\/produkt\/realpolitiks-sk\/#primaryimage"},"image":{"@id":"https:\/\/begamer.cz\/sk\/produkt\/realpolitiks-sk\/#primaryimage"},"thumbnailUrl":"https:\/\/begamer.cz\/wp-content\/uploads\/2026\/01\/realpolitiks-5.webp","datePublished":"2026-01-30T15:59:40+00:00","dateModified":"2026-03-18T06:14:14+00:00","breadcrumb":{"@id":"https:\/\/begamer.cz\/sk\/produkt\/realpolitiks-sk\/#breadcrumb"},"inLanguage":"sk-SK","potentialAction":[{"@type":"ReadAction","target":["https:\/\/begamer.cz\/sk\/produkt\/realpolitiks-sk\/"]}]},{"@type":"ImageObject","inLanguage":"sk-SK","@id":"https:\/\/begamer.cz\/sk\/produkt\/realpolitiks-sk\/#primaryimage","url":"https:\/\/begamer.cz\/wp-content\/uploads\/2026\/01\/realpolitiks-5.webp","contentUrl":"https:\/\/begamer.cz\/wp-content\/uploads\/2026\/01\/realpolitiks-5.webp","width":300,"height":400},{"@type":"BreadcrumbList","@id":"https:\/\/begamer.cz\/sk\/produkt\/realpolitiks-sk\/#breadcrumb","itemListElement":[{"@type":"ListItem","position":1,"name":"Domov","item":"https:\/\/begamer.cz\/sk\/"},{"@type":"ListItem","position":2,"name":"Obchod","item":"https:\/\/begamer.cz\/obchod\/"},{"@type":"ListItem","position":3,"name":"Realpolitiks"}]},{"@type":"WebSite","@id":"https:\/\/begamer.cz\/sk\/#website","url":"https:\/\/begamer.cz\/sk\/","name":"BeGamer.cz","description":"","publisher":{"@id":"https:\/\/begamer.cz\/sk\/#organization"},"potentialAction":[{"@type":"SearchAction","target":{"@type":"EntryPoint","urlTemplate":"https:\/\/begamer.cz\/sk\/?s={search_term_string}"},"query-input":{"@type":"PropertyValueSpecification","valueRequired":true,"valueName":"search_term_string"}}],"inLanguage":"sk-SK"},{"@type":"Organization","@id":"https:\/\/begamer.cz\/sk\/#organization","name":"BeGamer.cz","url":"https:\/\/begamer.cz\/sk\/","logo":{"@type":"ImageObject","inLanguage":"sk-SK","@id":"https:\/\/begamer.cz\/sk\/#\/schema\/logo\/image\/","url":"https:\/\/begamer.cz\/wp-content\/uploads\/2025\/07\/logo.svg","contentUrl":"https:\/\/begamer.cz\/wp-content\/uploads\/2025\/07\/logo.svg","caption":"BeGamer.cz"},"image":{"@id":"https:\/\/begamer.cz\/sk\/#\/schema\/logo\/image\/"}}]}},"acf":[],"_links":{"self":[{"href":"https:\/\/begamer.cz\/sk\/wp-json\/wp\/v2\/product\/97541","targetHints":{"allow":["GET"]}}],"collection":[{"href":"https:\/\/begamer.cz\/sk\/wp-json\/wp\/v2\/product"}],"about":[{"href":"https:\/\/begamer.cz\/sk\/wp-json\/wp\/v2\/types\/product"}],"replies":[{"embeddable":true,"href":"https:\/\/begamer.cz\/sk\/wp-json\/wp\/v2\/comments?post=97541"}],"wp:featuredmedia":[{"embeddable":true,"href":"https:\/\/begamer.cz\/sk\/wp-json\/wp\/v2\/media\/23672"}],"wp:attachment":[{"href":"https:\/\/begamer.cz\/sk\/wp-json\/wp\/v2\/media?parent=97541"}],"wp:term":[{"taxonomy":"product_brand","embeddable":true,"href":"https:\/\/begamer.cz\/sk\/wp-json\/wp\/v2\/product_brand?post=97541"},{"taxonomy":"product_cat","embeddable":true,"href":"https:\/\/begamer.cz\/sk\/wp-json\/wp\/v2\/product_cat?post=97541"},{"taxonomy":"product_tag","embeddable":true,"href":"https:\/\/begamer.cz\/sk\/wp-json\/wp\/v2\/product_tag?post=97541"}],"curies":[{"name":"wp","href":"https:\/\/api.w.org\/{rel}","templated":true}]}}