{"id":97529,"date":"2026-01-30T16:59:22","date_gmt":"2026-01-30T15:59:22","guid":{"rendered":"https:\/\/begamer.cz\/produkt\/moonlighter-sk\/"},"modified":"2026-03-18T07:13:23","modified_gmt":"2026-03-18T06:13:23","slug":"moonlighter-sk","status":"publish","type":"product","link":"https:\/\/begamer.cz\/sk\/produkt\/moonlighter-sk\/","title":{"rendered":"Moonlighter"},"content":{"rendered":"<p class=\"bb_paragraph\" ><span class=\"bb_img_ctn\"><img decoding=\"async\" class=\"bb_img\" src=\"https:\/\/shared.akamai.steamstatic.com\/store_item_assets\/steam\/apps\/606150\/extras\/7c28bf820cd7996354df2c9e509c5a68.avif?t=1757606081\" width=616 height=196 \/><\/span><\/p>\n<p class=\"bb_paragraph\" >Od vydania bola hra Moonlighter aktualizovan\u00e1 o mno\u017estvo nov\u00e9ho obsahu. Od najmen\u0161\u00edch zmien, ako s\u00fa vylep\u0161enia kl\u00e1vesov\u00fdch skratiek, opravy ch\u00fdb a \u00fapravy vyv\u00e1\u017eenosti, a\u017e po obrovsk\u00e9 inov\u00e1cie, ktor\u00e9 sme s\u013e\u00fabili v na\u0161om pl\u00e1ne \u2013 aktu\u00e1lna verzia hry Moonlighter pon\u00faka p\u00f4vodn\u00fd z\u00e1\u017eitok s radom vylep\u0161en\u00ed, ktor\u00e9 menia hru pre star\u00fdch aj nov\u00fdch hr\u00e1\u010dov.<\/p>\n<p class=\"bb_paragraph\" >\n<p class=\"bb_paragraph\" >Postavte sa nezn\u00e1mym mini-bossom s pomocou \u00faplne nov\u00fdch zbran\u00ed, brnen\u00ed, prste\u0148ov a amuletov. Prech\u00e1dzajte sa po 100 nov\u00fdch vzoroch miestnost\u00ed s pomocou 9 odv\u00e1\u017enych spolo\u010dn\u00edkov a objavujte e\u0161te viac trad\u00edci\u00ed a pr\u00edbehov. Dokon\u010dite hlavn\u00e9 dobrodru\u017estvo a odomknite re\u017eim New Game+ s \u010fal\u0161\u00edmi v\u00fdzvami a mo\u017enos\u0165ami.<\/p>\n<p class=\"bb_paragraph\" >\n<p class=\"bb_paragraph\" ><span class=\"bb_img_ctn\"><img decoding=\"async\" class=\"bb_img\" src=\"https:\/\/shared.akamai.steamstatic.com\/store_item_assets\/steam\/apps\/606150\/extras\/8b14046d43e75993f7497a780568bc84.avif?t=1757606081\" width=616 height=124 \/><\/span><\/p>\n<p class=\"bb_paragraph\" >Po\u010das d\u00e1vno ukon\u010den\u00fdch archeologick\u00fdch vykop\u00e1vok bola objaven\u00e1 s\u00e9ria br\u00e1n. \u013dudia r\u00fdchlo zistili, \u017ee tieto starovek\u00e9 priechody ved\u00fa do r\u00f4znych r\u00ed\u0161 a dimenzi\u00ed, kde odv\u00e1\u017eni a bezoh\u013eadn\u00ed dobrodruhovia nach\u00e1dzaj\u00fa nezmierite\u013en\u00e9 poklady. V bl\u00edzkosti vykop\u00e1vok bola zalo\u017een\u00e1 mal\u00e1 obchodn\u00e1 dedina Rynoka, ktor\u00e1 poskytuje \u00fato\u010disko a miesto, kde m\u00f4\u017eu dobrodruhovia pred\u00e1va\u0165 svoje \u0165a\u017eko zaroben\u00e9 bohatstvo.<\/p>\n<p class=\"bb_paragraph\" >\n<p class=\"bb_paragraph\" ><span class=\"bb_img_ctn\"><img decoding=\"async\" class=\"bb_img\" src=\"https:\/\/shared.akamai.steamstatic.com\/store_item_assets\/steam\/apps\/606150\/extras\/97e821d540417181ec949a4d7a8138cb.avif?t=1757606081\" width=616 height=226 \/><\/span><\/p>\n<p class=\"bb_paragraph\" >Moonlighter je ak\u010dn\u00e1 RPG hra s rogue-lite prvkami, ktor\u00e1 sleduje ka\u017edodenn\u00fd \u017eivot Willa, dobrodru\u017en\u00e9ho obchodn\u00edka, ktor\u00fd sn\u00edva o tom, \u017ee sa stane hrdinom.<\/p>\n<p class=\"bb_paragraph\" >\n<h2 class=\"bb_tag\" ><strong>Funkcie:<\/strong><\/h2>\n<p class=\"bb_paragraph\" >\n<h2 class=\"bb_tag\" ><strong>OBCHODN\u00cdCTVO<\/strong><\/h2>\n<p class=\"bb_paragraph\" ><span class=\"bb_img_ctn\"><video class=\"bb_img\" autoplay muted loop playsinline poster=\"https:\/\/shared.akamai.steamstatic.com\/store_item_assets\/steam\/apps\/606150\/extras\/92c35f8d1749084ede06cd7aea82e7e4.poster.avif?t=1757606081\" width=620 height=170 ><source src=\"https:\/\/shared.akamai.steamstatic.com\/store_item_assets\/steam\/apps\/606150\/extras\/92c35f8d1749084ede06cd7aea82e7e4.webm?t=1757606081\" type=\"video\/webm; codecs=vp9\"><source src=\"https:\/\/shared.akamai.steamstatic.com\/store_item_assets\/steam\/apps\/606150\/extras\/92c35f8d1749084ede06cd7aea82e7e4.mp4?t=1757606081\" type=\"video\/mp4\"><\/video><\/span>Pri podnikan\u00ed v dedine Rynoka m\u00f4\u017eete <strong>d\u00e1va\u0165 tovar do predaja, starostlivo stanovova\u0165 jeho cenu, spravova\u0165 z\u00e1soby zlata, naj\u00edma\u0165 pomocn\u00edkov a vylep\u0161ova\u0165 obchod<\/strong>. Bu\u010fte v\u0161ak opatrn\u00ed \u2013 niektor\u00ed pochybn\u00ed jedinci by mohli chcie\u0165 ukradn\u00fa\u0165 va\u0161e drahocenn\u00e9 tovary!<\/p>\n<p class=\"bb_paragraph\" >\n<h2 class=\"bb_tag\" ><strong>BOJUJTE SO \u0160T\u00ddLOM<\/strong><\/h2>\n<p class=\"bb_paragraph\" ><span class=\"bb_img_ctn\"><video class=\"bb_img\" autoplay muted loop playsinline poster=\"https:\/\/shared.akamai.steamstatic.com\/store_item_assets\/steam\/apps\/606150\/extras\/2c9f6a7ebce7d8a7e83e003b9a76952f.poster.avif?t=1757606081\" width=620 height=170 ><source src=\"https:\/\/shared.akamai.steamstatic.com\/store_item_assets\/steam\/apps\/606150\/extras\/2c9f6a7ebce7d8a7e83e003b9a76952f.webm?t=1757606081\" type=\"video\/webm; codecs=vp9\"><source src=\"https:\/\/shared.akamai.steamstatic.com\/store_item_assets\/steam\/apps\/606150\/extras\/2c9f6a7ebce7d8a7e83e003b9a76952f.mp4?t=1757606081\" type=\"video\/mp4\"><\/video><\/span>Porazte r\u00f4znych nepriate\u013eov a bossov a vychutnajte si n\u00e1ro\u010dn\u00e9 a komplexn\u00e9 bojov\u00e9 mechaniky. Majstrovsk\u00e9 ovl\u00e1danie zbran\u00ed, kritick\u00e9 na\u010dasovanie, starostliv\u00e9 umiest\u0148ovanie a pochopenie nepriate\u013eov a prostredia s\u00fa k\u013e\u00fa\u010dov\u00e9 pre va\u0161e pre\u017eitie. Ako budete bojova\u0165 so svojimi nepriate\u013emi, je len na v\u00e1s.<\/p>\n<p class=\"bb_paragraph\" >\n<h2 class=\"bb_tag\" ><strong>SPOZNAJTE OBYVATE\u013dOV OBCE<\/strong><\/h2>\n<p class=\"bb_paragraph\" ><span class=\"bb_img_ctn\"><video class=\"bb_img\" autoplay muted loop playsinline poster=\"https:\/\/shared.akamai.steamstatic.com\/store_item_assets\/steam\/apps\/606150\/extras\/ab6b1e6be753ed9c3d693c2c4660267b.poster.avif?t=1757606081\" width=620 height=170 ><source src=\"https:\/\/shared.akamai.steamstatic.com\/store_item_assets\/steam\/apps\/606150\/extras\/ab6b1e6be753ed9c3d693c2c4660267b.webm?t=1757606081\" type=\"video\/webm; codecs=vp9\"><source src=\"https:\/\/shared.akamai.steamstatic.com\/store_item_assets\/steam\/apps\/606150\/extras\/ab6b1e6be753ed9c3d693c2c4660267b.mp4?t=1757606081\" type=\"video\/mp4\"><\/video><\/span>Spoznajte svojich susedov, zatia\u013e \u010do obnovujete prosperitu tejto malej obchodnej osady. Pom\u00f4\u017ete zalo\u017ei\u0165 nov\u00e9 podniky a sledujte, ako rast\u00fa v idylickom spolo\u010denstve Rynoka.<\/p>\n<p class=\"bb_paragraph\" >\n<h2 class=\"bb_tag\" ><strong>V\u00ddROBA A K\u00daZLA<\/strong><\/h2>\n<p class=\"bb_paragraph\" ><span class=\"bb_img_ctn\"><video class=\"bb_img\" autoplay muted loop playsinline poster=\"https:\/\/shared.akamai.steamstatic.com\/store_item_assets\/steam\/apps\/606150\/extras\/1580e9e233d829c528efa209bb5f2baf.poster.avif?t=1757606081\" width=620 height=170 ><source src=\"https:\/\/shared.akamai.steamstatic.com\/store_item_assets\/steam\/apps\/606150\/extras\/1580e9e233d829c528efa209bb5f2baf.webm?t=1757606081\" type=\"video\/webm; codecs=vp9\"><source src=\"https:\/\/shared.akamai.steamstatic.com\/store_item_assets\/steam\/apps\/606150\/extras\/1580e9e233d829c528efa209bb5f2baf.mp4?t=1757606081\" type=\"video\/mp4\"><\/video><\/span>Porozumenie syst\u00e9mu tvorby a o\u010darovania je nevyhnutn\u00e9 pre v\u00e1\u0161 pokrok. Komunikujte s dedin\u010danmi, aby ste vytvorili nov\u00e9 brnenia a zbrane a o\u010darili existuj\u00face vybavenie. To vytv\u00e1ra ve\u013ek\u00fa flexibilitu a spestruje sp\u00f4sob pou\u017e\u00edvania vybavenia.<\/p>\n<p class=\"bb_paragraph\" >\n<h2 class=\"bb_tag\" ><strong>Z\u00cdSKAJTE KORIS\u0164<\/strong><\/h2>\n<p class=\"bb_paragraph\" ><span class=\"bb_img_ctn\"><video class=\"bb_img\" autoplay muted loop playsinline poster=\"https:\/\/shared.akamai.steamstatic.com\/store_item_assets\/steam\/apps\/606150\/extras\/8d1292059f73b5bb0b131ac806881935.poster.avif?t=1757606081\" width=620 height=170 ><source src=\"https:\/\/shared.akamai.steamstatic.com\/store_item_assets\/steam\/apps\/606150\/extras\/8d1292059f73b5bb0b131ac806881935.webm?t=1757606081\" type=\"video\/webm; codecs=vp9\"><source src=\"https:\/\/shared.akamai.steamstatic.com\/store_item_assets\/steam\/apps\/606150\/extras\/8d1292059f73b5bb0b131ac806881935.mp4?t=1757606081\" type=\"video\/mp4\"><\/video><\/span>Vst\u00fapte do podivn\u00fdch svetov cez br\u00e1ny do in\u00fdch svetov a zbierajte cenn\u00e9 predmety z exotick\u00fdch civiliz\u00e1ci\u00ed: suroviny, zbrane, brnenia a zvl\u00e1\u0161tne artefakty. Nebude mo\u017en\u00e9 nahromadi\u0165 v\u0161etko \u2013 m\u00fadro vyu\u017e\u00edvajte jedine\u010dn\u00fd syst\u00e9m invent\u00e1ra, aby ste si so sebou vzali najv\u00fdnosnej\u0161iu koris\u0165.<\/p>\n<p class=\"bb_paragraph\" >\n<h2 class=\"bb_tag\" ><strong>SPRIATELTE SA S SPOLO\u010cN\u00cdKMI<\/strong><\/h2>\n<p class=\"bb_paragraph\" ><span class=\"bb_img_ctn\"><video class=\"bb_img\" autoplay muted loop playsinline poster=\"https:\/\/shared.akamai.steamstatic.com\/store_item_assets\/steam\/apps\/606150\/extras\/bc4517f0c856849b7ad986f1fd0f5a8f.poster.avif?t=1757606081\" width=620 height=170 ><source src=\"https:\/\/shared.akamai.steamstatic.com\/store_item_assets\/steam\/apps\/606150\/extras\/bc4517f0c856849b7ad986f1fd0f5a8f.webm?t=1757606081\" type=\"video\/webm; codecs=vp9\"><source src=\"https:\/\/shared.akamai.steamstatic.com\/store_item_assets\/steam\/apps\/606150\/extras\/bc4517f0c856849b7ad986f1fd0f5a8f.mp4?t=1757606081\" type=\"video\/mp4\"><\/video><\/span>Br\u00e1ny ved\u00fa do r\u00f4znych svetov. Ka\u017ed\u00fd beh je jedine\u010dn\u00fd a n\u00fati v\u00e1s robi\u0165 inteligentn\u00e9 a premyslen\u00e9 rozhodnutia. Nikdy neviete, \u010do v\u00e1s \u010dak\u00e1 \u010falej \u2013 preto mus\u00edte by\u0165 pripraven\u00ed na v\u0161etko.<\/p>\n","protected":false},"excerpt":{"rendered":"<p>Moonlighter je ak\u010dn\u00e1 RPG hra s prvkami rogue-lite, ktor\u00e1 ukazuje dve strany mince \u2013 odha\u013euje ka\u017edodenn\u00e9 rutiny Willa, dobrodru\u017en\u00e9ho obchodn\u00edka, ktor\u00fd tajne sn\u00edva o tom, \u017ee sa stane hrdinom.<\/p>\n","protected":false},"featured_media":23603,"comment_status":"open","ping_status":"closed","template":"","meta":{"_acf_changed":false},"product_brand":[],"product_cat":[280,290,268,266,308,312],"product_tag":[],"class_list":{"0":"post-97529","1":"product","2":"type-product","3":"status-publish","4":"has-post-thumbnail","6":"product_cat-dobrodruzne-pc-hry-sk","7":"product_cat-indie-hry-pc-sk","8":"product_cat-pc-sk","9":"product_cat-pc-hry-sk","10":"product_cat-rpg-pc-hry-sk","11":"product_cat-steam-pc-sk","12":"pa_audio-en-us","14":"pa_countries-at","15":"pa_countries-be","16":"pa_countries-bg","17":"pa_countries-cy","18":"pa_countries-cz","20":"pa_countries-de","21":"pa_countries-dk","22":"pa_countries-ee","23":"pa_countries-es","24":"pa_countries-fi","25":"pa_countries-fr","26":"pa_countries-gr","27":"pa_countries-hr","28":"pa_countries-hu","29":"pa_countries-ie","30":"pa_countries-it","31":"pa_countries-lt","32":"pa_countries-lu","33":"pa_countries-lv","34":"pa_countries-mt","35":"pa_countries-nl","36":"pa_countries-pl","37":"pa_countries-pt","38":"pa_countries-ro","39":"pa_countries-se","40":"pa_countries-si","41":"pa_countries-sk","42":"pa_developer-digital-sun-games","44":"pa_engine-unity","46":"pa_game_type-main_game","48":"pa_genres-adventure","49":"pa_genres-hack-and-slash-beat-em-up","51":"pa_genres-indie","52":"pa_genres-role-playing-rpg","53":"pa_genres-simulator","54":"pa_interface-de-de","55":"pa_interface-en-us","56":"pa_interface-es-es","57":"pa_interface-fr-fr","58":"pa_interface-it-it","59":"pa_interface-ja-jp","60":"pa_interface-ko-kr","61":"pa_interface-pl-pl","62":"pa_interface-pt-br","63":"pa_interface-pt-pt","65":"pa_interface-ru-ru","66":"pa_interface-tr-tr","67":"pa_interface-zh-cn","68":"pa_interface-zh-tw","69":"pa_keywords-crafting","70":"pa_keywords-crowdfunding-kickstarter","71":"pa_keywords-digital-distribution","72":"pa_keywords-merchants","73":"pa_keywords-pax-west-2017","75":"pa_keywords-previously-on-stadia-pro","76":"pa_keywords-random-level-generation","77":"pa_keywords-roguelike","78":"pa_keywords-roguelite","79":"pa_keywords-store-management","80":"pa_modes-single-player","82":"pa_pegi-13424","83":"pa_pegi-772","84":"pa_platform-pc-steam","86":"pa_player_perspectives-bird-view-isometric","88":"pa_publisher-11-bit-studios","90":"pa_rating-14450","91":"pa_rating-872","92":"pa_region-europe","94":"pa_subtitles-de-de","96":"pa_subtitles-en-us","97":"pa_subtitles-es-es","98":"pa_subtitles-fr-fr","99":"pa_subtitles-it-it","100":"pa_subtitles-ja-jp","101":"pa_subtitles-ko-kr","102":"pa_subtitles-pl-pl","103":"pa_subtitles-pt-br","104":"pa_subtitles-ru-ru","105":"pa_subtitles-tr-tr","106":"pa_subtitles-zh-cn","107":"pa_subtitles-zh-tw","108":"pa_themes-action","109":"pa_themes-business","110":"pa_themes-fantasy","113":"first","114":"instock","115":"virtual","116":"taxable","117":"purchasable","118":"product-type-simple"},"yoast_head":"<!-- This site is optimized with the Yoast SEO plugin v27.3 - https:\/\/yoast.com\/product\/yoast-seo-wordpress\/ -->\n<title>Moonlighter | BeGamer.cz<\/title>\n<meta name=\"robots\" content=\"index, follow, max-snippet:-1, max-image-preview:large, max-video-preview:-1\" \/>\n<link rel=\"canonical\" href=\"https:\/\/begamer.cz\/sk\/produkt\/moonlighter-sk\/\" \/>\n<meta property=\"og:locale\" content=\"sk_SK\" \/>\n<meta property=\"og:type\" content=\"article\" \/>\n<meta property=\"og:title\" content=\"Moonlighter | BeGamer.cz\" \/>\n<meta property=\"og:description\" content=\"Moonlighter je ak\u010dn\u00e1 RPG hra s prvkami rogue-lite, ktor\u00e1 ukazuje dve strany mince \u2013 odha\u013euje ka\u017edodenn\u00e9 rutiny Willa, dobrodru\u017en\u00e9ho obchodn\u00edka, ktor\u00fd tajne sn\u00edva o tom, \u017ee sa stane hrdinom.\" \/>\n<meta property=\"og:url\" content=\"https:\/\/begamer.cz\/sk\/produkt\/moonlighter-sk\/\" \/>\n<meta property=\"og:site_name\" content=\"BeGamer.cz\" \/>\n<meta property=\"article:modified_time\" content=\"2026-03-18T06:13:23+00:00\" \/>\n<meta property=\"og:image\" content=\"https:\/\/begamer.cz\/wp-content\/uploads\/2026\/01\/moonlighter-5.webp\" \/>\n\t<meta property=\"og:image:width\" content=\"300\" \/>\n\t<meta property=\"og:image:height\" content=\"400\" \/>\n\t<meta property=\"og:image:type\" content=\"image\/webp\" \/>\n<meta name=\"twitter:card\" content=\"summary_large_image\" \/>\n<meta name=\"twitter:label1\" content=\"Predpokladan\u00fd \u010das \u010d\u00edtania\" \/>\n\t<meta name=\"twitter:data1\" content=\"3 min\u00faty\" \/>\n<script type=\"application\/ld+json\" class=\"yoast-schema-graph\">{\"@context\":\"https:\\\/\\\/schema.org\",\"@graph\":[{\"@type\":\"WebPage\",\"@id\":\"https:\\\/\\\/begamer.cz\\\/sk\\\/produkt\\\/moonlighter-sk\\\/\",\"url\":\"https:\\\/\\\/begamer.cz\\\/sk\\\/produkt\\\/moonlighter-sk\\\/\",\"name\":\"Moonlighter | BeGamer.cz\",\"isPartOf\":{\"@id\":\"https:\\\/\\\/begamer.cz\\\/sk\\\/#website\"},\"primaryImageOfPage\":{\"@id\":\"https:\\\/\\\/begamer.cz\\\/sk\\\/produkt\\\/moonlighter-sk\\\/#primaryimage\"},\"image\":{\"@id\":\"https:\\\/\\\/begamer.cz\\\/sk\\\/produkt\\\/moonlighter-sk\\\/#primaryimage\"},\"thumbnailUrl\":\"https:\\\/\\\/begamer.cz\\\/wp-content\\\/uploads\\\/2026\\\/01\\\/moonlighter-5.webp\",\"datePublished\":\"2026-01-30T15:59:22+00:00\",\"dateModified\":\"2026-03-18T06:13:23+00:00\",\"breadcrumb\":{\"@id\":\"https:\\\/\\\/begamer.cz\\\/sk\\\/produkt\\\/moonlighter-sk\\\/#breadcrumb\"},\"inLanguage\":\"sk-SK\",\"potentialAction\":[{\"@type\":\"ReadAction\",\"target\":[\"https:\\\/\\\/begamer.cz\\\/sk\\\/produkt\\\/moonlighter-sk\\\/\"]}]},{\"@type\":\"ImageObject\",\"inLanguage\":\"sk-SK\",\"@id\":\"https:\\\/\\\/begamer.cz\\\/sk\\\/produkt\\\/moonlighter-sk\\\/#primaryimage\",\"url\":\"https:\\\/\\\/begamer.cz\\\/wp-content\\\/uploads\\\/2026\\\/01\\\/moonlighter-5.webp\",\"contentUrl\":\"https:\\\/\\\/begamer.cz\\\/wp-content\\\/uploads\\\/2026\\\/01\\\/moonlighter-5.webp\",\"width\":300,\"height\":400},{\"@type\":\"BreadcrumbList\",\"@id\":\"https:\\\/\\\/begamer.cz\\\/sk\\\/produkt\\\/moonlighter-sk\\\/#breadcrumb\",\"itemListElement\":[{\"@type\":\"ListItem\",\"position\":1,\"name\":\"Domov\",\"item\":\"https:\\\/\\\/begamer.cz\\\/sk\\\/\"},{\"@type\":\"ListItem\",\"position\":2,\"name\":\"Obchod\",\"item\":\"https:\\\/\\\/begamer.cz\\\/obchod\\\/\"},{\"@type\":\"ListItem\",\"position\":3,\"name\":\"Moonlighter\"}]},{\"@type\":\"WebSite\",\"@id\":\"https:\\\/\\\/begamer.cz\\\/sk\\\/#website\",\"url\":\"https:\\\/\\\/begamer.cz\\\/sk\\\/\",\"name\":\"BeGamer.cz\",\"description\":\"\",\"publisher\":{\"@id\":\"https:\\\/\\\/begamer.cz\\\/sk\\\/#organization\"},\"potentialAction\":[{\"@type\":\"SearchAction\",\"target\":{\"@type\":\"EntryPoint\",\"urlTemplate\":\"https:\\\/\\\/begamer.cz\\\/sk\\\/?s={search_term_string}\"},\"query-input\":{\"@type\":\"PropertyValueSpecification\",\"valueRequired\":true,\"valueName\":\"search_term_string\"}}],\"inLanguage\":\"sk-SK\"},{\"@type\":\"Organization\",\"@id\":\"https:\\\/\\\/begamer.cz\\\/sk\\\/#organization\",\"name\":\"BeGamer.cz\",\"url\":\"https:\\\/\\\/begamer.cz\\\/sk\\\/\",\"logo\":{\"@type\":\"ImageObject\",\"inLanguage\":\"sk-SK\",\"@id\":\"https:\\\/\\\/begamer.cz\\\/sk\\\/#\\\/schema\\\/logo\\\/image\\\/\",\"url\":\"https:\\\/\\\/begamer.cz\\\/wp-content\\\/uploads\\\/2025\\\/07\\\/logo.svg\",\"contentUrl\":\"https:\\\/\\\/begamer.cz\\\/wp-content\\\/uploads\\\/2025\\\/07\\\/logo.svg\",\"caption\":\"BeGamer.cz\"},\"image\":{\"@id\":\"https:\\\/\\\/begamer.cz\\\/sk\\\/#\\\/schema\\\/logo\\\/image\\\/\"}}]}<\/script>\n<!-- \/ Yoast SEO plugin. -->","yoast_head_json":{"title":"Moonlighter | BeGamer.cz","robots":{"index":"index","follow":"follow","max-snippet":"max-snippet:-1","max-image-preview":"max-image-preview:large","max-video-preview":"max-video-preview:-1"},"canonical":"https:\/\/begamer.cz\/sk\/produkt\/moonlighter-sk\/","og_locale":"sk_SK","og_type":"article","og_title":"Moonlighter | BeGamer.cz","og_description":"Moonlighter je ak\u010dn\u00e1 RPG hra s prvkami rogue-lite, ktor\u00e1 ukazuje dve strany mince \u2013 odha\u013euje ka\u017edodenn\u00e9 rutiny Willa, dobrodru\u017en\u00e9ho obchodn\u00edka, ktor\u00fd tajne sn\u00edva o tom, \u017ee sa stane hrdinom.","og_url":"https:\/\/begamer.cz\/sk\/produkt\/moonlighter-sk\/","og_site_name":"BeGamer.cz","article_modified_time":"2026-03-18T06:13:23+00:00","og_image":[{"width":300,"height":400,"url":"https:\/\/begamer.cz\/wp-content\/uploads\/2026\/01\/moonlighter-5.webp","type":"image\/webp"}],"twitter_card":"summary_large_image","twitter_misc":{"Predpokladan\u00fd \u010das \u010d\u00edtania":"3 min\u00faty"},"schema":{"@context":"https:\/\/schema.org","@graph":[{"@type":"WebPage","@id":"https:\/\/begamer.cz\/sk\/produkt\/moonlighter-sk\/","url":"https:\/\/begamer.cz\/sk\/produkt\/moonlighter-sk\/","name":"Moonlighter | BeGamer.cz","isPartOf":{"@id":"https:\/\/begamer.cz\/sk\/#website"},"primaryImageOfPage":{"@id":"https:\/\/begamer.cz\/sk\/produkt\/moonlighter-sk\/#primaryimage"},"image":{"@id":"https:\/\/begamer.cz\/sk\/produkt\/moonlighter-sk\/#primaryimage"},"thumbnailUrl":"https:\/\/begamer.cz\/wp-content\/uploads\/2026\/01\/moonlighter-5.webp","datePublished":"2026-01-30T15:59:22+00:00","dateModified":"2026-03-18T06:13:23+00:00","breadcrumb":{"@id":"https:\/\/begamer.cz\/sk\/produkt\/moonlighter-sk\/#breadcrumb"},"inLanguage":"sk-SK","potentialAction":[{"@type":"ReadAction","target":["https:\/\/begamer.cz\/sk\/produkt\/moonlighter-sk\/"]}]},{"@type":"ImageObject","inLanguage":"sk-SK","@id":"https:\/\/begamer.cz\/sk\/produkt\/moonlighter-sk\/#primaryimage","url":"https:\/\/begamer.cz\/wp-content\/uploads\/2026\/01\/moonlighter-5.webp","contentUrl":"https:\/\/begamer.cz\/wp-content\/uploads\/2026\/01\/moonlighter-5.webp","width":300,"height":400},{"@type":"BreadcrumbList","@id":"https:\/\/begamer.cz\/sk\/produkt\/moonlighter-sk\/#breadcrumb","itemListElement":[{"@type":"ListItem","position":1,"name":"Domov","item":"https:\/\/begamer.cz\/sk\/"},{"@type":"ListItem","position":2,"name":"Obchod","item":"https:\/\/begamer.cz\/obchod\/"},{"@type":"ListItem","position":3,"name":"Moonlighter"}]},{"@type":"WebSite","@id":"https:\/\/begamer.cz\/sk\/#website","url":"https:\/\/begamer.cz\/sk\/","name":"BeGamer.cz","description":"","publisher":{"@id":"https:\/\/begamer.cz\/sk\/#organization"},"potentialAction":[{"@type":"SearchAction","target":{"@type":"EntryPoint","urlTemplate":"https:\/\/begamer.cz\/sk\/?s={search_term_string}"},"query-input":{"@type":"PropertyValueSpecification","valueRequired":true,"valueName":"search_term_string"}}],"inLanguage":"sk-SK"},{"@type":"Organization","@id":"https:\/\/begamer.cz\/sk\/#organization","name":"BeGamer.cz","url":"https:\/\/begamer.cz\/sk\/","logo":{"@type":"ImageObject","inLanguage":"sk-SK","@id":"https:\/\/begamer.cz\/sk\/#\/schema\/logo\/image\/","url":"https:\/\/begamer.cz\/wp-content\/uploads\/2025\/07\/logo.svg","contentUrl":"https:\/\/begamer.cz\/wp-content\/uploads\/2025\/07\/logo.svg","caption":"BeGamer.cz"},"image":{"@id":"https:\/\/begamer.cz\/sk\/#\/schema\/logo\/image\/"}}]}},"acf":[],"_links":{"self":[{"href":"https:\/\/begamer.cz\/sk\/wp-json\/wp\/v2\/product\/97529","targetHints":{"allow":["GET"]}}],"collection":[{"href":"https:\/\/begamer.cz\/sk\/wp-json\/wp\/v2\/product"}],"about":[{"href":"https:\/\/begamer.cz\/sk\/wp-json\/wp\/v2\/types\/product"}],"replies":[{"embeddable":true,"href":"https:\/\/begamer.cz\/sk\/wp-json\/wp\/v2\/comments?post=97529"}],"wp:featuredmedia":[{"embeddable":true,"href":"https:\/\/begamer.cz\/sk\/wp-json\/wp\/v2\/media\/23603"}],"wp:attachment":[{"href":"https:\/\/begamer.cz\/sk\/wp-json\/wp\/v2\/media?parent=97529"}],"wp:term":[{"taxonomy":"product_brand","embeddable":true,"href":"https:\/\/begamer.cz\/sk\/wp-json\/wp\/v2\/product_brand?post=97529"},{"taxonomy":"product_cat","embeddable":true,"href":"https:\/\/begamer.cz\/sk\/wp-json\/wp\/v2\/product_cat?post=97529"},{"taxonomy":"product_tag","embeddable":true,"href":"https:\/\/begamer.cz\/sk\/wp-json\/wp\/v2\/product_tag?post=97529"}],"curies":[{"name":"wp","href":"https:\/\/api.w.org\/{rel}","templated":true}]}}