{"id":97505,"date":"2026-01-30T16:58:49","date_gmt":"2026-01-30T15:58:49","guid":{"rendered":"https:\/\/begamer.cz\/produkt\/ni-no-kuni-wrath-of-the-white-witch-remastered-sk\/"},"modified":"2026-03-18T07:11:14","modified_gmt":"2026-03-18T06:11:14","slug":"ni-no-kuni-wrath-of-the-white-witch-remastered-sk","status":"publish","type":"product","link":"https:\/\/begamer.cz\/sk\/produkt\/ni-no-kuni-wrath-of-the-white-witch-remastered-sk\/","title":{"rendered":"Ni no Kuni: Wrath of the White Witch Remastered"},"content":{"rendered":"<p><span class=\"bb_img_ctn\"><video class=\"bb_img\" autoplay muted loop playsinline poster=\"https:\/\/shared.akamai.steamstatic.com\/store_item_assets\/steam\/apps\/798460\/extras\/894545e189c97b86e593bad46e4e3d4d.poster.avif?t=1719503515\" width=600 height=172 ><source src=\"https:\/\/shared.akamai.steamstatic.com\/store_item_assets\/steam\/apps\/798460\/extras\/894545e189c97b86e593bad46e4e3d4d.webm?t=1719503515\" type=\"video\/webm; codecs=vp9\"><source src=\"https:\/\/shared.akamai.steamstatic.com\/store_item_assets\/steam\/apps\/798460\/extras\/894545e189c97b86e593bad46e4e3d4d.mp4?t=1719503515\" type=\"video\/mp4\"><\/video><\/span><br \/><strong>REMASTEROVAN\u00c1 GRAFIKA<\/strong><br \/>Vylep\u0161en\u00e1 grafika a v\u00fdkon na Steame<\/p>\n<p><strong>ALL-STAR PRODUKCIA<\/strong><br \/>Majstrovstvo spolo\u010dnosti LEVEL-5 v \u017e\u00e1nri RPG je kombinovan\u00e9 so svetovo uzn\u00e1vanou anim\u00e1ciou \u0161t\u00fadia Ghibli a hudbou zlo\u017eenou renomovan\u00fdm Joe Hisaishim<\/p>\n<p>. <strong>ZAUJ\u00cdMAV\u00dd PR\u00cdBEH<\/strong> O\u010daruj\u00faci, ale<br \/>tragick\u00fd pr\u00edbeh sa odohr\u00e1va prostredn\u00edctvom anim\u00e1cie, ktor\u00fa vytvorilo \u0161t\u00fadio Ghibli s anglick\u00fdm a japonsk\u00fdm dabingom.-overs.<\/p>\n<p><strong>OVL\u00c1DANIE ROLE-PLAYING<\/strong><br \/>Bohat\u00e1 zmes zn\u00e1mych RPG prvkov, odborn\u00e9 spracovanie a dizajn, desiatky miest na presk\u00famanie, stovky tvorov na bojovanie a mno\u017estvo \u00faloh a tajomstiev na odhalenie.<\/p>\n<p><strong>DYNAMICK\u00dd BOJ<\/strong><br \/>Vo\u013ene prep\u00ednajte medzi postavami a famili\u00e1rmi v nap\u00ednavom bojovom syst\u00e9me, ktor\u00fd kombinuje taktick\u00e9 prvky v re\u00e1lnom \u010dase a<\/p>\n<p><span class=\"bb_img_ctn\"><video class=\"bb_img\" autoplay muted loop playsinline poster=\"https:\/\/shared.akamai.steamstatic.com\/store_item_assets\/steam\/apps\/798460\/extras\/b003fec79aa751379ee03c43399fb5af.poster.avif?t=1719503515\" width=600 height=172 ><source src=\"https:\/\/shared.akamai.steamstatic.com\/store_item_assets\/steam\/apps\/798460\/extras\/b003fec79aa751379ee03c43399fb5af.webm?t=1719503515\" type=\"video\/webm; codecs=vp9\"><source src=\"https:\/\/shared.akamai.steamstatic.com\/store_item_assets\/steam\/apps\/798460\/extras\/b003fec79aa751379ee03c43399fb5af.mp4?t=1719503515\" type=\"video\/mp4\"><\/video><\/span><br \/>na \u0165ahy. Vr\u00e1\u0165te sa do druh\u00e9ho sveta v Ni no Kuni: Wrath of the White Witch\u2122 Remastered. Klasick\u00fd pr\u00edbeh LEVEL-5 sa vracia v lep\u0161ej podobe ako kedyko\u013evek predt\u00fdm, s vylep\u0161enou grafikou a v\u00fdkonom. Pridajte sa k Oliverovi, ktor\u00fd sa vyd\u00e1va na dobrodru\u017estvo svetom ob\u00fdvan\u00fdm nov\u00fdmi priate\u013emi aj divok\u00fdmi nepriate\u013emi v n\u00e1deji, \u017ee po tragickej udalosti priv\u00edta sp\u00e4\u0165 svoju matku.<\/p>\n<p><span class=\"bb_img_ctn\"><video class=\"bb_img\" autoplay muted loop playsinline poster=\"https:\/\/shared.akamai.steamstatic.com\/store_item_assets\/steam\/apps\/798460\/extras\/11ed38c77da52ce38c6e4ff5dfbc1ef4.poster.avif?t=1719503515\" width=600 height=172 ><source src=\"https:\/\/shared.akamai.steamstatic.com\/store_item_assets\/steam\/apps\/798460\/extras\/11ed38c77da52ce38c6e4ff5dfbc1ef4.webm?t=1719503515\" type=\"video\/webm; codecs=vp9\"><source src=\"https:\/\/shared.akamai.steamstatic.com\/store_item_assets\/steam\/apps\/798460\/extras\/11ed38c77da52ce38c6e4ff5dfbc1ef4.mp4?t=1719503515\" type=\"video\/mp4\"><\/video><\/span><br \/>Tento o\u010daruj\u00faci pr\u00edbeh sa odohr\u00e1va prostredn\u00edctvom anim\u00e1cie, ktor\u00fa vytvorilo legend\u00e1rne \u0161t\u00fadio Ghibli, a hudby, ktor\u00fa zlo\u017eil renomovan\u00fd Joe Hisaishi. Ni no Kuni: Wrath of the White Witch\u2122 kombinuje n\u00e1dhern\u00fa animovan\u00fa grafiku, majstrovsk\u00e9 rozpr\u00e1vanie a strhuj\u00facu hudbu, \u010d\u00edm vytv\u00e1ra epick\u00e9 RPG dobrodru\u017estvo, ak\u00e9 nem\u00e1 obdoby.<\/p>\n","protected":false},"excerpt":{"rendered":"<p>Vr\u00e1\u0165te sa do druh\u00e9ho sveta v hre Ni no Kuni: Wrath of the White Witch\u2122 Remastered. Klasick\u00fd pr\u00edbeh od LEVEL-5 sa vracia v lep\u0161ej podobe ako kedyko\u013evek predt\u00fdm, s vylep\u0161enou grafikou a v\u00fdkonom.<\/p>\n","protected":false},"featured_media":68242,"comment_status":"open","ping_status":"closed","template":"","meta":{"_acf_changed":false},"product_brand":[],"product_cat":[270,268,266,308,312],"product_tag":[],"class_list":{"0":"post-97505","1":"product","2":"type-product","3":"status-publish","4":"has-post-thumbnail","6":"product_cat-adventury-pc-hry-sk","7":"product_cat-pc-sk","8":"product_cat-pc-hry-sk","9":"product_cat-rpg-pc-hry-sk","10":"product_cat-steam-pc-sk","11":"pa_audio-en-gb","12":"pa_audio-en-us","13":"pa_audio-ja-jp","15":"pa_countries-at","16":"pa_countries-be","17":"pa_countries-bg","18":"pa_countries-cy","19":"pa_countries-cz","21":"pa_countries-de","22":"pa_countries-dk","23":"pa_countries-ee","24":"pa_countries-es","25":"pa_countries-fi","26":"pa_countries-fr","27":"pa_countries-gr","28":"pa_countries-hr","29":"pa_countries-hu","30":"pa_countries-ie","31":"pa_countries-it","32":"pa_countries-lt","33":"pa_countries-lu","34":"pa_countries-lv","35":"pa_countries-mt","36":"pa_countries-nl","37":"pa_countries-pl","38":"pa_countries-pt","39":"pa_countries-ro","40":"pa_countries-se","41":"pa_countries-si","42":"pa_countries-sk","43":"pa_developer-level-5","45":"pa_franchises-ni-no-kuni","47":"pa_game_type-remaster","49":"pa_genres-adventure","50":"pa_genres-role-playing-rpg","52":"pa_interface-de-de","53":"pa_interface-en-gb","54":"pa_interface-en-us","55":"pa_interface-es-es","56":"pa_interface-es-mx","57":"pa_interface-fr-fr","58":"pa_interface-it-it","59":"pa_interface-ja-jp","60":"pa_interface-ru-ru","62":"pa_keywords-jrpg","63":"pa_keywords-real-time-combat","65":"pa_keywords-story-rich","66":"pa_modes-single-player","68":"pa_pegi-927","69":"pa_pegi-13428","70":"pa_platform-pc-steam","72":"pa_player_perspectives-bird-view-isometric","74":"pa_player_perspectives-third-person","75":"pa_publisher-bandai-namco-entertainment","77":"pa_rating-14464","78":"pa_rating-1009","79":"pa_region-europe","81":"pa_subtitles-de-de","83":"pa_subtitles-en-gb","84":"pa_subtitles-en-us","85":"pa_subtitles-es-es","86":"pa_subtitles-es-mx","87":"pa_subtitles-fr-fr","88":"pa_subtitles-it-it","89":"pa_subtitles-ja-jp","90":"pa_subtitles-ru-ru","91":"pa_themes-action","92":"pa_themes-fantasy","93":"pa_themes-kids","96":"first","97":"instock","98":"virtual","99":"taxable","100":"purchasable","101":"product-type-simple"},"yoast_head":"<!-- This site is optimized with the Yoast SEO plugin v27.3 - https:\/\/yoast.com\/product\/yoast-seo-wordpress\/ -->\n<title>Ni no Kuni: Wrath of the White Witch Remastered | BeGamer.cz<\/title>\n<meta name=\"robots\" content=\"index, follow, max-snippet:-1, max-image-preview:large, max-video-preview:-1\" \/>\n<link rel=\"canonical\" href=\"https:\/\/begamer.cz\/sk\/produkt\/ni-no-kuni-wrath-of-the-white-witch-remastered-sk\/\" \/>\n<meta property=\"og:locale\" content=\"sk_SK\" \/>\n<meta property=\"og:type\" content=\"article\" \/>\n<meta property=\"og:title\" content=\"Ni no Kuni: Wrath of the White Witch Remastered | BeGamer.cz\" \/>\n<meta property=\"og:description\" content=\"Vr\u00e1\u0165te sa do druh\u00e9ho sveta v hre Ni no Kuni: Wrath of the White Witch\u2122 Remastered. Klasick\u00fd pr\u00edbeh od LEVEL-5 sa vracia v lep\u0161ej podobe ako kedyko\u013evek predt\u00fdm, s vylep\u0161enou grafikou a v\u00fdkonom.\" \/>\n<meta property=\"og:url\" content=\"https:\/\/begamer.cz\/sk\/produkt\/ni-no-kuni-wrath-of-the-white-witch-remastered-sk\/\" \/>\n<meta property=\"og:site_name\" content=\"BeGamer.cz\" \/>\n<meta property=\"article:modified_time\" content=\"2026-03-18T06:11:14+00:00\" \/>\n<meta property=\"og:image\" content=\"https:\/\/begamer.cz\/wp-content\/uploads\/2026\/01\/ni-no-kuni-wrath-of-the-white-witch-remastered-3.webp\" \/>\n\t<meta property=\"og:image:width\" content=\"300\" \/>\n\t<meta property=\"og:image:height\" content=\"400\" \/>\n\t<meta property=\"og:image:type\" content=\"image\/webp\" \/>\n<meta name=\"twitter:card\" content=\"summary_large_image\" \/>\n<meta name=\"twitter:label1\" content=\"Predpokladan\u00fd \u010das \u010d\u00edtania\" \/>\n\t<meta name=\"twitter:data1\" content=\"1 min\u00fata\" \/>\n<script type=\"application\/ld+json\" class=\"yoast-schema-graph\">{\"@context\":\"https:\\\/\\\/schema.org\",\"@graph\":[{\"@type\":\"WebPage\",\"@id\":\"https:\\\/\\\/begamer.cz\\\/sk\\\/produkt\\\/ni-no-kuni-wrath-of-the-white-witch-remastered-sk\\\/\",\"url\":\"https:\\\/\\\/begamer.cz\\\/sk\\\/produkt\\\/ni-no-kuni-wrath-of-the-white-witch-remastered-sk\\\/\",\"name\":\"Ni no Kuni: Wrath of the White Witch Remastered | BeGamer.cz\",\"isPartOf\":{\"@id\":\"https:\\\/\\\/begamer.cz\\\/sk\\\/#website\"},\"primaryImageOfPage\":{\"@id\":\"https:\\\/\\\/begamer.cz\\\/sk\\\/produkt\\\/ni-no-kuni-wrath-of-the-white-witch-remastered-sk\\\/#primaryimage\"},\"image\":{\"@id\":\"https:\\\/\\\/begamer.cz\\\/sk\\\/produkt\\\/ni-no-kuni-wrath-of-the-white-witch-remastered-sk\\\/#primaryimage\"},\"thumbnailUrl\":\"https:\\\/\\\/begamer.cz\\\/wp-content\\\/uploads\\\/2026\\\/01\\\/ni-no-kuni-wrath-of-the-white-witch-remastered-3.webp\",\"datePublished\":\"2026-01-30T15:58:49+00:00\",\"dateModified\":\"2026-03-18T06:11:14+00:00\",\"breadcrumb\":{\"@id\":\"https:\\\/\\\/begamer.cz\\\/sk\\\/produkt\\\/ni-no-kuni-wrath-of-the-white-witch-remastered-sk\\\/#breadcrumb\"},\"inLanguage\":\"sk-SK\",\"potentialAction\":[{\"@type\":\"ReadAction\",\"target\":[\"https:\\\/\\\/begamer.cz\\\/sk\\\/produkt\\\/ni-no-kuni-wrath-of-the-white-witch-remastered-sk\\\/\"]}]},{\"@type\":\"ImageObject\",\"inLanguage\":\"sk-SK\",\"@id\":\"https:\\\/\\\/begamer.cz\\\/sk\\\/produkt\\\/ni-no-kuni-wrath-of-the-white-witch-remastered-sk\\\/#primaryimage\",\"url\":\"https:\\\/\\\/begamer.cz\\\/wp-content\\\/uploads\\\/2026\\\/01\\\/ni-no-kuni-wrath-of-the-white-witch-remastered-3.webp\",\"contentUrl\":\"https:\\\/\\\/begamer.cz\\\/wp-content\\\/uploads\\\/2026\\\/01\\\/ni-no-kuni-wrath-of-the-white-witch-remastered-3.webp\",\"width\":300,\"height\":400},{\"@type\":\"BreadcrumbList\",\"@id\":\"https:\\\/\\\/begamer.cz\\\/sk\\\/produkt\\\/ni-no-kuni-wrath-of-the-white-witch-remastered-sk\\\/#breadcrumb\",\"itemListElement\":[{\"@type\":\"ListItem\",\"position\":1,\"name\":\"Domov\",\"item\":\"https:\\\/\\\/begamer.cz\\\/sk\\\/\"},{\"@type\":\"ListItem\",\"position\":2,\"name\":\"Obchod\",\"item\":\"https:\\\/\\\/begamer.cz\\\/obchod\\\/\"},{\"@type\":\"ListItem\",\"position\":3,\"name\":\"Ni no Kuni: Wrath of the White Witch Remastered\"}]},{\"@type\":\"WebSite\",\"@id\":\"https:\\\/\\\/begamer.cz\\\/sk\\\/#website\",\"url\":\"https:\\\/\\\/begamer.cz\\\/sk\\\/\",\"name\":\"BeGamer.cz\",\"description\":\"\",\"publisher\":{\"@id\":\"https:\\\/\\\/begamer.cz\\\/sk\\\/#organization\"},\"potentialAction\":[{\"@type\":\"SearchAction\",\"target\":{\"@type\":\"EntryPoint\",\"urlTemplate\":\"https:\\\/\\\/begamer.cz\\\/sk\\\/?s={search_term_string}\"},\"query-input\":{\"@type\":\"PropertyValueSpecification\",\"valueRequired\":true,\"valueName\":\"search_term_string\"}}],\"inLanguage\":\"sk-SK\"},{\"@type\":\"Organization\",\"@id\":\"https:\\\/\\\/begamer.cz\\\/sk\\\/#organization\",\"name\":\"BeGamer.cz\",\"url\":\"https:\\\/\\\/begamer.cz\\\/sk\\\/\",\"logo\":{\"@type\":\"ImageObject\",\"inLanguage\":\"sk-SK\",\"@id\":\"https:\\\/\\\/begamer.cz\\\/sk\\\/#\\\/schema\\\/logo\\\/image\\\/\",\"url\":\"https:\\\/\\\/begamer.cz\\\/wp-content\\\/uploads\\\/2025\\\/07\\\/logo.svg\",\"contentUrl\":\"https:\\\/\\\/begamer.cz\\\/wp-content\\\/uploads\\\/2025\\\/07\\\/logo.svg\",\"caption\":\"BeGamer.cz\"},\"image\":{\"@id\":\"https:\\\/\\\/begamer.cz\\\/sk\\\/#\\\/schema\\\/logo\\\/image\\\/\"}}]}<\/script>\n<!-- \/ Yoast SEO plugin. -->","yoast_head_json":{"title":"Ni no Kuni: Wrath of the White Witch Remastered | BeGamer.cz","robots":{"index":"index","follow":"follow","max-snippet":"max-snippet:-1","max-image-preview":"max-image-preview:large","max-video-preview":"max-video-preview:-1"},"canonical":"https:\/\/begamer.cz\/sk\/produkt\/ni-no-kuni-wrath-of-the-white-witch-remastered-sk\/","og_locale":"sk_SK","og_type":"article","og_title":"Ni no Kuni: Wrath of the White Witch Remastered | BeGamer.cz","og_description":"Vr\u00e1\u0165te sa do druh\u00e9ho sveta v hre Ni no Kuni: Wrath of the White Witch\u2122 Remastered. Klasick\u00fd pr\u00edbeh od LEVEL-5 sa vracia v lep\u0161ej podobe ako kedyko\u013evek predt\u00fdm, s vylep\u0161enou grafikou a v\u00fdkonom.","og_url":"https:\/\/begamer.cz\/sk\/produkt\/ni-no-kuni-wrath-of-the-white-witch-remastered-sk\/","og_site_name":"BeGamer.cz","article_modified_time":"2026-03-18T06:11:14+00:00","og_image":[{"width":300,"height":400,"url":"https:\/\/begamer.cz\/wp-content\/uploads\/2026\/01\/ni-no-kuni-wrath-of-the-white-witch-remastered-3.webp","type":"image\/webp"}],"twitter_card":"summary_large_image","twitter_misc":{"Predpokladan\u00fd \u010das \u010d\u00edtania":"1 min\u00fata"},"schema":{"@context":"https:\/\/schema.org","@graph":[{"@type":"WebPage","@id":"https:\/\/begamer.cz\/sk\/produkt\/ni-no-kuni-wrath-of-the-white-witch-remastered-sk\/","url":"https:\/\/begamer.cz\/sk\/produkt\/ni-no-kuni-wrath-of-the-white-witch-remastered-sk\/","name":"Ni no Kuni: Wrath of the White Witch Remastered | BeGamer.cz","isPartOf":{"@id":"https:\/\/begamer.cz\/sk\/#website"},"primaryImageOfPage":{"@id":"https:\/\/begamer.cz\/sk\/produkt\/ni-no-kuni-wrath-of-the-white-witch-remastered-sk\/#primaryimage"},"image":{"@id":"https:\/\/begamer.cz\/sk\/produkt\/ni-no-kuni-wrath-of-the-white-witch-remastered-sk\/#primaryimage"},"thumbnailUrl":"https:\/\/begamer.cz\/wp-content\/uploads\/2026\/01\/ni-no-kuni-wrath-of-the-white-witch-remastered-3.webp","datePublished":"2026-01-30T15:58:49+00:00","dateModified":"2026-03-18T06:11:14+00:00","breadcrumb":{"@id":"https:\/\/begamer.cz\/sk\/produkt\/ni-no-kuni-wrath-of-the-white-witch-remastered-sk\/#breadcrumb"},"inLanguage":"sk-SK","potentialAction":[{"@type":"ReadAction","target":["https:\/\/begamer.cz\/sk\/produkt\/ni-no-kuni-wrath-of-the-white-witch-remastered-sk\/"]}]},{"@type":"ImageObject","inLanguage":"sk-SK","@id":"https:\/\/begamer.cz\/sk\/produkt\/ni-no-kuni-wrath-of-the-white-witch-remastered-sk\/#primaryimage","url":"https:\/\/begamer.cz\/wp-content\/uploads\/2026\/01\/ni-no-kuni-wrath-of-the-white-witch-remastered-3.webp","contentUrl":"https:\/\/begamer.cz\/wp-content\/uploads\/2026\/01\/ni-no-kuni-wrath-of-the-white-witch-remastered-3.webp","width":300,"height":400},{"@type":"BreadcrumbList","@id":"https:\/\/begamer.cz\/sk\/produkt\/ni-no-kuni-wrath-of-the-white-witch-remastered-sk\/#breadcrumb","itemListElement":[{"@type":"ListItem","position":1,"name":"Domov","item":"https:\/\/begamer.cz\/sk\/"},{"@type":"ListItem","position":2,"name":"Obchod","item":"https:\/\/begamer.cz\/obchod\/"},{"@type":"ListItem","position":3,"name":"Ni no Kuni: Wrath of the White Witch Remastered"}]},{"@type":"WebSite","@id":"https:\/\/begamer.cz\/sk\/#website","url":"https:\/\/begamer.cz\/sk\/","name":"BeGamer.cz","description":"","publisher":{"@id":"https:\/\/begamer.cz\/sk\/#organization"},"potentialAction":[{"@type":"SearchAction","target":{"@type":"EntryPoint","urlTemplate":"https:\/\/begamer.cz\/sk\/?s={search_term_string}"},"query-input":{"@type":"PropertyValueSpecification","valueRequired":true,"valueName":"search_term_string"}}],"inLanguage":"sk-SK"},{"@type":"Organization","@id":"https:\/\/begamer.cz\/sk\/#organization","name":"BeGamer.cz","url":"https:\/\/begamer.cz\/sk\/","logo":{"@type":"ImageObject","inLanguage":"sk-SK","@id":"https:\/\/begamer.cz\/sk\/#\/schema\/logo\/image\/","url":"https:\/\/begamer.cz\/wp-content\/uploads\/2025\/07\/logo.svg","contentUrl":"https:\/\/begamer.cz\/wp-content\/uploads\/2025\/07\/logo.svg","caption":"BeGamer.cz"},"image":{"@id":"https:\/\/begamer.cz\/sk\/#\/schema\/logo\/image\/"}}]}},"acf":[],"_links":{"self":[{"href":"https:\/\/begamer.cz\/sk\/wp-json\/wp\/v2\/product\/97505","targetHints":{"allow":["GET"]}}],"collection":[{"href":"https:\/\/begamer.cz\/sk\/wp-json\/wp\/v2\/product"}],"about":[{"href":"https:\/\/begamer.cz\/sk\/wp-json\/wp\/v2\/types\/product"}],"replies":[{"embeddable":true,"href":"https:\/\/begamer.cz\/sk\/wp-json\/wp\/v2\/comments?post=97505"}],"wp:featuredmedia":[{"embeddable":true,"href":"https:\/\/begamer.cz\/sk\/wp-json\/wp\/v2\/media\/68242"}],"wp:attachment":[{"href":"https:\/\/begamer.cz\/sk\/wp-json\/wp\/v2\/media?parent=97505"}],"wp:term":[{"taxonomy":"product_brand","embeddable":true,"href":"https:\/\/begamer.cz\/sk\/wp-json\/wp\/v2\/product_brand?post=97505"},{"taxonomy":"product_cat","embeddable":true,"href":"https:\/\/begamer.cz\/sk\/wp-json\/wp\/v2\/product_cat?post=97505"},{"taxonomy":"product_tag","embeddable":true,"href":"https:\/\/begamer.cz\/sk\/wp-json\/wp\/v2\/product_tag?post=97505"}],"curies":[{"name":"wp","href":"https:\/\/api.w.org\/{rel}","templated":true}]}}