{"id":97358,"date":"2026-01-30T16:56:07","date_gmt":"2026-01-30T15:56:07","guid":{"rendered":"https:\/\/begamer.cz\/produkt\/naruto-x-boruto-ultimate-ninja-storm-connections-sk\/"},"modified":"2026-03-18T07:02:24","modified_gmt":"2026-03-18T06:02:24","slug":"naruto-x-boruto-ultimate-ninja-storm-connections-sk","status":"publish","type":"product","link":"https:\/\/begamer.cz\/sk\/produkt\/naruto-x-boruto-ultimate-ninja-storm-connections-sk\/","title":{"rendered":"Naruto x Boruto: Ultimate Ninja Storm Connections"},"content":{"rendered":"<h1>O hre<\/h1>\n<p>Legend\u00e1rni ninjovia sa op\u00e4\u0165 stret\u00e1vaj\u00fa v \u010fal\u0161om vzru\u0161uj\u00facom pokra\u010dovan\u00ed s\u00e9rie STORM! NARUTO X BORUTO Ultimate Ninja STORM CONNECTIONS je ak\u010dn\u00e1\/bojov\u00e1 hra s r\u00fdchlymi ninja bitkami a dvoma r\u00f4znymi re\u017eimami pr\u00edbehu.<\/p>\n<h2 class=\"bb_tag\">\u2022 Nov\u00e9 hrate\u013en\u00e9 postavy sa prid\u00e1vaj\u00fa k v\u0161etk\u00fdm doteraj\u0161\u00edm postav\u00e1m zo s\u00e9rie STORM a vytv\u00e1raj\u00fa tak najv\u00e4\u010d\u0161\u00ed zoznam ninjov v hist\u00f3rii!<\/h2>\n<p><span class=\"bb_img_ctn\"><video class=\"bb_img\" autoplay muted loop playsinline poster=\"https:\/\/shared.akamai.steamstatic.com\/store_item_assets\/steam\/apps\/1020790\/extras\/dbf532046abe99c0859db51ee877822a.poster.avif?t=1727301927\" width=\"616\" height=\"236\"><\/video><\/span><br \/>Vyberte si z viac ako 130 hrate\u013en\u00fdch post\u00e1v a bojujte v siln\u00fdch ninja bitk\u00e1ch! Okrem vylep\u0161en\u00e9ho z\u00e1\u017eitku z sie\u0165ov\u00fdch bitiek umo\u017e\u0148uje nov\u00fd re\u017eim Simple hr\u00e1\u010dom \u013eah\u0161ie vykon\u00e1va\u0165 r\u00f4zne ninjutsu komba. Nech s\u00fa hr\u00e1\u010di za\u010diato\u010dn\u00edci alebo experti, v\u0161etci si m\u00f4\u017eu u\u017ei\u0165 nap\u00ednav\u00e9 bitky so svojimi ob\u013e\u00faben\u00fdmi ninjami.<\/p>\n<h2 class=\"bb_tag\">\u2022 Po prv\u00fdkr\u00e1t v hist\u00f3rii bola hist\u00f3ria rivality Naruta a Sasukeho prepracovan\u00e1 a zl\u00fa\u010den\u00e1 do jednej hry!<\/h2>\n<p><span class=\"bb_img_ctn\"><video class=\"bb_img\" autoplay muted loop playsinline poster=\"https:\/\/shared.akamai.steamstatic.com\/store_item_assets\/steam\/apps\/1020790\/extras\/87788aebfd2fb19c888ad3e24d0e63b3.poster.avif?t=1727301927\" width=\"616\" height=\"236\"><\/video><\/span><br \/>T\u00e1to hra kombinuje origin\u00e1lne sc\u00e9ny z anime Naruto s vysokokvalitn\u00fdm bojov\u00fdm z\u00e1\u017eitkom, ktor\u00fd sa o\u010dak\u00e1va od v\u00fdvoj\u00e1rskeho t\u00edmu s\u00e9rie STORM, a obsahuje najd\u00f4le\u017eitej\u0161ie momenty od za\u010diatku pr\u00edbehu Naruta a\u017e po z\u00e1vere\u010dn\u00fa bitku s\u00e9rie. Pre\u017eite znovu cesty dvoch legend\u00e1rnych ninjov!<\/p>\n<h2 class=\"bb_tag\">\u2022 Za\u017eite \u0161peci\u00e1lny pr\u00edbeh novej gener\u00e1cie!<\/h2>\n<p><span class=\"bb_img_ctn\"><video class=\"bb_img\" autoplay muted loop playsinline poster=\"https:\/\/shared.akamai.steamstatic.com\/store_item_assets\/steam\/apps\/1020790\/extras\/528811f6f5b1bd8a5d1eb3db9f7d4c30.poster.avif?t=1727301927\" width=\"616\" height=\"236\"><\/video><\/span><br \/>Zahrajte si nov\u00fd, origin\u00e1lny pr\u00edbeh, v ktorom sa Boruto Uzumaki, syn 7. Hokageho a ninja novej \u00e9ry, po stretnut\u00ed s diev\u010da\u0165om v popul\u00e1rnej online hre zapletie do ve\u013ekej bitky, ktor\u00e1 zasiahne cel\u00fd ninja svet.<\/p>\n<h2 class=\"bb_tag\">\u2022 \u010eal\u0161\u00edm aspektom, ktor\u00fd ocenia fan\u00fa\u0161ikovia Naruta, je mo\u017enos\u0165 prisp\u00f4sobenia!<\/h2>\n<p><span class=\"bb_img_ctn\"><video class=\"bb_img\" autoplay muted loop playsinline poster=\"https:\/\/shared.akamai.steamstatic.com\/store_item_assets\/steam\/apps\/1020790\/extras\/5beb447cf49938ffa068314629367f0b.poster.avif?t=1727301927\" width=\"616\" height=\"236\"><\/video><\/span><br \/>Po\u010das svojho dobrodru\u017estva m\u00f4\u017eu hr\u00e1\u010di z\u00edska\u0165 kozmetick\u00e9 prisp\u00f4sobite\u013en\u00e9 predmety ako odmeny za bitky, v\u010faka ktor\u00fdm si m\u00f4\u017eu prisp\u00f4sobi\u0165 z\u00e1\u017eitok z hry NARUTO X BORUTO Ultimate Ninja STORM CONNECTIONS pod\u013ea svojich predst\u00e1v.<\/p>\n","protected":false},"excerpt":{"rendered":"<p>Legend\u00e1rni ninjovia sa op\u00e4\u0165 stret\u00e1vaj\u00fa v \u010fal\u0161om vzru\u0161uj\u00facom pokra\u010dovan\u00ed s\u00e9rie STORM! NARUTO X BORUTO Ultimate Ninja STORM CONNECTIONS je ak\u010dn\u00e1\/bojov\u00e1 hra s r\u00fdchlymi ninja s\u00fabojmi a dvoma r\u00f4znymi re\u017eimami pr\u00edbehu.<\/p>\n","protected":false},"featured_media":23459,"comment_status":"open","ping_status":"closed","template":"","meta":{"_acf_changed":false},"product_brand":[],"product_cat":[270,278,268,266,312],"product_tag":[],"class_list":{"0":"post-97358","1":"product","2":"type-product","3":"status-publish","4":"has-post-thumbnail","6":"product_cat-adventury-pc-hry-sk","7":"product_cat-bojove-pc-hry-sk","8":"product_cat-pc-sk","9":"product_cat-pc-hry-sk","10":"product_cat-steam-pc-sk","11":"pa_audio-de-de","12":"pa_audio-en-us","13":"pa_audio-fr-fr","14":"pa_audio-ja-jp","15":"pa_audio-pt-br","17":"pa_countries-at","18":"pa_countries-be","19":"pa_countries-bg","20":"pa_countries-cy","21":"pa_countries-cz","23":"pa_countries-de","24":"pa_countries-dk","25":"pa_countries-ee","26":"pa_countries-es","27":"pa_countries-fi","28":"pa_countries-fr","29":"pa_countries-gr","30":"pa_countries-hr","31":"pa_countries-hu","32":"pa_countries-ie","33":"pa_countries-it","34":"pa_countries-lt","35":"pa_countries-lu","36":"pa_countries-lv","37":"pa_countries-mt","38":"pa_countries-nl","39":"pa_countries-pl","40":"pa_countries-pt","41":"pa_countries-ro","42":"pa_countries-se","43":"pa_countries-si","44":"pa_countries-sk","45":"pa_developer-cyberconnect2","47":"pa_franchises-boruto-next-naruto-generations","49":"pa_franchises-naruto","50":"pa_game_type-main_game","52":"pa_genres-adventure","53":"pa_genres-fighting","55":"pa_interface-ar","56":"pa_interface-de-de","57":"pa_interface-en-us","58":"pa_interface-es-es","59":"pa_interface-fr-fr","60":"pa_interface-it-it","61":"pa_interface-ja-jp","62":"pa_interface-ko-kr","63":"pa_interface-pl-pl","64":"pa_interface-pt-br","65":"pa_interface-ru-ru","66":"pa_interface-th-th","68":"pa_interface-zh-cn","69":"pa_interface-zh-tw","70":"pa_keywords-anime","72":"pa_keywords-based-on-anime","73":"pa_modes-multiplayer","75":"pa_modes-single-player","76":"pa_pegi-13428","77":"pa_pegi-927","78":"pa_platform-pc-steam","80":"pa_player_perspectives-third-person","82":"pa_publisher-bandai-namco-entertainment","84":"pa_rating-14537","85":"pa_rating-1663","86":"pa_region-europe","88":"pa_subtitles-ar","89":"pa_subtitles-de-de","91":"pa_subtitles-en-us","92":"pa_subtitles-es-es","93":"pa_subtitles-fr-fr","94":"pa_subtitles-it-it","95":"pa_subtitles-ja-jp","96":"pa_subtitles-ko-kr","97":"pa_subtitles-pl-pl","98":"pa_subtitles-pt-br","99":"pa_subtitles-ru-ru","100":"pa_subtitles-th-th","101":"pa_subtitles-zh-cn","102":"pa_subtitles-zh-tw","103":"pa_themes-action","106":"first","107":"outofstock","108":"virtual","109":"taxable","110":"purchasable","111":"product-type-simple"},"yoast_head":"<!-- This site is optimized with the Yoast SEO plugin v27.3 - https:\/\/yoast.com\/product\/yoast-seo-wordpress\/ -->\n<title>Naruto x Boruto: Ultimate Ninja Storm Connections | BeGamer.cz<\/title>\n<meta name=\"robots\" content=\"index, follow, max-snippet:-1, max-image-preview:large, max-video-preview:-1\" \/>\n<link rel=\"canonical\" href=\"https:\/\/begamer.cz\/sk\/produkt\/naruto-x-boruto-ultimate-ninja-storm-connections-sk\/\" \/>\n<meta property=\"og:locale\" content=\"sk_SK\" \/>\n<meta property=\"og:type\" content=\"article\" \/>\n<meta property=\"og:title\" content=\"Naruto x Boruto: Ultimate Ninja Storm Connections | BeGamer.cz\" \/>\n<meta property=\"og:description\" content=\"Legend\u00e1rni ninjovia sa op\u00e4\u0165 stret\u00e1vaj\u00fa v \u010fal\u0161om vzru\u0161uj\u00facom pokra\u010dovan\u00ed s\u00e9rie STORM! NARUTO X BORUTO Ultimate Ninja STORM CONNECTIONS je ak\u010dn\u00e1\/bojov\u00e1 hra s r\u00fdchlymi ninja s\u00fabojmi a dvoma r\u00f4znymi re\u017eimami pr\u00edbehu.\" \/>\n<meta property=\"og:url\" content=\"https:\/\/begamer.cz\/sk\/produkt\/naruto-x-boruto-ultimate-ninja-storm-connections-sk\/\" \/>\n<meta property=\"og:site_name\" content=\"BeGamer.cz\" \/>\n<meta property=\"article:modified_time\" content=\"2026-03-18T06:02:24+00:00\" \/>\n<meta property=\"og:image\" content=\"https:\/\/begamer.cz\/wp-content\/uploads\/2026\/01\/naruto-x-boruto-ultimate-ninja-storm-connections-10.webp\" \/>\n\t<meta property=\"og:image:width\" content=\"300\" \/>\n\t<meta property=\"og:image:height\" content=\"400\" \/>\n\t<meta property=\"og:image:type\" content=\"image\/webp\" \/>\n<meta name=\"twitter:card\" content=\"summary_large_image\" \/>\n<meta name=\"twitter:label1\" content=\"Predpokladan\u00fd \u010das \u010d\u00edtania\" \/>\n\t<meta name=\"twitter:data1\" content=\"2 min\u00faty\" \/>\n<script type=\"application\/ld+json\" class=\"yoast-schema-graph\">{\"@context\":\"https:\\\/\\\/schema.org\",\"@graph\":[{\"@type\":\"WebPage\",\"@id\":\"https:\\\/\\\/begamer.cz\\\/sk\\\/produkt\\\/naruto-x-boruto-ultimate-ninja-storm-connections-sk\\\/\",\"url\":\"https:\\\/\\\/begamer.cz\\\/sk\\\/produkt\\\/naruto-x-boruto-ultimate-ninja-storm-connections-sk\\\/\",\"name\":\"Naruto x Boruto: Ultimate Ninja Storm Connections | BeGamer.cz\",\"isPartOf\":{\"@id\":\"https:\\\/\\\/begamer.cz\\\/sk\\\/#website\"},\"primaryImageOfPage\":{\"@id\":\"https:\\\/\\\/begamer.cz\\\/sk\\\/produkt\\\/naruto-x-boruto-ultimate-ninja-storm-connections-sk\\\/#primaryimage\"},\"image\":{\"@id\":\"https:\\\/\\\/begamer.cz\\\/sk\\\/produkt\\\/naruto-x-boruto-ultimate-ninja-storm-connections-sk\\\/#primaryimage\"},\"thumbnailUrl\":\"https:\\\/\\\/begamer.cz\\\/wp-content\\\/uploads\\\/2026\\\/01\\\/naruto-x-boruto-ultimate-ninja-storm-connections-10.webp\",\"datePublished\":\"2026-01-30T15:56:07+00:00\",\"dateModified\":\"2026-03-18T06:02:24+00:00\",\"breadcrumb\":{\"@id\":\"https:\\\/\\\/begamer.cz\\\/sk\\\/produkt\\\/naruto-x-boruto-ultimate-ninja-storm-connections-sk\\\/#breadcrumb\"},\"inLanguage\":\"sk-SK\",\"potentialAction\":[{\"@type\":\"ReadAction\",\"target\":[\"https:\\\/\\\/begamer.cz\\\/sk\\\/produkt\\\/naruto-x-boruto-ultimate-ninja-storm-connections-sk\\\/\"]}]},{\"@type\":\"ImageObject\",\"inLanguage\":\"sk-SK\",\"@id\":\"https:\\\/\\\/begamer.cz\\\/sk\\\/produkt\\\/naruto-x-boruto-ultimate-ninja-storm-connections-sk\\\/#primaryimage\",\"url\":\"https:\\\/\\\/begamer.cz\\\/wp-content\\\/uploads\\\/2026\\\/01\\\/naruto-x-boruto-ultimate-ninja-storm-connections-10.webp\",\"contentUrl\":\"https:\\\/\\\/begamer.cz\\\/wp-content\\\/uploads\\\/2026\\\/01\\\/naruto-x-boruto-ultimate-ninja-storm-connections-10.webp\",\"width\":300,\"height\":400},{\"@type\":\"BreadcrumbList\",\"@id\":\"https:\\\/\\\/begamer.cz\\\/sk\\\/produkt\\\/naruto-x-boruto-ultimate-ninja-storm-connections-sk\\\/#breadcrumb\",\"itemListElement\":[{\"@type\":\"ListItem\",\"position\":1,\"name\":\"Domov\",\"item\":\"https:\\\/\\\/begamer.cz\\\/sk\\\/\"},{\"@type\":\"ListItem\",\"position\":2,\"name\":\"Obchod\",\"item\":\"https:\\\/\\\/begamer.cz\\\/obchod\\\/\"},{\"@type\":\"ListItem\",\"position\":3,\"name\":\"Naruto x Boruto: Ultimate Ninja Storm Connections\"}]},{\"@type\":\"WebSite\",\"@id\":\"https:\\\/\\\/begamer.cz\\\/sk\\\/#website\",\"url\":\"https:\\\/\\\/begamer.cz\\\/sk\\\/\",\"name\":\"BeGamer.cz\",\"description\":\"\",\"publisher\":{\"@id\":\"https:\\\/\\\/begamer.cz\\\/sk\\\/#organization\"},\"potentialAction\":[{\"@type\":\"SearchAction\",\"target\":{\"@type\":\"EntryPoint\",\"urlTemplate\":\"https:\\\/\\\/begamer.cz\\\/sk\\\/?s={search_term_string}\"},\"query-input\":{\"@type\":\"PropertyValueSpecification\",\"valueRequired\":true,\"valueName\":\"search_term_string\"}}],\"inLanguage\":\"sk-SK\"},{\"@type\":\"Organization\",\"@id\":\"https:\\\/\\\/begamer.cz\\\/sk\\\/#organization\",\"name\":\"BeGamer.cz\",\"url\":\"https:\\\/\\\/begamer.cz\\\/sk\\\/\",\"logo\":{\"@type\":\"ImageObject\",\"inLanguage\":\"sk-SK\",\"@id\":\"https:\\\/\\\/begamer.cz\\\/sk\\\/#\\\/schema\\\/logo\\\/image\\\/\",\"url\":\"https:\\\/\\\/begamer.cz\\\/wp-content\\\/uploads\\\/2025\\\/07\\\/logo.svg\",\"contentUrl\":\"https:\\\/\\\/begamer.cz\\\/wp-content\\\/uploads\\\/2025\\\/07\\\/logo.svg\",\"caption\":\"BeGamer.cz\"},\"image\":{\"@id\":\"https:\\\/\\\/begamer.cz\\\/sk\\\/#\\\/schema\\\/logo\\\/image\\\/\"}}]}<\/script>\n<!-- \/ Yoast SEO plugin. -->","yoast_head_json":{"title":"Naruto x Boruto: Ultimate Ninja Storm Connections | BeGamer.cz","robots":{"index":"index","follow":"follow","max-snippet":"max-snippet:-1","max-image-preview":"max-image-preview:large","max-video-preview":"max-video-preview:-1"},"canonical":"https:\/\/begamer.cz\/sk\/produkt\/naruto-x-boruto-ultimate-ninja-storm-connections-sk\/","og_locale":"sk_SK","og_type":"article","og_title":"Naruto x Boruto: Ultimate Ninja Storm Connections | BeGamer.cz","og_description":"Legend\u00e1rni ninjovia sa op\u00e4\u0165 stret\u00e1vaj\u00fa v \u010fal\u0161om vzru\u0161uj\u00facom pokra\u010dovan\u00ed s\u00e9rie STORM! NARUTO X BORUTO Ultimate Ninja STORM CONNECTIONS je ak\u010dn\u00e1\/bojov\u00e1 hra s r\u00fdchlymi ninja s\u00fabojmi a dvoma r\u00f4znymi re\u017eimami pr\u00edbehu.","og_url":"https:\/\/begamer.cz\/sk\/produkt\/naruto-x-boruto-ultimate-ninja-storm-connections-sk\/","og_site_name":"BeGamer.cz","article_modified_time":"2026-03-18T06:02:24+00:00","og_image":[{"width":300,"height":400,"url":"https:\/\/begamer.cz\/wp-content\/uploads\/2026\/01\/naruto-x-boruto-ultimate-ninja-storm-connections-10.webp","type":"image\/webp"}],"twitter_card":"summary_large_image","twitter_misc":{"Predpokladan\u00fd \u010das \u010d\u00edtania":"2 min\u00faty"},"schema":{"@context":"https:\/\/schema.org","@graph":[{"@type":"WebPage","@id":"https:\/\/begamer.cz\/sk\/produkt\/naruto-x-boruto-ultimate-ninja-storm-connections-sk\/","url":"https:\/\/begamer.cz\/sk\/produkt\/naruto-x-boruto-ultimate-ninja-storm-connections-sk\/","name":"Naruto x Boruto: Ultimate Ninja Storm Connections | BeGamer.cz","isPartOf":{"@id":"https:\/\/begamer.cz\/sk\/#website"},"primaryImageOfPage":{"@id":"https:\/\/begamer.cz\/sk\/produkt\/naruto-x-boruto-ultimate-ninja-storm-connections-sk\/#primaryimage"},"image":{"@id":"https:\/\/begamer.cz\/sk\/produkt\/naruto-x-boruto-ultimate-ninja-storm-connections-sk\/#primaryimage"},"thumbnailUrl":"https:\/\/begamer.cz\/wp-content\/uploads\/2026\/01\/naruto-x-boruto-ultimate-ninja-storm-connections-10.webp","datePublished":"2026-01-30T15:56:07+00:00","dateModified":"2026-03-18T06:02:24+00:00","breadcrumb":{"@id":"https:\/\/begamer.cz\/sk\/produkt\/naruto-x-boruto-ultimate-ninja-storm-connections-sk\/#breadcrumb"},"inLanguage":"sk-SK","potentialAction":[{"@type":"ReadAction","target":["https:\/\/begamer.cz\/sk\/produkt\/naruto-x-boruto-ultimate-ninja-storm-connections-sk\/"]}]},{"@type":"ImageObject","inLanguage":"sk-SK","@id":"https:\/\/begamer.cz\/sk\/produkt\/naruto-x-boruto-ultimate-ninja-storm-connections-sk\/#primaryimage","url":"https:\/\/begamer.cz\/wp-content\/uploads\/2026\/01\/naruto-x-boruto-ultimate-ninja-storm-connections-10.webp","contentUrl":"https:\/\/begamer.cz\/wp-content\/uploads\/2026\/01\/naruto-x-boruto-ultimate-ninja-storm-connections-10.webp","width":300,"height":400},{"@type":"BreadcrumbList","@id":"https:\/\/begamer.cz\/sk\/produkt\/naruto-x-boruto-ultimate-ninja-storm-connections-sk\/#breadcrumb","itemListElement":[{"@type":"ListItem","position":1,"name":"Domov","item":"https:\/\/begamer.cz\/sk\/"},{"@type":"ListItem","position":2,"name":"Obchod","item":"https:\/\/begamer.cz\/obchod\/"},{"@type":"ListItem","position":3,"name":"Naruto x Boruto: Ultimate Ninja Storm Connections"}]},{"@type":"WebSite","@id":"https:\/\/begamer.cz\/sk\/#website","url":"https:\/\/begamer.cz\/sk\/","name":"BeGamer.cz","description":"","publisher":{"@id":"https:\/\/begamer.cz\/sk\/#organization"},"potentialAction":[{"@type":"SearchAction","target":{"@type":"EntryPoint","urlTemplate":"https:\/\/begamer.cz\/sk\/?s={search_term_string}"},"query-input":{"@type":"PropertyValueSpecification","valueRequired":true,"valueName":"search_term_string"}}],"inLanguage":"sk-SK"},{"@type":"Organization","@id":"https:\/\/begamer.cz\/sk\/#organization","name":"BeGamer.cz","url":"https:\/\/begamer.cz\/sk\/","logo":{"@type":"ImageObject","inLanguage":"sk-SK","@id":"https:\/\/begamer.cz\/sk\/#\/schema\/logo\/image\/","url":"https:\/\/begamer.cz\/wp-content\/uploads\/2025\/07\/logo.svg","contentUrl":"https:\/\/begamer.cz\/wp-content\/uploads\/2025\/07\/logo.svg","caption":"BeGamer.cz"},"image":{"@id":"https:\/\/begamer.cz\/sk\/#\/schema\/logo\/image\/"}}]}},"acf":[],"_links":{"self":[{"href":"https:\/\/begamer.cz\/sk\/wp-json\/wp\/v2\/product\/97358","targetHints":{"allow":["GET"]}}],"collection":[{"href":"https:\/\/begamer.cz\/sk\/wp-json\/wp\/v2\/product"}],"about":[{"href":"https:\/\/begamer.cz\/sk\/wp-json\/wp\/v2\/types\/product"}],"replies":[{"embeddable":true,"href":"https:\/\/begamer.cz\/sk\/wp-json\/wp\/v2\/comments?post=97358"}],"wp:featuredmedia":[{"embeddable":true,"href":"https:\/\/begamer.cz\/sk\/wp-json\/wp\/v2\/media\/23459"}],"wp:attachment":[{"href":"https:\/\/begamer.cz\/sk\/wp-json\/wp\/v2\/media?parent=97358"}],"wp:term":[{"taxonomy":"product_brand","embeddable":true,"href":"https:\/\/begamer.cz\/sk\/wp-json\/wp\/v2\/product_brand?post=97358"},{"taxonomy":"product_cat","embeddable":true,"href":"https:\/\/begamer.cz\/sk\/wp-json\/wp\/v2\/product_cat?post=97358"},{"taxonomy":"product_tag","embeddable":true,"href":"https:\/\/begamer.cz\/sk\/wp-json\/wp\/v2\/product_tag?post=97358"}],"curies":[{"name":"wp","href":"https:\/\/api.w.org\/{rel}","templated":true}]}}