{"id":97310,"date":"2026-01-30T16:55:17","date_gmt":"2026-01-30T15:55:17","guid":{"rendered":"https:\/\/begamer.cz\/produkt\/atv-drift-tricks-sk\/"},"modified":"2026-03-18T06:59:42","modified_gmt":"2026-03-18T05:59:42","slug":"atv-drift-tricks-sk","status":"publish","type":"product","link":"https:\/\/begamer.cz\/sk\/produkt\/atv-drift-tricks-sk\/","title":{"rendered":"ATV Drift & Tricks"},"content":{"rendered":"<p><strong>Drift, triky a z\u00e1bava!<\/strong><\/p>\n<p><span class=\"bb_img_ctn\"><video class=\"bb_img\" autoplay muted loop playsinline poster=\"https:\/\/shared.akamai.steamstatic.com\/store_item_assets\/steam\/apps\/622020\/extras\/903042a001bb8e21f8a0f047eb04aa91.poster.avif?t=1568971138\" width=480 height=160 ><source src=\"https:\/\/shared.akamai.steamstatic.com\/store_item_assets\/steam\/apps\/622020\/extras\/903042a001bb8e21f8a0f047eb04aa91.webm?t=1568971138\" type=\"video\/webm; codecs=vp9\"><source src=\"https:\/\/shared.akamai.steamstatic.com\/store_item_assets\/steam\/apps\/622020\/extras\/903042a001bb8e21f8a0f047eb04aa91.mp4?t=1568971138\" type=\"video\/mp4\"><\/video><\/span><\/p>\n<p>Ste unaven\u00ed z dvojkolesov\u00fdch vozidiel? ATV Drift &amp; Tricks je hra pre v\u00e1s! Z\u00e1vodn\u00e1 hra v\u00fdhradne pre \u0161tvorkolky s tromi d\u00f4vodmi na z\u00e1bavu:    <\/p>\n<p><strong>Hra\u0165 m\u00f4\u017eete s\u00f3lo alebo v multiplayeri s 8 divok\u00fdmi hern\u00fdmi re\u017eimami:<\/strong>    <br \/>Liga, \u010casovka, R\u00fdchly z\u00e1vod, Hor\u00face kolo, Kr\u00e1\u013e cesty, Zlat\u00e1 prilba, Posledn\u00fd na trati a Lovec. Z\u00fa\u010dastnite sa s\u00e9rie pretekov sami alebo na rozdelenej obrazovke s priate\u013emi v hern\u00fdch re\u017eimoch s mimoriadnymi v\u00fdzvami. Chcete viac? Za\u010dnite online multiplayerov\u00e9 preteky s 10 \u00fa\u010dastn\u00edkmi a zistite, kto najlep\u0161ie ovl\u00e1da svoje ATV.    <\/p>\n<p><span class=\"bb_img_ctn\"><video class=\"bb_img\" autoplay muted loop playsinline poster=\"https:\/\/shared.akamai.steamstatic.com\/store_item_assets\/steam\/apps\/622020\/extras\/54b1cf0d0a5ab65a9f92e65fa13d05ab.poster.avif?t=1568971138\" width=480 height=160 ><source src=\"https:\/\/shared.akamai.steamstatic.com\/store_item_assets\/steam\/apps\/622020\/extras\/54b1cf0d0a5ab65a9f92e65fa13d05ab.webm?t=1568971138\" type=\"video\/webm; codecs=vp9\"><source src=\"https:\/\/shared.akamai.steamstatic.com\/store_item_assets\/steam\/apps\/622020\/extras\/54b1cf0d0a5ab65a9f92e65fa13d05ab.mp4?t=1568971138\" type=\"video\/mp4\"><\/video><\/span><\/p>\n<p><strong>Pestr\u00e9 trate, ktor\u00e9 m\u00f4\u017eete absolvova\u0165 znova a znova:<\/strong>    <br \/>P\u00fa\u0161te, lesy, hory, jazer\u00e1, rieky, o\u00e1zy&#8230; Nastavenia, ktor\u00e9 pote\u0161ia va\u0161e o\u010di! Bezpochyby uvid\u00edte naozaj v\u0161etko!<\/p>\n<p><span class=\"bb_img_ctn\"><video class=\"bb_img\" autoplay muted loop playsinline poster=\"https:\/\/shared.akamai.steamstatic.com\/store_item_assets\/steam\/apps\/622020\/extras\/831e4a70c6ffb210991f70fc81c3fa00.poster.avif?t=1568971138\" width=480 height=160 ><source src=\"https:\/\/shared.akamai.steamstatic.com\/store_item_assets\/steam\/apps\/622020\/extras\/831e4a70c6ffb210991f70fc81c3fa00.webm?t=1568971138\" type=\"video\/webm; codecs=vp9\"><source src=\"https:\/\/shared.akamai.steamstatic.com\/store_item_assets\/steam\/apps\/622020\/extras\/831e4a70c6ffb210991f70fc81c3fa00.mp4?t=1568971138\" type=\"video\/mp4\"><\/video><\/span><\/p>\n<p><strong>Bl\u00e1zniv\u00e9 k\u00fasky a driftovanie na maximum:<\/strong><br \/>Vysko\u010dte vysoko do vzduchu zaka\u017ed\u00fdm, ke\u010f urob\u00edte k\u00fasok, ktor\u00fd va\u0161ich s\u00faperov priv\u00e1dza do \u0161ialenstva! Vr\u00e1\u0165te sa sp\u00e4\u0165 na zem a nazbierajte body za driftovanie. Va\u0161e pneumatiky za to zaplatia, rovnako ako va\u0161i s\u00faperi!<\/p>\n<p><span class=\"bb_img_ctn\"><video class=\"bb_img\" autoplay muted loop playsinline poster=\"https:\/\/shared.akamai.steamstatic.com\/store_item_assets\/steam\/apps\/622020\/extras\/0685b2598bf7e8a607af26f780c632c4.poster.avif?t=1568971138\" width=480 height=160 ><source src=\"https:\/\/shared.akamai.steamstatic.com\/store_item_assets\/steam\/apps\/622020\/extras\/0685b2598bf7e8a607af26f780c632c4.webm?t=1568971138\" type=\"video\/webm; codecs=vp9\"><source src=\"https:\/\/shared.akamai.steamstatic.com\/store_item_assets\/steam\/apps\/622020\/extras\/0685b2598bf7e8a607af26f780c632c4.mp4?t=1568971138\" type=\"video\/mp4\"><\/video><\/span><\/p>\n","protected":false},"excerpt":{"rendered":"<p>DRIFT, TRIKY A Z\u00c1BAVA! M\u00e1te dos\u0165 dvojkolesov\u00fdch vozidiel? ATV Drift &amp; Tricks je hra pre v\u00e1s! Z\u00e1vodn\u00e1 hra len pre \u0161tvorkolky!!<\/p>\n","protected":false},"featured_media":23346,"comment_status":"open","ping_status":"closed","template":"","meta":{"_acf_changed":false},"product_brand":[],"product_cat":[206,179,200,230],"product_tag":[],"class_list":{"0":"post-97310","1":"product","2":"type-product","3":"status-publish","4":"has-post-thumbnail","6":"product_cat-arkady-nintendo-switch-sk","7":"product_cat-nintendo-hry-sk","8":"product_cat-nintendo-switch-sk","9":"product_cat-zavodne-nintendo-switch-sk","10":"pa_countries-at","11":"pa_countries-be","12":"pa_countries-bg","13":"pa_countries-cy","14":"pa_countries-cz","16":"pa_countries-de","17":"pa_countries-dk","18":"pa_countries-ee","19":"pa_countries-es","20":"pa_countries-fi","21":"pa_countries-fr","22":"pa_countries-gr","23":"pa_countries-hr","24":"pa_countries-hu","25":"pa_countries-ie","26":"pa_countries-it","27":"pa_countries-lt","28":"pa_countries-lu","29":"pa_countries-lv","30":"pa_countries-mt","31":"pa_countries-nl","32":"pa_countries-pl","33":"pa_countries-pt","34":"pa_countries-ro","35":"pa_countries-se","36":"pa_countries-si","37":"pa_countries-sk","38":"pa_developer-artefacts-studio","40":"pa_engine-unreal-engine-4","42":"pa_game_type-main_game","44":"pa_genres-arcade","46":"pa_genres-racing","47":"pa_interface-de-de","48":"pa_interface-en-us","49":"pa_interface-es-es","50":"pa_interface-fr-fr","51":"pa_interface-it-it","53":"pa_modes-multiplayer","55":"pa_modes-single-player","56":"pa_pegi-13424","57":"pa_pegi-772","58":"pa_platform-nintendo-switch","60":"pa_player_perspectives-third-person","62":"pa_publisher-microids","64":"pa_rating-773","65":"pa_rating-14441","66":"pa_region-europe","68":"pa_subtitles-de-de","70":"pa_subtitles-en-us","71":"pa_subtitles-es-es","72":"pa_subtitles-fr-fr","73":"pa_subtitles-it-it","75":"first","76":"instock","77":"virtual","78":"taxable","79":"purchasable","80":"product-type-simple"},"yoast_head":"<!-- This site is optimized with the Yoast SEO plugin v27.3 - https:\/\/yoast.com\/product\/yoast-seo-wordpress\/ -->\n<title>ATV Drift &amp; Tricks | BeGamer.cz<\/title>\n<meta name=\"robots\" content=\"index, follow, max-snippet:-1, max-image-preview:large, max-video-preview:-1\" \/>\n<link rel=\"canonical\" href=\"https:\/\/begamer.cz\/sk\/produkt\/atv-drift-tricks-sk\/\" \/>\n<meta property=\"og:locale\" content=\"sk_SK\" \/>\n<meta property=\"og:type\" content=\"article\" \/>\n<meta property=\"og:title\" content=\"ATV Drift &amp; Tricks | BeGamer.cz\" \/>\n<meta property=\"og:description\" content=\"DRIFT, TRIKY A Z\u00c1BAVA! M\u00e1te dos\u0165 dvojkolesov\u00fdch vozidiel? ATV Drift &amp; Tricks je hra pre v\u00e1s! Z\u00e1vodn\u00e1 hra len pre \u0161tvorkolky!!\" \/>\n<meta property=\"og:url\" content=\"https:\/\/begamer.cz\/sk\/produkt\/atv-drift-tricks-sk\/\" \/>\n<meta property=\"og:site_name\" content=\"BeGamer.cz\" \/>\n<meta property=\"article:modified_time\" content=\"2026-03-18T05:59:42+00:00\" \/>\n<meta property=\"og:image\" content=\"https:\/\/begamer.cz\/wp-content\/uploads\/2026\/01\/atv-drift-and-tricks-10.webp\" \/>\n\t<meta property=\"og:image:width\" content=\"300\" \/>\n\t<meta property=\"og:image:height\" content=\"400\" \/>\n\t<meta property=\"og:image:type\" content=\"image\/webp\" \/>\n<meta name=\"twitter:card\" content=\"summary_large_image\" \/>\n<meta name=\"twitter:label1\" content=\"Predpokladan\u00fd \u010das \u010d\u00edtania\" \/>\n\t<meta name=\"twitter:data1\" content=\"1 min\u00fata\" \/>\n<script type=\"application\/ld+json\" class=\"yoast-schema-graph\">{\"@context\":\"https:\\\/\\\/schema.org\",\"@graph\":[{\"@type\":\"WebPage\",\"@id\":\"https:\\\/\\\/begamer.cz\\\/sk\\\/produkt\\\/atv-drift-tricks-sk\\\/\",\"url\":\"https:\\\/\\\/begamer.cz\\\/sk\\\/produkt\\\/atv-drift-tricks-sk\\\/\",\"name\":\"ATV Drift & Tricks | BeGamer.cz\",\"isPartOf\":{\"@id\":\"https:\\\/\\\/begamer.cz\\\/sk\\\/#website\"},\"primaryImageOfPage\":{\"@id\":\"https:\\\/\\\/begamer.cz\\\/sk\\\/produkt\\\/atv-drift-tricks-sk\\\/#primaryimage\"},\"image\":{\"@id\":\"https:\\\/\\\/begamer.cz\\\/sk\\\/produkt\\\/atv-drift-tricks-sk\\\/#primaryimage\"},\"thumbnailUrl\":\"https:\\\/\\\/begamer.cz\\\/wp-content\\\/uploads\\\/2026\\\/01\\\/atv-drift-and-tricks-10.webp\",\"datePublished\":\"2026-01-30T15:55:17+00:00\",\"dateModified\":\"2026-03-18T05:59:42+00:00\",\"breadcrumb\":{\"@id\":\"https:\\\/\\\/begamer.cz\\\/sk\\\/produkt\\\/atv-drift-tricks-sk\\\/#breadcrumb\"},\"inLanguage\":\"sk-SK\",\"potentialAction\":[{\"@type\":\"ReadAction\",\"target\":[\"https:\\\/\\\/begamer.cz\\\/sk\\\/produkt\\\/atv-drift-tricks-sk\\\/\"]}]},{\"@type\":\"ImageObject\",\"inLanguage\":\"sk-SK\",\"@id\":\"https:\\\/\\\/begamer.cz\\\/sk\\\/produkt\\\/atv-drift-tricks-sk\\\/#primaryimage\",\"url\":\"https:\\\/\\\/begamer.cz\\\/wp-content\\\/uploads\\\/2026\\\/01\\\/atv-drift-and-tricks-10.webp\",\"contentUrl\":\"https:\\\/\\\/begamer.cz\\\/wp-content\\\/uploads\\\/2026\\\/01\\\/atv-drift-and-tricks-10.webp\",\"width\":300,\"height\":400},{\"@type\":\"BreadcrumbList\",\"@id\":\"https:\\\/\\\/begamer.cz\\\/sk\\\/produkt\\\/atv-drift-tricks-sk\\\/#breadcrumb\",\"itemListElement\":[{\"@type\":\"ListItem\",\"position\":1,\"name\":\"Domov\",\"item\":\"https:\\\/\\\/begamer.cz\\\/sk\\\/\"},{\"@type\":\"ListItem\",\"position\":2,\"name\":\"Obchod\",\"item\":\"https:\\\/\\\/begamer.cz\\\/obchod\\\/\"},{\"@type\":\"ListItem\",\"position\":3,\"name\":\"ATV Drift & Tricks\"}]},{\"@type\":\"WebSite\",\"@id\":\"https:\\\/\\\/begamer.cz\\\/sk\\\/#website\",\"url\":\"https:\\\/\\\/begamer.cz\\\/sk\\\/\",\"name\":\"BeGamer.cz\",\"description\":\"\",\"publisher\":{\"@id\":\"https:\\\/\\\/begamer.cz\\\/sk\\\/#organization\"},\"potentialAction\":[{\"@type\":\"SearchAction\",\"target\":{\"@type\":\"EntryPoint\",\"urlTemplate\":\"https:\\\/\\\/begamer.cz\\\/sk\\\/?s={search_term_string}\"},\"query-input\":{\"@type\":\"PropertyValueSpecification\",\"valueRequired\":true,\"valueName\":\"search_term_string\"}}],\"inLanguage\":\"sk-SK\"},{\"@type\":\"Organization\",\"@id\":\"https:\\\/\\\/begamer.cz\\\/sk\\\/#organization\",\"name\":\"BeGamer.cz\",\"url\":\"https:\\\/\\\/begamer.cz\\\/sk\\\/\",\"logo\":{\"@type\":\"ImageObject\",\"inLanguage\":\"sk-SK\",\"@id\":\"https:\\\/\\\/begamer.cz\\\/sk\\\/#\\\/schema\\\/logo\\\/image\\\/\",\"url\":\"https:\\\/\\\/begamer.cz\\\/wp-content\\\/uploads\\\/2025\\\/07\\\/logo.svg\",\"contentUrl\":\"https:\\\/\\\/begamer.cz\\\/wp-content\\\/uploads\\\/2025\\\/07\\\/logo.svg\",\"caption\":\"BeGamer.cz\"},\"image\":{\"@id\":\"https:\\\/\\\/begamer.cz\\\/sk\\\/#\\\/schema\\\/logo\\\/image\\\/\"}}]}<\/script>\n<!-- \/ Yoast SEO plugin. -->","yoast_head_json":{"title":"ATV Drift & Tricks | BeGamer.cz","robots":{"index":"index","follow":"follow","max-snippet":"max-snippet:-1","max-image-preview":"max-image-preview:large","max-video-preview":"max-video-preview:-1"},"canonical":"https:\/\/begamer.cz\/sk\/produkt\/atv-drift-tricks-sk\/","og_locale":"sk_SK","og_type":"article","og_title":"ATV Drift & Tricks | BeGamer.cz","og_description":"DRIFT, TRIKY A Z\u00c1BAVA! M\u00e1te dos\u0165 dvojkolesov\u00fdch vozidiel? ATV Drift &amp; Tricks je hra pre v\u00e1s! Z\u00e1vodn\u00e1 hra len pre \u0161tvorkolky!!","og_url":"https:\/\/begamer.cz\/sk\/produkt\/atv-drift-tricks-sk\/","og_site_name":"BeGamer.cz","article_modified_time":"2026-03-18T05:59:42+00:00","og_image":[{"width":300,"height":400,"url":"https:\/\/begamer.cz\/wp-content\/uploads\/2026\/01\/atv-drift-and-tricks-10.webp","type":"image\/webp"}],"twitter_card":"summary_large_image","twitter_misc":{"Predpokladan\u00fd \u010das \u010d\u00edtania":"1 min\u00fata"},"schema":{"@context":"https:\/\/schema.org","@graph":[{"@type":"WebPage","@id":"https:\/\/begamer.cz\/sk\/produkt\/atv-drift-tricks-sk\/","url":"https:\/\/begamer.cz\/sk\/produkt\/atv-drift-tricks-sk\/","name":"ATV Drift & Tricks | BeGamer.cz","isPartOf":{"@id":"https:\/\/begamer.cz\/sk\/#website"},"primaryImageOfPage":{"@id":"https:\/\/begamer.cz\/sk\/produkt\/atv-drift-tricks-sk\/#primaryimage"},"image":{"@id":"https:\/\/begamer.cz\/sk\/produkt\/atv-drift-tricks-sk\/#primaryimage"},"thumbnailUrl":"https:\/\/begamer.cz\/wp-content\/uploads\/2026\/01\/atv-drift-and-tricks-10.webp","datePublished":"2026-01-30T15:55:17+00:00","dateModified":"2026-03-18T05:59:42+00:00","breadcrumb":{"@id":"https:\/\/begamer.cz\/sk\/produkt\/atv-drift-tricks-sk\/#breadcrumb"},"inLanguage":"sk-SK","potentialAction":[{"@type":"ReadAction","target":["https:\/\/begamer.cz\/sk\/produkt\/atv-drift-tricks-sk\/"]}]},{"@type":"ImageObject","inLanguage":"sk-SK","@id":"https:\/\/begamer.cz\/sk\/produkt\/atv-drift-tricks-sk\/#primaryimage","url":"https:\/\/begamer.cz\/wp-content\/uploads\/2026\/01\/atv-drift-and-tricks-10.webp","contentUrl":"https:\/\/begamer.cz\/wp-content\/uploads\/2026\/01\/atv-drift-and-tricks-10.webp","width":300,"height":400},{"@type":"BreadcrumbList","@id":"https:\/\/begamer.cz\/sk\/produkt\/atv-drift-tricks-sk\/#breadcrumb","itemListElement":[{"@type":"ListItem","position":1,"name":"Domov","item":"https:\/\/begamer.cz\/sk\/"},{"@type":"ListItem","position":2,"name":"Obchod","item":"https:\/\/begamer.cz\/obchod\/"},{"@type":"ListItem","position":3,"name":"ATV Drift & Tricks"}]},{"@type":"WebSite","@id":"https:\/\/begamer.cz\/sk\/#website","url":"https:\/\/begamer.cz\/sk\/","name":"BeGamer.cz","description":"","publisher":{"@id":"https:\/\/begamer.cz\/sk\/#organization"},"potentialAction":[{"@type":"SearchAction","target":{"@type":"EntryPoint","urlTemplate":"https:\/\/begamer.cz\/sk\/?s={search_term_string}"},"query-input":{"@type":"PropertyValueSpecification","valueRequired":true,"valueName":"search_term_string"}}],"inLanguage":"sk-SK"},{"@type":"Organization","@id":"https:\/\/begamer.cz\/sk\/#organization","name":"BeGamer.cz","url":"https:\/\/begamer.cz\/sk\/","logo":{"@type":"ImageObject","inLanguage":"sk-SK","@id":"https:\/\/begamer.cz\/sk\/#\/schema\/logo\/image\/","url":"https:\/\/begamer.cz\/wp-content\/uploads\/2025\/07\/logo.svg","contentUrl":"https:\/\/begamer.cz\/wp-content\/uploads\/2025\/07\/logo.svg","caption":"BeGamer.cz"},"image":{"@id":"https:\/\/begamer.cz\/sk\/#\/schema\/logo\/image\/"}}]}},"acf":[],"_links":{"self":[{"href":"https:\/\/begamer.cz\/sk\/wp-json\/wp\/v2\/product\/97310","targetHints":{"allow":["GET"]}}],"collection":[{"href":"https:\/\/begamer.cz\/sk\/wp-json\/wp\/v2\/product"}],"about":[{"href":"https:\/\/begamer.cz\/sk\/wp-json\/wp\/v2\/types\/product"}],"replies":[{"embeddable":true,"href":"https:\/\/begamer.cz\/sk\/wp-json\/wp\/v2\/comments?post=97310"}],"wp:featuredmedia":[{"embeddable":true,"href":"https:\/\/begamer.cz\/sk\/wp-json\/wp\/v2\/media\/23346"}],"wp:attachment":[{"href":"https:\/\/begamer.cz\/sk\/wp-json\/wp\/v2\/media?parent=97310"}],"wp:term":[{"taxonomy":"product_brand","embeddable":true,"href":"https:\/\/begamer.cz\/sk\/wp-json\/wp\/v2\/product_brand?post=97310"},{"taxonomy":"product_cat","embeddable":true,"href":"https:\/\/begamer.cz\/sk\/wp-json\/wp\/v2\/product_cat?post=97310"},{"taxonomy":"product_tag","embeddable":true,"href":"https:\/\/begamer.cz\/sk\/wp-json\/wp\/v2\/product_tag?post=97310"}],"curies":[{"name":"wp","href":"https:\/\/api.w.org\/{rel}","templated":true}]}}