{"id":97301,"date":"2026-01-30T16:55:00","date_gmt":"2026-01-30T15:55:00","guid":{"rendered":"https:\/\/begamer.cz\/produkt\/resident-evil-village-winters-expansion-sk-1769788503\/"},"modified":"2026-03-18T06:58:54","modified_gmt":"2026-03-18T05:58:54","slug":"resident-evil-village-winters-expansion-sk-2","status":"publish","type":"product","link":"https:\/\/begamer.cz\/sk\/produkt\/resident-evil-village-winters-expansion-sk-2\/","title":{"rendered":"Resident Evil Village: Winters\u2018 Expansion"},"content":{"rendered":"<p>Pozn\u00e1mka: Tento obsah je tie\u017e k dispoz\u00edcii ako s\u00fa\u010das\u0165 hry Resident Evil: Village Gold Edition. D\u00e1vajte pozor, aby ste nek\u00fapili duplicitn\u00fd obsah.<\/p>\n<p>Vysk\u00fa\u0161ajte \u00faplne nov\u00fd dodato\u010dn\u00fd obsah pre ocenen\u00e9 modern\u00e9 hororov\u00e9 majstrovsk\u00e9 dielo Resident Evil: Village:<\/p>\n<p>&#8211; Re\u017eim tretej osoby: Zahrajte si hlavn\u00fd pr\u00edbeh z \u00faplne novej perspekt\u00edvy.<br \/>\n<br \/>&#8211; Dodato\u010dn\u00e9 \u00falohy \u017eoldnierov: Do boja sa zap\u00e1jaj\u00fa tri nov\u00e9 postavy, vr\u00e1tane so\u0161nej Lady Dimitrescu, ktor\u00fa je mo\u017en\u00e9 ovl\u00e1da\u0165 po prv\u00fdkr\u00e1t.<br \/>\n<br \/>&#8211; Shadows of Rose: nov\u00fd scen\u00e1r s dospelou Rose, Ethanovou milovanou dc\u00e9rou, ktorej \u00fanos ako die\u0165a\u0165a od\u0161tartoval p\u00f4vodn\u00fd pr\u00edbeh Village.<\/p>\n","protected":false},"excerpt":{"rendered":"<p>Za\u017eite \u00faplne nov\u00fd dodato\u010dn\u00fd obsah pre ocenen\u00e9 modern\u00e9 hororov\u00e9 majstrovsk\u00e9 dielo Resident Evil: Village: re\u017eim tretej osoby, dodato\u010dn\u00e9 \u00falohy pre \u017eoldnierov a Shadows of Rose.<\/p>\n","protected":false},"featured_media":16644,"comment_status":"open","ping_status":"closed","template":"","meta":{"_acf_changed":false},"product_brand":[],"product_cat":[272,288,268,266,312],"product_tag":[],"class_list":{"0":"post-97301","1":"product","2":"type-product","3":"status-publish","4":"has-post-thumbnail","6":"product_cat-akcni-pc-sk","7":"product_cat-horor-pc-hry-sk","8":"product_cat-pc-sk","9":"product_cat-pc-hry-sk","10":"product_cat-steam-pc-sk","11":"pa_audio-de-de","12":"pa_audio-en-us","13":"pa_audio-es-es","14":"pa_audio-fr-fr","15":"pa_audio-it-it","16":"pa_audio-ja-jp","17":"pa_audio-pt-br","19":"pa_audio-ru-ru","21":"pa_audio-zh-cn","22":"pa_countries-ad","23":"pa_countries-ae","24":"pa_countries-af","25":"pa_countries-ag","26":"pa_countries-ai","27":"pa_countries-al","28":"pa_countries-am","29":"pa_countries-ao","30":"pa_countries-aq","31":"pa_countries-ar","32":"pa_countries-as","33":"pa_countries-at","34":"pa_countries-au","35":"pa_countries-aw","36":"pa_countries-ax","37":"pa_countries-az","38":"pa_countries-ba","39":"pa_countries-bb","40":"pa_countries-bd","41":"pa_countries-be","42":"pa_countries-bf","43":"pa_countries-bg","44":"pa_countries-bh","45":"pa_countries-bi","46":"pa_countries-bj","47":"pa_countries-bl","48":"pa_countries-bm","49":"pa_countries-bn","50":"pa_countries-bo","51":"pa_countries-bq","52":"pa_countries-br","53":"pa_countries-bs","54":"pa_countries-bt","55":"pa_countries-bv","56":"pa_countries-bw","57":"pa_countries-bz","58":"pa_countries-ca","59":"pa_countries-cc","60":"pa_countries-cd","61":"pa_countries-cf","62":"pa_countries-cg","63":"pa_countries-ch","64":"pa_countries-ci","65":"pa_countries-ck","66":"pa_countries-cl","67":"pa_countries-cm","68":"pa_countries-co","69":"pa_countries-cr","70":"pa_countries-cu","71":"pa_countries-cv","72":"pa_countries-cw","73":"pa_countries-cx","74":"pa_countries-cy","75":"pa_countries-cz","76":"pa_countries-de","77":"pa_countries-dj","78":"pa_countries-dk","79":"pa_countries-dm","80":"pa_countries-do","81":"pa_countries-dz","82":"pa_countries-ec","83":"pa_countries-ee","84":"pa_countries-eg","85":"pa_countries-eh","86":"pa_countries-er","87":"pa_countries-es","88":"pa_countries-et","89":"pa_countries-fi","90":"pa_countries-fj","91":"pa_countries-fk","92":"pa_countries-fm","93":"pa_countries-fo","94":"pa_countries-fr","95":"pa_countries-ga","96":"pa_countries-gb","97":"pa_countries-gd","98":"pa_countries-ge","99":"pa_countries-gf","100":"pa_countries-gg","101":"pa_countries-gh","102":"pa_countries-gi","103":"pa_countries-gl","104":"pa_countries-gm","105":"pa_countries-gn","106":"pa_countries-gp","107":"pa_countries-gq","108":"pa_countries-gr","109":"pa_countries-gs","110":"pa_countries-gt","111":"pa_countries-gu","112":"pa_countries-gw","113":"pa_countries-gy","114":"pa_countries-hk","115":"pa_countries-hm","116":"pa_countries-hn","117":"pa_countries-hr","118":"pa_countries-ht","119":"pa_countries-hu","120":"pa_countries-id","121":"pa_countries-ie","122":"pa_countries-il","123":"pa_countries-im","124":"pa_countries-in","125":"pa_countries-io","126":"pa_countries-iq","127":"pa_countries-ir","128":"pa_countries-is","129":"pa_countries-it","130":"pa_countries-je","131":"pa_countries-jm","132":"pa_countries-jo","133":"pa_countries-ke","134":"pa_countries-kg","135":"pa_countries-kh","136":"pa_countries-ki","137":"pa_countries-km","138":"pa_countries-kn","139":"pa_countries-kw","140":"pa_countries-ky","141":"pa_countries-kz","142":"pa_countries-la","143":"pa_countries-lb","144":"pa_countries-lc","145":"pa_countries-li","146":"pa_countries-lk","147":"pa_countries-lr","148":"pa_countries-ls","149":"pa_countries-lt","150":"pa_countries-lu","151":"pa_countries-lv","152":"pa_countries-ly","153":"pa_countries-ma","154":"pa_countries-mc","155":"pa_countries-md","156":"pa_countries-me","157":"pa_countries-mf","158":"pa_countries-mg","159":"pa_countries-mh","160":"pa_countries-mk","161":"pa_countries-ml","162":"pa_countries-mm","163":"pa_countries-mn","164":"pa_countries-mo","165":"pa_countries-mp","166":"pa_countries-mq","167":"pa_countries-mr","168":"pa_countries-ms","169":"pa_countries-mt","170":"pa_countries-mu","171":"pa_countries-mv","172":"pa_countries-mw","173":"pa_countries-mx","174":"pa_countries-my","175":"pa_countries-mz","176":"pa_countries-na","177":"pa_countries-nc","178":"pa_countries-ne","179":"pa_countries-nf","180":"pa_countries-ng","181":"pa_countries-ni","182":"pa_countries-nl","183":"pa_countries-no","184":"pa_countries-np","185":"pa_countries-nr","186":"pa_countries-nu","187":"pa_countries-nz","188":"pa_countries-om","189":"pa_countries-pa","190":"pa_countries-pe","191":"pa_countries-pf","192":"pa_countries-pg","193":"pa_countries-ph","194":"pa_countries-pk","195":"pa_countries-pl","196":"pa_countries-pm","197":"pa_countries-pn","198":"pa_countries-pr","199":"pa_countries-ps","200":"pa_countries-pt","201":"pa_countries-pw","202":"pa_countries-py","203":"pa_countries-qa","204":"pa_countries-re","205":"pa_countries-ro","206":"pa_countries-rs","207":"pa_countries-rw","208":"pa_countries-sa","209":"pa_countries-sb","210":"pa_countries-sc","211":"pa_countries-sd","212":"pa_countries-se","213":"pa_countries-sg","214":"pa_countries-sh","215":"pa_countries-si","216":"pa_countries-sj","217":"pa_countries-sk","218":"pa_countries-sl","219":"pa_countries-sm","220":"pa_countries-sn","221":"pa_countries-so","222":"pa_countries-sr","223":"pa_countries-ss","225":"pa_countries-st","226":"pa_countries-sv","227":"pa_countries-sx","228":"pa_countries-sy","229":"pa_countries-sz","230":"pa_countries-tc","231":"pa_countries-td","232":"pa_countries-tf","233":"pa_countries-tg","234":"pa_countries-th","235":"pa_countries-tj","236":"pa_countries-tk","237":"pa_countries-tl","238":"pa_countries-tm","239":"pa_countries-tn","240":"pa_countries-to","241":"pa_countries-tr","242":"pa_countries-tt","243":"pa_countries-tv","244":"pa_countries-tw","245":"pa_countries-tz","246":"pa_countries-ua","247":"pa_countries-ug","248":"pa_countries-um","249":"pa_countries-us","250":"pa_countries-uy","251":"pa_countries-uz","252":"pa_countries-va","253":"pa_countries-vc","254":"pa_countries-ve","255":"pa_countries-vg","256":"pa_countries-vi","257":"pa_countries-vn","258":"pa_countries-vu","259":"pa_countries-wf","260":"pa_countries-ws","261":"pa_countries-xk","263":"pa_countries-ye","264":"pa_countries-yt","265":"pa_countries-za","266":"pa_countries-zm","267":"pa_countries-zw","268":"pa_developer-capcom","270":"pa_franchises-resident-evil","272":"pa_game_type-dlc","274":"pa_genres-shooter","276":"pa_interface-ar","277":"pa_interface-de-de","278":"pa_interface-en-us","279":"pa_interface-es-es","280":"pa_interface-fr-fr","281":"pa_interface-it-it","282":"pa_interface-ja-jp","283":"pa_interface-ko-kr","284":"pa_interface-pt-br","285":"pa_interface-ru-ru","287":"pa_interface-th-th","289":"pa_interface-zh-cn","290":"pa_interface-zh-tw","291":"pa_keywords-zombies","293":"pa_modes-single-player","295":"pa_pegi-794","296":"pa_pegi-13426","297":"pa_platform-pc-steam","299":"pa_player_perspectives-first-person","301":"pa_player_perspectives-third-person","303":"pa_publisher-capcom","305":"pa_rating-1505","306":"pa_rating-14531","307":"pa_region-global","309":"pa_subtitles-ar","310":"pa_subtitles-de-de","312":"pa_subtitles-en-us","313":"pa_subtitles-es-es","314":"pa_subtitles-fr-fr","315":"pa_subtitles-it-it","316":"pa_subtitles-ja-jp","317":"pa_subtitles-ko-kr","318":"pa_subtitles-pt-br","319":"pa_subtitles-ru-ru","320":"pa_subtitles-th-th","322":"pa_subtitles-zh-cn","323":"pa_subtitles-zh-tw","324":"pa_themes-action","325":"pa_themes-horror","327":"pa_themes-survival","330":"first","331":"instock","332":"virtual","333":"taxable","334":"purchasable","335":"product-type-simple"},"yoast_head":"<!-- This site is optimized with the Yoast SEO plugin v27.3 - https:\/\/yoast.com\/product\/yoast-seo-wordpress\/ -->\n<title>Resident Evil Village: Winters&#039; Expansion | BeGamer.cz<\/title>\n<meta name=\"robots\" content=\"index, follow, max-snippet:-1, max-image-preview:large, max-video-preview:-1\" \/>\n<link rel=\"canonical\" href=\"https:\/\/begamer.cz\/sk\/produkt\/resident-evil-village-winters-expansion-sk-2\/\" \/>\n<meta property=\"og:locale\" content=\"sk_SK\" \/>\n<meta property=\"og:type\" content=\"article\" \/>\n<meta property=\"og:title\" content=\"Resident Evil Village: Winters&#039; Expansion | BeGamer.cz\" \/>\n<meta property=\"og:description\" content=\"Za\u017eite \u00faplne nov\u00fd dodato\u010dn\u00fd obsah pre ocenen\u00e9 modern\u00e9 hororov\u00e9 majstrovsk\u00e9 dielo Resident Evil: Village: re\u017eim tretej osoby, dodato\u010dn\u00e9 \u00falohy pre \u017eoldnierov a Shadows of Rose.\" \/>\n<meta property=\"og:url\" content=\"https:\/\/begamer.cz\/sk\/produkt\/resident-evil-village-winters-expansion-sk-2\/\" \/>\n<meta property=\"og:site_name\" content=\"BeGamer.cz\" \/>\n<meta property=\"article:modified_time\" content=\"2026-03-18T05:58:54+00:00\" \/>\n<meta property=\"og:image\" content=\"https:\/\/begamer.cz\/wp-content\/uploads\/2026\/01\/resident-evil-village-winters-expansion-10.webp\" \/>\n\t<meta property=\"og:image:width\" content=\"300\" \/>\n\t<meta property=\"og:image:height\" content=\"400\" \/>\n\t<meta property=\"og:image:type\" content=\"image\/webp\" \/>\n<meta name=\"twitter:card\" content=\"summary_large_image\" \/>\n<meta name=\"twitter:label1\" content=\"Predpokladan\u00fd \u010das \u010d\u00edtania\" \/>\n\t<meta name=\"twitter:data1\" content=\"1 min\u00fata\" \/>\n<script type=\"application\/ld+json\" class=\"yoast-schema-graph\">{\"@context\":\"https:\\\/\\\/schema.org\",\"@graph\":[{\"@type\":\"WebPage\",\"@id\":\"https:\\\/\\\/begamer.cz\\\/sk\\\/produkt\\\/resident-evil-village-winters-expansion-sk-2\\\/\",\"url\":\"https:\\\/\\\/begamer.cz\\\/sk\\\/produkt\\\/resident-evil-village-winters-expansion-sk-2\\\/\",\"name\":\"Resident Evil Village: Winters' Expansion | BeGamer.cz\",\"isPartOf\":{\"@id\":\"https:\\\/\\\/begamer.cz\\\/sk\\\/#website\"},\"primaryImageOfPage\":{\"@id\":\"https:\\\/\\\/begamer.cz\\\/sk\\\/produkt\\\/resident-evil-village-winters-expansion-sk-2\\\/#primaryimage\"},\"image\":{\"@id\":\"https:\\\/\\\/begamer.cz\\\/sk\\\/produkt\\\/resident-evil-village-winters-expansion-sk-2\\\/#primaryimage\"},\"thumbnailUrl\":\"https:\\\/\\\/begamer.cz\\\/wp-content\\\/uploads\\\/2026\\\/01\\\/resident-evil-village-winters-expansion-10.webp\",\"datePublished\":\"2026-01-30T15:55:00+00:00\",\"dateModified\":\"2026-03-18T05:58:54+00:00\",\"breadcrumb\":{\"@id\":\"https:\\\/\\\/begamer.cz\\\/sk\\\/produkt\\\/resident-evil-village-winters-expansion-sk-2\\\/#breadcrumb\"},\"inLanguage\":\"sk-SK\",\"potentialAction\":[{\"@type\":\"ReadAction\",\"target\":[\"https:\\\/\\\/begamer.cz\\\/sk\\\/produkt\\\/resident-evil-village-winters-expansion-sk-2\\\/\"]}]},{\"@type\":\"ImageObject\",\"inLanguage\":\"sk-SK\",\"@id\":\"https:\\\/\\\/begamer.cz\\\/sk\\\/produkt\\\/resident-evil-village-winters-expansion-sk-2\\\/#primaryimage\",\"url\":\"https:\\\/\\\/begamer.cz\\\/wp-content\\\/uploads\\\/2026\\\/01\\\/resident-evil-village-winters-expansion-10.webp\",\"contentUrl\":\"https:\\\/\\\/begamer.cz\\\/wp-content\\\/uploads\\\/2026\\\/01\\\/resident-evil-village-winters-expansion-10.webp\",\"width\":300,\"height\":400},{\"@type\":\"BreadcrumbList\",\"@id\":\"https:\\\/\\\/begamer.cz\\\/sk\\\/produkt\\\/resident-evil-village-winters-expansion-sk-2\\\/#breadcrumb\",\"itemListElement\":[{\"@type\":\"ListItem\",\"position\":1,\"name\":\"Domov\",\"item\":\"https:\\\/\\\/begamer.cz\\\/sk\\\/\"},{\"@type\":\"ListItem\",\"position\":2,\"name\":\"Obchod\",\"item\":\"https:\\\/\\\/begamer.cz\\\/obchod\\\/\"},{\"@type\":\"ListItem\",\"position\":3,\"name\":\"Resident Evil Village: Winters\u2018 Expansion\"}]},{\"@type\":\"WebSite\",\"@id\":\"https:\\\/\\\/begamer.cz\\\/sk\\\/#website\",\"url\":\"https:\\\/\\\/begamer.cz\\\/sk\\\/\",\"name\":\"BeGamer.cz\",\"description\":\"\",\"publisher\":{\"@id\":\"https:\\\/\\\/begamer.cz\\\/sk\\\/#organization\"},\"potentialAction\":[{\"@type\":\"SearchAction\",\"target\":{\"@type\":\"EntryPoint\",\"urlTemplate\":\"https:\\\/\\\/begamer.cz\\\/sk\\\/?s={search_term_string}\"},\"query-input\":{\"@type\":\"PropertyValueSpecification\",\"valueRequired\":true,\"valueName\":\"search_term_string\"}}],\"inLanguage\":\"sk-SK\"},{\"@type\":\"Organization\",\"@id\":\"https:\\\/\\\/begamer.cz\\\/sk\\\/#organization\",\"name\":\"BeGamer.cz\",\"url\":\"https:\\\/\\\/begamer.cz\\\/sk\\\/\",\"logo\":{\"@type\":\"ImageObject\",\"inLanguage\":\"sk-SK\",\"@id\":\"https:\\\/\\\/begamer.cz\\\/sk\\\/#\\\/schema\\\/logo\\\/image\\\/\",\"url\":\"https:\\\/\\\/begamer.cz\\\/wp-content\\\/uploads\\\/2025\\\/07\\\/logo.svg\",\"contentUrl\":\"https:\\\/\\\/begamer.cz\\\/wp-content\\\/uploads\\\/2025\\\/07\\\/logo.svg\",\"caption\":\"BeGamer.cz\"},\"image\":{\"@id\":\"https:\\\/\\\/begamer.cz\\\/sk\\\/#\\\/schema\\\/logo\\\/image\\\/\"}}]}<\/script>\n<!-- \/ Yoast SEO plugin. -->","yoast_head_json":{"title":"Resident Evil Village: Winters' Expansion | BeGamer.cz","robots":{"index":"index","follow":"follow","max-snippet":"max-snippet:-1","max-image-preview":"max-image-preview:large","max-video-preview":"max-video-preview:-1"},"canonical":"https:\/\/begamer.cz\/sk\/produkt\/resident-evil-village-winters-expansion-sk-2\/","og_locale":"sk_SK","og_type":"article","og_title":"Resident Evil Village: Winters' Expansion | BeGamer.cz","og_description":"Za\u017eite \u00faplne nov\u00fd dodato\u010dn\u00fd obsah pre ocenen\u00e9 modern\u00e9 hororov\u00e9 majstrovsk\u00e9 dielo Resident Evil: Village: re\u017eim tretej osoby, dodato\u010dn\u00e9 \u00falohy pre \u017eoldnierov a Shadows of Rose.","og_url":"https:\/\/begamer.cz\/sk\/produkt\/resident-evil-village-winters-expansion-sk-2\/","og_site_name":"BeGamer.cz","article_modified_time":"2026-03-18T05:58:54+00:00","og_image":[{"width":300,"height":400,"url":"https:\/\/begamer.cz\/wp-content\/uploads\/2026\/01\/resident-evil-village-winters-expansion-10.webp","type":"image\/webp"}],"twitter_card":"summary_large_image","twitter_misc":{"Predpokladan\u00fd \u010das \u010d\u00edtania":"1 min\u00fata"},"schema":{"@context":"https:\/\/schema.org","@graph":[{"@type":"WebPage","@id":"https:\/\/begamer.cz\/sk\/produkt\/resident-evil-village-winters-expansion-sk-2\/","url":"https:\/\/begamer.cz\/sk\/produkt\/resident-evil-village-winters-expansion-sk-2\/","name":"Resident Evil Village: Winters' Expansion | BeGamer.cz","isPartOf":{"@id":"https:\/\/begamer.cz\/sk\/#website"},"primaryImageOfPage":{"@id":"https:\/\/begamer.cz\/sk\/produkt\/resident-evil-village-winters-expansion-sk-2\/#primaryimage"},"image":{"@id":"https:\/\/begamer.cz\/sk\/produkt\/resident-evil-village-winters-expansion-sk-2\/#primaryimage"},"thumbnailUrl":"https:\/\/begamer.cz\/wp-content\/uploads\/2026\/01\/resident-evil-village-winters-expansion-10.webp","datePublished":"2026-01-30T15:55:00+00:00","dateModified":"2026-03-18T05:58:54+00:00","breadcrumb":{"@id":"https:\/\/begamer.cz\/sk\/produkt\/resident-evil-village-winters-expansion-sk-2\/#breadcrumb"},"inLanguage":"sk-SK","potentialAction":[{"@type":"ReadAction","target":["https:\/\/begamer.cz\/sk\/produkt\/resident-evil-village-winters-expansion-sk-2\/"]}]},{"@type":"ImageObject","inLanguage":"sk-SK","@id":"https:\/\/begamer.cz\/sk\/produkt\/resident-evil-village-winters-expansion-sk-2\/#primaryimage","url":"https:\/\/begamer.cz\/wp-content\/uploads\/2026\/01\/resident-evil-village-winters-expansion-10.webp","contentUrl":"https:\/\/begamer.cz\/wp-content\/uploads\/2026\/01\/resident-evil-village-winters-expansion-10.webp","width":300,"height":400},{"@type":"BreadcrumbList","@id":"https:\/\/begamer.cz\/sk\/produkt\/resident-evil-village-winters-expansion-sk-2\/#breadcrumb","itemListElement":[{"@type":"ListItem","position":1,"name":"Domov","item":"https:\/\/begamer.cz\/sk\/"},{"@type":"ListItem","position":2,"name":"Obchod","item":"https:\/\/begamer.cz\/obchod\/"},{"@type":"ListItem","position":3,"name":"Resident Evil Village: Winters\u2018 Expansion"}]},{"@type":"WebSite","@id":"https:\/\/begamer.cz\/sk\/#website","url":"https:\/\/begamer.cz\/sk\/","name":"BeGamer.cz","description":"","publisher":{"@id":"https:\/\/begamer.cz\/sk\/#organization"},"potentialAction":[{"@type":"SearchAction","target":{"@type":"EntryPoint","urlTemplate":"https:\/\/begamer.cz\/sk\/?s={search_term_string}"},"query-input":{"@type":"PropertyValueSpecification","valueRequired":true,"valueName":"search_term_string"}}],"inLanguage":"sk-SK"},{"@type":"Organization","@id":"https:\/\/begamer.cz\/sk\/#organization","name":"BeGamer.cz","url":"https:\/\/begamer.cz\/sk\/","logo":{"@type":"ImageObject","inLanguage":"sk-SK","@id":"https:\/\/begamer.cz\/sk\/#\/schema\/logo\/image\/","url":"https:\/\/begamer.cz\/wp-content\/uploads\/2025\/07\/logo.svg","contentUrl":"https:\/\/begamer.cz\/wp-content\/uploads\/2025\/07\/logo.svg","caption":"BeGamer.cz"},"image":{"@id":"https:\/\/begamer.cz\/sk\/#\/schema\/logo\/image\/"}}]}},"acf":[],"_links":{"self":[{"href":"https:\/\/begamer.cz\/sk\/wp-json\/wp\/v2\/product\/97301","targetHints":{"allow":["GET"]}}],"collection":[{"href":"https:\/\/begamer.cz\/sk\/wp-json\/wp\/v2\/product"}],"about":[{"href":"https:\/\/begamer.cz\/sk\/wp-json\/wp\/v2\/types\/product"}],"replies":[{"embeddable":true,"href":"https:\/\/begamer.cz\/sk\/wp-json\/wp\/v2\/comments?post=97301"}],"wp:featuredmedia":[{"embeddable":true,"href":"https:\/\/begamer.cz\/sk\/wp-json\/wp\/v2\/media\/16644"}],"wp:attachment":[{"href":"https:\/\/begamer.cz\/sk\/wp-json\/wp\/v2\/media?parent=97301"}],"wp:term":[{"taxonomy":"product_brand","embeddable":true,"href":"https:\/\/begamer.cz\/sk\/wp-json\/wp\/v2\/product_brand?post=97301"},{"taxonomy":"product_cat","embeddable":true,"href":"https:\/\/begamer.cz\/sk\/wp-json\/wp\/v2\/product_cat?post=97301"},{"taxonomy":"product_tag","embeddable":true,"href":"https:\/\/begamer.cz\/sk\/wp-json\/wp\/v2\/product_tag?post=97301"}],"curies":[{"name":"wp","href":"https:\/\/api.w.org\/{rel}","templated":true}]}}