{"id":97217,"date":"2026-01-30T16:53:22","date_gmt":"2026-01-30T15:53:22","guid":{"rendered":"https:\/\/begamer.cz\/produkt\/sparkle-2-evo-sk\/"},"modified":"2026-03-18T06:49:54","modified_gmt":"2026-03-18T05:49:54","slug":"sparkle-2-evo-sk","status":"publish","type":"product","link":"https:\/\/begamer.cz\/sk\/produkt\/sparkle-2-evo-sk\/","title":{"rendered":"Sparkle 2 Evo"},"content":{"rendered":"<p>Ovl\u00e1dajte evol\u00faciu jedn\u00fdm dotykom prsta. Vy\u0161plhajte sa po evolu\u010dnom rebr\u00ed\u010dku. Za\u010dnite ako mal\u00fd organizmus a preme\u0148te sa na n\u00e1dhern\u00fa vodn\u00fa bytos\u0165. Presk\u00famajte hlbiny v h\u013eadan\u00ed \u017eiv\u00edn. \u00dato\u010dte na in\u00e9 druhy, ke\u010f v\u00e1m d\u00f4jdu in\u00e9 zdroje potravy. Vychutnajte si kr\u00e1sne surrealistick\u00e9 vizu\u00e1ly a relaxujte pri minimalistickej ambientnej hudbe.<\/p>\n<p>Dok\u00e1\u017eete vypestova\u0165 najv\u00e4\u010d\u0161ieho Sparkla na svete?<\/p>\n<p>Jemn\u00fd, podmaniv\u00fd, n\u00e1vykov\u00fd. Tieto tri slov\u00e1 opisuj\u00fa svet Sparkle \u2013 svet, v ktorom nech\u00e1te mal\u00fa vodn\u00fa bytos\u0165 vyvin\u00fa\u0165 sa do podoby dospel\u00e9ho, n\u00e1dhern\u00e9ho tvora.<\/p>\n<p>D\u00e1vame v\u00e1m kontrolu nad v\u00fdvojom a blahom v\u00e1\u0161ho Sparkle a vy m\u00e1te jeden cie\u013e \u2013 vyv\u00edja\u0165 sa. Pri presk\u00famavan\u00ed Sparkle Void n\u00e1jdete r\u00f4zne v\u00fd\u017eivn\u00e9 prvky, ktor\u00e9 m\u00f4\u017eete jes\u0165. Niekedy budete musie\u0165 o potravu bojova\u0165 s in\u00fdmi druhmi. Ste t\u00fdm, \u010do jete \u2013 m\u00f4\u017eete si vybra\u0165, \u010di sa v\u00e1\u0161 Sparkle stane r\u00fdchlym a agres\u00edvnym m\u00e4so\u017eravcom, pomal\u00fdm, ale r\u00fdchlo jediacim bylino\u017eravcom, alebo v\u0161e\u017eravcom, ktor\u00e9ho vlastnosti le\u017eia niekde uprostred. Poh\u013ead na re\u0165azec DNA v\u00e1\u0161ho Sparkle v\u00e1m poskytne inform\u00e1cie o pokroku a pom\u00f4\u017ee v\u00e1m napl\u00e1nova\u0165, na ktor\u00e9 mikroprvky sa chcete zamera\u0165 pri \u010fal\u0161om jedle. \u010cas od \u010dasu budete tie\u017e bojova\u0165 s obrovsk\u00fdmi bossmi.<\/p>\n<p>Ale nie je potrebn\u00e9 sa pon\u00e1h\u013ea\u0165, aby hra bola st\u00e1le v plnom pr\u00fade. M\u00f4\u017eete sa tie\u017e len tak relaxova\u0165, hra\u0165 hru pomal\u00fdm tempom, presk\u00fama\u0165 pr\u00e1zdnotu iskry, konzumova\u0165 v\u00fd\u017eivn\u00e9 prvky, u\u017e\u00edva\u0165 si jednoduch\u00e9 a surrealistick\u00e9 prostredie a po\u010d\u00fava\u0165 ambientn\u00fa hudbu. Vo\u013eba je len na v\u00e1s.<\/p>\n<p><\/p>\n<p>&#8211; Tri r\u00f4zne sp\u00f4soby v\u00fdvoja. Sta\u0148te sa r\u00fdchlym a agres\u00edvnym m\u00e4so\u017eravcom, pomal\u00fdm, ale r\u00fdchlo jediacim bylino\u017eravcom alebo v\u0161e\u017eravcom, ktor\u00e9ho vlastnosti le\u017eia niekde uprostred.<br \/>\n<br \/>&#8211; Zahrajte si 13 \u00farovn\u00ed, ktor\u00e9 vyzeraj\u00fa ako zo sna.<br \/>\n<br \/>&#8211; Pou\u017eite GenLab na kontrolu svojho re\u0165azca DNA Sparkles, svojho pokroku, stavu svojich \u0161peci\u00e1lnych schopnost\u00ed a pod\u013ea toho napl\u00e1nujte, \u010do budete \u010falej jes\u0165.<br \/>\n&#8211; Relaxujte pri skvelej ambientnej hudbe.<br \/>\n<br \/>&#8211; S\u00fa\u0165a\u017ete s ostatn\u00fdmi Sparkles v r\u00fdchlom s\u00fa\u0165a\u017enom re\u017eime.<\/p>\n","protected":false},"excerpt":{"rendered":"<p>Sparkle 2 Evo je pohlcuj\u00faca digit\u00e1lna hra, v ktorej vyv\u00edjate mal\u00fd organizmus, presk\u00famavate podmorsk\u00e9 svety, prisp\u00f4sobujete sa a odomyk\u00e1te nov\u00e9 schopnosti. Za\u017eite \u017eiv\u00e9 vodn\u00e9 prostredie, strategick\u00fd rast a v\u00fdzvy pre\u017eitia v tomto jedine\u010dnom evolu\u010dnom dobrodru\u017estve. Ide\u00e1lne pre pr\u00edle\u017eitostn\u00fdch hr\u00e1\u010dov a hr\u00e1\u010dov, ktor\u00ed radi presk\u00famavaj\u00fa.<\/p>\n","protected":false},"featured_media":67414,"comment_status":"open","ping_status":"closed","template":"","meta":{"_acf_changed":false},"product_brand":[],"product_cat":[274,290,268,266,314,312],"product_tag":[],"class_list":{"0":"post-97217","1":"product","2":"type-product","3":"status-publish","4":"has-post-thumbnail","6":"product_cat-arkady-pc-hry-sk","7":"product_cat-indie-hry-pc-sk","8":"product_cat-pc-sk","9":"product_cat-pc-hry-sk","10":"product_cat-simulatory-pc-hry-sk","11":"product_cat-steam-pc-sk","12":"pa_audio-en-us","14":"pa_countries-ad","15":"pa_countries-ae","16":"pa_countries-af","17":"pa_countries-ag","18":"pa_countries-ai","19":"pa_countries-al","20":"pa_countries-am","21":"pa_countries-ao","22":"pa_countries-aq","23":"pa_countries-ar","24":"pa_countries-as","25":"pa_countries-at","26":"pa_countries-au","27":"pa_countries-aw","28":"pa_countries-ax","29":"pa_countries-az","30":"pa_countries-ba","31":"pa_countries-bb","32":"pa_countries-bd","33":"pa_countries-be","34":"pa_countries-bf","35":"pa_countries-bg","36":"pa_countries-bh","37":"pa_countries-bi","38":"pa_countries-bj","39":"pa_countries-bl","40":"pa_countries-bm","41":"pa_countries-bn","42":"pa_countries-bo","43":"pa_countries-bq","44":"pa_countries-br","45":"pa_countries-bs","46":"pa_countries-bt","47":"pa_countries-bv","48":"pa_countries-bw","49":"pa_countries-bz","50":"pa_countries-ca","51":"pa_countries-cc","52":"pa_countries-cd","53":"pa_countries-cf","54":"pa_countries-cg","55":"pa_countries-ch","56":"pa_countries-ci","57":"pa_countries-ck","58":"pa_countries-cl","59":"pa_countries-cm","60":"pa_countries-cn","61":"pa_countries-co","62":"pa_countries-cr","63":"pa_countries-cu","64":"pa_countries-cv","65":"pa_countries-cw","66":"pa_countries-cx","67":"pa_countries-cy","68":"pa_countries-cz","69":"pa_countries-de","70":"pa_countries-dj","71":"pa_countries-dk","72":"pa_countries-dm","73":"pa_countries-do","74":"pa_countries-dz","75":"pa_countries-ec","76":"pa_countries-ee","77":"pa_countries-eg","78":"pa_countries-eh","79":"pa_countries-er","80":"pa_countries-es","81":"pa_countries-et","82":"pa_countries-fi","83":"pa_countries-fj","84":"pa_countries-fk","85":"pa_countries-fm","86":"pa_countries-fo","87":"pa_countries-fr","88":"pa_countries-ga","89":"pa_countries-gb","90":"pa_countries-gd","91":"pa_countries-ge","92":"pa_countries-gf","93":"pa_countries-gg","94":"pa_countries-gh","95":"pa_countries-gi","96":"pa_countries-gl","97":"pa_countries-gm","98":"pa_countries-gn","99":"pa_countries-gp","100":"pa_countries-gq","101":"pa_countries-gr","102":"pa_countries-gs","103":"pa_countries-gt","104":"pa_countries-gu","105":"pa_countries-gw","106":"pa_countries-gy","107":"pa_countries-hk","108":"pa_countries-hm","109":"pa_countries-hn","110":"pa_countries-hr","111":"pa_countries-ht","112":"pa_countries-hu","113":"pa_countries-id","114":"pa_countries-ie","115":"pa_countries-il","116":"pa_countries-im","117":"pa_countries-in","118":"pa_countries-io","119":"pa_countries-iq","120":"pa_countries-ir","121":"pa_countries-is","122":"pa_countries-it","123":"pa_countries-je","124":"pa_countries-jm","125":"pa_countries-jo","126":"pa_countries-jp","127":"pa_countries-ke","128":"pa_countries-kg","129":"pa_countries-kh","130":"pa_countries-ki","131":"pa_countries-km","132":"pa_countries-kn","133":"pa_countries-kp","134":"pa_countries-kr","135":"pa_countries-kw","136":"pa_countries-ky","137":"pa_countries-kz","138":"pa_countries-la","139":"pa_countries-lb","140":"pa_countries-lc","141":"pa_countries-li","142":"pa_countries-lk","143":"pa_countries-lr","144":"pa_countries-ls","145":"pa_countries-lt","146":"pa_countries-lu","147":"pa_countries-lv","148":"pa_countries-ly","149":"pa_countries-ma","150":"pa_countries-mc","151":"pa_countries-md","152":"pa_countries-me","153":"pa_countries-mf","154":"pa_countries-mg","155":"pa_countries-mh","156":"pa_countries-mk","157":"pa_countries-ml","158":"pa_countries-mm","159":"pa_countries-mn","160":"pa_countries-mo","161":"pa_countries-mp","162":"pa_countries-mq","163":"pa_countries-mr","164":"pa_countries-ms","165":"pa_countries-mt","166":"pa_countries-mu","167":"pa_countries-mv","168":"pa_countries-mw","169":"pa_countries-mx","170":"pa_countries-my","171":"pa_countries-mz","172":"pa_countries-na","173":"pa_countries-nc","174":"pa_countries-ne","175":"pa_countries-nf","176":"pa_countries-ng","177":"pa_countries-ni","178":"pa_countries-nl","179":"pa_countries-no","180":"pa_countries-np","181":"pa_countries-nr","182":"pa_countries-nu","183":"pa_countries-nz","184":"pa_countries-om","185":"pa_countries-pa","186":"pa_countries-pe","187":"pa_countries-pf","188":"pa_countries-pg","189":"pa_countries-ph","190":"pa_countries-pk","191":"pa_countries-pl","192":"pa_countries-pm","193":"pa_countries-pn","194":"pa_countries-pr","195":"pa_countries-ps","196":"pa_countries-pt","197":"pa_countries-pw","198":"pa_countries-py","199":"pa_countries-qa","200":"pa_countries-re","201":"pa_countries-ro","202":"pa_countries-rs","203":"pa_countries-rw","204":"pa_countries-sa","205":"pa_countries-sb","206":"pa_countries-sc","207":"pa_countries-sd","208":"pa_countries-se","209":"pa_countries-sg","210":"pa_countries-sh","211":"pa_countries-si","212":"pa_countries-sj","213":"pa_countries-sk","214":"pa_countries-sl","215":"pa_countries-sm","216":"pa_countries-sn","217":"pa_countries-so","218":"pa_countries-sr","219":"pa_countries-ss","221":"pa_countries-st","222":"pa_countries-sv","223":"pa_countries-sx","224":"pa_countries-sy","225":"pa_countries-sz","226":"pa_countries-tc","227":"pa_countries-td","228":"pa_countries-tf","229":"pa_countries-tg","230":"pa_countries-th","231":"pa_countries-tj","232":"pa_countries-tk","233":"pa_countries-tl","234":"pa_countries-tm","235":"pa_countries-tn","236":"pa_countries-to","237":"pa_countries-tr","238":"pa_countries-tt","239":"pa_countries-tv","240":"pa_countries-tw","241":"pa_countries-tz","242":"pa_countries-ua","243":"pa_countries-ug","244":"pa_countries-um","245":"pa_countries-us","246":"pa_countries-uy","247":"pa_countries-uz","248":"pa_countries-va","249":"pa_countries-vc","250":"pa_countries-ve","251":"pa_countries-vg","252":"pa_countries-vi","253":"pa_countries-vn","254":"pa_countries-vu","255":"pa_countries-wf","256":"pa_countries-ws","257":"pa_countries-xk","258":"pa_countries-ye","259":"pa_countries-yt","260":"pa_countries-za","261":"pa_countries-zm","262":"pa_countries-zw","263":"pa_developer-forever-entertainment-s-a","265":"pa_game_type-main_game","267":"pa_genres-arcade","269":"pa_genres-indie","270":"pa_genres-simulator","271":"pa_interface-de-de","272":"pa_interface-en-us","273":"pa_interface-es-es","274":"pa_interface-fr-fr","275":"pa_interface-it-it","276":"pa_interface-pt-pt","278":"pa_interface-ru-ru","279":"pa_keywords-abstract","280":"pa_keywords-aquatic","281":"pa_keywords-digital-distribution","282":"pa_keywords-single-player-only","283":"pa_keywords-steam","285":"pa_keywords-steam-achievements","286":"pa_keywords-steam-cloud","287":"pa_keywords-steam-play","288":"pa_keywords-steam-trading-cards","289":"pa_keywords-touch-controls","290":"pa_modes-single-player","292":"pa_pegi-943","293":"pa_pegi-13430","294":"pa_platform-pc-steam","296":"pa_publisher-forever-entertainment-s-a","298":"pa_rating-1681","299":"pa_rating-14541","300":"pa_region-global","302":"pa_themes-action","303":"pa_themes-kids","306":"first","307":"instock","308":"virtual","309":"taxable","310":"purchasable","311":"product-type-simple"},"yoast_head":"<!-- This site is optimized with the Yoast SEO plugin v27.3 - https:\/\/yoast.com\/product\/yoast-seo-wordpress\/ -->\n<title>Sparkle 2 Evo | BeGamer.cz<\/title>\n<meta name=\"robots\" content=\"index, follow, max-snippet:-1, max-image-preview:large, max-video-preview:-1\" \/>\n<link rel=\"canonical\" href=\"https:\/\/begamer.cz\/sk\/produkt\/sparkle-2-evo-sk\/\" \/>\n<meta property=\"og:locale\" content=\"sk_SK\" \/>\n<meta property=\"og:type\" content=\"article\" \/>\n<meta property=\"og:title\" content=\"Sparkle 2 Evo | BeGamer.cz\" \/>\n<meta property=\"og:description\" content=\"Sparkle 2 Evo je pohlcuj\u00faca digit\u00e1lna hra, v ktorej vyv\u00edjate mal\u00fd organizmus, presk\u00famavate podmorsk\u00e9 svety, prisp\u00f4sobujete sa a odomyk\u00e1te nov\u00e9 schopnosti. Za\u017eite \u017eiv\u00e9 vodn\u00e9 prostredie, strategick\u00fd rast a v\u00fdzvy pre\u017eitia v tomto jedine\u010dnom evolu\u010dnom dobrodru\u017estve. Ide\u00e1lne pre pr\u00edle\u017eitostn\u00fdch hr\u00e1\u010dov a hr\u00e1\u010dov, ktor\u00ed radi presk\u00famavaj\u00fa.\" \/>\n<meta property=\"og:url\" content=\"https:\/\/begamer.cz\/sk\/produkt\/sparkle-2-evo-sk\/\" \/>\n<meta property=\"og:site_name\" content=\"BeGamer.cz\" \/>\n<meta property=\"article:modified_time\" content=\"2026-03-18T05:49:54+00:00\" \/>\n<meta property=\"og:image\" content=\"https:\/\/begamer.cz\/wp-content\/uploads\/2026\/01\/sparkle-2-evo-11.webp\" \/>\n\t<meta property=\"og:image:width\" content=\"300\" \/>\n\t<meta property=\"og:image:height\" content=\"400\" \/>\n\t<meta property=\"og:image:type\" content=\"image\/webp\" \/>\n<meta name=\"twitter:card\" content=\"summary_large_image\" \/>\n<meta name=\"twitter:label1\" content=\"Predpokladan\u00fd \u010das \u010d\u00edtania\" \/>\n\t<meta name=\"twitter:data1\" content=\"2 min\u00faty\" \/>\n<script type=\"application\/ld+json\" class=\"yoast-schema-graph\">{\"@context\":\"https:\\\/\\\/schema.org\",\"@graph\":[{\"@type\":\"WebPage\",\"@id\":\"https:\\\/\\\/begamer.cz\\\/sk\\\/produkt\\\/sparkle-2-evo-sk\\\/\",\"url\":\"https:\\\/\\\/begamer.cz\\\/sk\\\/produkt\\\/sparkle-2-evo-sk\\\/\",\"name\":\"Sparkle 2 Evo | BeGamer.cz\",\"isPartOf\":{\"@id\":\"https:\\\/\\\/begamer.cz\\\/sk\\\/#website\"},\"primaryImageOfPage\":{\"@id\":\"https:\\\/\\\/begamer.cz\\\/sk\\\/produkt\\\/sparkle-2-evo-sk\\\/#primaryimage\"},\"image\":{\"@id\":\"https:\\\/\\\/begamer.cz\\\/sk\\\/produkt\\\/sparkle-2-evo-sk\\\/#primaryimage\"},\"thumbnailUrl\":\"https:\\\/\\\/begamer.cz\\\/wp-content\\\/uploads\\\/2026\\\/01\\\/sparkle-2-evo-11.webp\",\"datePublished\":\"2026-01-30T15:53:22+00:00\",\"dateModified\":\"2026-03-18T05:49:54+00:00\",\"breadcrumb\":{\"@id\":\"https:\\\/\\\/begamer.cz\\\/sk\\\/produkt\\\/sparkle-2-evo-sk\\\/#breadcrumb\"},\"inLanguage\":\"sk-SK\",\"potentialAction\":[{\"@type\":\"ReadAction\",\"target\":[\"https:\\\/\\\/begamer.cz\\\/sk\\\/produkt\\\/sparkle-2-evo-sk\\\/\"]}]},{\"@type\":\"ImageObject\",\"inLanguage\":\"sk-SK\",\"@id\":\"https:\\\/\\\/begamer.cz\\\/sk\\\/produkt\\\/sparkle-2-evo-sk\\\/#primaryimage\",\"url\":\"https:\\\/\\\/begamer.cz\\\/wp-content\\\/uploads\\\/2026\\\/01\\\/sparkle-2-evo-11.webp\",\"contentUrl\":\"https:\\\/\\\/begamer.cz\\\/wp-content\\\/uploads\\\/2026\\\/01\\\/sparkle-2-evo-11.webp\",\"width\":300,\"height\":400},{\"@type\":\"BreadcrumbList\",\"@id\":\"https:\\\/\\\/begamer.cz\\\/sk\\\/produkt\\\/sparkle-2-evo-sk\\\/#breadcrumb\",\"itemListElement\":[{\"@type\":\"ListItem\",\"position\":1,\"name\":\"Domov\",\"item\":\"https:\\\/\\\/begamer.cz\\\/sk\\\/\"},{\"@type\":\"ListItem\",\"position\":2,\"name\":\"Obchod\",\"item\":\"https:\\\/\\\/begamer.cz\\\/obchod\\\/\"},{\"@type\":\"ListItem\",\"position\":3,\"name\":\"Sparkle 2 Evo\"}]},{\"@type\":\"WebSite\",\"@id\":\"https:\\\/\\\/begamer.cz\\\/sk\\\/#website\",\"url\":\"https:\\\/\\\/begamer.cz\\\/sk\\\/\",\"name\":\"BeGamer.cz\",\"description\":\"\",\"publisher\":{\"@id\":\"https:\\\/\\\/begamer.cz\\\/sk\\\/#organization\"},\"potentialAction\":[{\"@type\":\"SearchAction\",\"target\":{\"@type\":\"EntryPoint\",\"urlTemplate\":\"https:\\\/\\\/begamer.cz\\\/sk\\\/?s={search_term_string}\"},\"query-input\":{\"@type\":\"PropertyValueSpecification\",\"valueRequired\":true,\"valueName\":\"search_term_string\"}}],\"inLanguage\":\"sk-SK\"},{\"@type\":\"Organization\",\"@id\":\"https:\\\/\\\/begamer.cz\\\/sk\\\/#organization\",\"name\":\"BeGamer.cz\",\"url\":\"https:\\\/\\\/begamer.cz\\\/sk\\\/\",\"logo\":{\"@type\":\"ImageObject\",\"inLanguage\":\"sk-SK\",\"@id\":\"https:\\\/\\\/begamer.cz\\\/sk\\\/#\\\/schema\\\/logo\\\/image\\\/\",\"url\":\"https:\\\/\\\/begamer.cz\\\/wp-content\\\/uploads\\\/2025\\\/07\\\/logo.svg\",\"contentUrl\":\"https:\\\/\\\/begamer.cz\\\/wp-content\\\/uploads\\\/2025\\\/07\\\/logo.svg\",\"caption\":\"BeGamer.cz\"},\"image\":{\"@id\":\"https:\\\/\\\/begamer.cz\\\/sk\\\/#\\\/schema\\\/logo\\\/image\\\/\"}}]}<\/script>\n<!-- \/ Yoast SEO plugin. -->","yoast_head_json":{"title":"Sparkle 2 Evo | BeGamer.cz","robots":{"index":"index","follow":"follow","max-snippet":"max-snippet:-1","max-image-preview":"max-image-preview:large","max-video-preview":"max-video-preview:-1"},"canonical":"https:\/\/begamer.cz\/sk\/produkt\/sparkle-2-evo-sk\/","og_locale":"sk_SK","og_type":"article","og_title":"Sparkle 2 Evo | BeGamer.cz","og_description":"Sparkle 2 Evo je pohlcuj\u00faca digit\u00e1lna hra, v ktorej vyv\u00edjate mal\u00fd organizmus, presk\u00famavate podmorsk\u00e9 svety, prisp\u00f4sobujete sa a odomyk\u00e1te nov\u00e9 schopnosti. Za\u017eite \u017eiv\u00e9 vodn\u00e9 prostredie, strategick\u00fd rast a v\u00fdzvy pre\u017eitia v tomto jedine\u010dnom evolu\u010dnom dobrodru\u017estve. Ide\u00e1lne pre pr\u00edle\u017eitostn\u00fdch hr\u00e1\u010dov a hr\u00e1\u010dov, ktor\u00ed radi presk\u00famavaj\u00fa.","og_url":"https:\/\/begamer.cz\/sk\/produkt\/sparkle-2-evo-sk\/","og_site_name":"BeGamer.cz","article_modified_time":"2026-03-18T05:49:54+00:00","og_image":[{"width":300,"height":400,"url":"https:\/\/begamer.cz\/wp-content\/uploads\/2026\/01\/sparkle-2-evo-11.webp","type":"image\/webp"}],"twitter_card":"summary_large_image","twitter_misc":{"Predpokladan\u00fd \u010das \u010d\u00edtania":"2 min\u00faty"},"schema":{"@context":"https:\/\/schema.org","@graph":[{"@type":"WebPage","@id":"https:\/\/begamer.cz\/sk\/produkt\/sparkle-2-evo-sk\/","url":"https:\/\/begamer.cz\/sk\/produkt\/sparkle-2-evo-sk\/","name":"Sparkle 2 Evo | BeGamer.cz","isPartOf":{"@id":"https:\/\/begamer.cz\/sk\/#website"},"primaryImageOfPage":{"@id":"https:\/\/begamer.cz\/sk\/produkt\/sparkle-2-evo-sk\/#primaryimage"},"image":{"@id":"https:\/\/begamer.cz\/sk\/produkt\/sparkle-2-evo-sk\/#primaryimage"},"thumbnailUrl":"https:\/\/begamer.cz\/wp-content\/uploads\/2026\/01\/sparkle-2-evo-11.webp","datePublished":"2026-01-30T15:53:22+00:00","dateModified":"2026-03-18T05:49:54+00:00","breadcrumb":{"@id":"https:\/\/begamer.cz\/sk\/produkt\/sparkle-2-evo-sk\/#breadcrumb"},"inLanguage":"sk-SK","potentialAction":[{"@type":"ReadAction","target":["https:\/\/begamer.cz\/sk\/produkt\/sparkle-2-evo-sk\/"]}]},{"@type":"ImageObject","inLanguage":"sk-SK","@id":"https:\/\/begamer.cz\/sk\/produkt\/sparkle-2-evo-sk\/#primaryimage","url":"https:\/\/begamer.cz\/wp-content\/uploads\/2026\/01\/sparkle-2-evo-11.webp","contentUrl":"https:\/\/begamer.cz\/wp-content\/uploads\/2026\/01\/sparkle-2-evo-11.webp","width":300,"height":400},{"@type":"BreadcrumbList","@id":"https:\/\/begamer.cz\/sk\/produkt\/sparkle-2-evo-sk\/#breadcrumb","itemListElement":[{"@type":"ListItem","position":1,"name":"Domov","item":"https:\/\/begamer.cz\/sk\/"},{"@type":"ListItem","position":2,"name":"Obchod","item":"https:\/\/begamer.cz\/obchod\/"},{"@type":"ListItem","position":3,"name":"Sparkle 2 Evo"}]},{"@type":"WebSite","@id":"https:\/\/begamer.cz\/sk\/#website","url":"https:\/\/begamer.cz\/sk\/","name":"BeGamer.cz","description":"","publisher":{"@id":"https:\/\/begamer.cz\/sk\/#organization"},"potentialAction":[{"@type":"SearchAction","target":{"@type":"EntryPoint","urlTemplate":"https:\/\/begamer.cz\/sk\/?s={search_term_string}"},"query-input":{"@type":"PropertyValueSpecification","valueRequired":true,"valueName":"search_term_string"}}],"inLanguage":"sk-SK"},{"@type":"Organization","@id":"https:\/\/begamer.cz\/sk\/#organization","name":"BeGamer.cz","url":"https:\/\/begamer.cz\/sk\/","logo":{"@type":"ImageObject","inLanguage":"sk-SK","@id":"https:\/\/begamer.cz\/sk\/#\/schema\/logo\/image\/","url":"https:\/\/begamer.cz\/wp-content\/uploads\/2025\/07\/logo.svg","contentUrl":"https:\/\/begamer.cz\/wp-content\/uploads\/2025\/07\/logo.svg","caption":"BeGamer.cz"},"image":{"@id":"https:\/\/begamer.cz\/sk\/#\/schema\/logo\/image\/"}}]}},"acf":[],"_links":{"self":[{"href":"https:\/\/begamer.cz\/sk\/wp-json\/wp\/v2\/product\/97217","targetHints":{"allow":["GET"]}}],"collection":[{"href":"https:\/\/begamer.cz\/sk\/wp-json\/wp\/v2\/product"}],"about":[{"href":"https:\/\/begamer.cz\/sk\/wp-json\/wp\/v2\/types\/product"}],"replies":[{"embeddable":true,"href":"https:\/\/begamer.cz\/sk\/wp-json\/wp\/v2\/comments?post=97217"}],"wp:featuredmedia":[{"embeddable":true,"href":"https:\/\/begamer.cz\/sk\/wp-json\/wp\/v2\/media\/67414"}],"wp:attachment":[{"href":"https:\/\/begamer.cz\/sk\/wp-json\/wp\/v2\/media?parent=97217"}],"wp:term":[{"taxonomy":"product_brand","embeddable":true,"href":"https:\/\/begamer.cz\/sk\/wp-json\/wp\/v2\/product_brand?post=97217"},{"taxonomy":"product_cat","embeddable":true,"href":"https:\/\/begamer.cz\/sk\/wp-json\/wp\/v2\/product_cat?post=97217"},{"taxonomy":"product_tag","embeddable":true,"href":"https:\/\/begamer.cz\/sk\/wp-json\/wp\/v2\/product_tag?post=97217"}],"curies":[{"name":"wp","href":"https:\/\/api.w.org\/{rel}","templated":true}]}}