{"id":97208,"date":"2026-01-30T16:53:09","date_gmt":"2026-01-30T15:53:09","guid":{"rendered":"https:\/\/begamer.cz\/produkt\/resident-evil-5-gold-edition-sk\/"},"modified":"2026-03-18T06:49:05","modified_gmt":"2026-03-18T05:49:05","slug":"resident-evil-5-gold-edition-sk","status":"publish","type":"product","link":"https:\/\/begamer.cz\/sk\/produkt\/resident-evil-5-gold-edition-sk\/","title":{"rendered":"Resident Evil 5: Gold Edition"},"content":{"rendered":"<p>Resident Evil 5: Gold Edition obsahuje epiz\u00f3du \u201eLost in Nightmares\u201c a \u010fal\u0161iu epiz\u00f3du roz\u0161iruj\u00facu kampa\u0148 \u201eDesperate Escape\u201c, v ktorej hr\u00e1\u010di ovl\u00e1daj\u00fa Josha Stona a Jill Valentine, ktor\u00ed pom\u00e1haj\u00fa Chrisovi a Sheve. Ed\u00edcia obsahuje aj predt\u00fdm vydan\u00fd re\u017eim Versus, \u0161tyri nov\u00e9 kost\u00fdmy a alternat\u00edvny re\u017eim Mercenaries s \u00f4smimi nov\u00fdmi hrate\u013en\u00fdmi postavami, nov\u00fdmi predmetmi a mapami.<\/p>\n<\/p>\n<h2><strong><u>Pr\u00edbeh<\/u><\/strong><\/h2>\n<p>Spolo\u010dnos\u0165 Umbrella Corporation a jej smrtiace v\u00edrusy boli zni\u010den\u00e9 a izolovan\u00e9. Objavila sa v\u0161ak nov\u00e1, e\u0161te nebezpe\u010dnej\u0161ia hrozba. Roky po pre\u017eit\u00ed udalost\u00ed v Raccoon City bojuje Chris Redfield proti moru bioorganick\u00fdch zbran\u00ed po celom svete. Teraz, ako \u010dlen Bioterrorism Security Assessment Alliance (BSAA), je Chris vyslan\u00fd do Afriky, aby vy\u0161etril biologick\u00fd prostriedok, ktor\u00fd men\u00ed obyvate\u013estvo na agres\u00edvne a znepokojuj\u00face stvorenia. Spolu s \u010fal\u0161ou miestnou agentkou BSAA, Shevou Alomar, musia t\u00edto dvaja spolupracova\u0165, aby odhalili pravdu za znepokojuj\u00facim v\u00fdvojom udalost\u00ed.<\/p>\n<h2><strong><u>Popis obsahu<\/u><\/strong><\/h2>\n<p>T\u00e1to hra je portom verzie Games for Windows &#8211; Live, ktor\u00e1 bola vydan\u00e1 v roku 2009. Ak si k\u00fapite bal\u00edk Untold Stories Bundle tu na Steame, bude to rovnak\u00e9, ako keby ste si k\u00fapili upgrade na Resident Evil 5 Gold Edition.<\/p>\n<h2><strong><u>POZN\u00c1MKA<\/u><\/strong><\/h2>\n<ul>\n<li>\n<p>Nepodporuje NVIDIA GeForce 3D Vision, ktor\u00e1 bola s\u00fa\u010das\u0165ou p\u00f4vodnej verzie Games for Windows &#8211; Live.<\/p>\n<\/li>\n<li>\n<p>Ak ste si u\u017e zak\u00fapili verziu Resident Evil 5 pre Games For Windows Live, m\u00f4\u017eete si vymeni\u0165 bezplatn\u00fa k\u00f3piu verzie pre Steam. Podrobnosti n\u00e1jdete v ni\u017e\u0161ie uveden\u00fdch inform\u00e1ci\u00e1ch. \u010casto kladen\u00e9<\/p>\n<p>ot\u00e1zky o migr\u00e1cii Steamworks<\/p>\n<\/li>\n<\/ul>\n","protected":false},"excerpt":{"rendered":"<p>T\u00e1to hra je portom verzie Games for Windows &#8211; Live, ktor\u00e1 bola vydan\u00e1 v roku 2009. Ak si k\u00fapite bal\u00edk Untold Stories Bundle tu na Steame, bude to rovnak\u00e9 ako upgrade na Resident Evil 5 Gold Edition.<\/p>\n","protected":false},"featured_media":67348,"comment_status":"open","ping_status":"closed","template":"","meta":{"_acf_changed":false},"product_brand":[],"product_cat":[270,268,266,308,312,318,9064],"product_tag":[],"class_list":{"0":"post-97208","1":"product","2":"type-product","3":"status-publish","4":"has-post-thumbnail","6":"product_cat-adventury-pc-hry-sk","7":"product_cat-pc-sk","8":"product_cat-pc-hry-sk","9":"product_cat-rpg-pc-hry-sk","10":"product_cat-steam-pc-sk","11":"product_cat-strategie-pc-hry-sk","12":"product_cat-strielacky-3","13":"pa_audio-en-gb","15":"pa_audio-en-us","16":"pa_countries-ad","17":"pa_countries-ae","18":"pa_countries-af","19":"pa_countries-ai","20":"pa_countries-al","21":"pa_countries-an","22":"pa_countries-aq","23":"pa_countries-as","24":"pa_countries-at","25":"pa_countries-aw","26":"pa_countries-ax","27":"pa_countries-ba","28":"pa_countries-bd","29":"pa_countries-be","30":"pa_countries-bg","31":"pa_countries-bh","32":"pa_countries-bl","33":"pa_countries-bq","34":"pa_countries-bt","35":"pa_countries-bv","36":"pa_countries-cd","37":"pa_countries-ch","38":"pa_countries-ck","39":"pa_countries-cs","41":"pa_countries-cw","42":"pa_countries-cx","43":"pa_countries-cy","44":"pa_countries-cz","45":"pa_countries-de","46":"pa_countries-dk","47":"pa_countries-do","48":"pa_countries-ee","49":"pa_countries-eg","50":"pa_countries-es","51":"pa_countries-fi","52":"pa_countries-fj","53":"pa_countries-fm","54":"pa_countries-fo","55":"pa_countries-fr","56":"pa_countries-gb","57":"pa_countries-ge","58":"pa_countries-gf","59":"pa_countries-gg","60":"pa_countries-gi","61":"pa_countries-gl","62":"pa_countries-gp","63":"pa_countries-gr","64":"pa_countries-gu","65":"pa_countries-hm","66":"pa_countries-hr","67":"pa_countries-hu","68":"pa_countries-ie","69":"pa_countries-il","70":"pa_countries-im","71":"pa_countries-io","72":"pa_countries-iq","73":"pa_countries-ir","74":"pa_countries-is","75":"pa_countries-it","76":"pa_countries-je","77":"pa_countries-jo","78":"pa_countries-ki","79":"pa_countries-kw","80":"pa_countries-ky","81":"pa_countries-lb","82":"pa_countries-li","83":"pa_countries-lk","84":"pa_countries-lt","85":"pa_countries-lu","86":"pa_countries-lv","87":"pa_countries-mc","88":"pa_countries-me","89":"pa_countries-mf","90":"pa_countries-mh","91":"pa_countries-mk","92":"pa_countries-mn","93":"pa_countries-mp","94":"pa_countries-mq","95":"pa_countries-ms","96":"pa_countries-mt","97":"pa_countries-mv","98":"pa_countries-nc","99":"pa_countries-nf","100":"pa_countries-nl","101":"pa_countries-no","102":"pa_countries-np","103":"pa_countries-nr","104":"pa_countries-nu","105":"pa_countries-om","106":"pa_countries-pf","107":"pa_countries-pg","108":"pa_countries-pk","109":"pa_countries-pl","110":"pa_countries-pm","111":"pa_countries-pn","112":"pa_countries-ps","113":"pa_countries-pt","114":"pa_countries-pw","115":"pa_countries-qa","116":"pa_countries-re","117":"pa_countries-ro","118":"pa_countries-rs","119":"pa_countries-sa","120":"pa_countries-sb","121":"pa_countries-se","122":"pa_countries-sh","123":"pa_countries-si","124":"pa_countries-sj","125":"pa_countries-sk","126":"pa_countries-sm","127":"pa_countries-sx","128":"pa_countries-sy","129":"pa_countries-tc","130":"pa_countries-tf","131":"pa_countries-tk","132":"pa_countries-to","133":"pa_countries-tv","134":"pa_countries-um","135":"pa_countries-va","136":"pa_countries-vg","137":"pa_countries-vi","138":"pa_countries-vu","139":"pa_countries-wf","140":"pa_countries-ws","141":"pa_countries-xk","142":"pa_countries-ye","143":"pa_countries-yt","144":"pa_developer-capcom","146":"pa_engine-mt-framework","148":"pa_franchises-resident-evil","150":"pa_game_type-bundle","152":"pa_genres-adventure","153":"pa_genres-role-playing-rpg","154":"pa_genres-shooter","155":"pa_genres-strategy","157":"pa_interface-cs-cz","158":"pa_interface-de-de","159":"pa_interface-en-gb","160":"pa_interface-en-us","161":"pa_interface-es-es","162":"pa_interface-fr-fr","163":"pa_interface-it-it","164":"pa_interface-ja-jp","165":"pa_interface-pl-pl","166":"pa_interface-ru-ru","168":"pa_keywords-africa","169":"pa_keywords-zombies","171":"pa_modes-multiplayer","173":"pa_modes-single-player","174":"pa_pegi-13426","175":"pa_pegi-794","176":"pa_platform-pc-steam","178":"pa_player_perspectives-third-person","180":"pa_publisher-capcom","182":"pa_rating-795","183":"pa_rating-14446","184":"pa_region-europe","186":"pa_subtitles-cs-cz","187":"pa_subtitles-de-de","189":"pa_subtitles-en-gb","190":"pa_subtitles-en-us","191":"pa_subtitles-es-es","192":"pa_subtitles-fr-fr","193":"pa_subtitles-it-it","194":"pa_subtitles-ja-jp","195":"pa_subtitles-pl-pl","196":"pa_subtitles-ru-ru","197":"pa_subtitles-zh-cn","198":"pa_subtitles-zh-tw","199":"pa_themes-action","200":"pa_themes-horror","202":"pa_themes-survival","204":"first","205":"instock","206":"virtual","207":"taxable","208":"purchasable","209":"product-type-simple"},"yoast_head":"<!-- This site is optimized with the Yoast SEO plugin v27.3 - https:\/\/yoast.com\/product\/yoast-seo-wordpress\/ -->\n<title>Resident Evil 5: Gold Edition | BeGamer.cz<\/title>\n<meta name=\"robots\" content=\"index, follow, max-snippet:-1, max-image-preview:large, max-video-preview:-1\" \/>\n<link rel=\"canonical\" href=\"https:\/\/begamer.cz\/sk\/produkt\/resident-evil-5-gold-edition-sk\/\" \/>\n<meta property=\"og:locale\" content=\"sk_SK\" \/>\n<meta property=\"og:type\" content=\"article\" \/>\n<meta property=\"og:title\" content=\"Resident Evil 5: Gold Edition | BeGamer.cz\" \/>\n<meta property=\"og:description\" content=\"T\u00e1to hra je portom verzie Games for Windows - Live, ktor\u00e1 bola vydan\u00e1 v roku 2009. Ak si k\u00fapite bal\u00edk Untold Stories Bundle tu na Steame, bude to rovnak\u00e9 ako upgrade na Resident Evil 5 Gold Edition.\" \/>\n<meta property=\"og:url\" content=\"https:\/\/begamer.cz\/sk\/produkt\/resident-evil-5-gold-edition-sk\/\" \/>\n<meta property=\"og:site_name\" content=\"BeGamer.cz\" \/>\n<meta property=\"article:modified_time\" content=\"2026-03-18T05:49:05+00:00\" \/>\n<meta property=\"og:image\" content=\"https:\/\/begamer.cz\/wp-content\/uploads\/2026\/01\/resident-evil-5-gold-edition-5.webp\" \/>\n\t<meta property=\"og:image:width\" content=\"300\" \/>\n\t<meta property=\"og:image:height\" content=\"400\" \/>\n\t<meta property=\"og:image:type\" content=\"image\/webp\" \/>\n<meta name=\"twitter:card\" content=\"summary_large_image\" \/>\n<meta name=\"twitter:label1\" content=\"Predpokladan\u00fd \u010das \u010d\u00edtania\" \/>\n\t<meta name=\"twitter:data1\" content=\"1 min\u00fata\" \/>\n<script type=\"application\/ld+json\" class=\"yoast-schema-graph\">{\"@context\":\"https:\\\/\\\/schema.org\",\"@graph\":[{\"@type\":\"WebPage\",\"@id\":\"https:\\\/\\\/begamer.cz\\\/sk\\\/produkt\\\/resident-evil-5-gold-edition-sk\\\/\",\"url\":\"https:\\\/\\\/begamer.cz\\\/sk\\\/produkt\\\/resident-evil-5-gold-edition-sk\\\/\",\"name\":\"Resident Evil 5: Gold Edition | BeGamer.cz\",\"isPartOf\":{\"@id\":\"https:\\\/\\\/begamer.cz\\\/sk\\\/#website\"},\"primaryImageOfPage\":{\"@id\":\"https:\\\/\\\/begamer.cz\\\/sk\\\/produkt\\\/resident-evil-5-gold-edition-sk\\\/#primaryimage\"},\"image\":{\"@id\":\"https:\\\/\\\/begamer.cz\\\/sk\\\/produkt\\\/resident-evil-5-gold-edition-sk\\\/#primaryimage\"},\"thumbnailUrl\":\"https:\\\/\\\/begamer.cz\\\/wp-content\\\/uploads\\\/2026\\\/01\\\/resident-evil-5-gold-edition-5.webp\",\"datePublished\":\"2026-01-30T15:53:09+00:00\",\"dateModified\":\"2026-03-18T05:49:05+00:00\",\"breadcrumb\":{\"@id\":\"https:\\\/\\\/begamer.cz\\\/sk\\\/produkt\\\/resident-evil-5-gold-edition-sk\\\/#breadcrumb\"},\"inLanguage\":\"sk-SK\",\"potentialAction\":[{\"@type\":\"ReadAction\",\"target\":[\"https:\\\/\\\/begamer.cz\\\/sk\\\/produkt\\\/resident-evil-5-gold-edition-sk\\\/\"]}]},{\"@type\":\"ImageObject\",\"inLanguage\":\"sk-SK\",\"@id\":\"https:\\\/\\\/begamer.cz\\\/sk\\\/produkt\\\/resident-evil-5-gold-edition-sk\\\/#primaryimage\",\"url\":\"https:\\\/\\\/begamer.cz\\\/wp-content\\\/uploads\\\/2026\\\/01\\\/resident-evil-5-gold-edition-5.webp\",\"contentUrl\":\"https:\\\/\\\/begamer.cz\\\/wp-content\\\/uploads\\\/2026\\\/01\\\/resident-evil-5-gold-edition-5.webp\",\"width\":300,\"height\":400},{\"@type\":\"BreadcrumbList\",\"@id\":\"https:\\\/\\\/begamer.cz\\\/sk\\\/produkt\\\/resident-evil-5-gold-edition-sk\\\/#breadcrumb\",\"itemListElement\":[{\"@type\":\"ListItem\",\"position\":1,\"name\":\"Domov\",\"item\":\"https:\\\/\\\/begamer.cz\\\/sk\\\/\"},{\"@type\":\"ListItem\",\"position\":2,\"name\":\"Obchod\",\"item\":\"https:\\\/\\\/begamer.cz\\\/obchod\\\/\"},{\"@type\":\"ListItem\",\"position\":3,\"name\":\"Resident Evil 5: Gold Edition\"}]},{\"@type\":\"WebSite\",\"@id\":\"https:\\\/\\\/begamer.cz\\\/sk\\\/#website\",\"url\":\"https:\\\/\\\/begamer.cz\\\/sk\\\/\",\"name\":\"BeGamer.cz\",\"description\":\"\",\"publisher\":{\"@id\":\"https:\\\/\\\/begamer.cz\\\/sk\\\/#organization\"},\"potentialAction\":[{\"@type\":\"SearchAction\",\"target\":{\"@type\":\"EntryPoint\",\"urlTemplate\":\"https:\\\/\\\/begamer.cz\\\/sk\\\/?s={search_term_string}\"},\"query-input\":{\"@type\":\"PropertyValueSpecification\",\"valueRequired\":true,\"valueName\":\"search_term_string\"}}],\"inLanguage\":\"sk-SK\"},{\"@type\":\"Organization\",\"@id\":\"https:\\\/\\\/begamer.cz\\\/sk\\\/#organization\",\"name\":\"BeGamer.cz\",\"url\":\"https:\\\/\\\/begamer.cz\\\/sk\\\/\",\"logo\":{\"@type\":\"ImageObject\",\"inLanguage\":\"sk-SK\",\"@id\":\"https:\\\/\\\/begamer.cz\\\/sk\\\/#\\\/schema\\\/logo\\\/image\\\/\",\"url\":\"https:\\\/\\\/begamer.cz\\\/wp-content\\\/uploads\\\/2025\\\/07\\\/logo.svg\",\"contentUrl\":\"https:\\\/\\\/begamer.cz\\\/wp-content\\\/uploads\\\/2025\\\/07\\\/logo.svg\",\"caption\":\"BeGamer.cz\"},\"image\":{\"@id\":\"https:\\\/\\\/begamer.cz\\\/sk\\\/#\\\/schema\\\/logo\\\/image\\\/\"}}]}<\/script>\n<!-- \/ Yoast SEO plugin. -->","yoast_head_json":{"title":"Resident Evil 5: Gold Edition | BeGamer.cz","robots":{"index":"index","follow":"follow","max-snippet":"max-snippet:-1","max-image-preview":"max-image-preview:large","max-video-preview":"max-video-preview:-1"},"canonical":"https:\/\/begamer.cz\/sk\/produkt\/resident-evil-5-gold-edition-sk\/","og_locale":"sk_SK","og_type":"article","og_title":"Resident Evil 5: Gold Edition | BeGamer.cz","og_description":"T\u00e1to hra je portom verzie Games for Windows - Live, ktor\u00e1 bola vydan\u00e1 v roku 2009. Ak si k\u00fapite bal\u00edk Untold Stories Bundle tu na Steame, bude to rovnak\u00e9 ako upgrade na Resident Evil 5 Gold Edition.","og_url":"https:\/\/begamer.cz\/sk\/produkt\/resident-evil-5-gold-edition-sk\/","og_site_name":"BeGamer.cz","article_modified_time":"2026-03-18T05:49:05+00:00","og_image":[{"width":300,"height":400,"url":"https:\/\/begamer.cz\/wp-content\/uploads\/2026\/01\/resident-evil-5-gold-edition-5.webp","type":"image\/webp"}],"twitter_card":"summary_large_image","twitter_misc":{"Predpokladan\u00fd \u010das \u010d\u00edtania":"1 min\u00fata"},"schema":{"@context":"https:\/\/schema.org","@graph":[{"@type":"WebPage","@id":"https:\/\/begamer.cz\/sk\/produkt\/resident-evil-5-gold-edition-sk\/","url":"https:\/\/begamer.cz\/sk\/produkt\/resident-evil-5-gold-edition-sk\/","name":"Resident Evil 5: Gold Edition | BeGamer.cz","isPartOf":{"@id":"https:\/\/begamer.cz\/sk\/#website"},"primaryImageOfPage":{"@id":"https:\/\/begamer.cz\/sk\/produkt\/resident-evil-5-gold-edition-sk\/#primaryimage"},"image":{"@id":"https:\/\/begamer.cz\/sk\/produkt\/resident-evil-5-gold-edition-sk\/#primaryimage"},"thumbnailUrl":"https:\/\/begamer.cz\/wp-content\/uploads\/2026\/01\/resident-evil-5-gold-edition-5.webp","datePublished":"2026-01-30T15:53:09+00:00","dateModified":"2026-03-18T05:49:05+00:00","breadcrumb":{"@id":"https:\/\/begamer.cz\/sk\/produkt\/resident-evil-5-gold-edition-sk\/#breadcrumb"},"inLanguage":"sk-SK","potentialAction":[{"@type":"ReadAction","target":["https:\/\/begamer.cz\/sk\/produkt\/resident-evil-5-gold-edition-sk\/"]}]},{"@type":"ImageObject","inLanguage":"sk-SK","@id":"https:\/\/begamer.cz\/sk\/produkt\/resident-evil-5-gold-edition-sk\/#primaryimage","url":"https:\/\/begamer.cz\/wp-content\/uploads\/2026\/01\/resident-evil-5-gold-edition-5.webp","contentUrl":"https:\/\/begamer.cz\/wp-content\/uploads\/2026\/01\/resident-evil-5-gold-edition-5.webp","width":300,"height":400},{"@type":"BreadcrumbList","@id":"https:\/\/begamer.cz\/sk\/produkt\/resident-evil-5-gold-edition-sk\/#breadcrumb","itemListElement":[{"@type":"ListItem","position":1,"name":"Domov","item":"https:\/\/begamer.cz\/sk\/"},{"@type":"ListItem","position":2,"name":"Obchod","item":"https:\/\/begamer.cz\/obchod\/"},{"@type":"ListItem","position":3,"name":"Resident Evil 5: Gold Edition"}]},{"@type":"WebSite","@id":"https:\/\/begamer.cz\/sk\/#website","url":"https:\/\/begamer.cz\/sk\/","name":"BeGamer.cz","description":"","publisher":{"@id":"https:\/\/begamer.cz\/sk\/#organization"},"potentialAction":[{"@type":"SearchAction","target":{"@type":"EntryPoint","urlTemplate":"https:\/\/begamer.cz\/sk\/?s={search_term_string}"},"query-input":{"@type":"PropertyValueSpecification","valueRequired":true,"valueName":"search_term_string"}}],"inLanguage":"sk-SK"},{"@type":"Organization","@id":"https:\/\/begamer.cz\/sk\/#organization","name":"BeGamer.cz","url":"https:\/\/begamer.cz\/sk\/","logo":{"@type":"ImageObject","inLanguage":"sk-SK","@id":"https:\/\/begamer.cz\/sk\/#\/schema\/logo\/image\/","url":"https:\/\/begamer.cz\/wp-content\/uploads\/2025\/07\/logo.svg","contentUrl":"https:\/\/begamer.cz\/wp-content\/uploads\/2025\/07\/logo.svg","caption":"BeGamer.cz"},"image":{"@id":"https:\/\/begamer.cz\/sk\/#\/schema\/logo\/image\/"}}]}},"acf":[],"_links":{"self":[{"href":"https:\/\/begamer.cz\/sk\/wp-json\/wp\/v2\/product\/97208","targetHints":{"allow":["GET"]}}],"collection":[{"href":"https:\/\/begamer.cz\/sk\/wp-json\/wp\/v2\/product"}],"about":[{"href":"https:\/\/begamer.cz\/sk\/wp-json\/wp\/v2\/types\/product"}],"replies":[{"embeddable":true,"href":"https:\/\/begamer.cz\/sk\/wp-json\/wp\/v2\/comments?post=97208"}],"wp:featuredmedia":[{"embeddable":true,"href":"https:\/\/begamer.cz\/sk\/wp-json\/wp\/v2\/media\/67348"}],"wp:attachment":[{"href":"https:\/\/begamer.cz\/sk\/wp-json\/wp\/v2\/media?parent=97208"}],"wp:term":[{"taxonomy":"product_brand","embeddable":true,"href":"https:\/\/begamer.cz\/sk\/wp-json\/wp\/v2\/product_brand?post=97208"},{"taxonomy":"product_cat","embeddable":true,"href":"https:\/\/begamer.cz\/sk\/wp-json\/wp\/v2\/product_cat?post=97208"},{"taxonomy":"product_tag","embeddable":true,"href":"https:\/\/begamer.cz\/sk\/wp-json\/wp\/v2\/product_tag?post=97208"}],"curies":[{"name":"wp","href":"https:\/\/api.w.org\/{rel}","templated":true}]}}