{"id":97202,"date":"2026-01-30T16:53:00","date_gmt":"2026-01-30T15:53:00","guid":{"rendered":"https:\/\/begamer.cz\/produkt\/resident-evil-2-deluxe-edition-sk\/"},"modified":"2026-03-18T06:48:41","modified_gmt":"2026-03-18T05:48:41","slug":"resident-evil-2-deluxe-edition-sk","status":"publish","type":"product","link":"https:\/\/begamer.cz\/sk\/produkt\/resident-evil-2-deluxe-edition-sk\/","title":{"rendered":"Resident Evil 2: Deluxe Edition"},"content":{"rendered":"<p>Deluxe Edition hry Resident Evil 2 bude obsahova\u0165:<\/p>\n<p>Obojstrann\u00fd obal<br \/>\nKost\u00fdm Claire \u201eElza Walker\u201c<br \/>\nKost\u00fdm Claire \u201eMilitary\u201c<br \/>\nKost\u00fdm Claire \u201eNoir\u201c<br \/>\nKost\u00fdm Leon \u201eNoir\u201c<br \/>\nKost\u00fdm Leon \u201eArklay Sheriff\u201c<br \/>\nPi\u0161to\u013e Albert Model Samurai Edge<br \/>\nOrigin\u00e1lny soundtrack hry Resident Evil 2 Swap<\/p>\n","protected":false},"excerpt":{"rendered":"<p>Resident Evil 2: Deluxe Edition obsahuje kompletn\u00fa hru a exkluz\u00edvny bonusov\u00fd obsah, ktor\u00fd pon\u00faka intenz\u00edvny survival hororov\u00fd hern\u00fd z\u00e1\u017eitok. Za\u017eite kultov\u00fd pr\u00edbeh, detailn\u00e9 prostredie a vylep\u0161en\u00fa grafiku, zatia\u013e \u010do bojujete proti zombie epid\u00e9mii v Raccoon City. Ide\u00e1lne pre fan\u00fa\u0161ikov aj nov\u00e1\u010dikov.<\/p>\n","protected":false},"featured_media":67303,"comment_status":"open","ping_status":"closed","template":"","meta":{"_acf_changed":false},"product_brand":[],"product_cat":[280,288,268,266,312],"product_tag":[],"class_list":{"0":"post-97202","1":"product","2":"type-product","3":"status-publish","4":"has-post-thumbnail","6":"product_cat-dobrodruzne-pc-hry-sk","7":"product_cat-horor-pc-hry-sk","8":"product_cat-pc-sk","9":"product_cat-pc-hry-sk","10":"product_cat-steam-pc-sk","11":"pa_countries-at","12":"pa_countries-be","13":"pa_countries-bg","14":"pa_countries-cy","15":"pa_countries-cz","17":"pa_countries-de","18":"pa_countries-dk","19":"pa_countries-ee","20":"pa_countries-es","21":"pa_countries-fi","22":"pa_countries-fr","23":"pa_countries-gr","24":"pa_countries-hr","25":"pa_countries-hu","26":"pa_countries-ie","27":"pa_countries-it","28":"pa_countries-lt","29":"pa_countries-lu","30":"pa_countries-lv","31":"pa_countries-mt","32":"pa_countries-nl","33":"pa_countries-pl","34":"pa_countries-pt","35":"pa_countries-ro","36":"pa_countries-se","37":"pa_countries-si","39":"pa_countries-sk","41":"pa_developer-capcom","43":"pa_franchises-resident-evil","45":"pa_game_type-bundle","47":"pa_genres-adventure","49":"pa_genres-shooter","51":"pa_keywords-resource-management","53":"pa_keywords-zombies","55":"pa_modes-single-player","57":"pa_pegi-794","58":"pa_pegi-13426","59":"pa_platform-pc-steam","61":"pa_player_perspectives-third-person","63":"pa_publisher-capcom","65":"pa_rating-773","66":"pa_rating-14441","67":"pa_region-europe","69":"pa_themes-action","71":"pa_themes-horror","74":"first","75":"instock","76":"virtual","77":"taxable","78":"purchasable","79":"product-type-simple"},"yoast_head":"<!-- This site is optimized with the Yoast SEO plugin v27.3 - https:\/\/yoast.com\/product\/yoast-seo-wordpress\/ -->\n<title>Resident Evil 2: Deluxe Edition | BeGamer.cz<\/title>\n<meta name=\"robots\" content=\"index, follow, max-snippet:-1, max-image-preview:large, max-video-preview:-1\" \/>\n<link rel=\"canonical\" href=\"https:\/\/begamer.cz\/sk\/produkt\/resident-evil-2-deluxe-edition-sk\/\" \/>\n<meta property=\"og:locale\" content=\"sk_SK\" \/>\n<meta property=\"og:type\" content=\"article\" \/>\n<meta property=\"og:title\" content=\"Resident Evil 2: Deluxe Edition | BeGamer.cz\" \/>\n<meta property=\"og:description\" content=\"Resident Evil 2: Deluxe Edition obsahuje kompletn\u00fa hru a exkluz\u00edvny bonusov\u00fd obsah, ktor\u00fd pon\u00faka intenz\u00edvny survival hororov\u00fd hern\u00fd z\u00e1\u017eitok. Za\u017eite kultov\u00fd pr\u00edbeh, detailn\u00e9 prostredie a vylep\u0161en\u00fa grafiku, zatia\u013e \u010do bojujete proti zombie epid\u00e9mii v Raccoon City. Ide\u00e1lne pre fan\u00fa\u0161ikov aj nov\u00e1\u010dikov.\" \/>\n<meta property=\"og:url\" content=\"https:\/\/begamer.cz\/sk\/produkt\/resident-evil-2-deluxe-edition-sk\/\" \/>\n<meta property=\"og:site_name\" content=\"BeGamer.cz\" \/>\n<meta property=\"article:modified_time\" content=\"2026-03-18T05:48:41+00:00\" \/>\n<meta property=\"og:image\" content=\"https:\/\/begamer.cz\/wp-content\/uploads\/2026\/01\/resident-evil-2-deluxe-edition-7.webp\" \/>\n\t<meta property=\"og:image:width\" content=\"300\" \/>\n\t<meta property=\"og:image:height\" content=\"400\" \/>\n\t<meta property=\"og:image:type\" content=\"image\/webp\" \/>\n<meta name=\"twitter:card\" content=\"summary_large_image\" \/>\n<script type=\"application\/ld+json\" class=\"yoast-schema-graph\">{\"@context\":\"https:\\\/\\\/schema.org\",\"@graph\":[{\"@type\":\"WebPage\",\"@id\":\"https:\\\/\\\/begamer.cz\\\/sk\\\/produkt\\\/resident-evil-2-deluxe-edition-sk\\\/\",\"url\":\"https:\\\/\\\/begamer.cz\\\/sk\\\/produkt\\\/resident-evil-2-deluxe-edition-sk\\\/\",\"name\":\"Resident Evil 2: Deluxe Edition | BeGamer.cz\",\"isPartOf\":{\"@id\":\"https:\\\/\\\/begamer.cz\\\/sk\\\/#website\"},\"primaryImageOfPage\":{\"@id\":\"https:\\\/\\\/begamer.cz\\\/sk\\\/produkt\\\/resident-evil-2-deluxe-edition-sk\\\/#primaryimage\"},\"image\":{\"@id\":\"https:\\\/\\\/begamer.cz\\\/sk\\\/produkt\\\/resident-evil-2-deluxe-edition-sk\\\/#primaryimage\"},\"thumbnailUrl\":\"https:\\\/\\\/begamer.cz\\\/wp-content\\\/uploads\\\/2026\\\/01\\\/resident-evil-2-deluxe-edition-7.webp\",\"datePublished\":\"2026-01-30T15:53:00+00:00\",\"dateModified\":\"2026-03-18T05:48:41+00:00\",\"breadcrumb\":{\"@id\":\"https:\\\/\\\/begamer.cz\\\/sk\\\/produkt\\\/resident-evil-2-deluxe-edition-sk\\\/#breadcrumb\"},\"inLanguage\":\"sk-SK\",\"potentialAction\":[{\"@type\":\"ReadAction\",\"target\":[\"https:\\\/\\\/begamer.cz\\\/sk\\\/produkt\\\/resident-evil-2-deluxe-edition-sk\\\/\"]}]},{\"@type\":\"ImageObject\",\"inLanguage\":\"sk-SK\",\"@id\":\"https:\\\/\\\/begamer.cz\\\/sk\\\/produkt\\\/resident-evil-2-deluxe-edition-sk\\\/#primaryimage\",\"url\":\"https:\\\/\\\/begamer.cz\\\/wp-content\\\/uploads\\\/2026\\\/01\\\/resident-evil-2-deluxe-edition-7.webp\",\"contentUrl\":\"https:\\\/\\\/begamer.cz\\\/wp-content\\\/uploads\\\/2026\\\/01\\\/resident-evil-2-deluxe-edition-7.webp\",\"width\":300,\"height\":400},{\"@type\":\"BreadcrumbList\",\"@id\":\"https:\\\/\\\/begamer.cz\\\/sk\\\/produkt\\\/resident-evil-2-deluxe-edition-sk\\\/#breadcrumb\",\"itemListElement\":[{\"@type\":\"ListItem\",\"position\":1,\"name\":\"Domov\",\"item\":\"https:\\\/\\\/begamer.cz\\\/sk\\\/\"},{\"@type\":\"ListItem\",\"position\":2,\"name\":\"Obchod\",\"item\":\"https:\\\/\\\/begamer.cz\\\/obchod\\\/\"},{\"@type\":\"ListItem\",\"position\":3,\"name\":\"Resident Evil 2: Deluxe Edition\"}]},{\"@type\":\"WebSite\",\"@id\":\"https:\\\/\\\/begamer.cz\\\/sk\\\/#website\",\"url\":\"https:\\\/\\\/begamer.cz\\\/sk\\\/\",\"name\":\"BeGamer.cz\",\"description\":\"\",\"publisher\":{\"@id\":\"https:\\\/\\\/begamer.cz\\\/sk\\\/#organization\"},\"potentialAction\":[{\"@type\":\"SearchAction\",\"target\":{\"@type\":\"EntryPoint\",\"urlTemplate\":\"https:\\\/\\\/begamer.cz\\\/sk\\\/?s={search_term_string}\"},\"query-input\":{\"@type\":\"PropertyValueSpecification\",\"valueRequired\":true,\"valueName\":\"search_term_string\"}}],\"inLanguage\":\"sk-SK\"},{\"@type\":\"Organization\",\"@id\":\"https:\\\/\\\/begamer.cz\\\/sk\\\/#organization\",\"name\":\"BeGamer.cz\",\"url\":\"https:\\\/\\\/begamer.cz\\\/sk\\\/\",\"logo\":{\"@type\":\"ImageObject\",\"inLanguage\":\"sk-SK\",\"@id\":\"https:\\\/\\\/begamer.cz\\\/sk\\\/#\\\/schema\\\/logo\\\/image\\\/\",\"url\":\"https:\\\/\\\/begamer.cz\\\/wp-content\\\/uploads\\\/2025\\\/07\\\/logo.svg\",\"contentUrl\":\"https:\\\/\\\/begamer.cz\\\/wp-content\\\/uploads\\\/2025\\\/07\\\/logo.svg\",\"caption\":\"BeGamer.cz\"},\"image\":{\"@id\":\"https:\\\/\\\/begamer.cz\\\/sk\\\/#\\\/schema\\\/logo\\\/image\\\/\"}}]}<\/script>\n<!-- \/ Yoast SEO plugin. -->","yoast_head_json":{"title":"Resident Evil 2: Deluxe Edition | BeGamer.cz","robots":{"index":"index","follow":"follow","max-snippet":"max-snippet:-1","max-image-preview":"max-image-preview:large","max-video-preview":"max-video-preview:-1"},"canonical":"https:\/\/begamer.cz\/sk\/produkt\/resident-evil-2-deluxe-edition-sk\/","og_locale":"sk_SK","og_type":"article","og_title":"Resident Evil 2: Deluxe Edition | BeGamer.cz","og_description":"Resident Evil 2: Deluxe Edition obsahuje kompletn\u00fa hru a exkluz\u00edvny bonusov\u00fd obsah, ktor\u00fd pon\u00faka intenz\u00edvny survival hororov\u00fd hern\u00fd z\u00e1\u017eitok. Za\u017eite kultov\u00fd pr\u00edbeh, detailn\u00e9 prostredie a vylep\u0161en\u00fa grafiku, zatia\u013e \u010do bojujete proti zombie epid\u00e9mii v Raccoon City. Ide\u00e1lne pre fan\u00fa\u0161ikov aj nov\u00e1\u010dikov.","og_url":"https:\/\/begamer.cz\/sk\/produkt\/resident-evil-2-deluxe-edition-sk\/","og_site_name":"BeGamer.cz","article_modified_time":"2026-03-18T05:48:41+00:00","og_image":[{"width":300,"height":400,"url":"https:\/\/begamer.cz\/wp-content\/uploads\/2026\/01\/resident-evil-2-deluxe-edition-7.webp","type":"image\/webp"}],"twitter_card":"summary_large_image","schema":{"@context":"https:\/\/schema.org","@graph":[{"@type":"WebPage","@id":"https:\/\/begamer.cz\/sk\/produkt\/resident-evil-2-deluxe-edition-sk\/","url":"https:\/\/begamer.cz\/sk\/produkt\/resident-evil-2-deluxe-edition-sk\/","name":"Resident Evil 2: Deluxe Edition | BeGamer.cz","isPartOf":{"@id":"https:\/\/begamer.cz\/sk\/#website"},"primaryImageOfPage":{"@id":"https:\/\/begamer.cz\/sk\/produkt\/resident-evil-2-deluxe-edition-sk\/#primaryimage"},"image":{"@id":"https:\/\/begamer.cz\/sk\/produkt\/resident-evil-2-deluxe-edition-sk\/#primaryimage"},"thumbnailUrl":"https:\/\/begamer.cz\/wp-content\/uploads\/2026\/01\/resident-evil-2-deluxe-edition-7.webp","datePublished":"2026-01-30T15:53:00+00:00","dateModified":"2026-03-18T05:48:41+00:00","breadcrumb":{"@id":"https:\/\/begamer.cz\/sk\/produkt\/resident-evil-2-deluxe-edition-sk\/#breadcrumb"},"inLanguage":"sk-SK","potentialAction":[{"@type":"ReadAction","target":["https:\/\/begamer.cz\/sk\/produkt\/resident-evil-2-deluxe-edition-sk\/"]}]},{"@type":"ImageObject","inLanguage":"sk-SK","@id":"https:\/\/begamer.cz\/sk\/produkt\/resident-evil-2-deluxe-edition-sk\/#primaryimage","url":"https:\/\/begamer.cz\/wp-content\/uploads\/2026\/01\/resident-evil-2-deluxe-edition-7.webp","contentUrl":"https:\/\/begamer.cz\/wp-content\/uploads\/2026\/01\/resident-evil-2-deluxe-edition-7.webp","width":300,"height":400},{"@type":"BreadcrumbList","@id":"https:\/\/begamer.cz\/sk\/produkt\/resident-evil-2-deluxe-edition-sk\/#breadcrumb","itemListElement":[{"@type":"ListItem","position":1,"name":"Domov","item":"https:\/\/begamer.cz\/sk\/"},{"@type":"ListItem","position":2,"name":"Obchod","item":"https:\/\/begamer.cz\/obchod\/"},{"@type":"ListItem","position":3,"name":"Resident Evil 2: Deluxe Edition"}]},{"@type":"WebSite","@id":"https:\/\/begamer.cz\/sk\/#website","url":"https:\/\/begamer.cz\/sk\/","name":"BeGamer.cz","description":"","publisher":{"@id":"https:\/\/begamer.cz\/sk\/#organization"},"potentialAction":[{"@type":"SearchAction","target":{"@type":"EntryPoint","urlTemplate":"https:\/\/begamer.cz\/sk\/?s={search_term_string}"},"query-input":{"@type":"PropertyValueSpecification","valueRequired":true,"valueName":"search_term_string"}}],"inLanguage":"sk-SK"},{"@type":"Organization","@id":"https:\/\/begamer.cz\/sk\/#organization","name":"BeGamer.cz","url":"https:\/\/begamer.cz\/sk\/","logo":{"@type":"ImageObject","inLanguage":"sk-SK","@id":"https:\/\/begamer.cz\/sk\/#\/schema\/logo\/image\/","url":"https:\/\/begamer.cz\/wp-content\/uploads\/2025\/07\/logo.svg","contentUrl":"https:\/\/begamer.cz\/wp-content\/uploads\/2025\/07\/logo.svg","caption":"BeGamer.cz"},"image":{"@id":"https:\/\/begamer.cz\/sk\/#\/schema\/logo\/image\/"}}]}},"acf":[],"_links":{"self":[{"href":"https:\/\/begamer.cz\/sk\/wp-json\/wp\/v2\/product\/97202","targetHints":{"allow":["GET"]}}],"collection":[{"href":"https:\/\/begamer.cz\/sk\/wp-json\/wp\/v2\/product"}],"about":[{"href":"https:\/\/begamer.cz\/sk\/wp-json\/wp\/v2\/types\/product"}],"replies":[{"embeddable":true,"href":"https:\/\/begamer.cz\/sk\/wp-json\/wp\/v2\/comments?post=97202"}],"wp:featuredmedia":[{"embeddable":true,"href":"https:\/\/begamer.cz\/sk\/wp-json\/wp\/v2\/media\/67303"}],"wp:attachment":[{"href":"https:\/\/begamer.cz\/sk\/wp-json\/wp\/v2\/media?parent=97202"}],"wp:term":[{"taxonomy":"product_brand","embeddable":true,"href":"https:\/\/begamer.cz\/sk\/wp-json\/wp\/v2\/product_brand?post=97202"},{"taxonomy":"product_cat","embeddable":true,"href":"https:\/\/begamer.cz\/sk\/wp-json\/wp\/v2\/product_cat?post=97202"},{"taxonomy":"product_tag","embeddable":true,"href":"https:\/\/begamer.cz\/sk\/wp-json\/wp\/v2\/product_tag?post=97202"}],"curies":[{"name":"wp","href":"https:\/\/api.w.org\/{rel}","templated":true}]}}