{"id":97121,"date":"2026-01-30T16:51:26","date_gmt":"2026-01-30T15:51:26","guid":{"rendered":"https:\/\/begamer.cz\/produkt\/devil-may-cry-4-special-edition-sk\/"},"modified":"2026-03-18T06:42:35","modified_gmt":"2026-03-18T05:42:35","slug":"devil-may-cry-4-special-edition-sk","status":"publish","type":"product","link":"https:\/\/begamer.cz\/sk\/produkt\/devil-may-cry-4-special-edition-sk\/","title":{"rendered":"Devil May Cry 4: Special Edition"},"content":{"rendered":"<p>Ovl\u00e1dajte jednu z piatich hrate\u013en\u00fdch post\u00e1v v \u0161peci\u00e1lnej ed\u00edcii hry Devil May Cry 4, najnov\u0161ej verzii \u00faspe\u0161nej \u0161t\u00fdlovej ak\u010dnej hry!<\/p>\n<p>Devil May Cry 4 vtiahne hr\u00e1\u010dov do gotick\u00e9ho nadprirodzen\u00e9ho sveta, kde sa nov\u00fd protagonista stret\u00e1va so zn\u00e1mym hrdinom. Ako nov\u00fd hlavn\u00fd hrdina Nero budete m\u00f4c\u0165 vyu\u017e\u00edva\u0165 neuverite\u013en\u00e9 \u00fatoky a nepretr\u017eit\u00e9 kombo \u00fadery v\u010faka jedine\u010dn\u00e9mu nov\u00e9mu hern\u00e9mu mechanizmu, jeho mocnej ruke \u201eDevil Bringer\u201c.<\/p>\n<p>Na pobre\u017e\u00ed vzdialenej krajiny le\u017e\u00ed hradn\u00e9 mesto Fortuna. Pr\u00e1ve tu skupina zn\u00e1ma ako R\u00e1d me\u010da praktizuje tajomn\u00e9 n\u00e1bo\u017eenstvo. Uctievaj\u00fa d\u00e9monsk\u00e9ho bojovn\u00edka Spardu, ktor\u00fd ako ich boh bojoval za ochranu \u013eud\u00ed, a s\u00fa odhodlan\u00ed vyhna\u0165 v\u0161etk\u00fdch d\u00e9monov. Nero, mlad\u00fd rytier z R\u00e1du, m\u00e1 za \u00falohu n\u00e1js\u0165 Danteho, tajomn\u00e9ho vraha, ktor\u00fd zavra\u017edil vodcu R\u00e1du me\u010da. Z\u00e1rove\u0148 sa v meste za\u010d\u00ednaj\u00fa objavova\u0165 \u010fal\u0161\u00ed d\u00e9moni. Nero \u010doskoro odhal\u00ed mot\u00edvy Danteho objavenia sa a pravdu o z\u00e1meroch R\u00e1du me\u010da.<br \/><strong><\/p>\n<h2 class=\"bb_tag\" >Funkcie<\/h2>\n<p>TRI nov\u00e9 hrate\u013en\u00e9 postavy<\/strong><\/p>\n<ul class=\"bb_ul\">\n<li>Vergil je siln\u00e1, ale technick\u00e1 postava, tak\u017ee nov\u00e1\u010dikovia m\u00f4\u017eu hra\u0165 s istotou, zatia\u013e \u010do sk\u00fasen\u00ed veter\u00e1ni m\u00f4\u017eu \u010falej zdokona\u013eova\u0165 svoje zru\u010dnosti, ke\u010f zvl\u00e1dnu jeho pohyby. Vhodn\u00e9 pre v\u0161etky \u00farovne zru\u010dnost\u00ed!<\/li>\n<li>Lady, ktor\u00e1 sa objavuje ako hrate\u013en\u00e1 postava po prv\u00fdkr\u00e1t, sa \u0161pecializuje na siln\u00e9 \u00fatoky na ve\u013ek\u00fa vzdialenos\u0165. Pomocou raketometu Kalina Ann, h\u00e1kovacieho lana a r\u00f4znych \u00fa\u017easn\u00fdch zbran\u00ed dok\u00e1\u017ee bojova\u0165 s eleganciou a \u013eahkos\u0165ou.<\/li>\n<li>Trish vyu\u017e\u00edva d\u00e9monick\u00fd me\u010d Sparda na vykon\u00e1vanie \u0161irokej \u0161k\u00e1ly komb. Sparda sa dokonca m\u00f4\u017ee zamera\u0165 na nepriate\u013eov a \u00fato\u010di\u0165 na nich auton\u00f3mne, zatia\u013e \u010do Trish bojuje v tandeme!<\/li>\n<\/ul>\n<p><strong>Legend\u00e1rny re\u017eim Dark Knight<\/strong><\/p>\n<ul class=\"bb_ul\">\n<li>Bojujte proti obrovsk\u00e9mu po\u010dtu nepriate\u013eov s\u00fa\u010dasne pre extra obtia\u017enos\u0165 a maxim\u00e1lnu spokojnos\u0165!<\/li>\n<\/ul>\n<p><strong>Vylep\u0161en\u00e1 hrate\u013enos\u0165<\/strong><\/p>\n<ul class=\"bb_ul\">\n<li>Boli vykonan\u00e9 mal\u00e9 \u00fapravy s cie\u013eom zlep\u0161i\u0165 tempo hrate\u013enosti a poskytn\u00fa\u0165 e\u0161te lep\u0161\u00ed z\u00e1\u017eitok nov\u00fdm aj st\u00e1lym hr\u00e1\u010dom.<\/li>\n<\/ul>\n<p><strong>N\u00e1vrat star\u00fdch funkci\u00ed<\/strong><\/p>\n<ul class=\"bb_ul\">\n<li>Charakteristick\u00e1 kombin\u00e1cia zbran\u00ed a \u0161ermu<\/li>\n<li>Komplexn\u00fd kombo syst\u00e9m odme\u0148uje \u0161t\u00fdlov\u00e9 likvidovanie nepriate\u013eov<\/li>\n<li>Jedine\u010dn\u00e1 sada zbran\u00ed a pohybov pre v\u0161etky postavy<\/li>\n<\/ul>\n","protected":false},"excerpt":{"rendered":"<p>Devil May Cry 4: Special Edition pon\u00faka intenz\u00edvnu akciu typu hack-and-slash s vylep\u0161enou grafikou a hrate\u013enos\u0165ou. Hrajte za Nera, Danteho a nov\u00e9 postavy s aktualizovan\u00fdmi pohybmi, \u0161t\u00fdlov\u00fdmi bojmi a n\u00e1ro\u010dn\u00fdmi misiami. Za\u017eite r\u00fdchlu loveck\u00fa akciu na d\u00e9monov v tejto kultovej ak\u010dnej advent\u00fare.<\/p>\n","protected":false},"featured_media":28623,"comment_status":"open","ping_status":"closed","template":"","meta":{"_acf_changed":false},"product_brand":[],"product_cat":[272,278,280,268,266,312],"product_tag":[],"class_list":{"0":"post-97121","1":"product","2":"type-product","3":"status-publish","4":"has-post-thumbnail","6":"product_cat-akcni-pc-sk","7":"product_cat-bojove-pc-hry-sk","8":"product_cat-dobrodruzne-pc-hry-sk","9":"product_cat-pc-sk","10":"product_cat-pc-hry-sk","11":"product_cat-steam-pc-sk","12":"pa_audio-en-us","14":"pa_countries-at","15":"pa_countries-be","16":"pa_countries-bg","17":"pa_countries-cy","18":"pa_countries-cz","20":"pa_countries-de","21":"pa_countries-dk","22":"pa_countries-ee","23":"pa_countries-es","24":"pa_countries-fi","25":"pa_countries-fr","26":"pa_countries-gr","27":"pa_countries-hr","28":"pa_countries-hu","29":"pa_countries-ie","30":"pa_countries-it","31":"pa_countries-lt","32":"pa_countries-lu","33":"pa_countries-lv","34":"pa_countries-mt","35":"pa_countries-nl","36":"pa_countries-pl","37":"pa_countries-pt","38":"pa_countries-ro","39":"pa_countries-se","40":"pa_countries-si","41":"pa_countries-sk","42":"pa_developer-capcom","44":"pa_engine-mt-framework","46":"pa_franchises-devil-may-cry","48":"pa_game_type-expanded_game","50":"pa_genres-adventure","51":"pa_genres-hack-and-slash-beat-em-up","53":"pa_interface-de-de","54":"pa_interface-en-us","55":"pa_interface-es-es","56":"pa_interface-fr-fr","57":"pa_interface-it-it","58":"pa_interface-ja-jp","60":"pa_interface-zh-cn","61":"pa_interface-zh-tw","62":"pa_keywords-gog-preservation-program","63":"pa_keywords-previously-on-xbox-gamepass","65":"pa_keywords-spectacle-fighter","66":"pa_modes-single-player","68":"pa_pegi-13432","69":"pa_pegi-956","70":"pa_platform-pc-steam","72":"pa_player_perspectives-third-person","74":"pa_publisher-capcom","76":"pa_rating-773","77":"pa_rating-14441","78":"pa_region-europe","80":"pa_subtitles-de-de","82":"pa_subtitles-en-us","83":"pa_subtitles-es-es","84":"pa_subtitles-fr-fr","85":"pa_subtitles-it-it","86":"pa_subtitles-ja-jp","87":"pa_subtitles-zh-cn","88":"pa_subtitles-zh-tw","89":"pa_themes-action","90":"pa_themes-fantasy","91":"pa_themes-horror","94":"first","95":"instock","96":"virtual","97":"taxable","98":"purchasable","99":"product-type-simple"},"yoast_head":"<!-- This site is optimized with the Yoast SEO plugin v27.3 - https:\/\/yoast.com\/product\/yoast-seo-wordpress\/ -->\n<title>Devil May Cry 4: Special Edition | BeGamer.cz<\/title>\n<meta name=\"robots\" content=\"index, follow, max-snippet:-1, max-image-preview:large, max-video-preview:-1\" \/>\n<link rel=\"canonical\" href=\"https:\/\/begamer.cz\/sk\/produkt\/devil-may-cry-4-special-edition-sk\/\" \/>\n<meta property=\"og:locale\" content=\"sk_SK\" \/>\n<meta property=\"og:type\" content=\"article\" \/>\n<meta property=\"og:title\" content=\"Devil May Cry 4: Special Edition | BeGamer.cz\" \/>\n<meta property=\"og:description\" content=\"Devil May Cry 4: Special Edition pon\u00faka intenz\u00edvnu akciu typu hack-and-slash s vylep\u0161enou grafikou a hrate\u013enos\u0165ou. Hrajte za Nera, Danteho a nov\u00e9 postavy s aktualizovan\u00fdmi pohybmi, \u0161t\u00fdlov\u00fdmi bojmi a n\u00e1ro\u010dn\u00fdmi misiami. Za\u017eite r\u00fdchlu loveck\u00fa akciu na d\u00e9monov v tejto kultovej ak\u010dnej advent\u00fare.\" \/>\n<meta property=\"og:url\" content=\"https:\/\/begamer.cz\/sk\/produkt\/devil-may-cry-4-special-edition-sk\/\" \/>\n<meta property=\"og:site_name\" content=\"BeGamer.cz\" \/>\n<meta property=\"article:modified_time\" content=\"2026-03-18T05:42:35+00:00\" \/>\n<meta property=\"og:image\" content=\"https:\/\/begamer.cz\/wp-content\/uploads\/2026\/01\/devil-may-cry-4-special-edition-4.webp\" \/>\n\t<meta property=\"og:image:width\" content=\"300\" \/>\n\t<meta property=\"og:image:height\" content=\"400\" \/>\n\t<meta property=\"og:image:type\" content=\"image\/webp\" \/>\n<meta name=\"twitter:card\" content=\"summary_large_image\" \/>\n<meta name=\"twitter:label1\" content=\"Predpokladan\u00fd \u010das \u010d\u00edtania\" \/>\n\t<meta name=\"twitter:data1\" content=\"2 min\u00faty\" \/>\n<script type=\"application\/ld+json\" class=\"yoast-schema-graph\">{\"@context\":\"https:\\\/\\\/schema.org\",\"@graph\":[{\"@type\":\"WebPage\",\"@id\":\"https:\\\/\\\/begamer.cz\\\/sk\\\/produkt\\\/devil-may-cry-4-special-edition-sk\\\/\",\"url\":\"https:\\\/\\\/begamer.cz\\\/sk\\\/produkt\\\/devil-may-cry-4-special-edition-sk\\\/\",\"name\":\"Devil May Cry 4: Special Edition | BeGamer.cz\",\"isPartOf\":{\"@id\":\"https:\\\/\\\/begamer.cz\\\/sk\\\/#website\"},\"primaryImageOfPage\":{\"@id\":\"https:\\\/\\\/begamer.cz\\\/sk\\\/produkt\\\/devil-may-cry-4-special-edition-sk\\\/#primaryimage\"},\"image\":{\"@id\":\"https:\\\/\\\/begamer.cz\\\/sk\\\/produkt\\\/devil-may-cry-4-special-edition-sk\\\/#primaryimage\"},\"thumbnailUrl\":\"https:\\\/\\\/begamer.cz\\\/wp-content\\\/uploads\\\/2026\\\/01\\\/devil-may-cry-4-special-edition-4.webp\",\"datePublished\":\"2026-01-30T15:51:26+00:00\",\"dateModified\":\"2026-03-18T05:42:35+00:00\",\"breadcrumb\":{\"@id\":\"https:\\\/\\\/begamer.cz\\\/sk\\\/produkt\\\/devil-may-cry-4-special-edition-sk\\\/#breadcrumb\"},\"inLanguage\":\"sk-SK\",\"potentialAction\":[{\"@type\":\"ReadAction\",\"target\":[\"https:\\\/\\\/begamer.cz\\\/sk\\\/produkt\\\/devil-may-cry-4-special-edition-sk\\\/\"]}]},{\"@type\":\"ImageObject\",\"inLanguage\":\"sk-SK\",\"@id\":\"https:\\\/\\\/begamer.cz\\\/sk\\\/produkt\\\/devil-may-cry-4-special-edition-sk\\\/#primaryimage\",\"url\":\"https:\\\/\\\/begamer.cz\\\/wp-content\\\/uploads\\\/2026\\\/01\\\/devil-may-cry-4-special-edition-4.webp\",\"contentUrl\":\"https:\\\/\\\/begamer.cz\\\/wp-content\\\/uploads\\\/2026\\\/01\\\/devil-may-cry-4-special-edition-4.webp\",\"width\":300,\"height\":400},{\"@type\":\"BreadcrumbList\",\"@id\":\"https:\\\/\\\/begamer.cz\\\/sk\\\/produkt\\\/devil-may-cry-4-special-edition-sk\\\/#breadcrumb\",\"itemListElement\":[{\"@type\":\"ListItem\",\"position\":1,\"name\":\"Domov\",\"item\":\"https:\\\/\\\/begamer.cz\\\/sk\\\/\"},{\"@type\":\"ListItem\",\"position\":2,\"name\":\"Obchod\",\"item\":\"https:\\\/\\\/begamer.cz\\\/obchod\\\/\"},{\"@type\":\"ListItem\",\"position\":3,\"name\":\"Devil May Cry 4: Special Edition\"}]},{\"@type\":\"WebSite\",\"@id\":\"https:\\\/\\\/begamer.cz\\\/sk\\\/#website\",\"url\":\"https:\\\/\\\/begamer.cz\\\/sk\\\/\",\"name\":\"BeGamer.cz\",\"description\":\"\",\"publisher\":{\"@id\":\"https:\\\/\\\/begamer.cz\\\/sk\\\/#organization\"},\"potentialAction\":[{\"@type\":\"SearchAction\",\"target\":{\"@type\":\"EntryPoint\",\"urlTemplate\":\"https:\\\/\\\/begamer.cz\\\/sk\\\/?s={search_term_string}\"},\"query-input\":{\"@type\":\"PropertyValueSpecification\",\"valueRequired\":true,\"valueName\":\"search_term_string\"}}],\"inLanguage\":\"sk-SK\"},{\"@type\":\"Organization\",\"@id\":\"https:\\\/\\\/begamer.cz\\\/sk\\\/#organization\",\"name\":\"BeGamer.cz\",\"url\":\"https:\\\/\\\/begamer.cz\\\/sk\\\/\",\"logo\":{\"@type\":\"ImageObject\",\"inLanguage\":\"sk-SK\",\"@id\":\"https:\\\/\\\/begamer.cz\\\/sk\\\/#\\\/schema\\\/logo\\\/image\\\/\",\"url\":\"https:\\\/\\\/begamer.cz\\\/wp-content\\\/uploads\\\/2025\\\/07\\\/logo.svg\",\"contentUrl\":\"https:\\\/\\\/begamer.cz\\\/wp-content\\\/uploads\\\/2025\\\/07\\\/logo.svg\",\"caption\":\"BeGamer.cz\"},\"image\":{\"@id\":\"https:\\\/\\\/begamer.cz\\\/sk\\\/#\\\/schema\\\/logo\\\/image\\\/\"}}]}<\/script>\n<!-- \/ Yoast SEO plugin. -->","yoast_head_json":{"title":"Devil May Cry 4: Special Edition | BeGamer.cz","robots":{"index":"index","follow":"follow","max-snippet":"max-snippet:-1","max-image-preview":"max-image-preview:large","max-video-preview":"max-video-preview:-1"},"canonical":"https:\/\/begamer.cz\/sk\/produkt\/devil-may-cry-4-special-edition-sk\/","og_locale":"sk_SK","og_type":"article","og_title":"Devil May Cry 4: Special Edition | BeGamer.cz","og_description":"Devil May Cry 4: Special Edition pon\u00faka intenz\u00edvnu akciu typu hack-and-slash s vylep\u0161enou grafikou a hrate\u013enos\u0165ou. Hrajte za Nera, Danteho a nov\u00e9 postavy s aktualizovan\u00fdmi pohybmi, \u0161t\u00fdlov\u00fdmi bojmi a n\u00e1ro\u010dn\u00fdmi misiami. Za\u017eite r\u00fdchlu loveck\u00fa akciu na d\u00e9monov v tejto kultovej ak\u010dnej advent\u00fare.","og_url":"https:\/\/begamer.cz\/sk\/produkt\/devil-may-cry-4-special-edition-sk\/","og_site_name":"BeGamer.cz","article_modified_time":"2026-03-18T05:42:35+00:00","og_image":[{"width":300,"height":400,"url":"https:\/\/begamer.cz\/wp-content\/uploads\/2026\/01\/devil-may-cry-4-special-edition-4.webp","type":"image\/webp"}],"twitter_card":"summary_large_image","twitter_misc":{"Predpokladan\u00fd \u010das \u010d\u00edtania":"2 min\u00faty"},"schema":{"@context":"https:\/\/schema.org","@graph":[{"@type":"WebPage","@id":"https:\/\/begamer.cz\/sk\/produkt\/devil-may-cry-4-special-edition-sk\/","url":"https:\/\/begamer.cz\/sk\/produkt\/devil-may-cry-4-special-edition-sk\/","name":"Devil May Cry 4: Special Edition | BeGamer.cz","isPartOf":{"@id":"https:\/\/begamer.cz\/sk\/#website"},"primaryImageOfPage":{"@id":"https:\/\/begamer.cz\/sk\/produkt\/devil-may-cry-4-special-edition-sk\/#primaryimage"},"image":{"@id":"https:\/\/begamer.cz\/sk\/produkt\/devil-may-cry-4-special-edition-sk\/#primaryimage"},"thumbnailUrl":"https:\/\/begamer.cz\/wp-content\/uploads\/2026\/01\/devil-may-cry-4-special-edition-4.webp","datePublished":"2026-01-30T15:51:26+00:00","dateModified":"2026-03-18T05:42:35+00:00","breadcrumb":{"@id":"https:\/\/begamer.cz\/sk\/produkt\/devil-may-cry-4-special-edition-sk\/#breadcrumb"},"inLanguage":"sk-SK","potentialAction":[{"@type":"ReadAction","target":["https:\/\/begamer.cz\/sk\/produkt\/devil-may-cry-4-special-edition-sk\/"]}]},{"@type":"ImageObject","inLanguage":"sk-SK","@id":"https:\/\/begamer.cz\/sk\/produkt\/devil-may-cry-4-special-edition-sk\/#primaryimage","url":"https:\/\/begamer.cz\/wp-content\/uploads\/2026\/01\/devil-may-cry-4-special-edition-4.webp","contentUrl":"https:\/\/begamer.cz\/wp-content\/uploads\/2026\/01\/devil-may-cry-4-special-edition-4.webp","width":300,"height":400},{"@type":"BreadcrumbList","@id":"https:\/\/begamer.cz\/sk\/produkt\/devil-may-cry-4-special-edition-sk\/#breadcrumb","itemListElement":[{"@type":"ListItem","position":1,"name":"Domov","item":"https:\/\/begamer.cz\/sk\/"},{"@type":"ListItem","position":2,"name":"Obchod","item":"https:\/\/begamer.cz\/obchod\/"},{"@type":"ListItem","position":3,"name":"Devil May Cry 4: Special Edition"}]},{"@type":"WebSite","@id":"https:\/\/begamer.cz\/sk\/#website","url":"https:\/\/begamer.cz\/sk\/","name":"BeGamer.cz","description":"","publisher":{"@id":"https:\/\/begamer.cz\/sk\/#organization"},"potentialAction":[{"@type":"SearchAction","target":{"@type":"EntryPoint","urlTemplate":"https:\/\/begamer.cz\/sk\/?s={search_term_string}"},"query-input":{"@type":"PropertyValueSpecification","valueRequired":true,"valueName":"search_term_string"}}],"inLanguage":"sk-SK"},{"@type":"Organization","@id":"https:\/\/begamer.cz\/sk\/#organization","name":"BeGamer.cz","url":"https:\/\/begamer.cz\/sk\/","logo":{"@type":"ImageObject","inLanguage":"sk-SK","@id":"https:\/\/begamer.cz\/sk\/#\/schema\/logo\/image\/","url":"https:\/\/begamer.cz\/wp-content\/uploads\/2025\/07\/logo.svg","contentUrl":"https:\/\/begamer.cz\/wp-content\/uploads\/2025\/07\/logo.svg","caption":"BeGamer.cz"},"image":{"@id":"https:\/\/begamer.cz\/sk\/#\/schema\/logo\/image\/"}}]}},"acf":[],"_links":{"self":[{"href":"https:\/\/begamer.cz\/sk\/wp-json\/wp\/v2\/product\/97121","targetHints":{"allow":["GET"]}}],"collection":[{"href":"https:\/\/begamer.cz\/sk\/wp-json\/wp\/v2\/product"}],"about":[{"href":"https:\/\/begamer.cz\/sk\/wp-json\/wp\/v2\/types\/product"}],"replies":[{"embeddable":true,"href":"https:\/\/begamer.cz\/sk\/wp-json\/wp\/v2\/comments?post=97121"}],"wp:featuredmedia":[{"embeddable":true,"href":"https:\/\/begamer.cz\/sk\/wp-json\/wp\/v2\/media\/28623"}],"wp:attachment":[{"href":"https:\/\/begamer.cz\/sk\/wp-json\/wp\/v2\/media?parent=97121"}],"wp:term":[{"taxonomy":"product_brand","embeddable":true,"href":"https:\/\/begamer.cz\/sk\/wp-json\/wp\/v2\/product_brand?post=97121"},{"taxonomy":"product_cat","embeddable":true,"href":"https:\/\/begamer.cz\/sk\/wp-json\/wp\/v2\/product_cat?post=97121"},{"taxonomy":"product_tag","embeddable":true,"href":"https:\/\/begamer.cz\/sk\/wp-json\/wp\/v2\/product_tag?post=97121"}],"curies":[{"name":"wp","href":"https:\/\/api.w.org\/{rel}","templated":true}]}}