{"id":97043,"date":"2026-01-30T16:49:44","date_gmt":"2026-01-30T15:49:44","guid":{"rendered":"https:\/\/begamer.cz\/produkt\/the-sims-4-dream-home-decorator-sk\/"},"modified":"2026-03-18T06:34:32","modified_gmt":"2026-03-18T05:34:32","slug":"the-sims-4-dream-home-decorator-sk","status":"publish","type":"product","link":"https:\/\/begamer.cz\/sk\/produkt\/the-sims-4-dream-home-decorator-sk\/","title":{"rendered":"The Sims 4: Dream Home Decorator"},"content":{"rendered":"<h1>O hre<\/h1>\n<p>Preme\u0148te fant\u00e1zie svojich klientov na skuto\u010dnos\u0165 s hern\u00fdm bal\u00ed\u010dkom The Sims\u2122 4 Dream Home Decorator*. Ka\u017ed\u00fd dom m\u00e1 skryt\u00fd potenci\u00e1l a len vy ho m\u00f4\u017eete premeni\u0165 z nudn\u00e9ho na \u00fa\u017easn\u00fd. Ak si chcete vybudova\u0165 profesion\u00e1lnu reput\u00e1ciu, spoznajte pred za\u010dat\u00edm navrhovania preferencie a averzie ka\u017ed\u00e9ho Sim\u00edka a potom pre ka\u017ed\u00e9ho klienta zrealizujte perfektn\u00fa renov\u00e1ciu. Akon\u00e1hle vykon\u00e1te svoje k\u00fazlo, pripravte sa na prekvapen\u00fd v\u00fdraz na tv\u00e1ri v\u00e1\u0161ho klienta, ke\u010f mu odhal\u00edte v\u00fdsledok!<\/p>\n<p><strong>K\u013d\u00da\u010cOV\u00c9 VLASTNOSTI<\/strong><\/p>\n<ul class=\"bb_ul\">\n<li><strong>Spoznajte svojich klientov<\/strong> \u2014 Ka\u017ed\u00e1 pr\u00e1ca vy\u017eaduje osobn\u00fd pr\u00edstup. Nejde len o potreby klienta, ale aj o jeho preferencie a rozpo\u010det. Ak\u00e9 farby m\u00e1 r\u00e1d? In\u0161piruje ho hudba? Ak\u00e9 m\u00e1 kon\u00ed\u010dky? Ak chcete z\u00edska\u0165 \u017eiariv\u00e9 odpor\u00fa\u010dania, budete musie\u0165 svoje n\u00e1vrhy prisp\u00f4sobi\u0165 v\u0161etk\u00fdm t\u00fdmto faktorom.<\/li>\n<li><strong>Renov\u00e1cia, redizajn, prestavba<\/strong> \u2014 \u010ci u\u017e ide o renov\u00e1ciu jednej izby, prestavbu cel\u00e9ho pozemku alebo renov\u00e1ciu komer\u010dn\u00fdch priestorov, va\u0161\u00edm cie\u013eom je urobi\u0165 klientov \u0161\u0165astn\u00fdmi. M\u00e1te na starosti v\u0161etky detaily. Flexibiln\u00fd n\u00e1bytok, ako s\u00fa rozkladacie pohovky, modul\u00e1rne reg\u00e1ly a vstavan\u00e9 spor\u00e1ky a r\u00fary, pon\u00faka viac premyslen\u00fdch mo\u017enost\u00ed ako kedyko\u013evek predt\u00fdm.<\/li>\n<li><strong>Ve\u013ek\u00e9 odhalenie<\/strong> \u2013 Ke\u010f projekt dokon\u010d\u00edte, pochv\u00e1\u013ete sa n\u00edm! D\u00fafajme, \u017ee va\u0161a pr\u00e1ca vyvol\u00e1 radostn\u00e9 slzy namiesto s\u013az sklamania. Odha\u013ete v\u00fdsledky a sledujte, ako va\u0161i klienti reaguj\u00fa na personalizovan\u00fa premenu svojho domova, doplnen\u00fa porovnan\u00edm pred a po. Zme\u0148te \u017eivoty t\u00fdm, \u017ee premen\u00edte priestory.<\/li>\n<\/ul>\n","protected":false},"excerpt":{"rendered":"<p>Preme\u0148te fant\u00e1ziu svojho klienta na skuto\u010dnos\u0165 v bal\u00ed\u010dku The Sims\u2122 4 Dream Home Decorator Game Pack*! Ka\u017ed\u00fd dom m\u00e1 skryt\u00fd potenci\u00e1l a len vy ho m\u00f4\u017eete premeni\u0165 z nudn\u00e9ho na \u00fa\u017easn\u00fd.<\/p>\n","protected":false},"featured_media":22627,"comment_status":"open","ping_status":"closed","template":"","meta":{"_acf_changed":false},"product_brand":[],"product_cat":[280,9070,268,266,308,314],"product_tag":[],"class_list":{"0":"post-97043","1":"product","2":"type-product","3":"status-publish","4":"has-post-thumbnail","6":"product_cat-dobrodruzne-pc-hry-sk","7":"product_cat-ea-app","8":"product_cat-pc-sk","9":"product_cat-pc-hry-sk","10":"product_cat-rpg-pc-hry-sk","11":"product_cat-simulatory-pc-hry-sk","12":"pa_countries-at","13":"pa_countries-be","14":"pa_countries-bg","15":"pa_countries-cy","16":"pa_countries-cz","18":"pa_countries-de","19":"pa_countries-dk","20":"pa_countries-ee","21":"pa_countries-es","22":"pa_countries-fi","23":"pa_countries-fr","24":"pa_countries-gr","25":"pa_countries-hr","26":"pa_countries-hu","27":"pa_countries-ie","28":"pa_countries-it","29":"pa_countries-lt","30":"pa_countries-lu","31":"pa_countries-lv","32":"pa_countries-mt","33":"pa_countries-nl","34":"pa_countries-pl","35":"pa_countries-pt","36":"pa_countries-ro","37":"pa_countries-se","38":"pa_countries-si","39":"pa_countries-sk","40":"pa_developer-maxis","42":"pa_engine-smartsim","44":"pa_franchises-the-sims","46":"pa_game_type-dlc","48":"pa_genres-adventure","49":"pa_genres-role-playing-rpg","51":"pa_genres-simulator","52":"pa_interface-cs-cz","53":"pa_interface-da-dk","54":"pa_interface-de-de","55":"pa_interface-en-us","56":"pa_interface-es-es","57":"pa_interface-fi-fi","58":"pa_interface-fr-fr","59":"pa_interface-it-it","60":"pa_interface-ja-jp","61":"pa_interface-ko-kr","62":"pa_interface-nb-no","64":"pa_interface-nl-nl","65":"pa_interface-pl-pl","66":"pa_interface-pt-br","67":"pa_interface-ru-ru","68":"pa_interface-sv-se","69":"pa_interface-zh-cn","70":"pa_interface-zh-tw","71":"pa_keywords-building","72":"pa_keywords-cartoony","73":"pa_keywords-casual","74":"pa_keywords-character-customization","75":"pa_keywords-cute","76":"pa_keywords-family-friendly","77":"pa_keywords-funny","78":"pa_keywords-immersive","79":"pa_keywords-interior-design","80":"pa_keywords-lgbtq","82":"pa_keywords-life-simulation","83":"pa_keywords-realism","84":"pa_keywords-relaxing","85":"pa_modes-single-player","87":"pa_pegi-927","88":"pa_pegi-13428","89":"pa_platform-ea-app","91":"pa_player_perspectives-bird-view-isometric","93":"pa_player_perspectives-first-person","94":"pa_player_perspectives-third-person","95":"pa_publisher-electronic-arts","97":"pa_rating-14441","98":"pa_rating-773","99":"pa_region-global","101":"pa_themes-comedy","102":"pa_themes-fantasy","103":"pa_themes-romance","105":"pa_themes-sandbox","107":"first","108":"outofstock","109":"virtual","110":"taxable","111":"purchasable","112":"product-type-simple"},"yoast_head":"<!-- This site is optimized with the Yoast SEO plugin v27.3 - https:\/\/yoast.com\/product\/yoast-seo-wordpress\/ -->\n<title>The Sims 4: Dream Home Decorator | BeGamer.cz<\/title>\n<meta name=\"robots\" content=\"index, follow, max-snippet:-1, max-image-preview:large, max-video-preview:-1\" \/>\n<link rel=\"canonical\" href=\"https:\/\/begamer.cz\/sk\/produkt\/the-sims-4-dream-home-decorator-sk\/\" \/>\n<meta property=\"og:locale\" content=\"sk_SK\" \/>\n<meta property=\"og:type\" content=\"article\" \/>\n<meta property=\"og:title\" content=\"The Sims 4: Dream Home Decorator | BeGamer.cz\" \/>\n<meta property=\"og:description\" content=\"Preme\u0148te fant\u00e1ziu svojho klienta na skuto\u010dnos\u0165 v bal\u00ed\u010dku The Sims\u2122 4 Dream Home Decorator Game Pack*! Ka\u017ed\u00fd dom m\u00e1 skryt\u00fd potenci\u00e1l a len vy ho m\u00f4\u017eete premeni\u0165 z nudn\u00e9ho na \u00fa\u017easn\u00fd.\" \/>\n<meta property=\"og:url\" content=\"https:\/\/begamer.cz\/sk\/produkt\/the-sims-4-dream-home-decorator-sk\/\" \/>\n<meta property=\"og:site_name\" content=\"BeGamer.cz\" \/>\n<meta property=\"article:modified_time\" content=\"2026-03-18T05:34:32+00:00\" \/>\n<meta property=\"og:image\" content=\"https:\/\/begamer.cz\/wp-content\/uploads\/2026\/01\/the-sims-4-dream-home-decorator-3.webp\" \/>\n\t<meta property=\"og:image:width\" content=\"300\" \/>\n\t<meta property=\"og:image:height\" content=\"400\" \/>\n\t<meta property=\"og:image:type\" content=\"image\/webp\" \/>\n<meta name=\"twitter:card\" content=\"summary_large_image\" \/>\n<meta name=\"twitter:label1\" content=\"Predpokladan\u00fd \u010das \u010d\u00edtania\" \/>\n\t<meta name=\"twitter:data1\" content=\"1 min\u00fata\" \/>\n<script type=\"application\/ld+json\" class=\"yoast-schema-graph\">{\"@context\":\"https:\\\/\\\/schema.org\",\"@graph\":[{\"@type\":\"WebPage\",\"@id\":\"https:\\\/\\\/begamer.cz\\\/sk\\\/produkt\\\/the-sims-4-dream-home-decorator-sk\\\/\",\"url\":\"https:\\\/\\\/begamer.cz\\\/sk\\\/produkt\\\/the-sims-4-dream-home-decorator-sk\\\/\",\"name\":\"The Sims 4: Dream Home Decorator | BeGamer.cz\",\"isPartOf\":{\"@id\":\"https:\\\/\\\/begamer.cz\\\/sk\\\/#website\"},\"primaryImageOfPage\":{\"@id\":\"https:\\\/\\\/begamer.cz\\\/sk\\\/produkt\\\/the-sims-4-dream-home-decorator-sk\\\/#primaryimage\"},\"image\":{\"@id\":\"https:\\\/\\\/begamer.cz\\\/sk\\\/produkt\\\/the-sims-4-dream-home-decorator-sk\\\/#primaryimage\"},\"thumbnailUrl\":\"https:\\\/\\\/begamer.cz\\\/wp-content\\\/uploads\\\/2026\\\/01\\\/the-sims-4-dream-home-decorator-3.webp\",\"datePublished\":\"2026-01-30T15:49:44+00:00\",\"dateModified\":\"2026-03-18T05:34:32+00:00\",\"breadcrumb\":{\"@id\":\"https:\\\/\\\/begamer.cz\\\/sk\\\/produkt\\\/the-sims-4-dream-home-decorator-sk\\\/#breadcrumb\"},\"inLanguage\":\"sk-SK\",\"potentialAction\":[{\"@type\":\"ReadAction\",\"target\":[\"https:\\\/\\\/begamer.cz\\\/sk\\\/produkt\\\/the-sims-4-dream-home-decorator-sk\\\/\"]}]},{\"@type\":\"ImageObject\",\"inLanguage\":\"sk-SK\",\"@id\":\"https:\\\/\\\/begamer.cz\\\/sk\\\/produkt\\\/the-sims-4-dream-home-decorator-sk\\\/#primaryimage\",\"url\":\"https:\\\/\\\/begamer.cz\\\/wp-content\\\/uploads\\\/2026\\\/01\\\/the-sims-4-dream-home-decorator-3.webp\",\"contentUrl\":\"https:\\\/\\\/begamer.cz\\\/wp-content\\\/uploads\\\/2026\\\/01\\\/the-sims-4-dream-home-decorator-3.webp\",\"width\":300,\"height\":400},{\"@type\":\"BreadcrumbList\",\"@id\":\"https:\\\/\\\/begamer.cz\\\/sk\\\/produkt\\\/the-sims-4-dream-home-decorator-sk\\\/#breadcrumb\",\"itemListElement\":[{\"@type\":\"ListItem\",\"position\":1,\"name\":\"Domov\",\"item\":\"https:\\\/\\\/begamer.cz\\\/sk\\\/\"},{\"@type\":\"ListItem\",\"position\":2,\"name\":\"Obchod\",\"item\":\"https:\\\/\\\/begamer.cz\\\/obchod\\\/\"},{\"@type\":\"ListItem\",\"position\":3,\"name\":\"The Sims 4: Dream Home Decorator\"}]},{\"@type\":\"WebSite\",\"@id\":\"https:\\\/\\\/begamer.cz\\\/sk\\\/#website\",\"url\":\"https:\\\/\\\/begamer.cz\\\/sk\\\/\",\"name\":\"BeGamer.cz\",\"description\":\"\",\"publisher\":{\"@id\":\"https:\\\/\\\/begamer.cz\\\/sk\\\/#organization\"},\"potentialAction\":[{\"@type\":\"SearchAction\",\"target\":{\"@type\":\"EntryPoint\",\"urlTemplate\":\"https:\\\/\\\/begamer.cz\\\/sk\\\/?s={search_term_string}\"},\"query-input\":{\"@type\":\"PropertyValueSpecification\",\"valueRequired\":true,\"valueName\":\"search_term_string\"}}],\"inLanguage\":\"sk-SK\"},{\"@type\":\"Organization\",\"@id\":\"https:\\\/\\\/begamer.cz\\\/sk\\\/#organization\",\"name\":\"BeGamer.cz\",\"url\":\"https:\\\/\\\/begamer.cz\\\/sk\\\/\",\"logo\":{\"@type\":\"ImageObject\",\"inLanguage\":\"sk-SK\",\"@id\":\"https:\\\/\\\/begamer.cz\\\/sk\\\/#\\\/schema\\\/logo\\\/image\\\/\",\"url\":\"https:\\\/\\\/begamer.cz\\\/wp-content\\\/uploads\\\/2025\\\/07\\\/logo.svg\",\"contentUrl\":\"https:\\\/\\\/begamer.cz\\\/wp-content\\\/uploads\\\/2025\\\/07\\\/logo.svg\",\"caption\":\"BeGamer.cz\"},\"image\":{\"@id\":\"https:\\\/\\\/begamer.cz\\\/sk\\\/#\\\/schema\\\/logo\\\/image\\\/\"}}]}<\/script>\n<!-- \/ Yoast SEO plugin. -->","yoast_head_json":{"title":"The Sims 4: Dream Home Decorator | BeGamer.cz","robots":{"index":"index","follow":"follow","max-snippet":"max-snippet:-1","max-image-preview":"max-image-preview:large","max-video-preview":"max-video-preview:-1"},"canonical":"https:\/\/begamer.cz\/sk\/produkt\/the-sims-4-dream-home-decorator-sk\/","og_locale":"sk_SK","og_type":"article","og_title":"The Sims 4: Dream Home Decorator | BeGamer.cz","og_description":"Preme\u0148te fant\u00e1ziu svojho klienta na skuto\u010dnos\u0165 v bal\u00ed\u010dku The Sims\u2122 4 Dream Home Decorator Game Pack*! Ka\u017ed\u00fd dom m\u00e1 skryt\u00fd potenci\u00e1l a len vy ho m\u00f4\u017eete premeni\u0165 z nudn\u00e9ho na \u00fa\u017easn\u00fd.","og_url":"https:\/\/begamer.cz\/sk\/produkt\/the-sims-4-dream-home-decorator-sk\/","og_site_name":"BeGamer.cz","article_modified_time":"2026-03-18T05:34:32+00:00","og_image":[{"width":300,"height":400,"url":"https:\/\/begamer.cz\/wp-content\/uploads\/2026\/01\/the-sims-4-dream-home-decorator-3.webp","type":"image\/webp"}],"twitter_card":"summary_large_image","twitter_misc":{"Predpokladan\u00fd \u010das \u010d\u00edtania":"1 min\u00fata"},"schema":{"@context":"https:\/\/schema.org","@graph":[{"@type":"WebPage","@id":"https:\/\/begamer.cz\/sk\/produkt\/the-sims-4-dream-home-decorator-sk\/","url":"https:\/\/begamer.cz\/sk\/produkt\/the-sims-4-dream-home-decorator-sk\/","name":"The Sims 4: Dream Home Decorator | BeGamer.cz","isPartOf":{"@id":"https:\/\/begamer.cz\/sk\/#website"},"primaryImageOfPage":{"@id":"https:\/\/begamer.cz\/sk\/produkt\/the-sims-4-dream-home-decorator-sk\/#primaryimage"},"image":{"@id":"https:\/\/begamer.cz\/sk\/produkt\/the-sims-4-dream-home-decorator-sk\/#primaryimage"},"thumbnailUrl":"https:\/\/begamer.cz\/wp-content\/uploads\/2026\/01\/the-sims-4-dream-home-decorator-3.webp","datePublished":"2026-01-30T15:49:44+00:00","dateModified":"2026-03-18T05:34:32+00:00","breadcrumb":{"@id":"https:\/\/begamer.cz\/sk\/produkt\/the-sims-4-dream-home-decorator-sk\/#breadcrumb"},"inLanguage":"sk-SK","potentialAction":[{"@type":"ReadAction","target":["https:\/\/begamer.cz\/sk\/produkt\/the-sims-4-dream-home-decorator-sk\/"]}]},{"@type":"ImageObject","inLanguage":"sk-SK","@id":"https:\/\/begamer.cz\/sk\/produkt\/the-sims-4-dream-home-decorator-sk\/#primaryimage","url":"https:\/\/begamer.cz\/wp-content\/uploads\/2026\/01\/the-sims-4-dream-home-decorator-3.webp","contentUrl":"https:\/\/begamer.cz\/wp-content\/uploads\/2026\/01\/the-sims-4-dream-home-decorator-3.webp","width":300,"height":400},{"@type":"BreadcrumbList","@id":"https:\/\/begamer.cz\/sk\/produkt\/the-sims-4-dream-home-decorator-sk\/#breadcrumb","itemListElement":[{"@type":"ListItem","position":1,"name":"Domov","item":"https:\/\/begamer.cz\/sk\/"},{"@type":"ListItem","position":2,"name":"Obchod","item":"https:\/\/begamer.cz\/obchod\/"},{"@type":"ListItem","position":3,"name":"The Sims 4: Dream Home Decorator"}]},{"@type":"WebSite","@id":"https:\/\/begamer.cz\/sk\/#website","url":"https:\/\/begamer.cz\/sk\/","name":"BeGamer.cz","description":"","publisher":{"@id":"https:\/\/begamer.cz\/sk\/#organization"},"potentialAction":[{"@type":"SearchAction","target":{"@type":"EntryPoint","urlTemplate":"https:\/\/begamer.cz\/sk\/?s={search_term_string}"},"query-input":{"@type":"PropertyValueSpecification","valueRequired":true,"valueName":"search_term_string"}}],"inLanguage":"sk-SK"},{"@type":"Organization","@id":"https:\/\/begamer.cz\/sk\/#organization","name":"BeGamer.cz","url":"https:\/\/begamer.cz\/sk\/","logo":{"@type":"ImageObject","inLanguage":"sk-SK","@id":"https:\/\/begamer.cz\/sk\/#\/schema\/logo\/image\/","url":"https:\/\/begamer.cz\/wp-content\/uploads\/2025\/07\/logo.svg","contentUrl":"https:\/\/begamer.cz\/wp-content\/uploads\/2025\/07\/logo.svg","caption":"BeGamer.cz"},"image":{"@id":"https:\/\/begamer.cz\/sk\/#\/schema\/logo\/image\/"}}]}},"acf":[],"_links":{"self":[{"href":"https:\/\/begamer.cz\/sk\/wp-json\/wp\/v2\/product\/97043","targetHints":{"allow":["GET"]}}],"collection":[{"href":"https:\/\/begamer.cz\/sk\/wp-json\/wp\/v2\/product"}],"about":[{"href":"https:\/\/begamer.cz\/sk\/wp-json\/wp\/v2\/types\/product"}],"replies":[{"embeddable":true,"href":"https:\/\/begamer.cz\/sk\/wp-json\/wp\/v2\/comments?post=97043"}],"wp:featuredmedia":[{"embeddable":true,"href":"https:\/\/begamer.cz\/sk\/wp-json\/wp\/v2\/media\/22627"}],"wp:attachment":[{"href":"https:\/\/begamer.cz\/sk\/wp-json\/wp\/v2\/media?parent=97043"}],"wp:term":[{"taxonomy":"product_brand","embeddable":true,"href":"https:\/\/begamer.cz\/sk\/wp-json\/wp\/v2\/product_brand?post=97043"},{"taxonomy":"product_cat","embeddable":true,"href":"https:\/\/begamer.cz\/sk\/wp-json\/wp\/v2\/product_cat?post=97043"},{"taxonomy":"product_tag","embeddable":true,"href":"https:\/\/begamer.cz\/sk\/wp-json\/wp\/v2\/product_tag?post=97043"}],"curies":[{"name":"wp","href":"https:\/\/api.w.org\/{rel}","templated":true}]}}