{"id":97028,"date":"2026-01-30T16:49:31","date_gmt":"2026-01-30T15:49:31","guid":{"rendered":"https:\/\/begamer.cz\/produkt\/forgive-me-father-2-sk\/"},"modified":"2026-03-18T06:33:32","modified_gmt":"2026-03-18T05:33:32","slug":"forgive-me-father-2-sk","status":"publish","type":"product","link":"https:\/\/begamer.cz\/sk\/produkt\/forgive-me-father-2-sk\/","title":{"rendered":"Forgive Me Father 2"},"content":{"rendered":"<h1>O hre<\/h1>\n<p class=\"bb_paragraph\" style=\"text-align: center\"><span class=\"bb_img_ctn\"><img decoding=\"async\" class=\"bb_img\" src=\"https:\/\/shared.akamai.steamstatic.com\/store_item_assets\/steam\/apps\/2272250\/extras\/887ff1dd328efc15170f95afd85a7276.avif?t=1760693776\" width=614 height=161 \/><\/span><\/p>\n<p class=\"bb_paragraph\" >\n<p class=\"bb_paragraph\" >Op\u00e4tovne sa vyberte na cestu do zlomyse\u013en\u00e9ho sveta in\u0161pirovan\u00e9ho m\u00fdtmi H. P. Lovecrafta, kde na v\u00e1s na ka\u017edom rohu \u010dak\u00e1 \u0161ialenstvo. Vyberte sa na cestu sp\u00e1sy a pokra\u010dujte v pr\u00edbehu postavy k\u0148aza z prvej \u010dasti. Ako dlho dok\u00e1\u017eete balansova\u0165 na hrane zdrav\u00e9ho rozumu? Bud\u00fa v\u00e1m odpusten\u00e9 hriechy, alebo va\u0161u du\u0161u pohlt\u00ed \u0161ialenstvo?<\/p>\n<p class=\"bb_paragraph\" >\n<p class=\"bb_paragraph\" >\n<p class=\"bb_paragraph\" style=\"text-align: center\"><span class=\"bb_img_ctn\"><img decoding=\"async\" class=\"bb_img\" src=\"https:\/\/shared.akamai.steamstatic.com\/store_item_assets\/steam\/apps\/2272250\/extras\/b064dd9353dba57174b62a90b462d69e.avif?t=1760693776\" width=614 height=135 \/><\/span><\/p>\n<p class=\"bb_paragraph\" ><strong>Charakteristick\u00e1 temn\u00e1 komiksov\u00e1 grafika<\/strong><\/p>\n<p class=\"bb_paragraph\" >Temn\u00fd ru\u010dne kreslen\u00fd grafick\u00fd dizajn, kde ka\u017ed\u00fd sn\u00edmok vyzer\u00e1 ako strana z komiksu, je jedn\u00fdm z pilierov hry Forgive Me Father, a pokra\u010dovanie prin\u00e1\u0161a nov\u00fd poh\u013ead na jej jedine\u010dn\u00fd \u0161t\u00fdl s vylep\u0161en\u00fdmi spritmi, modelmi a atmosf\u00e9rick\u00fdmi sveteln\u00fdmi efektmi. Pripravte sa na pastvu pre o\u010di v podobe \u0161\u0165avnat\u00fdch krvav\u00fdch efektov a animovan\u00fdch \u00falomkov lietaj\u00facich v\u0161ade naokolo!<\/p>\n<p class=\"bb_paragraph\" >\n<p class=\"bb_paragraph\" ><strong>Ponorte sa do \u0161ialenstva<\/strong><\/p>\n<p class=\"bb_paragraph\" >Porazte lovecraftovsk\u00e9 no\u010dn\u00e9 mory pomocou \u0161irokej \u0161k\u00e1ly zbran\u00ed. Bojujte s mno\u017estvom r\u00f4znorod\u00fdch, hroziv\u00fdch nepriate\u013eov a majte sa na pozore: ka\u017ed\u00fd z nich sa vyv\u00edja do r\u00f4znych, st\u00e1le zlovestnej\u0161\u00edch a pokriven\u00fdch pod\u00f4b seba sam\u00e9ho \u2013 t\u00e1to cesta nebude o ni\u010d \u013eah\u0161ia!<\/p>\n<p class=\"bb_paragraph\" >\n<p class=\"bb_paragraph\" ><strong>Vybavte sa a bojujte<\/strong><\/p>\n<p class=\"bb_paragraph\" >Definujte si svoj vlastn\u00fd \u0161t\u00fdl hry a zostavte si najsmrte\u013enej\u0161\u00ed arzen\u00e1l s mno\u017estvom zbran\u00ed na v\u00fdber, z ktor\u00fdch ka\u017ed\u00e1 m\u00e1 e\u0161te silnej\u0161ie vari\u00e1cie navrhnut\u00e9 tak, aby sp\u00f4sobili absol\u00fatny chaos a priniesli \u00fapln\u00e9 zni\u010denie va\u0161im nepriate\u013eom. Vyberte si z ni\u010div\u00fdch brokovn\u00edc, smrtiaco presn\u00fdch pu\u0161iek, v\u00fdbu\u0161n\u00fdch gran\u00e1tometov a vyu\u017eite ich pln\u00fd potenci\u00e1l. <\/p>\n<p class=\"bb_paragraph\" >\n<p class=\"bb_paragraph\" ><strong>Z\u00edskajte \u0161ialen\u00e9 schopnosti<\/strong><\/p>\n<p class=\"bb_paragraph\" >Ohromuj\u00face \u0161ialenstvo je va\u0161\u00edm najlep\u0161\u00edm priate\u013eom a z\u00e1rove\u0148 najhor\u0161\u00edm nepriate\u013eom. Nechajte ho preteka\u0165 va\u0161\u00edm telom, rozp\u00fatajte absol\u00fatny chaos na svojich nepriate\u013eov a z\u00edskajte ako odmenu mimoriadne schopnosti. Prijmite \u0161ialenstvo, vyu\u017eite ho na posilnenie svojich bizarn\u00fdch nov\u00fdch schopnost\u00ed a nau\u010dte hr\u00f4zy, ktor\u00e9 \u00fato\u010dia na va\u0161e zmysly, b\u00e1\u0165 sa V\u00c1S!<\/p>\n<p class=\"bb_paragraph\" >\n<p class=\"bb_paragraph\" ><strong>Nadpozemsk\u00fd soundtrack<\/strong><\/p>\n<p class=\"bb_paragraph\" >Za\u017eite prekvapivo vhodn\u00fa kombin\u00e1ciu siln\u00fdch riffov elektrickej gitary a energick\u00fdch bic\u00edch, ktor\u00e9 pod\u010diarkuj\u00fa temn\u00fa lovecraftovsk\u00fa atmosf\u00e9ru. Zab\u00edjajte hordy pom\u00e4ten\u00fdch kultistov a \u010delite nepredstavite\u013en\u00e9mu starovek\u00e9mu zlu, zatia\u013e \u010do po\u010d\u00favate origin\u00e1lny soundtrack, ktor\u00fd v\u00e1s bude n\u00fati\u0165 headbangova\u0165 cel\u00e9 hodiny.<\/p>\n","protected":false},"excerpt":{"rendered":"<p>Vydajte sa na cestu do najtemnej\u0161\u00edch no\u010dn\u00fdch m\u00f4r, aby ste obnovili svoje du\u0161evn\u00e9 zdravie. Prebojujte sa cez hordy posadnut\u00fdch nepriate\u013eov, odomknite arzen\u00e1l smrtiacich zbran\u00ed a nadprirodzen\u00fdch schopnost\u00ed a pripravte sa \u010deli\u0165 e\u0161te v\u00e4\u010d\u0161iemu lovecraftovsk\u00e9mu \u0161ialenstvu v tomto ak\u010dnom pokra\u010dovan\u00ed FPS.<\/p>\n","protected":false},"featured_media":22542,"comment_status":"open","ping_status":"closed","template":"","meta":{"_acf_changed":false},"product_brand":[],"product_cat":[290,55,40,268,23,266,312,42,9064,9026],"product_tag":[],"class_list":{"0":"post-97028","1":"product","2":"type-product","3":"status-publish","4":"has-post-thumbnail","6":"product_cat-indie-hry-pc-sk","7":"product_cat-indie-hry-pc","8":"product_cat-pc","9":"product_cat-pc-sk","10":"product_cat-pc-hry","11":"product_cat-pc-hry-sk","12":"product_cat-steam-pc-sk","13":"product_cat-steam-pc","14":"product_cat-strielacky-3","15":"product_cat-strilecky","16":"pa_audio-en-us","18":"pa_countries-ad","19":"pa_countries-ae","20":"pa_countries-af","21":"pa_countries-ag","22":"pa_countries-ai","23":"pa_countries-al","24":"pa_countries-am","25":"pa_countries-ao","26":"pa_countries-aq","27":"pa_countries-ar","28":"pa_countries-as","29":"pa_countries-at","30":"pa_countries-au","31":"pa_countries-aw","32":"pa_countries-ax","33":"pa_countries-az","34":"pa_countries-ba","35":"pa_countries-bb","36":"pa_countries-bd","37":"pa_countries-be","38":"pa_countries-bf","39":"pa_countries-bg","40":"pa_countries-bh","41":"pa_countries-bi","42":"pa_countries-bj","43":"pa_countries-bl","44":"pa_countries-bm","45":"pa_countries-bn","46":"pa_countries-bo","47":"pa_countries-bq","48":"pa_countries-br","49":"pa_countries-bs","50":"pa_countries-bt","51":"pa_countries-bv","52":"pa_countries-bw","53":"pa_countries-bz","54":"pa_countries-ca","55":"pa_countries-cc","56":"pa_countries-cd","57":"pa_countries-cf","58":"pa_countries-cg","59":"pa_countries-ch","60":"pa_countries-ci","61":"pa_countries-ck","62":"pa_countries-cl","63":"pa_countries-cm","64":"pa_countries-cn","65":"pa_countries-co","66":"pa_countries-cr","67":"pa_countries-cu","68":"pa_countries-cv","69":"pa_countries-cw","70":"pa_countries-cx","71":"pa_countries-cy","72":"pa_countries-cz","73":"pa_countries-de","74":"pa_countries-dj","75":"pa_countries-dk","76":"pa_countries-dm","77":"pa_countries-do","78":"pa_countries-dz","79":"pa_countries-ec","80":"pa_countries-ee","81":"pa_countries-eg","82":"pa_countries-eh","83":"pa_countries-er","84":"pa_countries-es","85":"pa_countries-et","86":"pa_countries-fi","87":"pa_countries-fj","88":"pa_countries-fk","89":"pa_countries-fm","90":"pa_countries-fo","91":"pa_countries-fr","92":"pa_countries-ga","93":"pa_countries-gb","94":"pa_countries-gd","95":"pa_countries-ge","96":"pa_countries-gf","97":"pa_countries-gg","98":"pa_countries-gh","99":"pa_countries-gi","100":"pa_countries-gl","101":"pa_countries-gm","102":"pa_countries-gn","103":"pa_countries-gp","104":"pa_countries-gq","105":"pa_countries-gr","106":"pa_countries-gs","107":"pa_countries-gt","108":"pa_countries-gu","109":"pa_countries-gw","110":"pa_countries-gy","111":"pa_countries-hk","112":"pa_countries-hm","113":"pa_countries-hn","114":"pa_countries-hr","115":"pa_countries-ht","116":"pa_countries-hu","117":"pa_countries-id","118":"pa_countries-ie","119":"pa_countries-il","120":"pa_countries-im","121":"pa_countries-in","122":"pa_countries-io","123":"pa_countries-iq","124":"pa_countries-ir","125":"pa_countries-is","126":"pa_countries-it","127":"pa_countries-je","128":"pa_countries-jm","129":"pa_countries-jo","130":"pa_countries-jp","131":"pa_countries-ke","132":"pa_countries-kg","133":"pa_countries-kh","134":"pa_countries-ki","135":"pa_countries-km","136":"pa_countries-kn","137":"pa_countries-kp","138":"pa_countries-kr","139":"pa_countries-kw","140":"pa_countries-ky","141":"pa_countries-kz","142":"pa_countries-la","143":"pa_countries-lb","144":"pa_countries-lc","145":"pa_countries-li","146":"pa_countries-lk","147":"pa_countries-lr","148":"pa_countries-ls","149":"pa_countries-lt","150":"pa_countries-lu","151":"pa_countries-lv","152":"pa_countries-ly","153":"pa_countries-ma","154":"pa_countries-mc","155":"pa_countries-md","156":"pa_countries-me","157":"pa_countries-mf","158":"pa_countries-mg","159":"pa_countries-mh","160":"pa_countries-mk","161":"pa_countries-ml","162":"pa_countries-mm","163":"pa_countries-mn","164":"pa_countries-mo","165":"pa_countries-mp","166":"pa_countries-mq","167":"pa_countries-mr","168":"pa_countries-ms","169":"pa_countries-mt","170":"pa_countries-mu","171":"pa_countries-mv","172":"pa_countries-mw","173":"pa_countries-mx","174":"pa_countries-my","175":"pa_countries-mz","176":"pa_countries-na","177":"pa_countries-nc","178":"pa_countries-ne","179":"pa_countries-nf","180":"pa_countries-ng","181":"pa_countries-ni","182":"pa_countries-nl","183":"pa_countries-no","184":"pa_countries-np","185":"pa_countries-nr","186":"pa_countries-nu","187":"pa_countries-nz","188":"pa_countries-om","189":"pa_countries-pa","190":"pa_countries-pe","191":"pa_countries-pf","192":"pa_countries-pg","193":"pa_countries-ph","194":"pa_countries-pk","195":"pa_countries-pl","196":"pa_countries-pm","197":"pa_countries-pn","198":"pa_countries-pr","199":"pa_countries-ps","200":"pa_countries-pt","201":"pa_countries-pw","202":"pa_countries-py","203":"pa_countries-qa","204":"pa_countries-re","205":"pa_countries-ro","206":"pa_countries-rs","207":"pa_countries-rw","208":"pa_countries-sa","209":"pa_countries-sb","210":"pa_countries-sc","211":"pa_countries-sd","212":"pa_countries-se","213":"pa_countries-sg","214":"pa_countries-sh","215":"pa_countries-si","216":"pa_countries-sj","217":"pa_countries-sk","218":"pa_countries-sl","219":"pa_countries-sm","220":"pa_countries-sn","221":"pa_countries-so","222":"pa_countries-sr","223":"pa_countries-ss","225":"pa_countries-st","226":"pa_countries-sv","227":"pa_countries-sx","228":"pa_countries-sy","229":"pa_countries-sz","230":"pa_countries-tc","231":"pa_countries-td","232":"pa_countries-tf","233":"pa_countries-tg","234":"pa_countries-th","235":"pa_countries-tj","236":"pa_countries-tk","237":"pa_countries-tl","238":"pa_countries-tm","239":"pa_countries-tn","240":"pa_countries-to","241":"pa_countries-tr","242":"pa_countries-tt","243":"pa_countries-tv","244":"pa_countries-tw","245":"pa_countries-tz","246":"pa_countries-ua","247":"pa_countries-ug","248":"pa_countries-um","249":"pa_countries-us","250":"pa_countries-uy","251":"pa_countries-uz","252":"pa_countries-va","253":"pa_countries-vc","254":"pa_countries-ve","255":"pa_countries-vg","256":"pa_countries-vi","257":"pa_countries-vn","258":"pa_countries-vu","259":"pa_countries-wf","260":"pa_countries-ws","261":"pa_countries-xk","262":"pa_countries-ye","263":"pa_countries-yt","264":"pa_countries-za","265":"pa_countries-zm","266":"pa_countries-zw","267":"pa_developer-byte-barrel","269":"pa_engine-unreal-engine-5","271":"pa_game_type-main_game","273":"pa_genres-indie","275":"pa_genres-shooter","276":"pa_interface-de-de","277":"pa_interface-en-us","278":"pa_interface-es-es","279":"pa_interface-pl-pl","280":"pa_interface-ru-ru","282":"pa_interface-zh-cn","283":"pa_modes-single-player","285":"pa_platform-pc-steam","287":"pa_player_perspectives-first-person","289":"pa_publisher-fulqrum-publishing","291":"pa_rating-14476","292":"pa_rating-1093","293":"pa_region-global","295":"pa_subtitles-de-de","297":"pa_subtitles-en-us","298":"pa_subtitles-es-es","299":"pa_subtitles-pl-pl","300":"pa_subtitles-ru-ru","301":"pa_subtitles-zh-cn","302":"pa_themes-action","303":"pa_themes-horror","306":"first","307":"instock","308":"virtual","309":"taxable","310":"purchasable","311":"product-type-simple"},"yoast_head":"<!-- This site is optimized with the Yoast SEO plugin v27.4 - https:\/\/yoast.com\/product\/yoast-seo-wordpress\/ -->\n<title>Forgive Me Father 2 | BeGamer.cz<\/title>\n<meta name=\"robots\" content=\"index, follow, max-snippet:-1, max-image-preview:large, max-video-preview:-1\" \/>\n<link rel=\"canonical\" href=\"https:\/\/begamer.cz\/sk\/produkt\/forgive-me-father-2-sk\/\" \/>\n<meta property=\"og:locale\" content=\"sk_SK\" \/>\n<meta property=\"og:type\" content=\"article\" \/>\n<meta property=\"og:title\" content=\"Forgive Me Father 2 | BeGamer.cz\" \/>\n<meta property=\"og:description\" content=\"Vydajte sa na cestu do najtemnej\u0161\u00edch no\u010dn\u00fdch m\u00f4r, aby ste obnovili svoje du\u0161evn\u00e9 zdravie. Prebojujte sa cez hordy posadnut\u00fdch nepriate\u013eov, odomknite arzen\u00e1l smrtiacich zbran\u00ed a nadprirodzen\u00fdch schopnost\u00ed a pripravte sa \u010deli\u0165 e\u0161te v\u00e4\u010d\u0161iemu lovecraftovsk\u00e9mu \u0161ialenstvu v tomto ak\u010dnom pokra\u010dovan\u00ed FPS.\" \/>\n<meta property=\"og:url\" content=\"https:\/\/begamer.cz\/sk\/produkt\/forgive-me-father-2-sk\/\" \/>\n<meta property=\"og:site_name\" content=\"BeGamer.cz\" \/>\n<meta property=\"article:modified_time\" content=\"2026-03-18T05:33:32+00:00\" \/>\n<meta property=\"og:image\" content=\"https:\/\/begamer.cz\/wp-content\/uploads\/2026\/01\/forgive-me-father-2-4.webp\" \/>\n\t<meta property=\"og:image:width\" content=\"300\" \/>\n\t<meta property=\"og:image:height\" content=\"400\" \/>\n\t<meta property=\"og:image:type\" content=\"image\/webp\" \/>\n<meta name=\"twitter:card\" content=\"summary_large_image\" \/>\n<meta name=\"twitter:label1\" content=\"Predpokladan\u00fd \u010das \u010d\u00edtania\" \/>\n\t<meta name=\"twitter:data1\" content=\"2 min\u00faty\" \/>\n<script type=\"application\/ld+json\" class=\"yoast-schema-graph\">{\"@context\":\"https:\\\/\\\/schema.org\",\"@graph\":[{\"@type\":\"WebPage\",\"@id\":\"https:\\\/\\\/begamer.cz\\\/sk\\\/produkt\\\/forgive-me-father-2-sk\\\/\",\"url\":\"https:\\\/\\\/begamer.cz\\\/sk\\\/produkt\\\/forgive-me-father-2-sk\\\/\",\"name\":\"Forgive Me Father 2 | BeGamer.cz\",\"isPartOf\":{\"@id\":\"https:\\\/\\\/begamer.cz\\\/sk\\\/#website\"},\"primaryImageOfPage\":{\"@id\":\"https:\\\/\\\/begamer.cz\\\/sk\\\/produkt\\\/forgive-me-father-2-sk\\\/#primaryimage\"},\"image\":{\"@id\":\"https:\\\/\\\/begamer.cz\\\/sk\\\/produkt\\\/forgive-me-father-2-sk\\\/#primaryimage\"},\"thumbnailUrl\":\"https:\\\/\\\/begamer.cz\\\/wp-content\\\/uploads\\\/2026\\\/01\\\/forgive-me-father-2-4.webp\",\"datePublished\":\"2026-01-30T15:49:31+00:00\",\"dateModified\":\"2026-03-18T05:33:32+00:00\",\"breadcrumb\":{\"@id\":\"https:\\\/\\\/begamer.cz\\\/sk\\\/produkt\\\/forgive-me-father-2-sk\\\/#breadcrumb\"},\"inLanguage\":\"sk-SK\",\"potentialAction\":[{\"@type\":\"ReadAction\",\"target\":[\"https:\\\/\\\/begamer.cz\\\/sk\\\/produkt\\\/forgive-me-father-2-sk\\\/\"]}]},{\"@type\":\"ImageObject\",\"inLanguage\":\"sk-SK\",\"@id\":\"https:\\\/\\\/begamer.cz\\\/sk\\\/produkt\\\/forgive-me-father-2-sk\\\/#primaryimage\",\"url\":\"https:\\\/\\\/begamer.cz\\\/wp-content\\\/uploads\\\/2026\\\/01\\\/forgive-me-father-2-4.webp\",\"contentUrl\":\"https:\\\/\\\/begamer.cz\\\/wp-content\\\/uploads\\\/2026\\\/01\\\/forgive-me-father-2-4.webp\",\"width\":300,\"height\":400},{\"@type\":\"BreadcrumbList\",\"@id\":\"https:\\\/\\\/begamer.cz\\\/sk\\\/produkt\\\/forgive-me-father-2-sk\\\/#breadcrumb\",\"itemListElement\":[{\"@type\":\"ListItem\",\"position\":1,\"name\":\"Domov\",\"item\":\"https:\\\/\\\/begamer.cz\\\/sk\\\/\"},{\"@type\":\"ListItem\",\"position\":2,\"name\":\"Obchod\",\"item\":\"https:\\\/\\\/begamer.cz\\\/obchod\\\/\"},{\"@type\":\"ListItem\",\"position\":3,\"name\":\"Forgive Me Father 2\"}]},{\"@type\":\"WebSite\",\"@id\":\"https:\\\/\\\/begamer.cz\\\/sk\\\/#website\",\"url\":\"https:\\\/\\\/begamer.cz\\\/sk\\\/\",\"name\":\"BeGamer.cz\",\"description\":\"\",\"publisher\":{\"@id\":\"https:\\\/\\\/begamer.cz\\\/sk\\\/#organization\"},\"potentialAction\":[{\"@type\":\"SearchAction\",\"target\":{\"@type\":\"EntryPoint\",\"urlTemplate\":\"https:\\\/\\\/begamer.cz\\\/sk\\\/?s={search_term_string}\"},\"query-input\":{\"@type\":\"PropertyValueSpecification\",\"valueRequired\":true,\"valueName\":\"search_term_string\"}}],\"inLanguage\":\"sk-SK\"},{\"@type\":\"Organization\",\"@id\":\"https:\\\/\\\/begamer.cz\\\/sk\\\/#organization\",\"name\":\"BeGamer.cz\",\"url\":\"https:\\\/\\\/begamer.cz\\\/sk\\\/\",\"logo\":{\"@type\":\"ImageObject\",\"inLanguage\":\"sk-SK\",\"@id\":\"https:\\\/\\\/begamer.cz\\\/sk\\\/#\\\/schema\\\/logo\\\/image\\\/\",\"url\":\"https:\\\/\\\/begamer.cz\\\/wp-content\\\/uploads\\\/2025\\\/07\\\/logo.svg\",\"contentUrl\":\"https:\\\/\\\/begamer.cz\\\/wp-content\\\/uploads\\\/2025\\\/07\\\/logo.svg\",\"caption\":\"BeGamer.cz\"},\"image\":{\"@id\":\"https:\\\/\\\/begamer.cz\\\/sk\\\/#\\\/schema\\\/logo\\\/image\\\/\"}}]}<\/script>\n<!-- \/ Yoast SEO plugin. -->","yoast_head_json":{"title":"Forgive Me Father 2 | BeGamer.cz","robots":{"index":"index","follow":"follow","max-snippet":"max-snippet:-1","max-image-preview":"max-image-preview:large","max-video-preview":"max-video-preview:-1"},"canonical":"https:\/\/begamer.cz\/sk\/produkt\/forgive-me-father-2-sk\/","og_locale":"sk_SK","og_type":"article","og_title":"Forgive Me Father 2 | BeGamer.cz","og_description":"Vydajte sa na cestu do najtemnej\u0161\u00edch no\u010dn\u00fdch m\u00f4r, aby ste obnovili svoje du\u0161evn\u00e9 zdravie. Prebojujte sa cez hordy posadnut\u00fdch nepriate\u013eov, odomknite arzen\u00e1l smrtiacich zbran\u00ed a nadprirodzen\u00fdch schopnost\u00ed a pripravte sa \u010deli\u0165 e\u0161te v\u00e4\u010d\u0161iemu lovecraftovsk\u00e9mu \u0161ialenstvu v tomto ak\u010dnom pokra\u010dovan\u00ed FPS.","og_url":"https:\/\/begamer.cz\/sk\/produkt\/forgive-me-father-2-sk\/","og_site_name":"BeGamer.cz","article_modified_time":"2026-03-18T05:33:32+00:00","og_image":[{"width":300,"height":400,"url":"https:\/\/begamer.cz\/wp-content\/uploads\/2026\/01\/forgive-me-father-2-4.webp","type":"image\/webp"}],"twitter_card":"summary_large_image","twitter_misc":{"Predpokladan\u00fd \u010das \u010d\u00edtania":"2 min\u00faty"},"schema":{"@context":"https:\/\/schema.org","@graph":[{"@type":"WebPage","@id":"https:\/\/begamer.cz\/sk\/produkt\/forgive-me-father-2-sk\/","url":"https:\/\/begamer.cz\/sk\/produkt\/forgive-me-father-2-sk\/","name":"Forgive Me Father 2 | BeGamer.cz","isPartOf":{"@id":"https:\/\/begamer.cz\/sk\/#website"},"primaryImageOfPage":{"@id":"https:\/\/begamer.cz\/sk\/produkt\/forgive-me-father-2-sk\/#primaryimage"},"image":{"@id":"https:\/\/begamer.cz\/sk\/produkt\/forgive-me-father-2-sk\/#primaryimage"},"thumbnailUrl":"https:\/\/begamer.cz\/wp-content\/uploads\/2026\/01\/forgive-me-father-2-4.webp","datePublished":"2026-01-30T15:49:31+00:00","dateModified":"2026-03-18T05:33:32+00:00","breadcrumb":{"@id":"https:\/\/begamer.cz\/sk\/produkt\/forgive-me-father-2-sk\/#breadcrumb"},"inLanguage":"sk-SK","potentialAction":[{"@type":"ReadAction","target":["https:\/\/begamer.cz\/sk\/produkt\/forgive-me-father-2-sk\/"]}]},{"@type":"ImageObject","inLanguage":"sk-SK","@id":"https:\/\/begamer.cz\/sk\/produkt\/forgive-me-father-2-sk\/#primaryimage","url":"https:\/\/begamer.cz\/wp-content\/uploads\/2026\/01\/forgive-me-father-2-4.webp","contentUrl":"https:\/\/begamer.cz\/wp-content\/uploads\/2026\/01\/forgive-me-father-2-4.webp","width":300,"height":400},{"@type":"BreadcrumbList","@id":"https:\/\/begamer.cz\/sk\/produkt\/forgive-me-father-2-sk\/#breadcrumb","itemListElement":[{"@type":"ListItem","position":1,"name":"Domov","item":"https:\/\/begamer.cz\/sk\/"},{"@type":"ListItem","position":2,"name":"Obchod","item":"https:\/\/begamer.cz\/obchod\/"},{"@type":"ListItem","position":3,"name":"Forgive Me Father 2"}]},{"@type":"WebSite","@id":"https:\/\/begamer.cz\/sk\/#website","url":"https:\/\/begamer.cz\/sk\/","name":"BeGamer.cz","description":"","publisher":{"@id":"https:\/\/begamer.cz\/sk\/#organization"},"potentialAction":[{"@type":"SearchAction","target":{"@type":"EntryPoint","urlTemplate":"https:\/\/begamer.cz\/sk\/?s={search_term_string}"},"query-input":{"@type":"PropertyValueSpecification","valueRequired":true,"valueName":"search_term_string"}}],"inLanguage":"sk-SK"},{"@type":"Organization","@id":"https:\/\/begamer.cz\/sk\/#organization","name":"BeGamer.cz","url":"https:\/\/begamer.cz\/sk\/","logo":{"@type":"ImageObject","inLanguage":"sk-SK","@id":"https:\/\/begamer.cz\/sk\/#\/schema\/logo\/image\/","url":"https:\/\/begamer.cz\/wp-content\/uploads\/2025\/07\/logo.svg","contentUrl":"https:\/\/begamer.cz\/wp-content\/uploads\/2025\/07\/logo.svg","caption":"BeGamer.cz"},"image":{"@id":"https:\/\/begamer.cz\/sk\/#\/schema\/logo\/image\/"}}]}},"acf":[],"_links":{"self":[{"href":"https:\/\/begamer.cz\/sk\/wp-json\/wp\/v2\/product\/97028","targetHints":{"allow":["GET"]}}],"collection":[{"href":"https:\/\/begamer.cz\/sk\/wp-json\/wp\/v2\/product"}],"about":[{"href":"https:\/\/begamer.cz\/sk\/wp-json\/wp\/v2\/types\/product"}],"replies":[{"embeddable":true,"href":"https:\/\/begamer.cz\/sk\/wp-json\/wp\/v2\/comments?post=97028"}],"wp:featuredmedia":[{"embeddable":true,"href":"https:\/\/begamer.cz\/sk\/wp-json\/wp\/v2\/media\/22542"}],"wp:attachment":[{"href":"https:\/\/begamer.cz\/sk\/wp-json\/wp\/v2\/media?parent=97028"}],"wp:term":[{"taxonomy":"product_brand","embeddable":true,"href":"https:\/\/begamer.cz\/sk\/wp-json\/wp\/v2\/product_brand?post=97028"},{"taxonomy":"product_cat","embeddable":true,"href":"https:\/\/begamer.cz\/sk\/wp-json\/wp\/v2\/product_cat?post=97028"},{"taxonomy":"product_tag","embeddable":true,"href":"https:\/\/begamer.cz\/sk\/wp-json\/wp\/v2\/product_tag?post=97028"}],"curies":[{"name":"wp","href":"https:\/\/api.w.org\/{rel}","templated":true}]}}