{"id":96995,"date":"2026-01-30T16:48:53","date_gmt":"2026-01-30T15:48:53","guid":{"rendered":"https:\/\/begamer.cz\/produkt\/tekken-8-sk\/"},"modified":"2026-03-18T06:31:24","modified_gmt":"2026-03-18T05:31:24","slug":"tekken-8-sk","status":"publish","type":"product","link":"https:\/\/begamer.cz\/sk\/produkt\/tekken-8-sk\/","title":{"rendered":"Tekken 8"},"content":{"rendered":"<h1>O hre<\/h1>\n<p>TEKKEN 8 je najnov\u0161\u00edm pr\u00edrastkom do s\u00e9rie TEKKEN, ktor\u00e1 v roku 2025 osl\u00e1vila 30. v\u00fdro\u010die a doteraz sa predalo viac ako 59 mili\u00f3nov kusov po celom svete.<br \/><span class=\"bb_img_ctn\"><video class=\"bb_img\" autoplay muted loop playsinline poster=\"https:\/\/shared.akamai.steamstatic.com\/store_item_assets\/steam\/apps\/1778820\/extras\/dcc9f48bdf4c8a26537723a956d5aed8.poster.avif?t=1760396803\" width=616 height=250 ><source src=\"https:\/\/shared.akamai.steamstatic.com\/store_item_assets\/steam\/apps\/1778820\/extras\/dcc9f48bdf4c8a26537723a956d5aed8.webm?t=1760396803\" type=\"video\/webm; codecs=vp9\"><source src=\"https:\/\/shared.akamai.steamstatic.com\/store_item_assets\/steam\/apps\/1778820\/extras\/dcc9f48bdf4c8a26537723a956d5aed8.mp4?t=1760396803\" type=\"video\/mp4\"><\/video><\/span><\/p>\n<p>Hra pon\u00faka bohat\u00fd v\u00fdber viac ako 32 post\u00e1v s d\u00f4kladne prepracovan\u00fdmi modelmi vo vysokom rozl\u00ed\u0161en\u00ed, ktor\u00e9 pos\u00favaj\u00fa modern\u00fd hardv\u00e9r na hranice jeho mo\u017enost\u00ed. Za\u017eite vzru\u0161uj\u00face s\u00faboje s nov\u00fdmi bojov\u00fdmi funkciami, ako je Heat, alebo sa dosta\u0148te z \u0165a\u017ek\u00fdch situ\u00e1ci\u00ed pomocou siln\u00fdch ultim\u00e1tnych pohybov zn\u00e1mych ako Rage Arts. S nov\u00fdm ovl\u00e1dac\u00edm syst\u00e9mom Special Style m\u00f4\u017eete vykon\u00e1va\u0165 siln\u00e9 kombo \u00fadery jednoduch\u00fdm stla\u010den\u00edm tla\u010didla, \u010d\u00edm je hra e\u0161te pr\u00edstupnej\u0161ia pre nov\u00e1\u010dikov. TEKKEN<br \/><span class=\"bb_img_ctn\"><video class=\"bb_img\" autoplay muted loop playsinline poster=\"https:\/\/shared.akamai.steamstatic.com\/store_item_assets\/steam\/apps\/1778820\/extras\/c558b60d810cf2d635542e2bc8ea9c58.poster.avif?t=1760396803\" width=616 height=250 ><source src=\"https:\/\/shared.akamai.steamstatic.com\/store_item_assets\/steam\/apps\/1778820\/extras\/c558b60d810cf2d635542e2bc8ea9c58.webm?t=1760396803\" type=\"video\/webm; codecs=vp9\"><source src=\"https:\/\/shared.akamai.steamstatic.com\/store_item_assets\/steam\/apps\/1778820\/extras\/c558b60d810cf2d635542e2bc8ea9c58.mp4?t=1760396803\" type=\"video\/mp4\"><\/video><\/span><\/p>\n<p>8 pon\u00faka mnoho sp\u00f4sobov, ako si ho u\u017ei\u0165. Ponorte sa do najdlh\u0161ieho pr\u00edbehu v hist\u00f3rii videohier v re\u017eime pre jedn\u00e9ho hr\u00e1\u010da alebo sa naplno vyjadrite prostredn\u00edctvom prisp\u00f4sobenia post\u00e1v. Vytvorte si svojho avatara a z\u00fa\u010dastnite sa r\u00f4znych ark\u00e1dov\u00fdch v\u00fdziev alebo nav\u0161t\u00edvte interakt\u00edvnu online lobby, kde sa m\u00f4\u017eete postavi\u0165 proti hr\u00e1\u010dom z cel\u00e9ho sveta. A s online bojov\u00fdmi re\u017eimami, ako je Ranked Match, sa m\u00f4\u017eete vrhn\u00fa\u0165 priamo do akcie.<br \/><span class=\"bb_img_ctn\"><video class=\"bb_img\" autoplay muted loop playsinline poster=\"https:\/\/shared.akamai.steamstatic.com\/store_item_assets\/steam\/apps\/1778820\/extras\/8f8c77e5b2e11bd3c43606255b38ff89.poster.avif?t=1760396803\" width=616 height=250 ><source src=\"https:\/\/shared.akamai.steamstatic.com\/store_item_assets\/steam\/apps\/1778820\/extras\/8f8c77e5b2e11bd3c43606255b38ff89.webm?t=1760396803\" type=\"video\/webm; codecs=vp9\"><source src=\"https:\/\/shared.akamai.steamstatic.com\/store_item_assets\/steam\/apps\/1778820\/extras\/8f8c77e5b2e11bd3c43606255b38ff89.mp4?t=1760396803\" type=\"video\/mp4\"><\/video><\/span><\/p>\n<p>Chcete zlep\u0161i\u0165 svoje zru\u010dnosti? M\u00f4\u017eete bojova\u0165 proti svojim vlastn\u00fdm alebo in\u00fdm hr\u00e1\u010dom Ghosts, ktor\u00ed sa pomocou technol\u00f3gie AI u\u010dia bojov\u00fd \u0161t\u00fdl hr\u00e1\u010da. Navy\u0161e si m\u00f4\u017eete pozrie\u0165 z\u00e1znamy bojov, aby ste z\u00edskali tipy a vyvinuli nov\u00e9 taktiky.<br \/><span class=\"bb_img_ctn\"><video class=\"bb_img\" autoplay muted loop playsinline poster=\"https:\/\/shared.akamai.steamstatic.com\/store_item_assets\/steam\/apps\/1778820\/extras\/80ccde67d4a29904b77b9f62036fd8b0.poster.avif?t=1760396803\" width=616 height=250 ><source src=\"https:\/\/shared.akamai.steamstatic.com\/store_item_assets\/steam\/apps\/1778820\/extras\/80ccde67d4a29904b77b9f62036fd8b0.webm?t=1760396803\" type=\"video\/webm; codecs=vp9\"><source src=\"https:\/\/shared.akamai.steamstatic.com\/store_item_assets\/steam\/apps\/1778820\/extras\/80ccde67d4a29904b77b9f62036fd8b0.mp4?t=1760396803\" type=\"video\/mp4\"><\/video><\/span><\/p>\n","protected":false},"excerpt":{"rendered":"<p>TEKKEN 8 je najnov\u0161\u00edm pr\u00edrastkom do s\u00e9rie TEKKEN, vrcholom 3D bojov\u00fdch hier. Zapojte sa do boja s viac ako 32 postavami a sta\u0148te sa svedkom \u010fal\u0161ieho pokra\u010dovania tejto epick\u00e9 s\u00e1gy. Pripravte sa na najv\u00e4\u010d\u0161iu a najlep\u0161iu hru TEKKEN, ak\u00e1 kedy bola vytvoren\u00e1!<\/p>\n","protected":false},"featured_media":22218,"comment_status":"open","ping_status":"closed","template":"","meta":{"_acf_changed":false},"product_brand":[],"product_cat":[278,268,266,312],"product_tag":[],"class_list":{"0":"post-96995","1":"product","2":"type-product","3":"status-publish","4":"has-post-thumbnail","6":"product_cat-bojove-pc-hry-sk","7":"product_cat-pc-sk","8":"product_cat-pc-hry-sk","9":"product_cat-steam-pc-sk","10":"pa_audio-en-us","12":"pa_countries-at","13":"pa_countries-be","14":"pa_countries-bg","15":"pa_countries-cy","16":"pa_countries-cz","18":"pa_countries-de","19":"pa_countries-dk","20":"pa_countries-ee","21":"pa_countries-es","22":"pa_countries-fi","23":"pa_countries-fr","24":"pa_countries-gr","25":"pa_countries-hr","26":"pa_countries-hu","27":"pa_countries-ie","28":"pa_countries-it","29":"pa_countries-lt","30":"pa_countries-lu","31":"pa_countries-lv","32":"pa_countries-mt","33":"pa_countries-nl","34":"pa_countries-pl","35":"pa_countries-pt","36":"pa_countries-ro","37":"pa_countries-se","38":"pa_countries-si","39":"pa_countries-sk","40":"pa_developer-bandai-namco-studios","42":"pa_engine-unreal-engine-5","44":"pa_franchises-tekken","46":"pa_game_type-main_game","48":"pa_genres-fighting","50":"pa_interface-ar","51":"pa_interface-de-de","52":"pa_interface-en-us","53":"pa_interface-es-es","54":"pa_interface-es-mx","55":"pa_interface-fr-fr","56":"pa_interface-it-it","57":"pa_interface-ja-jp","58":"pa_interface-ko-kr","59":"pa_interface-pl-pl","60":"pa_interface-pt-br","61":"pa_interface-ru-ru","62":"pa_interface-th-th","64":"pa_interface-zh-cn","65":"pa_interface-zh-tw","66":"pa_keywords-60-fps-on-consoles","67":"pa_keywords-60fps","68":"pa_keywords-achievements","69":"pa_keywords-alternate-costumes","70":"pa_keywords-angels","71":"pa_keywords-auto-saving","72":"pa_keywords-bad-parents","73":"pa_keywords-boxing","74":"pa_keywords-capoeira","75":"pa_keywords-character-customization","76":"pa_keywords-countdown-timer","77":"pa_keywords-counter-system","78":"pa_keywords-cross-platform-multiplayer","79":"pa_keywords-cyborg","80":"pa_keywords-devil","81":"pa_keywords-difficulty-level","82":"pa_keywords-family-drama","83":"pa_keywords-great-soundtrack","84":"pa_keywords-in-game-currency","85":"pa_keywords-karate","86":"pa_keywords-laser","87":"pa_keywords-martial-arts","88":"pa_keywords-matchmaking","89":"pa_keywords-microtransaction","90":"pa_keywords-multiple-endings","91":"pa_keywords-ninja","92":"pa_keywords-no-blood","93":"pa_keywords-online-ranking","94":"pa_keywords-playstation-network","95":"pa_keywords-playstation-trophies","97":"pa_keywords-pre-order-bonus","98":"pa_keywords-pre-release-public-testing","99":"pa_keywords-professional-wrestler","100":"pa_keywords-random-character-selection","101":"pa_keywords-random-stage-selection","102":"pa_keywords-ranked-match","103":"pa_keywords-ranking-system","104":"pa_keywords-robot","105":"pa_keywords-steam","106":"pa_keywords-steam-achievements","107":"pa_keywords-steam-cloud","108":"pa_keywords-steam-trading-cards","109":"pa_keywords-taekwondo","110":"pa_keywords-telekinesis","111":"pa_keywords-tournament","112":"pa_keywords-training-mode","113":"pa_keywords-unlockables","114":"pa_keywords-wrestling","115":"pa_keywords-xbox-achievements","116":"pa_keywords-xbox-live","117":"pa_modes-multiplayer","118":"pa_modes-single-player","119":"pa_modes-split-screen","121":"pa_pegi-956","122":"pa_pegi-13432","123":"pa_platform-pc-steam","125":"pa_player_perspectives-side-view","127":"pa_publisher-bandai-namco-entertainment","129":"pa_rating-2295","130":"pa_rating-14581","131":"pa_region-europe","133":"pa_subtitles-ar","134":"pa_subtitles-de-de","136":"pa_subtitles-en-us","137":"pa_subtitles-es-es","138":"pa_subtitles-fr-fr","139":"pa_subtitles-it-it","140":"pa_subtitles-ja-jp","141":"pa_subtitles-ko-kr","142":"pa_subtitles-pl-pl","143":"pa_subtitles-pt-br","144":"pa_subtitles-ru-ru","145":"pa_subtitles-th-th","146":"pa_subtitles-zh-cn","147":"pa_subtitles-zh-tw","148":"pa_themes-action","151":"first","152":"outofstock","153":"virtual","154":"taxable","155":"purchasable","156":"product-type-simple"},"yoast_head":"<!-- This site is optimized with the Yoast SEO plugin v27.3 - https:\/\/yoast.com\/product\/yoast-seo-wordpress\/ -->\n<title>Tekken 8 | BeGamer.cz<\/title>\n<meta name=\"robots\" content=\"index, follow, max-snippet:-1, max-image-preview:large, max-video-preview:-1\" \/>\n<link rel=\"canonical\" href=\"https:\/\/begamer.cz\/sk\/produkt\/tekken-8-sk\/\" \/>\n<meta property=\"og:locale\" content=\"sk_SK\" \/>\n<meta property=\"og:type\" content=\"article\" \/>\n<meta property=\"og:title\" content=\"Tekken 8 | BeGamer.cz\" \/>\n<meta property=\"og:description\" content=\"TEKKEN 8 je najnov\u0161\u00edm pr\u00edrastkom do s\u00e9rie TEKKEN, vrcholom 3D bojov\u00fdch hier. Zapojte sa do boja s viac ako 32 postavami a sta\u0148te sa svedkom \u010fal\u0161ieho pokra\u010dovania tejto epick\u00e9 s\u00e1gy. Pripravte sa na najv\u00e4\u010d\u0161iu a najlep\u0161iu hru TEKKEN, ak\u00e1 kedy bola vytvoren\u00e1!\" \/>\n<meta property=\"og:url\" content=\"https:\/\/begamer.cz\/sk\/produkt\/tekken-8-sk\/\" \/>\n<meta property=\"og:site_name\" content=\"BeGamer.cz\" \/>\n<meta property=\"article:modified_time\" content=\"2026-03-18T05:31:24+00:00\" \/>\n<meta property=\"og:image\" content=\"https:\/\/begamer.cz\/wp-content\/uploads\/2026\/01\/tekken-8-10.webp\" \/>\n\t<meta property=\"og:image:width\" content=\"300\" \/>\n\t<meta property=\"og:image:height\" content=\"400\" \/>\n\t<meta property=\"og:image:type\" content=\"image\/webp\" \/>\n<meta name=\"twitter:card\" content=\"summary_large_image\" \/>\n<meta name=\"twitter:label1\" content=\"Predpokladan\u00fd \u010das \u010d\u00edtania\" \/>\n\t<meta name=\"twitter:data1\" content=\"1 min\u00fata\" \/>\n<script type=\"application\/ld+json\" class=\"yoast-schema-graph\">{\"@context\":\"https:\\\/\\\/schema.org\",\"@graph\":[{\"@type\":\"WebPage\",\"@id\":\"https:\\\/\\\/begamer.cz\\\/sk\\\/produkt\\\/tekken-8-sk\\\/\",\"url\":\"https:\\\/\\\/begamer.cz\\\/sk\\\/produkt\\\/tekken-8-sk\\\/\",\"name\":\"Tekken 8 | BeGamer.cz\",\"isPartOf\":{\"@id\":\"https:\\\/\\\/begamer.cz\\\/sk\\\/#website\"},\"primaryImageOfPage\":{\"@id\":\"https:\\\/\\\/begamer.cz\\\/sk\\\/produkt\\\/tekken-8-sk\\\/#primaryimage\"},\"image\":{\"@id\":\"https:\\\/\\\/begamer.cz\\\/sk\\\/produkt\\\/tekken-8-sk\\\/#primaryimage\"},\"thumbnailUrl\":\"https:\\\/\\\/begamer.cz\\\/wp-content\\\/uploads\\\/2026\\\/01\\\/tekken-8-10.webp\",\"datePublished\":\"2026-01-30T15:48:53+00:00\",\"dateModified\":\"2026-03-18T05:31:24+00:00\",\"breadcrumb\":{\"@id\":\"https:\\\/\\\/begamer.cz\\\/sk\\\/produkt\\\/tekken-8-sk\\\/#breadcrumb\"},\"inLanguage\":\"sk-SK\",\"potentialAction\":[{\"@type\":\"ReadAction\",\"target\":[\"https:\\\/\\\/begamer.cz\\\/sk\\\/produkt\\\/tekken-8-sk\\\/\"]}]},{\"@type\":\"ImageObject\",\"inLanguage\":\"sk-SK\",\"@id\":\"https:\\\/\\\/begamer.cz\\\/sk\\\/produkt\\\/tekken-8-sk\\\/#primaryimage\",\"url\":\"https:\\\/\\\/begamer.cz\\\/wp-content\\\/uploads\\\/2026\\\/01\\\/tekken-8-10.webp\",\"contentUrl\":\"https:\\\/\\\/begamer.cz\\\/wp-content\\\/uploads\\\/2026\\\/01\\\/tekken-8-10.webp\",\"width\":300,\"height\":400},{\"@type\":\"BreadcrumbList\",\"@id\":\"https:\\\/\\\/begamer.cz\\\/sk\\\/produkt\\\/tekken-8-sk\\\/#breadcrumb\",\"itemListElement\":[{\"@type\":\"ListItem\",\"position\":1,\"name\":\"Domov\",\"item\":\"https:\\\/\\\/begamer.cz\\\/sk\\\/\"},{\"@type\":\"ListItem\",\"position\":2,\"name\":\"Obchod\",\"item\":\"https:\\\/\\\/begamer.cz\\\/obchod\\\/\"},{\"@type\":\"ListItem\",\"position\":3,\"name\":\"Tekken 8\"}]},{\"@type\":\"WebSite\",\"@id\":\"https:\\\/\\\/begamer.cz\\\/sk\\\/#website\",\"url\":\"https:\\\/\\\/begamer.cz\\\/sk\\\/\",\"name\":\"BeGamer.cz\",\"description\":\"\",\"publisher\":{\"@id\":\"https:\\\/\\\/begamer.cz\\\/sk\\\/#organization\"},\"potentialAction\":[{\"@type\":\"SearchAction\",\"target\":{\"@type\":\"EntryPoint\",\"urlTemplate\":\"https:\\\/\\\/begamer.cz\\\/sk\\\/?s={search_term_string}\"},\"query-input\":{\"@type\":\"PropertyValueSpecification\",\"valueRequired\":true,\"valueName\":\"search_term_string\"}}],\"inLanguage\":\"sk-SK\"},{\"@type\":\"Organization\",\"@id\":\"https:\\\/\\\/begamer.cz\\\/sk\\\/#organization\",\"name\":\"BeGamer.cz\",\"url\":\"https:\\\/\\\/begamer.cz\\\/sk\\\/\",\"logo\":{\"@type\":\"ImageObject\",\"inLanguage\":\"sk-SK\",\"@id\":\"https:\\\/\\\/begamer.cz\\\/sk\\\/#\\\/schema\\\/logo\\\/image\\\/\",\"url\":\"https:\\\/\\\/begamer.cz\\\/wp-content\\\/uploads\\\/2025\\\/07\\\/logo.svg\",\"contentUrl\":\"https:\\\/\\\/begamer.cz\\\/wp-content\\\/uploads\\\/2025\\\/07\\\/logo.svg\",\"caption\":\"BeGamer.cz\"},\"image\":{\"@id\":\"https:\\\/\\\/begamer.cz\\\/sk\\\/#\\\/schema\\\/logo\\\/image\\\/\"}}]}<\/script>\n<!-- \/ Yoast SEO plugin. -->","yoast_head_json":{"title":"Tekken 8 | BeGamer.cz","robots":{"index":"index","follow":"follow","max-snippet":"max-snippet:-1","max-image-preview":"max-image-preview:large","max-video-preview":"max-video-preview:-1"},"canonical":"https:\/\/begamer.cz\/sk\/produkt\/tekken-8-sk\/","og_locale":"sk_SK","og_type":"article","og_title":"Tekken 8 | BeGamer.cz","og_description":"TEKKEN 8 je najnov\u0161\u00edm pr\u00edrastkom do s\u00e9rie TEKKEN, vrcholom 3D bojov\u00fdch hier. Zapojte sa do boja s viac ako 32 postavami a sta\u0148te sa svedkom \u010fal\u0161ieho pokra\u010dovania tejto epick\u00e9 s\u00e1gy. Pripravte sa na najv\u00e4\u010d\u0161iu a najlep\u0161iu hru TEKKEN, ak\u00e1 kedy bola vytvoren\u00e1!","og_url":"https:\/\/begamer.cz\/sk\/produkt\/tekken-8-sk\/","og_site_name":"BeGamer.cz","article_modified_time":"2026-03-18T05:31:24+00:00","og_image":[{"width":300,"height":400,"url":"https:\/\/begamer.cz\/wp-content\/uploads\/2026\/01\/tekken-8-10.webp","type":"image\/webp"}],"twitter_card":"summary_large_image","twitter_misc":{"Predpokladan\u00fd \u010das \u010d\u00edtania":"1 min\u00fata"},"schema":{"@context":"https:\/\/schema.org","@graph":[{"@type":"WebPage","@id":"https:\/\/begamer.cz\/sk\/produkt\/tekken-8-sk\/","url":"https:\/\/begamer.cz\/sk\/produkt\/tekken-8-sk\/","name":"Tekken 8 | BeGamer.cz","isPartOf":{"@id":"https:\/\/begamer.cz\/sk\/#website"},"primaryImageOfPage":{"@id":"https:\/\/begamer.cz\/sk\/produkt\/tekken-8-sk\/#primaryimage"},"image":{"@id":"https:\/\/begamer.cz\/sk\/produkt\/tekken-8-sk\/#primaryimage"},"thumbnailUrl":"https:\/\/begamer.cz\/wp-content\/uploads\/2026\/01\/tekken-8-10.webp","datePublished":"2026-01-30T15:48:53+00:00","dateModified":"2026-03-18T05:31:24+00:00","breadcrumb":{"@id":"https:\/\/begamer.cz\/sk\/produkt\/tekken-8-sk\/#breadcrumb"},"inLanguage":"sk-SK","potentialAction":[{"@type":"ReadAction","target":["https:\/\/begamer.cz\/sk\/produkt\/tekken-8-sk\/"]}]},{"@type":"ImageObject","inLanguage":"sk-SK","@id":"https:\/\/begamer.cz\/sk\/produkt\/tekken-8-sk\/#primaryimage","url":"https:\/\/begamer.cz\/wp-content\/uploads\/2026\/01\/tekken-8-10.webp","contentUrl":"https:\/\/begamer.cz\/wp-content\/uploads\/2026\/01\/tekken-8-10.webp","width":300,"height":400},{"@type":"BreadcrumbList","@id":"https:\/\/begamer.cz\/sk\/produkt\/tekken-8-sk\/#breadcrumb","itemListElement":[{"@type":"ListItem","position":1,"name":"Domov","item":"https:\/\/begamer.cz\/sk\/"},{"@type":"ListItem","position":2,"name":"Obchod","item":"https:\/\/begamer.cz\/obchod\/"},{"@type":"ListItem","position":3,"name":"Tekken 8"}]},{"@type":"WebSite","@id":"https:\/\/begamer.cz\/sk\/#website","url":"https:\/\/begamer.cz\/sk\/","name":"BeGamer.cz","description":"","publisher":{"@id":"https:\/\/begamer.cz\/sk\/#organization"},"potentialAction":[{"@type":"SearchAction","target":{"@type":"EntryPoint","urlTemplate":"https:\/\/begamer.cz\/sk\/?s={search_term_string}"},"query-input":{"@type":"PropertyValueSpecification","valueRequired":true,"valueName":"search_term_string"}}],"inLanguage":"sk-SK"},{"@type":"Organization","@id":"https:\/\/begamer.cz\/sk\/#organization","name":"BeGamer.cz","url":"https:\/\/begamer.cz\/sk\/","logo":{"@type":"ImageObject","inLanguage":"sk-SK","@id":"https:\/\/begamer.cz\/sk\/#\/schema\/logo\/image\/","url":"https:\/\/begamer.cz\/wp-content\/uploads\/2025\/07\/logo.svg","contentUrl":"https:\/\/begamer.cz\/wp-content\/uploads\/2025\/07\/logo.svg","caption":"BeGamer.cz"},"image":{"@id":"https:\/\/begamer.cz\/sk\/#\/schema\/logo\/image\/"}}]}},"acf":[],"_links":{"self":[{"href":"https:\/\/begamer.cz\/sk\/wp-json\/wp\/v2\/product\/96995","targetHints":{"allow":["GET"]}}],"collection":[{"href":"https:\/\/begamer.cz\/sk\/wp-json\/wp\/v2\/product"}],"about":[{"href":"https:\/\/begamer.cz\/sk\/wp-json\/wp\/v2\/types\/product"}],"replies":[{"embeddable":true,"href":"https:\/\/begamer.cz\/sk\/wp-json\/wp\/v2\/comments?post=96995"}],"wp:featuredmedia":[{"embeddable":true,"href":"https:\/\/begamer.cz\/sk\/wp-json\/wp\/v2\/media\/22218"}],"wp:attachment":[{"href":"https:\/\/begamer.cz\/sk\/wp-json\/wp\/v2\/media?parent=96995"}],"wp:term":[{"taxonomy":"product_brand","embeddable":true,"href":"https:\/\/begamer.cz\/sk\/wp-json\/wp\/v2\/product_brand?post=96995"},{"taxonomy":"product_cat","embeddable":true,"href":"https:\/\/begamer.cz\/sk\/wp-json\/wp\/v2\/product_cat?post=96995"},{"taxonomy":"product_tag","embeddable":true,"href":"https:\/\/begamer.cz\/sk\/wp-json\/wp\/v2\/product_tag?post=96995"}],"curies":[{"name":"wp","href":"https:\/\/api.w.org\/{rel}","templated":true}]}}