{"id":96986,"date":"2026-01-30T16:48:46","date_gmt":"2026-01-30T15:48:46","guid":{"rendered":"https:\/\/begamer.cz\/produkt\/naruto-shippuden-ultimate-ninja-storm-legacy-sk\/"},"modified":"2026-03-18T06:30:51","modified_gmt":"2026-03-18T05:30:51","slug":"naruto-shippuden-ultimate-ninja-storm-legacy-sk","status":"publish","type":"product","link":"https:\/\/begamer.cz\/sk\/produkt\/naruto-shippuden-ultimate-ninja-storm-legacy-sk\/","title":{"rendered":"Naruto Shippuden: Ultimate Ninja Storm Legacy"},"content":{"rendered":"<p>Hra obsahuje v\u0161etky \u0161tyri hry: Naruto Shippuden: Ultimate Ninja Storm 1, Naruto Shippuden: Ultimate Ninja Storm 2, Naruto Shippuden: Ultimate Ninja Storm 3 Full Burst a Naruto Shippuden: Ultimate Ninja Storm 4: Road to Boruto v jednej epickom remastrovanom kompil\u00e1cii.<\/p>\n","protected":false},"excerpt":{"rendered":"<p>Za\u017eite kompletn\u00fa s\u00e1gu Naruto Shippuden s Ultimate Ninja Storm Legacy. T\u00e1to kolekcia obsahuje remastrovan\u00e9 verzie Storm 1, 2, 3 a samostatn\u00e9 roz\u0161\u00edrenie Road to Boruto, ktor\u00e9 pon\u00fakaj\u00fa epick\u00e9 bitky, ohromuj\u00facu grafiku a pohlcuj\u00face ninja dobrodru\u017estvo pre star\u00fdch aj nov\u00fdch fan\u00fa\u0161ikov.<\/p>\n","protected":false},"featured_media":22175,"comment_status":"open","ping_status":"closed","template":"","meta":{"_acf_changed":false},"product_brand":[],"product_cat":[278,280,268,266,312],"product_tag":[],"class_list":{"0":"post-96986","1":"product","2":"type-product","3":"status-publish","4":"has-post-thumbnail","6":"product_cat-bojove-pc-hry-sk","7":"product_cat-dobrodruzne-pc-hry-sk","8":"product_cat-pc-sk","9":"product_cat-pc-hry-sk","10":"product_cat-steam-pc-sk","11":"pa_developer-cyberconnect2","13":"pa_franchises-naruto","15":"pa_game_type-bundle","17":"pa_genres-adventure","18":"pa_genres-fighting","20":"pa_keywords-anime","22":"pa_keywords-ninja","23":"pa_modes-multiplayer","25":"pa_modes-single-player","26":"pa_pegi-927","27":"pa_pegi-13428","28":"pa_platform-pc-steam","30":"pa_player_perspectives-third-person","32":"pa_publisher-bandai-namco-entertainment-europe","34":"pa_rating-773","35":"pa_rating-14441","36":"pa_region-europe","38":"pa_themes-action","39":"pa_themes-fantasy","42":"first","43":"instock","44":"virtual","45":"taxable","46":"purchasable","47":"product-type-simple"},"yoast_head":"<!-- This site is optimized with the Yoast SEO plugin v27.3 - https:\/\/yoast.com\/product\/yoast-seo-wordpress\/ -->\n<title>Naruto Shippuden: Ultimate Ninja Storm Legacy | BeGamer.cz<\/title>\n<meta name=\"robots\" content=\"index, follow, max-snippet:-1, max-image-preview:large, max-video-preview:-1\" \/>\n<link rel=\"canonical\" href=\"https:\/\/begamer.cz\/sk\/produkt\/naruto-shippuden-ultimate-ninja-storm-legacy-sk\/\" \/>\n<meta property=\"og:locale\" content=\"sk_SK\" \/>\n<meta property=\"og:type\" content=\"article\" \/>\n<meta property=\"og:title\" content=\"Naruto Shippuden: Ultimate Ninja Storm Legacy | BeGamer.cz\" \/>\n<meta property=\"og:description\" content=\"Za\u017eite kompletn\u00fa s\u00e1gu Naruto Shippuden s Ultimate Ninja Storm Legacy. T\u00e1to kolekcia obsahuje remastrovan\u00e9 verzie Storm 1, 2, 3 a samostatn\u00e9 roz\u0161\u00edrenie Road to Boruto, ktor\u00e9 pon\u00fakaj\u00fa epick\u00e9 bitky, ohromuj\u00facu grafiku a pohlcuj\u00face ninja dobrodru\u017estvo pre star\u00fdch aj nov\u00fdch fan\u00fa\u0161ikov.\" \/>\n<meta property=\"og:url\" content=\"https:\/\/begamer.cz\/sk\/produkt\/naruto-shippuden-ultimate-ninja-storm-legacy-sk\/\" \/>\n<meta property=\"og:site_name\" content=\"BeGamer.cz\" \/>\n<meta property=\"article:modified_time\" content=\"2026-03-18T05:30:51+00:00\" \/>\n<meta property=\"og:image\" content=\"https:\/\/begamer.cz\/wp-content\/uploads\/2026\/01\/naruto-shippuden-ultimate-ninja-storm-legacy-3.webp\" \/>\n\t<meta property=\"og:image:width\" content=\"300\" \/>\n\t<meta property=\"og:image:height\" content=\"400\" \/>\n\t<meta property=\"og:image:type\" content=\"image\/webp\" \/>\n<meta name=\"twitter:card\" content=\"summary_large_image\" \/>\n<script type=\"application\/ld+json\" class=\"yoast-schema-graph\">{\"@context\":\"https:\\\/\\\/schema.org\",\"@graph\":[{\"@type\":\"WebPage\",\"@id\":\"https:\\\/\\\/begamer.cz\\\/sk\\\/produkt\\\/naruto-shippuden-ultimate-ninja-storm-legacy-sk\\\/\",\"url\":\"https:\\\/\\\/begamer.cz\\\/sk\\\/produkt\\\/naruto-shippuden-ultimate-ninja-storm-legacy-sk\\\/\",\"name\":\"Naruto Shippuden: Ultimate Ninja Storm Legacy | BeGamer.cz\",\"isPartOf\":{\"@id\":\"https:\\\/\\\/begamer.cz\\\/sk\\\/#website\"},\"primaryImageOfPage\":{\"@id\":\"https:\\\/\\\/begamer.cz\\\/sk\\\/produkt\\\/naruto-shippuden-ultimate-ninja-storm-legacy-sk\\\/#primaryimage\"},\"image\":{\"@id\":\"https:\\\/\\\/begamer.cz\\\/sk\\\/produkt\\\/naruto-shippuden-ultimate-ninja-storm-legacy-sk\\\/#primaryimage\"},\"thumbnailUrl\":\"https:\\\/\\\/begamer.cz\\\/wp-content\\\/uploads\\\/2026\\\/01\\\/naruto-shippuden-ultimate-ninja-storm-legacy-3.webp\",\"datePublished\":\"2026-01-30T15:48:46+00:00\",\"dateModified\":\"2026-03-18T05:30:51+00:00\",\"breadcrumb\":{\"@id\":\"https:\\\/\\\/begamer.cz\\\/sk\\\/produkt\\\/naruto-shippuden-ultimate-ninja-storm-legacy-sk\\\/#breadcrumb\"},\"inLanguage\":\"sk-SK\",\"potentialAction\":[{\"@type\":\"ReadAction\",\"target\":[\"https:\\\/\\\/begamer.cz\\\/sk\\\/produkt\\\/naruto-shippuden-ultimate-ninja-storm-legacy-sk\\\/\"]}]},{\"@type\":\"ImageObject\",\"inLanguage\":\"sk-SK\",\"@id\":\"https:\\\/\\\/begamer.cz\\\/sk\\\/produkt\\\/naruto-shippuden-ultimate-ninja-storm-legacy-sk\\\/#primaryimage\",\"url\":\"https:\\\/\\\/begamer.cz\\\/wp-content\\\/uploads\\\/2026\\\/01\\\/naruto-shippuden-ultimate-ninja-storm-legacy-3.webp\",\"contentUrl\":\"https:\\\/\\\/begamer.cz\\\/wp-content\\\/uploads\\\/2026\\\/01\\\/naruto-shippuden-ultimate-ninja-storm-legacy-3.webp\",\"width\":300,\"height\":400},{\"@type\":\"BreadcrumbList\",\"@id\":\"https:\\\/\\\/begamer.cz\\\/sk\\\/produkt\\\/naruto-shippuden-ultimate-ninja-storm-legacy-sk\\\/#breadcrumb\",\"itemListElement\":[{\"@type\":\"ListItem\",\"position\":1,\"name\":\"Domov\",\"item\":\"https:\\\/\\\/begamer.cz\\\/sk\\\/\"},{\"@type\":\"ListItem\",\"position\":2,\"name\":\"Obchod\",\"item\":\"https:\\\/\\\/begamer.cz\\\/obchod\\\/\"},{\"@type\":\"ListItem\",\"position\":3,\"name\":\"Naruto Shippuden: Ultimate Ninja Storm Legacy\"}]},{\"@type\":\"WebSite\",\"@id\":\"https:\\\/\\\/begamer.cz\\\/sk\\\/#website\",\"url\":\"https:\\\/\\\/begamer.cz\\\/sk\\\/\",\"name\":\"BeGamer.cz\",\"description\":\"\",\"publisher\":{\"@id\":\"https:\\\/\\\/begamer.cz\\\/sk\\\/#organization\"},\"potentialAction\":[{\"@type\":\"SearchAction\",\"target\":{\"@type\":\"EntryPoint\",\"urlTemplate\":\"https:\\\/\\\/begamer.cz\\\/sk\\\/?s={search_term_string}\"},\"query-input\":{\"@type\":\"PropertyValueSpecification\",\"valueRequired\":true,\"valueName\":\"search_term_string\"}}],\"inLanguage\":\"sk-SK\"},{\"@type\":\"Organization\",\"@id\":\"https:\\\/\\\/begamer.cz\\\/sk\\\/#organization\",\"name\":\"BeGamer.cz\",\"url\":\"https:\\\/\\\/begamer.cz\\\/sk\\\/\",\"logo\":{\"@type\":\"ImageObject\",\"inLanguage\":\"sk-SK\",\"@id\":\"https:\\\/\\\/begamer.cz\\\/sk\\\/#\\\/schema\\\/logo\\\/image\\\/\",\"url\":\"https:\\\/\\\/begamer.cz\\\/wp-content\\\/uploads\\\/2025\\\/07\\\/logo.svg\",\"contentUrl\":\"https:\\\/\\\/begamer.cz\\\/wp-content\\\/uploads\\\/2025\\\/07\\\/logo.svg\",\"caption\":\"BeGamer.cz\"},\"image\":{\"@id\":\"https:\\\/\\\/begamer.cz\\\/sk\\\/#\\\/schema\\\/logo\\\/image\\\/\"}}]}<\/script>\n<!-- \/ Yoast SEO plugin. -->","yoast_head_json":{"title":"Naruto Shippuden: Ultimate Ninja Storm Legacy | BeGamer.cz","robots":{"index":"index","follow":"follow","max-snippet":"max-snippet:-1","max-image-preview":"max-image-preview:large","max-video-preview":"max-video-preview:-1"},"canonical":"https:\/\/begamer.cz\/sk\/produkt\/naruto-shippuden-ultimate-ninja-storm-legacy-sk\/","og_locale":"sk_SK","og_type":"article","og_title":"Naruto Shippuden: Ultimate Ninja Storm Legacy | BeGamer.cz","og_description":"Za\u017eite kompletn\u00fa s\u00e1gu Naruto Shippuden s Ultimate Ninja Storm Legacy. T\u00e1to kolekcia obsahuje remastrovan\u00e9 verzie Storm 1, 2, 3 a samostatn\u00e9 roz\u0161\u00edrenie Road to Boruto, ktor\u00e9 pon\u00fakaj\u00fa epick\u00e9 bitky, ohromuj\u00facu grafiku a pohlcuj\u00face ninja dobrodru\u017estvo pre star\u00fdch aj nov\u00fdch fan\u00fa\u0161ikov.","og_url":"https:\/\/begamer.cz\/sk\/produkt\/naruto-shippuden-ultimate-ninja-storm-legacy-sk\/","og_site_name":"BeGamer.cz","article_modified_time":"2026-03-18T05:30:51+00:00","og_image":[{"width":300,"height":400,"url":"https:\/\/begamer.cz\/wp-content\/uploads\/2026\/01\/naruto-shippuden-ultimate-ninja-storm-legacy-3.webp","type":"image\/webp"}],"twitter_card":"summary_large_image","schema":{"@context":"https:\/\/schema.org","@graph":[{"@type":"WebPage","@id":"https:\/\/begamer.cz\/sk\/produkt\/naruto-shippuden-ultimate-ninja-storm-legacy-sk\/","url":"https:\/\/begamer.cz\/sk\/produkt\/naruto-shippuden-ultimate-ninja-storm-legacy-sk\/","name":"Naruto Shippuden: Ultimate Ninja Storm Legacy | BeGamer.cz","isPartOf":{"@id":"https:\/\/begamer.cz\/sk\/#website"},"primaryImageOfPage":{"@id":"https:\/\/begamer.cz\/sk\/produkt\/naruto-shippuden-ultimate-ninja-storm-legacy-sk\/#primaryimage"},"image":{"@id":"https:\/\/begamer.cz\/sk\/produkt\/naruto-shippuden-ultimate-ninja-storm-legacy-sk\/#primaryimage"},"thumbnailUrl":"https:\/\/begamer.cz\/wp-content\/uploads\/2026\/01\/naruto-shippuden-ultimate-ninja-storm-legacy-3.webp","datePublished":"2026-01-30T15:48:46+00:00","dateModified":"2026-03-18T05:30:51+00:00","breadcrumb":{"@id":"https:\/\/begamer.cz\/sk\/produkt\/naruto-shippuden-ultimate-ninja-storm-legacy-sk\/#breadcrumb"},"inLanguage":"sk-SK","potentialAction":[{"@type":"ReadAction","target":["https:\/\/begamer.cz\/sk\/produkt\/naruto-shippuden-ultimate-ninja-storm-legacy-sk\/"]}]},{"@type":"ImageObject","inLanguage":"sk-SK","@id":"https:\/\/begamer.cz\/sk\/produkt\/naruto-shippuden-ultimate-ninja-storm-legacy-sk\/#primaryimage","url":"https:\/\/begamer.cz\/wp-content\/uploads\/2026\/01\/naruto-shippuden-ultimate-ninja-storm-legacy-3.webp","contentUrl":"https:\/\/begamer.cz\/wp-content\/uploads\/2026\/01\/naruto-shippuden-ultimate-ninja-storm-legacy-3.webp","width":300,"height":400},{"@type":"BreadcrumbList","@id":"https:\/\/begamer.cz\/sk\/produkt\/naruto-shippuden-ultimate-ninja-storm-legacy-sk\/#breadcrumb","itemListElement":[{"@type":"ListItem","position":1,"name":"Domov","item":"https:\/\/begamer.cz\/sk\/"},{"@type":"ListItem","position":2,"name":"Obchod","item":"https:\/\/begamer.cz\/obchod\/"},{"@type":"ListItem","position":3,"name":"Naruto Shippuden: Ultimate Ninja Storm Legacy"}]},{"@type":"WebSite","@id":"https:\/\/begamer.cz\/sk\/#website","url":"https:\/\/begamer.cz\/sk\/","name":"BeGamer.cz","description":"","publisher":{"@id":"https:\/\/begamer.cz\/sk\/#organization"},"potentialAction":[{"@type":"SearchAction","target":{"@type":"EntryPoint","urlTemplate":"https:\/\/begamer.cz\/sk\/?s={search_term_string}"},"query-input":{"@type":"PropertyValueSpecification","valueRequired":true,"valueName":"search_term_string"}}],"inLanguage":"sk-SK"},{"@type":"Organization","@id":"https:\/\/begamer.cz\/sk\/#organization","name":"BeGamer.cz","url":"https:\/\/begamer.cz\/sk\/","logo":{"@type":"ImageObject","inLanguage":"sk-SK","@id":"https:\/\/begamer.cz\/sk\/#\/schema\/logo\/image\/","url":"https:\/\/begamer.cz\/wp-content\/uploads\/2025\/07\/logo.svg","contentUrl":"https:\/\/begamer.cz\/wp-content\/uploads\/2025\/07\/logo.svg","caption":"BeGamer.cz"},"image":{"@id":"https:\/\/begamer.cz\/sk\/#\/schema\/logo\/image\/"}}]}},"acf":[],"_links":{"self":[{"href":"https:\/\/begamer.cz\/sk\/wp-json\/wp\/v2\/product\/96986","targetHints":{"allow":["GET"]}}],"collection":[{"href":"https:\/\/begamer.cz\/sk\/wp-json\/wp\/v2\/product"}],"about":[{"href":"https:\/\/begamer.cz\/sk\/wp-json\/wp\/v2\/types\/product"}],"replies":[{"embeddable":true,"href":"https:\/\/begamer.cz\/sk\/wp-json\/wp\/v2\/comments?post=96986"}],"wp:featuredmedia":[{"embeddable":true,"href":"https:\/\/begamer.cz\/sk\/wp-json\/wp\/v2\/media\/22175"}],"wp:attachment":[{"href":"https:\/\/begamer.cz\/sk\/wp-json\/wp\/v2\/media?parent=96986"}],"wp:term":[{"taxonomy":"product_brand","embeddable":true,"href":"https:\/\/begamer.cz\/sk\/wp-json\/wp\/v2\/product_brand?post=96986"},{"taxonomy":"product_cat","embeddable":true,"href":"https:\/\/begamer.cz\/sk\/wp-json\/wp\/v2\/product_cat?post=96986"},{"taxonomy":"product_tag","embeddable":true,"href":"https:\/\/begamer.cz\/sk\/wp-json\/wp\/v2\/product_tag?post=96986"}],"curies":[{"name":"wp","href":"https:\/\/api.w.org\/{rel}","templated":true}]}}