{"id":96959,"date":"2026-01-30T16:48:13","date_gmt":"2026-01-30T15:48:13","guid":{"rendered":"https:\/\/begamer.cz\/produkt\/armored-core-vi-fires-of-rubicon-sk\/"},"modified":"2026-03-18T06:29:26","modified_gmt":"2026-03-18T05:29:26","slug":"armored-core-vi-fires-of-rubicon-sk","status":"publish","type":"product","link":"https:\/\/begamer.cz\/sk\/produkt\/armored-core-vi-fires-of-rubicon-sk\/","title":{"rendered":"Armored Core VI: Fires of Rubicon"},"content":{"rendered":"<h1>O hre<\/h1>\n<p>Hra ARMORED CORE VI FIRES OF RUBICON kombinuje dlhoro\u010dn\u00e9 sk\u00fasenosti spolo\u010dnosti FromSoftware s mechanick\u00fdmi hrami a ich charakteristickou ak\u010dnou hrate\u013enos\u0165ou a prin\u00e1\u0161a do s\u00e9rie \u00faplne nov\u00fd ak\u010dn\u00fd z\u00e1\u017eitok.<\/p>\n<p><strong>Dynamick\u00e9 bitky vo v\u0161etk\u00fdch<\/strong><br \/><strong>smeroch<\/strong> Hr\u00e1\u010di bud\u00fa pilotova\u0165 svoje mechanick\u00e9 stroje v r\u00fdchlych bitk\u00e1ch vo v\u0161etk\u00fdch smeroch a na dosiahnutie v\u00ed\u0165azstva bud\u00fa vyu\u017e\u00edva\u0165 obrovsk\u00e9 bojov\u00e9 pole a mobilitu svojich strojov na zemi aj vo vzduchu.<\/p>\n<p><strong>Prisp\u00f4soben\u00e9 \u010dasti pre individu\u00e1lne bojov\u00e9 \u0161t\u00fdly<\/strong><br \/>Prisp\u00f4sobte \u010dasti Armored Core tak, aby vyhovovali \u0161irokej \u0161k\u00e1le hern\u00fdch \u0161t\u00fdlov. V\u00fdber r\u00f4znych \u010dast\u00ed nielen men\u00ed \u00fatoky mecha, ale priamo ovplyv\u0148uje aj jeho pohyb a bojov\u00fd \u0161t\u00fdl, tak\u017ee ku ka\u017edej misii je mo\u017en\u00e9 pristupova\u0165 s jedine\u010dnou mechovou strat\u00e9giou.<\/p>\n<p><strong>Vzru\u0161uj\u00face s\u00faboje s<\/strong><br \/><strong>bossmi<\/strong> Vyu\u017eite \u0161irok\u00fa \u0161k\u00e1lu ofenz\u00edvnych a defenz\u00edvnych takt\u00edk na bl\u00edzku a na dia\u013eku, aby ste porazili mocn\u00fdch nepriate\u013esk\u00fdch bossov.<\/p>\n","protected":false},"excerpt":{"rendered":"<p>Nov\u00e1 ak\u010dn\u00e1 hra zalo\u017een\u00e1 na koncepcii s\u00e9rie ARMORED CORE, ktor\u00e1 vyu\u017e\u00edva poznatky z\u00edskan\u00e9 z ned\u00e1vneho v\u00fdvoja ak\u010dn\u00fdch hier spolo\u010dnosti FromSoftware.<\/p>\n","protected":false},"featured_media":22005,"comment_status":"open","ping_status":"closed","template":"","meta":{"_acf_changed":false},"product_brand":[],"product_cat":[268,266,312,9064],"product_tag":[],"class_list":{"0":"post-96959","1":"product","2":"type-product","3":"status-publish","4":"has-post-thumbnail","6":"product_cat-pc-sk","7":"product_cat-pc-hry-sk","8":"product_cat-steam-pc-sk","9":"product_cat-strielacky-3","10":"pa_audio-en-gb","11":"pa_audio-en-us","12":"pa_audio-ja-jp","13":"pa_countries-at","14":"pa_countries-be","15":"pa_countries-bg","16":"pa_countries-cy","17":"pa_countries-cz","18":"pa_countries-de","19":"pa_countries-dk","20":"pa_countries-ee","21":"pa_countries-es","22":"pa_countries-fi","23":"pa_countries-fr","24":"pa_countries-gr","25":"pa_countries-hr","26":"pa_countries-hu","27":"pa_countries-ie","28":"pa_countries-it","29":"pa_countries-lt","30":"pa_countries-lu","31":"pa_countries-lv","32":"pa_countries-mt","33":"pa_countries-nl","34":"pa_countries-pl","35":"pa_countries-pt","36":"pa_countries-ro","37":"pa_countries-se","38":"pa_countries-si","39":"pa_countries-sk","40":"pa_developer-fromsoftware","41":"pa_game_type-main_game","42":"pa_genres-shooter","43":"pa_interface-de-de","44":"pa_interface-en-gb","45":"pa_interface-en-us","46":"pa_interface-es-es","47":"pa_interface-es-mx","48":"pa_interface-fr-fr","49":"pa_interface-it-it","50":"pa_interface-ja-jp","51":"pa_interface-ko-kr","52":"pa_interface-pl-pl","53":"pa_interface-pt-br","54":"pa_interface-ru-ru","55":"pa_interface-zh-cn","56":"pa_interface-zh-tw","57":"pa_keywords-branching-paths","58":"pa_keywords-character-customization","59":"pa_keywords-color-customization","60":"pa_keywords-futuristic","61":"pa_keywords-mecha","62":"pa_keywords-mercenaries","63":"pa_keywords-mission-based","64":"pa_keywords-mission-briefing","65":"pa_keywords-multiple-endings","66":"pa_keywords-pve","67":"pa_keywords-pvp","68":"pa_keywords-steam-achievements","69":"pa_keywords-steam-cloud","70":"pa_keywords-steam-families","71":"pa_keywords-steam-trading-cards","72":"pa_modes-co-operative","73":"pa_modes-multiplayer","74":"pa_modes-single-player","75":"pa_pegi-13428","76":"pa_platform-pc-steam","77":"pa_player_perspectives-third-person","78":"pa_publisher-bandai-namco-entertainment","79":"pa_publisher-fromsoftware","80":"pa_rating-14446","81":"pa_region-europe","82":"pa_subtitles-de-de","83":"pa_subtitles-en-gb","84":"pa_subtitles-en-us","85":"pa_subtitles-es-es","86":"pa_subtitles-es-mx","87":"pa_subtitles-fr-fr","88":"pa_subtitles-it-it","89":"pa_subtitles-ja-jp","90":"pa_subtitles-ko-kr","91":"pa_subtitles-pl-pl","92":"pa_subtitles-pt-br","93":"pa_subtitles-ru-ru","94":"pa_subtitles-zh-cn","95":"pa_subtitles-zh-tw","96":"pa_themes-action","97":"pa_themes-science-fiction","99":"first","100":"instock","101":"virtual","102":"taxable","103":"purchasable","104":"product-type-simple"},"yoast_head":"<!-- This site is optimized with the Yoast SEO plugin v27.3 - https:\/\/yoast.com\/product\/yoast-seo-wordpress\/ -->\n<title>Armored Core VI: Fires of Rubicon | BeGamer.cz<\/title>\n<meta name=\"robots\" content=\"index, follow, max-snippet:-1, max-image-preview:large, max-video-preview:-1\" \/>\n<link rel=\"canonical\" href=\"https:\/\/begamer.cz\/sk\/produkt\/armored-core-vi-fires-of-rubicon-sk\/\" \/>\n<meta property=\"og:locale\" content=\"sk_SK\" \/>\n<meta property=\"og:type\" content=\"article\" \/>\n<meta property=\"og:title\" content=\"Armored Core VI: Fires of Rubicon | BeGamer.cz\" \/>\n<meta property=\"og:description\" content=\"Nov\u00e1 ak\u010dn\u00e1 hra zalo\u017een\u00e1 na koncepcii s\u00e9rie ARMORED CORE, ktor\u00e1 vyu\u017e\u00edva poznatky z\u00edskan\u00e9 z ned\u00e1vneho v\u00fdvoja ak\u010dn\u00fdch hier spolo\u010dnosti FromSoftware.\" \/>\n<meta property=\"og:url\" content=\"https:\/\/begamer.cz\/sk\/produkt\/armored-core-vi-fires-of-rubicon-sk\/\" \/>\n<meta property=\"og:site_name\" content=\"BeGamer.cz\" \/>\n<meta property=\"article:modified_time\" content=\"2026-03-18T05:29:26+00:00\" \/>\n<meta property=\"og:image\" content=\"https:\/\/begamer.cz\/wp-content\/uploads\/2026\/01\/armored-core-vi-fires-of-rubicon-20.webp\" \/>\n\t<meta property=\"og:image:width\" content=\"300\" \/>\n\t<meta property=\"og:image:height\" content=\"400\" \/>\n\t<meta property=\"og:image:type\" content=\"image\/webp\" \/>\n<meta name=\"twitter:card\" content=\"summary_large_image\" \/>\n<meta name=\"twitter:label1\" content=\"Predpokladan\u00fd \u010das \u010d\u00edtania\" \/>\n\t<meta name=\"twitter:data1\" content=\"1 min\u00fata\" \/>\n<script type=\"application\/ld+json\" class=\"yoast-schema-graph\">{\"@context\":\"https:\\\/\\\/schema.org\",\"@graph\":[{\"@type\":\"WebPage\",\"@id\":\"https:\\\/\\\/begamer.cz\\\/sk\\\/produkt\\\/armored-core-vi-fires-of-rubicon-sk\\\/\",\"url\":\"https:\\\/\\\/begamer.cz\\\/sk\\\/produkt\\\/armored-core-vi-fires-of-rubicon-sk\\\/\",\"name\":\"Armored Core VI: Fires of Rubicon | BeGamer.cz\",\"isPartOf\":{\"@id\":\"https:\\\/\\\/begamer.cz\\\/sk\\\/#website\"},\"primaryImageOfPage\":{\"@id\":\"https:\\\/\\\/begamer.cz\\\/sk\\\/produkt\\\/armored-core-vi-fires-of-rubicon-sk\\\/#primaryimage\"},\"image\":{\"@id\":\"https:\\\/\\\/begamer.cz\\\/sk\\\/produkt\\\/armored-core-vi-fires-of-rubicon-sk\\\/#primaryimage\"},\"thumbnailUrl\":\"https:\\\/\\\/begamer.cz\\\/wp-content\\\/uploads\\\/2026\\\/01\\\/armored-core-vi-fires-of-rubicon-20.webp\",\"datePublished\":\"2026-01-30T15:48:13+00:00\",\"dateModified\":\"2026-03-18T05:29:26+00:00\",\"breadcrumb\":{\"@id\":\"https:\\\/\\\/begamer.cz\\\/sk\\\/produkt\\\/armored-core-vi-fires-of-rubicon-sk\\\/#breadcrumb\"},\"inLanguage\":\"sk-SK\",\"potentialAction\":[{\"@type\":\"ReadAction\",\"target\":[\"https:\\\/\\\/begamer.cz\\\/sk\\\/produkt\\\/armored-core-vi-fires-of-rubicon-sk\\\/\"]}]},{\"@type\":\"ImageObject\",\"inLanguage\":\"sk-SK\",\"@id\":\"https:\\\/\\\/begamer.cz\\\/sk\\\/produkt\\\/armored-core-vi-fires-of-rubicon-sk\\\/#primaryimage\",\"url\":\"https:\\\/\\\/begamer.cz\\\/wp-content\\\/uploads\\\/2026\\\/01\\\/armored-core-vi-fires-of-rubicon-20.webp\",\"contentUrl\":\"https:\\\/\\\/begamer.cz\\\/wp-content\\\/uploads\\\/2026\\\/01\\\/armored-core-vi-fires-of-rubicon-20.webp\",\"width\":300,\"height\":400},{\"@type\":\"BreadcrumbList\",\"@id\":\"https:\\\/\\\/begamer.cz\\\/sk\\\/produkt\\\/armored-core-vi-fires-of-rubicon-sk\\\/#breadcrumb\",\"itemListElement\":[{\"@type\":\"ListItem\",\"position\":1,\"name\":\"Domov\",\"item\":\"https:\\\/\\\/begamer.cz\\\/sk\\\/\"},{\"@type\":\"ListItem\",\"position\":2,\"name\":\"Obchod\",\"item\":\"https:\\\/\\\/begamer.cz\\\/obchod\\\/\"},{\"@type\":\"ListItem\",\"position\":3,\"name\":\"Armored Core VI: Fires of Rubicon\"}]},{\"@type\":\"WebSite\",\"@id\":\"https:\\\/\\\/begamer.cz\\\/sk\\\/#website\",\"url\":\"https:\\\/\\\/begamer.cz\\\/sk\\\/\",\"name\":\"BeGamer.cz\",\"description\":\"\",\"publisher\":{\"@id\":\"https:\\\/\\\/begamer.cz\\\/sk\\\/#organization\"},\"potentialAction\":[{\"@type\":\"SearchAction\",\"target\":{\"@type\":\"EntryPoint\",\"urlTemplate\":\"https:\\\/\\\/begamer.cz\\\/sk\\\/?s={search_term_string}\"},\"query-input\":{\"@type\":\"PropertyValueSpecification\",\"valueRequired\":true,\"valueName\":\"search_term_string\"}}],\"inLanguage\":\"sk-SK\"},{\"@type\":\"Organization\",\"@id\":\"https:\\\/\\\/begamer.cz\\\/sk\\\/#organization\",\"name\":\"BeGamer.cz\",\"url\":\"https:\\\/\\\/begamer.cz\\\/sk\\\/\",\"logo\":{\"@type\":\"ImageObject\",\"inLanguage\":\"sk-SK\",\"@id\":\"https:\\\/\\\/begamer.cz\\\/sk\\\/#\\\/schema\\\/logo\\\/image\\\/\",\"url\":\"https:\\\/\\\/begamer.cz\\\/wp-content\\\/uploads\\\/2025\\\/07\\\/logo.svg\",\"contentUrl\":\"https:\\\/\\\/begamer.cz\\\/wp-content\\\/uploads\\\/2025\\\/07\\\/logo.svg\",\"caption\":\"BeGamer.cz\"},\"image\":{\"@id\":\"https:\\\/\\\/begamer.cz\\\/sk\\\/#\\\/schema\\\/logo\\\/image\\\/\"}}]}<\/script>\n<!-- \/ Yoast SEO plugin. -->","yoast_head_json":{"title":"Armored Core VI: Fires of Rubicon | BeGamer.cz","robots":{"index":"index","follow":"follow","max-snippet":"max-snippet:-1","max-image-preview":"max-image-preview:large","max-video-preview":"max-video-preview:-1"},"canonical":"https:\/\/begamer.cz\/sk\/produkt\/armored-core-vi-fires-of-rubicon-sk\/","og_locale":"sk_SK","og_type":"article","og_title":"Armored Core VI: Fires of Rubicon | BeGamer.cz","og_description":"Nov\u00e1 ak\u010dn\u00e1 hra zalo\u017een\u00e1 na koncepcii s\u00e9rie ARMORED CORE, ktor\u00e1 vyu\u017e\u00edva poznatky z\u00edskan\u00e9 z ned\u00e1vneho v\u00fdvoja ak\u010dn\u00fdch hier spolo\u010dnosti FromSoftware.","og_url":"https:\/\/begamer.cz\/sk\/produkt\/armored-core-vi-fires-of-rubicon-sk\/","og_site_name":"BeGamer.cz","article_modified_time":"2026-03-18T05:29:26+00:00","og_image":[{"width":300,"height":400,"url":"https:\/\/begamer.cz\/wp-content\/uploads\/2026\/01\/armored-core-vi-fires-of-rubicon-20.webp","type":"image\/webp"}],"twitter_card":"summary_large_image","twitter_misc":{"Predpokladan\u00fd \u010das \u010d\u00edtania":"1 min\u00fata"},"schema":{"@context":"https:\/\/schema.org","@graph":[{"@type":"WebPage","@id":"https:\/\/begamer.cz\/sk\/produkt\/armored-core-vi-fires-of-rubicon-sk\/","url":"https:\/\/begamer.cz\/sk\/produkt\/armored-core-vi-fires-of-rubicon-sk\/","name":"Armored Core VI: Fires of Rubicon | BeGamer.cz","isPartOf":{"@id":"https:\/\/begamer.cz\/sk\/#website"},"primaryImageOfPage":{"@id":"https:\/\/begamer.cz\/sk\/produkt\/armored-core-vi-fires-of-rubicon-sk\/#primaryimage"},"image":{"@id":"https:\/\/begamer.cz\/sk\/produkt\/armored-core-vi-fires-of-rubicon-sk\/#primaryimage"},"thumbnailUrl":"https:\/\/begamer.cz\/wp-content\/uploads\/2026\/01\/armored-core-vi-fires-of-rubicon-20.webp","datePublished":"2026-01-30T15:48:13+00:00","dateModified":"2026-03-18T05:29:26+00:00","breadcrumb":{"@id":"https:\/\/begamer.cz\/sk\/produkt\/armored-core-vi-fires-of-rubicon-sk\/#breadcrumb"},"inLanguage":"sk-SK","potentialAction":[{"@type":"ReadAction","target":["https:\/\/begamer.cz\/sk\/produkt\/armored-core-vi-fires-of-rubicon-sk\/"]}]},{"@type":"ImageObject","inLanguage":"sk-SK","@id":"https:\/\/begamer.cz\/sk\/produkt\/armored-core-vi-fires-of-rubicon-sk\/#primaryimage","url":"https:\/\/begamer.cz\/wp-content\/uploads\/2026\/01\/armored-core-vi-fires-of-rubicon-20.webp","contentUrl":"https:\/\/begamer.cz\/wp-content\/uploads\/2026\/01\/armored-core-vi-fires-of-rubicon-20.webp","width":300,"height":400},{"@type":"BreadcrumbList","@id":"https:\/\/begamer.cz\/sk\/produkt\/armored-core-vi-fires-of-rubicon-sk\/#breadcrumb","itemListElement":[{"@type":"ListItem","position":1,"name":"Domov","item":"https:\/\/begamer.cz\/sk\/"},{"@type":"ListItem","position":2,"name":"Obchod","item":"https:\/\/begamer.cz\/obchod\/"},{"@type":"ListItem","position":3,"name":"Armored Core VI: Fires of Rubicon"}]},{"@type":"WebSite","@id":"https:\/\/begamer.cz\/sk\/#website","url":"https:\/\/begamer.cz\/sk\/","name":"BeGamer.cz","description":"","publisher":{"@id":"https:\/\/begamer.cz\/sk\/#organization"},"potentialAction":[{"@type":"SearchAction","target":{"@type":"EntryPoint","urlTemplate":"https:\/\/begamer.cz\/sk\/?s={search_term_string}"},"query-input":{"@type":"PropertyValueSpecification","valueRequired":true,"valueName":"search_term_string"}}],"inLanguage":"sk-SK"},{"@type":"Organization","@id":"https:\/\/begamer.cz\/sk\/#organization","name":"BeGamer.cz","url":"https:\/\/begamer.cz\/sk\/","logo":{"@type":"ImageObject","inLanguage":"sk-SK","@id":"https:\/\/begamer.cz\/sk\/#\/schema\/logo\/image\/","url":"https:\/\/begamer.cz\/wp-content\/uploads\/2025\/07\/logo.svg","contentUrl":"https:\/\/begamer.cz\/wp-content\/uploads\/2025\/07\/logo.svg","caption":"BeGamer.cz"},"image":{"@id":"https:\/\/begamer.cz\/sk\/#\/schema\/logo\/image\/"}}]}},"acf":[],"_links":{"self":[{"href":"https:\/\/begamer.cz\/sk\/wp-json\/wp\/v2\/product\/96959","targetHints":{"allow":["GET"]}}],"collection":[{"href":"https:\/\/begamer.cz\/sk\/wp-json\/wp\/v2\/product"}],"about":[{"href":"https:\/\/begamer.cz\/sk\/wp-json\/wp\/v2\/types\/product"}],"replies":[{"embeddable":true,"href":"https:\/\/begamer.cz\/sk\/wp-json\/wp\/v2\/comments?post=96959"}],"wp:featuredmedia":[{"embeddable":true,"href":"https:\/\/begamer.cz\/sk\/wp-json\/wp\/v2\/media\/22005"}],"wp:attachment":[{"href":"https:\/\/begamer.cz\/sk\/wp-json\/wp\/v2\/media?parent=96959"}],"wp:term":[{"taxonomy":"product_brand","embeddable":true,"href":"https:\/\/begamer.cz\/sk\/wp-json\/wp\/v2\/product_brand?post=96959"},{"taxonomy":"product_cat","embeddable":true,"href":"https:\/\/begamer.cz\/sk\/wp-json\/wp\/v2\/product_cat?post=96959"},{"taxonomy":"product_tag","embeddable":true,"href":"https:\/\/begamer.cz\/sk\/wp-json\/wp\/v2\/product_tag?post=96959"}],"curies":[{"name":"wp","href":"https:\/\/api.w.org\/{rel}","templated":true}]}}