{"id":96941,"date":"2026-01-30T16:47:44","date_gmt":"2026-01-30T15:47:44","guid":{"rendered":"https:\/\/begamer.cz\/produkt\/forever-skies-sk\/"},"modified":"2026-03-18T06:27:01","modified_gmt":"2026-03-18T05:27:01","slug":"forever-skies-sk","status":"publish","type":"product","link":"https:\/\/begamer.cz\/sk\/produkt\/forever-skies-sk\/","title":{"rendered":"Forever Skies"},"content":{"rendered":"<h2 class=\"bb_tag\" > <strong>POST\u00c1VTE A OVL\u00c1DAJTE SVOJU VZDUCHOLOD<\/strong><\/h2>\n<p class=\"bb_paragraph\" ><span class=\"bb_img_ctn\"><video class=\"bb_img\" autoplay muted loop playsinline poster=\"https:\/\/shared.akamai.steamstatic.com\/store_item_assets\/steam\/apps\/1641960\/extras\/f1667355d015fc7e72546bfdb7f13820.poster.avif?t=1760008672\" width=600 height=338 ><source src=\"https:\/\/shared.akamai.steamstatic.com\/store_item_assets\/steam\/apps\/1641960\/extras\/f1667355d015fc7e72546bfdb7f13820.webm?t=1760008672\" type=\"video\/webm; codecs=vp9\"><source src=\"https:\/\/shared.akamai.steamstatic.com\/store_item_assets\/steam\/apps\/1641960\/extras\/f1667355d015fc7e72546bfdb7f13820.mp4?t=1760008672\" type=\"video\/mp4\"><\/video><\/span>Postav\u00edte a prisp\u00f4sob\u00edte si high-tech vzducholo\u010f. Bude va\u0161\u00edm domovom, diel\u0148ou, laborat\u00f3riom a mnoh\u00fdm \u010fal\u0161\u00edm, zatia\u013e \u010do budete lieta\u0165 nad povrchom Zeme. Ovl\u00e1dajte ju a nasmerujte k ruin\u00e1m na\u0161ej civiliz\u00e1cie a tajomn\u00fdm anom\u00e1li\u00e1m. <strong>Spravujte trup svojej vzducholode a jej integritu. \u0164a\u017ete a zbierajte zdroje, aby ste vylep\u0161ili svoju vzducholo\u010f a urobili ju jedine\u010dnou.<\/strong><\/p>\n<h2 class=\"bb_tag\" ><strong>VYU\u017dITE VEDU NA PRE\u017dITIE<\/strong><\/h2>\n<p class=\"bb_paragraph\" ><span class=\"bb_img_ctn\"><video class=\"bb_img\" autoplay muted loop playsinline poster=\"https:\/\/shared.akamai.steamstatic.com\/store_item_assets\/steam\/apps\/1641960\/extras\/e365347090ef48cd4c145298c25068bc.poster.avif?t=1760008672\" width=600 height=338 ><source src=\"https:\/\/shared.akamai.steamstatic.com\/store_item_assets\/steam\/apps\/1641960\/extras\/e365347090ef48cd4c145298c25068bc.webm?t=1760008672\" type=\"video\/webm; codecs=vp9\"><source src=\"https:\/\/shared.akamai.steamstatic.com\/store_item_assets\/steam\/apps\/1641960\/extras\/e365347090ef48cd4c145298c25068bc.mp4?t=1760008672\" type=\"video\/mp4\"><\/video><\/span>Va\u0161e vedeck\u00e9 znalosti v\u00e1m umo\u017enia postavi\u0165 a prev\u00e1dzkova\u0165 r\u00f4zne stroje. Analyzujte naskenovan\u00e9 predmety a sp\u00e4tne analyzujte straten\u00fa technol\u00f3giu. <strong>Vyh\u013ead\u00e1vajte nov\u00e9 sp\u00f4soby z\u00edskavania potrav\u00edn a zdrojov, objavujte nov\u00e9 n\u00e1stroje a zvy\u0161ujte svoje \u0161ance na pre\u017eitie.<\/strong> <\/p>\n<h2 class=\"bb_tag\" ><strong>PREH\u013dAD\u00c1VAJTE ZRUINOVAN\u00c9 NEBO<\/strong><\/h2>\n<p class=\"bb_paragraph\" ><span class=\"bb_img_ctn\"><video class=\"bb_img\" autoplay muted loop playsinline poster=\"https:\/\/shared.akamai.steamstatic.com\/store_item_assets\/steam\/apps\/1641960\/extras\/ba5ad828ade13bbfc937f28278e8127d.poster.avif?t=1760008672\" width=600 height=338 ><source src=\"https:\/\/shared.akamai.steamstatic.com\/store_item_assets\/steam\/apps\/1641960\/extras\/ba5ad828ade13bbfc937f28278e8127d.webm?t=1760008672\" type=\"video\/webm; codecs=vp9\"><source src=\"https:\/\/shared.akamai.steamstatic.com\/store_item_assets\/steam\/apps\/1641960\/extras\/ba5ad828ade13bbfc937f28278e8127d.mp4?t=1760008672\" type=\"video\/mp4\"><\/video><\/span>Presk\u00famajte a z\u00edskavajte zdroje z ru\u00edn, ktor\u00e9 boli postaven\u00e9 vysoko, aby unikli prachu. Obklopen\u00fd un\u00e1\u0161an\u00fdmi troskami sp\u00f4soben\u00fdmi podivnou anom\u00e1liou, zozbierajte ich ako suroviny, ktor\u00e9 v\u00e1m pom\u00f4\u017eu pre\u017ei\u0165. Presk\u00famajte a objavte pozostatky na\u0161ej civiliz\u00e1cie. <strong>Zistite, \u010do sa stalo a pre\u010do sa Zem vyvinula na miesto, kde sme stratili kontrolu nad na\u0161ou predch\u00e1dzaj\u00facou poz\u00edciou na vrchole. Objavte tajomstv\u00e1 na\u0161ej minulosti.<\/strong> <\/p>\n<h2 class=\"bb_tag\" ><strong>ZOST\u00daPTE POD PRACH<\/strong><\/h2>\n<p class=\"bb_paragraph\" ><span class=\"bb_img_ctn\"><video class=\"bb_img\" autoplay muted loop playsinline poster=\"https:\/\/shared.akamai.steamstatic.com\/store_item_assets\/steam\/apps\/1641960\/extras\/ffa770d0e9cca3d4513e63a76b87abde.poster.avif?t=1760008672\" width=600 height=338 ><source src=\"https:\/\/shared.akamai.steamstatic.com\/store_item_assets\/steam\/apps\/1641960\/extras\/ffa770d0e9cca3d4513e63a76b87abde.webm?t=1760008672\" type=\"video\/webm; codecs=vp9\"><source src=\"https:\/\/shared.akamai.steamstatic.com\/store_item_assets\/steam\/apps\/1641960\/extras\/ffa770d0e9cca3d4513e63a76b87abde.mp4?t=1760008672\" type=\"video\/mp4\"><\/video><\/span>Po zostupe pod prach objav\u00edte podivn\u00fd nov\u00fd svet, povrch plan\u00e9ty, ktor\u00fd sa zmenil po\u010das na\u0161ej nepr\u00edtomnosti. \u010cel\u00edte vyvinutej faune a fl\u00f3re a lov\u00edte v\u00edrusov\u00e9 patog\u00e9ny, aby ste vylie\u010dili tajomn\u00fa chorobu, ktor\u00e1 ohrozuje va\u0161u rodinu. <\/p>\n<h2 class=\"bb_tag\" ><strong>N\u00c1VRAT NA ZEM<\/strong><\/h2>\n<p class=\"bb_paragraph\" ><span class=\"bb_img_ctn\"><video class=\"bb_img\" autoplay muted loop playsinline poster=\"https:\/\/shared.akamai.steamstatic.com\/store_item_assets\/steam\/apps\/1641960\/extras\/8725e2d9f06da1df7cbfb770c22a3a98.poster.avif?t=1760008672\" width=600 height=338 ><source src=\"https:\/\/shared.akamai.steamstatic.com\/store_item_assets\/steam\/apps\/1641960\/extras\/8725e2d9f06da1df7cbfb770c22a3a98.webm?t=1760008672\" type=\"video\/webm; codecs=vp9\"><source src=\"https:\/\/shared.akamai.steamstatic.com\/store_item_assets\/steam\/apps\/1641960\/extras\/8725e2d9f06da1df7cbfb770c22a3a98.mp4?t=1760008672\" type=\"video\/mp4\"><\/video><\/span>Forever Skies je ak\u010dn\u00e1 survival hra, ktor\u00e1 sa odohr\u00e1va na Zemi, ktor\u00fa zdevastovala glob\u00e1lna ekologick\u00e1 katastrofa. T\u00e1to udalos\u0165 sp\u00f4sobila, \u017ee povrch plan\u00e9ty pokr\u00fdva kolos\u00e1lna vrstva toxick\u00e9ho prachu. <strong>Vrac\u00e1te sa na na\u0161u plan\u00e9tu o stovky rokov nesk\u00f4r \u2013 spozn\u00e1te n\u00e1\u0161 svet?<\/strong> <\/p>\n<h2 class=\"bb_tag\" ><strong>Sme \u010faleko od domova<\/strong><\/h2>\n<p class=\"bb_paragraph\" >We Are Far From Home je sk\u00fasen\u00fd t\u00edm v\u00fdvoj\u00e1rov hier so s\u00eddlom vo Wroclawi v Po\u013esku. Sme skupina priate\u013eov a kolegov, ktor\u00ed spolupracovali na viacer\u00fdch projektoch a tituloch, ako napr\u00edklad s\u00e9ria Dying Light, s\u00e9ria Divinity Original Sin, The Medium, Outriders, League of Legends a mnoho \u010fal\u0161\u00edch. <\/p>\n<p class=\"bb_paragraph\" >\n<p class=\"bb_paragraph\" ><span class=\"bb_img_ctn\"><img decoding=\"async\" class=\"bb_img\" src=\"https:\/\/shared.akamai.steamstatic.com\/store_item_assets\/steam\/apps\/1641960\/extras\/60bf4c721f4e43d000cf5312eee6a918.avif?t=1760008672\" data-has-big width=800 height=566 \/><\/span><\/p>\n<p class=\"bb_paragraph\" >\n<p class=\"bb_paragraph\" ><span class=\"bb_img_ctn\"><img decoding=\"async\" class=\"bb_img\" src=\"https:\/\/shared.akamai.steamstatic.com\/store_item_assets\/steam\/apps\/1641960\/extras\/a60475ceafddaa028044efbf0978b3a3.avif?t=1760008672\" width=612 height=277 \/><\/span><\/p>\n","protected":false},"excerpt":{"rendered":"<p>Hra o pre\u017eit\u00ed z poh\u013eadu prvej osoby, ktor\u00e1 sa odohr\u00e1va na postapokalyptickej, ekologicky zni\u010denou Zemi. Hrajte s\u00f3lo alebo s a\u017e 3 priate\u013emi, budujte, vylep\u0161ujte a lietajte s high-tech vzducholod\u00ed. Z\u00edskavajte zdroje, vyr\u00e1bajte n\u00e1stroje a \u010delite nebezpe\u010denstv\u00e1m na povrchu, zatia\u013e \u010do h\u013ead\u00e1te liek na z\u00e1chranu \u013eudstva.<\/p>\n","protected":false},"featured_media":21806,"comment_status":"open","ping_status":"closed","template":"","meta":{"_acf_changed":false},"product_brand":[],"product_cat":[270,268,266,314,312],"product_tag":[],"class_list":{"0":"post-96941","1":"product","2":"type-product","3":"status-publish","4":"has-post-thumbnail","6":"product_cat-adventury-pc-hry-sk","7":"product_cat-pc-sk","8":"product_cat-pc-hry-sk","9":"product_cat-simulatory-pc-hry-sk","10":"product_cat-steam-pc-sk","11":"pa_audio-en-us","13":"pa_countries-ad","14":"pa_countries-ae","15":"pa_countries-af","16":"pa_countries-ag","17":"pa_countries-ai","18":"pa_countries-al","19":"pa_countries-am","20":"pa_countries-ao","21":"pa_countries-aq","22":"pa_countries-ar","23":"pa_countries-as","24":"pa_countries-at","25":"pa_countries-au","26":"pa_countries-aw","27":"pa_countries-ax","28":"pa_countries-az","29":"pa_countries-ba","30":"pa_countries-bb","31":"pa_countries-bd","32":"pa_countries-be","33":"pa_countries-bf","34":"pa_countries-bg","35":"pa_countries-bh","36":"pa_countries-bi","37":"pa_countries-bj","38":"pa_countries-bl","39":"pa_countries-bm","40":"pa_countries-bn","41":"pa_countries-bo","42":"pa_countries-bq","43":"pa_countries-br","44":"pa_countries-bs","45":"pa_countries-bt","46":"pa_countries-bv","47":"pa_countries-bw","48":"pa_countries-bz","49":"pa_countries-ca","50":"pa_countries-cc","51":"pa_countries-cd","52":"pa_countries-cf","53":"pa_countries-cg","54":"pa_countries-ch","55":"pa_countries-ci","56":"pa_countries-ck","57":"pa_countries-cl","58":"pa_countries-cm","59":"pa_countries-cn","60":"pa_countries-co","61":"pa_countries-cr","62":"pa_countries-cu","63":"pa_countries-cv","64":"pa_countries-cw","65":"pa_countries-cx","66":"pa_countries-cy","67":"pa_countries-cz","68":"pa_countries-de","69":"pa_countries-dj","70":"pa_countries-dk","71":"pa_countries-dm","72":"pa_countries-do","73":"pa_countries-dz","74":"pa_countries-ec","75":"pa_countries-ee","76":"pa_countries-eg","77":"pa_countries-eh","78":"pa_countries-er","79":"pa_countries-es","80":"pa_countries-et","81":"pa_countries-fi","82":"pa_countries-fj","83":"pa_countries-fk","84":"pa_countries-fm","85":"pa_countries-fo","86":"pa_countries-fr","87":"pa_countries-ga","88":"pa_countries-gb","89":"pa_countries-gd","90":"pa_countries-ge","91":"pa_countries-gf","92":"pa_countries-gg","93":"pa_countries-gh","94":"pa_countries-gi","95":"pa_countries-gl","96":"pa_countries-gm","97":"pa_countries-gn","98":"pa_countries-gp","99":"pa_countries-gq","100":"pa_countries-gr","101":"pa_countries-gs","102":"pa_countries-gt","103":"pa_countries-gu","104":"pa_countries-gw","105":"pa_countries-gy","106":"pa_countries-hk","107":"pa_countries-hm","108":"pa_countries-hn","109":"pa_countries-hr","110":"pa_countries-ht","111":"pa_countries-hu","112":"pa_countries-id","113":"pa_countries-ie","114":"pa_countries-il","115":"pa_countries-im","116":"pa_countries-in","117":"pa_countries-io","118":"pa_countries-iq","119":"pa_countries-ir","120":"pa_countries-is","121":"pa_countries-it","122":"pa_countries-je","123":"pa_countries-jm","124":"pa_countries-jo","125":"pa_countries-jp","126":"pa_countries-ke","127":"pa_countries-kg","128":"pa_countries-kh","129":"pa_countries-ki","130":"pa_countries-km","131":"pa_countries-kn","132":"pa_countries-kp","133":"pa_countries-kr","134":"pa_countries-kw","135":"pa_countries-ky","136":"pa_countries-kz","137":"pa_countries-la","138":"pa_countries-lb","139":"pa_countries-lc","140":"pa_countries-li","141":"pa_countries-lk","142":"pa_countries-lr","143":"pa_countries-ls","144":"pa_countries-lt","145":"pa_countries-lu","146":"pa_countries-lv","147":"pa_countries-ly","148":"pa_countries-ma","149":"pa_countries-mc","150":"pa_countries-md","151":"pa_countries-me","152":"pa_countries-mf","153":"pa_countries-mg","154":"pa_countries-mh","155":"pa_countries-mk","156":"pa_countries-ml","157":"pa_countries-mm","158":"pa_countries-mn","159":"pa_countries-mo","160":"pa_countries-mp","161":"pa_countries-mq","162":"pa_countries-mr","163":"pa_countries-ms","164":"pa_countries-mt","165":"pa_countries-mu","166":"pa_countries-mv","167":"pa_countries-mw","168":"pa_countries-mx","169":"pa_countries-my","170":"pa_countries-mz","171":"pa_countries-na","172":"pa_countries-nc","173":"pa_countries-ne","174":"pa_countries-nf","175":"pa_countries-ng","176":"pa_countries-ni","177":"pa_countries-nl","178":"pa_countries-no","179":"pa_countries-np","180":"pa_countries-nr","181":"pa_countries-nu","182":"pa_countries-nz","183":"pa_countries-om","184":"pa_countries-pa","185":"pa_countries-pe","186":"pa_countries-pf","187":"pa_countries-pg","188":"pa_countries-ph","189":"pa_countries-pk","190":"pa_countries-pl","191":"pa_countries-pm","192":"pa_countries-pn","193":"pa_countries-pr","194":"pa_countries-ps","195":"pa_countries-pt","196":"pa_countries-pw","197":"pa_countries-py","198":"pa_countries-qa","199":"pa_countries-re","200":"pa_countries-ro","201":"pa_countries-rs","202":"pa_countries-rw","203":"pa_countries-sa","204":"pa_countries-sb","205":"pa_countries-sc","206":"pa_countries-sd","207":"pa_countries-se","208":"pa_countries-sg","209":"pa_countries-sh","210":"pa_countries-si","211":"pa_countries-sj","212":"pa_countries-sk","213":"pa_countries-sl","214":"pa_countries-sm","215":"pa_countries-sn","216":"pa_countries-so","217":"pa_countries-sr","218":"pa_countries-ss","220":"pa_countries-st","221":"pa_countries-sv","222":"pa_countries-sx","223":"pa_countries-sy","224":"pa_countries-sz","225":"pa_countries-tc","226":"pa_countries-td","227":"pa_countries-tf","228":"pa_countries-tg","229":"pa_countries-th","230":"pa_countries-tj","231":"pa_countries-tk","232":"pa_countries-tl","233":"pa_countries-tm","234":"pa_countries-tn","235":"pa_countries-to","236":"pa_countries-tr","237":"pa_countries-tt","238":"pa_countries-tv","239":"pa_countries-tw","240":"pa_countries-tz","241":"pa_countries-ua","242":"pa_countries-ug","243":"pa_countries-um","244":"pa_countries-us","245":"pa_countries-uy","246":"pa_countries-uz","247":"pa_countries-va","248":"pa_countries-vc","249":"pa_countries-ve","250":"pa_countries-vg","251":"pa_countries-vi","252":"pa_countries-vn","253":"pa_countries-vu","254":"pa_countries-wf","255":"pa_countries-ws","256":"pa_countries-xk","257":"pa_countries-ye","258":"pa_countries-yt","259":"pa_countries-za","260":"pa_countries-zm","261":"pa_countries-zw","262":"pa_developer-far-from-home","264":"pa_engine-unreal-engine-4","266":"pa_game_type-main_game","268":"pa_genres-adventure","270":"pa_genres-simulator","271":"pa_interface-de-de","272":"pa_interface-en-us","273":"pa_interface-es-es","274":"pa_interface-fr-fr","275":"pa_interface-it-it","276":"pa_interface-ja-jp","277":"pa_interface-ko-kr","278":"pa_interface-pl-pl","279":"pa_interface-pt-br","280":"pa_interface-ru-ru","281":"pa_interface-uk-ua","283":"pa_interface-zh-cn","284":"pa_modes-co-operative","285":"pa_modes-multiplayer","287":"pa_modes-single-player","288":"pa_pegi-13436","289":"pa_pegi-4711","290":"pa_platform-pc-steam","292":"pa_player_perspectives-first-person","294":"pa_publisher-far-from-home","296":"pa_rating-773","297":"pa_rating-14441","298":"pa_region-global","300":"pa_subtitles-de-de","301":"pa_subtitles-en-us","302":"pa_subtitles-es-es","303":"pa_subtitles-fr-fr","304":"pa_subtitles-it-it","305":"pa_subtitles-ja-jp","306":"pa_subtitles-ko-kr","307":"pa_subtitles-pl-pl","308":"pa_subtitles-pt-br","309":"pa_subtitles-ru-ru","310":"pa_subtitles-uk-ua","312":"pa_subtitles-zh-cn","313":"pa_themes-action","314":"pa_themes-science-fiction","315":"pa_themes-survival","318":"first","319":"instock","320":"virtual","321":"taxable","322":"purchasable","323":"product-type-simple"},"yoast_head":"<!-- This site is optimized with the Yoast SEO plugin v27.4 - https:\/\/yoast.com\/product\/yoast-seo-wordpress\/ -->\n<title>Forever Skies | BeGamer.cz<\/title>\n<meta name=\"robots\" content=\"index, follow, max-snippet:-1, max-image-preview:large, max-video-preview:-1\" \/>\n<link rel=\"canonical\" href=\"https:\/\/begamer.cz\/sk\/produkt\/forever-skies-sk\/\" \/>\n<meta property=\"og:locale\" content=\"sk_SK\" \/>\n<meta property=\"og:type\" content=\"article\" \/>\n<meta property=\"og:title\" content=\"Forever Skies | BeGamer.cz\" \/>\n<meta property=\"og:description\" content=\"Hra o pre\u017eit\u00ed z poh\u013eadu prvej osoby, ktor\u00e1 sa odohr\u00e1va na postapokalyptickej, ekologicky zni\u010denou Zemi. Hrajte s\u00f3lo alebo s a\u017e 3 priate\u013emi, budujte, vylep\u0161ujte a lietajte s high-tech vzducholod\u00ed. Z\u00edskavajte zdroje, vyr\u00e1bajte n\u00e1stroje a \u010delite nebezpe\u010denstv\u00e1m na povrchu, zatia\u013e \u010do h\u013ead\u00e1te liek na z\u00e1chranu \u013eudstva.\" \/>\n<meta property=\"og:url\" content=\"https:\/\/begamer.cz\/sk\/produkt\/forever-skies-sk\/\" \/>\n<meta property=\"og:site_name\" content=\"BeGamer.cz\" \/>\n<meta property=\"article:modified_time\" content=\"2026-03-18T05:27:01+00:00\" \/>\n<meta property=\"og:image\" content=\"https:\/\/begamer.cz\/wp-content\/uploads\/2026\/01\/forever-skies-8.webp\" \/>\n\t<meta property=\"og:image:width\" content=\"300\" \/>\n\t<meta property=\"og:image:height\" content=\"400\" \/>\n\t<meta property=\"og:image:type\" content=\"image\/webp\" \/>\n<meta name=\"twitter:card\" content=\"summary_large_image\" \/>\n<meta name=\"twitter:label1\" content=\"Predpokladan\u00fd \u010das \u010d\u00edtania\" \/>\n\t<meta name=\"twitter:data1\" content=\"2 min\u00faty\" \/>\n<script type=\"application\/ld+json\" class=\"yoast-schema-graph\">{\"@context\":\"https:\\\/\\\/schema.org\",\"@graph\":[{\"@type\":\"WebPage\",\"@id\":\"https:\\\/\\\/begamer.cz\\\/sk\\\/produkt\\\/forever-skies-sk\\\/\",\"url\":\"https:\\\/\\\/begamer.cz\\\/sk\\\/produkt\\\/forever-skies-sk\\\/\",\"name\":\"Forever Skies | BeGamer.cz\",\"isPartOf\":{\"@id\":\"https:\\\/\\\/begamer.cz\\\/sk\\\/#website\"},\"primaryImageOfPage\":{\"@id\":\"https:\\\/\\\/begamer.cz\\\/sk\\\/produkt\\\/forever-skies-sk\\\/#primaryimage\"},\"image\":{\"@id\":\"https:\\\/\\\/begamer.cz\\\/sk\\\/produkt\\\/forever-skies-sk\\\/#primaryimage\"},\"thumbnailUrl\":\"https:\\\/\\\/begamer.cz\\\/wp-content\\\/uploads\\\/2026\\\/01\\\/forever-skies-8.webp\",\"datePublished\":\"2026-01-30T15:47:44+00:00\",\"dateModified\":\"2026-03-18T05:27:01+00:00\",\"breadcrumb\":{\"@id\":\"https:\\\/\\\/begamer.cz\\\/sk\\\/produkt\\\/forever-skies-sk\\\/#breadcrumb\"},\"inLanguage\":\"sk-SK\",\"potentialAction\":[{\"@type\":\"ReadAction\",\"target\":[\"https:\\\/\\\/begamer.cz\\\/sk\\\/produkt\\\/forever-skies-sk\\\/\"]}]},{\"@type\":\"ImageObject\",\"inLanguage\":\"sk-SK\",\"@id\":\"https:\\\/\\\/begamer.cz\\\/sk\\\/produkt\\\/forever-skies-sk\\\/#primaryimage\",\"url\":\"https:\\\/\\\/begamer.cz\\\/wp-content\\\/uploads\\\/2026\\\/01\\\/forever-skies-8.webp\",\"contentUrl\":\"https:\\\/\\\/begamer.cz\\\/wp-content\\\/uploads\\\/2026\\\/01\\\/forever-skies-8.webp\",\"width\":300,\"height\":400},{\"@type\":\"BreadcrumbList\",\"@id\":\"https:\\\/\\\/begamer.cz\\\/sk\\\/produkt\\\/forever-skies-sk\\\/#breadcrumb\",\"itemListElement\":[{\"@type\":\"ListItem\",\"position\":1,\"name\":\"Domov\",\"item\":\"https:\\\/\\\/begamer.cz\\\/sk\\\/\"},{\"@type\":\"ListItem\",\"position\":2,\"name\":\"Obchod\",\"item\":\"https:\\\/\\\/begamer.cz\\\/obchod\\\/\"},{\"@type\":\"ListItem\",\"position\":3,\"name\":\"Forever Skies\"}]},{\"@type\":\"WebSite\",\"@id\":\"https:\\\/\\\/begamer.cz\\\/sk\\\/#website\",\"url\":\"https:\\\/\\\/begamer.cz\\\/sk\\\/\",\"name\":\"BeGamer.cz\",\"description\":\"\",\"publisher\":{\"@id\":\"https:\\\/\\\/begamer.cz\\\/sk\\\/#organization\"},\"potentialAction\":[{\"@type\":\"SearchAction\",\"target\":{\"@type\":\"EntryPoint\",\"urlTemplate\":\"https:\\\/\\\/begamer.cz\\\/sk\\\/?s={search_term_string}\"},\"query-input\":{\"@type\":\"PropertyValueSpecification\",\"valueRequired\":true,\"valueName\":\"search_term_string\"}}],\"inLanguage\":\"sk-SK\"},{\"@type\":\"Organization\",\"@id\":\"https:\\\/\\\/begamer.cz\\\/sk\\\/#organization\",\"name\":\"BeGamer.cz\",\"url\":\"https:\\\/\\\/begamer.cz\\\/sk\\\/\",\"logo\":{\"@type\":\"ImageObject\",\"inLanguage\":\"sk-SK\",\"@id\":\"https:\\\/\\\/begamer.cz\\\/sk\\\/#\\\/schema\\\/logo\\\/image\\\/\",\"url\":\"https:\\\/\\\/begamer.cz\\\/wp-content\\\/uploads\\\/2025\\\/07\\\/logo.svg\",\"contentUrl\":\"https:\\\/\\\/begamer.cz\\\/wp-content\\\/uploads\\\/2025\\\/07\\\/logo.svg\",\"caption\":\"BeGamer.cz\"},\"image\":{\"@id\":\"https:\\\/\\\/begamer.cz\\\/sk\\\/#\\\/schema\\\/logo\\\/image\\\/\"}}]}<\/script>\n<!-- \/ Yoast SEO plugin. -->","yoast_head_json":{"title":"Forever Skies | BeGamer.cz","robots":{"index":"index","follow":"follow","max-snippet":"max-snippet:-1","max-image-preview":"max-image-preview:large","max-video-preview":"max-video-preview:-1"},"canonical":"https:\/\/begamer.cz\/sk\/produkt\/forever-skies-sk\/","og_locale":"sk_SK","og_type":"article","og_title":"Forever Skies | BeGamer.cz","og_description":"Hra o pre\u017eit\u00ed z poh\u013eadu prvej osoby, ktor\u00e1 sa odohr\u00e1va na postapokalyptickej, ekologicky zni\u010denou Zemi. Hrajte s\u00f3lo alebo s a\u017e 3 priate\u013emi, budujte, vylep\u0161ujte a lietajte s high-tech vzducholod\u00ed. Z\u00edskavajte zdroje, vyr\u00e1bajte n\u00e1stroje a \u010delite nebezpe\u010denstv\u00e1m na povrchu, zatia\u013e \u010do h\u013ead\u00e1te liek na z\u00e1chranu \u013eudstva.","og_url":"https:\/\/begamer.cz\/sk\/produkt\/forever-skies-sk\/","og_site_name":"BeGamer.cz","article_modified_time":"2026-03-18T05:27:01+00:00","og_image":[{"width":300,"height":400,"url":"https:\/\/begamer.cz\/wp-content\/uploads\/2026\/01\/forever-skies-8.webp","type":"image\/webp"}],"twitter_card":"summary_large_image","twitter_misc":{"Predpokladan\u00fd \u010das \u010d\u00edtania":"2 min\u00faty"},"schema":{"@context":"https:\/\/schema.org","@graph":[{"@type":"WebPage","@id":"https:\/\/begamer.cz\/sk\/produkt\/forever-skies-sk\/","url":"https:\/\/begamer.cz\/sk\/produkt\/forever-skies-sk\/","name":"Forever Skies | BeGamer.cz","isPartOf":{"@id":"https:\/\/begamer.cz\/sk\/#website"},"primaryImageOfPage":{"@id":"https:\/\/begamer.cz\/sk\/produkt\/forever-skies-sk\/#primaryimage"},"image":{"@id":"https:\/\/begamer.cz\/sk\/produkt\/forever-skies-sk\/#primaryimage"},"thumbnailUrl":"https:\/\/begamer.cz\/wp-content\/uploads\/2026\/01\/forever-skies-8.webp","datePublished":"2026-01-30T15:47:44+00:00","dateModified":"2026-03-18T05:27:01+00:00","breadcrumb":{"@id":"https:\/\/begamer.cz\/sk\/produkt\/forever-skies-sk\/#breadcrumb"},"inLanguage":"sk-SK","potentialAction":[{"@type":"ReadAction","target":["https:\/\/begamer.cz\/sk\/produkt\/forever-skies-sk\/"]}]},{"@type":"ImageObject","inLanguage":"sk-SK","@id":"https:\/\/begamer.cz\/sk\/produkt\/forever-skies-sk\/#primaryimage","url":"https:\/\/begamer.cz\/wp-content\/uploads\/2026\/01\/forever-skies-8.webp","contentUrl":"https:\/\/begamer.cz\/wp-content\/uploads\/2026\/01\/forever-skies-8.webp","width":300,"height":400},{"@type":"BreadcrumbList","@id":"https:\/\/begamer.cz\/sk\/produkt\/forever-skies-sk\/#breadcrumb","itemListElement":[{"@type":"ListItem","position":1,"name":"Domov","item":"https:\/\/begamer.cz\/sk\/"},{"@type":"ListItem","position":2,"name":"Obchod","item":"https:\/\/begamer.cz\/obchod\/"},{"@type":"ListItem","position":3,"name":"Forever Skies"}]},{"@type":"WebSite","@id":"https:\/\/begamer.cz\/sk\/#website","url":"https:\/\/begamer.cz\/sk\/","name":"BeGamer.cz","description":"","publisher":{"@id":"https:\/\/begamer.cz\/sk\/#organization"},"potentialAction":[{"@type":"SearchAction","target":{"@type":"EntryPoint","urlTemplate":"https:\/\/begamer.cz\/sk\/?s={search_term_string}"},"query-input":{"@type":"PropertyValueSpecification","valueRequired":true,"valueName":"search_term_string"}}],"inLanguage":"sk-SK"},{"@type":"Organization","@id":"https:\/\/begamer.cz\/sk\/#organization","name":"BeGamer.cz","url":"https:\/\/begamer.cz\/sk\/","logo":{"@type":"ImageObject","inLanguage":"sk-SK","@id":"https:\/\/begamer.cz\/sk\/#\/schema\/logo\/image\/","url":"https:\/\/begamer.cz\/wp-content\/uploads\/2025\/07\/logo.svg","contentUrl":"https:\/\/begamer.cz\/wp-content\/uploads\/2025\/07\/logo.svg","caption":"BeGamer.cz"},"image":{"@id":"https:\/\/begamer.cz\/sk\/#\/schema\/logo\/image\/"}}]}},"acf":[],"_links":{"self":[{"href":"https:\/\/begamer.cz\/sk\/wp-json\/wp\/v2\/product\/96941","targetHints":{"allow":["GET"]}}],"collection":[{"href":"https:\/\/begamer.cz\/sk\/wp-json\/wp\/v2\/product"}],"about":[{"href":"https:\/\/begamer.cz\/sk\/wp-json\/wp\/v2\/types\/product"}],"replies":[{"embeddable":true,"href":"https:\/\/begamer.cz\/sk\/wp-json\/wp\/v2\/comments?post=96941"}],"wp:featuredmedia":[{"embeddable":true,"href":"https:\/\/begamer.cz\/sk\/wp-json\/wp\/v2\/media\/21806"}],"wp:attachment":[{"href":"https:\/\/begamer.cz\/sk\/wp-json\/wp\/v2\/media?parent=96941"}],"wp:term":[{"taxonomy":"product_brand","embeddable":true,"href":"https:\/\/begamer.cz\/sk\/wp-json\/wp\/v2\/product_brand?post=96941"},{"taxonomy":"product_cat","embeddable":true,"href":"https:\/\/begamer.cz\/sk\/wp-json\/wp\/v2\/product_cat?post=96941"},{"taxonomy":"product_tag","embeddable":true,"href":"https:\/\/begamer.cz\/sk\/wp-json\/wp\/v2\/product_tag?post=96941"}],"curies":[{"name":"wp","href":"https:\/\/api.w.org\/{rel}","templated":true}]}}