{"id":96914,"date":"2026-01-30T16:47:09","date_gmt":"2026-01-30T15:47:09","guid":{"rendered":"https:\/\/begamer.cz\/produkt\/nhl-16-sk\/"},"modified":"2026-03-18T06:25:18","modified_gmt":"2026-03-18T05:25:18","slug":"nhl-16-sk","status":"publish","type":"product","link":"https:\/\/begamer.cz\/sk\/produkt\/nhl-16-sk\/","title":{"rendered":"NHL 16"},"content":{"rendered":"<p>NHL 16 je hokejov\u00e1 videohra vyvinut\u00e1 spolo\u010dnos\u0165ou EA Canada a vydan\u00e1 spolo\u010dnos\u0165ou EA Sports. Je to 25. diel s\u00e9rie NHL a bola vydan\u00e1 15. septembra 2015 v Severnej Amerike a 17. a 18. septembra v Eur\u00f3pe, Austr\u00e1lii a na Novom Z\u00e9lande. Hra bola vydan\u00e1 na PlayStation 4 a Xbox One, s samostatn\u00fdm vydan\u00edm pre PlayStation 3 a Xbox 360 s n\u00e1zvom NHL: Legacy Edition. Jonathan Toews z Chicago Blackhawks je ofici\u00e1lnym \u0161portovcom na obale, \u010do je jeho druh\u00e9 vyst\u00fapenie na obale NHL po NHL 11. Po vydan\u00ed z\u00edskala NHL 16 pozit\u00edvne recenzie a kritici ju vyhl\u00e1sili za vylep\u0161enie oproti NHL 15.<\/p>\n","protected":false},"excerpt":{"rendered":"<p>NHL 16 pon\u00faka autentick\u00fd hokejov\u00fd z\u00e1\u017eitok s vylep\u0161enou hrate\u013enos\u0165ou, realistick\u00fdmi pohybmi hr\u00e1\u010dov a inteligentnej\u0161ou umelou inteligenciou. V\u010faka aktualizovan\u00fdm zoznamom hr\u00e1\u010dov, vylep\u0161enej fyzike a dynamick\u00fdm re\u017eimom pon\u00faka intenz\u00edvnu akciu na \u013eade pre fan\u00fa\u0161ikov, ktor\u00ed h\u013eadaj\u00fa vzru\u0161uj\u00facu a r\u00fdchlu hokejov\u00fa simul\u00e1ciu.<\/p>\n","protected":false},"featured_media":66451,"comment_status":"open","ping_status":"closed","template":"","meta":{"_acf_changed":false},"product_brand":[],"product_cat":[433,398,400],"product_tag":[],"class_list":{"0":"post-96914","1":"product","2":"type-product","3":"status-publish","4":"has-post-thumbnail","6":"product_cat-sportove-xbox-one-sk","7":"product_cat-xbox-hry-sk","8":"product_cat-xbox-one-sk","9":"pa_developer-ea-canada","11":"pa_engine-ignite-engine","13":"pa_franchises-nhl","15":"pa_game_type-main_game","17":"pa_genres-sport","19":"pa_keywords-box-art-real-photos","20":"pa_keywords-ea-sports-nhl","21":"pa_keywords-ice-hockey","22":"pa_keywords-national-hockey-league","23":"pa_keywords-ultimate-team","24":"pa_modes-co-operative","25":"pa_modes-multiplayer","27":"pa_modes-single-player","28":"pa_pegi-13428","29":"pa_pegi-927","30":"pa_platform-xbox-one","32":"pa_player_perspectives-bird-view-isometric","34":"pa_player_perspectives-first-person","35":"pa_player_perspectives-third-person","36":"pa_publisher-ea-sports","38":"pa_rating-14460","39":"pa_rating-957","40":"pa_region-europe","42":"pa_themes-non-fiction","45":"first","46":"instock","47":"virtual","48":"taxable","49":"purchasable","50":"product-type-simple"},"yoast_head":"<!-- This site is optimized with the Yoast SEO plugin v27.3 - https:\/\/yoast.com\/product\/yoast-seo-wordpress\/ -->\n<title>NHL 16 | BeGamer.cz<\/title>\n<meta name=\"robots\" content=\"index, follow, max-snippet:-1, max-image-preview:large, max-video-preview:-1\" \/>\n<link rel=\"canonical\" href=\"https:\/\/begamer.cz\/sk\/produkt\/nhl-16-sk\/\" \/>\n<meta property=\"og:locale\" content=\"sk_SK\" \/>\n<meta property=\"og:type\" content=\"article\" \/>\n<meta property=\"og:title\" content=\"NHL 16 | BeGamer.cz\" \/>\n<meta property=\"og:description\" content=\"NHL 16 pon\u00faka autentick\u00fd hokejov\u00fd z\u00e1\u017eitok s vylep\u0161enou hrate\u013enos\u0165ou, realistick\u00fdmi pohybmi hr\u00e1\u010dov a inteligentnej\u0161ou umelou inteligenciou. V\u010faka aktualizovan\u00fdm zoznamom hr\u00e1\u010dov, vylep\u0161enej fyzike a dynamick\u00fdm re\u017eimom pon\u00faka intenz\u00edvnu akciu na \u013eade pre fan\u00fa\u0161ikov, ktor\u00ed h\u013eadaj\u00fa vzru\u0161uj\u00facu a r\u00fdchlu hokejov\u00fa simul\u00e1ciu.\" \/>\n<meta property=\"og:url\" content=\"https:\/\/begamer.cz\/sk\/produkt\/nhl-16-sk\/\" \/>\n<meta property=\"og:site_name\" content=\"BeGamer.cz\" \/>\n<meta property=\"article:modified_time\" content=\"2026-03-18T05:25:18+00:00\" \/>\n<meta property=\"og:image\" content=\"https:\/\/begamer.cz\/wp-content\/uploads\/2026\/01\/nhl-16-4.webp\" \/>\n\t<meta property=\"og:image:width\" content=\"300\" \/>\n\t<meta property=\"og:image:height\" content=\"400\" \/>\n\t<meta property=\"og:image:type\" content=\"image\/webp\" \/>\n<meta name=\"twitter:card\" content=\"summary_large_image\" \/>\n<meta name=\"twitter:label1\" content=\"Predpokladan\u00fd \u010das \u010d\u00edtania\" \/>\n\t<meta name=\"twitter:data1\" content=\"1 min\u00fata\" \/>\n<script type=\"application\/ld+json\" class=\"yoast-schema-graph\">{\"@context\":\"https:\\\/\\\/schema.org\",\"@graph\":[{\"@type\":\"WebPage\",\"@id\":\"https:\\\/\\\/begamer.cz\\\/sk\\\/produkt\\\/nhl-16-sk\\\/\",\"url\":\"https:\\\/\\\/begamer.cz\\\/sk\\\/produkt\\\/nhl-16-sk\\\/\",\"name\":\"NHL 16 | BeGamer.cz\",\"isPartOf\":{\"@id\":\"https:\\\/\\\/begamer.cz\\\/sk\\\/#website\"},\"primaryImageOfPage\":{\"@id\":\"https:\\\/\\\/begamer.cz\\\/sk\\\/produkt\\\/nhl-16-sk\\\/#primaryimage\"},\"image\":{\"@id\":\"https:\\\/\\\/begamer.cz\\\/sk\\\/produkt\\\/nhl-16-sk\\\/#primaryimage\"},\"thumbnailUrl\":\"https:\\\/\\\/begamer.cz\\\/wp-content\\\/uploads\\\/2026\\\/01\\\/nhl-16-4.webp\",\"datePublished\":\"2026-01-30T15:47:09+00:00\",\"dateModified\":\"2026-03-18T05:25:18+00:00\",\"breadcrumb\":{\"@id\":\"https:\\\/\\\/begamer.cz\\\/sk\\\/produkt\\\/nhl-16-sk\\\/#breadcrumb\"},\"inLanguage\":\"sk-SK\",\"potentialAction\":[{\"@type\":\"ReadAction\",\"target\":[\"https:\\\/\\\/begamer.cz\\\/sk\\\/produkt\\\/nhl-16-sk\\\/\"]}]},{\"@type\":\"ImageObject\",\"inLanguage\":\"sk-SK\",\"@id\":\"https:\\\/\\\/begamer.cz\\\/sk\\\/produkt\\\/nhl-16-sk\\\/#primaryimage\",\"url\":\"https:\\\/\\\/begamer.cz\\\/wp-content\\\/uploads\\\/2026\\\/01\\\/nhl-16-4.webp\",\"contentUrl\":\"https:\\\/\\\/begamer.cz\\\/wp-content\\\/uploads\\\/2026\\\/01\\\/nhl-16-4.webp\",\"width\":300,\"height\":400},{\"@type\":\"BreadcrumbList\",\"@id\":\"https:\\\/\\\/begamer.cz\\\/sk\\\/produkt\\\/nhl-16-sk\\\/#breadcrumb\",\"itemListElement\":[{\"@type\":\"ListItem\",\"position\":1,\"name\":\"Domov\",\"item\":\"https:\\\/\\\/begamer.cz\\\/sk\\\/\"},{\"@type\":\"ListItem\",\"position\":2,\"name\":\"Obchod\",\"item\":\"https:\\\/\\\/begamer.cz\\\/obchod\\\/\"},{\"@type\":\"ListItem\",\"position\":3,\"name\":\"NHL 16\"}]},{\"@type\":\"WebSite\",\"@id\":\"https:\\\/\\\/begamer.cz\\\/sk\\\/#website\",\"url\":\"https:\\\/\\\/begamer.cz\\\/sk\\\/\",\"name\":\"BeGamer.cz\",\"description\":\"\",\"publisher\":{\"@id\":\"https:\\\/\\\/begamer.cz\\\/sk\\\/#organization\"},\"potentialAction\":[{\"@type\":\"SearchAction\",\"target\":{\"@type\":\"EntryPoint\",\"urlTemplate\":\"https:\\\/\\\/begamer.cz\\\/sk\\\/?s={search_term_string}\"},\"query-input\":{\"@type\":\"PropertyValueSpecification\",\"valueRequired\":true,\"valueName\":\"search_term_string\"}}],\"inLanguage\":\"sk-SK\"},{\"@type\":\"Organization\",\"@id\":\"https:\\\/\\\/begamer.cz\\\/sk\\\/#organization\",\"name\":\"BeGamer.cz\",\"url\":\"https:\\\/\\\/begamer.cz\\\/sk\\\/\",\"logo\":{\"@type\":\"ImageObject\",\"inLanguage\":\"sk-SK\",\"@id\":\"https:\\\/\\\/begamer.cz\\\/sk\\\/#\\\/schema\\\/logo\\\/image\\\/\",\"url\":\"https:\\\/\\\/begamer.cz\\\/wp-content\\\/uploads\\\/2025\\\/07\\\/logo.svg\",\"contentUrl\":\"https:\\\/\\\/begamer.cz\\\/wp-content\\\/uploads\\\/2025\\\/07\\\/logo.svg\",\"caption\":\"BeGamer.cz\"},\"image\":{\"@id\":\"https:\\\/\\\/begamer.cz\\\/sk\\\/#\\\/schema\\\/logo\\\/image\\\/\"}}]}<\/script>\n<!-- \/ Yoast SEO plugin. -->","yoast_head_json":{"title":"NHL 16 | BeGamer.cz","robots":{"index":"index","follow":"follow","max-snippet":"max-snippet:-1","max-image-preview":"max-image-preview:large","max-video-preview":"max-video-preview:-1"},"canonical":"https:\/\/begamer.cz\/sk\/produkt\/nhl-16-sk\/","og_locale":"sk_SK","og_type":"article","og_title":"NHL 16 | BeGamer.cz","og_description":"NHL 16 pon\u00faka autentick\u00fd hokejov\u00fd z\u00e1\u017eitok s vylep\u0161enou hrate\u013enos\u0165ou, realistick\u00fdmi pohybmi hr\u00e1\u010dov a inteligentnej\u0161ou umelou inteligenciou. V\u010faka aktualizovan\u00fdm zoznamom hr\u00e1\u010dov, vylep\u0161enej fyzike a dynamick\u00fdm re\u017eimom pon\u00faka intenz\u00edvnu akciu na \u013eade pre fan\u00fa\u0161ikov, ktor\u00ed h\u013eadaj\u00fa vzru\u0161uj\u00facu a r\u00fdchlu hokejov\u00fa simul\u00e1ciu.","og_url":"https:\/\/begamer.cz\/sk\/produkt\/nhl-16-sk\/","og_site_name":"BeGamer.cz","article_modified_time":"2026-03-18T05:25:18+00:00","og_image":[{"width":300,"height":400,"url":"https:\/\/begamer.cz\/wp-content\/uploads\/2026\/01\/nhl-16-4.webp","type":"image\/webp"}],"twitter_card":"summary_large_image","twitter_misc":{"Predpokladan\u00fd \u010das \u010d\u00edtania":"1 min\u00fata"},"schema":{"@context":"https:\/\/schema.org","@graph":[{"@type":"WebPage","@id":"https:\/\/begamer.cz\/sk\/produkt\/nhl-16-sk\/","url":"https:\/\/begamer.cz\/sk\/produkt\/nhl-16-sk\/","name":"NHL 16 | BeGamer.cz","isPartOf":{"@id":"https:\/\/begamer.cz\/sk\/#website"},"primaryImageOfPage":{"@id":"https:\/\/begamer.cz\/sk\/produkt\/nhl-16-sk\/#primaryimage"},"image":{"@id":"https:\/\/begamer.cz\/sk\/produkt\/nhl-16-sk\/#primaryimage"},"thumbnailUrl":"https:\/\/begamer.cz\/wp-content\/uploads\/2026\/01\/nhl-16-4.webp","datePublished":"2026-01-30T15:47:09+00:00","dateModified":"2026-03-18T05:25:18+00:00","breadcrumb":{"@id":"https:\/\/begamer.cz\/sk\/produkt\/nhl-16-sk\/#breadcrumb"},"inLanguage":"sk-SK","potentialAction":[{"@type":"ReadAction","target":["https:\/\/begamer.cz\/sk\/produkt\/nhl-16-sk\/"]}]},{"@type":"ImageObject","inLanguage":"sk-SK","@id":"https:\/\/begamer.cz\/sk\/produkt\/nhl-16-sk\/#primaryimage","url":"https:\/\/begamer.cz\/wp-content\/uploads\/2026\/01\/nhl-16-4.webp","contentUrl":"https:\/\/begamer.cz\/wp-content\/uploads\/2026\/01\/nhl-16-4.webp","width":300,"height":400},{"@type":"BreadcrumbList","@id":"https:\/\/begamer.cz\/sk\/produkt\/nhl-16-sk\/#breadcrumb","itemListElement":[{"@type":"ListItem","position":1,"name":"Domov","item":"https:\/\/begamer.cz\/sk\/"},{"@type":"ListItem","position":2,"name":"Obchod","item":"https:\/\/begamer.cz\/obchod\/"},{"@type":"ListItem","position":3,"name":"NHL 16"}]},{"@type":"WebSite","@id":"https:\/\/begamer.cz\/sk\/#website","url":"https:\/\/begamer.cz\/sk\/","name":"BeGamer.cz","description":"","publisher":{"@id":"https:\/\/begamer.cz\/sk\/#organization"},"potentialAction":[{"@type":"SearchAction","target":{"@type":"EntryPoint","urlTemplate":"https:\/\/begamer.cz\/sk\/?s={search_term_string}"},"query-input":{"@type":"PropertyValueSpecification","valueRequired":true,"valueName":"search_term_string"}}],"inLanguage":"sk-SK"},{"@type":"Organization","@id":"https:\/\/begamer.cz\/sk\/#organization","name":"BeGamer.cz","url":"https:\/\/begamer.cz\/sk\/","logo":{"@type":"ImageObject","inLanguage":"sk-SK","@id":"https:\/\/begamer.cz\/sk\/#\/schema\/logo\/image\/","url":"https:\/\/begamer.cz\/wp-content\/uploads\/2025\/07\/logo.svg","contentUrl":"https:\/\/begamer.cz\/wp-content\/uploads\/2025\/07\/logo.svg","caption":"BeGamer.cz"},"image":{"@id":"https:\/\/begamer.cz\/sk\/#\/schema\/logo\/image\/"}}]}},"acf":[],"_links":{"self":[{"href":"https:\/\/begamer.cz\/sk\/wp-json\/wp\/v2\/product\/96914","targetHints":{"allow":["GET"]}}],"collection":[{"href":"https:\/\/begamer.cz\/sk\/wp-json\/wp\/v2\/product"}],"about":[{"href":"https:\/\/begamer.cz\/sk\/wp-json\/wp\/v2\/types\/product"}],"replies":[{"embeddable":true,"href":"https:\/\/begamer.cz\/sk\/wp-json\/wp\/v2\/comments?post=96914"}],"wp:featuredmedia":[{"embeddable":true,"href":"https:\/\/begamer.cz\/sk\/wp-json\/wp\/v2\/media\/66451"}],"wp:attachment":[{"href":"https:\/\/begamer.cz\/sk\/wp-json\/wp\/v2\/media?parent=96914"}],"wp:term":[{"taxonomy":"product_brand","embeddable":true,"href":"https:\/\/begamer.cz\/sk\/wp-json\/wp\/v2\/product_brand?post=96914"},{"taxonomy":"product_cat","embeddable":true,"href":"https:\/\/begamer.cz\/sk\/wp-json\/wp\/v2\/product_cat?post=96914"},{"taxonomy":"product_tag","embeddable":true,"href":"https:\/\/begamer.cz\/sk\/wp-json\/wp\/v2\/product_tag?post=96914"}],"curies":[{"name":"wp","href":"https:\/\/api.w.org\/{rel}","templated":true}]}}