{"id":96884,"date":"2026-01-30T16:46:33","date_gmt":"2026-01-30T15:46:33","guid":{"rendered":"https:\/\/begamer.cz\/produkt\/moonlighter-complete-edition-sk\/"},"modified":"2026-03-18T06:23:11","modified_gmt":"2026-03-18T05:23:11","slug":"moonlighter-complete-edition-sk","status":"publish","type":"product","link":"https:\/\/begamer.cz\/sk\/produkt\/moonlighter-complete-edition-sk\/","title":{"rendered":"Moonlighter: Complete Edition"},"content":{"rendered":"<p>Moonlighter je ak\u010dn\u00e1 RPG hra s prvkami rogue-lite, ktor\u00e1 ukazuje dve strany mince \u2013 odha\u013euje ka\u017edodenn\u00e9 rutiny Willa, dobrodru\u017en\u00e9ho obchodn\u00edka, ktor\u00fd tajne sn\u00edva o tom, \u017ee sa stane hrdinom.<\/p>\n<p>Moonlighter: Between Dimensions:<\/p>\n<p>Obec Rynoka. Po udalostiach piatych dver\u00ed op\u00e4\u0165 pokojn\u00e1 a prosperuj\u00faca. Zelen\u00e1 stromami, ob\u00fdvan\u00e1 dobrodru\u017en\u00fdmi a podnikav\u00fdmi tvormi. Je \u013eahk\u00e9 pochopi\u0165, pre\u010do by tu \u010dlovek chcel \u017ei\u0165 nav\u017edy. \u017divot sa v\u0161ak nezastav\u00ed pre nikoho. Rynokou f\u00faka vietor zmien. Z ni\u010doho ni\u010d sa objavil nov\u00fd, tajomn\u00fd port\u00e1l. Prin\u00e1\u0161a nov\u00fa hrozbu? Alebo je to nov\u00fd sp\u00f4sob, ako \u013eahko zarobi\u0165? A \u010do je najd\u00f4le\u017eitej\u0161ie&#8230; ste pripraven\u00ed vst\u00fapi\u0165 do nezn\u00e1ma?<\/p>\n","protected":false},"excerpt":{"rendered":"<p>Moonlighter: Complete Edition kombinuje ak\u010dn\u00fa RPG hrate\u013enos\u0165 so simul\u00e1ciou vedenia obchodu. V noci presk\u00famajte dungeony, zbierajte koris\u0165 a cez de\u0148 spravujte svoj obchod. Obsahuje v\u0161etky DLC a pon\u00faka kompletn\u00e9 dobrodru\u017estvo pln\u00e9 bojov, tvorenia a obchodovania v o\u010daruj\u00facom svete pixel artu.<\/p>\n","protected":false},"featured_media":66307,"comment_status":"open","ping_status":"closed","template":"","meta":{"_acf_changed":false},"product_brand":[],"product_cat":[270,268,266,312],"product_tag":[],"class_list":{"0":"post-96884","1":"product","2":"type-product","3":"status-publish","4":"has-post-thumbnail","6":"product_cat-adventury-pc-hry-sk","7":"product_cat-pc-sk","8":"product_cat-pc-hry-sk","9":"product_cat-steam-pc-sk","10":"pa_countries-at","11":"pa_countries-be","12":"pa_countries-bg","13":"pa_countries-cy","14":"pa_countries-cz","16":"pa_countries-de","17":"pa_countries-dk","18":"pa_countries-ee","19":"pa_countries-es","20":"pa_countries-fi","21":"pa_countries-fr","22":"pa_countries-gr","23":"pa_countries-hr","24":"pa_countries-hu","25":"pa_countries-ie","26":"pa_countries-it","27":"pa_countries-lt","28":"pa_countries-lu","29":"pa_countries-lv","30":"pa_countries-mt","31":"pa_countries-nl","32":"pa_countries-pl","33":"pa_countries-pt","34":"pa_countries-ro","35":"pa_countries-se","36":"pa_countries-si","37":"pa_countries-sk","39":"pa_game_type-main_game","41":"pa_genres-adventure","43":"pa_interface-de-de","44":"pa_interface-en-us","45":"pa_interface-es-es","46":"pa_interface-fr-fr","47":"pa_interface-ja-jp","48":"pa_interface-ko-kr","49":"pa_interface-pl-pl","50":"pa_interface-pt-br","52":"pa_interface-ru-ru","54":"pa_interface-zh-cn","55":"pa_modes-single-player","57":"pa_pegi-13424","58":"pa_pegi-772","59":"pa_platform-pc-steam","61":"pa_rating-773","62":"pa_rating-14441","63":"pa_region-row","65":"pa_themes-action","68":"first","69":"instock","70":"virtual","71":"taxable","72":"purchasable","73":"product-type-simple"},"yoast_head":"<!-- This site is optimized with the Yoast SEO plugin v27.3 - https:\/\/yoast.com\/product\/yoast-seo-wordpress\/ -->\n<title>Moonlighter: Complete Edition | BeGamer.cz<\/title>\n<meta name=\"robots\" content=\"index, follow, max-snippet:-1, max-image-preview:large, max-video-preview:-1\" \/>\n<link rel=\"canonical\" href=\"https:\/\/begamer.cz\/sk\/produkt\/moonlighter-complete-edition-sk\/\" \/>\n<meta property=\"og:locale\" content=\"sk_SK\" \/>\n<meta property=\"og:type\" content=\"article\" \/>\n<meta property=\"og:title\" content=\"Moonlighter: Complete Edition | BeGamer.cz\" \/>\n<meta property=\"og:description\" content=\"Moonlighter: Complete Edition kombinuje ak\u010dn\u00fa RPG hrate\u013enos\u0165 so simul\u00e1ciou vedenia obchodu. V noci presk\u00famajte dungeony, zbierajte koris\u0165 a cez de\u0148 spravujte svoj obchod. Obsahuje v\u0161etky DLC a pon\u00faka kompletn\u00e9 dobrodru\u017estvo pln\u00e9 bojov, tvorenia a obchodovania v o\u010daruj\u00facom svete pixel artu.\" \/>\n<meta property=\"og:url\" content=\"https:\/\/begamer.cz\/sk\/produkt\/moonlighter-complete-edition-sk\/\" \/>\n<meta property=\"og:site_name\" content=\"BeGamer.cz\" \/>\n<meta property=\"article:modified_time\" content=\"2026-03-18T05:23:11+00:00\" \/>\n<meta property=\"og:image\" content=\"https:\/\/begamer.cz\/wp-content\/uploads\/2026\/01\/moonlighter-complete-edition-6.webp\" \/>\n\t<meta property=\"og:image:width\" content=\"300\" \/>\n\t<meta property=\"og:image:height\" content=\"400\" \/>\n\t<meta property=\"og:image:type\" content=\"image\/webp\" \/>\n<meta name=\"twitter:card\" content=\"summary_large_image\" \/>\n<meta name=\"twitter:label1\" content=\"Predpokladan\u00fd \u010das \u010d\u00edtania\" \/>\n\t<meta name=\"twitter:data1\" content=\"1 min\u00fata\" \/>\n<script type=\"application\/ld+json\" class=\"yoast-schema-graph\">{\"@context\":\"https:\\\/\\\/schema.org\",\"@graph\":[{\"@type\":\"WebPage\",\"@id\":\"https:\\\/\\\/begamer.cz\\\/sk\\\/produkt\\\/moonlighter-complete-edition-sk\\\/\",\"url\":\"https:\\\/\\\/begamer.cz\\\/sk\\\/produkt\\\/moonlighter-complete-edition-sk\\\/\",\"name\":\"Moonlighter: Complete Edition | BeGamer.cz\",\"isPartOf\":{\"@id\":\"https:\\\/\\\/begamer.cz\\\/sk\\\/#website\"},\"primaryImageOfPage\":{\"@id\":\"https:\\\/\\\/begamer.cz\\\/sk\\\/produkt\\\/moonlighter-complete-edition-sk\\\/#primaryimage\"},\"image\":{\"@id\":\"https:\\\/\\\/begamer.cz\\\/sk\\\/produkt\\\/moonlighter-complete-edition-sk\\\/#primaryimage\"},\"thumbnailUrl\":\"https:\\\/\\\/begamer.cz\\\/wp-content\\\/uploads\\\/2026\\\/01\\\/moonlighter-complete-edition-6.webp\",\"datePublished\":\"2026-01-30T15:46:33+00:00\",\"dateModified\":\"2026-03-18T05:23:11+00:00\",\"breadcrumb\":{\"@id\":\"https:\\\/\\\/begamer.cz\\\/sk\\\/produkt\\\/moonlighter-complete-edition-sk\\\/#breadcrumb\"},\"inLanguage\":\"sk-SK\",\"potentialAction\":[{\"@type\":\"ReadAction\",\"target\":[\"https:\\\/\\\/begamer.cz\\\/sk\\\/produkt\\\/moonlighter-complete-edition-sk\\\/\"]}]},{\"@type\":\"ImageObject\",\"inLanguage\":\"sk-SK\",\"@id\":\"https:\\\/\\\/begamer.cz\\\/sk\\\/produkt\\\/moonlighter-complete-edition-sk\\\/#primaryimage\",\"url\":\"https:\\\/\\\/begamer.cz\\\/wp-content\\\/uploads\\\/2026\\\/01\\\/moonlighter-complete-edition-6.webp\",\"contentUrl\":\"https:\\\/\\\/begamer.cz\\\/wp-content\\\/uploads\\\/2026\\\/01\\\/moonlighter-complete-edition-6.webp\",\"width\":300,\"height\":400},{\"@type\":\"BreadcrumbList\",\"@id\":\"https:\\\/\\\/begamer.cz\\\/sk\\\/produkt\\\/moonlighter-complete-edition-sk\\\/#breadcrumb\",\"itemListElement\":[{\"@type\":\"ListItem\",\"position\":1,\"name\":\"Domov\",\"item\":\"https:\\\/\\\/begamer.cz\\\/sk\\\/\"},{\"@type\":\"ListItem\",\"position\":2,\"name\":\"Obchod\",\"item\":\"https:\\\/\\\/begamer.cz\\\/obchod\\\/\"},{\"@type\":\"ListItem\",\"position\":3,\"name\":\"Moonlighter: Complete Edition\"}]},{\"@type\":\"WebSite\",\"@id\":\"https:\\\/\\\/begamer.cz\\\/sk\\\/#website\",\"url\":\"https:\\\/\\\/begamer.cz\\\/sk\\\/\",\"name\":\"BeGamer.cz\",\"description\":\"\",\"publisher\":{\"@id\":\"https:\\\/\\\/begamer.cz\\\/sk\\\/#organization\"},\"potentialAction\":[{\"@type\":\"SearchAction\",\"target\":{\"@type\":\"EntryPoint\",\"urlTemplate\":\"https:\\\/\\\/begamer.cz\\\/sk\\\/?s={search_term_string}\"},\"query-input\":{\"@type\":\"PropertyValueSpecification\",\"valueRequired\":true,\"valueName\":\"search_term_string\"}}],\"inLanguage\":\"sk-SK\"},{\"@type\":\"Organization\",\"@id\":\"https:\\\/\\\/begamer.cz\\\/sk\\\/#organization\",\"name\":\"BeGamer.cz\",\"url\":\"https:\\\/\\\/begamer.cz\\\/sk\\\/\",\"logo\":{\"@type\":\"ImageObject\",\"inLanguage\":\"sk-SK\",\"@id\":\"https:\\\/\\\/begamer.cz\\\/sk\\\/#\\\/schema\\\/logo\\\/image\\\/\",\"url\":\"https:\\\/\\\/begamer.cz\\\/wp-content\\\/uploads\\\/2025\\\/07\\\/logo.svg\",\"contentUrl\":\"https:\\\/\\\/begamer.cz\\\/wp-content\\\/uploads\\\/2025\\\/07\\\/logo.svg\",\"caption\":\"BeGamer.cz\"},\"image\":{\"@id\":\"https:\\\/\\\/begamer.cz\\\/sk\\\/#\\\/schema\\\/logo\\\/image\\\/\"}}]}<\/script>\n<!-- \/ Yoast SEO plugin. -->","yoast_head_json":{"title":"Moonlighter: Complete Edition | BeGamer.cz","robots":{"index":"index","follow":"follow","max-snippet":"max-snippet:-1","max-image-preview":"max-image-preview:large","max-video-preview":"max-video-preview:-1"},"canonical":"https:\/\/begamer.cz\/sk\/produkt\/moonlighter-complete-edition-sk\/","og_locale":"sk_SK","og_type":"article","og_title":"Moonlighter: Complete Edition | BeGamer.cz","og_description":"Moonlighter: Complete Edition kombinuje ak\u010dn\u00fa RPG hrate\u013enos\u0165 so simul\u00e1ciou vedenia obchodu. V noci presk\u00famajte dungeony, zbierajte koris\u0165 a cez de\u0148 spravujte svoj obchod. Obsahuje v\u0161etky DLC a pon\u00faka kompletn\u00e9 dobrodru\u017estvo pln\u00e9 bojov, tvorenia a obchodovania v o\u010daruj\u00facom svete pixel artu.","og_url":"https:\/\/begamer.cz\/sk\/produkt\/moonlighter-complete-edition-sk\/","og_site_name":"BeGamer.cz","article_modified_time":"2026-03-18T05:23:11+00:00","og_image":[{"width":300,"height":400,"url":"https:\/\/begamer.cz\/wp-content\/uploads\/2026\/01\/moonlighter-complete-edition-6.webp","type":"image\/webp"}],"twitter_card":"summary_large_image","twitter_misc":{"Predpokladan\u00fd \u010das \u010d\u00edtania":"1 min\u00fata"},"schema":{"@context":"https:\/\/schema.org","@graph":[{"@type":"WebPage","@id":"https:\/\/begamer.cz\/sk\/produkt\/moonlighter-complete-edition-sk\/","url":"https:\/\/begamer.cz\/sk\/produkt\/moonlighter-complete-edition-sk\/","name":"Moonlighter: Complete Edition | BeGamer.cz","isPartOf":{"@id":"https:\/\/begamer.cz\/sk\/#website"},"primaryImageOfPage":{"@id":"https:\/\/begamer.cz\/sk\/produkt\/moonlighter-complete-edition-sk\/#primaryimage"},"image":{"@id":"https:\/\/begamer.cz\/sk\/produkt\/moonlighter-complete-edition-sk\/#primaryimage"},"thumbnailUrl":"https:\/\/begamer.cz\/wp-content\/uploads\/2026\/01\/moonlighter-complete-edition-6.webp","datePublished":"2026-01-30T15:46:33+00:00","dateModified":"2026-03-18T05:23:11+00:00","breadcrumb":{"@id":"https:\/\/begamer.cz\/sk\/produkt\/moonlighter-complete-edition-sk\/#breadcrumb"},"inLanguage":"sk-SK","potentialAction":[{"@type":"ReadAction","target":["https:\/\/begamer.cz\/sk\/produkt\/moonlighter-complete-edition-sk\/"]}]},{"@type":"ImageObject","inLanguage":"sk-SK","@id":"https:\/\/begamer.cz\/sk\/produkt\/moonlighter-complete-edition-sk\/#primaryimage","url":"https:\/\/begamer.cz\/wp-content\/uploads\/2026\/01\/moonlighter-complete-edition-6.webp","contentUrl":"https:\/\/begamer.cz\/wp-content\/uploads\/2026\/01\/moonlighter-complete-edition-6.webp","width":300,"height":400},{"@type":"BreadcrumbList","@id":"https:\/\/begamer.cz\/sk\/produkt\/moonlighter-complete-edition-sk\/#breadcrumb","itemListElement":[{"@type":"ListItem","position":1,"name":"Domov","item":"https:\/\/begamer.cz\/sk\/"},{"@type":"ListItem","position":2,"name":"Obchod","item":"https:\/\/begamer.cz\/obchod\/"},{"@type":"ListItem","position":3,"name":"Moonlighter: Complete Edition"}]},{"@type":"WebSite","@id":"https:\/\/begamer.cz\/sk\/#website","url":"https:\/\/begamer.cz\/sk\/","name":"BeGamer.cz","description":"","publisher":{"@id":"https:\/\/begamer.cz\/sk\/#organization"},"potentialAction":[{"@type":"SearchAction","target":{"@type":"EntryPoint","urlTemplate":"https:\/\/begamer.cz\/sk\/?s={search_term_string}"},"query-input":{"@type":"PropertyValueSpecification","valueRequired":true,"valueName":"search_term_string"}}],"inLanguage":"sk-SK"},{"@type":"Organization","@id":"https:\/\/begamer.cz\/sk\/#organization","name":"BeGamer.cz","url":"https:\/\/begamer.cz\/sk\/","logo":{"@type":"ImageObject","inLanguage":"sk-SK","@id":"https:\/\/begamer.cz\/sk\/#\/schema\/logo\/image\/","url":"https:\/\/begamer.cz\/wp-content\/uploads\/2025\/07\/logo.svg","contentUrl":"https:\/\/begamer.cz\/wp-content\/uploads\/2025\/07\/logo.svg","caption":"BeGamer.cz"},"image":{"@id":"https:\/\/begamer.cz\/sk\/#\/schema\/logo\/image\/"}}]}},"acf":[],"_links":{"self":[{"href":"https:\/\/begamer.cz\/sk\/wp-json\/wp\/v2\/product\/96884","targetHints":{"allow":["GET"]}}],"collection":[{"href":"https:\/\/begamer.cz\/sk\/wp-json\/wp\/v2\/product"}],"about":[{"href":"https:\/\/begamer.cz\/sk\/wp-json\/wp\/v2\/types\/product"}],"replies":[{"embeddable":true,"href":"https:\/\/begamer.cz\/sk\/wp-json\/wp\/v2\/comments?post=96884"}],"wp:featuredmedia":[{"embeddable":true,"href":"https:\/\/begamer.cz\/sk\/wp-json\/wp\/v2\/media\/66307"}],"wp:attachment":[{"href":"https:\/\/begamer.cz\/sk\/wp-json\/wp\/v2\/media?parent=96884"}],"wp:term":[{"taxonomy":"product_brand","embeddable":true,"href":"https:\/\/begamer.cz\/sk\/wp-json\/wp\/v2\/product_brand?post=96884"},{"taxonomy":"product_cat","embeddable":true,"href":"https:\/\/begamer.cz\/sk\/wp-json\/wp\/v2\/product_cat?post=96884"},{"taxonomy":"product_tag","embeddable":true,"href":"https:\/\/begamer.cz\/sk\/wp-json\/wp\/v2\/product_tag?post=96884"}],"curies":[{"name":"wp","href":"https:\/\/api.w.org\/{rel}","templated":true}]}}