{"id":96827,"date":"2026-01-30T16:45:07","date_gmt":"2026-01-30T15:45:07","guid":{"rendered":"https:\/\/begamer.cz\/produkt\/the-sheltered-sk\/"},"modified":"2026-03-18T06:17:45","modified_gmt":"2026-03-18T05:17:45","slug":"the-sheltered-sk","status":"publish","type":"product","link":"https:\/\/begamer.cz\/sk\/produkt\/the-sheltered-sk\/","title":{"rendered":"The Sheltered"},"content":{"rendered":"<p>PR\u00cdBEH <\/p>\n<p>\u201eThe Sheltered\u201c je advent\u00fara s poh\u013eadom zhora, ktor\u00e1 kladie d\u00f4raz na prieskum a rozhodovanie.<\/p>\n<p>Hr\u00e1\u010di sa v\u017eij\u00fa do \u00falohy pre\u017eiv\u0161ieho v svete su\u017eovanom smrtiacou epid\u00e9miou. Vl\u00e1da oznamuje svoje pl\u00e1ny na likvid\u00e1ciu mon\u0161tru\u00f3znych infikovan\u00fdch pomocou jadrov\u00fdch zbran\u00ed. Pl\u00e1n: bombardova\u0165 oblas\u0165 a zni\u010di\u0165 v\u0161etko. Na\u0161\u0165astie sa v predz\u00e1hradke hr\u00e1\u010da nach\u00e1dza protiat\u00f3mov\u00fd kryt \u2013 a dostatok jedla a vody na pre\u017eitie. <\/p>\n<p>Teraz sa do\u0148 chc\u00fa dosta\u0165 aj ostatn\u00ed pre\u017eiv\u0161\u00ed. <\/p>\n<p>\nPREDPOKLAD <\/p>\n<p>Hlavn\u00fd pr\u00edbeh za\u010d\u00edna, ke\u010f hrdina nazbiera dostatok z\u00e1sob na pre\u017eitie v kryte. <\/p>\n<p>Ke\u010f sa objav\u00ed \u010fal\u0161\u00ed pre\u017eiv\u0161\u00ed, hr\u00e1\u010d sa m\u00f4\u017ee rozhodn\u00fa\u0165, koho vpust\u00ed do krytu a koho nech\u00e1 vonku. Pre\u017eiv\u0161\u00ed s\u00fa deti aj sk\u00fasen\u00ed dospel\u00ed, ktor\u00ed m\u00f4\u017eu hr\u00e1\u010dovi pom\u00f4c\u0165. Hr\u00e1\u010d m\u00f4\u017ee do \u00fakrytu vzia\u0165 aj zvierat\u00e1. Rozhodovanie o tom, koho zachr\u00e1ni\u0165, je hlavnou premisou hry a nakoniec ovplyvn\u00ed jej koniec. <\/p>\n<p>Nie je v\u0161ak sta\u010d\u00ed len pozva\u0165 \u010fal\u0161ieho pre\u017eiv\u0161ieho do \u00fakrytu. Ka\u017ed\u00fd pre\u017eiv\u0161\u00ed potrebuje \u010fal\u0161ie z\u00e1soby, aby pre\u017eil. Hr\u00e1\u010d m\u00e1 s\u00edce len to\u013eko, ko\u013eko potrebuje s\u00e1m, ale m\u00f4\u017ee vo\u013ene presk\u00fama\u0165 okolie a h\u013eada\u0165 \u010fal\u0161ie z\u00e1soby. To je dobrodru\u017en\u00e1 str\u00e1nka hry. <\/p>\n<p>Kombin\u00e1ciou old school grafiky a jednoduch\u00e9ho hrania s modern\u00fdm rozpr\u00e1van\u00edm pr\u00edbehu a mno\u017estvom mo\u017enost\u00ed vo\u013eby, hra \u201eThe Sheltered\u201c n\u00fati hr\u00e1\u010dov obetova\u0165<\/p>\n<p>bezpe\u010dnos\u0165 svojich post\u00e1v v prospech ich mor\u00e1lky. <\/p>\n<p>VLASTNOSTI<\/p>\n<p>&#8211; P\u00fatav\u00fd neline\u00e1rny pr\u00edbeh s viac ako siedmimi r\u00f4znymi koncami.<br \/>\n<br \/>&#8211; \u0164a\u017ek\u00e9 rozhodnutia a postavy, ktor\u00e9 si pam\u00e4taj\u00fa va\u0161e \u010diny a konaj\u00fa pod\u013ea nich.<br \/>\n&#8211; N\u00e1ladov\u00e1, apokalyptick\u00e1 krajina, ktor\u00fa m\u00f4\u017eete vo\u013ene presk\u00fama\u0165 a ktor\u00e1 je pln\u00e1 tajomstiev.<br \/>\n<br \/>&#8211; Desiatky n\u00e1ro\u010dn\u00fdch h\u00e1daniek s viacer\u00fdmi rie\u0161eniami&#8230; a d\u00f4sledkami.<br \/>\n<br \/>&#8211; R\u00f4zne mon\u0161tr\u00e1 (okrem in\u00e9ho), ktor\u00e9 mus\u00edte prekona\u0165, predbehn\u00fa\u0165 alebo prekab\u00e1ti\u0165.<br \/>\n&#8211; Stra\u0161ideln\u00fd soundtrack zlo\u017een\u00fd<br \/>a nahran\u00fd Maxom Ablitzerom.<\/p>\n","protected":false},"excerpt":{"rendered":"<p>\u201eThe Sheltered\u201c je advent\u00fara s poh\u013eadom zhora, ktor\u00e1 kladie d\u00f4raz na prieskum a rozhodovanie. Kombin\u00e1ciou oldschoolovej grafiky a jednoduch\u00e9ho hrania s modern\u00fdm rozpr\u00e1van\u00edm pr\u00edbehu a mno\u017estvom mo\u017enost\u00ed vo\u013eby, \u201eThe Sheltered\u201c n\u00fati hr\u00e1\u010da rozhodova\u0165 sa medzi bezpe\u010dnos\u0165ou a mor\u00e1lkou.<\/p>\n","protected":false},"featured_media":66013,"comment_status":"open","ping_status":"closed","template":"","meta":{"_acf_changed":false},"product_brand":[],"product_cat":[270,290,268,266,312],"product_tag":[],"class_list":{"0":"post-96827","1":"product","2":"type-product","3":"status-publish","4":"has-post-thumbnail","6":"product_cat-adventury-pc-hry-sk","7":"product_cat-indie-hry-pc-sk","8":"product_cat-pc-sk","9":"product_cat-pc-hry-sk","10":"product_cat-steam-pc-sk","11":"pa_countries-ad","12":"pa_countries-ae","13":"pa_countries-af","14":"pa_countries-ag","15":"pa_countries-ai","16":"pa_countries-al","17":"pa_countries-am","18":"pa_countries-ao","19":"pa_countries-aq","20":"pa_countries-ar","21":"pa_countries-as","22":"pa_countries-at","23":"pa_countries-au","24":"pa_countries-aw","25":"pa_countries-ax","26":"pa_countries-az","27":"pa_countries-ba","28":"pa_countries-bb","29":"pa_countries-bd","30":"pa_countries-be","31":"pa_countries-bf","32":"pa_countries-bg","33":"pa_countries-bh","34":"pa_countries-bi","35":"pa_countries-bj","36":"pa_countries-bl","37":"pa_countries-bm","38":"pa_countries-bn","39":"pa_countries-bo","40":"pa_countries-bq","41":"pa_countries-br","42":"pa_countries-bs","43":"pa_countries-bt","44":"pa_countries-bv","45":"pa_countries-bw","46":"pa_countries-bz","47":"pa_countries-ca","48":"pa_countries-cc","49":"pa_countries-cd","50":"pa_countries-cf","51":"pa_countries-cg","52":"pa_countries-ch","53":"pa_countries-ci","54":"pa_countries-ck","55":"pa_countries-cl","56":"pa_countries-cm","57":"pa_countries-cn","58":"pa_countries-co","59":"pa_countries-cr","60":"pa_countries-cu","61":"pa_countries-cv","62":"pa_countries-cw","63":"pa_countries-cx","64":"pa_countries-cy","65":"pa_countries-cz","66":"pa_countries-de","67":"pa_countries-dj","68":"pa_countries-dk","69":"pa_countries-dm","70":"pa_countries-do","71":"pa_countries-dz","72":"pa_countries-ec","73":"pa_countries-ee","74":"pa_countries-eg","75":"pa_countries-eh","76":"pa_countries-er","77":"pa_countries-es","78":"pa_countries-et","79":"pa_countries-fi","80":"pa_countries-fj","81":"pa_countries-fk","82":"pa_countries-fm","83":"pa_countries-fo","84":"pa_countries-fr","85":"pa_countries-ga","86":"pa_countries-gb","87":"pa_countries-gd","88":"pa_countries-ge","89":"pa_countries-gf","90":"pa_countries-gg","91":"pa_countries-gh","92":"pa_countries-gi","93":"pa_countries-gl","94":"pa_countries-gm","95":"pa_countries-gn","96":"pa_countries-gp","97":"pa_countries-gq","98":"pa_countries-gr","99":"pa_countries-gs","100":"pa_countries-gt","101":"pa_countries-gu","102":"pa_countries-gw","103":"pa_countries-gy","104":"pa_countries-hk","105":"pa_countries-hm","106":"pa_countries-hn","107":"pa_countries-hr","108":"pa_countries-ht","109":"pa_countries-hu","110":"pa_countries-id","111":"pa_countries-ie","112":"pa_countries-il","113":"pa_countries-im","114":"pa_countries-in","115":"pa_countries-io","116":"pa_countries-iq","117":"pa_countries-ir","118":"pa_countries-is","119":"pa_countries-it","120":"pa_countries-je","121":"pa_countries-jm","122":"pa_countries-jo","123":"pa_countries-jp","124":"pa_countries-ke","125":"pa_countries-kg","126":"pa_countries-kh","127":"pa_countries-ki","128":"pa_countries-km","129":"pa_countries-kn","130":"pa_countries-kp","131":"pa_countries-kr","132":"pa_countries-kw","133":"pa_countries-ky","134":"pa_countries-kz","135":"pa_countries-la","136":"pa_countries-lb","137":"pa_countries-lc","138":"pa_countries-li","139":"pa_countries-lk","140":"pa_countries-lr","141":"pa_countries-ls","142":"pa_countries-lt","143":"pa_countries-lu","144":"pa_countries-lv","145":"pa_countries-ly","146":"pa_countries-ma","147":"pa_countries-mc","148":"pa_countries-md","149":"pa_countries-me","150":"pa_countries-mf","151":"pa_countries-mg","152":"pa_countries-mh","153":"pa_countries-mk","154":"pa_countries-ml","155":"pa_countries-mm","156":"pa_countries-mn","157":"pa_countries-mo","158":"pa_countries-mp","159":"pa_countries-mq","160":"pa_countries-mr","161":"pa_countries-ms","162":"pa_countries-mt","163":"pa_countries-mu","164":"pa_countries-mv","165":"pa_countries-mw","166":"pa_countries-mx","167":"pa_countries-my","168":"pa_countries-mz","169":"pa_countries-na","170":"pa_countries-nc","171":"pa_countries-ne","172":"pa_countries-nf","173":"pa_countries-ng","174":"pa_countries-ni","175":"pa_countries-nl","176":"pa_countries-no","177":"pa_countries-np","178":"pa_countries-nr","179":"pa_countries-nu","180":"pa_countries-nz","181":"pa_countries-om","182":"pa_countries-pa","183":"pa_countries-pe","184":"pa_countries-pf","185":"pa_countries-pg","186":"pa_countries-ph","187":"pa_countries-pk","188":"pa_countries-pl","189":"pa_countries-pm","190":"pa_countries-pn","191":"pa_countries-pr","192":"pa_countries-ps","193":"pa_countries-pt","194":"pa_countries-pw","195":"pa_countries-py","196":"pa_countries-qa","197":"pa_countries-re","198":"pa_countries-ro","199":"pa_countries-rs","200":"pa_countries-rw","201":"pa_countries-sa","202":"pa_countries-sb","203":"pa_countries-sc","204":"pa_countries-sd","205":"pa_countries-se","206":"pa_countries-sg","207":"pa_countries-sh","208":"pa_countries-si","209":"pa_countries-sj","210":"pa_countries-sk","211":"pa_countries-sl","212":"pa_countries-sm","213":"pa_countries-sn","214":"pa_countries-so","215":"pa_countries-sr","216":"pa_countries-ss","218":"pa_countries-st","219":"pa_countries-sv","220":"pa_countries-sx","221":"pa_countries-sy","222":"pa_countries-sz","223":"pa_countries-tc","224":"pa_countries-td","225":"pa_countries-tf","226":"pa_countries-tg","227":"pa_countries-th","228":"pa_countries-tj","229":"pa_countries-tk","230":"pa_countries-tl","231":"pa_countries-tm","232":"pa_countries-tn","233":"pa_countries-to","234":"pa_countries-tr","235":"pa_countries-tt","236":"pa_countries-tv","237":"pa_countries-tw","238":"pa_countries-tz","239":"pa_countries-ua","240":"pa_countries-ug","241":"pa_countries-um","242":"pa_countries-us","243":"pa_countries-uy","244":"pa_countries-uz","245":"pa_countries-va","246":"pa_countries-vc","247":"pa_countries-ve","248":"pa_countries-vg","249":"pa_countries-vi","250":"pa_countries-vn","251":"pa_countries-vu","252":"pa_countries-wf","253":"pa_countries-ws","254":"pa_countries-xk","255":"pa_countries-ye","256":"pa_countries-yt","257":"pa_countries-za","258":"pa_countries-zm","259":"pa_countries-zw","260":"pa_game_type-main_game","262":"pa_genres-adventure","263":"pa_genres-indie","265":"pa_interface-en-us","267":"pa_modes-single-player","269":"pa_platform-pc-steam","271":"pa_rating-14441","272":"pa_rating-773","273":"pa_region-global","275":"pa_themes-action","278":"first","279":"instock","280":"virtual","281":"taxable","282":"purchasable","283":"product-type-simple"},"yoast_head":"<!-- This site is optimized with the Yoast SEO plugin v27.4 - https:\/\/yoast.com\/product\/yoast-seo-wordpress\/ -->\n<title>The Sheltered | BeGamer.cz<\/title>\n<meta name=\"robots\" content=\"index, follow, max-snippet:-1, max-image-preview:large, max-video-preview:-1\" \/>\n<link rel=\"canonical\" href=\"https:\/\/begamer.cz\/sk\/produkt\/the-sheltered-sk\/\" \/>\n<meta property=\"og:locale\" content=\"sk_SK\" \/>\n<meta property=\"og:type\" content=\"article\" \/>\n<meta property=\"og:title\" content=\"The Sheltered | BeGamer.cz\" \/>\n<meta property=\"og:description\" content=\"\u201eThe Sheltered\u201c je advent\u00fara s poh\u013eadom zhora, ktor\u00e1 kladie d\u00f4raz na prieskum a rozhodovanie. Kombin\u00e1ciou oldschoolovej grafiky a jednoduch\u00e9ho hrania s modern\u00fdm rozpr\u00e1van\u00edm pr\u00edbehu a mno\u017estvom mo\u017enost\u00ed vo\u013eby, \u201eThe Sheltered\u201c n\u00fati hr\u00e1\u010da rozhodova\u0165 sa medzi bezpe\u010dnos\u0165ou a mor\u00e1lkou.\" \/>\n<meta property=\"og:url\" content=\"https:\/\/begamer.cz\/sk\/produkt\/the-sheltered-sk\/\" \/>\n<meta property=\"og:site_name\" content=\"BeGamer.cz\" \/>\n<meta property=\"article:modified_time\" content=\"2026-03-18T05:17:45+00:00\" \/>\n<meta property=\"og:image\" content=\"https:\/\/begamer.cz\/wp-content\/uploads\/2026\/01\/the-sheltered-5.webp\" \/>\n\t<meta property=\"og:image:width\" content=\"300\" \/>\n\t<meta property=\"og:image:height\" content=\"400\" \/>\n\t<meta property=\"og:image:type\" content=\"image\/webp\" \/>\n<meta name=\"twitter:card\" content=\"summary_large_image\" \/>\n<meta name=\"twitter:label1\" content=\"Predpokladan\u00fd \u010das \u010d\u00edtania\" \/>\n\t<meta name=\"twitter:data1\" content=\"2 min\u00faty\" \/>\n<script type=\"application\/ld+json\" class=\"yoast-schema-graph\">{\"@context\":\"https:\\\/\\\/schema.org\",\"@graph\":[{\"@type\":\"WebPage\",\"@id\":\"https:\\\/\\\/begamer.cz\\\/sk\\\/produkt\\\/the-sheltered-sk\\\/\",\"url\":\"https:\\\/\\\/begamer.cz\\\/sk\\\/produkt\\\/the-sheltered-sk\\\/\",\"name\":\"The Sheltered | BeGamer.cz\",\"isPartOf\":{\"@id\":\"https:\\\/\\\/begamer.cz\\\/sk\\\/#website\"},\"primaryImageOfPage\":{\"@id\":\"https:\\\/\\\/begamer.cz\\\/sk\\\/produkt\\\/the-sheltered-sk\\\/#primaryimage\"},\"image\":{\"@id\":\"https:\\\/\\\/begamer.cz\\\/sk\\\/produkt\\\/the-sheltered-sk\\\/#primaryimage\"},\"thumbnailUrl\":\"https:\\\/\\\/begamer.cz\\\/wp-content\\\/uploads\\\/2026\\\/01\\\/the-sheltered-5.webp\",\"datePublished\":\"2026-01-30T15:45:07+00:00\",\"dateModified\":\"2026-03-18T05:17:45+00:00\",\"breadcrumb\":{\"@id\":\"https:\\\/\\\/begamer.cz\\\/sk\\\/produkt\\\/the-sheltered-sk\\\/#breadcrumb\"},\"inLanguage\":\"sk-SK\",\"potentialAction\":[{\"@type\":\"ReadAction\",\"target\":[\"https:\\\/\\\/begamer.cz\\\/sk\\\/produkt\\\/the-sheltered-sk\\\/\"]}]},{\"@type\":\"ImageObject\",\"inLanguage\":\"sk-SK\",\"@id\":\"https:\\\/\\\/begamer.cz\\\/sk\\\/produkt\\\/the-sheltered-sk\\\/#primaryimage\",\"url\":\"https:\\\/\\\/begamer.cz\\\/wp-content\\\/uploads\\\/2026\\\/01\\\/the-sheltered-5.webp\",\"contentUrl\":\"https:\\\/\\\/begamer.cz\\\/wp-content\\\/uploads\\\/2026\\\/01\\\/the-sheltered-5.webp\",\"width\":300,\"height\":400},{\"@type\":\"BreadcrumbList\",\"@id\":\"https:\\\/\\\/begamer.cz\\\/sk\\\/produkt\\\/the-sheltered-sk\\\/#breadcrumb\",\"itemListElement\":[{\"@type\":\"ListItem\",\"position\":1,\"name\":\"Domov\",\"item\":\"https:\\\/\\\/begamer.cz\\\/sk\\\/\"},{\"@type\":\"ListItem\",\"position\":2,\"name\":\"Obchod\",\"item\":\"https:\\\/\\\/begamer.cz\\\/obchod\\\/\"},{\"@type\":\"ListItem\",\"position\":3,\"name\":\"The Sheltered\"}]},{\"@type\":\"WebSite\",\"@id\":\"https:\\\/\\\/begamer.cz\\\/sk\\\/#website\",\"url\":\"https:\\\/\\\/begamer.cz\\\/sk\\\/\",\"name\":\"BeGamer.cz\",\"description\":\"\",\"publisher\":{\"@id\":\"https:\\\/\\\/begamer.cz\\\/sk\\\/#organization\"},\"potentialAction\":[{\"@type\":\"SearchAction\",\"target\":{\"@type\":\"EntryPoint\",\"urlTemplate\":\"https:\\\/\\\/begamer.cz\\\/sk\\\/?s={search_term_string}\"},\"query-input\":{\"@type\":\"PropertyValueSpecification\",\"valueRequired\":true,\"valueName\":\"search_term_string\"}}],\"inLanguage\":\"sk-SK\"},{\"@type\":\"Organization\",\"@id\":\"https:\\\/\\\/begamer.cz\\\/sk\\\/#organization\",\"name\":\"BeGamer.cz\",\"url\":\"https:\\\/\\\/begamer.cz\\\/sk\\\/\",\"logo\":{\"@type\":\"ImageObject\",\"inLanguage\":\"sk-SK\",\"@id\":\"https:\\\/\\\/begamer.cz\\\/sk\\\/#\\\/schema\\\/logo\\\/image\\\/\",\"url\":\"https:\\\/\\\/begamer.cz\\\/wp-content\\\/uploads\\\/2025\\\/07\\\/logo.svg\",\"contentUrl\":\"https:\\\/\\\/begamer.cz\\\/wp-content\\\/uploads\\\/2025\\\/07\\\/logo.svg\",\"caption\":\"BeGamer.cz\"},\"image\":{\"@id\":\"https:\\\/\\\/begamer.cz\\\/sk\\\/#\\\/schema\\\/logo\\\/image\\\/\"}}]}<\/script>\n<!-- \/ Yoast SEO plugin. -->","yoast_head_json":{"title":"The Sheltered | BeGamer.cz","robots":{"index":"index","follow":"follow","max-snippet":"max-snippet:-1","max-image-preview":"max-image-preview:large","max-video-preview":"max-video-preview:-1"},"canonical":"https:\/\/begamer.cz\/sk\/produkt\/the-sheltered-sk\/","og_locale":"sk_SK","og_type":"article","og_title":"The Sheltered | BeGamer.cz","og_description":"\u201eThe Sheltered\u201c je advent\u00fara s poh\u013eadom zhora, ktor\u00e1 kladie d\u00f4raz na prieskum a rozhodovanie. Kombin\u00e1ciou oldschoolovej grafiky a jednoduch\u00e9ho hrania s modern\u00fdm rozpr\u00e1van\u00edm pr\u00edbehu a mno\u017estvom mo\u017enost\u00ed vo\u013eby, \u201eThe Sheltered\u201c n\u00fati hr\u00e1\u010da rozhodova\u0165 sa medzi bezpe\u010dnos\u0165ou a mor\u00e1lkou.","og_url":"https:\/\/begamer.cz\/sk\/produkt\/the-sheltered-sk\/","og_site_name":"BeGamer.cz","article_modified_time":"2026-03-18T05:17:45+00:00","og_image":[{"width":300,"height":400,"url":"https:\/\/begamer.cz\/wp-content\/uploads\/2026\/01\/the-sheltered-5.webp","type":"image\/webp"}],"twitter_card":"summary_large_image","twitter_misc":{"Predpokladan\u00fd \u010das \u010d\u00edtania":"2 min\u00faty"},"schema":{"@context":"https:\/\/schema.org","@graph":[{"@type":"WebPage","@id":"https:\/\/begamer.cz\/sk\/produkt\/the-sheltered-sk\/","url":"https:\/\/begamer.cz\/sk\/produkt\/the-sheltered-sk\/","name":"The Sheltered | BeGamer.cz","isPartOf":{"@id":"https:\/\/begamer.cz\/sk\/#website"},"primaryImageOfPage":{"@id":"https:\/\/begamer.cz\/sk\/produkt\/the-sheltered-sk\/#primaryimage"},"image":{"@id":"https:\/\/begamer.cz\/sk\/produkt\/the-sheltered-sk\/#primaryimage"},"thumbnailUrl":"https:\/\/begamer.cz\/wp-content\/uploads\/2026\/01\/the-sheltered-5.webp","datePublished":"2026-01-30T15:45:07+00:00","dateModified":"2026-03-18T05:17:45+00:00","breadcrumb":{"@id":"https:\/\/begamer.cz\/sk\/produkt\/the-sheltered-sk\/#breadcrumb"},"inLanguage":"sk-SK","potentialAction":[{"@type":"ReadAction","target":["https:\/\/begamer.cz\/sk\/produkt\/the-sheltered-sk\/"]}]},{"@type":"ImageObject","inLanguage":"sk-SK","@id":"https:\/\/begamer.cz\/sk\/produkt\/the-sheltered-sk\/#primaryimage","url":"https:\/\/begamer.cz\/wp-content\/uploads\/2026\/01\/the-sheltered-5.webp","contentUrl":"https:\/\/begamer.cz\/wp-content\/uploads\/2026\/01\/the-sheltered-5.webp","width":300,"height":400},{"@type":"BreadcrumbList","@id":"https:\/\/begamer.cz\/sk\/produkt\/the-sheltered-sk\/#breadcrumb","itemListElement":[{"@type":"ListItem","position":1,"name":"Domov","item":"https:\/\/begamer.cz\/sk\/"},{"@type":"ListItem","position":2,"name":"Obchod","item":"https:\/\/begamer.cz\/obchod\/"},{"@type":"ListItem","position":3,"name":"The Sheltered"}]},{"@type":"WebSite","@id":"https:\/\/begamer.cz\/sk\/#website","url":"https:\/\/begamer.cz\/sk\/","name":"BeGamer.cz","description":"","publisher":{"@id":"https:\/\/begamer.cz\/sk\/#organization"},"potentialAction":[{"@type":"SearchAction","target":{"@type":"EntryPoint","urlTemplate":"https:\/\/begamer.cz\/sk\/?s={search_term_string}"},"query-input":{"@type":"PropertyValueSpecification","valueRequired":true,"valueName":"search_term_string"}}],"inLanguage":"sk-SK"},{"@type":"Organization","@id":"https:\/\/begamer.cz\/sk\/#organization","name":"BeGamer.cz","url":"https:\/\/begamer.cz\/sk\/","logo":{"@type":"ImageObject","inLanguage":"sk-SK","@id":"https:\/\/begamer.cz\/sk\/#\/schema\/logo\/image\/","url":"https:\/\/begamer.cz\/wp-content\/uploads\/2025\/07\/logo.svg","contentUrl":"https:\/\/begamer.cz\/wp-content\/uploads\/2025\/07\/logo.svg","caption":"BeGamer.cz"},"image":{"@id":"https:\/\/begamer.cz\/sk\/#\/schema\/logo\/image\/"}}]}},"acf":[],"_links":{"self":[{"href":"https:\/\/begamer.cz\/sk\/wp-json\/wp\/v2\/product\/96827","targetHints":{"allow":["GET"]}}],"collection":[{"href":"https:\/\/begamer.cz\/sk\/wp-json\/wp\/v2\/product"}],"about":[{"href":"https:\/\/begamer.cz\/sk\/wp-json\/wp\/v2\/types\/product"}],"replies":[{"embeddable":true,"href":"https:\/\/begamer.cz\/sk\/wp-json\/wp\/v2\/comments?post=96827"}],"wp:featuredmedia":[{"embeddable":true,"href":"https:\/\/begamer.cz\/sk\/wp-json\/wp\/v2\/media\/66013"}],"wp:attachment":[{"href":"https:\/\/begamer.cz\/sk\/wp-json\/wp\/v2\/media?parent=96827"}],"wp:term":[{"taxonomy":"product_brand","embeddable":true,"href":"https:\/\/begamer.cz\/sk\/wp-json\/wp\/v2\/product_brand?post=96827"},{"taxonomy":"product_cat","embeddable":true,"href":"https:\/\/begamer.cz\/sk\/wp-json\/wp\/v2\/product_cat?post=96827"},{"taxonomy":"product_tag","embeddable":true,"href":"https:\/\/begamer.cz\/sk\/wp-json\/wp\/v2\/product_tag?post=96827"}],"curies":[{"name":"wp","href":"https:\/\/api.w.org\/{rel}","templated":true}]}}