{"id":96803,"date":"2026-01-30T16:44:30","date_gmt":"2026-01-30T15:44:30","guid":{"rendered":"https:\/\/begamer.cz\/produkt\/miasma-chronicles-sk\/"},"modified":"2026-03-18T06:15:26","modified_gmt":"2026-03-18T05:15:26","slug":"miasma-chronicles-sk","status":"publish","type":"product","link":"https:\/\/begamer.cz\/sk\/produkt\/miasma-chronicles-sk\/","title":{"rendered":"Miasma Chronicles"},"content":{"rendered":"<h1>O hre<\/h1>\n<p><span class=\"bb_img_ctn\"><video class=\"bb_img\" autoplay muted loop playsinline poster=\"https:\/\/shared.akamai.steamstatic.com\/store_item_assets\/steam\/apps\/1649010\/extras\/090fd45162c78f9fd8997124f7d6740c.poster.avif?t=1713542288\" width=614 height=180 ><source src=\"https:\/\/shared.akamai.steamstatic.com\/store_item_assets\/steam\/apps\/1649010\/extras\/090fd45162c78f9fd8997124f7d6740c.webm?t=1713542288\" type=\"video\/webm; codecs=vp9\"><source src=\"https:\/\/shared.akamai.steamstatic.com\/store_item_assets\/steam\/apps\/1649010\/extras\/090fd45162c78f9fd8997124f7d6740c.mp4?t=1713542288\" type=\"video\/mp4\"><\/video><\/span><br \/><span class=\"bb_img_ctn\"><video class=\"bb_img\" autoplay muted loop playsinline poster=\"https:\/\/shared.akamai.steamstatic.com\/store_item_assets\/steam\/apps\/1649010\/extras\/aef9f886a2eb4283957680e3cbea247f.poster.avif?t=1713542288\" width=600 height=300 ><source src=\"https:\/\/shared.akamai.steamstatic.com\/store_item_assets\/steam\/apps\/1649010\/extras\/aef9f886a2eb4283957680e3cbea247f.webm?t=1713542288\" type=\"video\/webm; codecs=vp9\"><source src=\"https:\/\/shared.akamai.steamstatic.com\/store_item_assets\/steam\/apps\/1649010\/extras\/aef9f886a2eb4283957680e3cbea247f.mp4?t=1713542288\" type=\"video\/mp4\"><\/video><\/span><\/p>\n<p>V nie pr\u00edli\u0161 vzdialenej bud\u00facnosti. Amerika bola rozdelen\u00e1 divokou silou zn\u00e1mou len ako \u201eMiasma\u201c.<\/p>\n<p>Zozn\u00e1mte sa s Elvisom, mlad\u00fdm mu\u017eom, ktor\u00e9ho ako die\u0165a priviezli do ban\u00edckeho mesta Sedentary. Jeho matka ho zanechala v starostlivosti robotick\u00e9ho star\u0161ieho \u201ebrata\u201c a dala mu tajomn\u00fa rukavicu, pomocou ktorej m\u00f4\u017ee ovl\u00e1da\u0165 Miasmu.<\/p>\n<p>Pridajte sa k bratom na ceste cez postapokalyptick\u00fa pustinu, aby ste na\u0161li odpovede, po ktor\u00fdch t\u00fa\u017eia. Odpovede, ktor\u00e9 m\u00f4\u017eu nav\u017edy zmeni\u0165 chod \u013eudsk\u00fdch dej\u00edn.<\/p>\n<p><strong>\u2022 Hra v re\u00e1lnom \u010dase sp\u00e1ja taktick\u00fd \u0165ahov\u00fd boj s prvkami RPG.<\/strong><br \/><span class=\"bb_img_ctn\"><video class=\"bb_img\" autoplay muted loop playsinline poster=\"https:\/\/shared.akamai.steamstatic.com\/store_item_assets\/steam\/apps\/1649010\/extras\/c1fbaf20bd9dc6a5ad1a6c1ca78b6289.poster.avif?t=1713542288\" width=600 height=300 ><source src=\"https:\/\/shared.akamai.steamstatic.com\/store_item_assets\/steam\/apps\/1649010\/extras\/c1fbaf20bd9dc6a5ad1a6c1ca78b6289.webm?t=1713542288\" type=\"video\/webm; codecs=vp9\"><source src=\"https:\/\/shared.akamai.steamstatic.com\/store_item_assets\/steam\/apps\/1649010\/extras\/c1fbaf20bd9dc6a5ad1a6c1ca78b6289.mp4?t=1713542288\" type=\"video\/mp4\"><\/video><\/span><\/p>\n<p><strong>\u2022 Presk\u00famajte bohat\u00e9 a kr\u00e1sne prostredie a stretnite sa s bizarn\u00fdmi postavami.<\/strong><br \/><span class=\"bb_img_ctn\"><video class=\"bb_img\" autoplay muted loop playsinline poster=\"https:\/\/shared.akamai.steamstatic.com\/store_item_assets\/steam\/apps\/1649010\/extras\/54c4d25537dec3f3ac8f15de79a8dacb.poster.avif?t=1713542288\" width=600 height=300 ><source src=\"https:\/\/shared.akamai.steamstatic.com\/store_item_assets\/steam\/apps\/1649010\/extras\/54c4d25537dec3f3ac8f15de79a8dacb.webm?t=1713542288\" type=\"video\/webm; codecs=vp9\"><source src=\"https:\/\/shared.akamai.steamstatic.com\/store_item_assets\/steam\/apps\/1649010\/extras\/54c4d25537dec3f3ac8f15de79a8dacb.mp4?t=1713542288\" type=\"video\/mp4\"><\/video><\/span><\/p>\n<p><strong>\u2022 Vylep\u0161ite\u013en\u00e9 zbrane a schopnosti d\u00e1vaj\u00fa va\u0161im hrdinom v\u00fdhodu v boji.<\/strong><br \/><span class=\"bb_img_ctn\"><video class=\"bb_img\" autoplay muted loop playsinline poster=\"https:\/\/shared.akamai.steamstatic.com\/store_item_assets\/steam\/apps\/1649010\/extras\/2df1400decc55586e7ea768c8436efaf.poster.avif?t=1713542288\" width=600 height=300 ><source src=\"https:\/\/shared.akamai.steamstatic.com\/store_item_assets\/steam\/apps\/1649010\/extras\/2df1400decc55586e7ea768c8436efaf.webm?t=1713542288\" type=\"video\/webm; codecs=vp9\"><source src=\"https:\/\/shared.akamai.steamstatic.com\/store_item_assets\/steam\/apps\/1649010\/extras\/2df1400decc55586e7ea768c8436efaf.mp4?t=1713542288\" type=\"video\/mp4\"><\/video><\/span><\/p>\n<p><strong>\u2022 P\u00fatav\u00fd fantasy pr\u00edbeh<\/strong>, <strong>prostredn\u00edctvom ktor\u00e9ho sa dozviete pravdu o Miasme.<\/strong><br \/><span class=\"bb_img_ctn\"><video class=\"bb_img\" autoplay muted loop playsinline poster=\"https:\/\/shared.akamai.steamstatic.com\/store_item_assets\/steam\/apps\/1649010\/extras\/7299d34549c8591b1bc4774f4532bafe.poster.avif?t=1713542288\" width=600 height=300 ><source src=\"https:\/\/shared.akamai.steamstatic.com\/store_item_assets\/steam\/apps\/1649010\/extras\/7299d34549c8591b1bc4774f4532bafe.webm?t=1713542288\" type=\"video\/webm; codecs=vp9\"><source src=\"https:\/\/shared.akamai.steamstatic.com\/store_item_assets\/steam\/apps\/1649010\/extras\/7299d34549c8591b1bc4774f4532bafe.mp4?t=1713542288\" type=\"video\/mp4\"><\/video><\/span><\/p>\n<p>Od tvorcov hry Mutant Year Zero: Road to Eden prich\u00e1dza n\u00e1dherne spracovan\u00e9 taktick\u00e9 dobrodru\u017estvo, na ktor\u00e9 nezabudnete.<\/p>\n","protected":false},"excerpt":{"rendered":"<p>Od tvorcov hry Mutant Year Zero: Road to Eden prich\u00e1dza n\u00e1dherne spracovan\u00e9 taktick\u00e9 dobrodru\u017estvo, na ktor\u00e9 nezabudnete. Vydejte sa na v\u00fdpravu cez postapokalyptick\u00fa pustinu rozdelen\u00fa divokou silou zn\u00e1mou len ako \u201eMiasma\u201c.<\/p>\n","protected":false},"featured_media":65866,"comment_status":"open","ping_status":"closed","template":"","meta":{"_acf_changed":false},"product_brand":[],"product_cat":[457,452,471,9091,398,438],"product_tag":[],"class_list":{"0":"post-96803","1":"product","2":"type-product","3":"status-publish","4":"has-post-thumbnail","6":"product_cat-adventury-xbox-series-x-s-sk","7":"product_cat-rpg-xbox-series-x-s-sk","8":"product_cat-strategie-xbox-series-x-s-sk","9":"product_cat-takticke-6","10":"product_cat-xbox-hry-sk","11":"product_cat-xbox-series-x-s-sk","12":"pa_audio-en-us","14":"pa_countries-at","15":"pa_countries-be","16":"pa_countries-bg","17":"pa_countries-cy","18":"pa_countries-cz","20":"pa_countries-de","21":"pa_countries-dk","22":"pa_countries-ee","23":"pa_countries-es","24":"pa_countries-fi","25":"pa_countries-fr","26":"pa_countries-gr","27":"pa_countries-hr","28":"pa_countries-hu","29":"pa_countries-ie","30":"pa_countries-it","31":"pa_countries-lt","32":"pa_countries-lu","33":"pa_countries-lv","34":"pa_countries-mt","35":"pa_countries-nl","36":"pa_countries-pl","37":"pa_countries-pt","38":"pa_countries-ro","39":"pa_countries-se","40":"pa_countries-si","41":"pa_countries-sk","42":"pa_developer-the-bearded-ladies","44":"pa_game_type-main_game","46":"pa_genres-adventure","47":"pa_genres-role-playing-rpg","48":"pa_genres-strategy","49":"pa_genres-tactical","50":"pa_genres-turn-based-strategy-tbs","52":"pa_interface-de-de","53":"pa_interface-en-us","54":"pa_interface-es-es","55":"pa_interface-fr-fr","56":"pa_interface-it-it","57":"pa_interface-ja-jp","58":"pa_interface-ko-kr","59":"pa_interface-pl-pl","60":"pa_interface-pt-br","61":"pa_interface-ru-ru","63":"pa_interface-zh-cn","64":"pa_interface-zh-tw","65":"pa_keywords-controller-support","66":"pa_keywords-post-apocalyptic","67":"pa_keywords-robots","68":"pa_keywords-steam-achievements","69":"pa_keywords-steam-cloud","71":"pa_keywords-steam-families","72":"pa_keywords-tactical-rpg-trpg","73":"pa_keywords-violent","74":"pa_keywords-xbox-controller-support-for-pc","75":"pa_modes-single-player","77":"pa_pegi-956","78":"pa_pegi-13432","79":"pa_platform-xbox-series-x-s","81":"pa_player_perspectives-third-person","83":"pa_publisher-505-games","85":"pa_rating-14527","86":"pa_rating-1482","87":"pa_region-europe","89":"pa_subtitles-de-de","91":"pa_subtitles-en-us","92":"pa_subtitles-es-es","93":"pa_subtitles-fr-fr","94":"pa_subtitles-it-it","95":"pa_subtitles-ja-jp","96":"pa_subtitles-ko-kr","97":"pa_subtitles-pl-pl","98":"pa_subtitles-pt-br","99":"pa_subtitles-ru-ru","100":"pa_subtitles-zh-cn","101":"pa_subtitles-zh-tw","102":"pa_themes-action","103":"pa_themes-science-fiction","106":"first","107":"instock","108":"virtual","109":"taxable","110":"purchasable","111":"product-type-simple"},"yoast_head":"<!-- This site is optimized with the Yoast SEO plugin v27.4 - https:\/\/yoast.com\/product\/yoast-seo-wordpress\/ -->\n<title>Miasma Chronicles | BeGamer.cz<\/title>\n<meta name=\"robots\" content=\"index, follow, max-snippet:-1, max-image-preview:large, max-video-preview:-1\" \/>\n<link rel=\"canonical\" href=\"https:\/\/begamer.cz\/sk\/produkt\/miasma-chronicles-sk\/\" \/>\n<meta property=\"og:locale\" content=\"sk_SK\" \/>\n<meta property=\"og:type\" content=\"article\" \/>\n<meta property=\"og:title\" content=\"Miasma Chronicles | BeGamer.cz\" \/>\n<meta property=\"og:description\" content=\"Od tvorcov hry Mutant Year Zero: Road to Eden prich\u00e1dza n\u00e1dherne spracovan\u00e9 taktick\u00e9 dobrodru\u017estvo, na ktor\u00e9 nezabudnete. Vydejte sa na v\u00fdpravu cez postapokalyptick\u00fa pustinu rozdelen\u00fa divokou silou zn\u00e1mou len ako \u201eMiasma\u201c.\" \/>\n<meta property=\"og:url\" content=\"https:\/\/begamer.cz\/sk\/produkt\/miasma-chronicles-sk\/\" \/>\n<meta property=\"og:site_name\" content=\"BeGamer.cz\" \/>\n<meta property=\"article:modified_time\" content=\"2026-03-18T05:15:26+00:00\" \/>\n<meta property=\"og:image\" content=\"https:\/\/begamer.cz\/wp-content\/uploads\/2026\/01\/miasma-chronicles-7.webp\" \/>\n\t<meta property=\"og:image:width\" content=\"300\" \/>\n\t<meta property=\"og:image:height\" content=\"400\" \/>\n\t<meta property=\"og:image:type\" content=\"image\/webp\" \/>\n<meta name=\"twitter:card\" content=\"summary_large_image\" \/>\n<meta name=\"twitter:label1\" content=\"Predpokladan\u00fd \u010das \u010d\u00edtania\" \/>\n\t<meta name=\"twitter:data1\" content=\"1 min\u00fata\" \/>\n<script type=\"application\/ld+json\" class=\"yoast-schema-graph\">{\"@context\":\"https:\\\/\\\/schema.org\",\"@graph\":[{\"@type\":\"WebPage\",\"@id\":\"https:\\\/\\\/begamer.cz\\\/sk\\\/produkt\\\/miasma-chronicles-sk\\\/\",\"url\":\"https:\\\/\\\/begamer.cz\\\/sk\\\/produkt\\\/miasma-chronicles-sk\\\/\",\"name\":\"Miasma Chronicles | BeGamer.cz\",\"isPartOf\":{\"@id\":\"https:\\\/\\\/begamer.cz\\\/sk\\\/#website\"},\"primaryImageOfPage\":{\"@id\":\"https:\\\/\\\/begamer.cz\\\/sk\\\/produkt\\\/miasma-chronicles-sk\\\/#primaryimage\"},\"image\":{\"@id\":\"https:\\\/\\\/begamer.cz\\\/sk\\\/produkt\\\/miasma-chronicles-sk\\\/#primaryimage\"},\"thumbnailUrl\":\"https:\\\/\\\/begamer.cz\\\/wp-content\\\/uploads\\\/2026\\\/01\\\/miasma-chronicles-7.webp\",\"datePublished\":\"2026-01-30T15:44:30+00:00\",\"dateModified\":\"2026-03-18T05:15:26+00:00\",\"breadcrumb\":{\"@id\":\"https:\\\/\\\/begamer.cz\\\/sk\\\/produkt\\\/miasma-chronicles-sk\\\/#breadcrumb\"},\"inLanguage\":\"sk-SK\",\"potentialAction\":[{\"@type\":\"ReadAction\",\"target\":[\"https:\\\/\\\/begamer.cz\\\/sk\\\/produkt\\\/miasma-chronicles-sk\\\/\"]}]},{\"@type\":\"ImageObject\",\"inLanguage\":\"sk-SK\",\"@id\":\"https:\\\/\\\/begamer.cz\\\/sk\\\/produkt\\\/miasma-chronicles-sk\\\/#primaryimage\",\"url\":\"https:\\\/\\\/begamer.cz\\\/wp-content\\\/uploads\\\/2026\\\/01\\\/miasma-chronicles-7.webp\",\"contentUrl\":\"https:\\\/\\\/begamer.cz\\\/wp-content\\\/uploads\\\/2026\\\/01\\\/miasma-chronicles-7.webp\",\"width\":300,\"height\":400},{\"@type\":\"BreadcrumbList\",\"@id\":\"https:\\\/\\\/begamer.cz\\\/sk\\\/produkt\\\/miasma-chronicles-sk\\\/#breadcrumb\",\"itemListElement\":[{\"@type\":\"ListItem\",\"position\":1,\"name\":\"Domov\",\"item\":\"https:\\\/\\\/begamer.cz\\\/sk\\\/\"},{\"@type\":\"ListItem\",\"position\":2,\"name\":\"Obchod\",\"item\":\"https:\\\/\\\/begamer.cz\\\/obchod\\\/\"},{\"@type\":\"ListItem\",\"position\":3,\"name\":\"Miasma Chronicles\"}]},{\"@type\":\"WebSite\",\"@id\":\"https:\\\/\\\/begamer.cz\\\/sk\\\/#website\",\"url\":\"https:\\\/\\\/begamer.cz\\\/sk\\\/\",\"name\":\"BeGamer.cz\",\"description\":\"\",\"publisher\":{\"@id\":\"https:\\\/\\\/begamer.cz\\\/sk\\\/#organization\"},\"potentialAction\":[{\"@type\":\"SearchAction\",\"target\":{\"@type\":\"EntryPoint\",\"urlTemplate\":\"https:\\\/\\\/begamer.cz\\\/sk\\\/?s={search_term_string}\"},\"query-input\":{\"@type\":\"PropertyValueSpecification\",\"valueRequired\":true,\"valueName\":\"search_term_string\"}}],\"inLanguage\":\"sk-SK\"},{\"@type\":\"Organization\",\"@id\":\"https:\\\/\\\/begamer.cz\\\/sk\\\/#organization\",\"name\":\"BeGamer.cz\",\"url\":\"https:\\\/\\\/begamer.cz\\\/sk\\\/\",\"logo\":{\"@type\":\"ImageObject\",\"inLanguage\":\"sk-SK\",\"@id\":\"https:\\\/\\\/begamer.cz\\\/sk\\\/#\\\/schema\\\/logo\\\/image\\\/\",\"url\":\"https:\\\/\\\/begamer.cz\\\/wp-content\\\/uploads\\\/2025\\\/07\\\/logo.svg\",\"contentUrl\":\"https:\\\/\\\/begamer.cz\\\/wp-content\\\/uploads\\\/2025\\\/07\\\/logo.svg\",\"caption\":\"BeGamer.cz\"},\"image\":{\"@id\":\"https:\\\/\\\/begamer.cz\\\/sk\\\/#\\\/schema\\\/logo\\\/image\\\/\"}}]}<\/script>\n<!-- \/ Yoast SEO plugin. -->","yoast_head_json":{"title":"Miasma Chronicles | BeGamer.cz","robots":{"index":"index","follow":"follow","max-snippet":"max-snippet:-1","max-image-preview":"max-image-preview:large","max-video-preview":"max-video-preview:-1"},"canonical":"https:\/\/begamer.cz\/sk\/produkt\/miasma-chronicles-sk\/","og_locale":"sk_SK","og_type":"article","og_title":"Miasma Chronicles | BeGamer.cz","og_description":"Od tvorcov hry Mutant Year Zero: Road to Eden prich\u00e1dza n\u00e1dherne spracovan\u00e9 taktick\u00e9 dobrodru\u017estvo, na ktor\u00e9 nezabudnete. Vydejte sa na v\u00fdpravu cez postapokalyptick\u00fa pustinu rozdelen\u00fa divokou silou zn\u00e1mou len ako \u201eMiasma\u201c.","og_url":"https:\/\/begamer.cz\/sk\/produkt\/miasma-chronicles-sk\/","og_site_name":"BeGamer.cz","article_modified_time":"2026-03-18T05:15:26+00:00","og_image":[{"width":300,"height":400,"url":"https:\/\/begamer.cz\/wp-content\/uploads\/2026\/01\/miasma-chronicles-7.webp","type":"image\/webp"}],"twitter_card":"summary_large_image","twitter_misc":{"Predpokladan\u00fd \u010das \u010d\u00edtania":"1 min\u00fata"},"schema":{"@context":"https:\/\/schema.org","@graph":[{"@type":"WebPage","@id":"https:\/\/begamer.cz\/sk\/produkt\/miasma-chronicles-sk\/","url":"https:\/\/begamer.cz\/sk\/produkt\/miasma-chronicles-sk\/","name":"Miasma Chronicles | BeGamer.cz","isPartOf":{"@id":"https:\/\/begamer.cz\/sk\/#website"},"primaryImageOfPage":{"@id":"https:\/\/begamer.cz\/sk\/produkt\/miasma-chronicles-sk\/#primaryimage"},"image":{"@id":"https:\/\/begamer.cz\/sk\/produkt\/miasma-chronicles-sk\/#primaryimage"},"thumbnailUrl":"https:\/\/begamer.cz\/wp-content\/uploads\/2026\/01\/miasma-chronicles-7.webp","datePublished":"2026-01-30T15:44:30+00:00","dateModified":"2026-03-18T05:15:26+00:00","breadcrumb":{"@id":"https:\/\/begamer.cz\/sk\/produkt\/miasma-chronicles-sk\/#breadcrumb"},"inLanguage":"sk-SK","potentialAction":[{"@type":"ReadAction","target":["https:\/\/begamer.cz\/sk\/produkt\/miasma-chronicles-sk\/"]}]},{"@type":"ImageObject","inLanguage":"sk-SK","@id":"https:\/\/begamer.cz\/sk\/produkt\/miasma-chronicles-sk\/#primaryimage","url":"https:\/\/begamer.cz\/wp-content\/uploads\/2026\/01\/miasma-chronicles-7.webp","contentUrl":"https:\/\/begamer.cz\/wp-content\/uploads\/2026\/01\/miasma-chronicles-7.webp","width":300,"height":400},{"@type":"BreadcrumbList","@id":"https:\/\/begamer.cz\/sk\/produkt\/miasma-chronicles-sk\/#breadcrumb","itemListElement":[{"@type":"ListItem","position":1,"name":"Domov","item":"https:\/\/begamer.cz\/sk\/"},{"@type":"ListItem","position":2,"name":"Obchod","item":"https:\/\/begamer.cz\/obchod\/"},{"@type":"ListItem","position":3,"name":"Miasma Chronicles"}]},{"@type":"WebSite","@id":"https:\/\/begamer.cz\/sk\/#website","url":"https:\/\/begamer.cz\/sk\/","name":"BeGamer.cz","description":"","publisher":{"@id":"https:\/\/begamer.cz\/sk\/#organization"},"potentialAction":[{"@type":"SearchAction","target":{"@type":"EntryPoint","urlTemplate":"https:\/\/begamer.cz\/sk\/?s={search_term_string}"},"query-input":{"@type":"PropertyValueSpecification","valueRequired":true,"valueName":"search_term_string"}}],"inLanguage":"sk-SK"},{"@type":"Organization","@id":"https:\/\/begamer.cz\/sk\/#organization","name":"BeGamer.cz","url":"https:\/\/begamer.cz\/sk\/","logo":{"@type":"ImageObject","inLanguage":"sk-SK","@id":"https:\/\/begamer.cz\/sk\/#\/schema\/logo\/image\/","url":"https:\/\/begamer.cz\/wp-content\/uploads\/2025\/07\/logo.svg","contentUrl":"https:\/\/begamer.cz\/wp-content\/uploads\/2025\/07\/logo.svg","caption":"BeGamer.cz"},"image":{"@id":"https:\/\/begamer.cz\/sk\/#\/schema\/logo\/image\/"}}]}},"acf":[],"_links":{"self":[{"href":"https:\/\/begamer.cz\/sk\/wp-json\/wp\/v2\/product\/96803","targetHints":{"allow":["GET"]}}],"collection":[{"href":"https:\/\/begamer.cz\/sk\/wp-json\/wp\/v2\/product"}],"about":[{"href":"https:\/\/begamer.cz\/sk\/wp-json\/wp\/v2\/types\/product"}],"replies":[{"embeddable":true,"href":"https:\/\/begamer.cz\/sk\/wp-json\/wp\/v2\/comments?post=96803"}],"wp:featuredmedia":[{"embeddable":true,"href":"https:\/\/begamer.cz\/sk\/wp-json\/wp\/v2\/media\/65866"}],"wp:attachment":[{"href":"https:\/\/begamer.cz\/sk\/wp-json\/wp\/v2\/media?parent=96803"}],"wp:term":[{"taxonomy":"product_brand","embeddable":true,"href":"https:\/\/begamer.cz\/sk\/wp-json\/wp\/v2\/product_brand?post=96803"},{"taxonomy":"product_cat","embeddable":true,"href":"https:\/\/begamer.cz\/sk\/wp-json\/wp\/v2\/product_cat?post=96803"},{"taxonomy":"product_tag","embeddable":true,"href":"https:\/\/begamer.cz\/sk\/wp-json\/wp\/v2\/product_tag?post=96803"}],"curies":[{"name":"wp","href":"https:\/\/api.w.org\/{rel}","templated":true}]}}