{"id":96734,"date":"2026-01-30T16:43:07","date_gmt":"2026-01-30T15:43:07","guid":{"rendered":"https:\/\/begamer.cz\/produkt\/il-2-sturmovik-battle-of-stalingrad-desert-wings-tobruk-sk\/"},"modified":"2026-03-18T06:08:53","modified_gmt":"2026-03-18T05:08:53","slug":"il-2-sturmovik-battle-of-stalingrad-desert-wings-tobruk-sk","status":"publish","type":"product","link":"https:\/\/begamer.cz\/sk\/produkt\/il-2-sturmovik-battle-of-stalingrad-desert-wings-tobruk-sk\/","title":{"rendered":"IL-2 Sturmovik: Battle of Stalingrad \u2013 Desert Wings \u2013 Tobruk"},"content":{"rendered":"<h1>O hre<\/h1>\n<p>IL-2 STURMOVIK, DESERT WINGS \u2013 TOBRUK je pohlcuj\u00faca, realistick\u00e1 a n\u00e1ro\u010dn\u00e1 bojov\u00e1 leteck\u00e1 simul\u00e1cia, ktor\u00e1 sa odohr\u00e1va nad pieskom severoafrickej kampane po\u010das druhej svetovej vojny. Za\u017eite, ak\u00e9 to bolo lieta\u0165 a bojova\u0165 v Messerschmitts, Macchis, Kittyhawks a Spitfires po\u010das p\u00fa\u0161tnej vojny. Bojujte vo vzduchu nad nekone\u010dn\u00fdmi dunami a starobyl\u00fdm pieskovcom severoafrickej p\u00fa\u0161te o kontrolu nad strategick\u00fdm mestom Tobruk na pobre\u017e\u00ed Stredozemn\u00e9ho mora. Lietajte priamo nad zemou a podporujte pozemn\u00e9 jednotky a obrnen\u00e9 \u00fatoky, ke\u010f spojenci bojuj\u00fa proti Afrika Corps a ich legend\u00e1rnym tankom. Zachyt\u00e1vajte nepriate\u013esk\u00e9 lode a podporujte spojeneck\u00e9 konvoje, ktor\u00e9 prin\u00e1\u0161aj\u00fa potrebn\u00e9 z\u00e1soby do vyprahnutej p\u00fa\u0161tnej oblasti. Nikdy predt\u00fdm neexistovala tak\u00e1 podrobn\u00e1 a kr\u00e1sna bojov\u00e1 leteck\u00e1 simul\u00e1cia s t\u00e9mou severnej Afriky. Desert Wings pon\u00faka jedine\u010dn\u00fd a pohlcuj\u00faci z\u00e1\u017eitok z leteck\u00e9ho boja, ak\u00fd nem\u00e1 obdoby!  <\/p>\n<p>V tomto vzru\u0161uj\u00facom novom doplnku IL-2 STURMOVIK: CLIFFS OF DOVER &#8211; BLITZ m\u00f4\u017eete lieta\u0165 s Regia Aeronautica, Luftwaffe alebo Royal Air Force. Za\u017eite v\u0161etko od dvojplo\u0161n\u00edkov\u00fdch vzdu\u0161n\u00fdch s\u00fabojov medzi Gladiatorami a CR-42 v roku 1940 a\u017e po strety medzi elegantn\u00fdmi Macchis a robustn\u00fdmi Kittyhawks v rokoch 1941-42. Lietajte s kr\u00e1tkymi Martletmi, robustn\u00fdmi Hurricanes a elegantn\u00fdmi Spitfire v boji proti smrtiacim Messerschmittom, ktor\u00e9 bojuj\u00fa nad touto vzdialenou \u010das\u0165ou sveta. Desert Wings umo\u017e\u0148uje st\u00edhac\u00edm pilotom v\u0161etk\u00fdch \u00farovn\u00ed zru\u010dnost\u00ed plne sa vyzvali v historicky zalo\u017eenej kampani.<\/p>\n<p>Fan\u00fa\u0161ikovia dvojmotorov\u00fdch bombard\u00e9rov maj\u00fa tie\u017e na v\u00fdber z \u0161irokej \u0161k\u00e1ly nov\u00fdch lietadiel, ktor\u00e9 m\u00f4\u017eu ovl\u00e1da\u0165 \u2013 od horizont\u00e1lnych bombard\u00e9rov po torp\u00e9dov\u00e9 lietadl\u00e1, vr\u00e1tane viacer\u00fdch verzi\u00ed Wellingtonu, nov\u00fdch modelov Heinkel He-111 a univerz\u00e1lneho Ju-88. S\u00fa\u010das\u0165ou hry s\u00fa aj aktualizovan\u00e9 verzie smrtiaceho \u0165a\u017ek\u00e9ho st\u00edha\u010da Beaufighter, ako aj jeho n\u00e1protivok z Luftwaffe, Ju-88C, ktor\u00fd debutuje v \u0161tyroch brut\u00e1lne \u00fa\u010dinn\u00fdch variantoch.<\/p>\n<h2 class=\"bb_tag\" >K\u013e\u00fa\u010dov\u00e9 vlastnosti<\/h2>\n<ul class=\"bb_ul\">\n<li>V hre DESERT WINGS \u2013 TOBRUK je pridan\u00fdch viac ako 40 \u00faplne nov\u00fdch lietate\u013en\u00fdch typov a variantov, okrem aktualizovan\u00fdch tropick\u00fdch verzi\u00ed lietadiel z hry CLIFFS OF DOVER, \u010do hr\u00e1\u010dom umo\u017e\u0148uje pre\u017ei\u0165 cel\u00fa kampa\u0148 od jej po\u010diatkov a\u017e do polovice roku 1942.<\/li>\n<li>Mapa severnej Afriky s rozmermi 385 km x 385 km presne detailne reprodukuje strategick\u00fa pevnos\u0165 Tobruk a \u010dlenit\u00e9 kont\u00fary pobre\u017eia, p\u00fa\u0161te a mora, ktor\u00e9 ju obklopuj\u00fa, s viac ako 75 letiskami, viacer\u00fdmi orienta\u010dn\u00fdmi bodmi a mestami, rozsiahlou cestnou sie\u0165ou, ako aj historick\u00fdmi opevneniami, m\u00ednov\u00fdmi po\u013eami a obrann\u00fdmi zariadeniami.<\/li>\n<li>K p\u00fa\u0161tnym verzi\u00e1m vozidiel z CLIFFS OF DOVER bolo pridan\u00fdch viac ako 25 nov\u00fdch typov tankov, delostrelectva a vozidiel, \u010do umo\u017e\u0148uje obrovsk\u00e9 pozemn\u00e9 bitky v divok\u00fdch detailoch.<\/li>\n<li>N\u00e1morn\u00e9 plavidl\u00e1 z Royal Navy, Regia Marina a Kriegsmarine s\u00fa modelovan\u00e9 vr\u00e1tane obrovsk\u00fdch bojov\u00fdch lod\u00ed, ako aj kr\u00ed\u017enikov, torp\u00e9doborcov, hliadkov\u00fdch lod\u00ed, ponoriek, torp\u00e9dov\u00fdch lod\u00ed a obchodn\u00fdch lod\u00ed. Celkovo je k dispoz\u00edcii viac ako 15 nov\u00fdch lod\u00ed, vr\u00e1tane britsk\u00fdch a talianskych typov, ktor\u00e9 s\u00fa historicky presn\u00e9 pre mapu TOBRUK, ako aj nemeck\u00fdch a britsk\u00fdch typov, ktor\u00e9 m\u00f4\u017eu by\u0165 pou\u017eit\u00e9 na p\u00f4vodnej mape CLIFFS OF DOVER &#8211; BLITZ English Channel.<\/li>\n<li>S\u00fa zahrnut\u00e9 nov\u00e9 detaily lietadiel, vr\u00e1tane efektov prachu pre motory lietadiel, novej technol\u00f3gie motorov, ako je vstrekovanie oxidu dusn\u00e9ho, ako aj presnej\u0161ie modelovanie letu, po\u0161kodenia, vrtule a prehriatia.<\/li>\n<li>Hlavn\u00e9 ovl\u00e1dacie prvky a prep\u00edna\u010de v kokpitoch s\u00fa plne pohybliv\u00e9 a klikate\u013en\u00e9 my\u0161ou.<\/li>\n<li>Vylep\u0161en\u00e1 grafika vr\u00e1tane v\u0161etk\u00fdch nov\u00fdch syst\u00e9mov anti-aliasingu, roz\u0161\u00edrenej vzdialenosti zobrazenia, vylep\u0161en\u00e9ho modelovania ter\u00e9nu a detailov tesel\u00e1cie. Boli pridan\u00e9 nov\u00e9 efekty prachu \u0161peci\u00e1lne prisp\u00f4soben\u00e9 pre p\u00fa\u0161tnu mapu, ako aj vylep\u0161en\u00e9 efekty v\u00fdbuchov, dymu a \u010dast\u00edc.<\/li>\n<li>Vynikaj\u00face multiplayerov\u00e9 prostredie umo\u017e\u0148uje simult\u00e1nne pripojenie viac ako 100 hr\u00e1\u010dov a desiatok lietadiel s umelou inteligenciou, \u010do zaru\u010duje intenz\u00edvne a n\u00e1ro\u010dn\u00e9 vzdu\u0161n\u00e9 s\u00faboje medzi \u013eu\u010fmi.<\/li>\n<li>Nov\u00e9 rutiny umelej inteligencie a vylep\u0161en\u00e9 spr\u00e1vanie lietadiel riaden\u00fdch umelou inteligenciou prid\u00e1vaj\u00fa na vzru\u0161en\u00ed z detailn\u00fdch kampan\u00ed v re\u017eime Single Player pre pilotov Regia Aeronautica, Luftwaffe a Royal Air Force.<\/li>\n<li>Aktualizovan\u00fd Mission Builder poskytuje mo\u017enos\u0165 vytv\u00e1ra\u0165 misie a kampane vytvoren\u00e9 hr\u00e1\u010dmi.<\/li>\n<li>Hr\u00e1\u010di maj\u00fa mo\u017enos\u0165 pokra\u010dova\u0165 v kampani v Laman\u0161skom prielive na mape CLIFFS OF DOVER &#8211; BLITZ s \u010fal\u0161\u00edmi nov\u00fdmi typmi lietadiel, vozidiel a lod\u00ed, ktor\u00e9 pokr\u00fdvaj\u00fa obdobie od okt\u00f3bra 1940 do augusta 1941.<\/li>\n<li>IL-2 STURMOVIK: DESERT WINGS &#8211; TOBRUK je vzru\u0161uj\u00facim a n\u00e1ro\u010dn\u00fdm doplnkom k produktovej rade IL-2 STURMOVIK: CLIFFS OF DOVER, ktor\u00fd umo\u017e\u0148uje hr\u00e1\u010dom ponori\u0165 sa do kritick\u00e9ho momentu hist\u00f3rie, ke\u010f sa rozhodovalo o kontrole nad Stredozemn\u00fdm morom a Suezsk\u00fdm kan\u00e1lom.<\/li>\n<\/ul>\n<p>* IL-2 STURMOVIK, DESERT WINGS \u2013 TOBRUK vy\u017eaduje na hranie z\u00e1kladn\u00fa hru IL-2 Sturmovik: Cliffs of Dover Blitz Edition.<\/p>\n<p>&#8212;-<\/p>\n","protected":false},"excerpt":{"rendered":"<p>IL-2 STURMOVIK, DESERT WINGS &#8211; TOBRUK je pohlcuj\u00faca, realistick\u00e1 a n\u00e1ro\u010dn\u00e1 bojov\u00e1 leteck\u00e1 simul\u00e1cia, ktor\u00e1 sa odohr\u00e1va v pieskoch severnej Afriky po\u010das druhej svetovej vojny. Za\u017eite, ak\u00e9 to bolo lieta\u0165 a bojova\u0165 v Messerschmitts, Macchis, Kittyhawks a Spitfires po\u010das p\u00fa\u0161tnej vojny.<\/p>\n","protected":false},"featured_media":21550,"comment_status":"open","ping_status":"closed","template":"","meta":{"_acf_changed":false},"product_brand":[],"product_cat":[268,266,314,312],"product_tag":[],"class_list":{"0":"post-96734","1":"product","2":"type-product","3":"status-publish","4":"has-post-thumbnail","6":"product_cat-pc-sk","7":"product_cat-pc-hry-sk","8":"product_cat-simulatory-pc-hry-sk","9":"product_cat-steam-pc-sk","10":"pa_audio-de-de","11":"pa_audio-en-us","13":"pa_countries-ad","14":"pa_countries-ae","15":"pa_countries-af","16":"pa_countries-ag","17":"pa_countries-ai","18":"pa_countries-al","19":"pa_countries-am","20":"pa_countries-ao","21":"pa_countries-aq","22":"pa_countries-ar","23":"pa_countries-as","24":"pa_countries-at","25":"pa_countries-au","26":"pa_countries-aw","27":"pa_countries-ax","28":"pa_countries-az","29":"pa_countries-ba","30":"pa_countries-bb","31":"pa_countries-bd","32":"pa_countries-be","33":"pa_countries-bf","34":"pa_countries-bg","35":"pa_countries-bh","36":"pa_countries-bi","37":"pa_countries-bj","38":"pa_countries-bl","39":"pa_countries-bm","40":"pa_countries-bn","41":"pa_countries-bo","42":"pa_countries-bq","43":"pa_countries-br","44":"pa_countries-bs","45":"pa_countries-bt","46":"pa_countries-bv","47":"pa_countries-bw","48":"pa_countries-bz","49":"pa_countries-ca","50":"pa_countries-cc","51":"pa_countries-cd","52":"pa_countries-cf","53":"pa_countries-cg","54":"pa_countries-ch","55":"pa_countries-ci","56":"pa_countries-ck","57":"pa_countries-cl","58":"pa_countries-cm","59":"pa_countries-cn","60":"pa_countries-co","61":"pa_countries-cr","62":"pa_countries-cu","63":"pa_countries-cv","64":"pa_countries-cw","65":"pa_countries-cx","66":"pa_countries-cy","67":"pa_countries-cz","68":"pa_countries-de","69":"pa_countries-dj","70":"pa_countries-dk","71":"pa_countries-dm","72":"pa_countries-do","73":"pa_countries-dz","74":"pa_countries-ec","75":"pa_countries-ee","76":"pa_countries-eg","77":"pa_countries-eh","78":"pa_countries-er","79":"pa_countries-es","80":"pa_countries-et","81":"pa_countries-fi","82":"pa_countries-fj","83":"pa_countries-fk","84":"pa_countries-fm","85":"pa_countries-fo","86":"pa_countries-fr","87":"pa_countries-ga","88":"pa_countries-gb","89":"pa_countries-gd","90":"pa_countries-ge","91":"pa_countries-gf","92":"pa_countries-gg","93":"pa_countries-gh","94":"pa_countries-gi","95":"pa_countries-gl","96":"pa_countries-gm","97":"pa_countries-gn","98":"pa_countries-gp","99":"pa_countries-gq","100":"pa_countries-gr","101":"pa_countries-gs","102":"pa_countries-gt","103":"pa_countries-gu","104":"pa_countries-gw","105":"pa_countries-gy","106":"pa_countries-hk","107":"pa_countries-hm","108":"pa_countries-hn","109":"pa_countries-hr","110":"pa_countries-ht","111":"pa_countries-hu","112":"pa_countries-id","113":"pa_countries-ie","114":"pa_countries-il","115":"pa_countries-im","116":"pa_countries-in","117":"pa_countries-io","118":"pa_countries-iq","119":"pa_countries-ir","120":"pa_countries-is","121":"pa_countries-it","122":"pa_countries-je","123":"pa_countries-jm","124":"pa_countries-jo","125":"pa_countries-jp","126":"pa_countries-ke","127":"pa_countries-kg","128":"pa_countries-kh","129":"pa_countries-ki","130":"pa_countries-km","131":"pa_countries-kn","132":"pa_countries-kp","133":"pa_countries-kr","134":"pa_countries-kw","135":"pa_countries-ky","136":"pa_countries-kz","137":"pa_countries-la","138":"pa_countries-lb","139":"pa_countries-lc","140":"pa_countries-li","141":"pa_countries-lk","142":"pa_countries-lr","143":"pa_countries-ls","144":"pa_countries-lt","145":"pa_countries-lu","146":"pa_countries-lv","147":"pa_countries-ly","148":"pa_countries-ma","149":"pa_countries-mc","150":"pa_countries-md","151":"pa_countries-me","152":"pa_countries-mf","153":"pa_countries-mg","154":"pa_countries-mh","155":"pa_countries-mk","156":"pa_countries-ml","157":"pa_countries-mm","158":"pa_countries-mn","159":"pa_countries-mo","160":"pa_countries-mp","161":"pa_countries-mq","162":"pa_countries-mr","163":"pa_countries-ms","164":"pa_countries-mt","165":"pa_countries-mu","166":"pa_countries-mv","167":"pa_countries-mw","168":"pa_countries-mx","169":"pa_countries-my","170":"pa_countries-mz","171":"pa_countries-na","172":"pa_countries-nc","173":"pa_countries-ne","174":"pa_countries-nf","175":"pa_countries-ng","176":"pa_countries-ni","177":"pa_countries-nl","178":"pa_countries-no","179":"pa_countries-np","180":"pa_countries-nr","181":"pa_countries-nu","182":"pa_countries-nz","183":"pa_countries-om","184":"pa_countries-pa","185":"pa_countries-pe","186":"pa_countries-pf","187":"pa_countries-pg","188":"pa_countries-ph","189":"pa_countries-pk","190":"pa_countries-pl","191":"pa_countries-pm","192":"pa_countries-pn","193":"pa_countries-pr","194":"pa_countries-ps","195":"pa_countries-pt","196":"pa_countries-pw","197":"pa_countries-py","198":"pa_countries-qa","199":"pa_countries-re","200":"pa_countries-ro","201":"pa_countries-rs","202":"pa_countries-rw","203":"pa_countries-sa","204":"pa_countries-sb","205":"pa_countries-sc","206":"pa_countries-sd","207":"pa_countries-se","208":"pa_countries-sg","209":"pa_countries-sh","210":"pa_countries-si","211":"pa_countries-sj","212":"pa_countries-sk","213":"pa_countries-sl","214":"pa_countries-sm","215":"pa_countries-sn","216":"pa_countries-so","217":"pa_countries-sr","218":"pa_countries-ss","220":"pa_countries-st","221":"pa_countries-sv","222":"pa_countries-sx","223":"pa_countries-sy","224":"pa_countries-sz","225":"pa_countries-tc","226":"pa_countries-td","227":"pa_countries-tf","228":"pa_countries-tg","229":"pa_countries-th","230":"pa_countries-tj","231":"pa_countries-tk","232":"pa_countries-tl","233":"pa_countries-tm","234":"pa_countries-tn","235":"pa_countries-to","236":"pa_countries-tr","237":"pa_countries-tt","238":"pa_countries-tv","239":"pa_countries-tw","240":"pa_countries-tz","241":"pa_countries-ua","242":"pa_countries-ug","243":"pa_countries-um","244":"pa_countries-us","245":"pa_countries-uy","246":"pa_countries-uz","247":"pa_countries-va","248":"pa_countries-vc","249":"pa_countries-ve","250":"pa_countries-vg","251":"pa_countries-vi","252":"pa_countries-vn","253":"pa_countries-vu","254":"pa_countries-wf","255":"pa_countries-ws","256":"pa_countries-xk","257":"pa_countries-ye","258":"pa_countries-yt","259":"pa_countries-za","260":"pa_countries-zm","261":"pa_countries-zw","262":"pa_developer-1c-777","264":"pa_game_type-dlc","266":"pa_genres-simulator","268":"pa_interface-cs-cz","269":"pa_interface-de-de","270":"pa_interface-en-us","271":"pa_interface-es-es","272":"pa_interface-fr-fr","273":"pa_interface-it-it","274":"pa_interface-pl-pl","275":"pa_interface-ru-ru","277":"pa_keywords-airplane","279":"pa_keywords-combat-flight-simulator","280":"pa_modes-co-operative","281":"pa_modes-multiplayer","283":"pa_modes-single-player","284":"pa_pegi-13428","285":"pa_pegi-927","286":"pa_platform-pc-steam","288":"pa_player_perspectives-first-person","290":"pa_publisher-1c-entertainment","292":"pa_rating-14441","293":"pa_rating-773","294":"pa_region-global","296":"pa_subtitles-cs-cz","297":"pa_subtitles-de-de","299":"pa_subtitles-en-us","300":"pa_subtitles-es-es","301":"pa_subtitles-fr-fr","302":"pa_subtitles-it-it","303":"pa_subtitles-pl-pl","304":"pa_subtitles-ru-ru","305":"pa_themes-action","306":"pa_themes-historical","307":"pa_themes-warfare","310":"first","311":"instock","312":"virtual","313":"taxable","314":"purchasable","315":"product-type-simple"},"yoast_head":"<!-- This site is optimized with the Yoast SEO plugin v27.4 - https:\/\/yoast.com\/product\/yoast-seo-wordpress\/ -->\n<title>IL-2 Sturmovik: Battle of Stalingrad - Desert Wings - Tobruk | BeGamer.cz<\/title>\n<meta name=\"robots\" content=\"index, follow, max-snippet:-1, max-image-preview:large, max-video-preview:-1\" \/>\n<link rel=\"canonical\" href=\"https:\/\/begamer.cz\/sk\/produkt\/il-2-sturmovik-battle-of-stalingrad-desert-wings-tobruk-sk\/\" \/>\n<meta property=\"og:locale\" content=\"sk_SK\" \/>\n<meta property=\"og:type\" content=\"article\" \/>\n<meta property=\"og:title\" content=\"IL-2 Sturmovik: Battle of Stalingrad - Desert Wings - Tobruk | BeGamer.cz\" \/>\n<meta property=\"og:description\" content=\"IL-2 STURMOVIK, DESERT WINGS - TOBRUK je pohlcuj\u00faca, realistick\u00e1 a n\u00e1ro\u010dn\u00e1 bojov\u00e1 leteck\u00e1 simul\u00e1cia, ktor\u00e1 sa odohr\u00e1va v pieskoch severnej Afriky po\u010das druhej svetovej vojny. Za\u017eite, ak\u00e9 to bolo lieta\u0165 a bojova\u0165 v Messerschmitts, Macchis, Kittyhawks a Spitfires po\u010das p\u00fa\u0161tnej vojny.\" \/>\n<meta property=\"og:url\" content=\"https:\/\/begamer.cz\/sk\/produkt\/il-2-sturmovik-battle-of-stalingrad-desert-wings-tobruk-sk\/\" \/>\n<meta property=\"og:site_name\" content=\"BeGamer.cz\" \/>\n<meta property=\"article:modified_time\" content=\"2026-03-18T05:08:53+00:00\" \/>\n<meta property=\"og:image\" content=\"https:\/\/begamer.cz\/wp-content\/uploads\/2026\/01\/il-2-sturmovik-battle-of-stalingrad-desert-wings-tobruk-31.webp\" \/>\n\t<meta property=\"og:image:width\" content=\"300\" \/>\n\t<meta property=\"og:image:height\" content=\"400\" \/>\n\t<meta property=\"og:image:type\" content=\"image\/webp\" \/>\n<meta name=\"twitter:card\" content=\"summary_large_image\" \/>\n<meta name=\"twitter:label1\" content=\"Predpokladan\u00fd \u010das \u010d\u00edtania\" \/>\n\t<meta name=\"twitter:data1\" content=\"4 min\u00faty\" \/>\n<script type=\"application\/ld+json\" class=\"yoast-schema-graph\">{\"@context\":\"https:\\\/\\\/schema.org\",\"@graph\":[{\"@type\":\"WebPage\",\"@id\":\"https:\\\/\\\/begamer.cz\\\/sk\\\/produkt\\\/il-2-sturmovik-battle-of-stalingrad-desert-wings-tobruk-sk\\\/\",\"url\":\"https:\\\/\\\/begamer.cz\\\/sk\\\/produkt\\\/il-2-sturmovik-battle-of-stalingrad-desert-wings-tobruk-sk\\\/\",\"name\":\"IL-2 Sturmovik: Battle of Stalingrad - Desert Wings - Tobruk | BeGamer.cz\",\"isPartOf\":{\"@id\":\"https:\\\/\\\/begamer.cz\\\/sk\\\/#website\"},\"primaryImageOfPage\":{\"@id\":\"https:\\\/\\\/begamer.cz\\\/sk\\\/produkt\\\/il-2-sturmovik-battle-of-stalingrad-desert-wings-tobruk-sk\\\/#primaryimage\"},\"image\":{\"@id\":\"https:\\\/\\\/begamer.cz\\\/sk\\\/produkt\\\/il-2-sturmovik-battle-of-stalingrad-desert-wings-tobruk-sk\\\/#primaryimage\"},\"thumbnailUrl\":\"https:\\\/\\\/begamer.cz\\\/wp-content\\\/uploads\\\/2026\\\/01\\\/il-2-sturmovik-battle-of-stalingrad-desert-wings-tobruk-31.webp\",\"datePublished\":\"2026-01-30T15:43:07+00:00\",\"dateModified\":\"2026-03-18T05:08:53+00:00\",\"breadcrumb\":{\"@id\":\"https:\\\/\\\/begamer.cz\\\/sk\\\/produkt\\\/il-2-sturmovik-battle-of-stalingrad-desert-wings-tobruk-sk\\\/#breadcrumb\"},\"inLanguage\":\"sk-SK\",\"potentialAction\":[{\"@type\":\"ReadAction\",\"target\":[\"https:\\\/\\\/begamer.cz\\\/sk\\\/produkt\\\/il-2-sturmovik-battle-of-stalingrad-desert-wings-tobruk-sk\\\/\"]}]},{\"@type\":\"ImageObject\",\"inLanguage\":\"sk-SK\",\"@id\":\"https:\\\/\\\/begamer.cz\\\/sk\\\/produkt\\\/il-2-sturmovik-battle-of-stalingrad-desert-wings-tobruk-sk\\\/#primaryimage\",\"url\":\"https:\\\/\\\/begamer.cz\\\/wp-content\\\/uploads\\\/2026\\\/01\\\/il-2-sturmovik-battle-of-stalingrad-desert-wings-tobruk-31.webp\",\"contentUrl\":\"https:\\\/\\\/begamer.cz\\\/wp-content\\\/uploads\\\/2026\\\/01\\\/il-2-sturmovik-battle-of-stalingrad-desert-wings-tobruk-31.webp\",\"width\":300,\"height\":400},{\"@type\":\"BreadcrumbList\",\"@id\":\"https:\\\/\\\/begamer.cz\\\/sk\\\/produkt\\\/il-2-sturmovik-battle-of-stalingrad-desert-wings-tobruk-sk\\\/#breadcrumb\",\"itemListElement\":[{\"@type\":\"ListItem\",\"position\":1,\"name\":\"Domov\",\"item\":\"https:\\\/\\\/begamer.cz\\\/sk\\\/\"},{\"@type\":\"ListItem\",\"position\":2,\"name\":\"Obchod\",\"item\":\"https:\\\/\\\/begamer.cz\\\/obchod\\\/\"},{\"@type\":\"ListItem\",\"position\":3,\"name\":\"IL-2 Sturmovik: Battle of Stalingrad &#8211; Desert Wings &#8211; Tobruk\"}]},{\"@type\":\"WebSite\",\"@id\":\"https:\\\/\\\/begamer.cz\\\/sk\\\/#website\",\"url\":\"https:\\\/\\\/begamer.cz\\\/sk\\\/\",\"name\":\"BeGamer.cz\",\"description\":\"\",\"publisher\":{\"@id\":\"https:\\\/\\\/begamer.cz\\\/sk\\\/#organization\"},\"potentialAction\":[{\"@type\":\"SearchAction\",\"target\":{\"@type\":\"EntryPoint\",\"urlTemplate\":\"https:\\\/\\\/begamer.cz\\\/sk\\\/?s={search_term_string}\"},\"query-input\":{\"@type\":\"PropertyValueSpecification\",\"valueRequired\":true,\"valueName\":\"search_term_string\"}}],\"inLanguage\":\"sk-SK\"},{\"@type\":\"Organization\",\"@id\":\"https:\\\/\\\/begamer.cz\\\/sk\\\/#organization\",\"name\":\"BeGamer.cz\",\"url\":\"https:\\\/\\\/begamer.cz\\\/sk\\\/\",\"logo\":{\"@type\":\"ImageObject\",\"inLanguage\":\"sk-SK\",\"@id\":\"https:\\\/\\\/begamer.cz\\\/sk\\\/#\\\/schema\\\/logo\\\/image\\\/\",\"url\":\"https:\\\/\\\/begamer.cz\\\/wp-content\\\/uploads\\\/2025\\\/07\\\/logo.svg\",\"contentUrl\":\"https:\\\/\\\/begamer.cz\\\/wp-content\\\/uploads\\\/2025\\\/07\\\/logo.svg\",\"caption\":\"BeGamer.cz\"},\"image\":{\"@id\":\"https:\\\/\\\/begamer.cz\\\/sk\\\/#\\\/schema\\\/logo\\\/image\\\/\"}}]}<\/script>\n<!-- \/ Yoast SEO plugin. -->","yoast_head_json":{"title":"IL-2 Sturmovik: Battle of Stalingrad - Desert Wings - Tobruk | BeGamer.cz","robots":{"index":"index","follow":"follow","max-snippet":"max-snippet:-1","max-image-preview":"max-image-preview:large","max-video-preview":"max-video-preview:-1"},"canonical":"https:\/\/begamer.cz\/sk\/produkt\/il-2-sturmovik-battle-of-stalingrad-desert-wings-tobruk-sk\/","og_locale":"sk_SK","og_type":"article","og_title":"IL-2 Sturmovik: Battle of Stalingrad - Desert Wings - Tobruk | BeGamer.cz","og_description":"IL-2 STURMOVIK, DESERT WINGS - TOBRUK je pohlcuj\u00faca, realistick\u00e1 a n\u00e1ro\u010dn\u00e1 bojov\u00e1 leteck\u00e1 simul\u00e1cia, ktor\u00e1 sa odohr\u00e1va v pieskoch severnej Afriky po\u010das druhej svetovej vojny. Za\u017eite, ak\u00e9 to bolo lieta\u0165 a bojova\u0165 v Messerschmitts, Macchis, Kittyhawks a Spitfires po\u010das p\u00fa\u0161tnej vojny.","og_url":"https:\/\/begamer.cz\/sk\/produkt\/il-2-sturmovik-battle-of-stalingrad-desert-wings-tobruk-sk\/","og_site_name":"BeGamer.cz","article_modified_time":"2026-03-18T05:08:53+00:00","og_image":[{"width":300,"height":400,"url":"https:\/\/begamer.cz\/wp-content\/uploads\/2026\/01\/il-2-sturmovik-battle-of-stalingrad-desert-wings-tobruk-31.webp","type":"image\/webp"}],"twitter_card":"summary_large_image","twitter_misc":{"Predpokladan\u00fd \u010das \u010d\u00edtania":"4 min\u00faty"},"schema":{"@context":"https:\/\/schema.org","@graph":[{"@type":"WebPage","@id":"https:\/\/begamer.cz\/sk\/produkt\/il-2-sturmovik-battle-of-stalingrad-desert-wings-tobruk-sk\/","url":"https:\/\/begamer.cz\/sk\/produkt\/il-2-sturmovik-battle-of-stalingrad-desert-wings-tobruk-sk\/","name":"IL-2 Sturmovik: Battle of Stalingrad - Desert Wings - Tobruk | BeGamer.cz","isPartOf":{"@id":"https:\/\/begamer.cz\/sk\/#website"},"primaryImageOfPage":{"@id":"https:\/\/begamer.cz\/sk\/produkt\/il-2-sturmovik-battle-of-stalingrad-desert-wings-tobruk-sk\/#primaryimage"},"image":{"@id":"https:\/\/begamer.cz\/sk\/produkt\/il-2-sturmovik-battle-of-stalingrad-desert-wings-tobruk-sk\/#primaryimage"},"thumbnailUrl":"https:\/\/begamer.cz\/wp-content\/uploads\/2026\/01\/il-2-sturmovik-battle-of-stalingrad-desert-wings-tobruk-31.webp","datePublished":"2026-01-30T15:43:07+00:00","dateModified":"2026-03-18T05:08:53+00:00","breadcrumb":{"@id":"https:\/\/begamer.cz\/sk\/produkt\/il-2-sturmovik-battle-of-stalingrad-desert-wings-tobruk-sk\/#breadcrumb"},"inLanguage":"sk-SK","potentialAction":[{"@type":"ReadAction","target":["https:\/\/begamer.cz\/sk\/produkt\/il-2-sturmovik-battle-of-stalingrad-desert-wings-tobruk-sk\/"]}]},{"@type":"ImageObject","inLanguage":"sk-SK","@id":"https:\/\/begamer.cz\/sk\/produkt\/il-2-sturmovik-battle-of-stalingrad-desert-wings-tobruk-sk\/#primaryimage","url":"https:\/\/begamer.cz\/wp-content\/uploads\/2026\/01\/il-2-sturmovik-battle-of-stalingrad-desert-wings-tobruk-31.webp","contentUrl":"https:\/\/begamer.cz\/wp-content\/uploads\/2026\/01\/il-2-sturmovik-battle-of-stalingrad-desert-wings-tobruk-31.webp","width":300,"height":400},{"@type":"BreadcrumbList","@id":"https:\/\/begamer.cz\/sk\/produkt\/il-2-sturmovik-battle-of-stalingrad-desert-wings-tobruk-sk\/#breadcrumb","itemListElement":[{"@type":"ListItem","position":1,"name":"Domov","item":"https:\/\/begamer.cz\/sk\/"},{"@type":"ListItem","position":2,"name":"Obchod","item":"https:\/\/begamer.cz\/obchod\/"},{"@type":"ListItem","position":3,"name":"IL-2 Sturmovik: Battle of Stalingrad &#8211; Desert Wings &#8211; Tobruk"}]},{"@type":"WebSite","@id":"https:\/\/begamer.cz\/sk\/#website","url":"https:\/\/begamer.cz\/sk\/","name":"BeGamer.cz","description":"","publisher":{"@id":"https:\/\/begamer.cz\/sk\/#organization"},"potentialAction":[{"@type":"SearchAction","target":{"@type":"EntryPoint","urlTemplate":"https:\/\/begamer.cz\/sk\/?s={search_term_string}"},"query-input":{"@type":"PropertyValueSpecification","valueRequired":true,"valueName":"search_term_string"}}],"inLanguage":"sk-SK"},{"@type":"Organization","@id":"https:\/\/begamer.cz\/sk\/#organization","name":"BeGamer.cz","url":"https:\/\/begamer.cz\/sk\/","logo":{"@type":"ImageObject","inLanguage":"sk-SK","@id":"https:\/\/begamer.cz\/sk\/#\/schema\/logo\/image\/","url":"https:\/\/begamer.cz\/wp-content\/uploads\/2025\/07\/logo.svg","contentUrl":"https:\/\/begamer.cz\/wp-content\/uploads\/2025\/07\/logo.svg","caption":"BeGamer.cz"},"image":{"@id":"https:\/\/begamer.cz\/sk\/#\/schema\/logo\/image\/"}}]}},"acf":[],"_links":{"self":[{"href":"https:\/\/begamer.cz\/sk\/wp-json\/wp\/v2\/product\/96734","targetHints":{"allow":["GET"]}}],"collection":[{"href":"https:\/\/begamer.cz\/sk\/wp-json\/wp\/v2\/product"}],"about":[{"href":"https:\/\/begamer.cz\/sk\/wp-json\/wp\/v2\/types\/product"}],"replies":[{"embeddable":true,"href":"https:\/\/begamer.cz\/sk\/wp-json\/wp\/v2\/comments?post=96734"}],"wp:featuredmedia":[{"embeddable":true,"href":"https:\/\/begamer.cz\/sk\/wp-json\/wp\/v2\/media\/21550"}],"wp:attachment":[{"href":"https:\/\/begamer.cz\/sk\/wp-json\/wp\/v2\/media?parent=96734"}],"wp:term":[{"taxonomy":"product_brand","embeddable":true,"href":"https:\/\/begamer.cz\/sk\/wp-json\/wp\/v2\/product_brand?post=96734"},{"taxonomy":"product_cat","embeddable":true,"href":"https:\/\/begamer.cz\/sk\/wp-json\/wp\/v2\/product_cat?post=96734"},{"taxonomy":"product_tag","embeddable":true,"href":"https:\/\/begamer.cz\/sk\/wp-json\/wp\/v2\/product_tag?post=96734"}],"curies":[{"name":"wp","href":"https:\/\/api.w.org\/{rel}","templated":true}]}}