{"id":96590,"date":"2026-01-30T16:40:32","date_gmt":"2026-01-30T15:40:32","guid":{"rendered":"https:\/\/begamer.cz\/produkt\/total-war-pharaoh-sk\/"},"modified":"2026-03-18T05:53:32","modified_gmt":"2026-03-18T04:53:32","slug":"total-war-pharaoh-sk","status":"publish","type":"product","link":"https:\/\/begamer.cz\/sk\/produkt\/total-war-pharaoh-sk\/","title":{"rendered":"Total War: Pharaoh"},"content":{"rendered":"<h1>O hre<\/h1>\n<p><span class=\"bb_img_ctn\"><img decoding=\"async\" class=\"bb_img\" src=\"https:\/\/shared.akamai.steamstatic.com\/store_item_assets\/steam\/apps\/1937780\/extras\/dfb1ac82d7f441b17249f3ebe971e1a4.avif?t=1730284459\" width=600 height=330 \/><\/span><\/p>\n<p><span class=\"bb_img_ctn\"><img decoding=\"async\" class=\"bb_img\" src=\"https:\/\/shared.akamai.steamstatic.com\/store_item_assets\/steam\/apps\/1937780\/extras\/c99daf0cc8323b743703847cc123ebee.avif?t=1730284459\" width=616 height=83 \/><\/span><\/p>\n<p>V hre Total War: PHARAOH sa ponor\u00edte do starovek\u00e9ho Egypta na vrchole jeho moci a za\u017eijete dramatick\u00e9 udalosti, ktor\u00e9 ohrozuj\u00fa jeho z\u00e1nik. S dynamick\u00fdmi bitkami v re\u00e1lnom \u010dase a neuverite\u013en\u00fdm \u0165ahov\u00fdm riaden\u00edm r\u00ed\u0161e sa stanete posledn\u00fdm ve\u013ek\u00fdm fara\u00f3nom Egypta alebo dobyvate\u013esk\u00fdm ve\u013ek\u00fdm kr\u00e1\u013eom Chetitov? Alebo prevezmete velenie nad krvila\u010dn\u00fdmi hordami morsk\u00fdch n\u00e1rodov a sp\u00f4sob\u00edte z\u00e1nik bronzovej doby?  <\/p>\n<p>S bl\u00ed\u017eiacim sa z\u00e1nikom bronzovej doby a tmav\u00fdmi plachtami morsk\u00fdch n\u00e1rodov zap\u013a\u0148aj\u00facimi obzor \u013eudia v Egypte volaj\u00fa po novom vodcovi. Mnoh\u00ed t\u00fa\u017eia po moci tr\u00f3nu, ale cesta k tomu, aby sa stali fara\u00f3nom, je nebezpe\u010dn\u00e1. Objavte \u00fachvatn\u00fa a \u017eiv\u00fa rekon\u0161trukciu z\u00e1niku bronzovej doby, ke\u010f bojujete proti spolo\u010densk\u00e9mu chaosu, \u010del\u00edte pr\u00edrodn\u00fdm katastrof\u00e1m a bojujete za ochranu svojho \u013eudu pred vlnami \u00fato\u010dn\u00edkov.<\/p>\n<p><span class=\"bb_img_ctn\"><video class=\"bb_img\" autoplay muted loop playsinline poster=\"https:\/\/shared.akamai.steamstatic.com\/store_item_assets\/steam\/apps\/1937780\/extras\/9dbc8a8e2b82ff5dbd05478240ad2487.poster.avif?t=1730284459\" width=616 height=346 ><source src=\"https:\/\/shared.akamai.steamstatic.com\/store_item_assets\/steam\/apps\/1937780\/extras\/9dbc8a8e2b82ff5dbd05478240ad2487.webm?t=1730284459\" type=\"video\/webm; codecs=vp9\"><source src=\"https:\/\/shared.akamai.steamstatic.com\/store_item_assets\/steam\/apps\/1937780\/extras\/9dbc8a8e2b82ff5dbd05478240ad2487.mp4?t=1730284459\" type=\"video\/mp4\"><\/video><\/span><\/p>\n<p><span class=\"bb_img_ctn\"><img decoding=\"async\" class=\"bb_img\" src=\"https:\/\/shared.akamai.steamstatic.com\/store_item_assets\/steam\/apps\/1937780\/extras\/768e69b2c1145e7cf0f657b16e6bf815.avif?t=1730284459\" width=616 height=83 \/><\/span><\/p>\n<p>Nepriate\u013esk\u00e9 arm\u00e1dy nie s\u00fa jedinou v\u00fdzvou, ktor\u00fa treba prekona\u0165 na bojisku. Vezmite svojich vojakov cez n\u00e1hle a dramatick\u00e9 zmeny po\u010dasia, ako s\u00fa pr\u00edvalov\u00e9 da\u017ede a pieskov\u00e9 b\u00farky, a sledujte, ako sa men\u00ed priebeh bitky, ke\u010f\u017ee to m\u00e1 priamy vplyv na okolit\u00e9 ter\u00e9n. D\u00e1vajte si pozor aj na hrozbu oh\u0148a, preto\u017ee bitky m\u00f4\u017eu by\u0165 pohltn\u00e9 plame\u0148mi, ktor\u00e9 zasiahnu a roz\u0161\u00edria sa po bojisku, pri\u010dom sp\u00e1lia lesy a po\u0161kodia z\u00e1klady nepriate\u013esk\u00fdch os\u00e1d.<\/p>\n<p><span class=\"bb_img_ctn\"><video class=\"bb_img\" autoplay muted loop playsinline poster=\"https:\/\/shared.akamai.steamstatic.com\/store_item_assets\/steam\/apps\/1937780\/extras\/a2547f21f334aefd10e4ef544daf4259.poster.avif?t=1730284459\" width=616 height=346 ><source src=\"https:\/\/shared.akamai.steamstatic.com\/store_item_assets\/steam\/apps\/1937780\/extras\/a2547f21f334aefd10e4ef544daf4259.webm?t=1730284459\" type=\"video\/webm; codecs=vp9\"><source src=\"https:\/\/shared.akamai.steamstatic.com\/store_item_assets\/steam\/apps\/1937780\/extras\/a2547f21f334aefd10e4ef544daf4259.mp4?t=1730284459\" type=\"video\/mp4\"><\/video><\/span><\/p>\n<p><span class=\"bb_img_ctn\"><img decoding=\"async\" class=\"bb_img\" src=\"https:\/\/shared.akamai.steamstatic.com\/store_item_assets\/steam\/apps\/1937780\/extras\/219a595744bc9c4417441545b3473410.avif?t=1730284459\" width=616 height=83 \/><\/span><\/p>\n<p>Dok\u00e1\u017ete svoju legitimitu sta\u0165 sa fara\u00f3nom, ve\u013ek\u00fdm kr\u00e1\u013eom Chetitov, alebo velite inv\u00e1zii morsk\u00fdch n\u00e1rodov a roz\u0161irujte svoju rast\u00facu r\u00ed\u0161u na mape kampane, ktor\u00e1 zah\u0155\u0148a bohat\u00e9 kult\u00farne centr\u00e1 Egypta, Kana\u00e1nu a Anat\u00f3lie. S v\u00fdberom desiatich vodcov frakci\u00ed sa v\u017eite do ich jedine\u010dn\u00fdch \u0161t\u00fdlov hry a prevezmite velenie nad r\u00f4znorod\u00fdmi jednotkami. \u010ci u\u017e o\u010darujete dvory ako bezkonkuren\u010dn\u00fd diplomat, vrh\u00e1te sa do boja ako neochvejn\u00fd velite\u013e alebo sp\u00f4sobujete chaos ako neboj\u00e1cny vojvodca, sta\u0148te sa vodcom, na ktor\u00e9ho si hist\u00f3ria bude pam\u00e4ta\u0165.<\/p>\n<p><span class=\"bb_img_ctn\"><video class=\"bb_img\" autoplay muted loop playsinline poster=\"https:\/\/shared.akamai.steamstatic.com\/store_item_assets\/steam\/apps\/1937780\/extras\/39e0459a0cd39ae22ef7538195a0a79b.poster.avif?t=1730284459\" width=616 height=346 ><source src=\"https:\/\/shared.akamai.steamstatic.com\/store_item_assets\/steam\/apps\/1937780\/extras\/39e0459a0cd39ae22ef7538195a0a79b.webm?t=1730284459\" type=\"video\/webm; codecs=vp9\"><source src=\"https:\/\/shared.akamai.steamstatic.com\/store_item_assets\/steam\/apps\/1937780\/extras\/39e0459a0cd39ae22ef7538195a0a79b.mp4?t=1730284459\" type=\"video\/mp4\"><\/video><\/span><\/p>\n<p><span class=\"bb_img_ctn\"><img decoding=\"async\" class=\"bb_img\" src=\"https:\/\/shared.akamai.steamstatic.com\/store_item_assets\/steam\/apps\/1937780\/extras\/a3fd9d7d4b4d8c334f1ca32b333e4b49.avif?t=1730284459\" width=616 height=83 \/><\/span><\/p>\n<p>Na svojej ceste za fara\u00f3nom objavte n\u00e1dherne bujn\u00fa a \u017eiv\u00fa rekon\u0161trukciu starovek\u00e9ho Egypta na vrchole jeho moci. Od \u00farodn\u00fdch brehov N\u00edlu po vetrom o\u0161\u013eahan\u00e9, such\u00e9 p\u00fa\u0161te Sinajsk\u00e9ho polostrova a horsk\u00e9 skaly starovekej Anat\u00f3lie, t\u00e1to n\u00e1dhern\u00e1 vizu\u00e1lna premena o\u017eivuje kr\u00e1su a brutalitu najb\u00farlivej\u0161ej \u00e9ry Egypta.<\/p>\n<p><span class=\"bb_img_ctn\"><video class=\"bb_img\" autoplay muted loop playsinline poster=\"https:\/\/shared.akamai.steamstatic.com\/store_item_assets\/steam\/apps\/1937780\/extras\/b1bb2cb4c9d4d725ba7369427e08b343.poster.avif?t=1730284459\" width=616 height=346 ><source src=\"https:\/\/shared.akamai.steamstatic.com\/store_item_assets\/steam\/apps\/1937780\/extras\/b1bb2cb4c9d4d725ba7369427e08b343.webm?t=1730284459\" type=\"video\/webm; codecs=vp9\"><source src=\"https:\/\/shared.akamai.steamstatic.com\/store_item_assets\/steam\/apps\/1937780\/extras\/b1bb2cb4c9d4d725ba7369427e08b343.mp4?t=1730284459\" type=\"video\/mp4\"><\/video><\/span><\/p>\n<p><span class=\"bb_img_ctn\"><img decoding=\"async\" class=\"bb_img\" src=\"https:\/\/shared.akamai.steamstatic.com\/store_item_assets\/steam\/apps\/1937780\/extras\/ba93aa1c1562084b03b877abe7412e9e.avif?t=1730284459\" width=616 height=83 \/><\/span><\/p>\n<p>V\u010faka \u00faplne novej funkcii prisp\u00f4sobenia kampane nebud\u00fa \u017eiadne dve kampane rovnak\u00e9. Rozhodnite, ako budete hra\u0165, pomocou roz\u0161\u00edrenej \u0161k\u00e1ly mo\u017enost\u00ed prisp\u00f4sobenia kampane, ako s\u00fa n\u00e1hodn\u00e9 po\u010diato\u010dn\u00e9 poz\u00edcie pre v\u0161etky frakcie, podrobn\u00e9 nastavenia zdrojov, mo\u017enos\u0165 hra\u0165 sa s pr\u00edrodn\u00fdmi katastrofami a mnoho \u010fal\u0161ieho. V\u010faka mno\u017estvu mo\u017enost\u00ed si m\u00f4\u017eete zv\u00fd\u0161i\u0165 n\u00e1ro\u010dnos\u0165 hry alebo sa sta\u0165 bezkonkuren\u010dnou silou, ktor\u00e1 si \u013eahko vybojuje cestu k v\u00ed\u0165azstvu.<\/p>\n","protected":false},"excerpt":{"rendered":"<p>V hre Total War: PHARAOH, najnov\u0161om diele ocenen\u00e9ho ve\u013ekolep\u00e9ho strategick\u00e9ho seri\u00e1lu, sa ponor\u00edte do starovek\u00e9ho Egypta na vrchole jeho moci a za\u017eijete dramatick\u00e9 udalosti, ktor\u00e9 ohrozuj\u00fa jeho z\u00e1nik.<\/p>\n","protected":false},"featured_media":65299,"comment_status":"open","ping_status":"closed","template":"","meta":{"_acf_changed":false},"product_brand":[],"product_cat":[268,266,312,318,9082],"product_tag":[],"class_list":{"0":"post-96590","1":"product","2":"type-product","3":"status-publish","4":"has-post-thumbnail","6":"product_cat-pc-sk","7":"product_cat-pc-hry-sk","8":"product_cat-steam-pc-sk","9":"product_cat-strategie-pc-hry-sk","10":"product_cat-takticke-3","11":"pa_audio-de-de","12":"pa_audio-en-us","14":"pa_audio-zh-cn","15":"pa_countries-at","16":"pa_countries-be","17":"pa_countries-bg","18":"pa_countries-cy","19":"pa_countries-cz","21":"pa_countries-de","22":"pa_countries-dk","23":"pa_countries-ee","24":"pa_countries-es","25":"pa_countries-fi","26":"pa_countries-fr","27":"pa_countries-gr","28":"pa_countries-hr","29":"pa_countries-hu","30":"pa_countries-ie","31":"pa_countries-it","32":"pa_countries-lt","33":"pa_countries-lu","34":"pa_countries-lv","35":"pa_countries-mt","36":"pa_countries-nl","37":"pa_countries-pl","38":"pa_countries-pt","39":"pa_countries-ro","40":"pa_countries-se","41":"pa_countries-si","42":"pa_countries-sk","43":"pa_developer-creative-assembly","45":"pa_developer-the-creative-assembly","46":"pa_franchises-total-war","48":"pa_game_type-main_game","50":"pa_genres-strategy","52":"pa_interface-cs-cz","53":"pa_interface-de-de","54":"pa_interface-en-us","55":"pa_interface-es-es","56":"pa_interface-fr-fr","57":"pa_interface-it-it","58":"pa_interface-ko-kr","59":"pa_interface-pl-pl","60":"pa_interface-pt-br","62":"pa_interface-tr-tr","63":"pa_interface-zh-cn","64":"pa_interface-zh-tw","65":"pa_modes-multiplayer","67":"pa_modes-single-player","68":"pa_pegi-13432","69":"pa_pegi-956","70":"pa_platform-pc-steam","72":"pa_player_perspectives-bird-view-isometric","74":"pa_publisher-sega","76":"pa_rating-773","77":"pa_rating-14441","78":"pa_region-europe","80":"pa_themes-historical","81":"pa_themes-warfare","84":"first","85":"instock","86":"virtual","87":"taxable","88":"purchasable","89":"product-type-simple"},"yoast_head":"<!-- This site is optimized with the Yoast SEO plugin v27.3 - https:\/\/yoast.com\/product\/yoast-seo-wordpress\/ -->\n<title>Total War: Pharaoh | BeGamer.cz<\/title>\n<meta name=\"robots\" content=\"index, follow, max-snippet:-1, max-image-preview:large, max-video-preview:-1\" \/>\n<link rel=\"canonical\" href=\"https:\/\/begamer.cz\/sk\/produkt\/total-war-pharaoh-sk\/\" \/>\n<meta property=\"og:locale\" content=\"sk_SK\" \/>\n<meta property=\"og:type\" content=\"article\" \/>\n<meta property=\"og:title\" content=\"Total War: Pharaoh | BeGamer.cz\" \/>\n<meta property=\"og:description\" content=\"V hre Total War: PHARAOH, najnov\u0161om diele ocenen\u00e9ho ve\u013ekolep\u00e9ho strategick\u00e9ho seri\u00e1lu, sa ponor\u00edte do starovek\u00e9ho Egypta na vrchole jeho moci a za\u017eijete dramatick\u00e9 udalosti, ktor\u00e9 ohrozuj\u00fa jeho z\u00e1nik.\" \/>\n<meta property=\"og:url\" content=\"https:\/\/begamer.cz\/sk\/produkt\/total-war-pharaoh-sk\/\" \/>\n<meta property=\"og:site_name\" content=\"BeGamer.cz\" \/>\n<meta property=\"article:modified_time\" content=\"2026-03-18T04:53:32+00:00\" \/>\n<meta property=\"og:image\" content=\"https:\/\/begamer.cz\/wp-content\/uploads\/2026\/01\/total-war-pharaoh-5.webp\" \/>\n\t<meta property=\"og:image:width\" content=\"300\" \/>\n\t<meta property=\"og:image:height\" content=\"400\" \/>\n\t<meta property=\"og:image:type\" content=\"image\/webp\" \/>\n<meta name=\"twitter:card\" content=\"summary_large_image\" \/>\n<meta name=\"twitter:label1\" content=\"Predpokladan\u00fd \u010das \u010d\u00edtania\" \/>\n\t<meta name=\"twitter:data1\" content=\"3 min\u00faty\" \/>\n<script type=\"application\/ld+json\" class=\"yoast-schema-graph\">{\"@context\":\"https:\\\/\\\/schema.org\",\"@graph\":[{\"@type\":\"WebPage\",\"@id\":\"https:\\\/\\\/begamer.cz\\\/sk\\\/produkt\\\/total-war-pharaoh-sk\\\/\",\"url\":\"https:\\\/\\\/begamer.cz\\\/sk\\\/produkt\\\/total-war-pharaoh-sk\\\/\",\"name\":\"Total War: Pharaoh | BeGamer.cz\",\"isPartOf\":{\"@id\":\"https:\\\/\\\/begamer.cz\\\/sk\\\/#website\"},\"primaryImageOfPage\":{\"@id\":\"https:\\\/\\\/begamer.cz\\\/sk\\\/produkt\\\/total-war-pharaoh-sk\\\/#primaryimage\"},\"image\":{\"@id\":\"https:\\\/\\\/begamer.cz\\\/sk\\\/produkt\\\/total-war-pharaoh-sk\\\/#primaryimage\"},\"thumbnailUrl\":\"https:\\\/\\\/begamer.cz\\\/wp-content\\\/uploads\\\/2026\\\/01\\\/total-war-pharaoh-5.webp\",\"datePublished\":\"2026-01-30T15:40:32+00:00\",\"dateModified\":\"2026-03-18T04:53:32+00:00\",\"breadcrumb\":{\"@id\":\"https:\\\/\\\/begamer.cz\\\/sk\\\/produkt\\\/total-war-pharaoh-sk\\\/#breadcrumb\"},\"inLanguage\":\"sk-SK\",\"potentialAction\":[{\"@type\":\"ReadAction\",\"target\":[\"https:\\\/\\\/begamer.cz\\\/sk\\\/produkt\\\/total-war-pharaoh-sk\\\/\"]}]},{\"@type\":\"ImageObject\",\"inLanguage\":\"sk-SK\",\"@id\":\"https:\\\/\\\/begamer.cz\\\/sk\\\/produkt\\\/total-war-pharaoh-sk\\\/#primaryimage\",\"url\":\"https:\\\/\\\/begamer.cz\\\/wp-content\\\/uploads\\\/2026\\\/01\\\/total-war-pharaoh-5.webp\",\"contentUrl\":\"https:\\\/\\\/begamer.cz\\\/wp-content\\\/uploads\\\/2026\\\/01\\\/total-war-pharaoh-5.webp\",\"width\":300,\"height\":400},{\"@type\":\"BreadcrumbList\",\"@id\":\"https:\\\/\\\/begamer.cz\\\/sk\\\/produkt\\\/total-war-pharaoh-sk\\\/#breadcrumb\",\"itemListElement\":[{\"@type\":\"ListItem\",\"position\":1,\"name\":\"Domov\",\"item\":\"https:\\\/\\\/begamer.cz\\\/sk\\\/\"},{\"@type\":\"ListItem\",\"position\":2,\"name\":\"Obchod\",\"item\":\"https:\\\/\\\/begamer.cz\\\/obchod\\\/\"},{\"@type\":\"ListItem\",\"position\":3,\"name\":\"Total War: Pharaoh\"}]},{\"@type\":\"WebSite\",\"@id\":\"https:\\\/\\\/begamer.cz\\\/sk\\\/#website\",\"url\":\"https:\\\/\\\/begamer.cz\\\/sk\\\/\",\"name\":\"BeGamer.cz\",\"description\":\"\",\"publisher\":{\"@id\":\"https:\\\/\\\/begamer.cz\\\/sk\\\/#organization\"},\"potentialAction\":[{\"@type\":\"SearchAction\",\"target\":{\"@type\":\"EntryPoint\",\"urlTemplate\":\"https:\\\/\\\/begamer.cz\\\/sk\\\/?s={search_term_string}\"},\"query-input\":{\"@type\":\"PropertyValueSpecification\",\"valueRequired\":true,\"valueName\":\"search_term_string\"}}],\"inLanguage\":\"sk-SK\"},{\"@type\":\"Organization\",\"@id\":\"https:\\\/\\\/begamer.cz\\\/sk\\\/#organization\",\"name\":\"BeGamer.cz\",\"url\":\"https:\\\/\\\/begamer.cz\\\/sk\\\/\",\"logo\":{\"@type\":\"ImageObject\",\"inLanguage\":\"sk-SK\",\"@id\":\"https:\\\/\\\/begamer.cz\\\/sk\\\/#\\\/schema\\\/logo\\\/image\\\/\",\"url\":\"https:\\\/\\\/begamer.cz\\\/wp-content\\\/uploads\\\/2025\\\/07\\\/logo.svg\",\"contentUrl\":\"https:\\\/\\\/begamer.cz\\\/wp-content\\\/uploads\\\/2025\\\/07\\\/logo.svg\",\"caption\":\"BeGamer.cz\"},\"image\":{\"@id\":\"https:\\\/\\\/begamer.cz\\\/sk\\\/#\\\/schema\\\/logo\\\/image\\\/\"}}]}<\/script>\n<!-- \/ Yoast SEO plugin. -->","yoast_head_json":{"title":"Total War: Pharaoh | BeGamer.cz","robots":{"index":"index","follow":"follow","max-snippet":"max-snippet:-1","max-image-preview":"max-image-preview:large","max-video-preview":"max-video-preview:-1"},"canonical":"https:\/\/begamer.cz\/sk\/produkt\/total-war-pharaoh-sk\/","og_locale":"sk_SK","og_type":"article","og_title":"Total War: Pharaoh | BeGamer.cz","og_description":"V hre Total War: PHARAOH, najnov\u0161om diele ocenen\u00e9ho ve\u013ekolep\u00e9ho strategick\u00e9ho seri\u00e1lu, sa ponor\u00edte do starovek\u00e9ho Egypta na vrchole jeho moci a za\u017eijete dramatick\u00e9 udalosti, ktor\u00e9 ohrozuj\u00fa jeho z\u00e1nik.","og_url":"https:\/\/begamer.cz\/sk\/produkt\/total-war-pharaoh-sk\/","og_site_name":"BeGamer.cz","article_modified_time":"2026-03-18T04:53:32+00:00","og_image":[{"width":300,"height":400,"url":"https:\/\/begamer.cz\/wp-content\/uploads\/2026\/01\/total-war-pharaoh-5.webp","type":"image\/webp"}],"twitter_card":"summary_large_image","twitter_misc":{"Predpokladan\u00fd \u010das \u010d\u00edtania":"3 min\u00faty"},"schema":{"@context":"https:\/\/schema.org","@graph":[{"@type":"WebPage","@id":"https:\/\/begamer.cz\/sk\/produkt\/total-war-pharaoh-sk\/","url":"https:\/\/begamer.cz\/sk\/produkt\/total-war-pharaoh-sk\/","name":"Total War: Pharaoh | BeGamer.cz","isPartOf":{"@id":"https:\/\/begamer.cz\/sk\/#website"},"primaryImageOfPage":{"@id":"https:\/\/begamer.cz\/sk\/produkt\/total-war-pharaoh-sk\/#primaryimage"},"image":{"@id":"https:\/\/begamer.cz\/sk\/produkt\/total-war-pharaoh-sk\/#primaryimage"},"thumbnailUrl":"https:\/\/begamer.cz\/wp-content\/uploads\/2026\/01\/total-war-pharaoh-5.webp","datePublished":"2026-01-30T15:40:32+00:00","dateModified":"2026-03-18T04:53:32+00:00","breadcrumb":{"@id":"https:\/\/begamer.cz\/sk\/produkt\/total-war-pharaoh-sk\/#breadcrumb"},"inLanguage":"sk-SK","potentialAction":[{"@type":"ReadAction","target":["https:\/\/begamer.cz\/sk\/produkt\/total-war-pharaoh-sk\/"]}]},{"@type":"ImageObject","inLanguage":"sk-SK","@id":"https:\/\/begamer.cz\/sk\/produkt\/total-war-pharaoh-sk\/#primaryimage","url":"https:\/\/begamer.cz\/wp-content\/uploads\/2026\/01\/total-war-pharaoh-5.webp","contentUrl":"https:\/\/begamer.cz\/wp-content\/uploads\/2026\/01\/total-war-pharaoh-5.webp","width":300,"height":400},{"@type":"BreadcrumbList","@id":"https:\/\/begamer.cz\/sk\/produkt\/total-war-pharaoh-sk\/#breadcrumb","itemListElement":[{"@type":"ListItem","position":1,"name":"Domov","item":"https:\/\/begamer.cz\/sk\/"},{"@type":"ListItem","position":2,"name":"Obchod","item":"https:\/\/begamer.cz\/obchod\/"},{"@type":"ListItem","position":3,"name":"Total War: Pharaoh"}]},{"@type":"WebSite","@id":"https:\/\/begamer.cz\/sk\/#website","url":"https:\/\/begamer.cz\/sk\/","name":"BeGamer.cz","description":"","publisher":{"@id":"https:\/\/begamer.cz\/sk\/#organization"},"potentialAction":[{"@type":"SearchAction","target":{"@type":"EntryPoint","urlTemplate":"https:\/\/begamer.cz\/sk\/?s={search_term_string}"},"query-input":{"@type":"PropertyValueSpecification","valueRequired":true,"valueName":"search_term_string"}}],"inLanguage":"sk-SK"},{"@type":"Organization","@id":"https:\/\/begamer.cz\/sk\/#organization","name":"BeGamer.cz","url":"https:\/\/begamer.cz\/sk\/","logo":{"@type":"ImageObject","inLanguage":"sk-SK","@id":"https:\/\/begamer.cz\/sk\/#\/schema\/logo\/image\/","url":"https:\/\/begamer.cz\/wp-content\/uploads\/2025\/07\/logo.svg","contentUrl":"https:\/\/begamer.cz\/wp-content\/uploads\/2025\/07\/logo.svg","caption":"BeGamer.cz"},"image":{"@id":"https:\/\/begamer.cz\/sk\/#\/schema\/logo\/image\/"}}]}},"acf":[],"_links":{"self":[{"href":"https:\/\/begamer.cz\/sk\/wp-json\/wp\/v2\/product\/96590","targetHints":{"allow":["GET"]}}],"collection":[{"href":"https:\/\/begamer.cz\/sk\/wp-json\/wp\/v2\/product"}],"about":[{"href":"https:\/\/begamer.cz\/sk\/wp-json\/wp\/v2\/types\/product"}],"replies":[{"embeddable":true,"href":"https:\/\/begamer.cz\/sk\/wp-json\/wp\/v2\/comments?post=96590"}],"wp:featuredmedia":[{"embeddable":true,"href":"https:\/\/begamer.cz\/sk\/wp-json\/wp\/v2\/media\/65299"}],"wp:attachment":[{"href":"https:\/\/begamer.cz\/sk\/wp-json\/wp\/v2\/media?parent=96590"}],"wp:term":[{"taxonomy":"product_brand","embeddable":true,"href":"https:\/\/begamer.cz\/sk\/wp-json\/wp\/v2\/product_brand?post=96590"},{"taxonomy":"product_cat","embeddable":true,"href":"https:\/\/begamer.cz\/sk\/wp-json\/wp\/v2\/product_cat?post=96590"},{"taxonomy":"product_tag","embeddable":true,"href":"https:\/\/begamer.cz\/sk\/wp-json\/wp\/v2\/product_tag?post=96590"}],"curies":[{"name":"wp","href":"https:\/\/api.w.org\/{rel}","templated":true}]}}