{"id":96512,"date":"2026-01-30T16:38:54","date_gmt":"2026-01-30T15:38:54","guid":{"rendered":"https:\/\/begamer.cz\/produkt\/the-sims-4-horse-ranch-sk\/"},"modified":"2026-03-18T05:48:17","modified_gmt":"2026-03-18T04:48:17","slug":"the-sims-4-horse-ranch-sk","status":"publish","type":"product","link":"https:\/\/begamer.cz\/sk\/produkt\/the-sims-4-horse-ranch-sk\/","title":{"rendered":"The Sims 4: Horse Ranch"},"content":{"rendered":"<h1>O hre<\/h1>\n<p>Pracujte tvrdo a zab\u00e1vajte sa so zvierac\u00edmi priate\u013emi a na svojom vlastnom pozemku v roz\u0161\u00edren\u00ed The Sims\u2122 4 Horse Ranch Expansion Pack. Chovajte, tr\u00e9nujte a vytv\u00e1rajte \u0161peci\u00e1lne put\u00e1 s majest\u00e1tnymi ko\u0148mi, ktor\u00e9 s\u00fa prisp\u00f4sobite\u013en\u00fdmi \u010dlenmi va\u0161ej rodiny. M\u00f4\u017eete sa tie\u017e stara\u0165 o mini ovce a mini kozy alebo si zarobi\u0165 na \u017eivobytie predajom dom\u00e1ceho nekt\u00e1ru. Vytvorte si svoj vlastn\u00fd jedine\u010dn\u00fd \u017eivot na ran\u010di.<\/p>\n<p><strong>K\u013d\u00da\u010cOV\u00c9 VLASTNOSTI:<\/strong><\/p>\n<ul class=\"bb_ul\">\n<li><strong>Vytvorte si \u017eivot<\/strong> \u2014 Vst\u00e1vajte skoro r\u00e1no, pozrite sa na ve\u013ek\u00fa otvoren\u00fa krajinu a uvedomte si, \u017ee v\u0161etka va\u0161a pr\u00e1ca stoj\u00ed za to. Str\u00e1vte svoje dni t\u00fdm, \u017ee budete udr\u017eiava\u0165 svoje zvierat\u00e1 \u0161\u0165astn\u00e9 a \u010dist\u00e9, zbiera\u0165 pr\u00e9riov\u00fa tr\u00e1vu, aby ste ich nak\u0155mili, zbiera\u0165 konsk\u00fd hnoj, aby ste pohnojili svoje rastliny, a vyr\u00e1ba\u0165 svoj vlastn\u00fd nekt\u00e1r na predaj. V\u0161etko to robte na ran\u010di, ktor\u00fd si navrhnete, \u010di u\u017e to znamen\u00e1 tradi\u010dn\u00fa chatu alebo ve\u013ek\u00fa \u010derven\u00fa stodolu.\n<\/li>\n<li><strong>Nadvia\u017ete vz\u0165ah so zvieratami<\/strong> \u2013 Napl\u0148te svoj ran\u010d zvierac\u00edmi priate\u013emi a vytvorte si spolo\u010dn\u00fd \u017eivot. Va\u0161e kone \u2013 vr\u00e1tane rozko\u0161n\u00fdch \u017erieb\u00e4t \u2013 s\u00fa s\u00fa\u010das\u0165ou va\u0161ej dom\u00e1cnosti a maj\u00fa ve\u013ea \u0161peci\u00e1lnych interakci\u00ed so Sim\u00edkmi aj s in\u00fdmi ko\u0148mi. M\u00f4\u017eete sa tie\u017e stara\u0165 o mini kozy a mini ovce a pozva\u0165 susedov, aby pri\u0161li pozrie\u0165, ak\u00e9 s\u00fa roztomil\u00e9.\n<\/li>\n<li><strong>Pripojte sa k prosperuj\u00facej komunite<\/strong> \u2013 \u017divot na ran\u010di m\u00e1 svoje chv\u00edle pokoja a samoty, ale je tu aj \u017eiv\u00e1 spolo\u010densk\u00e1 sc\u00e9na. Va\u0161i Simovia m\u00f4\u017eu \u00eds\u0165 do mesta, aby sa stretli s priate\u013emi v bare, vybl\u00e1znili sa v tane\u010dnej s\u00e1le alebo tr\u00e9novali v jazdeckom parku. M\u00f4\u017eu tie\u017e organizova\u0165 podujatia, ako s\u00fa grilovanie a tancovanie na svojom pozemku, a naja\u0165 si pomocn\u00edka na ran\u010di, ktor\u00fd im pom\u00f4\u017ee, ke\u010f sa nahromad\u00ed ve\u013ea pr\u00e1ce.\n<\/li>\n<li><strong>Chovajte kone<\/strong> \u2014 Kone s\u00fa s\u00fa\u010das\u0165ou rodiny. Prisp\u00f4sobte si kopytnat\u00fdch priate\u013eov v Create a Sim alebo z\u00edskajte nov\u00e9 kone ich z\u00e1chranou alebo k\u00fapou. Na va\u0161om ran\u010di sa m\u00f4\u017eu narodi\u0165 aj \u017erieb\u00e4t\u00e1. Simovia sa m\u00f4\u017eu nau\u010di\u0165 jazdeck\u00e9 zru\u010dnosti a kone m\u00f4\u017eu tr\u00e9nova\u0165 zru\u010dnosti agility a sk\u00e1kanie. Sk\u00fasen\u00e9 kone a jazdci m\u00f4\u017eu dokonca vyhra\u0165 ocenenia v jazdeckom centre.<\/li>\n<\/ul>\n","protected":false},"excerpt":{"rendered":"<p>Postavte si ran\u010d svojich snov v hre The Sims 4: Horse Ranch! Chovajte a starajte sa o kr\u00e1sne kone, prisp\u00f4sobte si ran\u010d, tr\u00e9nujte svoje kone a s\u00fa\u0165a\u017ete v nap\u00ednav\u00fdch jazdeck\u00fdch podujatiach. Za\u017eite rados\u0165 z \u017eivota na ran\u010di s novou hrate\u013enos\u0165ou, v\u00fdbavou a pohlcuj\u00facimi aktivitami.<\/p>\n","protected":false},"featured_media":64894,"comment_status":"open","ping_status":"closed","template":"","meta":{"_acf_changed":false},"product_brand":[],"product_cat":[469,398,438],"product_tag":[],"class_list":{"0":"post-96512","1":"product","2":"type-product","3":"status-publish","4":"has-post-thumbnail","6":"product_cat-simulatory-xbox-series-x-s-sk","7":"product_cat-xbox-hry-sk","8":"product_cat-xbox-series-x-s-sk","9":"pa_countries-ad","10":"pa_countries-ae","11":"pa_countries-af","12":"pa_countries-ag","13":"pa_countries-ai","14":"pa_countries-al","15":"pa_countries-am","16":"pa_countries-ao","17":"pa_countries-aq","18":"pa_countries-ar","19":"pa_countries-as","20":"pa_countries-at","21":"pa_countries-au","22":"pa_countries-aw","23":"pa_countries-ax","24":"pa_countries-az","25":"pa_countries-ba","26":"pa_countries-bb","27":"pa_countries-bd","28":"pa_countries-be","29":"pa_countries-bf","30":"pa_countries-bg","31":"pa_countries-bh","32":"pa_countries-bi","33":"pa_countries-bj","34":"pa_countries-bl","35":"pa_countries-bm","36":"pa_countries-bn","37":"pa_countries-bo","38":"pa_countries-bq","39":"pa_countries-br","40":"pa_countries-bs","41":"pa_countries-bt","42":"pa_countries-bv","43":"pa_countries-bw","44":"pa_countries-bz","45":"pa_countries-ca","46":"pa_countries-cc","47":"pa_countries-cd","48":"pa_countries-cf","49":"pa_countries-cg","50":"pa_countries-ch","51":"pa_countries-ci","52":"pa_countries-ck","53":"pa_countries-cl","54":"pa_countries-cm","55":"pa_countries-cn","56":"pa_countries-co","57":"pa_countries-cr","58":"pa_countries-cu","59":"pa_countries-cv","60":"pa_countries-cw","61":"pa_countries-cx","62":"pa_countries-cy","63":"pa_countries-cz","64":"pa_countries-de","65":"pa_countries-dj","66":"pa_countries-dk","67":"pa_countries-dm","68":"pa_countries-do","69":"pa_countries-dz","70":"pa_countries-ec","71":"pa_countries-ee","72":"pa_countries-eg","73":"pa_countries-eh","74":"pa_countries-er","75":"pa_countries-es","76":"pa_countries-et","77":"pa_countries-fi","78":"pa_countries-fj","79":"pa_countries-fk","80":"pa_countries-fm","81":"pa_countries-fo","82":"pa_countries-fr","83":"pa_countries-ga","84":"pa_countries-gb","85":"pa_countries-gd","86":"pa_countries-ge","87":"pa_countries-gf","88":"pa_countries-gg","89":"pa_countries-gh","90":"pa_countries-gi","91":"pa_countries-gl","92":"pa_countries-gm","93":"pa_countries-gn","94":"pa_countries-gp","95":"pa_countries-gq","96":"pa_countries-gr","97":"pa_countries-gs","98":"pa_countries-gt","99":"pa_countries-gu","100":"pa_countries-gw","101":"pa_countries-gy","102":"pa_countries-hk","103":"pa_countries-hm","104":"pa_countries-hn","105":"pa_countries-hr","106":"pa_countries-ht","107":"pa_countries-hu","108":"pa_countries-id","109":"pa_countries-ie","110":"pa_countries-il","111":"pa_countries-im","112":"pa_countries-in","113":"pa_countries-io","114":"pa_countries-iq","115":"pa_countries-ir","116":"pa_countries-is","117":"pa_countries-it","118":"pa_countries-je","119":"pa_countries-jm","120":"pa_countries-jo","121":"pa_countries-jp","122":"pa_countries-ke","123":"pa_countries-kg","124":"pa_countries-kh","125":"pa_countries-ki","126":"pa_countries-km","127":"pa_countries-kn","128":"pa_countries-kp","129":"pa_countries-kr","130":"pa_countries-kw","131":"pa_countries-ky","132":"pa_countries-kz","133":"pa_countries-la","134":"pa_countries-lb","135":"pa_countries-lc","136":"pa_countries-li","137":"pa_countries-lk","138":"pa_countries-lr","139":"pa_countries-ls","140":"pa_countries-lt","141":"pa_countries-lu","142":"pa_countries-lv","143":"pa_countries-ly","144":"pa_countries-ma","145":"pa_countries-mc","146":"pa_countries-md","147":"pa_countries-me","148":"pa_countries-mf","149":"pa_countries-mg","150":"pa_countries-mh","151":"pa_countries-mk","152":"pa_countries-ml","153":"pa_countries-mm","154":"pa_countries-mn","155":"pa_countries-mo","156":"pa_countries-mp","157":"pa_countries-mq","158":"pa_countries-mr","159":"pa_countries-ms","160":"pa_countries-mt","161":"pa_countries-mu","162":"pa_countries-mv","163":"pa_countries-mw","164":"pa_countries-mx","165":"pa_countries-my","166":"pa_countries-mz","167":"pa_countries-na","168":"pa_countries-nc","169":"pa_countries-ne","170":"pa_countries-nf","171":"pa_countries-ng","172":"pa_countries-ni","173":"pa_countries-nl","174":"pa_countries-no","175":"pa_countries-np","176":"pa_countries-nr","177":"pa_countries-nu","178":"pa_countries-nz","179":"pa_countries-om","180":"pa_countries-pa","181":"pa_countries-pe","182":"pa_countries-pf","183":"pa_countries-pg","184":"pa_countries-ph","185":"pa_countries-pk","186":"pa_countries-pl","187":"pa_countries-pm","188":"pa_countries-pn","189":"pa_countries-pr","190":"pa_countries-ps","191":"pa_countries-pt","192":"pa_countries-pw","193":"pa_countries-py","194":"pa_countries-qa","195":"pa_countries-re","196":"pa_countries-ro","197":"pa_countries-rs","198":"pa_countries-rw","199":"pa_countries-sa","200":"pa_countries-sb","201":"pa_countries-sc","202":"pa_countries-sd","203":"pa_countries-se","204":"pa_countries-sg","205":"pa_countries-sh","206":"pa_countries-si","207":"pa_countries-sj","208":"pa_countries-sk","209":"pa_countries-sl","210":"pa_countries-sm","211":"pa_countries-sn","212":"pa_countries-so","213":"pa_countries-sr","214":"pa_countries-ss","216":"pa_countries-st","217":"pa_countries-sv","218":"pa_countries-sx","219":"pa_countries-sy","220":"pa_countries-sz","221":"pa_countries-tc","222":"pa_countries-td","223":"pa_countries-tf","224":"pa_countries-tg","225":"pa_countries-th","226":"pa_countries-tj","227":"pa_countries-tk","228":"pa_countries-tl","229":"pa_countries-tm","230":"pa_countries-tn","231":"pa_countries-to","232":"pa_countries-tr","233":"pa_countries-tt","234":"pa_countries-tv","235":"pa_countries-tw","236":"pa_countries-tz","237":"pa_countries-ua","238":"pa_countries-ug","239":"pa_countries-um","240":"pa_countries-us","241":"pa_countries-uy","242":"pa_countries-uz","243":"pa_countries-va","244":"pa_countries-vc","245":"pa_countries-ve","246":"pa_countries-vg","247":"pa_countries-vi","248":"pa_countries-vn","249":"pa_countries-vu","250":"pa_countries-wf","251":"pa_countries-ws","252":"pa_countries-xk","253":"pa_countries-ye","254":"pa_countries-yt","255":"pa_countries-za","256":"pa_countries-zm","257":"pa_countries-zw","258":"pa_developer-maxis","260":"pa_franchises-the-sims","262":"pa_game_type-dlc","264":"pa_genres-simulator","266":"pa_interface-cs-cz","267":"pa_interface-da-dk","268":"pa_interface-de-de","269":"pa_interface-en-us","270":"pa_interface-es-es","271":"pa_interface-fi-fi","272":"pa_interface-fr-fr","273":"pa_interface-it-it","274":"pa_interface-ja-jp","275":"pa_interface-ko-kr","276":"pa_interface-nb-no","278":"pa_interface-nl-nl","279":"pa_interface-pl-pl","280":"pa_interface-pt-br","281":"pa_interface-ru-ru","282":"pa_interface-sv-se","283":"pa_interface-zh-cn","284":"pa_interface-zh-tw","285":"pa_modes-single-player","287":"pa_pegi-927","288":"pa_pegi-13428","289":"pa_platform-xbox-one-xbox-series-x-s","291":"pa_publisher-electronic-arts","293":"pa_rating-1093","294":"pa_rating-14476","295":"pa_region-global","298":"first","299":"instock","300":"virtual","301":"taxable","302":"purchasable","303":"product-type-simple"},"yoast_head":"<!-- This site is optimized with the Yoast SEO plugin v27.3 - https:\/\/yoast.com\/product\/yoast-seo-wordpress\/ -->\n<title>The Sims 4: Horse Ranch | BeGamer.cz<\/title>\n<meta name=\"robots\" content=\"index, follow, max-snippet:-1, max-image-preview:large, max-video-preview:-1\" \/>\n<link rel=\"canonical\" href=\"https:\/\/begamer.cz\/sk\/produkt\/the-sims-4-horse-ranch-sk\/\" \/>\n<meta property=\"og:locale\" content=\"sk_SK\" \/>\n<meta property=\"og:type\" content=\"article\" \/>\n<meta property=\"og:title\" content=\"The Sims 4: Horse Ranch | BeGamer.cz\" \/>\n<meta property=\"og:description\" content=\"Postavte si ran\u010d svojich snov v hre The Sims 4: Horse Ranch! Chovajte a starajte sa o kr\u00e1sne kone, prisp\u00f4sobte si ran\u010d, tr\u00e9nujte svoje kone a s\u00fa\u0165a\u017ete v nap\u00ednav\u00fdch jazdeck\u00fdch podujatiach. Za\u017eite rados\u0165 z \u017eivota na ran\u010di s novou hrate\u013enos\u0165ou, v\u00fdbavou a pohlcuj\u00facimi aktivitami.\" \/>\n<meta property=\"og:url\" content=\"https:\/\/begamer.cz\/sk\/produkt\/the-sims-4-horse-ranch-sk\/\" \/>\n<meta property=\"og:site_name\" content=\"BeGamer.cz\" \/>\n<meta property=\"article:modified_time\" content=\"2026-03-18T04:48:17+00:00\" \/>\n<meta property=\"og:image\" content=\"https:\/\/begamer.cz\/wp-content\/uploads\/2026\/01\/the-sims-4-horse-ranch-5.webp\" \/>\n\t<meta property=\"og:image:width\" content=\"300\" \/>\n\t<meta property=\"og:image:height\" content=\"400\" \/>\n\t<meta property=\"og:image:type\" content=\"image\/webp\" \/>\n<meta name=\"twitter:card\" content=\"summary_large_image\" \/>\n<meta name=\"twitter:label1\" content=\"Predpokladan\u00fd \u010das \u010d\u00edtania\" \/>\n\t<meta name=\"twitter:data1\" content=\"2 min\u00faty\" \/>\n<script type=\"application\/ld+json\" class=\"yoast-schema-graph\">{\"@context\":\"https:\\\/\\\/schema.org\",\"@graph\":[{\"@type\":\"WebPage\",\"@id\":\"https:\\\/\\\/begamer.cz\\\/sk\\\/produkt\\\/the-sims-4-horse-ranch-sk\\\/\",\"url\":\"https:\\\/\\\/begamer.cz\\\/sk\\\/produkt\\\/the-sims-4-horse-ranch-sk\\\/\",\"name\":\"The Sims 4: Horse Ranch | BeGamer.cz\",\"isPartOf\":{\"@id\":\"https:\\\/\\\/begamer.cz\\\/sk\\\/#website\"},\"primaryImageOfPage\":{\"@id\":\"https:\\\/\\\/begamer.cz\\\/sk\\\/produkt\\\/the-sims-4-horse-ranch-sk\\\/#primaryimage\"},\"image\":{\"@id\":\"https:\\\/\\\/begamer.cz\\\/sk\\\/produkt\\\/the-sims-4-horse-ranch-sk\\\/#primaryimage\"},\"thumbnailUrl\":\"https:\\\/\\\/begamer.cz\\\/wp-content\\\/uploads\\\/2026\\\/01\\\/the-sims-4-horse-ranch-5.webp\",\"datePublished\":\"2026-01-30T15:38:54+00:00\",\"dateModified\":\"2026-03-18T04:48:17+00:00\",\"breadcrumb\":{\"@id\":\"https:\\\/\\\/begamer.cz\\\/sk\\\/produkt\\\/the-sims-4-horse-ranch-sk\\\/#breadcrumb\"},\"inLanguage\":\"sk-SK\",\"potentialAction\":[{\"@type\":\"ReadAction\",\"target\":[\"https:\\\/\\\/begamer.cz\\\/sk\\\/produkt\\\/the-sims-4-horse-ranch-sk\\\/\"]}]},{\"@type\":\"ImageObject\",\"inLanguage\":\"sk-SK\",\"@id\":\"https:\\\/\\\/begamer.cz\\\/sk\\\/produkt\\\/the-sims-4-horse-ranch-sk\\\/#primaryimage\",\"url\":\"https:\\\/\\\/begamer.cz\\\/wp-content\\\/uploads\\\/2026\\\/01\\\/the-sims-4-horse-ranch-5.webp\",\"contentUrl\":\"https:\\\/\\\/begamer.cz\\\/wp-content\\\/uploads\\\/2026\\\/01\\\/the-sims-4-horse-ranch-5.webp\",\"width\":300,\"height\":400},{\"@type\":\"BreadcrumbList\",\"@id\":\"https:\\\/\\\/begamer.cz\\\/sk\\\/produkt\\\/the-sims-4-horse-ranch-sk\\\/#breadcrumb\",\"itemListElement\":[{\"@type\":\"ListItem\",\"position\":1,\"name\":\"Domov\",\"item\":\"https:\\\/\\\/begamer.cz\\\/sk\\\/\"},{\"@type\":\"ListItem\",\"position\":2,\"name\":\"Obchod\",\"item\":\"https:\\\/\\\/begamer.cz\\\/obchod\\\/\"},{\"@type\":\"ListItem\",\"position\":3,\"name\":\"The Sims 4: Horse Ranch\"}]},{\"@type\":\"WebSite\",\"@id\":\"https:\\\/\\\/begamer.cz\\\/sk\\\/#website\",\"url\":\"https:\\\/\\\/begamer.cz\\\/sk\\\/\",\"name\":\"BeGamer.cz\",\"description\":\"\",\"publisher\":{\"@id\":\"https:\\\/\\\/begamer.cz\\\/sk\\\/#organization\"},\"potentialAction\":[{\"@type\":\"SearchAction\",\"target\":{\"@type\":\"EntryPoint\",\"urlTemplate\":\"https:\\\/\\\/begamer.cz\\\/sk\\\/?s={search_term_string}\"},\"query-input\":{\"@type\":\"PropertyValueSpecification\",\"valueRequired\":true,\"valueName\":\"search_term_string\"}}],\"inLanguage\":\"sk-SK\"},{\"@type\":\"Organization\",\"@id\":\"https:\\\/\\\/begamer.cz\\\/sk\\\/#organization\",\"name\":\"BeGamer.cz\",\"url\":\"https:\\\/\\\/begamer.cz\\\/sk\\\/\",\"logo\":{\"@type\":\"ImageObject\",\"inLanguage\":\"sk-SK\",\"@id\":\"https:\\\/\\\/begamer.cz\\\/sk\\\/#\\\/schema\\\/logo\\\/image\\\/\",\"url\":\"https:\\\/\\\/begamer.cz\\\/wp-content\\\/uploads\\\/2025\\\/07\\\/logo.svg\",\"contentUrl\":\"https:\\\/\\\/begamer.cz\\\/wp-content\\\/uploads\\\/2025\\\/07\\\/logo.svg\",\"caption\":\"BeGamer.cz\"},\"image\":{\"@id\":\"https:\\\/\\\/begamer.cz\\\/sk\\\/#\\\/schema\\\/logo\\\/image\\\/\"}}]}<\/script>\n<!-- \/ Yoast SEO plugin. -->","yoast_head_json":{"title":"The Sims 4: Horse Ranch | BeGamer.cz","robots":{"index":"index","follow":"follow","max-snippet":"max-snippet:-1","max-image-preview":"max-image-preview:large","max-video-preview":"max-video-preview:-1"},"canonical":"https:\/\/begamer.cz\/sk\/produkt\/the-sims-4-horse-ranch-sk\/","og_locale":"sk_SK","og_type":"article","og_title":"The Sims 4: Horse Ranch | BeGamer.cz","og_description":"Postavte si ran\u010d svojich snov v hre The Sims 4: Horse Ranch! Chovajte a starajte sa o kr\u00e1sne kone, prisp\u00f4sobte si ran\u010d, tr\u00e9nujte svoje kone a s\u00fa\u0165a\u017ete v nap\u00ednav\u00fdch jazdeck\u00fdch podujatiach. Za\u017eite rados\u0165 z \u017eivota na ran\u010di s novou hrate\u013enos\u0165ou, v\u00fdbavou a pohlcuj\u00facimi aktivitami.","og_url":"https:\/\/begamer.cz\/sk\/produkt\/the-sims-4-horse-ranch-sk\/","og_site_name":"BeGamer.cz","article_modified_time":"2026-03-18T04:48:17+00:00","og_image":[{"width":300,"height":400,"url":"https:\/\/begamer.cz\/wp-content\/uploads\/2026\/01\/the-sims-4-horse-ranch-5.webp","type":"image\/webp"}],"twitter_card":"summary_large_image","twitter_misc":{"Predpokladan\u00fd \u010das \u010d\u00edtania":"2 min\u00faty"},"schema":{"@context":"https:\/\/schema.org","@graph":[{"@type":"WebPage","@id":"https:\/\/begamer.cz\/sk\/produkt\/the-sims-4-horse-ranch-sk\/","url":"https:\/\/begamer.cz\/sk\/produkt\/the-sims-4-horse-ranch-sk\/","name":"The Sims 4: Horse Ranch | BeGamer.cz","isPartOf":{"@id":"https:\/\/begamer.cz\/sk\/#website"},"primaryImageOfPage":{"@id":"https:\/\/begamer.cz\/sk\/produkt\/the-sims-4-horse-ranch-sk\/#primaryimage"},"image":{"@id":"https:\/\/begamer.cz\/sk\/produkt\/the-sims-4-horse-ranch-sk\/#primaryimage"},"thumbnailUrl":"https:\/\/begamer.cz\/wp-content\/uploads\/2026\/01\/the-sims-4-horse-ranch-5.webp","datePublished":"2026-01-30T15:38:54+00:00","dateModified":"2026-03-18T04:48:17+00:00","breadcrumb":{"@id":"https:\/\/begamer.cz\/sk\/produkt\/the-sims-4-horse-ranch-sk\/#breadcrumb"},"inLanguage":"sk-SK","potentialAction":[{"@type":"ReadAction","target":["https:\/\/begamer.cz\/sk\/produkt\/the-sims-4-horse-ranch-sk\/"]}]},{"@type":"ImageObject","inLanguage":"sk-SK","@id":"https:\/\/begamer.cz\/sk\/produkt\/the-sims-4-horse-ranch-sk\/#primaryimage","url":"https:\/\/begamer.cz\/wp-content\/uploads\/2026\/01\/the-sims-4-horse-ranch-5.webp","contentUrl":"https:\/\/begamer.cz\/wp-content\/uploads\/2026\/01\/the-sims-4-horse-ranch-5.webp","width":300,"height":400},{"@type":"BreadcrumbList","@id":"https:\/\/begamer.cz\/sk\/produkt\/the-sims-4-horse-ranch-sk\/#breadcrumb","itemListElement":[{"@type":"ListItem","position":1,"name":"Domov","item":"https:\/\/begamer.cz\/sk\/"},{"@type":"ListItem","position":2,"name":"Obchod","item":"https:\/\/begamer.cz\/obchod\/"},{"@type":"ListItem","position":3,"name":"The Sims 4: Horse Ranch"}]},{"@type":"WebSite","@id":"https:\/\/begamer.cz\/sk\/#website","url":"https:\/\/begamer.cz\/sk\/","name":"BeGamer.cz","description":"","publisher":{"@id":"https:\/\/begamer.cz\/sk\/#organization"},"potentialAction":[{"@type":"SearchAction","target":{"@type":"EntryPoint","urlTemplate":"https:\/\/begamer.cz\/sk\/?s={search_term_string}"},"query-input":{"@type":"PropertyValueSpecification","valueRequired":true,"valueName":"search_term_string"}}],"inLanguage":"sk-SK"},{"@type":"Organization","@id":"https:\/\/begamer.cz\/sk\/#organization","name":"BeGamer.cz","url":"https:\/\/begamer.cz\/sk\/","logo":{"@type":"ImageObject","inLanguage":"sk-SK","@id":"https:\/\/begamer.cz\/sk\/#\/schema\/logo\/image\/","url":"https:\/\/begamer.cz\/wp-content\/uploads\/2025\/07\/logo.svg","contentUrl":"https:\/\/begamer.cz\/wp-content\/uploads\/2025\/07\/logo.svg","caption":"BeGamer.cz"},"image":{"@id":"https:\/\/begamer.cz\/sk\/#\/schema\/logo\/image\/"}}]}},"acf":[],"_links":{"self":[{"href":"https:\/\/begamer.cz\/sk\/wp-json\/wp\/v2\/product\/96512","targetHints":{"allow":["GET"]}}],"collection":[{"href":"https:\/\/begamer.cz\/sk\/wp-json\/wp\/v2\/product"}],"about":[{"href":"https:\/\/begamer.cz\/sk\/wp-json\/wp\/v2\/types\/product"}],"replies":[{"embeddable":true,"href":"https:\/\/begamer.cz\/sk\/wp-json\/wp\/v2\/comments?post=96512"}],"wp:featuredmedia":[{"embeddable":true,"href":"https:\/\/begamer.cz\/sk\/wp-json\/wp\/v2\/media\/64894"}],"wp:attachment":[{"href":"https:\/\/begamer.cz\/sk\/wp-json\/wp\/v2\/media?parent=96512"}],"wp:term":[{"taxonomy":"product_brand","embeddable":true,"href":"https:\/\/begamer.cz\/sk\/wp-json\/wp\/v2\/product_brand?post=96512"},{"taxonomy":"product_cat","embeddable":true,"href":"https:\/\/begamer.cz\/sk\/wp-json\/wp\/v2\/product_cat?post=96512"},{"taxonomy":"product_tag","embeddable":true,"href":"https:\/\/begamer.cz\/sk\/wp-json\/wp\/v2\/product_tag?post=96512"}],"curies":[{"name":"wp","href":"https:\/\/api.w.org\/{rel}","templated":true}]}}