{"id":96494,"date":"2026-01-30T16:38:32","date_gmt":"2026-01-30T15:38:32","guid":{"rendered":"https:\/\/begamer.cz\/produkt\/golf-club-wasteland-aspire-inas-tale-bundle-sk\/"},"modified":"2026-03-18T05:47:15","modified_gmt":"2026-03-18T04:47:15","slug":"golf-club-wasteland-aspire-inas-tale-bundle-sk","status":"publish","type":"product","link":"https:\/\/begamer.cz\/sk\/produkt\/golf-club-wasteland-aspire-inas-tale-bundle-sk\/","title":{"rendered":"Golf Club Wasteland \/ Aspire Ina\u2019s Tale Bundle"},"content":{"rendered":"<div>\n<h2>Golf Club Wasteland \/ Aspire Ina&#x27;s Tale Bundle<\/h2>\n<p>Objavte mimoriadnu kombin\u00e1ciu dvoch jedine\u010dn\u00fdch hier v tomto exkluz\u00edvnom digit\u00e1lnom bal\u00edku, ktor\u00fd obsahuje <strong>hry Golf Club Wasteland<\/strong> a <strong>Aspire Ina&#x27;s Tale<\/strong>. Tento bal\u00edk pon\u00faka hr\u00e1\u010dom pr\u00edstup k atmosf\u00e9rick\u00fdm dobrodru\u017estv\u00e1m s charakteristick\u00fdm umeleck\u00fdm \u0161t\u00fdlom a p\u00fatav\u00fdmi pr\u00edbehmi.<\/p>\n<h3>Golf Club Wasteland<\/h3>\n<p>Vst\u00fapte do postapokalyptick\u00e9ho sveta, kde star\u00fd golfov\u00fd klub zost\u00e1va jednou z posledn\u00fdch foriem z\u00e1bavy \u013eudstva. Vychutnajte si jedine\u010dn\u00fa kombin\u00e1ciu golfu a RPG mechaniky, zatia\u013e \u010do presk\u00famavate pust\u00e9 prostredie, pln\u00edte nezvy\u010dajn\u00e9 misie a odha\u013eujete pr\u00edbehy d\u00e1vno stratenej civiliz\u00e1cie.<\/p>\n<ul>\n<li><strong>Unik\u00e1tny golfov\u00fd z\u00e1\u017eitok:<\/strong> Hrajte golf v pustatine s neo\u010dak\u00e1van\u00fdmi mechanikami a v\u00fdzvami.<\/li>\n<li><strong>Hlbok\u00fd pr\u00edbeh:<\/strong> Presk\u00famajte tajomstv\u00e1 sveta po apokalypse a dozviete sa o jeho pre\u017eiv\u0161\u00edch.<\/li>\n<li><strong>Atmosferick\u00e9 prostredie:<\/strong> V\u00fdrazn\u00e9 a p\u00f4sobiv\u00e9 vizu\u00e1ly v\u00e1s vtiahnu do sveta rozkladu, ale aj n\u00e1deje.<\/li>\n<\/ul>\n<h3>Aspire Ina&#x27;s Tale<\/h3>\n<p>Sledujte emot\u00edvnu cestu Iny, mladej diev\u010diny, ktor\u00e1 sa vyd\u00e1va do tajomn\u00e9ho sveta pln\u00e9ho rozpr\u00e1vkov\u00fdch tvorov a v\u00fdziev. Pripravte sa na plo\u0161inovku s ru\u010dne kreslen\u00fdmi ilustr\u00e1ciami, starostlivo vytvoren\u00fdmi sc\u00e9nami a podmaniv\u00fdm soundtrackom.<\/p>\n<ul>\n<li><strong>O\u010daruj\u00faci pr\u00edbeh:<\/strong> Za\u017eite pr\u00edbeh o priate\u013estve, odvahu a sebapozn\u00e1van\u00ed.<\/li>\n<li><strong>Ru\u010dne kreslen\u00e1 grafika:<\/strong> Ka\u017ed\u00fd obr\u00e1zok a sc\u00e9na s\u00fa starostlivo ilustrovan\u00e9, aby vytvorili jedine\u010dn\u00fa atmosf\u00e9ru.<\/li>\n<li><strong>V\u00fdzvy a h\u00e1danky:<\/strong> Prech\u00e1dzajte svetom, rie\u0161te n\u00e1ro\u010dn\u00e9 situ\u00e1cie a pos\u00favajte pr\u00edbeh dopredu.<\/li>\n<\/ul>\n<p>Tento bal\u00edk je ide\u00e1lny pre hr\u00e1\u010dov, ktor\u00ed h\u013eadaj\u00fa bohat\u00e9 z\u00e1\u017eitky s d\u00f4razom na umenie a pr\u00edbeh.<\/p>\n<p><strong>Golf Club Wasteland \/ Aspire Ina&#x27;s Tale Bundle<\/strong> sp\u00e1ja dva odli\u0161n\u00e9 svety a hern\u00e9 \u0161t\u00fdly a prin\u00e1\u0161a bohat\u00fd a pestr\u00fd z\u00e1\u017eitok pln\u00fd em\u00f3ci\u00ed a dobrodru\u017estva.<\/p>\n<p>Vydejte sa na cestu cez rozsiahle zni\u010den\u00e9 golfov\u00e9 ihrisko a z\u00e1rove\u0148 objavujte magick\u00fa r\u00ed\u0161u, ktor\u00fa Ina naz\u00fdva domovom. Ka\u017ed\u00e1 hra pon\u00faka jedine\u010dn\u00fd poh\u013ead na pre\u017eitie, odvahu a n\u00e1dej.<\/p>\n<p><small>Niektor\u00e9 texty boli prelo\u017een\u00e9 strojovo.<\/small><\/div>\n","protected":false},"excerpt":{"rendered":"<p>Za\u017eite dve jedine\u010dn\u00e9 hry v jednom bal\u00edku: \u201eGolf Club Wasteland\u201c, poetick\u00e9 postapokalyptick\u00e9 golfov\u00e9 dobrodru\u017estvo sp\u00e1jaj\u00face \u0161t\u00fdl a pr\u00edbeh, a \u201eAspire Ina&#x27;s Tale\u201c, o\u010daruj\u00face RPG s prieskumom, hlbok\u00fdm pr\u00edbehom a pohlcuj\u00facimi \u0165ahov\u00fdmi bojmi. Vychutnajte si rozmanit\u00fa hrate\u013enos\u0165 a bohat\u00fd pr\u00edbeh.<\/p>\n","protected":false},"featured_media":64804,"comment_status":"open","ping_status":"closed","template":"","meta":{"_acf_changed":false},"product_brand":[],"product_cat":[270,272,294,268,266,316,312],"product_tag":[],"class_list":{"0":"post-96494","1":"product","2":"type-product","3":"status-publish","4":"has-post-thumbnail","6":"product_cat-adventury-pc-hry-sk","7":"product_cat-akcni-pc-sk","8":"product_cat-logicke-pc-hry-sk","9":"product_cat-pc-sk","10":"product_cat-pc-hry-sk","11":"product_cat-sportove-pc","12":"product_cat-steam-pc-sk","13":"pa_countries-ad","14":"pa_countries-ae","15":"pa_countries-af","16":"pa_countries-ag","17":"pa_countries-ai","18":"pa_countries-al","19":"pa_countries-am","20":"pa_countries-ao","21":"pa_countries-aq","22":"pa_countries-ar","23":"pa_countries-as","24":"pa_countries-at","25":"pa_countries-au","26":"pa_countries-aw","27":"pa_countries-ax","28":"pa_countries-az","29":"pa_countries-ba","30":"pa_countries-bb","31":"pa_countries-bd","32":"pa_countries-be","33":"pa_countries-bf","34":"pa_countries-bg","35":"pa_countries-bh","36":"pa_countries-bi","37":"pa_countries-bj","38":"pa_countries-bl","39":"pa_countries-bm","40":"pa_countries-bn","41":"pa_countries-bo","42":"pa_countries-bq","43":"pa_countries-br","44":"pa_countries-bs","45":"pa_countries-bt","46":"pa_countries-bv","47":"pa_countries-bw","48":"pa_countries-bz","49":"pa_countries-ca","50":"pa_countries-cc","51":"pa_countries-cd","52":"pa_countries-cf","53":"pa_countries-cg","54":"pa_countries-ch","55":"pa_countries-ci","56":"pa_countries-ck","57":"pa_countries-cl","58":"pa_countries-cm","59":"pa_countries-cn","60":"pa_countries-co","61":"pa_countries-cr","62":"pa_countries-cu","63":"pa_countries-cv","64":"pa_countries-cw","65":"pa_countries-cx","66":"pa_countries-cy","67":"pa_countries-cz","68":"pa_countries-de","69":"pa_countries-dj","70":"pa_countries-dk","71":"pa_countries-dm","72":"pa_countries-do","73":"pa_countries-dz","74":"pa_countries-ec","75":"pa_countries-ee","76":"pa_countries-eg","77":"pa_countries-eh","78":"pa_countries-er","79":"pa_countries-es","80":"pa_countries-et","81":"pa_countries-fi","82":"pa_countries-fj","83":"pa_countries-fk","84":"pa_countries-fm","85":"pa_countries-fo","86":"pa_countries-fr","87":"pa_countries-ga","88":"pa_countries-gb","89":"pa_countries-gd","90":"pa_countries-ge","91":"pa_countries-gf","92":"pa_countries-gg","93":"pa_countries-gh","94":"pa_countries-gi","95":"pa_countries-gl","96":"pa_countries-gm","97":"pa_countries-gn","98":"pa_countries-gp","99":"pa_countries-gq","100":"pa_countries-gr","101":"pa_countries-gs","102":"pa_countries-gt","103":"pa_countries-gu","104":"pa_countries-gw","105":"pa_countries-gy","106":"pa_countries-hk","107":"pa_countries-hm","108":"pa_countries-hn","109":"pa_countries-hr","110":"pa_countries-ht","111":"pa_countries-hu","112":"pa_countries-id","113":"pa_countries-ie","114":"pa_countries-il","115":"pa_countries-im","116":"pa_countries-in","117":"pa_countries-io","118":"pa_countries-iq","119":"pa_countries-ir","120":"pa_countries-is","121":"pa_countries-it","122":"pa_countries-je","123":"pa_countries-jm","124":"pa_countries-jo","125":"pa_countries-jp","126":"pa_countries-ke","127":"pa_countries-kg","128":"pa_countries-kh","129":"pa_countries-ki","130":"pa_countries-km","131":"pa_countries-kn","132":"pa_countries-kp","133":"pa_countries-kr","134":"pa_countries-kw","135":"pa_countries-ky","136":"pa_countries-kz","137":"pa_countries-la","138":"pa_countries-lb","139":"pa_countries-lc","140":"pa_countries-li","141":"pa_countries-lk","142":"pa_countries-lr","143":"pa_countries-ls","144":"pa_countries-lt","145":"pa_countries-lu","146":"pa_countries-lv","147":"pa_countries-ly","148":"pa_countries-ma","149":"pa_countries-mc","150":"pa_countries-md","151":"pa_countries-me","152":"pa_countries-mf","153":"pa_countries-mg","154":"pa_countries-mh","155":"pa_countries-mk","156":"pa_countries-ml","157":"pa_countries-mm","158":"pa_countries-mn","159":"pa_countries-mo","160":"pa_countries-mp","161":"pa_countries-mq","162":"pa_countries-mr","163":"pa_countries-ms","164":"pa_countries-mt","165":"pa_countries-mu","166":"pa_countries-mv","167":"pa_countries-mw","168":"pa_countries-mx","169":"pa_countries-my","170":"pa_countries-mz","171":"pa_countries-na","172":"pa_countries-nc","173":"pa_countries-ne","174":"pa_countries-nf","175":"pa_countries-ng","176":"pa_countries-ni","177":"pa_countries-nl","178":"pa_countries-no","179":"pa_countries-np","180":"pa_countries-nr","181":"pa_countries-nu","182":"pa_countries-nz","183":"pa_countries-om","184":"pa_countries-pa","185":"pa_countries-pe","186":"pa_countries-pf","187":"pa_countries-pg","188":"pa_countries-ph","189":"pa_countries-pk","190":"pa_countries-pl","191":"pa_countries-pm","192":"pa_countries-pn","193":"pa_countries-pr","194":"pa_countries-ps","195":"pa_countries-pt","196":"pa_countries-pw","197":"pa_countries-py","198":"pa_countries-qa","199":"pa_countries-re","200":"pa_countries-ro","201":"pa_countries-rs","202":"pa_countries-rw","203":"pa_countries-sa","204":"pa_countries-sb","205":"pa_countries-sc","206":"pa_countries-sd","207":"pa_countries-se","208":"pa_countries-sg","209":"pa_countries-sh","210":"pa_countries-si","211":"pa_countries-sj","212":"pa_countries-sk","213":"pa_countries-sl","214":"pa_countries-sm","215":"pa_countries-sn","216":"pa_countries-so","217":"pa_countries-sr","218":"pa_countries-ss","220":"pa_countries-st","221":"pa_countries-sv","222":"pa_countries-sx","223":"pa_countries-sy","224":"pa_countries-sz","225":"pa_countries-tc","226":"pa_countries-td","227":"pa_countries-tf","228":"pa_countries-tg","229":"pa_countries-th","230":"pa_countries-tj","231":"pa_countries-tk","232":"pa_countries-tl","233":"pa_countries-tm","234":"pa_countries-tn","235":"pa_countries-to","236":"pa_countries-tr","237":"pa_countries-tt","238":"pa_countries-tv","239":"pa_countries-tw","240":"pa_countries-tz","241":"pa_countries-ua","242":"pa_countries-ug","243":"pa_countries-um","244":"pa_countries-us","245":"pa_countries-uy","246":"pa_countries-uz","247":"pa_countries-va","248":"pa_countries-vc","249":"pa_countries-ve","250":"pa_countries-vg","251":"pa_countries-vi","252":"pa_countries-vn","253":"pa_countries-vu","254":"pa_countries-wf","255":"pa_countries-ws","256":"pa_countries-xk","257":"pa_countries-ye","258":"pa_countries-yt","259":"pa_countries-za","260":"pa_countries-zm","261":"pa_countries-zw","262":"pa_game_type-main_game","264":"pa_genres-adventure","265":"pa_genres-platform","267":"pa_genres-puzzle","268":"pa_genres-sport","269":"pa_interface-en-us","271":"pa_pegi-956","272":"pa_pegi-13432","273":"pa_platform-pc-steam","275":"pa_rating-14441","276":"pa_rating-773","277":"pa_region-global","280":"first","281":"instock","282":"virtual","283":"taxable","284":"purchasable","285":"product-type-simple"},"yoast_head":"<!-- This site is optimized with the Yoast SEO plugin v27.3 - https:\/\/yoast.com\/product\/yoast-seo-wordpress\/ -->\n<title>Golf Club Wasteland \/ Aspire Ina&#039;s Tale Bundle | BeGamer.cz<\/title>\n<meta name=\"robots\" content=\"index, follow, max-snippet:-1, max-image-preview:large, max-video-preview:-1\" \/>\n<link rel=\"canonical\" href=\"https:\/\/begamer.cz\/sk\/produkt\/golf-club-wasteland-aspire-inas-tale-bundle-sk\/\" \/>\n<meta property=\"og:locale\" content=\"sk_SK\" \/>\n<meta property=\"og:type\" content=\"article\" \/>\n<meta property=\"og:title\" content=\"Golf Club Wasteland \/ Aspire Ina&#039;s Tale Bundle | BeGamer.cz\" \/>\n<meta property=\"og:description\" content=\"Za\u017eite dve jedine\u010dn\u00e9 hry v jednom bal\u00edku: \u201eGolf Club Wasteland\u201c, poetick\u00e9 postapokalyptick\u00e9 golfov\u00e9 dobrodru\u017estvo sp\u00e1jaj\u00face \u0161t\u00fdl a pr\u00edbeh, a \u201eAspire Ina&#x27;s Tale\u201c, o\u010daruj\u00face RPG s prieskumom, hlbok\u00fdm pr\u00edbehom a pohlcuj\u00facimi \u0165ahov\u00fdmi bojmi. Vychutnajte si rozmanit\u00fa hrate\u013enos\u0165 a bohat\u00fd pr\u00edbeh.\" \/>\n<meta property=\"og:url\" content=\"https:\/\/begamer.cz\/sk\/produkt\/golf-club-wasteland-aspire-inas-tale-bundle-sk\/\" \/>\n<meta property=\"og:site_name\" content=\"BeGamer.cz\" \/>\n<meta property=\"article:modified_time\" content=\"2026-03-18T04:47:15+00:00\" \/>\n<meta property=\"og:image\" content=\"https:\/\/begamer.cz\/wp-content\/uploads\/2026\/01\/golf-club-wasteland-slash-aspire-inas-tale-bundle-6.webp\" \/>\n\t<meta property=\"og:image:width\" content=\"300\" \/>\n\t<meta property=\"og:image:height\" content=\"400\" \/>\n\t<meta property=\"og:image:type\" content=\"image\/webp\" \/>\n<meta name=\"twitter:card\" content=\"summary_large_image\" \/>\n<meta name=\"twitter:label1\" content=\"Predpokladan\u00fd \u010das \u010d\u00edtania\" \/>\n\t<meta name=\"twitter:data1\" content=\"2 min\u00faty\" \/>\n<script type=\"application\/ld+json\" class=\"yoast-schema-graph\">{\"@context\":\"https:\\\/\\\/schema.org\",\"@graph\":[{\"@type\":\"WebPage\",\"@id\":\"https:\\\/\\\/begamer.cz\\\/sk\\\/produkt\\\/golf-club-wasteland-aspire-inas-tale-bundle-sk\\\/\",\"url\":\"https:\\\/\\\/begamer.cz\\\/sk\\\/produkt\\\/golf-club-wasteland-aspire-inas-tale-bundle-sk\\\/\",\"name\":\"Golf Club Wasteland \\\/ Aspire Ina's Tale Bundle | BeGamer.cz\",\"isPartOf\":{\"@id\":\"https:\\\/\\\/begamer.cz\\\/sk\\\/#website\"},\"primaryImageOfPage\":{\"@id\":\"https:\\\/\\\/begamer.cz\\\/sk\\\/produkt\\\/golf-club-wasteland-aspire-inas-tale-bundle-sk\\\/#primaryimage\"},\"image\":{\"@id\":\"https:\\\/\\\/begamer.cz\\\/sk\\\/produkt\\\/golf-club-wasteland-aspire-inas-tale-bundle-sk\\\/#primaryimage\"},\"thumbnailUrl\":\"https:\\\/\\\/begamer.cz\\\/wp-content\\\/uploads\\\/2026\\\/01\\\/golf-club-wasteland-slash-aspire-inas-tale-bundle-6.webp\",\"datePublished\":\"2026-01-30T15:38:32+00:00\",\"dateModified\":\"2026-03-18T04:47:15+00:00\",\"breadcrumb\":{\"@id\":\"https:\\\/\\\/begamer.cz\\\/sk\\\/produkt\\\/golf-club-wasteland-aspire-inas-tale-bundle-sk\\\/#breadcrumb\"},\"inLanguage\":\"sk-SK\",\"potentialAction\":[{\"@type\":\"ReadAction\",\"target\":[\"https:\\\/\\\/begamer.cz\\\/sk\\\/produkt\\\/golf-club-wasteland-aspire-inas-tale-bundle-sk\\\/\"]}]},{\"@type\":\"ImageObject\",\"inLanguage\":\"sk-SK\",\"@id\":\"https:\\\/\\\/begamer.cz\\\/sk\\\/produkt\\\/golf-club-wasteland-aspire-inas-tale-bundle-sk\\\/#primaryimage\",\"url\":\"https:\\\/\\\/begamer.cz\\\/wp-content\\\/uploads\\\/2026\\\/01\\\/golf-club-wasteland-slash-aspire-inas-tale-bundle-6.webp\",\"contentUrl\":\"https:\\\/\\\/begamer.cz\\\/wp-content\\\/uploads\\\/2026\\\/01\\\/golf-club-wasteland-slash-aspire-inas-tale-bundle-6.webp\",\"width\":300,\"height\":400},{\"@type\":\"BreadcrumbList\",\"@id\":\"https:\\\/\\\/begamer.cz\\\/sk\\\/produkt\\\/golf-club-wasteland-aspire-inas-tale-bundle-sk\\\/#breadcrumb\",\"itemListElement\":[{\"@type\":\"ListItem\",\"position\":1,\"name\":\"Domov\",\"item\":\"https:\\\/\\\/begamer.cz\\\/sk\\\/\"},{\"@type\":\"ListItem\",\"position\":2,\"name\":\"Obchod\",\"item\":\"https:\\\/\\\/begamer.cz\\\/obchod\\\/\"},{\"@type\":\"ListItem\",\"position\":3,\"name\":\"Golf Club Wasteland \\\/ Aspire Ina&#8217;s Tale Bundle\"}]},{\"@type\":\"WebSite\",\"@id\":\"https:\\\/\\\/begamer.cz\\\/sk\\\/#website\",\"url\":\"https:\\\/\\\/begamer.cz\\\/sk\\\/\",\"name\":\"BeGamer.cz\",\"description\":\"\",\"publisher\":{\"@id\":\"https:\\\/\\\/begamer.cz\\\/sk\\\/#organization\"},\"potentialAction\":[{\"@type\":\"SearchAction\",\"target\":{\"@type\":\"EntryPoint\",\"urlTemplate\":\"https:\\\/\\\/begamer.cz\\\/sk\\\/?s={search_term_string}\"},\"query-input\":{\"@type\":\"PropertyValueSpecification\",\"valueRequired\":true,\"valueName\":\"search_term_string\"}}],\"inLanguage\":\"sk-SK\"},{\"@type\":\"Organization\",\"@id\":\"https:\\\/\\\/begamer.cz\\\/sk\\\/#organization\",\"name\":\"BeGamer.cz\",\"url\":\"https:\\\/\\\/begamer.cz\\\/sk\\\/\",\"logo\":{\"@type\":\"ImageObject\",\"inLanguage\":\"sk-SK\",\"@id\":\"https:\\\/\\\/begamer.cz\\\/sk\\\/#\\\/schema\\\/logo\\\/image\\\/\",\"url\":\"https:\\\/\\\/begamer.cz\\\/wp-content\\\/uploads\\\/2025\\\/07\\\/logo.svg\",\"contentUrl\":\"https:\\\/\\\/begamer.cz\\\/wp-content\\\/uploads\\\/2025\\\/07\\\/logo.svg\",\"caption\":\"BeGamer.cz\"},\"image\":{\"@id\":\"https:\\\/\\\/begamer.cz\\\/sk\\\/#\\\/schema\\\/logo\\\/image\\\/\"}}]}<\/script>\n<!-- \/ Yoast SEO plugin. -->","yoast_head_json":{"title":"Golf Club Wasteland \/ Aspire Ina's Tale Bundle | BeGamer.cz","robots":{"index":"index","follow":"follow","max-snippet":"max-snippet:-1","max-image-preview":"max-image-preview:large","max-video-preview":"max-video-preview:-1"},"canonical":"https:\/\/begamer.cz\/sk\/produkt\/golf-club-wasteland-aspire-inas-tale-bundle-sk\/","og_locale":"sk_SK","og_type":"article","og_title":"Golf Club Wasteland \/ Aspire Ina's Tale Bundle | BeGamer.cz","og_description":"Za\u017eite dve jedine\u010dn\u00e9 hry v jednom bal\u00edku: \u201eGolf Club Wasteland\u201c, poetick\u00e9 postapokalyptick\u00e9 golfov\u00e9 dobrodru\u017estvo sp\u00e1jaj\u00face \u0161t\u00fdl a pr\u00edbeh, a \u201eAspire Ina&#x27;s Tale\u201c, o\u010daruj\u00face RPG s prieskumom, hlbok\u00fdm pr\u00edbehom a pohlcuj\u00facimi \u0165ahov\u00fdmi bojmi. Vychutnajte si rozmanit\u00fa hrate\u013enos\u0165 a bohat\u00fd pr\u00edbeh.","og_url":"https:\/\/begamer.cz\/sk\/produkt\/golf-club-wasteland-aspire-inas-tale-bundle-sk\/","og_site_name":"BeGamer.cz","article_modified_time":"2026-03-18T04:47:15+00:00","og_image":[{"width":300,"height":400,"url":"https:\/\/begamer.cz\/wp-content\/uploads\/2026\/01\/golf-club-wasteland-slash-aspire-inas-tale-bundle-6.webp","type":"image\/webp"}],"twitter_card":"summary_large_image","twitter_misc":{"Predpokladan\u00fd \u010das \u010d\u00edtania":"2 min\u00faty"},"schema":{"@context":"https:\/\/schema.org","@graph":[{"@type":"WebPage","@id":"https:\/\/begamer.cz\/sk\/produkt\/golf-club-wasteland-aspire-inas-tale-bundle-sk\/","url":"https:\/\/begamer.cz\/sk\/produkt\/golf-club-wasteland-aspire-inas-tale-bundle-sk\/","name":"Golf Club Wasteland \/ Aspire Ina's Tale Bundle | BeGamer.cz","isPartOf":{"@id":"https:\/\/begamer.cz\/sk\/#website"},"primaryImageOfPage":{"@id":"https:\/\/begamer.cz\/sk\/produkt\/golf-club-wasteland-aspire-inas-tale-bundle-sk\/#primaryimage"},"image":{"@id":"https:\/\/begamer.cz\/sk\/produkt\/golf-club-wasteland-aspire-inas-tale-bundle-sk\/#primaryimage"},"thumbnailUrl":"https:\/\/begamer.cz\/wp-content\/uploads\/2026\/01\/golf-club-wasteland-slash-aspire-inas-tale-bundle-6.webp","datePublished":"2026-01-30T15:38:32+00:00","dateModified":"2026-03-18T04:47:15+00:00","breadcrumb":{"@id":"https:\/\/begamer.cz\/sk\/produkt\/golf-club-wasteland-aspire-inas-tale-bundle-sk\/#breadcrumb"},"inLanguage":"sk-SK","potentialAction":[{"@type":"ReadAction","target":["https:\/\/begamer.cz\/sk\/produkt\/golf-club-wasteland-aspire-inas-tale-bundle-sk\/"]}]},{"@type":"ImageObject","inLanguage":"sk-SK","@id":"https:\/\/begamer.cz\/sk\/produkt\/golf-club-wasteland-aspire-inas-tale-bundle-sk\/#primaryimage","url":"https:\/\/begamer.cz\/wp-content\/uploads\/2026\/01\/golf-club-wasteland-slash-aspire-inas-tale-bundle-6.webp","contentUrl":"https:\/\/begamer.cz\/wp-content\/uploads\/2026\/01\/golf-club-wasteland-slash-aspire-inas-tale-bundle-6.webp","width":300,"height":400},{"@type":"BreadcrumbList","@id":"https:\/\/begamer.cz\/sk\/produkt\/golf-club-wasteland-aspire-inas-tale-bundle-sk\/#breadcrumb","itemListElement":[{"@type":"ListItem","position":1,"name":"Domov","item":"https:\/\/begamer.cz\/sk\/"},{"@type":"ListItem","position":2,"name":"Obchod","item":"https:\/\/begamer.cz\/obchod\/"},{"@type":"ListItem","position":3,"name":"Golf Club Wasteland \/ Aspire Ina&#8217;s Tale Bundle"}]},{"@type":"WebSite","@id":"https:\/\/begamer.cz\/sk\/#website","url":"https:\/\/begamer.cz\/sk\/","name":"BeGamer.cz","description":"","publisher":{"@id":"https:\/\/begamer.cz\/sk\/#organization"},"potentialAction":[{"@type":"SearchAction","target":{"@type":"EntryPoint","urlTemplate":"https:\/\/begamer.cz\/sk\/?s={search_term_string}"},"query-input":{"@type":"PropertyValueSpecification","valueRequired":true,"valueName":"search_term_string"}}],"inLanguage":"sk-SK"},{"@type":"Organization","@id":"https:\/\/begamer.cz\/sk\/#organization","name":"BeGamer.cz","url":"https:\/\/begamer.cz\/sk\/","logo":{"@type":"ImageObject","inLanguage":"sk-SK","@id":"https:\/\/begamer.cz\/sk\/#\/schema\/logo\/image\/","url":"https:\/\/begamer.cz\/wp-content\/uploads\/2025\/07\/logo.svg","contentUrl":"https:\/\/begamer.cz\/wp-content\/uploads\/2025\/07\/logo.svg","caption":"BeGamer.cz"},"image":{"@id":"https:\/\/begamer.cz\/sk\/#\/schema\/logo\/image\/"}}]}},"acf":[],"_links":{"self":[{"href":"https:\/\/begamer.cz\/sk\/wp-json\/wp\/v2\/product\/96494","targetHints":{"allow":["GET"]}}],"collection":[{"href":"https:\/\/begamer.cz\/sk\/wp-json\/wp\/v2\/product"}],"about":[{"href":"https:\/\/begamer.cz\/sk\/wp-json\/wp\/v2\/types\/product"}],"replies":[{"embeddable":true,"href":"https:\/\/begamer.cz\/sk\/wp-json\/wp\/v2\/comments?post=96494"}],"wp:featuredmedia":[{"embeddable":true,"href":"https:\/\/begamer.cz\/sk\/wp-json\/wp\/v2\/media\/64804"}],"wp:attachment":[{"href":"https:\/\/begamer.cz\/sk\/wp-json\/wp\/v2\/media?parent=96494"}],"wp:term":[{"taxonomy":"product_brand","embeddable":true,"href":"https:\/\/begamer.cz\/sk\/wp-json\/wp\/v2\/product_brand?post=96494"},{"taxonomy":"product_cat","embeddable":true,"href":"https:\/\/begamer.cz\/sk\/wp-json\/wp\/v2\/product_cat?post=96494"},{"taxonomy":"product_tag","embeddable":true,"href":"https:\/\/begamer.cz\/sk\/wp-json\/wp\/v2\/product_tag?post=96494"}],"curies":[{"name":"wp","href":"https:\/\/api.w.org\/{rel}","templated":true}]}}