{"id":96479,"date":"2026-01-30T16:38:18","date_gmt":"2026-01-30T15:38:18","guid":{"rendered":"https:\/\/begamer.cz\/produkt\/harvest-moon-mad-dash-sk\/"},"modified":"2026-03-18T05:46:59","modified_gmt":"2026-03-18T04:46:59","slug":"harvest-moon-mad-dash-sk","status":"publish","type":"product","link":"https:\/\/begamer.cz\/sk\/produkt\/harvest-moon-mad-dash-sk\/","title":{"rendered":"Harvest Moon: Mad Dash"},"content":{"rendered":"<p>Vydajte sa na cestu sami alebo s priate\u013emi v tejto r\u00fdchlej farm\u00e1rskej hre! <\/p>\n<p>Zbierajte \u00farodu, lovte ryby, dojte kravy a pl\u0148te \u010fal\u0161ie \u00falohy, aby ste dokon\u010dili ka\u017ed\u00fa \u00farove\u0148, ale d\u00e1vajte pozor na roztaven\u00fa l\u00e1vu, divok\u00e9 diviaky a \u010fal\u0161ie prek\u00e1\u017eky! <\/p>\n<p>Dok\u00e1\u017eete vy a va\u0161i priatelia prejs\u0165 v\u0161etky \u00farovne a obnovi\u0165 zni\u010den\u00fd maj\u00e1k?<\/p>\n<p>\u2022       R\u00fdchla akcia znamen\u00e1, \u017ee k\u013e\u00fa\u010dov\u00e9 s\u00fa r\u00fdchle rozhodnutia!<br \/>\n<br \/>\u2022       Pou\u017eite Harvest Sprite Powers na odomknutie \u0161peci\u00e1lnych podporn\u00fdch schopnost\u00ed!<br \/>\n<br \/>\u2022       Jednoduch\u00e1 hern\u00e1 mechanika znamen\u00e1, \u017ee hra\u0165 m\u00f4\u017ee ka\u017ed\u00fd!<br \/>\n<br \/>\u2022       Vysk\u00fa\u0161ajte \u00farovne farmy, pl\u00e1\u017ee, podsvetia a nebesk\u00e9ho sveta! <\/p>\n<p>&#8212;&#8212;<br \/>\nNa hranie s 3 a\u017e<\/p>\n<p>4 hr\u00e1\u010dmi s\u00fa potrebn\u00e9 \u010fal\u0161ie ovl\u00e1da\u010de.<br \/>\n<br \/>&#8212;&#8212;<\/p>\n","protected":false},"excerpt":{"rendered":"<p>Vydajte sa na cestu sami alebo s priate\u013emi v tejto r\u00fdchlej farm\u00e1rskej hre! Zberajte \u00farodu, lovte ryby, dojte kravy a pl\u0148te \u010fal\u0161ie \u00falohy, aby ste dokon\u010dili ka\u017ed\u00fa \u00farove\u0148, ale d\u00e1vajte si pozor na roztaven\u00fa l\u00e1vu, divok\u00e9 diviaky a \u010fal\u0161ie prek\u00e1\u017eky!<\/p>\n","protected":false},"featured_media":64678,"comment_status":"open","ping_status":"closed","template":"","meta":{"_acf_changed":false},"product_brand":[],"product_cat":[206,179,200,224,228],"product_tag":[],"class_list":{"0":"post-96479","1":"product","2":"type-product","3":"status-publish","4":"has-post-thumbnail","6":"product_cat-arkady-nintendo-switch-sk","7":"product_cat-nintendo-hry-sk","8":"product_cat-nintendo-switch-sk","9":"product_cat-simulatory-nintendo-switch-sk","10":"product_cat-strategie-nintendo-switch-sk","11":"pa_countries-at","12":"pa_countries-be","13":"pa_countries-bg","14":"pa_countries-cy","15":"pa_countries-cz","17":"pa_countries-de","18":"pa_countries-dk","19":"pa_countries-ee","20":"pa_countries-es","21":"pa_countries-fi","22":"pa_countries-fr","23":"pa_countries-gr","24":"pa_countries-hr","25":"pa_countries-hu","26":"pa_countries-ie","27":"pa_countries-it","28":"pa_countries-lt","29":"pa_countries-lu","30":"pa_countries-lv","31":"pa_countries-mt","32":"pa_countries-nl","33":"pa_countries-pl","34":"pa_countries-pt","35":"pa_countries-ro","36":"pa_countries-se","37":"pa_countries-si","38":"pa_countries-sk","39":"pa_developer-appci-corporation","41":"pa_franchises-harvest-moon","43":"pa_game_type-main_game","45":"pa_genres-arcade","47":"pa_genres-puzzle","48":"pa_genres-simulator","49":"pa_genres-strategy","50":"pa_interface-de-de","51":"pa_interface-en-us","52":"pa_interface-es-es","53":"pa_interface-fr-fr","54":"pa_interface-it-it","55":"pa_interface-ko-kr","56":"pa_interface-pt-pt","58":"pa_interface-zh-cn","59":"pa_interface-zh-tw","60":"pa_keywords-farm","61":"pa_keywords-fast-paced","62":"pa_keywords-previously-on-utomik","63":"pa_modes-co-operative","64":"pa_modes-multiplayer","66":"pa_modes-single-player","67":"pa_pegi-13430","68":"pa_pegi-943","69":"pa_platform-nintendo-switch","71":"pa_player_perspectives-bird-view-isometric","73":"pa_publisher-natsume-inc","75":"pa_rating-5677","76":"pa_rating-14674","77":"pa_region-europe","79":"pa_themes-action","80":"pa_themes-fantasy","81":"pa_themes-party","84":"first","85":"instock","86":"virtual","87":"taxable","88":"purchasable","89":"product-type-simple"},"yoast_head":"<!-- This site is optimized with the Yoast SEO plugin v27.3 - https:\/\/yoast.com\/product\/yoast-seo-wordpress\/ -->\n<title>Harvest Moon: Mad Dash | BeGamer.cz<\/title>\n<meta name=\"robots\" content=\"index, follow, max-snippet:-1, max-image-preview:large, max-video-preview:-1\" \/>\n<link rel=\"canonical\" href=\"https:\/\/begamer.cz\/sk\/produkt\/harvest-moon-mad-dash-sk\/\" \/>\n<meta property=\"og:locale\" content=\"sk_SK\" \/>\n<meta property=\"og:type\" content=\"article\" \/>\n<meta property=\"og:title\" content=\"Harvest Moon: Mad Dash | BeGamer.cz\" \/>\n<meta property=\"og:description\" content=\"Vydajte sa na cestu sami alebo s priate\u013emi v tejto r\u00fdchlej farm\u00e1rskej hre! Zberajte \u00farodu, lovte ryby, dojte kravy a pl\u0148te \u010fal\u0161ie \u00falohy, aby ste dokon\u010dili ka\u017ed\u00fa \u00farove\u0148, ale d\u00e1vajte si pozor na roztaven\u00fa l\u00e1vu, divok\u00e9 diviaky a \u010fal\u0161ie prek\u00e1\u017eky!\" \/>\n<meta property=\"og:url\" content=\"https:\/\/begamer.cz\/sk\/produkt\/harvest-moon-mad-dash-sk\/\" \/>\n<meta property=\"og:site_name\" content=\"BeGamer.cz\" \/>\n<meta property=\"article:modified_time\" content=\"2026-03-18T04:46:59+00:00\" \/>\n<meta property=\"og:image\" content=\"https:\/\/begamer.cz\/wp-content\/uploads\/2026\/01\/harvest-moon-mad-dash-10.webp\" \/>\n\t<meta property=\"og:image:width\" content=\"300\" \/>\n\t<meta property=\"og:image:height\" content=\"400\" \/>\n\t<meta property=\"og:image:type\" content=\"image\/webp\" \/>\n<meta name=\"twitter:card\" content=\"summary_large_image\" \/>\n<meta name=\"twitter:label1\" content=\"Predpokladan\u00fd \u010das \u010d\u00edtania\" \/>\n\t<meta name=\"twitter:data1\" content=\"1 min\u00fata\" \/>\n<script type=\"application\/ld+json\" class=\"yoast-schema-graph\">{\"@context\":\"https:\\\/\\\/schema.org\",\"@graph\":[{\"@type\":\"WebPage\",\"@id\":\"https:\\\/\\\/begamer.cz\\\/sk\\\/produkt\\\/harvest-moon-mad-dash-sk\\\/\",\"url\":\"https:\\\/\\\/begamer.cz\\\/sk\\\/produkt\\\/harvest-moon-mad-dash-sk\\\/\",\"name\":\"Harvest Moon: Mad Dash | BeGamer.cz\",\"isPartOf\":{\"@id\":\"https:\\\/\\\/begamer.cz\\\/sk\\\/#website\"},\"primaryImageOfPage\":{\"@id\":\"https:\\\/\\\/begamer.cz\\\/sk\\\/produkt\\\/harvest-moon-mad-dash-sk\\\/#primaryimage\"},\"image\":{\"@id\":\"https:\\\/\\\/begamer.cz\\\/sk\\\/produkt\\\/harvest-moon-mad-dash-sk\\\/#primaryimage\"},\"thumbnailUrl\":\"https:\\\/\\\/begamer.cz\\\/wp-content\\\/uploads\\\/2026\\\/01\\\/harvest-moon-mad-dash-10.webp\",\"datePublished\":\"2026-01-30T15:38:18+00:00\",\"dateModified\":\"2026-03-18T04:46:59+00:00\",\"breadcrumb\":{\"@id\":\"https:\\\/\\\/begamer.cz\\\/sk\\\/produkt\\\/harvest-moon-mad-dash-sk\\\/#breadcrumb\"},\"inLanguage\":\"sk-SK\",\"potentialAction\":[{\"@type\":\"ReadAction\",\"target\":[\"https:\\\/\\\/begamer.cz\\\/sk\\\/produkt\\\/harvest-moon-mad-dash-sk\\\/\"]}]},{\"@type\":\"ImageObject\",\"inLanguage\":\"sk-SK\",\"@id\":\"https:\\\/\\\/begamer.cz\\\/sk\\\/produkt\\\/harvest-moon-mad-dash-sk\\\/#primaryimage\",\"url\":\"https:\\\/\\\/begamer.cz\\\/wp-content\\\/uploads\\\/2026\\\/01\\\/harvest-moon-mad-dash-10.webp\",\"contentUrl\":\"https:\\\/\\\/begamer.cz\\\/wp-content\\\/uploads\\\/2026\\\/01\\\/harvest-moon-mad-dash-10.webp\",\"width\":300,\"height\":400},{\"@type\":\"BreadcrumbList\",\"@id\":\"https:\\\/\\\/begamer.cz\\\/sk\\\/produkt\\\/harvest-moon-mad-dash-sk\\\/#breadcrumb\",\"itemListElement\":[{\"@type\":\"ListItem\",\"position\":1,\"name\":\"Domov\",\"item\":\"https:\\\/\\\/begamer.cz\\\/sk\\\/\"},{\"@type\":\"ListItem\",\"position\":2,\"name\":\"Obchod\",\"item\":\"https:\\\/\\\/begamer.cz\\\/obchod\\\/\"},{\"@type\":\"ListItem\",\"position\":3,\"name\":\"Harvest Moon: Mad Dash\"}]},{\"@type\":\"WebSite\",\"@id\":\"https:\\\/\\\/begamer.cz\\\/sk\\\/#website\",\"url\":\"https:\\\/\\\/begamer.cz\\\/sk\\\/\",\"name\":\"BeGamer.cz\",\"description\":\"\",\"publisher\":{\"@id\":\"https:\\\/\\\/begamer.cz\\\/sk\\\/#organization\"},\"potentialAction\":[{\"@type\":\"SearchAction\",\"target\":{\"@type\":\"EntryPoint\",\"urlTemplate\":\"https:\\\/\\\/begamer.cz\\\/sk\\\/?s={search_term_string}\"},\"query-input\":{\"@type\":\"PropertyValueSpecification\",\"valueRequired\":true,\"valueName\":\"search_term_string\"}}],\"inLanguage\":\"sk-SK\"},{\"@type\":\"Organization\",\"@id\":\"https:\\\/\\\/begamer.cz\\\/sk\\\/#organization\",\"name\":\"BeGamer.cz\",\"url\":\"https:\\\/\\\/begamer.cz\\\/sk\\\/\",\"logo\":{\"@type\":\"ImageObject\",\"inLanguage\":\"sk-SK\",\"@id\":\"https:\\\/\\\/begamer.cz\\\/sk\\\/#\\\/schema\\\/logo\\\/image\\\/\",\"url\":\"https:\\\/\\\/begamer.cz\\\/wp-content\\\/uploads\\\/2025\\\/07\\\/logo.svg\",\"contentUrl\":\"https:\\\/\\\/begamer.cz\\\/wp-content\\\/uploads\\\/2025\\\/07\\\/logo.svg\",\"caption\":\"BeGamer.cz\"},\"image\":{\"@id\":\"https:\\\/\\\/begamer.cz\\\/sk\\\/#\\\/schema\\\/logo\\\/image\\\/\"}}]}<\/script>\n<!-- \/ Yoast SEO plugin. -->","yoast_head_json":{"title":"Harvest Moon: Mad Dash | BeGamer.cz","robots":{"index":"index","follow":"follow","max-snippet":"max-snippet:-1","max-image-preview":"max-image-preview:large","max-video-preview":"max-video-preview:-1"},"canonical":"https:\/\/begamer.cz\/sk\/produkt\/harvest-moon-mad-dash-sk\/","og_locale":"sk_SK","og_type":"article","og_title":"Harvest Moon: Mad Dash | BeGamer.cz","og_description":"Vydajte sa na cestu sami alebo s priate\u013emi v tejto r\u00fdchlej farm\u00e1rskej hre! Zberajte \u00farodu, lovte ryby, dojte kravy a pl\u0148te \u010fal\u0161ie \u00falohy, aby ste dokon\u010dili ka\u017ed\u00fa \u00farove\u0148, ale d\u00e1vajte si pozor na roztaven\u00fa l\u00e1vu, divok\u00e9 diviaky a \u010fal\u0161ie prek\u00e1\u017eky!","og_url":"https:\/\/begamer.cz\/sk\/produkt\/harvest-moon-mad-dash-sk\/","og_site_name":"BeGamer.cz","article_modified_time":"2026-03-18T04:46:59+00:00","og_image":[{"width":300,"height":400,"url":"https:\/\/begamer.cz\/wp-content\/uploads\/2026\/01\/harvest-moon-mad-dash-10.webp","type":"image\/webp"}],"twitter_card":"summary_large_image","twitter_misc":{"Predpokladan\u00fd \u010das \u010d\u00edtania":"1 min\u00fata"},"schema":{"@context":"https:\/\/schema.org","@graph":[{"@type":"WebPage","@id":"https:\/\/begamer.cz\/sk\/produkt\/harvest-moon-mad-dash-sk\/","url":"https:\/\/begamer.cz\/sk\/produkt\/harvest-moon-mad-dash-sk\/","name":"Harvest Moon: Mad Dash | BeGamer.cz","isPartOf":{"@id":"https:\/\/begamer.cz\/sk\/#website"},"primaryImageOfPage":{"@id":"https:\/\/begamer.cz\/sk\/produkt\/harvest-moon-mad-dash-sk\/#primaryimage"},"image":{"@id":"https:\/\/begamer.cz\/sk\/produkt\/harvest-moon-mad-dash-sk\/#primaryimage"},"thumbnailUrl":"https:\/\/begamer.cz\/wp-content\/uploads\/2026\/01\/harvest-moon-mad-dash-10.webp","datePublished":"2026-01-30T15:38:18+00:00","dateModified":"2026-03-18T04:46:59+00:00","breadcrumb":{"@id":"https:\/\/begamer.cz\/sk\/produkt\/harvest-moon-mad-dash-sk\/#breadcrumb"},"inLanguage":"sk-SK","potentialAction":[{"@type":"ReadAction","target":["https:\/\/begamer.cz\/sk\/produkt\/harvest-moon-mad-dash-sk\/"]}]},{"@type":"ImageObject","inLanguage":"sk-SK","@id":"https:\/\/begamer.cz\/sk\/produkt\/harvest-moon-mad-dash-sk\/#primaryimage","url":"https:\/\/begamer.cz\/wp-content\/uploads\/2026\/01\/harvest-moon-mad-dash-10.webp","contentUrl":"https:\/\/begamer.cz\/wp-content\/uploads\/2026\/01\/harvest-moon-mad-dash-10.webp","width":300,"height":400},{"@type":"BreadcrumbList","@id":"https:\/\/begamer.cz\/sk\/produkt\/harvest-moon-mad-dash-sk\/#breadcrumb","itemListElement":[{"@type":"ListItem","position":1,"name":"Domov","item":"https:\/\/begamer.cz\/sk\/"},{"@type":"ListItem","position":2,"name":"Obchod","item":"https:\/\/begamer.cz\/obchod\/"},{"@type":"ListItem","position":3,"name":"Harvest Moon: Mad Dash"}]},{"@type":"WebSite","@id":"https:\/\/begamer.cz\/sk\/#website","url":"https:\/\/begamer.cz\/sk\/","name":"BeGamer.cz","description":"","publisher":{"@id":"https:\/\/begamer.cz\/sk\/#organization"},"potentialAction":[{"@type":"SearchAction","target":{"@type":"EntryPoint","urlTemplate":"https:\/\/begamer.cz\/sk\/?s={search_term_string}"},"query-input":{"@type":"PropertyValueSpecification","valueRequired":true,"valueName":"search_term_string"}}],"inLanguage":"sk-SK"},{"@type":"Organization","@id":"https:\/\/begamer.cz\/sk\/#organization","name":"BeGamer.cz","url":"https:\/\/begamer.cz\/sk\/","logo":{"@type":"ImageObject","inLanguage":"sk-SK","@id":"https:\/\/begamer.cz\/sk\/#\/schema\/logo\/image\/","url":"https:\/\/begamer.cz\/wp-content\/uploads\/2025\/07\/logo.svg","contentUrl":"https:\/\/begamer.cz\/wp-content\/uploads\/2025\/07\/logo.svg","caption":"BeGamer.cz"},"image":{"@id":"https:\/\/begamer.cz\/sk\/#\/schema\/logo\/image\/"}}]}},"acf":[],"_links":{"self":[{"href":"https:\/\/begamer.cz\/sk\/wp-json\/wp\/v2\/product\/96479","targetHints":{"allow":["GET"]}}],"collection":[{"href":"https:\/\/begamer.cz\/sk\/wp-json\/wp\/v2\/product"}],"about":[{"href":"https:\/\/begamer.cz\/sk\/wp-json\/wp\/v2\/types\/product"}],"replies":[{"embeddable":true,"href":"https:\/\/begamer.cz\/sk\/wp-json\/wp\/v2\/comments?post=96479"}],"wp:featuredmedia":[{"embeddable":true,"href":"https:\/\/begamer.cz\/sk\/wp-json\/wp\/v2\/media\/64678"}],"wp:attachment":[{"href":"https:\/\/begamer.cz\/sk\/wp-json\/wp\/v2\/media?parent=96479"}],"wp:term":[{"taxonomy":"product_brand","embeddable":true,"href":"https:\/\/begamer.cz\/sk\/wp-json\/wp\/v2\/product_brand?post=96479"},{"taxonomy":"product_cat","embeddable":true,"href":"https:\/\/begamer.cz\/sk\/wp-json\/wp\/v2\/product_cat?post=96479"},{"taxonomy":"product_tag","embeddable":true,"href":"https:\/\/begamer.cz\/sk\/wp-json\/wp\/v2\/product_tag?post=96479"}],"curies":[{"name":"wp","href":"https:\/\/api.w.org\/{rel}","templated":true}]}}