{"id":96443,"date":"2026-01-30T16:37:42","date_gmt":"2026-01-30T15:37:42","guid":{"rendered":"https:\/\/begamer.cz\/produkt\/wolfenstein-ii-the-new-colossus-sk-1769787464\/"},"modified":"2026-03-18T05:44:42","modified_gmt":"2026-03-18T04:44:42","slug":"wolfenstein-ii-the-new-colossus-sk-2","status":"publish","type":"product","link":"https:\/\/begamer.cz\/sk\/produkt\/wolfenstein-ii-the-new-colossus-sk-2\/","title":{"rendered":"Wolfenstein II: The New Colossus"},"content":{"rendered":"<h1>O hre<\/h1>\n<p>Wolfenstein\u00ae II: The New Colossus\u2122 je dlho o\u010dak\u00e1van\u00e9 pokra\u010dovanie kriticky uzn\u00e1vanej hry Wolfenstein\u00ae: The New Order\u2122, ktor\u00fa vyvinulo ocenen\u00e9 \u0161t\u00fadio MachineGames. Wolfenstein\u00ae II<\/p>\n<p>, vzru\u0161uj\u00face dobrodru\u017estvo o\u017eiven\u00e9 \u0161pi\u010dkovou technol\u00f3giou id Tech\u00ae 6, posiela hr\u00e1\u010dov do Ameriky ovl\u00e1danej nacistami na misiu s cie\u013eom z\u00edska\u0165 najodv\u00e1\u017enej\u0161\u00edch vodcov odboja, ktor\u00ed pre\u017eili. Bojujte proti nacistom na ikonick\u00fdch americk\u00fdch miestach, vyzbrojte sa arzen\u00e1lom drsn\u00fdch zbran\u00ed a vyu\u017eite nov\u00e9 schopnosti, aby ste si v tejto definit\u00edvnej strie\u013ea\u010dke z poh\u013eadu prvej osoby prebojovali cestu cez l\u00e9gie nacistick\u00fdch vojakov.<\/p>\n<h2 class=\"bb_tag\">PR\u00cdBEH: <\/h2>\n<p>Amerika, rok 1961. Va\u0161e zavra\u017edenie nacistick\u00e9ho gener\u00e1la Deathsheada bolo kr\u00e1tkodob\u00fdm v\u00ed\u0165azstvom. Napriek tejto prek\u00e1\u017eke si nacisti udr\u017euj\u00fa svoju nadvl\u00e1du nad svetom. Ste BJ Blazkowicz, alias \u201eTerror-Billy\u201c, \u010dlen odboja, postrach nacistick\u00e9ho imp\u00e9ria a posledn\u00e1 n\u00e1dej \u013eudstva na slobodu. Len vy m\u00e1te odvahu, zbrane a gur\u00e1\u017e vr\u00e1ti\u0165 sa do Spojen\u00fdch \u0161t\u00e1tov, zabi\u0165 ka\u017ed\u00e9ho nacistu, ktor\u00e9ho uvid\u00edte, a rozp\u00fata\u0165 druh\u00fa americk\u00fa revol\u00faciu.<\/p>\n<h2 class=\"bb_tag\">K\u013d\u00da\u010cOV\u00c9 VLASTNOSTI:<\/h2>\n<h2 class=\"bb_tag\">Misia: Oslobodi\u0165 Ameriku od nacistov<\/h2>\n<p>Pripravte sa na strhuj\u00facu cestu, po\u010das ktorej budete bojova\u0165 proti nacistickej vojenskej ma\u0161in\u00e9rii na americkom \u00fazem\u00ed. Ako BJ Blazkowicz chr\u00e1\u0148te svoju rodinu a priate\u013eov, vytv\u00e1rajte nov\u00e9 spojenectv\u00e1 a \u010delite d\u00e9monom svojej pohnutej minulosti, zatia\u013e \u010do zhroma\u017e\u010fujete skupiny odporu, aby ste zvrhli nacistick\u00fa okup\u00e1ciu.<\/p>\n<h2 class=\"bb_tag\">\u013dudia: Zjedno\u0165te odpor<\/h2>\n<p>Ponorte sa do sveta o\u017eiven\u00e9ho nezabudnute\u013en\u00fdmi postavami, ktor\u00e9 prin\u00e1\u0161aj\u00fa do s\u00e9rie nov\u00fa \u00farove\u0148 osobnosti. Znovu sa zjedno\u0165te so svojimi priate\u013emi a spolubojovn\u00edkmi za slobodu, ako s\u00fa Anya, Caroline, Bombate, Set, Max Hass, Fergus alebo Wyatt, a spriate\u013ete sa s nov\u00fdmi postavami, ako s\u00fa Horton a Grace, zatia\u013e \u010do bojujete proti zlej Frau Engel a jej nacistickej arm\u00e1de.<\/p>\n<h2 class=\"bb_tag\">Arzen\u00e1l: Ovl\u00e1dajte ni\u010div\u00e9 zbrane a technol\u00f3gie bud\u00facnosti<\/h2>\n<p>Rozstrie\u013eajte nacistov na k\u00fasky pomocou high-tech zbran\u00ed, ako je Laserkraftwerk, viac\u00fa\u010delov\u00e1 laserov\u00e1 zbra\u0148 s vysokou intenzitou, ktor\u00e1 dok\u00e1\u017ee rozlo\u017ei\u0165 nepriate\u013eov, alebo Dieselkraftwerk, r\u00fdchlopaln\u00fd gran\u00e1tomet poh\u00e1\u0148an\u00fd plynom, ktor\u00fd dok\u00e1\u017ee zni\u010di\u0165 skupiny nepriate\u013eov, alebo sa pribl\u00ed\u017ete a bojujte zbl\u00edzka s pokro\u010dil\u00fdmi pi\u0161to\u013eami, samopalmi a sekerami. Ak potrebujete trochu viac v\u0161estrannosti, vylep\u0161ite a pou\u017e\u00edvajte svoje ob\u013e\u00faben\u00e9 zbrane v oboch ruk\u00e1ch!<\/p>\n<h2 class=\"bb_tag\">Pl\u00e1n: Zabite ka\u017ed\u00e9ho nacistu, ktor\u00fd v\u00e1m stoj\u00ed v ceste<\/h2>\n<p>Ob\u013e\u00faben\u00e1 z\u00e1bava ka\u017ed\u00e9ho! Prebu\u010fte vo v\u00e1s vojnov\u00e9ho hrdinu a zni\u010dte nacistov nov\u00fdmi a mimoriadne n\u00e1siln\u00fdmi sp\u00f4sobmi. Nabite futuristick\u00e9 zbrane a objavte nov\u00e9 schopnosti BJ, ke\u010f bojujete za oslobodenie Ameriky. Bez oh\u013eadu na v\u00e1\u0161 \u0161t\u00fdl hry vymyslite \u00faplne nov\u00e9 sp\u00f4soby bodania, stre\u013eby a zab\u00edjania nacistov.<\/p>\n","protected":false},"excerpt":{"rendered":"<p>Amerika, rok 1961. Vra\u017eda nacistick\u00e9ho gener\u00e1la Deathsheada bola kr\u00e1tkodob\u00fdm v\u00ed\u0165azstvom. Nacisti si udr\u017euj\u00fa svoju nadvl\u00e1du nad svetom. Ste BJ Blazkowicz, zn\u00e1my ako \u201eTerror-Billy\u201c, \u010dlen odboja, postrach nacistick\u00e9ho imp\u00e9ria a posledn\u00e1 n\u00e1dej \u013eudstva na slobodu.<\/p>\n","protected":false},"featured_media":14586,"comment_status":"open","ping_status":"closed","template":"","meta":{"_acf_changed":false},"product_brand":[],"product_cat":[202,179,200,9041],"product_tag":[],"class_list":{"0":"post-96443","1":"product","2":"type-product","3":"status-publish","4":"has-post-thumbnail","6":"product_cat-adventury-nintendo-switch-sk","7":"product_cat-nintendo-hry-sk","8":"product_cat-nintendo-switch-sk","9":"product_cat-strielacky","10":"pa_audio-de-de","11":"pa_audio-en-us","12":"pa_audio-es-es","13":"pa_audio-es-mx","15":"pa_audio-fr-fr","16":"pa_audio-it-it","17":"pa_audio-ja-jp","18":"pa_audio-pl-pl","19":"pa_audio-pt-br","20":"pa_audio-ru-ru","22":"pa_countries-be","23":"pa_countries-bg","24":"pa_countries-cy","25":"pa_countries-cz","27":"pa_countries-dk","28":"pa_countries-ee","29":"pa_countries-es","30":"pa_countries-fi","31":"pa_countries-fr","32":"pa_countries-gr","33":"pa_countries-hr","34":"pa_countries-hu","35":"pa_countries-ie","36":"pa_countries-it","37":"pa_countries-lt","38":"pa_countries-lu","39":"pa_countries-lv","40":"pa_countries-mt","41":"pa_countries-nl","42":"pa_countries-pl","43":"pa_countries-pt","44":"pa_countries-ro","45":"pa_countries-se","46":"pa_countries-si","47":"pa_countries-sk","49":"pa_developer-machinegames","51":"pa_engine-id-tech-6","53":"pa_franchises-wolfenstein","55":"pa_game_type-main_game","57":"pa_genres-adventure","59":"pa_genres-shooter","61":"pa_interface-de-de","62":"pa_interface-en-us","63":"pa_interface-es-es","64":"pa_interface-es-mx","65":"pa_interface-fr-fr","66":"pa_interface-it-it","67":"pa_interface-ja-jp","68":"pa_interface-pl-pl","69":"pa_interface-pt-br","71":"pa_interface-ru-ru","73":"pa_interface-zh-cn","74":"pa_interface-zh-tw","75":"pa_keywords-4k-ultra-hd","76":"pa_keywords-alternate-history","77":"pa_keywords-bink-video","78":"pa_keywords-dual-wielding","80":"pa_keywords-fascism","81":"pa_keywords-game-critics-awards","82":"pa_keywords-modern-military","83":"pa_keywords-nazis","84":"pa_keywords-pax-west-2017","85":"pa_keywords-reversible-cover-art","86":"pa_keywords-the-game-awards-best-action-game-nominee","87":"pa_keywords-the-game-awards-best-action-game-winner","88":"pa_keywords-the-game-awards-best-game-direction-nominee","89":"pa_keywords-the-game-awards-best-narrative-nominee","90":"pa_keywords-the-game-awards-best-performance-nominee","91":"pa_keywords-the-game-awards-nominee","93":"pa_keywords-the-game-awards-2017","94":"pa_keywords-xbox-one-x-enhanced","95":"pa_modes-single-player","97":"pa_pegi-13426","98":"pa_pegi-794","99":"pa_platform-nintendo-switch","101":"pa_player_perspectives-first-person","103":"pa_publisher-bethesda-softworks","105":"pa_rating-14446","106":"pa_rating-795","107":"pa_region-europe","109":"pa_subtitles-de-de","111":"pa_subtitles-en-us","112":"pa_subtitles-es-es","113":"pa_subtitles-es-mx","114":"pa_subtitles-fr-fr","115":"pa_subtitles-it-it","116":"pa_subtitles-ja-jp","117":"pa_subtitles-pl-pl","118":"pa_subtitles-pt-br","119":"pa_subtitles-ru-ru","121":"pa_subtitles-zh-cn","122":"pa_subtitles-zh-tw","123":"pa_themes-action","124":"pa_themes-fantasy","126":"pa_themes-historical","128":"pa_themes-science-fiction","130":"first","131":"outofstock","132":"virtual","133":"taxable","134":"purchasable","135":"product-type-simple"},"yoast_head":"<!-- This site is optimized with the Yoast SEO plugin v27.3 - https:\/\/yoast.com\/product\/yoast-seo-wordpress\/ -->\n<title>Wolfenstein II: The New Colossus | BeGamer.cz<\/title>\n<meta name=\"robots\" content=\"index, follow, max-snippet:-1, max-image-preview:large, max-video-preview:-1\" \/>\n<link rel=\"canonical\" href=\"https:\/\/begamer.cz\/sk\/produkt\/wolfenstein-ii-the-new-colossus-sk-2\/\" \/>\n<meta property=\"og:locale\" content=\"sk_SK\" \/>\n<meta property=\"og:type\" content=\"article\" \/>\n<meta property=\"og:title\" content=\"Wolfenstein II: The New Colossus | BeGamer.cz\" \/>\n<meta property=\"og:description\" content=\"Amerika, rok 1961. Vra\u017eda nacistick\u00e9ho gener\u00e1la Deathsheada bola kr\u00e1tkodob\u00fdm v\u00ed\u0165azstvom. Nacisti si udr\u017euj\u00fa svoju nadvl\u00e1du nad svetom. Ste BJ Blazkowicz, zn\u00e1my ako \u201eTerror-Billy\u201c, \u010dlen odboja, postrach nacistick\u00e9ho imp\u00e9ria a posledn\u00e1 n\u00e1dej \u013eudstva na slobodu.\" \/>\n<meta property=\"og:url\" content=\"https:\/\/begamer.cz\/sk\/produkt\/wolfenstein-ii-the-new-colossus-sk-2\/\" \/>\n<meta property=\"og:site_name\" content=\"BeGamer.cz\" \/>\n<meta property=\"article:modified_time\" content=\"2026-03-18T04:44:42+00:00\" \/>\n<meta property=\"og:image\" content=\"https:\/\/begamer.cz\/wp-content\/uploads\/2026\/01\/wolfenstein-ii-the-new-colossus-7.webp\" \/>\n\t<meta property=\"og:image:width\" content=\"300\" \/>\n\t<meta property=\"og:image:height\" content=\"400\" \/>\n\t<meta property=\"og:image:type\" content=\"image\/webp\" \/>\n<meta name=\"twitter:card\" content=\"summary_large_image\" \/>\n<meta name=\"twitter:label1\" content=\"Predpokladan\u00fd \u010das \u010d\u00edtania\" \/>\n\t<meta name=\"twitter:data1\" content=\"2 min\u00faty\" \/>\n<script type=\"application\/ld+json\" class=\"yoast-schema-graph\">{\"@context\":\"https:\\\/\\\/schema.org\",\"@graph\":[{\"@type\":\"WebPage\",\"@id\":\"https:\\\/\\\/begamer.cz\\\/sk\\\/produkt\\\/wolfenstein-ii-the-new-colossus-sk-2\\\/\",\"url\":\"https:\\\/\\\/begamer.cz\\\/sk\\\/produkt\\\/wolfenstein-ii-the-new-colossus-sk-2\\\/\",\"name\":\"Wolfenstein II: The New Colossus | BeGamer.cz\",\"isPartOf\":{\"@id\":\"https:\\\/\\\/begamer.cz\\\/sk\\\/#website\"},\"primaryImageOfPage\":{\"@id\":\"https:\\\/\\\/begamer.cz\\\/sk\\\/produkt\\\/wolfenstein-ii-the-new-colossus-sk-2\\\/#primaryimage\"},\"image\":{\"@id\":\"https:\\\/\\\/begamer.cz\\\/sk\\\/produkt\\\/wolfenstein-ii-the-new-colossus-sk-2\\\/#primaryimage\"},\"thumbnailUrl\":\"https:\\\/\\\/begamer.cz\\\/wp-content\\\/uploads\\\/2026\\\/01\\\/wolfenstein-ii-the-new-colossus-7.webp\",\"datePublished\":\"2026-01-30T15:37:42+00:00\",\"dateModified\":\"2026-03-18T04:44:42+00:00\",\"breadcrumb\":{\"@id\":\"https:\\\/\\\/begamer.cz\\\/sk\\\/produkt\\\/wolfenstein-ii-the-new-colossus-sk-2\\\/#breadcrumb\"},\"inLanguage\":\"sk-SK\",\"potentialAction\":[{\"@type\":\"ReadAction\",\"target\":[\"https:\\\/\\\/begamer.cz\\\/sk\\\/produkt\\\/wolfenstein-ii-the-new-colossus-sk-2\\\/\"]}]},{\"@type\":\"ImageObject\",\"inLanguage\":\"sk-SK\",\"@id\":\"https:\\\/\\\/begamer.cz\\\/sk\\\/produkt\\\/wolfenstein-ii-the-new-colossus-sk-2\\\/#primaryimage\",\"url\":\"https:\\\/\\\/begamer.cz\\\/wp-content\\\/uploads\\\/2026\\\/01\\\/wolfenstein-ii-the-new-colossus-7.webp\",\"contentUrl\":\"https:\\\/\\\/begamer.cz\\\/wp-content\\\/uploads\\\/2026\\\/01\\\/wolfenstein-ii-the-new-colossus-7.webp\",\"width\":300,\"height\":400},{\"@type\":\"BreadcrumbList\",\"@id\":\"https:\\\/\\\/begamer.cz\\\/sk\\\/produkt\\\/wolfenstein-ii-the-new-colossus-sk-2\\\/#breadcrumb\",\"itemListElement\":[{\"@type\":\"ListItem\",\"position\":1,\"name\":\"Domov\",\"item\":\"https:\\\/\\\/begamer.cz\\\/sk\\\/\"},{\"@type\":\"ListItem\",\"position\":2,\"name\":\"Obchod\",\"item\":\"https:\\\/\\\/begamer.cz\\\/obchod\\\/\"},{\"@type\":\"ListItem\",\"position\":3,\"name\":\"Wolfenstein II: The New Colossus\"}]},{\"@type\":\"WebSite\",\"@id\":\"https:\\\/\\\/begamer.cz\\\/sk\\\/#website\",\"url\":\"https:\\\/\\\/begamer.cz\\\/sk\\\/\",\"name\":\"BeGamer.cz\",\"description\":\"\",\"publisher\":{\"@id\":\"https:\\\/\\\/begamer.cz\\\/sk\\\/#organization\"},\"potentialAction\":[{\"@type\":\"SearchAction\",\"target\":{\"@type\":\"EntryPoint\",\"urlTemplate\":\"https:\\\/\\\/begamer.cz\\\/sk\\\/?s={search_term_string}\"},\"query-input\":{\"@type\":\"PropertyValueSpecification\",\"valueRequired\":true,\"valueName\":\"search_term_string\"}}],\"inLanguage\":\"sk-SK\"},{\"@type\":\"Organization\",\"@id\":\"https:\\\/\\\/begamer.cz\\\/sk\\\/#organization\",\"name\":\"BeGamer.cz\",\"url\":\"https:\\\/\\\/begamer.cz\\\/sk\\\/\",\"logo\":{\"@type\":\"ImageObject\",\"inLanguage\":\"sk-SK\",\"@id\":\"https:\\\/\\\/begamer.cz\\\/sk\\\/#\\\/schema\\\/logo\\\/image\\\/\",\"url\":\"https:\\\/\\\/begamer.cz\\\/wp-content\\\/uploads\\\/2025\\\/07\\\/logo.svg\",\"contentUrl\":\"https:\\\/\\\/begamer.cz\\\/wp-content\\\/uploads\\\/2025\\\/07\\\/logo.svg\",\"caption\":\"BeGamer.cz\"},\"image\":{\"@id\":\"https:\\\/\\\/begamer.cz\\\/sk\\\/#\\\/schema\\\/logo\\\/image\\\/\"}}]}<\/script>\n<!-- \/ Yoast SEO plugin. -->","yoast_head_json":{"title":"Wolfenstein II: The New Colossus | BeGamer.cz","robots":{"index":"index","follow":"follow","max-snippet":"max-snippet:-1","max-image-preview":"max-image-preview:large","max-video-preview":"max-video-preview:-1"},"canonical":"https:\/\/begamer.cz\/sk\/produkt\/wolfenstein-ii-the-new-colossus-sk-2\/","og_locale":"sk_SK","og_type":"article","og_title":"Wolfenstein II: The New Colossus | BeGamer.cz","og_description":"Amerika, rok 1961. Vra\u017eda nacistick\u00e9ho gener\u00e1la Deathsheada bola kr\u00e1tkodob\u00fdm v\u00ed\u0165azstvom. Nacisti si udr\u017euj\u00fa svoju nadvl\u00e1du nad svetom. Ste BJ Blazkowicz, zn\u00e1my ako \u201eTerror-Billy\u201c, \u010dlen odboja, postrach nacistick\u00e9ho imp\u00e9ria a posledn\u00e1 n\u00e1dej \u013eudstva na slobodu.","og_url":"https:\/\/begamer.cz\/sk\/produkt\/wolfenstein-ii-the-new-colossus-sk-2\/","og_site_name":"BeGamer.cz","article_modified_time":"2026-03-18T04:44:42+00:00","og_image":[{"width":300,"height":400,"url":"https:\/\/begamer.cz\/wp-content\/uploads\/2026\/01\/wolfenstein-ii-the-new-colossus-7.webp","type":"image\/webp"}],"twitter_card":"summary_large_image","twitter_misc":{"Predpokladan\u00fd \u010das \u010d\u00edtania":"2 min\u00faty"},"schema":{"@context":"https:\/\/schema.org","@graph":[{"@type":"WebPage","@id":"https:\/\/begamer.cz\/sk\/produkt\/wolfenstein-ii-the-new-colossus-sk-2\/","url":"https:\/\/begamer.cz\/sk\/produkt\/wolfenstein-ii-the-new-colossus-sk-2\/","name":"Wolfenstein II: The New Colossus | BeGamer.cz","isPartOf":{"@id":"https:\/\/begamer.cz\/sk\/#website"},"primaryImageOfPage":{"@id":"https:\/\/begamer.cz\/sk\/produkt\/wolfenstein-ii-the-new-colossus-sk-2\/#primaryimage"},"image":{"@id":"https:\/\/begamer.cz\/sk\/produkt\/wolfenstein-ii-the-new-colossus-sk-2\/#primaryimage"},"thumbnailUrl":"https:\/\/begamer.cz\/wp-content\/uploads\/2026\/01\/wolfenstein-ii-the-new-colossus-7.webp","datePublished":"2026-01-30T15:37:42+00:00","dateModified":"2026-03-18T04:44:42+00:00","breadcrumb":{"@id":"https:\/\/begamer.cz\/sk\/produkt\/wolfenstein-ii-the-new-colossus-sk-2\/#breadcrumb"},"inLanguage":"sk-SK","potentialAction":[{"@type":"ReadAction","target":["https:\/\/begamer.cz\/sk\/produkt\/wolfenstein-ii-the-new-colossus-sk-2\/"]}]},{"@type":"ImageObject","inLanguage":"sk-SK","@id":"https:\/\/begamer.cz\/sk\/produkt\/wolfenstein-ii-the-new-colossus-sk-2\/#primaryimage","url":"https:\/\/begamer.cz\/wp-content\/uploads\/2026\/01\/wolfenstein-ii-the-new-colossus-7.webp","contentUrl":"https:\/\/begamer.cz\/wp-content\/uploads\/2026\/01\/wolfenstein-ii-the-new-colossus-7.webp","width":300,"height":400},{"@type":"BreadcrumbList","@id":"https:\/\/begamer.cz\/sk\/produkt\/wolfenstein-ii-the-new-colossus-sk-2\/#breadcrumb","itemListElement":[{"@type":"ListItem","position":1,"name":"Domov","item":"https:\/\/begamer.cz\/sk\/"},{"@type":"ListItem","position":2,"name":"Obchod","item":"https:\/\/begamer.cz\/obchod\/"},{"@type":"ListItem","position":3,"name":"Wolfenstein II: The New Colossus"}]},{"@type":"WebSite","@id":"https:\/\/begamer.cz\/sk\/#website","url":"https:\/\/begamer.cz\/sk\/","name":"BeGamer.cz","description":"","publisher":{"@id":"https:\/\/begamer.cz\/sk\/#organization"},"potentialAction":[{"@type":"SearchAction","target":{"@type":"EntryPoint","urlTemplate":"https:\/\/begamer.cz\/sk\/?s={search_term_string}"},"query-input":{"@type":"PropertyValueSpecification","valueRequired":true,"valueName":"search_term_string"}}],"inLanguage":"sk-SK"},{"@type":"Organization","@id":"https:\/\/begamer.cz\/sk\/#organization","name":"BeGamer.cz","url":"https:\/\/begamer.cz\/sk\/","logo":{"@type":"ImageObject","inLanguage":"sk-SK","@id":"https:\/\/begamer.cz\/sk\/#\/schema\/logo\/image\/","url":"https:\/\/begamer.cz\/wp-content\/uploads\/2025\/07\/logo.svg","contentUrl":"https:\/\/begamer.cz\/wp-content\/uploads\/2025\/07\/logo.svg","caption":"BeGamer.cz"},"image":{"@id":"https:\/\/begamer.cz\/sk\/#\/schema\/logo\/image\/"}}]}},"acf":[],"_links":{"self":[{"href":"https:\/\/begamer.cz\/sk\/wp-json\/wp\/v2\/product\/96443","targetHints":{"allow":["GET"]}}],"collection":[{"href":"https:\/\/begamer.cz\/sk\/wp-json\/wp\/v2\/product"}],"about":[{"href":"https:\/\/begamer.cz\/sk\/wp-json\/wp\/v2\/types\/product"}],"replies":[{"embeddable":true,"href":"https:\/\/begamer.cz\/sk\/wp-json\/wp\/v2\/comments?post=96443"}],"wp:featuredmedia":[{"embeddable":true,"href":"https:\/\/begamer.cz\/sk\/wp-json\/wp\/v2\/media\/14586"}],"wp:attachment":[{"href":"https:\/\/begamer.cz\/sk\/wp-json\/wp\/v2\/media?parent=96443"}],"wp:term":[{"taxonomy":"product_brand","embeddable":true,"href":"https:\/\/begamer.cz\/sk\/wp-json\/wp\/v2\/product_brand?post=96443"},{"taxonomy":"product_cat","embeddable":true,"href":"https:\/\/begamer.cz\/sk\/wp-json\/wp\/v2\/product_cat?post=96443"},{"taxonomy":"product_tag","embeddable":true,"href":"https:\/\/begamer.cz\/sk\/wp-json\/wp\/v2\/product_tag?post=96443"}],"curies":[{"name":"wp","href":"https:\/\/api.w.org\/{rel}","templated":true}]}}