{"id":96419,"date":"2026-01-30T16:37:22","date_gmt":"2026-01-30T15:37:22","guid":{"rendered":"https:\/\/begamer.cz\/produkt\/lego-2k-drive-handful-of-coins-sk\/"},"modified":"2026-03-18T05:44:07","modified_gmt":"2026-03-18T04:44:07","slug":"lego-2k-drive-handful-of-coins-sk","status":"publish","type":"product","link":"https:\/\/begamer.cz\/sk\/produkt\/lego-2k-drive-handful-of-coins-sk\/","title":{"rendered":"LEGO 2K Drive Handful of Coins"},"content":{"rendered":"<p>Tento bal\u00ed\u010dek obsahuje 500 minc\u00ed, ktor\u00e9 m\u00f4\u017eete pou\u017ei\u0165 v obchode Unkie&#x27;s Emporium v hre LEGO 2K Drive. Virtu\u00e1lnu menu m\u00f4\u017eete pou\u017ei\u0165 na n\u00e1kup vozidiel, minifig\u00farok, bal\u00ed\u010dkov kociek, ozd\u00f4b, zvukov a n\u00e1lepiek. Vitajte v Bricklandii, domove obrovsk\u00e9ho otvoren\u00e9ho sveta LEGO pretek\u00e1rskeho dobrodru\u017estva. Pretekajte kdeko\u013evek, hrajte s k\u00fdmko\u013evek, stavajte si svoje vysn\u00edvan\u00e9 vozidl\u00e1 a porazte divok\u00fdch pretek\u00e1rskych s\u00faperov v boji o vyt\u00fa\u017een\u00fa trofej Sky Trophy!<\/p>\n","protected":false},"excerpt":{"rendered":"<p>LEGO 2K Drive Handful of Coins je vzru\u0161uj\u00faca z\u00e1vodn\u00e1 hra, ktor\u00e1 kombinuje kreat\u00edvny svet LEGO s intenz\u00edvnou jazdou. Prisp\u00f4sobte si vozidl\u00e1, presk\u00famajte \u017eiv\u00e9 prostredie otvoren\u00e9ho sveta a s\u00fa\u0165a\u017ete v nap\u00ednav\u00fdch v\u00fdzvach. Ide\u00e1lne pre fan\u00fa\u0161ikov r\u00fdchlej z\u00e1bavy a n\u00e1paditej hry.<\/p>\n","protected":false},"featured_media":20545,"comment_status":"open","ping_status":"closed","template":"","meta":{"_acf_changed":false},"product_brand":[],"product_cat":[462,15311,15308,398,438],"product_tag":[],"class_list":{"0":"post-96419","1":"product","2":"type-product","3":"status-publish","4":"has-post-thumbnail","6":"product_cat-darcekove-karty-xbox-series-x-s-sk","7":"product_cat-darcekove-karty-vsetky","8":"product_cat-xbox-darcekove-karty","9":"product_cat-xbox-hry-sk","10":"product_cat-xbox-series-x-s-sk","11":"pa_game_type-gift_card","13":"pa_platform-xbox-one-xbox-series-x-s","15":"pa_region-global","18":"first","19":"instock","20":"virtual","21":"taxable","22":"purchasable","23":"product-type-simple"},"yoast_head":"<!-- This site is optimized with the Yoast SEO plugin v27.4 - https:\/\/yoast.com\/product\/yoast-seo-wordpress\/ -->\n<title>LEGO 2K Drive Handful of Coins | BeGamer.cz<\/title>\n<meta name=\"robots\" content=\"index, follow, max-snippet:-1, max-image-preview:large, max-video-preview:-1\" \/>\n<link rel=\"canonical\" href=\"https:\/\/begamer.cz\/sk\/produkt\/lego-2k-drive-handful-of-coins-sk\/\" \/>\n<meta property=\"og:locale\" content=\"sk_SK\" \/>\n<meta property=\"og:type\" content=\"article\" \/>\n<meta property=\"og:title\" content=\"LEGO 2K Drive Handful of Coins | BeGamer.cz\" \/>\n<meta property=\"og:description\" content=\"LEGO 2K Drive Handful of Coins je vzru\u0161uj\u00faca z\u00e1vodn\u00e1 hra, ktor\u00e1 kombinuje kreat\u00edvny svet LEGO s intenz\u00edvnou jazdou. Prisp\u00f4sobte si vozidl\u00e1, presk\u00famajte \u017eiv\u00e9 prostredie otvoren\u00e9ho sveta a s\u00fa\u0165a\u017ete v nap\u00ednav\u00fdch v\u00fdzvach. Ide\u00e1lne pre fan\u00fa\u0161ikov r\u00fdchlej z\u00e1bavy a n\u00e1paditej hry.\" \/>\n<meta property=\"og:url\" content=\"https:\/\/begamer.cz\/sk\/produkt\/lego-2k-drive-handful-of-coins-sk\/\" \/>\n<meta property=\"og:site_name\" content=\"BeGamer.cz\" \/>\n<meta property=\"article:modified_time\" content=\"2026-03-18T04:44:07+00:00\" \/>\n<meta property=\"og:image\" content=\"https:\/\/begamer.cz\/wp-content\/uploads\/2026\/01\/lego-2k-drive-handful-of-coins.webp\" \/>\n\t<meta property=\"og:image:width\" content=\"300\" \/>\n\t<meta property=\"og:image:height\" content=\"400\" \/>\n\t<meta property=\"og:image:type\" content=\"image\/webp\" \/>\n<meta name=\"twitter:card\" content=\"summary_large_image\" \/>\n<script type=\"application\/ld+json\" class=\"yoast-schema-graph\">{\"@context\":\"https:\\\/\\\/schema.org\",\"@graph\":[{\"@type\":\"WebPage\",\"@id\":\"https:\\\/\\\/begamer.cz\\\/sk\\\/produkt\\\/lego-2k-drive-handful-of-coins-sk\\\/\",\"url\":\"https:\\\/\\\/begamer.cz\\\/sk\\\/produkt\\\/lego-2k-drive-handful-of-coins-sk\\\/\",\"name\":\"LEGO 2K Drive Handful of Coins | BeGamer.cz\",\"isPartOf\":{\"@id\":\"https:\\\/\\\/begamer.cz\\\/sk\\\/#website\"},\"primaryImageOfPage\":{\"@id\":\"https:\\\/\\\/begamer.cz\\\/sk\\\/produkt\\\/lego-2k-drive-handful-of-coins-sk\\\/#primaryimage\"},\"image\":{\"@id\":\"https:\\\/\\\/begamer.cz\\\/sk\\\/produkt\\\/lego-2k-drive-handful-of-coins-sk\\\/#primaryimage\"},\"thumbnailUrl\":\"https:\\\/\\\/begamer.cz\\\/wp-content\\\/uploads\\\/2026\\\/01\\\/lego-2k-drive-handful-of-coins.webp\",\"datePublished\":\"2026-01-30T15:37:22+00:00\",\"dateModified\":\"2026-03-18T04:44:07+00:00\",\"breadcrumb\":{\"@id\":\"https:\\\/\\\/begamer.cz\\\/sk\\\/produkt\\\/lego-2k-drive-handful-of-coins-sk\\\/#breadcrumb\"},\"inLanguage\":\"sk-SK\",\"potentialAction\":[{\"@type\":\"ReadAction\",\"target\":[\"https:\\\/\\\/begamer.cz\\\/sk\\\/produkt\\\/lego-2k-drive-handful-of-coins-sk\\\/\"]}]},{\"@type\":\"ImageObject\",\"inLanguage\":\"sk-SK\",\"@id\":\"https:\\\/\\\/begamer.cz\\\/sk\\\/produkt\\\/lego-2k-drive-handful-of-coins-sk\\\/#primaryimage\",\"url\":\"https:\\\/\\\/begamer.cz\\\/wp-content\\\/uploads\\\/2026\\\/01\\\/lego-2k-drive-handful-of-coins.webp\",\"contentUrl\":\"https:\\\/\\\/begamer.cz\\\/wp-content\\\/uploads\\\/2026\\\/01\\\/lego-2k-drive-handful-of-coins.webp\",\"width\":300,\"height\":400},{\"@type\":\"BreadcrumbList\",\"@id\":\"https:\\\/\\\/begamer.cz\\\/sk\\\/produkt\\\/lego-2k-drive-handful-of-coins-sk\\\/#breadcrumb\",\"itemListElement\":[{\"@type\":\"ListItem\",\"position\":1,\"name\":\"Domov\",\"item\":\"https:\\\/\\\/begamer.cz\\\/sk\\\/\"},{\"@type\":\"ListItem\",\"position\":2,\"name\":\"Obchod\",\"item\":\"https:\\\/\\\/begamer.cz\\\/obchod\\\/\"},{\"@type\":\"ListItem\",\"position\":3,\"name\":\"LEGO 2K Drive Handful of Coins\"}]},{\"@type\":\"WebSite\",\"@id\":\"https:\\\/\\\/begamer.cz\\\/sk\\\/#website\",\"url\":\"https:\\\/\\\/begamer.cz\\\/sk\\\/\",\"name\":\"BeGamer.cz\",\"description\":\"\",\"publisher\":{\"@id\":\"https:\\\/\\\/begamer.cz\\\/sk\\\/#organization\"},\"potentialAction\":[{\"@type\":\"SearchAction\",\"target\":{\"@type\":\"EntryPoint\",\"urlTemplate\":\"https:\\\/\\\/begamer.cz\\\/sk\\\/?s={search_term_string}\"},\"query-input\":{\"@type\":\"PropertyValueSpecification\",\"valueRequired\":true,\"valueName\":\"search_term_string\"}}],\"inLanguage\":\"sk-SK\"},{\"@type\":\"Organization\",\"@id\":\"https:\\\/\\\/begamer.cz\\\/sk\\\/#organization\",\"name\":\"BeGamer.cz\",\"url\":\"https:\\\/\\\/begamer.cz\\\/sk\\\/\",\"logo\":{\"@type\":\"ImageObject\",\"inLanguage\":\"sk-SK\",\"@id\":\"https:\\\/\\\/begamer.cz\\\/sk\\\/#\\\/schema\\\/logo\\\/image\\\/\",\"url\":\"https:\\\/\\\/begamer.cz\\\/wp-content\\\/uploads\\\/2025\\\/07\\\/logo.svg\",\"contentUrl\":\"https:\\\/\\\/begamer.cz\\\/wp-content\\\/uploads\\\/2025\\\/07\\\/logo.svg\",\"caption\":\"BeGamer.cz\"},\"image\":{\"@id\":\"https:\\\/\\\/begamer.cz\\\/sk\\\/#\\\/schema\\\/logo\\\/image\\\/\"}}]}<\/script>\n<!-- \/ Yoast SEO plugin. -->","yoast_head_json":{"title":"LEGO 2K Drive Handful of Coins | BeGamer.cz","robots":{"index":"index","follow":"follow","max-snippet":"max-snippet:-1","max-image-preview":"max-image-preview:large","max-video-preview":"max-video-preview:-1"},"canonical":"https:\/\/begamer.cz\/sk\/produkt\/lego-2k-drive-handful-of-coins-sk\/","og_locale":"sk_SK","og_type":"article","og_title":"LEGO 2K Drive Handful of Coins | BeGamer.cz","og_description":"LEGO 2K Drive Handful of Coins je vzru\u0161uj\u00faca z\u00e1vodn\u00e1 hra, ktor\u00e1 kombinuje kreat\u00edvny svet LEGO s intenz\u00edvnou jazdou. Prisp\u00f4sobte si vozidl\u00e1, presk\u00famajte \u017eiv\u00e9 prostredie otvoren\u00e9ho sveta a s\u00fa\u0165a\u017ete v nap\u00ednav\u00fdch v\u00fdzvach. Ide\u00e1lne pre fan\u00fa\u0161ikov r\u00fdchlej z\u00e1bavy a n\u00e1paditej hry.","og_url":"https:\/\/begamer.cz\/sk\/produkt\/lego-2k-drive-handful-of-coins-sk\/","og_site_name":"BeGamer.cz","article_modified_time":"2026-03-18T04:44:07+00:00","og_image":[{"width":300,"height":400,"url":"https:\/\/begamer.cz\/wp-content\/uploads\/2026\/01\/lego-2k-drive-handful-of-coins.webp","type":"image\/webp"}],"twitter_card":"summary_large_image","schema":{"@context":"https:\/\/schema.org","@graph":[{"@type":"WebPage","@id":"https:\/\/begamer.cz\/sk\/produkt\/lego-2k-drive-handful-of-coins-sk\/","url":"https:\/\/begamer.cz\/sk\/produkt\/lego-2k-drive-handful-of-coins-sk\/","name":"LEGO 2K Drive Handful of Coins | BeGamer.cz","isPartOf":{"@id":"https:\/\/begamer.cz\/sk\/#website"},"primaryImageOfPage":{"@id":"https:\/\/begamer.cz\/sk\/produkt\/lego-2k-drive-handful-of-coins-sk\/#primaryimage"},"image":{"@id":"https:\/\/begamer.cz\/sk\/produkt\/lego-2k-drive-handful-of-coins-sk\/#primaryimage"},"thumbnailUrl":"https:\/\/begamer.cz\/wp-content\/uploads\/2026\/01\/lego-2k-drive-handful-of-coins.webp","datePublished":"2026-01-30T15:37:22+00:00","dateModified":"2026-03-18T04:44:07+00:00","breadcrumb":{"@id":"https:\/\/begamer.cz\/sk\/produkt\/lego-2k-drive-handful-of-coins-sk\/#breadcrumb"},"inLanguage":"sk-SK","potentialAction":[{"@type":"ReadAction","target":["https:\/\/begamer.cz\/sk\/produkt\/lego-2k-drive-handful-of-coins-sk\/"]}]},{"@type":"ImageObject","inLanguage":"sk-SK","@id":"https:\/\/begamer.cz\/sk\/produkt\/lego-2k-drive-handful-of-coins-sk\/#primaryimage","url":"https:\/\/begamer.cz\/wp-content\/uploads\/2026\/01\/lego-2k-drive-handful-of-coins.webp","contentUrl":"https:\/\/begamer.cz\/wp-content\/uploads\/2026\/01\/lego-2k-drive-handful-of-coins.webp","width":300,"height":400},{"@type":"BreadcrumbList","@id":"https:\/\/begamer.cz\/sk\/produkt\/lego-2k-drive-handful-of-coins-sk\/#breadcrumb","itemListElement":[{"@type":"ListItem","position":1,"name":"Domov","item":"https:\/\/begamer.cz\/sk\/"},{"@type":"ListItem","position":2,"name":"Obchod","item":"https:\/\/begamer.cz\/obchod\/"},{"@type":"ListItem","position":3,"name":"LEGO 2K Drive Handful of Coins"}]},{"@type":"WebSite","@id":"https:\/\/begamer.cz\/sk\/#website","url":"https:\/\/begamer.cz\/sk\/","name":"BeGamer.cz","description":"","publisher":{"@id":"https:\/\/begamer.cz\/sk\/#organization"},"potentialAction":[{"@type":"SearchAction","target":{"@type":"EntryPoint","urlTemplate":"https:\/\/begamer.cz\/sk\/?s={search_term_string}"},"query-input":{"@type":"PropertyValueSpecification","valueRequired":true,"valueName":"search_term_string"}}],"inLanguage":"sk-SK"},{"@type":"Organization","@id":"https:\/\/begamer.cz\/sk\/#organization","name":"BeGamer.cz","url":"https:\/\/begamer.cz\/sk\/","logo":{"@type":"ImageObject","inLanguage":"sk-SK","@id":"https:\/\/begamer.cz\/sk\/#\/schema\/logo\/image\/","url":"https:\/\/begamer.cz\/wp-content\/uploads\/2025\/07\/logo.svg","contentUrl":"https:\/\/begamer.cz\/wp-content\/uploads\/2025\/07\/logo.svg","caption":"BeGamer.cz"},"image":{"@id":"https:\/\/begamer.cz\/sk\/#\/schema\/logo\/image\/"}}]}},"acf":[],"_links":{"self":[{"href":"https:\/\/begamer.cz\/sk\/wp-json\/wp\/v2\/product\/96419","targetHints":{"allow":["GET"]}}],"collection":[{"href":"https:\/\/begamer.cz\/sk\/wp-json\/wp\/v2\/product"}],"about":[{"href":"https:\/\/begamer.cz\/sk\/wp-json\/wp\/v2\/types\/product"}],"replies":[{"embeddable":true,"href":"https:\/\/begamer.cz\/sk\/wp-json\/wp\/v2\/comments?post=96419"}],"wp:featuredmedia":[{"embeddable":true,"href":"https:\/\/begamer.cz\/sk\/wp-json\/wp\/v2\/media\/20545"}],"wp:attachment":[{"href":"https:\/\/begamer.cz\/sk\/wp-json\/wp\/v2\/media?parent=96419"}],"wp:term":[{"taxonomy":"product_brand","embeddable":true,"href":"https:\/\/begamer.cz\/sk\/wp-json\/wp\/v2\/product_brand?post=96419"},{"taxonomy":"product_cat","embeddable":true,"href":"https:\/\/begamer.cz\/sk\/wp-json\/wp\/v2\/product_cat?post=96419"},{"taxonomy":"product_tag","embeddable":true,"href":"https:\/\/begamer.cz\/sk\/wp-json\/wp\/v2\/product_tag?post=96419"}],"curies":[{"name":"wp","href":"https:\/\/api.w.org\/{rel}","templated":true}]}}