{"id":96413,"date":"2026-01-30T16:37:16","date_gmt":"2026-01-30T15:37:16","guid":{"rendered":"https:\/\/begamer.cz\/produkt\/blizzard-battle-net-50-euro-sk\/"},"modified":"2026-03-18T05:42:53","modified_gmt":"2026-03-18T04:42:53","slug":"blizzard-battle-net-50-euro-sk","status":"publish","type":"product","link":"https:\/\/begamer.cz\/sk\/produkt\/blizzard-battle-net-50-euro-sk\/","title":{"rendered":"BLIZZARD BATTLE.net 50 Euro"},"content":{"rendered":"<p>T\u00e1to dar\u010dekov\u00e1 karta Battle.net v\u00e1m poskytuje 50 \u20ac na n\u00e1kup digit\u00e1lneho obsahu na Battle.net, vr\u00e1tane vzru\u0161uj\u00facich hier, skvel\u00fdch predmetov a u\u017eito\u010dn\u00fdch slu\u017eieb. Chceli ste niekedy darova\u0165 priate\u013eovi nieko\u013eko bal\u00ed\u010dkov kariet Hearthstone Expert? Alebo darova\u0165 svojmu spoluhr\u00e1\u010dovi z World of Warcraft epick\u00e9 jazdeck\u00e9 zviera Iron Skyreaver? M\u00e1me pre v\u00e1s dobr\u00fa spr\u00e1vu! M\u00e1me pre v\u00e1s jednoduch\u00e9 rie\u0161enie \u2013 dar\u010dekov\u00fa kartu Battle.net.<\/p>\n","protected":false},"excerpt":{"rendered":"<p>BLIZZARD BATTLE.net 50 Euro je digit\u00e1lna dar\u010dekov\u00e1 karta, ktor\u00fa mo\u017eno uplatni\u0165 na platforme Battle.net. Pou\u017eite ju na n\u00e1kup hier, roz\u0161\u00edren\u00ed, obsahu v hr\u00e1ch a slu\u017eieb od spolo\u010dnosti Blizzard Entertainment. Ide\u00e1lna pre hr\u00e1\u010dov, ktor\u00ed chc\u00fa roz\u0161\u00edri\u0165 svoju zbierku alebo okam\u017eite a bezpe\u010dne obdarova\u0165 priate\u013eov.<\/p>\n","protected":false},"featured_media":20538,"comment_status":"open","ping_status":"closed","template":"","meta":{"_acf_changed":false},"product_brand":[],"product_cat":[340,462,378,326,328,362,398,438],"product_tag":[],"class_list":{"0":"post-96413","1":"product","2":"type-product","3":"status-publish","4":"has-post-thumbnail","6":"product_cat-darcekove-karty-ps4","7":"product_cat-darcekove-karty-xbox-series-x-s-sk","8":"product_cat-darcekove-karty-ps5","9":"product_cat-playstation-hry-sk","10":"product_cat-ps4-sk","11":"product_cat-ps5-sk","12":"product_cat-xbox-hry-sk","13":"product_cat-xbox-series-x-s-sk","14":"pa_countries-at","15":"pa_countries-be","16":"pa_countries-cy","17":"pa_countries-de","18":"pa_countries-dk","19":"pa_countries-ee","20":"pa_countries-es","21":"pa_countries-fi","22":"pa_countries-fr","23":"pa_countries-gr","24":"pa_countries-hr","25":"pa_countries-hu","26":"pa_countries-ie","27":"pa_countries-it","28":"pa_countries-lt","29":"pa_countries-lu","30":"pa_countries-lv","31":"pa_countries-mt","32":"pa_countries-nl","33":"pa_countries-pt","34":"pa_countries-ro","35":"pa_countries-se","36":"pa_countries-si","37":"pa_countries-sk","39":"pa_game_type-gift_card","41":"pa_platform-pc-battle-net","43":"pa_region-europe","46":"first","47":"outofstock","48":"virtual","49":"taxable","50":"purchasable","51":"product-type-simple"},"yoast_head":"<!-- This site is optimized with the Yoast SEO plugin v27.3 - https:\/\/yoast.com\/product\/yoast-seo-wordpress\/ -->\n<title>BLIZZARD BATTLE.net 50 Euro | BeGamer.cz<\/title>\n<meta name=\"robots\" content=\"index, follow, max-snippet:-1, max-image-preview:large, max-video-preview:-1\" \/>\n<link rel=\"canonical\" href=\"https:\/\/begamer.cz\/sk\/produkt\/blizzard-battle-net-50-euro-sk\/\" \/>\n<meta property=\"og:locale\" content=\"sk_SK\" \/>\n<meta property=\"og:type\" content=\"article\" \/>\n<meta property=\"og:title\" content=\"BLIZZARD BATTLE.net 50 Euro | BeGamer.cz\" \/>\n<meta property=\"og:description\" content=\"BLIZZARD BATTLE.net 50 Euro je digit\u00e1lna dar\u010dekov\u00e1 karta, ktor\u00fa mo\u017eno uplatni\u0165 na platforme Battle.net. Pou\u017eite ju na n\u00e1kup hier, roz\u0161\u00edren\u00ed, obsahu v hr\u00e1ch a slu\u017eieb od spolo\u010dnosti Blizzard Entertainment. Ide\u00e1lna pre hr\u00e1\u010dov, ktor\u00ed chc\u00fa roz\u0161\u00edri\u0165 svoju zbierku alebo okam\u017eite a bezpe\u010dne obdarova\u0165 priate\u013eov.\" \/>\n<meta property=\"og:url\" content=\"https:\/\/begamer.cz\/sk\/produkt\/blizzard-battle-net-50-euro-sk\/\" \/>\n<meta property=\"og:site_name\" content=\"BeGamer.cz\" \/>\n<meta property=\"article:modified_time\" content=\"2026-03-18T04:42:53+00:00\" \/>\n<meta property=\"og:image\" content=\"https:\/\/begamer.cz\/wp-content\/uploads\/2026\/01\/blizzard-battle-net-50-euro.webp\" \/>\n\t<meta property=\"og:image:width\" content=\"300\" \/>\n\t<meta property=\"og:image:height\" content=\"400\" \/>\n\t<meta property=\"og:image:type\" content=\"image\/webp\" \/>\n<meta name=\"twitter:card\" content=\"summary_large_image\" \/>\n<script type=\"application\/ld+json\" class=\"yoast-schema-graph\">{\"@context\":\"https:\\\/\\\/schema.org\",\"@graph\":[{\"@type\":\"WebPage\",\"@id\":\"https:\\\/\\\/begamer.cz\\\/sk\\\/produkt\\\/blizzard-battle-net-50-euro-sk\\\/\",\"url\":\"https:\\\/\\\/begamer.cz\\\/sk\\\/produkt\\\/blizzard-battle-net-50-euro-sk\\\/\",\"name\":\"BLIZZARD BATTLE.net 50 Euro | BeGamer.cz\",\"isPartOf\":{\"@id\":\"https:\\\/\\\/begamer.cz\\\/sk\\\/#website\"},\"primaryImageOfPage\":{\"@id\":\"https:\\\/\\\/begamer.cz\\\/sk\\\/produkt\\\/blizzard-battle-net-50-euro-sk\\\/#primaryimage\"},\"image\":{\"@id\":\"https:\\\/\\\/begamer.cz\\\/sk\\\/produkt\\\/blizzard-battle-net-50-euro-sk\\\/#primaryimage\"},\"thumbnailUrl\":\"https:\\\/\\\/begamer.cz\\\/wp-content\\\/uploads\\\/2026\\\/01\\\/blizzard-battle-net-50-euro.webp\",\"datePublished\":\"2026-01-30T15:37:16+00:00\",\"dateModified\":\"2026-03-18T04:42:53+00:00\",\"breadcrumb\":{\"@id\":\"https:\\\/\\\/begamer.cz\\\/sk\\\/produkt\\\/blizzard-battle-net-50-euro-sk\\\/#breadcrumb\"},\"inLanguage\":\"sk-SK\",\"potentialAction\":[{\"@type\":\"ReadAction\",\"target\":[\"https:\\\/\\\/begamer.cz\\\/sk\\\/produkt\\\/blizzard-battle-net-50-euro-sk\\\/\"]}]},{\"@type\":\"ImageObject\",\"inLanguage\":\"sk-SK\",\"@id\":\"https:\\\/\\\/begamer.cz\\\/sk\\\/produkt\\\/blizzard-battle-net-50-euro-sk\\\/#primaryimage\",\"url\":\"https:\\\/\\\/begamer.cz\\\/wp-content\\\/uploads\\\/2026\\\/01\\\/blizzard-battle-net-50-euro.webp\",\"contentUrl\":\"https:\\\/\\\/begamer.cz\\\/wp-content\\\/uploads\\\/2026\\\/01\\\/blizzard-battle-net-50-euro.webp\",\"width\":300,\"height\":400},{\"@type\":\"BreadcrumbList\",\"@id\":\"https:\\\/\\\/begamer.cz\\\/sk\\\/produkt\\\/blizzard-battle-net-50-euro-sk\\\/#breadcrumb\",\"itemListElement\":[{\"@type\":\"ListItem\",\"position\":1,\"name\":\"Domov\",\"item\":\"https:\\\/\\\/begamer.cz\\\/sk\\\/\"},{\"@type\":\"ListItem\",\"position\":2,\"name\":\"Obchod\",\"item\":\"https:\\\/\\\/begamer.cz\\\/obchod\\\/\"},{\"@type\":\"ListItem\",\"position\":3,\"name\":\"BLIZZARD BATTLE.net 50 Euro\"}]},{\"@type\":\"WebSite\",\"@id\":\"https:\\\/\\\/begamer.cz\\\/sk\\\/#website\",\"url\":\"https:\\\/\\\/begamer.cz\\\/sk\\\/\",\"name\":\"BeGamer.cz\",\"description\":\"\",\"publisher\":{\"@id\":\"https:\\\/\\\/begamer.cz\\\/sk\\\/#organization\"},\"potentialAction\":[{\"@type\":\"SearchAction\",\"target\":{\"@type\":\"EntryPoint\",\"urlTemplate\":\"https:\\\/\\\/begamer.cz\\\/sk\\\/?s={search_term_string}\"},\"query-input\":{\"@type\":\"PropertyValueSpecification\",\"valueRequired\":true,\"valueName\":\"search_term_string\"}}],\"inLanguage\":\"sk-SK\"},{\"@type\":\"Organization\",\"@id\":\"https:\\\/\\\/begamer.cz\\\/sk\\\/#organization\",\"name\":\"BeGamer.cz\",\"url\":\"https:\\\/\\\/begamer.cz\\\/sk\\\/\",\"logo\":{\"@type\":\"ImageObject\",\"inLanguage\":\"sk-SK\",\"@id\":\"https:\\\/\\\/begamer.cz\\\/sk\\\/#\\\/schema\\\/logo\\\/image\\\/\",\"url\":\"https:\\\/\\\/begamer.cz\\\/wp-content\\\/uploads\\\/2025\\\/07\\\/logo.svg\",\"contentUrl\":\"https:\\\/\\\/begamer.cz\\\/wp-content\\\/uploads\\\/2025\\\/07\\\/logo.svg\",\"caption\":\"BeGamer.cz\"},\"image\":{\"@id\":\"https:\\\/\\\/begamer.cz\\\/sk\\\/#\\\/schema\\\/logo\\\/image\\\/\"}}]}<\/script>\n<!-- \/ Yoast SEO plugin. -->","yoast_head_json":{"title":"BLIZZARD BATTLE.net 50 Euro | BeGamer.cz","robots":{"index":"index","follow":"follow","max-snippet":"max-snippet:-1","max-image-preview":"max-image-preview:large","max-video-preview":"max-video-preview:-1"},"canonical":"https:\/\/begamer.cz\/sk\/produkt\/blizzard-battle-net-50-euro-sk\/","og_locale":"sk_SK","og_type":"article","og_title":"BLIZZARD BATTLE.net 50 Euro | BeGamer.cz","og_description":"BLIZZARD BATTLE.net 50 Euro je digit\u00e1lna dar\u010dekov\u00e1 karta, ktor\u00fa mo\u017eno uplatni\u0165 na platforme Battle.net. Pou\u017eite ju na n\u00e1kup hier, roz\u0161\u00edren\u00ed, obsahu v hr\u00e1ch a slu\u017eieb od spolo\u010dnosti Blizzard Entertainment. Ide\u00e1lna pre hr\u00e1\u010dov, ktor\u00ed chc\u00fa roz\u0161\u00edri\u0165 svoju zbierku alebo okam\u017eite a bezpe\u010dne obdarova\u0165 priate\u013eov.","og_url":"https:\/\/begamer.cz\/sk\/produkt\/blizzard-battle-net-50-euro-sk\/","og_site_name":"BeGamer.cz","article_modified_time":"2026-03-18T04:42:53+00:00","og_image":[{"width":300,"height":400,"url":"https:\/\/begamer.cz\/wp-content\/uploads\/2026\/01\/blizzard-battle-net-50-euro.webp","type":"image\/webp"}],"twitter_card":"summary_large_image","schema":{"@context":"https:\/\/schema.org","@graph":[{"@type":"WebPage","@id":"https:\/\/begamer.cz\/sk\/produkt\/blizzard-battle-net-50-euro-sk\/","url":"https:\/\/begamer.cz\/sk\/produkt\/blizzard-battle-net-50-euro-sk\/","name":"BLIZZARD BATTLE.net 50 Euro | BeGamer.cz","isPartOf":{"@id":"https:\/\/begamer.cz\/sk\/#website"},"primaryImageOfPage":{"@id":"https:\/\/begamer.cz\/sk\/produkt\/blizzard-battle-net-50-euro-sk\/#primaryimage"},"image":{"@id":"https:\/\/begamer.cz\/sk\/produkt\/blizzard-battle-net-50-euro-sk\/#primaryimage"},"thumbnailUrl":"https:\/\/begamer.cz\/wp-content\/uploads\/2026\/01\/blizzard-battle-net-50-euro.webp","datePublished":"2026-01-30T15:37:16+00:00","dateModified":"2026-03-18T04:42:53+00:00","breadcrumb":{"@id":"https:\/\/begamer.cz\/sk\/produkt\/blizzard-battle-net-50-euro-sk\/#breadcrumb"},"inLanguage":"sk-SK","potentialAction":[{"@type":"ReadAction","target":["https:\/\/begamer.cz\/sk\/produkt\/blizzard-battle-net-50-euro-sk\/"]}]},{"@type":"ImageObject","inLanguage":"sk-SK","@id":"https:\/\/begamer.cz\/sk\/produkt\/blizzard-battle-net-50-euro-sk\/#primaryimage","url":"https:\/\/begamer.cz\/wp-content\/uploads\/2026\/01\/blizzard-battle-net-50-euro.webp","contentUrl":"https:\/\/begamer.cz\/wp-content\/uploads\/2026\/01\/blizzard-battle-net-50-euro.webp","width":300,"height":400},{"@type":"BreadcrumbList","@id":"https:\/\/begamer.cz\/sk\/produkt\/blizzard-battle-net-50-euro-sk\/#breadcrumb","itemListElement":[{"@type":"ListItem","position":1,"name":"Domov","item":"https:\/\/begamer.cz\/sk\/"},{"@type":"ListItem","position":2,"name":"Obchod","item":"https:\/\/begamer.cz\/obchod\/"},{"@type":"ListItem","position":3,"name":"BLIZZARD BATTLE.net 50 Euro"}]},{"@type":"WebSite","@id":"https:\/\/begamer.cz\/sk\/#website","url":"https:\/\/begamer.cz\/sk\/","name":"BeGamer.cz","description":"","publisher":{"@id":"https:\/\/begamer.cz\/sk\/#organization"},"potentialAction":[{"@type":"SearchAction","target":{"@type":"EntryPoint","urlTemplate":"https:\/\/begamer.cz\/sk\/?s={search_term_string}"},"query-input":{"@type":"PropertyValueSpecification","valueRequired":true,"valueName":"search_term_string"}}],"inLanguage":"sk-SK"},{"@type":"Organization","@id":"https:\/\/begamer.cz\/sk\/#organization","name":"BeGamer.cz","url":"https:\/\/begamer.cz\/sk\/","logo":{"@type":"ImageObject","inLanguage":"sk-SK","@id":"https:\/\/begamer.cz\/sk\/#\/schema\/logo\/image\/","url":"https:\/\/begamer.cz\/wp-content\/uploads\/2025\/07\/logo.svg","contentUrl":"https:\/\/begamer.cz\/wp-content\/uploads\/2025\/07\/logo.svg","caption":"BeGamer.cz"},"image":{"@id":"https:\/\/begamer.cz\/sk\/#\/schema\/logo\/image\/"}}]}},"acf":[],"_links":{"self":[{"href":"https:\/\/begamer.cz\/sk\/wp-json\/wp\/v2\/product\/96413","targetHints":{"allow":["GET"]}}],"collection":[{"href":"https:\/\/begamer.cz\/sk\/wp-json\/wp\/v2\/product"}],"about":[{"href":"https:\/\/begamer.cz\/sk\/wp-json\/wp\/v2\/types\/product"}],"replies":[{"embeddable":true,"href":"https:\/\/begamer.cz\/sk\/wp-json\/wp\/v2\/comments?post=96413"}],"wp:featuredmedia":[{"embeddable":true,"href":"https:\/\/begamer.cz\/sk\/wp-json\/wp\/v2\/media\/20538"}],"wp:attachment":[{"href":"https:\/\/begamer.cz\/sk\/wp-json\/wp\/v2\/media?parent=96413"}],"wp:term":[{"taxonomy":"product_brand","embeddable":true,"href":"https:\/\/begamer.cz\/sk\/wp-json\/wp\/v2\/product_brand?post=96413"},{"taxonomy":"product_cat","embeddable":true,"href":"https:\/\/begamer.cz\/sk\/wp-json\/wp\/v2\/product_cat?post=96413"},{"taxonomy":"product_tag","embeddable":true,"href":"https:\/\/begamer.cz\/sk\/wp-json\/wp\/v2\/product_tag?post=96413"}],"curies":[{"name":"wp","href":"https:\/\/api.w.org\/{rel}","templated":true}]}}