{"id":96377,"date":"2026-01-30T16:36:44","date_gmt":"2026-01-30T15:36:44","guid":{"rendered":"https:\/\/begamer.cz\/produkt\/diablo-iv-11500-platinum-sk\/"},"modified":"2026-03-18T05:41:20","modified_gmt":"2026-03-18T04:41:20","slug":"diablo-iv-11500-platinum-sk","status":"publish","type":"product","link":"https:\/\/begamer.cz\/sk\/produkt\/diablo-iv-11500-platinum-sk\/","title":{"rendered":"Diablo IV 11500 Platinum"},"content":{"rendered":"<p>Obsahuje: Diablo IV \u2013 11500 platinov\u00fd poukaz Diablo IV je ultim\u00e1tny ak\u010dn\u00fd RPG z\u00e1\u017eitok s nekone\u010dn\u00fdm zlom, ktor\u00e9 treba porazi\u0165, nespo\u010detn\u00fdmi schopnos\u0165ami, ktor\u00e9 treba zvl\u00e1dnu\u0165, no\u010dn\u00fdmi morami a legend\u00e1rnymi koris\u0165ami. Vydajte sa na kampa\u0148 sami alebo s priate\u013emi, stretnite sa s nezabudnute\u013en\u00fdmi postavami v n\u00e1dherne temnom prostred\u00ed a strhuj\u00facom pr\u00edbehu, alebo presk\u00famajte rozsiahlu kone\u010dn\u00fa hru a zdie\u013ean\u00fd svet, kde sa hr\u00e1\u010di m\u00f4\u017eu stret\u00e1va\u0165 v mest\u00e1ch, aby obchodovali, spojili sa v boji proti svetov\u00fdm bossom alebo sa vydali do PVP z\u00f3n, aby otestovali svoje zru\u010dnosti proti in\u00fdm hr\u00e1\u010dom \u2013 bez nutnosti vstupu do lobby \u2013 s cross-play, cross-progression a couch co-op na Xboxe. Toto je len za\u010diatok pre Diablo IV, s nov\u00fdmi udalos\u0165ami, pr\u00edbehmi, sez\u00f3nami, odmenami a \u010fal\u0161\u00edmi novinkami, ktor\u00e9 sa objavuj\u00fa na obzore.<\/p>\n","protected":false},"excerpt":{"rendered":"<p>Diablo IV 11500 Platinum pon\u00faka 11 500 hernej meny pre hru Diablo IV, \u010d\u00edm vylep\u0161uje v\u00e1\u0161 hern\u00fd z\u00e1\u017eitok. Pou\u017eite Platinum na odomknutie exkluz\u00edvnych predmetov, kozmetick\u00fdch doplnkov a vylep\u0161en\u00ed, ktor\u00e9 v\u00e1m pom\u00f4\u017eu r\u00fdchlej\u0161ie postupova\u0165 a prisp\u00f4sobi\u0165 si svoju postavu v temnom, pohlcuj\u00facom svete Diablo IV.<\/p>\n","protected":false},"featured_media":20354,"comment_status":"open","ping_status":"closed","template":"","meta":{"_acf_changed":false},"product_brand":[],"product_cat":[462,398,438],"product_tag":[],"class_list":{"0":"post-96377","1":"product","2":"type-product","3":"status-publish","4":"has-post-thumbnail","6":"product_cat-darcekove-karty-xbox-series-x-s-sk","7":"product_cat-xbox-hry-sk","8":"product_cat-xbox-series-x-s-sk","9":"pa_countries-ad","10":"pa_countries-ae","11":"pa_countries-af","12":"pa_countries-ag","13":"pa_countries-ai","14":"pa_countries-al","15":"pa_countries-am","16":"pa_countries-ao","17":"pa_countries-aq","18":"pa_countries-ar","19":"pa_countries-as","20":"pa_countries-at","21":"pa_countries-au","22":"pa_countries-aw","23":"pa_countries-ax","24":"pa_countries-az","25":"pa_countries-ba","26":"pa_countries-bb","27":"pa_countries-bd","28":"pa_countries-be","29":"pa_countries-bf","30":"pa_countries-bg","31":"pa_countries-bh","32":"pa_countries-bi","33":"pa_countries-bj","34":"pa_countries-bl","35":"pa_countries-bm","36":"pa_countries-bn","37":"pa_countries-bo","38":"pa_countries-bq","39":"pa_countries-br","40":"pa_countries-bs","41":"pa_countries-bt","42":"pa_countries-bv","43":"pa_countries-bw","44":"pa_countries-bz","45":"pa_countries-ca","46":"pa_countries-cc","47":"pa_countries-cd","48":"pa_countries-cf","49":"pa_countries-cg","50":"pa_countries-ch","51":"pa_countries-ci","52":"pa_countries-ck","53":"pa_countries-cl","54":"pa_countries-cm","55":"pa_countries-cn","56":"pa_countries-co","57":"pa_countries-cr","58":"pa_countries-cu","59":"pa_countries-cv","60":"pa_countries-cw","61":"pa_countries-cx","62":"pa_countries-cy","63":"pa_countries-cz","64":"pa_countries-de","65":"pa_countries-dj","66":"pa_countries-dk","67":"pa_countries-dm","68":"pa_countries-do","69":"pa_countries-dz","70":"pa_countries-ec","71":"pa_countries-ee","72":"pa_countries-eg","73":"pa_countries-eh","74":"pa_countries-er","75":"pa_countries-es","76":"pa_countries-et","77":"pa_countries-fi","78":"pa_countries-fj","79":"pa_countries-fk","80":"pa_countries-fm","81":"pa_countries-fo","82":"pa_countries-fr","83":"pa_countries-ga","84":"pa_countries-gb","85":"pa_countries-gd","86":"pa_countries-ge","87":"pa_countries-gf","88":"pa_countries-gg","89":"pa_countries-gh","90":"pa_countries-gi","91":"pa_countries-gl","92":"pa_countries-gm","93":"pa_countries-gn","94":"pa_countries-gp","95":"pa_countries-gq","96":"pa_countries-gr","97":"pa_countries-gs","98":"pa_countries-gt","99":"pa_countries-gu","100":"pa_countries-gw","101":"pa_countries-gy","102":"pa_countries-hk","103":"pa_countries-hm","104":"pa_countries-hn","105":"pa_countries-hr","106":"pa_countries-ht","107":"pa_countries-hu","108":"pa_countries-id","109":"pa_countries-ie","110":"pa_countries-il","111":"pa_countries-im","112":"pa_countries-in","113":"pa_countries-io","114":"pa_countries-iq","115":"pa_countries-ir","116":"pa_countries-is","117":"pa_countries-it","118":"pa_countries-je","119":"pa_countries-jm","120":"pa_countries-jo","121":"pa_countries-jp","122":"pa_countries-ke","123":"pa_countries-kg","124":"pa_countries-kh","125":"pa_countries-ki","126":"pa_countries-km","127":"pa_countries-kn","128":"pa_countries-kp","129":"pa_countries-kr","130":"pa_countries-kw","131":"pa_countries-ky","132":"pa_countries-kz","133":"pa_countries-la","134":"pa_countries-lb","135":"pa_countries-lc","136":"pa_countries-li","137":"pa_countries-lk","138":"pa_countries-lr","139":"pa_countries-ls","140":"pa_countries-lt","141":"pa_countries-lu","142":"pa_countries-lv","143":"pa_countries-ly","144":"pa_countries-ma","145":"pa_countries-mc","146":"pa_countries-md","147":"pa_countries-me","148":"pa_countries-mf","149":"pa_countries-mg","150":"pa_countries-mh","151":"pa_countries-mk","152":"pa_countries-ml","153":"pa_countries-mm","154":"pa_countries-mn","155":"pa_countries-mo","156":"pa_countries-mp","157":"pa_countries-mq","158":"pa_countries-mr","159":"pa_countries-ms","160":"pa_countries-mt","161":"pa_countries-mu","162":"pa_countries-mv","163":"pa_countries-mw","164":"pa_countries-mx","165":"pa_countries-my","166":"pa_countries-mz","167":"pa_countries-na","168":"pa_countries-nc","169":"pa_countries-ne","170":"pa_countries-nf","171":"pa_countries-ng","172":"pa_countries-ni","173":"pa_countries-nl","174":"pa_countries-no","175":"pa_countries-np","176":"pa_countries-nr","177":"pa_countries-nu","178":"pa_countries-nz","179":"pa_countries-om","180":"pa_countries-pa","181":"pa_countries-pe","182":"pa_countries-pf","183":"pa_countries-pg","184":"pa_countries-ph","185":"pa_countries-pk","186":"pa_countries-pl","187":"pa_countries-pm","188":"pa_countries-pn","189":"pa_countries-pr","190":"pa_countries-ps","191":"pa_countries-pt","192":"pa_countries-pw","193":"pa_countries-py","194":"pa_countries-qa","195":"pa_countries-re","196":"pa_countries-ro","197":"pa_countries-rs","198":"pa_countries-rw","199":"pa_countries-sa","200":"pa_countries-sb","201":"pa_countries-sc","202":"pa_countries-sd","203":"pa_countries-se","204":"pa_countries-sg","205":"pa_countries-sh","206":"pa_countries-si","207":"pa_countries-sj","208":"pa_countries-sk","209":"pa_countries-sl","210":"pa_countries-sm","211":"pa_countries-sn","212":"pa_countries-so","213":"pa_countries-sr","214":"pa_countries-ss","216":"pa_countries-st","217":"pa_countries-sv","218":"pa_countries-sx","219":"pa_countries-sy","220":"pa_countries-sz","221":"pa_countries-tc","222":"pa_countries-td","223":"pa_countries-tf","224":"pa_countries-tg","225":"pa_countries-th","226":"pa_countries-tj","227":"pa_countries-tk","228":"pa_countries-tl","229":"pa_countries-tm","230":"pa_countries-tn","231":"pa_countries-to","232":"pa_countries-tr","233":"pa_countries-tt","234":"pa_countries-tv","235":"pa_countries-tw","236":"pa_countries-tz","237":"pa_countries-ua","238":"pa_countries-ug","239":"pa_countries-um","240":"pa_countries-us","241":"pa_countries-uy","242":"pa_countries-uz","243":"pa_countries-va","244":"pa_countries-vc","245":"pa_countries-ve","246":"pa_countries-vg","247":"pa_countries-vi","248":"pa_countries-vn","249":"pa_countries-vu","250":"pa_countries-wf","251":"pa_countries-ws","252":"pa_countries-xk","253":"pa_countries-ye","254":"pa_countries-yt","255":"pa_countries-za","256":"pa_countries-zm","257":"pa_countries-zw","258":"pa_game_type-gift_card","260":"pa_platform-xbox-one-xbox-series-x-s","262":"pa_region-europe","265":"first","266":"instock","267":"virtual","268":"taxable","269":"purchasable","270":"product-type-simple"},"yoast_head":"<!-- This site is optimized with the Yoast SEO plugin v27.3 - https:\/\/yoast.com\/product\/yoast-seo-wordpress\/ -->\n<title>Diablo IV 11500 Platinum | BeGamer.cz<\/title>\n<meta name=\"robots\" content=\"index, follow, max-snippet:-1, max-image-preview:large, max-video-preview:-1\" \/>\n<link rel=\"canonical\" href=\"https:\/\/begamer.cz\/sk\/produkt\/diablo-iv-11500-platinum-sk\/\" \/>\n<meta property=\"og:locale\" content=\"sk_SK\" \/>\n<meta property=\"og:type\" content=\"article\" \/>\n<meta property=\"og:title\" content=\"Diablo IV 11500 Platinum | BeGamer.cz\" \/>\n<meta property=\"og:description\" content=\"Diablo IV 11500 Platinum pon\u00faka 11 500 hernej meny pre hru Diablo IV, \u010d\u00edm vylep\u0161uje v\u00e1\u0161 hern\u00fd z\u00e1\u017eitok. Pou\u017eite Platinum na odomknutie exkluz\u00edvnych predmetov, kozmetick\u00fdch doplnkov a vylep\u0161en\u00ed, ktor\u00e9 v\u00e1m pom\u00f4\u017eu r\u00fdchlej\u0161ie postupova\u0165 a prisp\u00f4sobi\u0165 si svoju postavu v temnom, pohlcuj\u00facom svete Diablo IV.\" \/>\n<meta property=\"og:url\" content=\"https:\/\/begamer.cz\/sk\/produkt\/diablo-iv-11500-platinum-sk\/\" \/>\n<meta property=\"og:site_name\" content=\"BeGamer.cz\" \/>\n<meta property=\"article:modified_time\" content=\"2026-03-18T04:41:20+00:00\" \/>\n<meta property=\"og:image\" content=\"https:\/\/begamer.cz\/wp-content\/uploads\/2026\/01\/diablo-iv-11500-platinum.webp\" \/>\n\t<meta property=\"og:image:width\" content=\"300\" \/>\n\t<meta property=\"og:image:height\" content=\"400\" \/>\n\t<meta property=\"og:image:type\" content=\"image\/webp\" \/>\n<meta name=\"twitter:card\" content=\"summary_large_image\" \/>\n<meta name=\"twitter:label1\" content=\"Predpokladan\u00fd \u010das \u010d\u00edtania\" \/>\n\t<meta name=\"twitter:data1\" content=\"1 min\u00fata\" \/>\n<script type=\"application\/ld+json\" class=\"yoast-schema-graph\">{\"@context\":\"https:\\\/\\\/schema.org\",\"@graph\":[{\"@type\":\"WebPage\",\"@id\":\"https:\\\/\\\/begamer.cz\\\/sk\\\/produkt\\\/diablo-iv-11500-platinum-sk\\\/\",\"url\":\"https:\\\/\\\/begamer.cz\\\/sk\\\/produkt\\\/diablo-iv-11500-platinum-sk\\\/\",\"name\":\"Diablo IV 11500 Platinum | BeGamer.cz\",\"isPartOf\":{\"@id\":\"https:\\\/\\\/begamer.cz\\\/sk\\\/#website\"},\"primaryImageOfPage\":{\"@id\":\"https:\\\/\\\/begamer.cz\\\/sk\\\/produkt\\\/diablo-iv-11500-platinum-sk\\\/#primaryimage\"},\"image\":{\"@id\":\"https:\\\/\\\/begamer.cz\\\/sk\\\/produkt\\\/diablo-iv-11500-platinum-sk\\\/#primaryimage\"},\"thumbnailUrl\":\"https:\\\/\\\/begamer.cz\\\/wp-content\\\/uploads\\\/2026\\\/01\\\/diablo-iv-11500-platinum.webp\",\"datePublished\":\"2026-01-30T15:36:44+00:00\",\"dateModified\":\"2026-03-18T04:41:20+00:00\",\"breadcrumb\":{\"@id\":\"https:\\\/\\\/begamer.cz\\\/sk\\\/produkt\\\/diablo-iv-11500-platinum-sk\\\/#breadcrumb\"},\"inLanguage\":\"sk-SK\",\"potentialAction\":[{\"@type\":\"ReadAction\",\"target\":[\"https:\\\/\\\/begamer.cz\\\/sk\\\/produkt\\\/diablo-iv-11500-platinum-sk\\\/\"]}]},{\"@type\":\"ImageObject\",\"inLanguage\":\"sk-SK\",\"@id\":\"https:\\\/\\\/begamer.cz\\\/sk\\\/produkt\\\/diablo-iv-11500-platinum-sk\\\/#primaryimage\",\"url\":\"https:\\\/\\\/begamer.cz\\\/wp-content\\\/uploads\\\/2026\\\/01\\\/diablo-iv-11500-platinum.webp\",\"contentUrl\":\"https:\\\/\\\/begamer.cz\\\/wp-content\\\/uploads\\\/2026\\\/01\\\/diablo-iv-11500-platinum.webp\",\"width\":300,\"height\":400},{\"@type\":\"BreadcrumbList\",\"@id\":\"https:\\\/\\\/begamer.cz\\\/sk\\\/produkt\\\/diablo-iv-11500-platinum-sk\\\/#breadcrumb\",\"itemListElement\":[{\"@type\":\"ListItem\",\"position\":1,\"name\":\"Domov\",\"item\":\"https:\\\/\\\/begamer.cz\\\/sk\\\/\"},{\"@type\":\"ListItem\",\"position\":2,\"name\":\"Obchod\",\"item\":\"https:\\\/\\\/begamer.cz\\\/obchod\\\/\"},{\"@type\":\"ListItem\",\"position\":3,\"name\":\"Diablo IV 11500 Platinum\"}]},{\"@type\":\"WebSite\",\"@id\":\"https:\\\/\\\/begamer.cz\\\/sk\\\/#website\",\"url\":\"https:\\\/\\\/begamer.cz\\\/sk\\\/\",\"name\":\"BeGamer.cz\",\"description\":\"\",\"publisher\":{\"@id\":\"https:\\\/\\\/begamer.cz\\\/sk\\\/#organization\"},\"potentialAction\":[{\"@type\":\"SearchAction\",\"target\":{\"@type\":\"EntryPoint\",\"urlTemplate\":\"https:\\\/\\\/begamer.cz\\\/sk\\\/?s={search_term_string}\"},\"query-input\":{\"@type\":\"PropertyValueSpecification\",\"valueRequired\":true,\"valueName\":\"search_term_string\"}}],\"inLanguage\":\"sk-SK\"},{\"@type\":\"Organization\",\"@id\":\"https:\\\/\\\/begamer.cz\\\/sk\\\/#organization\",\"name\":\"BeGamer.cz\",\"url\":\"https:\\\/\\\/begamer.cz\\\/sk\\\/\",\"logo\":{\"@type\":\"ImageObject\",\"inLanguage\":\"sk-SK\",\"@id\":\"https:\\\/\\\/begamer.cz\\\/sk\\\/#\\\/schema\\\/logo\\\/image\\\/\",\"url\":\"https:\\\/\\\/begamer.cz\\\/wp-content\\\/uploads\\\/2025\\\/07\\\/logo.svg\",\"contentUrl\":\"https:\\\/\\\/begamer.cz\\\/wp-content\\\/uploads\\\/2025\\\/07\\\/logo.svg\",\"caption\":\"BeGamer.cz\"},\"image\":{\"@id\":\"https:\\\/\\\/begamer.cz\\\/sk\\\/#\\\/schema\\\/logo\\\/image\\\/\"}}]}<\/script>\n<!-- \/ Yoast SEO plugin. -->","yoast_head_json":{"title":"Diablo IV 11500 Platinum | BeGamer.cz","robots":{"index":"index","follow":"follow","max-snippet":"max-snippet:-1","max-image-preview":"max-image-preview:large","max-video-preview":"max-video-preview:-1"},"canonical":"https:\/\/begamer.cz\/sk\/produkt\/diablo-iv-11500-platinum-sk\/","og_locale":"sk_SK","og_type":"article","og_title":"Diablo IV 11500 Platinum | BeGamer.cz","og_description":"Diablo IV 11500 Platinum pon\u00faka 11 500 hernej meny pre hru Diablo IV, \u010d\u00edm vylep\u0161uje v\u00e1\u0161 hern\u00fd z\u00e1\u017eitok. Pou\u017eite Platinum na odomknutie exkluz\u00edvnych predmetov, kozmetick\u00fdch doplnkov a vylep\u0161en\u00ed, ktor\u00e9 v\u00e1m pom\u00f4\u017eu r\u00fdchlej\u0161ie postupova\u0165 a prisp\u00f4sobi\u0165 si svoju postavu v temnom, pohlcuj\u00facom svete Diablo IV.","og_url":"https:\/\/begamer.cz\/sk\/produkt\/diablo-iv-11500-platinum-sk\/","og_site_name":"BeGamer.cz","article_modified_time":"2026-03-18T04:41:20+00:00","og_image":[{"width":300,"height":400,"url":"https:\/\/begamer.cz\/wp-content\/uploads\/2026\/01\/diablo-iv-11500-platinum.webp","type":"image\/webp"}],"twitter_card":"summary_large_image","twitter_misc":{"Predpokladan\u00fd \u010das \u010d\u00edtania":"1 min\u00fata"},"schema":{"@context":"https:\/\/schema.org","@graph":[{"@type":"WebPage","@id":"https:\/\/begamer.cz\/sk\/produkt\/diablo-iv-11500-platinum-sk\/","url":"https:\/\/begamer.cz\/sk\/produkt\/diablo-iv-11500-platinum-sk\/","name":"Diablo IV 11500 Platinum | BeGamer.cz","isPartOf":{"@id":"https:\/\/begamer.cz\/sk\/#website"},"primaryImageOfPage":{"@id":"https:\/\/begamer.cz\/sk\/produkt\/diablo-iv-11500-platinum-sk\/#primaryimage"},"image":{"@id":"https:\/\/begamer.cz\/sk\/produkt\/diablo-iv-11500-platinum-sk\/#primaryimage"},"thumbnailUrl":"https:\/\/begamer.cz\/wp-content\/uploads\/2026\/01\/diablo-iv-11500-platinum.webp","datePublished":"2026-01-30T15:36:44+00:00","dateModified":"2026-03-18T04:41:20+00:00","breadcrumb":{"@id":"https:\/\/begamer.cz\/sk\/produkt\/diablo-iv-11500-platinum-sk\/#breadcrumb"},"inLanguage":"sk-SK","potentialAction":[{"@type":"ReadAction","target":["https:\/\/begamer.cz\/sk\/produkt\/diablo-iv-11500-platinum-sk\/"]}]},{"@type":"ImageObject","inLanguage":"sk-SK","@id":"https:\/\/begamer.cz\/sk\/produkt\/diablo-iv-11500-platinum-sk\/#primaryimage","url":"https:\/\/begamer.cz\/wp-content\/uploads\/2026\/01\/diablo-iv-11500-platinum.webp","contentUrl":"https:\/\/begamer.cz\/wp-content\/uploads\/2026\/01\/diablo-iv-11500-platinum.webp","width":300,"height":400},{"@type":"BreadcrumbList","@id":"https:\/\/begamer.cz\/sk\/produkt\/diablo-iv-11500-platinum-sk\/#breadcrumb","itemListElement":[{"@type":"ListItem","position":1,"name":"Domov","item":"https:\/\/begamer.cz\/sk\/"},{"@type":"ListItem","position":2,"name":"Obchod","item":"https:\/\/begamer.cz\/obchod\/"},{"@type":"ListItem","position":3,"name":"Diablo IV 11500 Platinum"}]},{"@type":"WebSite","@id":"https:\/\/begamer.cz\/sk\/#website","url":"https:\/\/begamer.cz\/sk\/","name":"BeGamer.cz","description":"","publisher":{"@id":"https:\/\/begamer.cz\/sk\/#organization"},"potentialAction":[{"@type":"SearchAction","target":{"@type":"EntryPoint","urlTemplate":"https:\/\/begamer.cz\/sk\/?s={search_term_string}"},"query-input":{"@type":"PropertyValueSpecification","valueRequired":true,"valueName":"search_term_string"}}],"inLanguage":"sk-SK"},{"@type":"Organization","@id":"https:\/\/begamer.cz\/sk\/#organization","name":"BeGamer.cz","url":"https:\/\/begamer.cz\/sk\/","logo":{"@type":"ImageObject","inLanguage":"sk-SK","@id":"https:\/\/begamer.cz\/sk\/#\/schema\/logo\/image\/","url":"https:\/\/begamer.cz\/wp-content\/uploads\/2025\/07\/logo.svg","contentUrl":"https:\/\/begamer.cz\/wp-content\/uploads\/2025\/07\/logo.svg","caption":"BeGamer.cz"},"image":{"@id":"https:\/\/begamer.cz\/sk\/#\/schema\/logo\/image\/"}}]}},"acf":[],"_links":{"self":[{"href":"https:\/\/begamer.cz\/sk\/wp-json\/wp\/v2\/product\/96377","targetHints":{"allow":["GET"]}}],"collection":[{"href":"https:\/\/begamer.cz\/sk\/wp-json\/wp\/v2\/product"}],"about":[{"href":"https:\/\/begamer.cz\/sk\/wp-json\/wp\/v2\/types\/product"}],"replies":[{"embeddable":true,"href":"https:\/\/begamer.cz\/sk\/wp-json\/wp\/v2\/comments?post=96377"}],"wp:featuredmedia":[{"embeddable":true,"href":"https:\/\/begamer.cz\/sk\/wp-json\/wp\/v2\/media\/20354"}],"wp:attachment":[{"href":"https:\/\/begamer.cz\/sk\/wp-json\/wp\/v2\/media?parent=96377"}],"wp:term":[{"taxonomy":"product_brand","embeddable":true,"href":"https:\/\/begamer.cz\/sk\/wp-json\/wp\/v2\/product_brand?post=96377"},{"taxonomy":"product_cat","embeddable":true,"href":"https:\/\/begamer.cz\/sk\/wp-json\/wp\/v2\/product_cat?post=96377"},{"taxonomy":"product_tag","embeddable":true,"href":"https:\/\/begamer.cz\/sk\/wp-json\/wp\/v2\/product_tag?post=96377"}],"curies":[{"name":"wp","href":"https:\/\/api.w.org\/{rel}","templated":true}]}}