{"id":96347,"date":"2026-01-30T16:36:19","date_gmt":"2026-01-30T15:36:19","guid":{"rendered":"https:\/\/begamer.cz\/produkt\/the-lord-of-the-rings-gollum-emotes-pack-sk\/"},"modified":"2026-03-18T05:39:37","modified_gmt":"2026-03-18T04:39:37","slug":"the-lord-of-the-rings-gollum-emotes-pack-sk","status":"publish","type":"product","link":"https:\/\/begamer.cz\/sk\/produkt\/the-lord-of-the-rings-gollum-emotes-pack-sk\/","title":{"rendered":"The Lord of the Rings: Gollum \u2013 Emotes Pack"},"content":{"rendered":"<p>Tento bal\u00ed\u010dek obsahuje 6 ikonick\u00fdch em\u00f3ci\u00ed in\u0161pirovan\u00fdch postavou Gollumom, ktor\u00e9 m\u00f4\u017eete pou\u017ei\u0165 na vyhl\u00e1senie \u201emoje poklad\u201c a vyjadrenie r\u00f4znych em\u00f3ci\u00ed v hre, kedyko\u013evek budete chcie\u0165.<\/p>\n","protected":false},"excerpt":{"rendered":"<p>Vylep\u0161ite svoj z\u00e1\u017eitok z hry P\u00e1n prste\u0148ov: Gollum s t\u00fdmto bal\u00ed\u010dkom em\u00f3ci\u00ed. Odomknite jedine\u010dn\u00e9 v\u00fdrazy a gest\u00e1, aby ste prisp\u00f4sobili interakcie Golluma a pridali tak svojej hre osobnos\u0165 a z\u00e1bavu. Ide\u00e1lne pre fan\u00fa\u0161ikov, ktor\u00ed chc\u00fa o\u017eivi\u0165 svoju postavu so \u0161t\u00fdlom.<\/p>\n","protected":false},"featured_media":20212,"comment_status":"open","ping_status":"closed","template":"","meta":{"_acf_changed":false},"product_brand":[],"product_cat":[270,280,268,266,312],"product_tag":[],"class_list":{"0":"post-96347","1":"product","2":"type-product","3":"status-publish","4":"has-post-thumbnail","6":"product_cat-adventury-pc-hry-sk","7":"product_cat-dobrodruzne-pc-hry-sk","8":"product_cat-pc-sk","9":"product_cat-pc-hry-sk","10":"product_cat-steam-pc-sk","11":"pa_audio-de-de","12":"pa_audio-en-us","14":"pa_countries-at","15":"pa_countries-be","16":"pa_countries-bg","17":"pa_countries-cy","18":"pa_countries-cz","20":"pa_countries-de","21":"pa_countries-dk","22":"pa_countries-ee","23":"pa_countries-es","24":"pa_countries-fi","25":"pa_countries-fr","26":"pa_countries-gr","27":"pa_countries-hr","28":"pa_countries-hu","29":"pa_countries-ie","30":"pa_countries-it","31":"pa_countries-lt","32":"pa_countries-lu","33":"pa_countries-lv","34":"pa_countries-mt","35":"pa_countries-nl","36":"pa_countries-pl","37":"pa_countries-pt","38":"pa_countries-ro","39":"pa_countries-se","40":"pa_countries-si","41":"pa_countries-sk","42":"pa_developer-daedalic-entertainment","44":"pa_game_type-dlc","46":"pa_genres-adventure","48":"pa_interface-de-de","49":"pa_interface-en-us","50":"pa_interface-es-es","51":"pa_interface-fr-fr","52":"pa_interface-it-it","53":"pa_interface-ja-jp","54":"pa_interface-ko-kr","55":"pa_interface-pl-pl","56":"pa_interface-pt-pt","58":"pa_interface-ru-ru","59":"pa_interface-tr-tr","60":"pa_interface-zh-cn","61":"pa_interface-zh-tw","62":"pa_modes-single-player","64":"pa_pegi-956","65":"pa_pegi-13432","66":"pa_platform-pc-steam","68":"pa_publisher-daedalic-entertainment","70":"pa_rating-773","71":"pa_rating-14441","72":"pa_region-europe","74":"pa_themes-action","75":"pa_themes-stealth","78":"first","79":"instock","80":"virtual","81":"taxable","82":"purchasable","83":"product-type-simple"},"yoast_head":"<!-- This site is optimized with the Yoast SEO plugin v27.3 - https:\/\/yoast.com\/product\/yoast-seo-wordpress\/ -->\n<title>The Lord of the Rings: Gollum - Emotes Pack | BeGamer.cz<\/title>\n<meta name=\"robots\" content=\"index, follow, max-snippet:-1, max-image-preview:large, max-video-preview:-1\" \/>\n<link rel=\"canonical\" href=\"https:\/\/begamer.cz\/sk\/produkt\/the-lord-of-the-rings-gollum-emotes-pack-sk\/\" \/>\n<meta property=\"og:locale\" content=\"sk_SK\" \/>\n<meta property=\"og:type\" content=\"article\" \/>\n<meta property=\"og:title\" content=\"The Lord of the Rings: Gollum - Emotes Pack | BeGamer.cz\" \/>\n<meta property=\"og:description\" content=\"Vylep\u0161ite svoj z\u00e1\u017eitok z hry P\u00e1n prste\u0148ov: Gollum s t\u00fdmto bal\u00ed\u010dkom em\u00f3ci\u00ed. Odomknite jedine\u010dn\u00e9 v\u00fdrazy a gest\u00e1, aby ste prisp\u00f4sobili interakcie Golluma a pridali tak svojej hre osobnos\u0165 a z\u00e1bavu. Ide\u00e1lne pre fan\u00fa\u0161ikov, ktor\u00ed chc\u00fa o\u017eivi\u0165 svoju postavu so \u0161t\u00fdlom.\" \/>\n<meta property=\"og:url\" content=\"https:\/\/begamer.cz\/sk\/produkt\/the-lord-of-the-rings-gollum-emotes-pack-sk\/\" \/>\n<meta property=\"og:site_name\" content=\"BeGamer.cz\" \/>\n<meta property=\"article:modified_time\" content=\"2026-03-18T04:39:37+00:00\" \/>\n<meta property=\"og:image\" content=\"https:\/\/begamer.cz\/wp-content\/uploads\/2026\/01\/the-lord-of-the-rings-gollum-emotes-pack-1.webp\" \/>\n\t<meta property=\"og:image:width\" content=\"300\" \/>\n\t<meta property=\"og:image:height\" content=\"400\" \/>\n\t<meta property=\"og:image:type\" content=\"image\/webp\" \/>\n<meta name=\"twitter:card\" content=\"summary_large_image\" \/>\n<script type=\"application\/ld+json\" class=\"yoast-schema-graph\">{\"@context\":\"https:\\\/\\\/schema.org\",\"@graph\":[{\"@type\":\"WebPage\",\"@id\":\"https:\\\/\\\/begamer.cz\\\/sk\\\/produkt\\\/the-lord-of-the-rings-gollum-emotes-pack-sk\\\/\",\"url\":\"https:\\\/\\\/begamer.cz\\\/sk\\\/produkt\\\/the-lord-of-the-rings-gollum-emotes-pack-sk\\\/\",\"name\":\"The Lord of the Rings: Gollum - Emotes Pack | BeGamer.cz\",\"isPartOf\":{\"@id\":\"https:\\\/\\\/begamer.cz\\\/sk\\\/#website\"},\"primaryImageOfPage\":{\"@id\":\"https:\\\/\\\/begamer.cz\\\/sk\\\/produkt\\\/the-lord-of-the-rings-gollum-emotes-pack-sk\\\/#primaryimage\"},\"image\":{\"@id\":\"https:\\\/\\\/begamer.cz\\\/sk\\\/produkt\\\/the-lord-of-the-rings-gollum-emotes-pack-sk\\\/#primaryimage\"},\"thumbnailUrl\":\"https:\\\/\\\/begamer.cz\\\/wp-content\\\/uploads\\\/2026\\\/01\\\/the-lord-of-the-rings-gollum-emotes-pack-1.webp\",\"datePublished\":\"2026-01-30T15:36:19+00:00\",\"dateModified\":\"2026-03-18T04:39:37+00:00\",\"breadcrumb\":{\"@id\":\"https:\\\/\\\/begamer.cz\\\/sk\\\/produkt\\\/the-lord-of-the-rings-gollum-emotes-pack-sk\\\/#breadcrumb\"},\"inLanguage\":\"sk-SK\",\"potentialAction\":[{\"@type\":\"ReadAction\",\"target\":[\"https:\\\/\\\/begamer.cz\\\/sk\\\/produkt\\\/the-lord-of-the-rings-gollum-emotes-pack-sk\\\/\"]}]},{\"@type\":\"ImageObject\",\"inLanguage\":\"sk-SK\",\"@id\":\"https:\\\/\\\/begamer.cz\\\/sk\\\/produkt\\\/the-lord-of-the-rings-gollum-emotes-pack-sk\\\/#primaryimage\",\"url\":\"https:\\\/\\\/begamer.cz\\\/wp-content\\\/uploads\\\/2026\\\/01\\\/the-lord-of-the-rings-gollum-emotes-pack-1.webp\",\"contentUrl\":\"https:\\\/\\\/begamer.cz\\\/wp-content\\\/uploads\\\/2026\\\/01\\\/the-lord-of-the-rings-gollum-emotes-pack-1.webp\",\"width\":300,\"height\":400},{\"@type\":\"BreadcrumbList\",\"@id\":\"https:\\\/\\\/begamer.cz\\\/sk\\\/produkt\\\/the-lord-of-the-rings-gollum-emotes-pack-sk\\\/#breadcrumb\",\"itemListElement\":[{\"@type\":\"ListItem\",\"position\":1,\"name\":\"Domov\",\"item\":\"https:\\\/\\\/begamer.cz\\\/sk\\\/\"},{\"@type\":\"ListItem\",\"position\":2,\"name\":\"Obchod\",\"item\":\"https:\\\/\\\/begamer.cz\\\/obchod\\\/\"},{\"@type\":\"ListItem\",\"position\":3,\"name\":\"The Lord of the Rings: Gollum &#8211; Emotes Pack\"}]},{\"@type\":\"WebSite\",\"@id\":\"https:\\\/\\\/begamer.cz\\\/sk\\\/#website\",\"url\":\"https:\\\/\\\/begamer.cz\\\/sk\\\/\",\"name\":\"BeGamer.cz\",\"description\":\"\",\"publisher\":{\"@id\":\"https:\\\/\\\/begamer.cz\\\/sk\\\/#organization\"},\"potentialAction\":[{\"@type\":\"SearchAction\",\"target\":{\"@type\":\"EntryPoint\",\"urlTemplate\":\"https:\\\/\\\/begamer.cz\\\/sk\\\/?s={search_term_string}\"},\"query-input\":{\"@type\":\"PropertyValueSpecification\",\"valueRequired\":true,\"valueName\":\"search_term_string\"}}],\"inLanguage\":\"sk-SK\"},{\"@type\":\"Organization\",\"@id\":\"https:\\\/\\\/begamer.cz\\\/sk\\\/#organization\",\"name\":\"BeGamer.cz\",\"url\":\"https:\\\/\\\/begamer.cz\\\/sk\\\/\",\"logo\":{\"@type\":\"ImageObject\",\"inLanguage\":\"sk-SK\",\"@id\":\"https:\\\/\\\/begamer.cz\\\/sk\\\/#\\\/schema\\\/logo\\\/image\\\/\",\"url\":\"https:\\\/\\\/begamer.cz\\\/wp-content\\\/uploads\\\/2025\\\/07\\\/logo.svg\",\"contentUrl\":\"https:\\\/\\\/begamer.cz\\\/wp-content\\\/uploads\\\/2025\\\/07\\\/logo.svg\",\"caption\":\"BeGamer.cz\"},\"image\":{\"@id\":\"https:\\\/\\\/begamer.cz\\\/sk\\\/#\\\/schema\\\/logo\\\/image\\\/\"}}]}<\/script>\n<!-- \/ Yoast SEO plugin. -->","yoast_head_json":{"title":"The Lord of the Rings: Gollum - Emotes Pack | BeGamer.cz","robots":{"index":"index","follow":"follow","max-snippet":"max-snippet:-1","max-image-preview":"max-image-preview:large","max-video-preview":"max-video-preview:-1"},"canonical":"https:\/\/begamer.cz\/sk\/produkt\/the-lord-of-the-rings-gollum-emotes-pack-sk\/","og_locale":"sk_SK","og_type":"article","og_title":"The Lord of the Rings: Gollum - Emotes Pack | BeGamer.cz","og_description":"Vylep\u0161ite svoj z\u00e1\u017eitok z hry P\u00e1n prste\u0148ov: Gollum s t\u00fdmto bal\u00ed\u010dkom em\u00f3ci\u00ed. Odomknite jedine\u010dn\u00e9 v\u00fdrazy a gest\u00e1, aby ste prisp\u00f4sobili interakcie Golluma a pridali tak svojej hre osobnos\u0165 a z\u00e1bavu. Ide\u00e1lne pre fan\u00fa\u0161ikov, ktor\u00ed chc\u00fa o\u017eivi\u0165 svoju postavu so \u0161t\u00fdlom.","og_url":"https:\/\/begamer.cz\/sk\/produkt\/the-lord-of-the-rings-gollum-emotes-pack-sk\/","og_site_name":"BeGamer.cz","article_modified_time":"2026-03-18T04:39:37+00:00","og_image":[{"width":300,"height":400,"url":"https:\/\/begamer.cz\/wp-content\/uploads\/2026\/01\/the-lord-of-the-rings-gollum-emotes-pack-1.webp","type":"image\/webp"}],"twitter_card":"summary_large_image","schema":{"@context":"https:\/\/schema.org","@graph":[{"@type":"WebPage","@id":"https:\/\/begamer.cz\/sk\/produkt\/the-lord-of-the-rings-gollum-emotes-pack-sk\/","url":"https:\/\/begamer.cz\/sk\/produkt\/the-lord-of-the-rings-gollum-emotes-pack-sk\/","name":"The Lord of the Rings: Gollum - Emotes Pack | BeGamer.cz","isPartOf":{"@id":"https:\/\/begamer.cz\/sk\/#website"},"primaryImageOfPage":{"@id":"https:\/\/begamer.cz\/sk\/produkt\/the-lord-of-the-rings-gollum-emotes-pack-sk\/#primaryimage"},"image":{"@id":"https:\/\/begamer.cz\/sk\/produkt\/the-lord-of-the-rings-gollum-emotes-pack-sk\/#primaryimage"},"thumbnailUrl":"https:\/\/begamer.cz\/wp-content\/uploads\/2026\/01\/the-lord-of-the-rings-gollum-emotes-pack-1.webp","datePublished":"2026-01-30T15:36:19+00:00","dateModified":"2026-03-18T04:39:37+00:00","breadcrumb":{"@id":"https:\/\/begamer.cz\/sk\/produkt\/the-lord-of-the-rings-gollum-emotes-pack-sk\/#breadcrumb"},"inLanguage":"sk-SK","potentialAction":[{"@type":"ReadAction","target":["https:\/\/begamer.cz\/sk\/produkt\/the-lord-of-the-rings-gollum-emotes-pack-sk\/"]}]},{"@type":"ImageObject","inLanguage":"sk-SK","@id":"https:\/\/begamer.cz\/sk\/produkt\/the-lord-of-the-rings-gollum-emotes-pack-sk\/#primaryimage","url":"https:\/\/begamer.cz\/wp-content\/uploads\/2026\/01\/the-lord-of-the-rings-gollum-emotes-pack-1.webp","contentUrl":"https:\/\/begamer.cz\/wp-content\/uploads\/2026\/01\/the-lord-of-the-rings-gollum-emotes-pack-1.webp","width":300,"height":400},{"@type":"BreadcrumbList","@id":"https:\/\/begamer.cz\/sk\/produkt\/the-lord-of-the-rings-gollum-emotes-pack-sk\/#breadcrumb","itemListElement":[{"@type":"ListItem","position":1,"name":"Domov","item":"https:\/\/begamer.cz\/sk\/"},{"@type":"ListItem","position":2,"name":"Obchod","item":"https:\/\/begamer.cz\/obchod\/"},{"@type":"ListItem","position":3,"name":"The Lord of the Rings: Gollum &#8211; Emotes Pack"}]},{"@type":"WebSite","@id":"https:\/\/begamer.cz\/sk\/#website","url":"https:\/\/begamer.cz\/sk\/","name":"BeGamer.cz","description":"","publisher":{"@id":"https:\/\/begamer.cz\/sk\/#organization"},"potentialAction":[{"@type":"SearchAction","target":{"@type":"EntryPoint","urlTemplate":"https:\/\/begamer.cz\/sk\/?s={search_term_string}"},"query-input":{"@type":"PropertyValueSpecification","valueRequired":true,"valueName":"search_term_string"}}],"inLanguage":"sk-SK"},{"@type":"Organization","@id":"https:\/\/begamer.cz\/sk\/#organization","name":"BeGamer.cz","url":"https:\/\/begamer.cz\/sk\/","logo":{"@type":"ImageObject","inLanguage":"sk-SK","@id":"https:\/\/begamer.cz\/sk\/#\/schema\/logo\/image\/","url":"https:\/\/begamer.cz\/wp-content\/uploads\/2025\/07\/logo.svg","contentUrl":"https:\/\/begamer.cz\/wp-content\/uploads\/2025\/07\/logo.svg","caption":"BeGamer.cz"},"image":{"@id":"https:\/\/begamer.cz\/sk\/#\/schema\/logo\/image\/"}}]}},"acf":[],"_links":{"self":[{"href":"https:\/\/begamer.cz\/sk\/wp-json\/wp\/v2\/product\/96347","targetHints":{"allow":["GET"]}}],"collection":[{"href":"https:\/\/begamer.cz\/sk\/wp-json\/wp\/v2\/product"}],"about":[{"href":"https:\/\/begamer.cz\/sk\/wp-json\/wp\/v2\/types\/product"}],"replies":[{"embeddable":true,"href":"https:\/\/begamer.cz\/sk\/wp-json\/wp\/v2\/comments?post=96347"}],"wp:featuredmedia":[{"embeddable":true,"href":"https:\/\/begamer.cz\/sk\/wp-json\/wp\/v2\/media\/20212"}],"wp:attachment":[{"href":"https:\/\/begamer.cz\/sk\/wp-json\/wp\/v2\/media?parent=96347"}],"wp:term":[{"taxonomy":"product_brand","embeddable":true,"href":"https:\/\/begamer.cz\/sk\/wp-json\/wp\/v2\/product_brand?post=96347"},{"taxonomy":"product_cat","embeddable":true,"href":"https:\/\/begamer.cz\/sk\/wp-json\/wp\/v2\/product_cat?post=96347"},{"taxonomy":"product_tag","embeddable":true,"href":"https:\/\/begamer.cz\/sk\/wp-json\/wp\/v2\/product_tag?post=96347"}],"curies":[{"name":"wp","href":"https:\/\/api.w.org\/{rel}","templated":true}]}}