{"id":96332,"date":"2026-01-30T16:36:03","date_gmt":"2026-01-30T15:36:03","guid":{"rendered":"https:\/\/begamer.cz\/produkt\/mable-and-the-wood-sk\/"},"modified":"2026-03-18T05:37:51","modified_gmt":"2026-03-18T04:37:51","slug":"mable-and-the-wood-sk","status":"publish","type":"product","link":"https:\/\/begamer.cz\/sk\/produkt\/mable-and-the-wood-sk\/","title":{"rendered":"Mable and the Wood"},"content":{"rendered":"<p>Mable &amp; The Wood je hra typu Metroidvania, v ktorej lov\u00edte obrovsk\u00e9 be\u0161tie a po ich zni\u010den\u00ed sa premen\u00edte na ich podoby, aby ste mohli vyu\u017ei\u0165 ich sily na z\u00e1chranu alebo zni\u010denie sveta. Hr\u00e1\u010di s menej n\u00e1siln\u00fdmi \u00famyslami m\u00f4\u017eu n\u00e1js\u0165 tajn\u00e9 cesty, ako dokon\u010di\u0165 hru Mable bez zab\u00edjania \u010dohoko\u013evek, vr\u00e1tane bossov.<\/p>\n<p>Na rozdiel od v\u00e4\u010d\u0161iny hier typu Metroidvania, Mable v\u00e1m neumo\u017e\u0148uje beha\u0165, sk\u00e1ka\u0165 a zab\u00edja\u0165 na vlastn\u00fa p\u00e4s\u0165. Namiesto toho mus\u00edte pou\u017e\u00edva\u0165 ne\u013eudsk\u00e9 podoby, aby ste \u00fato\u010dili na tvory a prekon\u00e1vali n\u00e1ro\u010dn\u00e9 v\u00fdzvy. Podivn\u00fd<\/p>\n<p>kult, ktor\u00fd v\u00e1s vzkriesil, hovor\u00ed o starovekom proroctve, ktor\u00e9 hovor\u00ed, \u017ee budete lovi\u0165 ve\u013ek\u00e9 zvierat\u00e1, prebera\u0165 ich podobu a vyu\u017e\u00edva\u0165 ich sily na z\u00e1chranu tohto umieraj\u00faceho sveta. Ale \u010do ak sa m\u00fdlia? Proroctvo je star\u00e9 a slov\u00e1 \u010dasom str\u00e1caj\u00fa svoj v\u00fdznam&#8230;<\/p>\n<p>Ke\u010f sa svet okolo v\u00e1s rozpad\u00e1, <i>\u010do urob\u00edte?<\/i> V hre Mable &amp; The Wood je na v\u00e1s, aby ste sa rozhodli. Nemus\u00edte nikoho zab\u00edja\u0165, ale m\u00f4\u017eete zabi\u0165 <i>v\u0161etk\u00fdch.<\/i><\/p>\n<p><strong>Vy\u017eeniete temnotu, alebo sa \u0148ou stanete?<\/strong><\/p>\n<h2 class=\"bb_tag\" >BOJ JE POHYB<\/h2>\n<p>Tvoj pohyb je smrtiaci. Mable \u0165ah\u00e1 me\u010d, ktor\u00fd je pr\u00edli\u0161 \u0165a\u017ek\u00fd na to, aby ho zdvihla, premen\u00ed sa na v\u00edlu a nech\u00e1 ho tam, kde st\u00e1la. Znovu si vezmi me\u010d do ruky a rozsekaj v\u0161etk\u00fdch nepriate\u013eov, ktor\u00ed ti stoja v ceste. Svoju ne\u013eudsk\u00fa podobu m\u00f4\u017ee\u0161 udr\u017ea\u0165 len<\/p>\n<p><span class=\"bb_img_ctn\"><video class=\"bb_img\" autoplay muted loop playsinline poster=\"https:\/\/shared.akamai.steamstatic.com\/store_item_assets\/steam\/apps\/568070\/extras\/5bb1f1a9817e418d6f79416dc57af37f.poster.avif?t=1628613454\" width=600 height=200 ><source src=\"https:\/\/shared.akamai.steamstatic.com\/store_item_assets\/steam\/apps\/568070\/extras\/5bb1f1a9817e418d6f79416dc57af37f.webm?t=1628613454\" type=\"video\/webm; codecs=vp9\"><source src=\"https:\/\/shared.akamai.steamstatic.com\/store_item_assets\/steam\/apps\/568070\/extras\/5bb1f1a9817e418d6f79416dc57af37f.mp4?t=1628613454\" type=\"video\/mp4\"><\/video><\/span><\/p>\n<p>po obmedzen\u00fd \u010das, ale zab\u00edjanie tvorov ti predl\u017euje tvoju silu.<\/p>\n<h2 class=\"bb_tag\" >LOV VE\u013dK\u00c9 ZVIERAT\u00c1 A PREBER ICH PODOBU<\/h2>\n<p>Poraz ve\u013ek\u00e9 zvierat\u00e1, aby si prevzal ich podobu a premenil sa na krtka, med\u00fazu, pav\u00faka a \u010fal\u0161ie&#8230;<\/p>\n<p><span class=\"bb_img_ctn\"><video class=\"bb_img\" autoplay muted loop playsinline poster=\"https:\/\/shared.akamai.steamstatic.com\/store_item_assets\/steam\/apps\/568070\/extras\/9f1779e5c13b6044e3c55a57f3620b4a.poster.avif?t=1628613454\" width=600 height=200 ><source src=\"https:\/\/shared.akamai.steamstatic.com\/store_item_assets\/steam\/apps\/568070\/extras\/9f1779e5c13b6044e3c55a57f3620b4a.webm?t=1628613454\" type=\"video\/webm; codecs=vp9\"><source src=\"https:\/\/shared.akamai.steamstatic.com\/store_item_assets\/steam\/apps\/568070\/extras\/9f1779e5c13b6044e3c55a57f3620b4a.mp4?t=1628613454\" type=\"video\/mp4\"><\/video><\/span><\/p>\n<p>N\u00e1jdi a poraz ostatn\u00fdch bossov, aby si odomkol e\u0161te viac pod\u00f4b!<\/p>\n<h2 class=\"bb_tag\" >OBJAVUJTE UM\u00cdRAJ\u00daCI SVET<\/h2>\n<p>Hra sa odohr\u00e1va v temnom fantasy svete, kde ka\u017ed\u00e1 oblas\u0165 tvor\u00ed s\u00fa\u010das\u0165 ve\u013ekej, komplexnej mapy, ktor\u00e1 je pln\u00e1 r\u00f4znych tajomstiev, ktor\u00e9 m\u00f4\u017eete odhali\u0165.<\/p>\n<p><span class=\"bb_img_ctn\"><video class=\"bb_img\" autoplay muted loop playsinline poster=\"https:\/\/shared.akamai.steamstatic.com\/store_item_assets\/steam\/apps\/568070\/extras\/852b7d472e4d83ecfc072f986355fe80.poster.avif?t=1628613454\" width=600 height=200 ><source src=\"https:\/\/shared.akamai.steamstatic.com\/store_item_assets\/steam\/apps\/568070\/extras\/852b7d472e4d83ecfc072f986355fe80.webm?t=1628613454\" type=\"video\/webm; codecs=vp9\"><source src=\"https:\/\/shared.akamai.steamstatic.com\/store_item_assets\/steam\/apps\/568070\/extras\/852b7d472e4d83ecfc072f986355fe80.mp4?t=1628613454\" type=\"video\/mp4\"><\/video><\/span><\/p>\n<p>Odha\u013ete tajomstv\u00e1, ktor\u00e9 m\u00f4\u017eete vyu\u017ei\u0165 na n\u00e1jdenie alternat\u00edvnych, nebojov\u00fdch ciest svetom a objavte in\u00fa str\u00e1nku pr\u00edbehu (a viacero koncov!).<\/p>\n<h2 class=\"bb_tag\" >OBJAVTE, KTO SKUTO\u010cNE STE<\/h2>\n<p>Objavte bohat\u00fd pr\u00edbeh a definujte svoju vlastn\u00fa \u00falohu v \u0148om. Stanete sa spasite\u013eom, o \u010dom v\u00e1s v\u0161etci presvied\u010daj\u00fa, alebo va\u0161e \u010diny poved\u00fa k doslovn\u00e9mu rozdeleniu sveta?<\/p>\n<p><span class=\"bb_img_ctn\"><video class=\"bb_img\" autoplay muted loop playsinline poster=\"https:\/\/shared.akamai.steamstatic.com\/store_item_assets\/steam\/apps\/568070\/extras\/f6b9035075dee2d496bd4961bd2a367a.poster.avif?t=1628613454\" width=600 height=200 ><source src=\"https:\/\/shared.akamai.steamstatic.com\/store_item_assets\/steam\/apps\/568070\/extras\/f6b9035075dee2d496bd4961bd2a367a.webm?t=1628613454\" type=\"video\/webm; codecs=vp9\"><source src=\"https:\/\/shared.akamai.steamstatic.com\/store_item_assets\/steam\/apps\/568070\/extras\/f6b9035075dee2d496bd4961bd2a367a.mp4?t=1628613454\" type=\"video\/mp4\"><\/video><\/span><\/p>\n<p><strong>Funkcie<\/strong><\/p>\n<ul class=\"bb_ul\">\n<li><strong>Va\u0161e rozhodnutia maj\u00fa v\u00fdznam<\/strong> \u2013 kult chce, aby ste zabili v\u0161etko, ale je len na v\u00e1s, \u010di ich budete po\u010d\u00fava\u0165, alebo si n\u00e1jdete vlastn\u00fa cestu a odomknete viacero koncov.<\/li>\n<\/ul>\n<ul class=\"bb_ul\">\n<li><strong>Bohat\u00fd pr\u00edbeh<\/strong> s rozmanit\u00fdmi postavami, ktor\u00e9 maj\u00fa svoj vlastn\u00fd poh\u013ead na cel\u00fa t\u00fato z\u00e1le\u017eitos\u0165 s \u201ekoncom sveta\u201c.<\/li>\n<\/ul>\n<ul class=\"bb_ul\">\n<li><strong>Boj je pohyb a pohyb je boj<\/strong> \u2013 Mable nedok\u00e1\u017ee zdvihn\u00fa\u0165 svoj magick\u00fd me\u010d, tak\u017ee ho mus\u00ed pou\u017e\u00edva\u0165 jedine\u010dn\u00fdmi sp\u00f4sobmi, aby sa mohla pohybova\u0165 po svete.<\/li>\n<\/ul>\n<ul class=\"bb_ul\">\n<li><strong>Ve\u013ek\u00fd a rozmanit\u00fd fantasy svet<\/strong>, o\u017eiven\u00fd najmodernej\u0161ou pixelovou technol\u00f3giou a kr\u00e1snym origin\u00e1lnym soundtrackom<\/li>\n<\/ul>\n<ul class=\"bb_ul\">\n<li><strong>Viac koncov<\/strong>, r\u00f4zne cesty, ktor\u00fdmi sa m\u00f4\u017eete prejs\u0165 svetom, a tajomstv\u00e1, ktor\u00e9 m\u00f4\u017eete odhali\u0165.<\/li>\n<\/ul>\n","protected":false},"excerpt":{"rendered":"<p>Lovte obrovsk\u00e9 be\u0161tie a po ich zni\u010den\u00ed sa preme\u0148te na ich podoby, aby ste mohli vyu\u017ei\u0165 ich sily na z\u00e1chranu alebo zni\u010denie sveta. Hr\u00e1\u010di s menej n\u00e1siln\u00fdmi \u00famyslami m\u00f4\u017eu n\u00e1js\u0165 tajn\u00e9 cesty, ako dokon\u010di\u0165 Mable bez zab\u00edjania \u010dohoko\u013evek, vr\u00e1tane bossov.<\/p>\n","protected":false},"featured_media":20074,"comment_status":"open","ping_status":"closed","template":"","meta":{"_acf_changed":false},"product_brand":[],"product_cat":[270,290,268,266,312],"product_tag":[],"class_list":{"0":"post-96332","1":"product","2":"type-product","3":"status-publish","4":"has-post-thumbnail","6":"product_cat-adventury-pc-hry-sk","7":"product_cat-indie-hry-pc-sk","8":"product_cat-pc-sk","9":"product_cat-pc-hry-sk","10":"product_cat-steam-pc-sk","11":"pa_countries-ad","12":"pa_countries-ae","13":"pa_countries-af","14":"pa_countries-ag","15":"pa_countries-ai","16":"pa_countries-al","17":"pa_countries-am","18":"pa_countries-ao","19":"pa_countries-aq","20":"pa_countries-ar","21":"pa_countries-as","22":"pa_countries-at","23":"pa_countries-au","24":"pa_countries-aw","25":"pa_countries-ax","26":"pa_countries-az","27":"pa_countries-ba","28":"pa_countries-bb","29":"pa_countries-bd","30":"pa_countries-be","31":"pa_countries-bf","32":"pa_countries-bg","33":"pa_countries-bh","34":"pa_countries-bi","35":"pa_countries-bj","36":"pa_countries-bl","37":"pa_countries-bm","38":"pa_countries-bn","39":"pa_countries-bo","40":"pa_countries-bq","41":"pa_countries-br","42":"pa_countries-bs","43":"pa_countries-bt","44":"pa_countries-bv","45":"pa_countries-bw","46":"pa_countries-bz","47":"pa_countries-ca","48":"pa_countries-cc","49":"pa_countries-cd","50":"pa_countries-cf","51":"pa_countries-cg","52":"pa_countries-ch","53":"pa_countries-ci","54":"pa_countries-ck","55":"pa_countries-cl","56":"pa_countries-cm","57":"pa_countries-cn","58":"pa_countries-co","59":"pa_countries-cr","60":"pa_countries-cu","61":"pa_countries-cv","62":"pa_countries-cw","63":"pa_countries-cx","64":"pa_countries-cy","65":"pa_countries-cz","66":"pa_countries-de","67":"pa_countries-dj","68":"pa_countries-dk","69":"pa_countries-dm","70":"pa_countries-do","71":"pa_countries-dz","72":"pa_countries-ec","73":"pa_countries-ee","74":"pa_countries-eg","75":"pa_countries-eh","76":"pa_countries-er","77":"pa_countries-es","78":"pa_countries-et","79":"pa_countries-fi","80":"pa_countries-fj","81":"pa_countries-fk","82":"pa_countries-fm","83":"pa_countries-fo","84":"pa_countries-fr","85":"pa_countries-ga","86":"pa_countries-gb","87":"pa_countries-gd","88":"pa_countries-ge","89":"pa_countries-gf","90":"pa_countries-gg","91":"pa_countries-gh","92":"pa_countries-gi","93":"pa_countries-gl","94":"pa_countries-gm","95":"pa_countries-gn","96":"pa_countries-gp","97":"pa_countries-gq","98":"pa_countries-gr","99":"pa_countries-gs","100":"pa_countries-gt","101":"pa_countries-gu","102":"pa_countries-gw","103":"pa_countries-gy","104":"pa_countries-hk","105":"pa_countries-hm","106":"pa_countries-hn","107":"pa_countries-hr","108":"pa_countries-ht","109":"pa_countries-hu","110":"pa_countries-id","111":"pa_countries-ie","112":"pa_countries-il","113":"pa_countries-im","114":"pa_countries-in","115":"pa_countries-io","116":"pa_countries-iq","117":"pa_countries-ir","118":"pa_countries-is","119":"pa_countries-it","120":"pa_countries-je","121":"pa_countries-jm","122":"pa_countries-jo","123":"pa_countries-jp","124":"pa_countries-ke","125":"pa_countries-kg","126":"pa_countries-kh","127":"pa_countries-ki","128":"pa_countries-km","129":"pa_countries-kn","130":"pa_countries-kp","131":"pa_countries-kr","132":"pa_countries-kw","133":"pa_countries-ky","134":"pa_countries-kz","135":"pa_countries-la","136":"pa_countries-lb","137":"pa_countries-lc","138":"pa_countries-li","139":"pa_countries-lk","140":"pa_countries-lr","141":"pa_countries-ls","142":"pa_countries-lt","143":"pa_countries-lu","144":"pa_countries-lv","145":"pa_countries-ly","146":"pa_countries-ma","147":"pa_countries-mc","148":"pa_countries-md","149":"pa_countries-me","150":"pa_countries-mf","151":"pa_countries-mg","152":"pa_countries-mh","153":"pa_countries-mk","154":"pa_countries-ml","155":"pa_countries-mm","156":"pa_countries-mn","157":"pa_countries-mo","158":"pa_countries-mp","159":"pa_countries-mq","160":"pa_countries-mr","161":"pa_countries-ms","162":"pa_countries-mt","163":"pa_countries-mu","164":"pa_countries-mv","165":"pa_countries-mw","166":"pa_countries-mx","167":"pa_countries-my","168":"pa_countries-mz","169":"pa_countries-na","170":"pa_countries-nc","171":"pa_countries-ne","172":"pa_countries-nf","173":"pa_countries-ng","174":"pa_countries-ni","175":"pa_countries-nl","176":"pa_countries-no","177":"pa_countries-np","178":"pa_countries-nr","179":"pa_countries-nu","180":"pa_countries-nz","181":"pa_countries-om","182":"pa_countries-pa","183":"pa_countries-pe","184":"pa_countries-pf","185":"pa_countries-pg","186":"pa_countries-ph","187":"pa_countries-pk","188":"pa_countries-pl","189":"pa_countries-pm","190":"pa_countries-pn","191":"pa_countries-pr","192":"pa_countries-ps","193":"pa_countries-pt","194":"pa_countries-pw","195":"pa_countries-py","196":"pa_countries-qa","197":"pa_countries-re","198":"pa_countries-ro","199":"pa_countries-rs","200":"pa_countries-rw","201":"pa_countries-sa","202":"pa_countries-sb","203":"pa_countries-sc","204":"pa_countries-sd","205":"pa_countries-se","206":"pa_countries-sg","207":"pa_countries-sh","208":"pa_countries-si","209":"pa_countries-sj","210":"pa_countries-sk","211":"pa_countries-sl","212":"pa_countries-sm","213":"pa_countries-sn","214":"pa_countries-so","215":"pa_countries-sr","216":"pa_countries-ss","218":"pa_countries-st","219":"pa_countries-sv","220":"pa_countries-sx","221":"pa_countries-sy","222":"pa_countries-sz","223":"pa_countries-tc","224":"pa_countries-td","225":"pa_countries-tf","226":"pa_countries-tg","227":"pa_countries-th","228":"pa_countries-tj","229":"pa_countries-tk","230":"pa_countries-tl","231":"pa_countries-tm","232":"pa_countries-tn","233":"pa_countries-to","234":"pa_countries-tr","235":"pa_countries-tt","236":"pa_countries-tv","237":"pa_countries-tw","238":"pa_countries-tz","239":"pa_countries-ua","240":"pa_countries-ug","241":"pa_countries-um","242":"pa_countries-us","243":"pa_countries-uy","244":"pa_countries-uz","245":"pa_countries-va","246":"pa_countries-vc","247":"pa_countries-ve","248":"pa_countries-vg","249":"pa_countries-vi","250":"pa_countries-vn","251":"pa_countries-vu","252":"pa_countries-wf","253":"pa_countries-ws","254":"pa_countries-xk","256":"pa_countries-ye","257":"pa_countries-yt","258":"pa_countries-za","259":"pa_countries-zm","260":"pa_countries-zw","261":"pa_developer-triplevision-games-2","262":"pa_developer-triplevision-games","263":"pa_engine-gamemaker","265":"pa_game_type-main_game","267":"pa_genres-adventure","268":"pa_genres-indie","270":"pa_genres-platform","272":"pa_interface-de-de","273":"pa_interface-en-us","274":"pa_interface-es-es","275":"pa_interface-fr-fr","276":"pa_interface-it-it","277":"pa_interface-pt-br","278":"pa_interface-pt-pt","280":"pa_interface-ru-ru","282":"pa_interface-zh-cn","283":"pa_keywords-cult","284":"pa_keywords-female-protagonist","285":"pa_keywords-metroidvania","286":"pa_keywords-multiple-endings","288":"pa_keywords-pixel-art","290":"pa_modes-single-player","292":"pa_pegi-772","293":"pa_pegi-13424","294":"pa_platform-pc-steam","296":"pa_player_perspectives-side-view","298":"pa_publisher-graffiti-games","300":"pa_rating-1047","301":"pa_rating-14472","302":"pa_region-global","304":"pa_subtitles-de-de","306":"pa_subtitles-en-us","307":"pa_subtitles-es-es","308":"pa_subtitles-fr-fr","309":"pa_subtitles-it-it","310":"pa_subtitles-pt-br","311":"pa_subtitles-ru-ru","313":"pa_subtitles-zh-cn","314":"pa_themes-action","316":"pa_themes-fantasy","319":"first","320":"instock","321":"virtual","322":"taxable","323":"purchasable","324":"product-type-simple"},"yoast_head":"<!-- This site is optimized with the Yoast SEO plugin v27.3 - https:\/\/yoast.com\/product\/yoast-seo-wordpress\/ -->\n<title>Mable and the Wood | BeGamer.cz<\/title>\n<meta name=\"robots\" content=\"index, follow, max-snippet:-1, max-image-preview:large, max-video-preview:-1\" \/>\n<link rel=\"canonical\" href=\"https:\/\/begamer.cz\/sk\/produkt\/mable-and-the-wood-sk\/\" \/>\n<meta property=\"og:locale\" content=\"sk_SK\" \/>\n<meta property=\"og:type\" content=\"article\" \/>\n<meta property=\"og:title\" content=\"Mable and the Wood | BeGamer.cz\" \/>\n<meta property=\"og:description\" content=\"Lovte obrovsk\u00e9 be\u0161tie a po ich zni\u010den\u00ed sa preme\u0148te na ich podoby, aby ste mohli vyu\u017ei\u0165 ich sily na z\u00e1chranu alebo zni\u010denie sveta. Hr\u00e1\u010di s menej n\u00e1siln\u00fdmi \u00famyslami m\u00f4\u017eu n\u00e1js\u0165 tajn\u00e9 cesty, ako dokon\u010di\u0165 Mable bez zab\u00edjania \u010dohoko\u013evek, vr\u00e1tane bossov.\" \/>\n<meta property=\"og:url\" content=\"https:\/\/begamer.cz\/sk\/produkt\/mable-and-the-wood-sk\/\" \/>\n<meta property=\"og:site_name\" content=\"BeGamer.cz\" \/>\n<meta property=\"article:modified_time\" content=\"2026-03-18T04:37:51+00:00\" \/>\n<meta property=\"og:image\" content=\"https:\/\/begamer.cz\/wp-content\/uploads\/2026\/01\/mable-and-the-wood-11.webp\" \/>\n\t<meta property=\"og:image:width\" content=\"300\" \/>\n\t<meta property=\"og:image:height\" content=\"400\" \/>\n\t<meta property=\"og:image:type\" content=\"image\/webp\" \/>\n<meta name=\"twitter:card\" content=\"summary_large_image\" \/>\n<meta name=\"twitter:label1\" content=\"Predpokladan\u00fd \u010das \u010d\u00edtania\" \/>\n\t<meta name=\"twitter:data1\" content=\"3 min\u00faty\" \/>\n<script type=\"application\/ld+json\" class=\"yoast-schema-graph\">{\"@context\":\"https:\\\/\\\/schema.org\",\"@graph\":[{\"@type\":\"WebPage\",\"@id\":\"https:\\\/\\\/begamer.cz\\\/sk\\\/produkt\\\/mable-and-the-wood-sk\\\/\",\"url\":\"https:\\\/\\\/begamer.cz\\\/sk\\\/produkt\\\/mable-and-the-wood-sk\\\/\",\"name\":\"Mable and the Wood | BeGamer.cz\",\"isPartOf\":{\"@id\":\"https:\\\/\\\/begamer.cz\\\/sk\\\/#website\"},\"primaryImageOfPage\":{\"@id\":\"https:\\\/\\\/begamer.cz\\\/sk\\\/produkt\\\/mable-and-the-wood-sk\\\/#primaryimage\"},\"image\":{\"@id\":\"https:\\\/\\\/begamer.cz\\\/sk\\\/produkt\\\/mable-and-the-wood-sk\\\/#primaryimage\"},\"thumbnailUrl\":\"https:\\\/\\\/begamer.cz\\\/wp-content\\\/uploads\\\/2026\\\/01\\\/mable-and-the-wood-11.webp\",\"datePublished\":\"2026-01-30T15:36:03+00:00\",\"dateModified\":\"2026-03-18T04:37:51+00:00\",\"breadcrumb\":{\"@id\":\"https:\\\/\\\/begamer.cz\\\/sk\\\/produkt\\\/mable-and-the-wood-sk\\\/#breadcrumb\"},\"inLanguage\":\"sk-SK\",\"potentialAction\":[{\"@type\":\"ReadAction\",\"target\":[\"https:\\\/\\\/begamer.cz\\\/sk\\\/produkt\\\/mable-and-the-wood-sk\\\/\"]}]},{\"@type\":\"ImageObject\",\"inLanguage\":\"sk-SK\",\"@id\":\"https:\\\/\\\/begamer.cz\\\/sk\\\/produkt\\\/mable-and-the-wood-sk\\\/#primaryimage\",\"url\":\"https:\\\/\\\/begamer.cz\\\/wp-content\\\/uploads\\\/2026\\\/01\\\/mable-and-the-wood-11.webp\",\"contentUrl\":\"https:\\\/\\\/begamer.cz\\\/wp-content\\\/uploads\\\/2026\\\/01\\\/mable-and-the-wood-11.webp\",\"width\":300,\"height\":400},{\"@type\":\"BreadcrumbList\",\"@id\":\"https:\\\/\\\/begamer.cz\\\/sk\\\/produkt\\\/mable-and-the-wood-sk\\\/#breadcrumb\",\"itemListElement\":[{\"@type\":\"ListItem\",\"position\":1,\"name\":\"Domov\",\"item\":\"https:\\\/\\\/begamer.cz\\\/sk\\\/\"},{\"@type\":\"ListItem\",\"position\":2,\"name\":\"Obchod\",\"item\":\"https:\\\/\\\/begamer.cz\\\/obchod\\\/\"},{\"@type\":\"ListItem\",\"position\":3,\"name\":\"Mable and the Wood\"}]},{\"@type\":\"WebSite\",\"@id\":\"https:\\\/\\\/begamer.cz\\\/sk\\\/#website\",\"url\":\"https:\\\/\\\/begamer.cz\\\/sk\\\/\",\"name\":\"BeGamer.cz\",\"description\":\"\",\"publisher\":{\"@id\":\"https:\\\/\\\/begamer.cz\\\/sk\\\/#organization\"},\"potentialAction\":[{\"@type\":\"SearchAction\",\"target\":{\"@type\":\"EntryPoint\",\"urlTemplate\":\"https:\\\/\\\/begamer.cz\\\/sk\\\/?s={search_term_string}\"},\"query-input\":{\"@type\":\"PropertyValueSpecification\",\"valueRequired\":true,\"valueName\":\"search_term_string\"}}],\"inLanguage\":\"sk-SK\"},{\"@type\":\"Organization\",\"@id\":\"https:\\\/\\\/begamer.cz\\\/sk\\\/#organization\",\"name\":\"BeGamer.cz\",\"url\":\"https:\\\/\\\/begamer.cz\\\/sk\\\/\",\"logo\":{\"@type\":\"ImageObject\",\"inLanguage\":\"sk-SK\",\"@id\":\"https:\\\/\\\/begamer.cz\\\/sk\\\/#\\\/schema\\\/logo\\\/image\\\/\",\"url\":\"https:\\\/\\\/begamer.cz\\\/wp-content\\\/uploads\\\/2025\\\/07\\\/logo.svg\",\"contentUrl\":\"https:\\\/\\\/begamer.cz\\\/wp-content\\\/uploads\\\/2025\\\/07\\\/logo.svg\",\"caption\":\"BeGamer.cz\"},\"image\":{\"@id\":\"https:\\\/\\\/begamer.cz\\\/sk\\\/#\\\/schema\\\/logo\\\/image\\\/\"}}]}<\/script>\n<!-- \/ Yoast SEO plugin. -->","yoast_head_json":{"title":"Mable and the Wood | BeGamer.cz","robots":{"index":"index","follow":"follow","max-snippet":"max-snippet:-1","max-image-preview":"max-image-preview:large","max-video-preview":"max-video-preview:-1"},"canonical":"https:\/\/begamer.cz\/sk\/produkt\/mable-and-the-wood-sk\/","og_locale":"sk_SK","og_type":"article","og_title":"Mable and the Wood | BeGamer.cz","og_description":"Lovte obrovsk\u00e9 be\u0161tie a po ich zni\u010den\u00ed sa preme\u0148te na ich podoby, aby ste mohli vyu\u017ei\u0165 ich sily na z\u00e1chranu alebo zni\u010denie sveta. Hr\u00e1\u010di s menej n\u00e1siln\u00fdmi \u00famyslami m\u00f4\u017eu n\u00e1js\u0165 tajn\u00e9 cesty, ako dokon\u010di\u0165 Mable bez zab\u00edjania \u010dohoko\u013evek, vr\u00e1tane bossov.","og_url":"https:\/\/begamer.cz\/sk\/produkt\/mable-and-the-wood-sk\/","og_site_name":"BeGamer.cz","article_modified_time":"2026-03-18T04:37:51+00:00","og_image":[{"width":300,"height":400,"url":"https:\/\/begamer.cz\/wp-content\/uploads\/2026\/01\/mable-and-the-wood-11.webp","type":"image\/webp"}],"twitter_card":"summary_large_image","twitter_misc":{"Predpokladan\u00fd \u010das \u010d\u00edtania":"3 min\u00faty"},"schema":{"@context":"https:\/\/schema.org","@graph":[{"@type":"WebPage","@id":"https:\/\/begamer.cz\/sk\/produkt\/mable-and-the-wood-sk\/","url":"https:\/\/begamer.cz\/sk\/produkt\/mable-and-the-wood-sk\/","name":"Mable and the Wood | BeGamer.cz","isPartOf":{"@id":"https:\/\/begamer.cz\/sk\/#website"},"primaryImageOfPage":{"@id":"https:\/\/begamer.cz\/sk\/produkt\/mable-and-the-wood-sk\/#primaryimage"},"image":{"@id":"https:\/\/begamer.cz\/sk\/produkt\/mable-and-the-wood-sk\/#primaryimage"},"thumbnailUrl":"https:\/\/begamer.cz\/wp-content\/uploads\/2026\/01\/mable-and-the-wood-11.webp","datePublished":"2026-01-30T15:36:03+00:00","dateModified":"2026-03-18T04:37:51+00:00","breadcrumb":{"@id":"https:\/\/begamer.cz\/sk\/produkt\/mable-and-the-wood-sk\/#breadcrumb"},"inLanguage":"sk-SK","potentialAction":[{"@type":"ReadAction","target":["https:\/\/begamer.cz\/sk\/produkt\/mable-and-the-wood-sk\/"]}]},{"@type":"ImageObject","inLanguage":"sk-SK","@id":"https:\/\/begamer.cz\/sk\/produkt\/mable-and-the-wood-sk\/#primaryimage","url":"https:\/\/begamer.cz\/wp-content\/uploads\/2026\/01\/mable-and-the-wood-11.webp","contentUrl":"https:\/\/begamer.cz\/wp-content\/uploads\/2026\/01\/mable-and-the-wood-11.webp","width":300,"height":400},{"@type":"BreadcrumbList","@id":"https:\/\/begamer.cz\/sk\/produkt\/mable-and-the-wood-sk\/#breadcrumb","itemListElement":[{"@type":"ListItem","position":1,"name":"Domov","item":"https:\/\/begamer.cz\/sk\/"},{"@type":"ListItem","position":2,"name":"Obchod","item":"https:\/\/begamer.cz\/obchod\/"},{"@type":"ListItem","position":3,"name":"Mable and the Wood"}]},{"@type":"WebSite","@id":"https:\/\/begamer.cz\/sk\/#website","url":"https:\/\/begamer.cz\/sk\/","name":"BeGamer.cz","description":"","publisher":{"@id":"https:\/\/begamer.cz\/sk\/#organization"},"potentialAction":[{"@type":"SearchAction","target":{"@type":"EntryPoint","urlTemplate":"https:\/\/begamer.cz\/sk\/?s={search_term_string}"},"query-input":{"@type":"PropertyValueSpecification","valueRequired":true,"valueName":"search_term_string"}}],"inLanguage":"sk-SK"},{"@type":"Organization","@id":"https:\/\/begamer.cz\/sk\/#organization","name":"BeGamer.cz","url":"https:\/\/begamer.cz\/sk\/","logo":{"@type":"ImageObject","inLanguage":"sk-SK","@id":"https:\/\/begamer.cz\/sk\/#\/schema\/logo\/image\/","url":"https:\/\/begamer.cz\/wp-content\/uploads\/2025\/07\/logo.svg","contentUrl":"https:\/\/begamer.cz\/wp-content\/uploads\/2025\/07\/logo.svg","caption":"BeGamer.cz"},"image":{"@id":"https:\/\/begamer.cz\/sk\/#\/schema\/logo\/image\/"}}]}},"acf":[],"_links":{"self":[{"href":"https:\/\/begamer.cz\/sk\/wp-json\/wp\/v2\/product\/96332","targetHints":{"allow":["GET"]}}],"collection":[{"href":"https:\/\/begamer.cz\/sk\/wp-json\/wp\/v2\/product"}],"about":[{"href":"https:\/\/begamer.cz\/sk\/wp-json\/wp\/v2\/types\/product"}],"replies":[{"embeddable":true,"href":"https:\/\/begamer.cz\/sk\/wp-json\/wp\/v2\/comments?post=96332"}],"wp:featuredmedia":[{"embeddable":true,"href":"https:\/\/begamer.cz\/sk\/wp-json\/wp\/v2\/media\/20074"}],"wp:attachment":[{"href":"https:\/\/begamer.cz\/sk\/wp-json\/wp\/v2\/media?parent=96332"}],"wp:term":[{"taxonomy":"product_brand","embeddable":true,"href":"https:\/\/begamer.cz\/sk\/wp-json\/wp\/v2\/product_brand?post=96332"},{"taxonomy":"product_cat","embeddable":true,"href":"https:\/\/begamer.cz\/sk\/wp-json\/wp\/v2\/product_cat?post=96332"},{"taxonomy":"product_tag","embeddable":true,"href":"https:\/\/begamer.cz\/sk\/wp-json\/wp\/v2\/product_tag?post=96332"}],"curies":[{"name":"wp","href":"https:\/\/api.w.org\/{rel}","templated":true}]}}