{"id":96329,"date":"2026-01-30T16:36:00","date_gmt":"2026-01-30T15:36:00","guid":{"rendered":"https:\/\/begamer.cz\/produkt\/rez-plz-sk\/"},"modified":"2026-03-18T05:37:33","modified_gmt":"2026-03-18T04:37:33","slug":"rez-plz-sk","status":"publish","type":"product","link":"https:\/\/begamer.cz\/sk\/produkt\/rez-plz-sk\/","title":{"rendered":"Rez Plz"},"content":{"rendered":"<p><span class=\"bb_img_ctn\"><video class=\"bb_img\" autoplay muted loop playsinline poster=\"https:\/\/shared.akamai.steamstatic.com\/store_item_assets\/steam\/apps\/911680\/extras\/962b90d747dae6731fce4f0cd8a6b381.poster.avif?t=1628613404\" width=600 height=300 ><source src=\"https:\/\/shared.akamai.steamstatic.com\/store_item_assets\/steam\/apps\/911680\/extras\/962b90d747dae6731fce4f0cd8a6b381.webm?t=1628613404\" type=\"video\/webm; codecs=vp9\"><source src=\"https:\/\/shared.akamai.steamstatic.com\/store_item_assets\/steam\/apps\/911680\/extras\/962b90d747dae6731fce4f0cd8a6b381.mp4?t=1628613404\" type=\"video\/mp4\"><\/video><\/span><\/p>\n<h2 class=\"bb_tag\" >\u013dudsk\u00e9 obete, ve\u013emi slab\u00e1 m\u00e1gia a ove\u013ea viac!<\/h2>\n<p>Pridajte sa k u\u010d\u0148om \u010darodejn\u00edkom Arcanovi a Zephovi, ktor\u00ed bojuj\u00fa proti sil\u00e1m Dark Arcanum, vyzbrojen\u00ed len zvitkom Resurrection Scroll, n\u00e1strojom, ktor\u00fd m\u00f4\u017eu pou\u017ei\u0165 na o\u017eivenie jeden druh\u00e9ho. Pri prekon\u00e1van\u00ed plo\u0161inov\u00fdch v\u00fdziev a rie\u0161en\u00ed h\u00e1daniek naraz\u00edte na nebezpe\u010dn\u00e9 mon\u0161tr\u00e1 a pasce, ktor\u00e9 vy\u017eaduj\u00fa, aby ste zabili jedn\u00e9ho z bratov, aby ste mohli post\u00fapi\u0165 \u010falej. V\u010faka magick\u00e9mu zvitku v\u0161ak m\u00f4\u017eete bratov o\u017eivi\u0165 z mno\u017estva smrtiacich \u00faderov, od rozrezania na polovicu, zo\u017erania pr\u00ed\u0161erami, up\u00e1lenia za\u017eiva a \u010fal\u0161\u00edch. Ako budete postupova\u0165 v hre, odomknete nov\u00e9 k\u00fazla, ktor\u00e9 v\u00e1m poskytn\u00fa schopnosti na prekonanie \u010doraz n\u00e1ro\u010dnej\u0161\u00edch v\u00fdziev.<\/p>\n<p><span class=\"bb_img_ctn\"><video class=\"bb_img\" autoplay muted loop playsinline poster=\"https:\/\/shared.akamai.steamstatic.com\/store_item_assets\/steam\/apps\/911680\/extras\/80c710e894086ec350d8f56bf5fa6bcf.poster.avif?t=1628613404\" width=674 height=356 ><source src=\"https:\/\/shared.akamai.steamstatic.com\/store_item_assets\/steam\/apps\/911680\/extras\/80c710e894086ec350d8f56bf5fa6bcf.webm?t=1628613404\" type=\"video\/webm; codecs=vp9\"><source src=\"https:\/\/shared.akamai.steamstatic.com\/store_item_assets\/steam\/apps\/911680\/extras\/80c710e894086ec350d8f56bf5fa6bcf.mp4?t=1628613404\" type=\"video\/mp4\"><\/video><\/span><\/p>\n<p>Ako budete postupova\u0165, odomknete nov\u00e9 k\u00fazla, ktor\u00e9 v\u00e1m poskytn\u00fa r\u00f4zne schopnosti na prekonanie \u010doraz n\u00e1ro\u010dnej\u0161\u00edch v\u00fdziev. Bu\u010fte opatrn\u00ed, preto\u017ee t\u00edto bratia nie s\u00fa v m\u00e1gii ve\u013emi dobr\u00ed a jedno zl\u00e9 k\u00fazlo m\u00f4\u017ee znamena\u0165 smr\u0165!<\/p>\n<h2 class=\"bb_tag\" ><strong>FUNKCIE<\/strong><\/h2>\n<p><\/p>\n<ul class=\"bb_ul\">\n<li>\n<h2 class=\"bb_tag\" >Kooperat\u00edvna hra<\/h2>\n<p>REZ PLZ prin\u00e1\u0161a jedine\u010dn\u00fd poh\u013ead na tradi\u010dn\u00fd koncept kooperat\u00edvnej hry. Namiesto toho, aby ste sa sna\u017eili udr\u017ea\u0165 ka\u017ed\u00e9ho hr\u00e1\u010da na\u017eive v ka\u017edej \u00farovni, mus\u00edte sa strategicky zab\u00edja\u0165, aby ste vyrie\u0161ili h\u00e1danky a porazili nepriate\u013eov. Pou\u017eite zvitok vzkriesenia, aby ste o\u017eivili Arcana a Zepha.<\/li>\n<li>\n<h2 class=\"bb_tag\" >Smr\u0165 na ka\u017edom rohu<\/h2>\n<p> Smr\u0165 je v REZ PLZ v\u0161adepr\u00edtomn\u00e1 a m\u00f4\u017ee pr\u00eds\u0165 v podobe mno\u017estva smrtiacich \u00faderov, od rozrezania na polovicu, zo\u017erania pr\u00ed\u0161erami, up\u00e1lenia za\u017eiva a \u010fal\u0161\u00edch.<\/li>\n<li>\n<h2 class=\"bb_tag\" >Odomknite magick\u00e9 k\u00fazla<\/h2>\n<p> Odomknite nov\u00e9 k\u00fazla, aby ste zdolali \u010doraz \u0165a\u017e\u0161ie v\u00fdzvy, ktor\u00e9 v\u00e1s \u010dakaj\u00fa, ale bu\u010fte opatrn\u00ed, preto\u017ee t\u00edto bratia nie s\u00fa v m\u00e1gii ve\u013emi dobr\u00ed a jedno zl\u00e9 k\u00fazlo m\u00f4\u017ee znamena\u0165 smr\u0165!<\/li>\n<li>\n<h2 class=\"bb_tag\" >Odomknute\u013en\u00e9<\/h2>\n<p> Presk\u00famajte a n\u00e1jdite mno\u017estvo odomykate\u013en\u00fdch kozmetick\u00fdch predmetov a odomykate\u013en\u00fdch n\u00e1ro\u010dn\u00fdch \u00farovn\u00ed, aby ste si prisp\u00f4sobili hru. Vyz\u00fdvajte sa e\u0161te viac s bonusov\u00fdmi re\u017eimami, ako je PVP beh.<\/li>\n<li>\n<h2 class=\"bb_tag\" >Pr\u00edbeh<\/h2>\n<p> REZ PLZ rozpr\u00e1va pr\u00edbeh Arcana a Zepha, dvoch mlad\u00fdch \u010darodejn\u00edckych u\u010d\u0148ov. Ke\u010f ich \u0161kolu ovl\u00e1dnu zl\u00e9 sily, dvojica mus\u00ed spolupracova\u0165, aby porazila zl\u00fdch \u010darodejn\u00edkov z Dark Arcanum. Probl\u00e9m je, \u017ee obaja s\u00fa v m\u00e1gii stra\u0161n\u00ed. Hoci sa Arcan a Zeph postupne u\u010dia k\u00fazla, ich pokrok je pomal\u00fd. Ke\u010f zomr\u00fa, zvitok vzkriesenia ich priv\u00e1dza sp\u00e4\u0165 k \u017eivotu.<\/li>\n<\/ul>\n<p><span class=\"bb_img_ctn\"><video class=\"bb_img\" autoplay muted loop playsinline poster=\"https:\/\/shared.akamai.steamstatic.com\/store_item_assets\/steam\/apps\/911680\/extras\/a418b6be384008df32a8b4be515f6442.poster.avif?t=1628613404\" width=600 height=200 ><source src=\"https:\/\/shared.akamai.steamstatic.com\/store_item_assets\/steam\/apps\/911680\/extras\/a418b6be384008df32a8b4be515f6442.webm?t=1628613404\" type=\"video\/webm; codecs=vp9\"><source src=\"https:\/\/shared.akamai.steamstatic.com\/store_item_assets\/steam\/apps\/911680\/extras\/a418b6be384008df32a8b4be515f6442.mp4?t=1628613404\" type=\"video\/mp4\"><\/video><\/span><\/p>\n","protected":false},"excerpt":{"rendered":"<p>Logick\u00e1 plo\u0161inovka s nov\u00fdm pr\u00edstupom k kooperat\u00edvnej a singleplayerovej hre. Rie\u0161te h\u00e1danky, prekon\u00e1vajte plo\u0161inov\u00e9 v\u00fdzvy a stret\u00e1vajte sa s nebezpe\u010dn\u00fdmi mon\u0161trami a pascami, ktor\u00e9 v\u00e1s n\u00fatia zab\u00edja\u0165 a o\u017eivova\u0165 svojho brata, aby ste mohli post\u00fapi\u0165 \u010falej! Smr\u0165 je len s\u00fa\u010das\u0165ou dobrodru\u017estva.<\/p>\n","protected":false},"featured_media":20035,"comment_status":"open","ping_status":"closed","template":"","meta":{"_acf_changed":false},"product_brand":[],"product_cat":[270,290,294,268,266,312],"product_tag":[],"class_list":{"0":"post-96329","1":"product","2":"type-product","3":"status-publish","4":"has-post-thumbnail","6":"product_cat-adventury-pc-hry-sk","7":"product_cat-indie-hry-pc-sk","8":"product_cat-logicke-pc-hry-sk","9":"product_cat-pc-sk","10":"product_cat-pc-hry-sk","11":"product_cat-steam-pc-sk","12":"pa_countries-ad","13":"pa_countries-ae","14":"pa_countries-af","15":"pa_countries-ag","16":"pa_countries-ai","17":"pa_countries-al","18":"pa_countries-am","19":"pa_countries-ao","20":"pa_countries-aq","21":"pa_countries-ar","22":"pa_countries-as","23":"pa_countries-at","24":"pa_countries-au","25":"pa_countries-aw","26":"pa_countries-ax","27":"pa_countries-az","28":"pa_countries-ba","29":"pa_countries-bb","30":"pa_countries-bd","31":"pa_countries-be","32":"pa_countries-bf","33":"pa_countries-bg","34":"pa_countries-bh","35":"pa_countries-bi","36":"pa_countries-bj","37":"pa_countries-bl","38":"pa_countries-bm","39":"pa_countries-bn","40":"pa_countries-bo","41":"pa_countries-bq","42":"pa_countries-br","43":"pa_countries-bs","44":"pa_countries-bt","45":"pa_countries-bv","46":"pa_countries-bw","47":"pa_countries-bz","48":"pa_countries-ca","49":"pa_countries-cc","50":"pa_countries-cd","51":"pa_countries-cf","52":"pa_countries-cg","53":"pa_countries-ch","54":"pa_countries-ci","55":"pa_countries-ck","56":"pa_countries-cl","57":"pa_countries-cm","58":"pa_countries-cn","59":"pa_countries-co","60":"pa_countries-cr","61":"pa_countries-cu","62":"pa_countries-cv","63":"pa_countries-cw","64":"pa_countries-cx","65":"pa_countries-cy","66":"pa_countries-cz","67":"pa_countries-de","68":"pa_countries-dj","69":"pa_countries-dk","70":"pa_countries-dm","71":"pa_countries-do","72":"pa_countries-dz","73":"pa_countries-ec","74":"pa_countries-ee","75":"pa_countries-eg","76":"pa_countries-eh","77":"pa_countries-er","78":"pa_countries-es","79":"pa_countries-et","80":"pa_countries-fi","81":"pa_countries-fj","82":"pa_countries-fk","83":"pa_countries-fm","84":"pa_countries-fo","85":"pa_countries-fr","86":"pa_countries-ga","87":"pa_countries-gb","88":"pa_countries-gd","89":"pa_countries-ge","90":"pa_countries-gf","91":"pa_countries-gg","92":"pa_countries-gh","93":"pa_countries-gi","94":"pa_countries-gl","95":"pa_countries-gm","96":"pa_countries-gn","97":"pa_countries-gp","98":"pa_countries-gq","99":"pa_countries-gr","100":"pa_countries-gs","101":"pa_countries-gt","102":"pa_countries-gu","103":"pa_countries-gw","104":"pa_countries-gy","105":"pa_countries-hk","106":"pa_countries-hm","107":"pa_countries-hn","108":"pa_countries-hr","109":"pa_countries-ht","110":"pa_countries-hu","111":"pa_countries-id","112":"pa_countries-ie","113":"pa_countries-il","114":"pa_countries-im","115":"pa_countries-in","116":"pa_countries-io","117":"pa_countries-iq","118":"pa_countries-ir","119":"pa_countries-is","120":"pa_countries-it","121":"pa_countries-je","122":"pa_countries-jm","123":"pa_countries-jo","124":"pa_countries-jp","125":"pa_countries-ke","126":"pa_countries-kg","127":"pa_countries-kh","128":"pa_countries-ki","129":"pa_countries-km","130":"pa_countries-kn","131":"pa_countries-kp","132":"pa_countries-kr","133":"pa_countries-kw","134":"pa_countries-ky","135":"pa_countries-kz","136":"pa_countries-la","137":"pa_countries-lb","138":"pa_countries-lc","139":"pa_countries-li","140":"pa_countries-lk","141":"pa_countries-lr","142":"pa_countries-ls","143":"pa_countries-lt","144":"pa_countries-lu","145":"pa_countries-lv","146":"pa_countries-ly","147":"pa_countries-ma","148":"pa_countries-mc","149":"pa_countries-md","150":"pa_countries-me","151":"pa_countries-mf","152":"pa_countries-mg","153":"pa_countries-mh","154":"pa_countries-mk","155":"pa_countries-ml","156":"pa_countries-mm","157":"pa_countries-mn","158":"pa_countries-mo","159":"pa_countries-mp","160":"pa_countries-mq","161":"pa_countries-mr","162":"pa_countries-ms","163":"pa_countries-mt","164":"pa_countries-mu","165":"pa_countries-mv","166":"pa_countries-mw","167":"pa_countries-mx","168":"pa_countries-my","169":"pa_countries-mz","170":"pa_countries-na","171":"pa_countries-nc","172":"pa_countries-ne","173":"pa_countries-nf","174":"pa_countries-ng","175":"pa_countries-ni","176":"pa_countries-nl","177":"pa_countries-no","178":"pa_countries-np","179":"pa_countries-nr","180":"pa_countries-nu","181":"pa_countries-nz","182":"pa_countries-om","183":"pa_countries-pa","184":"pa_countries-pe","185":"pa_countries-pf","186":"pa_countries-pg","187":"pa_countries-ph","188":"pa_countries-pk","189":"pa_countries-pl","190":"pa_countries-pm","191":"pa_countries-pn","192":"pa_countries-pr","193":"pa_countries-ps","194":"pa_countries-pt","195":"pa_countries-pw","196":"pa_countries-py","197":"pa_countries-qa","198":"pa_countries-re","199":"pa_countries-ro","200":"pa_countries-rs","201":"pa_countries-rw","202":"pa_countries-sa","203":"pa_countries-sb","204":"pa_countries-sc","205":"pa_countries-sd","206":"pa_countries-se","207":"pa_countries-sg","208":"pa_countries-sh","209":"pa_countries-si","210":"pa_countries-sj","211":"pa_countries-sk","212":"pa_countries-sl","213":"pa_countries-sm","214":"pa_countries-sn","215":"pa_countries-so","216":"pa_countries-sr","217":"pa_countries-ss","219":"pa_countries-st","220":"pa_countries-sv","221":"pa_countries-sx","222":"pa_countries-sy","223":"pa_countries-sz","224":"pa_countries-tc","225":"pa_countries-td","226":"pa_countries-tf","227":"pa_countries-tg","228":"pa_countries-th","229":"pa_countries-tj","230":"pa_countries-tk","231":"pa_countries-tl","232":"pa_countries-tm","233":"pa_countries-tn","234":"pa_countries-to","235":"pa_countries-tr","236":"pa_countries-tt","237":"pa_countries-tv","238":"pa_countries-tw","239":"pa_countries-tz","240":"pa_countries-ua","241":"pa_countries-ug","242":"pa_countries-um","243":"pa_countries-us","244":"pa_countries-uy","245":"pa_countries-uz","246":"pa_countries-va","247":"pa_countries-vc","248":"pa_countries-ve","249":"pa_countries-vg","250":"pa_countries-vi","251":"pa_countries-vn","252":"pa_countries-vu","253":"pa_countries-wf","254":"pa_countries-ws","255":"pa_countries-xk","256":"pa_countries-ye","257":"pa_countries-yt","258":"pa_countries-za","259":"pa_countries-zm","260":"pa_countries-zw","261":"pa_developer-long-neck-games-2","262":"pa_developer-long-neck-games","263":"pa_game_type-main_game","265":"pa_genres-adventure","266":"pa_genres-indie","267":"pa_genres-platform","269":"pa_genres-puzzle","270":"pa_interface-de-de","271":"pa_interface-en-us","272":"pa_interface-es-es","273":"pa_interface-fr-fr","274":"pa_interface-pt-pt","276":"pa_interface-ru-ru","277":"pa_interface-zh-cn","278":"pa_keywords-available-on-blacknut","279":"pa_keywords-pixel-graphics","280":"pa_modes-co-operative","281":"pa_modes-multiplayer","283":"pa_modes-single-player","284":"pa_pegi-956","285":"pa_pegi-13432","286":"pa_platform-pc-steam","288":"pa_player_perspectives-side-view","290":"pa_publisher-graffiti-games","292":"pa_rating-14476","293":"pa_rating-1093","294":"pa_region-global","296":"pa_themes-action","297":"pa_themes-fantasy","300":"first","301":"instock","302":"virtual","303":"taxable","304":"purchasable","305":"product-type-simple"},"yoast_head":"<!-- This site is optimized with the Yoast SEO plugin v27.3 - https:\/\/yoast.com\/product\/yoast-seo-wordpress\/ -->\n<title>Rez Plz | BeGamer.cz<\/title>\n<meta name=\"robots\" content=\"index, follow, max-snippet:-1, max-image-preview:large, max-video-preview:-1\" \/>\n<link rel=\"canonical\" href=\"https:\/\/begamer.cz\/sk\/produkt\/rez-plz-sk\/\" \/>\n<meta property=\"og:locale\" content=\"sk_SK\" \/>\n<meta property=\"og:type\" content=\"article\" \/>\n<meta property=\"og:title\" content=\"Rez Plz | BeGamer.cz\" \/>\n<meta property=\"og:description\" content=\"Logick\u00e1 plo\u0161inovka s nov\u00fdm pr\u00edstupom k kooperat\u00edvnej a singleplayerovej hre. Rie\u0161te h\u00e1danky, prekon\u00e1vajte plo\u0161inov\u00e9 v\u00fdzvy a stret\u00e1vajte sa s nebezpe\u010dn\u00fdmi mon\u0161trami a pascami, ktor\u00e9 v\u00e1s n\u00fatia zab\u00edja\u0165 a o\u017eivova\u0165 svojho brata, aby ste mohli post\u00fapi\u0165 \u010falej! Smr\u0165 je len s\u00fa\u010das\u0165ou dobrodru\u017estva.\" \/>\n<meta property=\"og:url\" content=\"https:\/\/begamer.cz\/sk\/produkt\/rez-plz-sk\/\" \/>\n<meta property=\"og:site_name\" content=\"BeGamer.cz\" \/>\n<meta property=\"article:modified_time\" content=\"2026-03-18T04:37:33+00:00\" \/>\n<meta property=\"og:image\" content=\"https:\/\/begamer.cz\/wp-content\/uploads\/2026\/01\/rez-plz-6.webp\" \/>\n\t<meta property=\"og:image:width\" content=\"300\" \/>\n\t<meta property=\"og:image:height\" content=\"400\" \/>\n\t<meta property=\"og:image:type\" content=\"image\/webp\" \/>\n<meta name=\"twitter:card\" content=\"summary_large_image\" \/>\n<meta name=\"twitter:label1\" content=\"Predpokladan\u00fd \u010das \u010d\u00edtania\" \/>\n\t<meta name=\"twitter:data1\" content=\"2 min\u00faty\" \/>\n<script type=\"application\/ld+json\" class=\"yoast-schema-graph\">{\"@context\":\"https:\\\/\\\/schema.org\",\"@graph\":[{\"@type\":\"WebPage\",\"@id\":\"https:\\\/\\\/begamer.cz\\\/sk\\\/produkt\\\/rez-plz-sk\\\/\",\"url\":\"https:\\\/\\\/begamer.cz\\\/sk\\\/produkt\\\/rez-plz-sk\\\/\",\"name\":\"Rez Plz | BeGamer.cz\",\"isPartOf\":{\"@id\":\"https:\\\/\\\/begamer.cz\\\/sk\\\/#website\"},\"primaryImageOfPage\":{\"@id\":\"https:\\\/\\\/begamer.cz\\\/sk\\\/produkt\\\/rez-plz-sk\\\/#primaryimage\"},\"image\":{\"@id\":\"https:\\\/\\\/begamer.cz\\\/sk\\\/produkt\\\/rez-plz-sk\\\/#primaryimage\"},\"thumbnailUrl\":\"https:\\\/\\\/begamer.cz\\\/wp-content\\\/uploads\\\/2026\\\/01\\\/rez-plz-6.webp\",\"datePublished\":\"2026-01-30T15:36:00+00:00\",\"dateModified\":\"2026-03-18T04:37:33+00:00\",\"breadcrumb\":{\"@id\":\"https:\\\/\\\/begamer.cz\\\/sk\\\/produkt\\\/rez-plz-sk\\\/#breadcrumb\"},\"inLanguage\":\"sk-SK\",\"potentialAction\":[{\"@type\":\"ReadAction\",\"target\":[\"https:\\\/\\\/begamer.cz\\\/sk\\\/produkt\\\/rez-plz-sk\\\/\"]}]},{\"@type\":\"ImageObject\",\"inLanguage\":\"sk-SK\",\"@id\":\"https:\\\/\\\/begamer.cz\\\/sk\\\/produkt\\\/rez-plz-sk\\\/#primaryimage\",\"url\":\"https:\\\/\\\/begamer.cz\\\/wp-content\\\/uploads\\\/2026\\\/01\\\/rez-plz-6.webp\",\"contentUrl\":\"https:\\\/\\\/begamer.cz\\\/wp-content\\\/uploads\\\/2026\\\/01\\\/rez-plz-6.webp\",\"width\":300,\"height\":400},{\"@type\":\"BreadcrumbList\",\"@id\":\"https:\\\/\\\/begamer.cz\\\/sk\\\/produkt\\\/rez-plz-sk\\\/#breadcrumb\",\"itemListElement\":[{\"@type\":\"ListItem\",\"position\":1,\"name\":\"Domov\",\"item\":\"https:\\\/\\\/begamer.cz\\\/sk\\\/\"},{\"@type\":\"ListItem\",\"position\":2,\"name\":\"Obchod\",\"item\":\"https:\\\/\\\/begamer.cz\\\/obchod\\\/\"},{\"@type\":\"ListItem\",\"position\":3,\"name\":\"Rez Plz\"}]},{\"@type\":\"WebSite\",\"@id\":\"https:\\\/\\\/begamer.cz\\\/sk\\\/#website\",\"url\":\"https:\\\/\\\/begamer.cz\\\/sk\\\/\",\"name\":\"BeGamer.cz\",\"description\":\"\",\"publisher\":{\"@id\":\"https:\\\/\\\/begamer.cz\\\/sk\\\/#organization\"},\"potentialAction\":[{\"@type\":\"SearchAction\",\"target\":{\"@type\":\"EntryPoint\",\"urlTemplate\":\"https:\\\/\\\/begamer.cz\\\/sk\\\/?s={search_term_string}\"},\"query-input\":{\"@type\":\"PropertyValueSpecification\",\"valueRequired\":true,\"valueName\":\"search_term_string\"}}],\"inLanguage\":\"sk-SK\"},{\"@type\":\"Organization\",\"@id\":\"https:\\\/\\\/begamer.cz\\\/sk\\\/#organization\",\"name\":\"BeGamer.cz\",\"url\":\"https:\\\/\\\/begamer.cz\\\/sk\\\/\",\"logo\":{\"@type\":\"ImageObject\",\"inLanguage\":\"sk-SK\",\"@id\":\"https:\\\/\\\/begamer.cz\\\/sk\\\/#\\\/schema\\\/logo\\\/image\\\/\",\"url\":\"https:\\\/\\\/begamer.cz\\\/wp-content\\\/uploads\\\/2025\\\/07\\\/logo.svg\",\"contentUrl\":\"https:\\\/\\\/begamer.cz\\\/wp-content\\\/uploads\\\/2025\\\/07\\\/logo.svg\",\"caption\":\"BeGamer.cz\"},\"image\":{\"@id\":\"https:\\\/\\\/begamer.cz\\\/sk\\\/#\\\/schema\\\/logo\\\/image\\\/\"}}]}<\/script>\n<!-- \/ Yoast SEO plugin. -->","yoast_head_json":{"title":"Rez Plz | BeGamer.cz","robots":{"index":"index","follow":"follow","max-snippet":"max-snippet:-1","max-image-preview":"max-image-preview:large","max-video-preview":"max-video-preview:-1"},"canonical":"https:\/\/begamer.cz\/sk\/produkt\/rez-plz-sk\/","og_locale":"sk_SK","og_type":"article","og_title":"Rez Plz | BeGamer.cz","og_description":"Logick\u00e1 plo\u0161inovka s nov\u00fdm pr\u00edstupom k kooperat\u00edvnej a singleplayerovej hre. Rie\u0161te h\u00e1danky, prekon\u00e1vajte plo\u0161inov\u00e9 v\u00fdzvy a stret\u00e1vajte sa s nebezpe\u010dn\u00fdmi mon\u0161trami a pascami, ktor\u00e9 v\u00e1s n\u00fatia zab\u00edja\u0165 a o\u017eivova\u0165 svojho brata, aby ste mohli post\u00fapi\u0165 \u010falej! Smr\u0165 je len s\u00fa\u010das\u0165ou dobrodru\u017estva.","og_url":"https:\/\/begamer.cz\/sk\/produkt\/rez-plz-sk\/","og_site_name":"BeGamer.cz","article_modified_time":"2026-03-18T04:37:33+00:00","og_image":[{"width":300,"height":400,"url":"https:\/\/begamer.cz\/wp-content\/uploads\/2026\/01\/rez-plz-6.webp","type":"image\/webp"}],"twitter_card":"summary_large_image","twitter_misc":{"Predpokladan\u00fd \u010das \u010d\u00edtania":"2 min\u00faty"},"schema":{"@context":"https:\/\/schema.org","@graph":[{"@type":"WebPage","@id":"https:\/\/begamer.cz\/sk\/produkt\/rez-plz-sk\/","url":"https:\/\/begamer.cz\/sk\/produkt\/rez-plz-sk\/","name":"Rez Plz | BeGamer.cz","isPartOf":{"@id":"https:\/\/begamer.cz\/sk\/#website"},"primaryImageOfPage":{"@id":"https:\/\/begamer.cz\/sk\/produkt\/rez-plz-sk\/#primaryimage"},"image":{"@id":"https:\/\/begamer.cz\/sk\/produkt\/rez-plz-sk\/#primaryimage"},"thumbnailUrl":"https:\/\/begamer.cz\/wp-content\/uploads\/2026\/01\/rez-plz-6.webp","datePublished":"2026-01-30T15:36:00+00:00","dateModified":"2026-03-18T04:37:33+00:00","breadcrumb":{"@id":"https:\/\/begamer.cz\/sk\/produkt\/rez-plz-sk\/#breadcrumb"},"inLanguage":"sk-SK","potentialAction":[{"@type":"ReadAction","target":["https:\/\/begamer.cz\/sk\/produkt\/rez-plz-sk\/"]}]},{"@type":"ImageObject","inLanguage":"sk-SK","@id":"https:\/\/begamer.cz\/sk\/produkt\/rez-plz-sk\/#primaryimage","url":"https:\/\/begamer.cz\/wp-content\/uploads\/2026\/01\/rez-plz-6.webp","contentUrl":"https:\/\/begamer.cz\/wp-content\/uploads\/2026\/01\/rez-plz-6.webp","width":300,"height":400},{"@type":"BreadcrumbList","@id":"https:\/\/begamer.cz\/sk\/produkt\/rez-plz-sk\/#breadcrumb","itemListElement":[{"@type":"ListItem","position":1,"name":"Domov","item":"https:\/\/begamer.cz\/sk\/"},{"@type":"ListItem","position":2,"name":"Obchod","item":"https:\/\/begamer.cz\/obchod\/"},{"@type":"ListItem","position":3,"name":"Rez Plz"}]},{"@type":"WebSite","@id":"https:\/\/begamer.cz\/sk\/#website","url":"https:\/\/begamer.cz\/sk\/","name":"BeGamer.cz","description":"","publisher":{"@id":"https:\/\/begamer.cz\/sk\/#organization"},"potentialAction":[{"@type":"SearchAction","target":{"@type":"EntryPoint","urlTemplate":"https:\/\/begamer.cz\/sk\/?s={search_term_string}"},"query-input":{"@type":"PropertyValueSpecification","valueRequired":true,"valueName":"search_term_string"}}],"inLanguage":"sk-SK"},{"@type":"Organization","@id":"https:\/\/begamer.cz\/sk\/#organization","name":"BeGamer.cz","url":"https:\/\/begamer.cz\/sk\/","logo":{"@type":"ImageObject","inLanguage":"sk-SK","@id":"https:\/\/begamer.cz\/sk\/#\/schema\/logo\/image\/","url":"https:\/\/begamer.cz\/wp-content\/uploads\/2025\/07\/logo.svg","contentUrl":"https:\/\/begamer.cz\/wp-content\/uploads\/2025\/07\/logo.svg","caption":"BeGamer.cz"},"image":{"@id":"https:\/\/begamer.cz\/sk\/#\/schema\/logo\/image\/"}}]}},"acf":[],"_links":{"self":[{"href":"https:\/\/begamer.cz\/sk\/wp-json\/wp\/v2\/product\/96329","targetHints":{"allow":["GET"]}}],"collection":[{"href":"https:\/\/begamer.cz\/sk\/wp-json\/wp\/v2\/product"}],"about":[{"href":"https:\/\/begamer.cz\/sk\/wp-json\/wp\/v2\/types\/product"}],"replies":[{"embeddable":true,"href":"https:\/\/begamer.cz\/sk\/wp-json\/wp\/v2\/comments?post=96329"}],"wp:featuredmedia":[{"embeddable":true,"href":"https:\/\/begamer.cz\/sk\/wp-json\/wp\/v2\/media\/20035"}],"wp:attachment":[{"href":"https:\/\/begamer.cz\/sk\/wp-json\/wp\/v2\/media?parent=96329"}],"wp:term":[{"taxonomy":"product_brand","embeddable":true,"href":"https:\/\/begamer.cz\/sk\/wp-json\/wp\/v2\/product_brand?post=96329"},{"taxonomy":"product_cat","embeddable":true,"href":"https:\/\/begamer.cz\/sk\/wp-json\/wp\/v2\/product_cat?post=96329"},{"taxonomy":"product_tag","embeddable":true,"href":"https:\/\/begamer.cz\/sk\/wp-json\/wp\/v2\/product_tag?post=96329"}],"curies":[{"name":"wp","href":"https:\/\/api.w.org\/{rel}","templated":true}]}}