{"id":96317,"date":"2026-01-30T16:35:46","date_gmt":"2026-01-30T15:35:46","guid":{"rendered":"https:\/\/begamer.cz\/produkt\/chivalry-2-kings-edition-content-sk\/"},"modified":"2026-03-18T05:36:22","modified_gmt":"2026-03-18T04:36:22","slug":"chivalry-2-kings-edition-content-sk","status":"publish","type":"product","link":"https:\/\/begamer.cz\/sk\/produkt\/chivalry-2-kings-edition-content-sk\/","title":{"rendered":"Chivalry 2 \u2013 King\u2019s Edition Content"},"content":{"rendered":"<h1>Kings Edition<\/h1>\n<p><span class=\"bb_img_ctn\"><img decoding=\"async\" class=\"bb_img\" src=\"https:\/\/shared.akamai.steamstatic.com\/store_item_assets\/steam\/apps\/2140440\/extras\/ffc00db45ab383759f96bb0642853b2a.avif?t=1664892618\" width=600 height=338 \/><\/span><\/p>\n<p><\/p>\n<h1>O hre<\/h1>\n<p><strong>Vr\u00e1\u0165te sa na stredovek\u00e9 bojisko!<\/strong><br \/>Chivalry 2 je multiplayerov\u00e1 first person slasher hra in\u0161pirovan\u00e1 epick\u00fdmi stredovek\u00fdmi filmov\u00fdmi bitkami. Hr\u00e1\u010di sa ocitn\u00fa v akcii ka\u017ed\u00e9ho ikonick\u00e9ho momentu tej doby \u2013 od zr\u00e1\u017eok me\u010dov, cez b\u00farky horiacich \u0161\u00edpov, a\u017e po rozsiahle obliehania hradov a mnoho \u010fal\u0161ieho.<\/p>\n<p>K\u00fapte si Chivalry 2 King&#x27;s Edition teraz a z\u00edskajte nasleduj\u00faci obsah:<\/p>\n<p>1. Rebel King&#x27;s Armor a War Helmet<br \/>\u2013 Oble\u010dte si legend\u00e1rnu zbroj, ktor\u00fa nosil gener\u00e1l Malric v bitke pri Stoneshill.<br \/>2. Feydrid&#x27;s Aegis Armor a War Crown<br \/>\u2013 Bojujte za sl\u00e1vu a \u010des\u0165 s kr\u00e1\u013eovsk\u00fdm setom spr\u00e1vcu kr\u00e1\u013ea Feydrida.<br \/>3. \u0160t\u00edty Duke&#x27;s Talon a<br \/>Kralle of Bridgetown \u2013 Chr\u00e1\u0148te sa \u0161t\u00edtmi Duke&#x27;s Talon (Mason Shield) a Kralle of Bridgetown (Agathian Shield).<br \/>4. Surrender Flag Novelty Item<br \/>\u2013 Pre\u017eite, aby ste mohli bojova\u0165 \u010fal\u0161\u00ed de\u0148 s t\u00fdmto nov\u00fdm predmetom, ktor\u00fd sa prid\u00e1 do v\u00e1\u0161ho invent\u00e1ra.<br \/>5. 1000 Crowns + 5000 Gold<br \/>\u2013 Z\u00edskajte 1000 Crowns (pr\u00e9miov\u00e1 mena) a 5000 Gold (z\u00edskate\u013en\u00e1 mena), ktor\u00e9 m\u00f4\u017eete pou\u017ei\u0165 na odomknutie novej zbroje, vzh\u013eadu zbran\u00ed a \u010fal\u0161\u00edch vec\u00ed!<\/p>\n","protected":false},"excerpt":{"rendered":"<p>Chivalry 2 King&#x27;s Edition obsahuje exkluz\u00edvny obsah v hre. Chivalry 2 je multiplayerov\u00e1 strie\u013ea\u010dka z poh\u013eadu prvej osoby in\u0161pirovan\u00e1 epick\u00fdmi stredovek\u00fdmi filmov\u00fdmi bitkami.<\/p>\n","protected":false},"featured_media":64417,"comment_status":"open","ping_status":"closed","template":"","meta":{"_acf_changed":false},"product_brand":[],"product_cat":[278,290,268,266,312,9082],"product_tag":[],"class_list":{"0":"post-96317","1":"product","2":"type-product","3":"status-publish","4":"has-post-thumbnail","6":"product_cat-bojove-pc-hry-sk","7":"product_cat-indie-hry-pc-sk","8":"product_cat-pc-sk","9":"product_cat-pc-hry-sk","10":"product_cat-steam-pc-sk","11":"product_cat-takticke-3","12":"pa_audio-en-us","14":"pa_countries-ad","15":"pa_countries-ae","16":"pa_countries-af","17":"pa_countries-ag","18":"pa_countries-ai","19":"pa_countries-al","20":"pa_countries-ao","21":"pa_countries-aq","22":"pa_countries-as","23":"pa_countries-at","24":"pa_countries-au","25":"pa_countries-aw","26":"pa_countries-ax","27":"pa_countries-ba","28":"pa_countries-bb","29":"pa_countries-bd","30":"pa_countries-be","31":"pa_countries-bf","32":"pa_countries-bg","33":"pa_countries-bh","34":"pa_countries-bi","35":"pa_countries-bj","36":"pa_countries-bl","37":"pa_countries-bm","38":"pa_countries-bn","39":"pa_countries-bq","40":"pa_countries-bt","41":"pa_countries-bv","42":"pa_countries-bw","43":"pa_countries-ca","44":"pa_countries-cc","45":"pa_countries-cd","46":"pa_countries-cf","47":"pa_countries-cg","48":"pa_countries-ch","49":"pa_countries-ci","50":"pa_countries-ck","51":"pa_countries-cm","52":"pa_countries-cu","53":"pa_countries-cv","54":"pa_countries-cw","55":"pa_countries-cx","56":"pa_countries-cy","57":"pa_countries-cz","58":"pa_countries-de","59":"pa_countries-dj","60":"pa_countries-dk","61":"pa_countries-dm","62":"pa_countries-do","63":"pa_countries-dz","64":"pa_countries-ee","65":"pa_countries-eg","66":"pa_countries-eh","67":"pa_countries-er","68":"pa_countries-es","69":"pa_countries-et","70":"pa_countries-fi","71":"pa_countries-fj","72":"pa_countries-fk","73":"pa_countries-fm","74":"pa_countries-fo","75":"pa_countries-fr","76":"pa_countries-ga","77":"pa_countries-gb","78":"pa_countries-gd","79":"pa_countries-gg","80":"pa_countries-gh","81":"pa_countries-gi","82":"pa_countries-gl","83":"pa_countries-gm","84":"pa_countries-gn","85":"pa_countries-gp","86":"pa_countries-gq","87":"pa_countries-gr","88":"pa_countries-gs","89":"pa_countries-gu","90":"pa_countries-gw","91":"pa_countries-hk","92":"pa_countries-hm","93":"pa_countries-hr","94":"pa_countries-ht","95":"pa_countries-hu","96":"pa_countries-id","97":"pa_countries-ie","98":"pa_countries-il","99":"pa_countries-im","100":"pa_countries-in","101":"pa_countries-io","102":"pa_countries-iq","103":"pa_countries-ir","104":"pa_countries-is","105":"pa_countries-it","106":"pa_countries-je","107":"pa_countries-jm","108":"pa_countries-jo","109":"pa_countries-jp","110":"pa_countries-ke","111":"pa_countries-kh","112":"pa_countries-ki","113":"pa_countries-km","114":"pa_countries-kn","115":"pa_countries-kp","116":"pa_countries-kr","117":"pa_countries-kw","118":"pa_countries-ky","119":"pa_countries-la","120":"pa_countries-lb","121":"pa_countries-lc","122":"pa_countries-li","123":"pa_countries-lk","124":"pa_countries-lr","125":"pa_countries-ls","126":"pa_countries-lt","127":"pa_countries-lu","128":"pa_countries-lv","129":"pa_countries-ly","130":"pa_countries-ma","131":"pa_countries-mc","132":"pa_countries-me","133":"pa_countries-mf","134":"pa_countries-mg","135":"pa_countries-mh","136":"pa_countries-mk","137":"pa_countries-ml","138":"pa_countries-mm","139":"pa_countries-mn","140":"pa_countries-mo","141":"pa_countries-mp","142":"pa_countries-mq","143":"pa_countries-mr","144":"pa_countries-ms","145":"pa_countries-mt","146":"pa_countries-mu","147":"pa_countries-mv","148":"pa_countries-mw","149":"pa_countries-mx","150":"pa_countries-my","151":"pa_countries-mz","152":"pa_countries-na","153":"pa_countries-nc","154":"pa_countries-ne","155":"pa_countries-nf","156":"pa_countries-ng","157":"pa_countries-nl","158":"pa_countries-no","159":"pa_countries-np","160":"pa_countries-nr","161":"pa_countries-nu","162":"pa_countries-nz","163":"pa_countries-om","164":"pa_countries-pf","165":"pa_countries-pg","166":"pa_countries-ph","167":"pa_countries-pk","168":"pa_countries-pl","169":"pa_countries-pm","170":"pa_countries-pn","171":"pa_countries-pr","172":"pa_countries-ps","173":"pa_countries-pt","174":"pa_countries-pw","175":"pa_countries-qa","176":"pa_countries-re","177":"pa_countries-ro","178":"pa_countries-rs","179":"pa_countries-rw","180":"pa_countries-sa","181":"pa_countries-sb","182":"pa_countries-sc","183":"pa_countries-sd","184":"pa_countries-se","185":"pa_countries-sg","186":"pa_countries-sh","187":"pa_countries-si","188":"pa_countries-sj","189":"pa_countries-sk","190":"pa_countries-sl","191":"pa_countries-sm","192":"pa_countries-sn","193":"pa_countries-so","194":"pa_countries-ss","196":"pa_countries-st","197":"pa_countries-sx","198":"pa_countries-sy","199":"pa_countries-sz","200":"pa_countries-tc","201":"pa_countries-td","202":"pa_countries-tf","203":"pa_countries-tg","204":"pa_countries-th","205":"pa_countries-tk","206":"pa_countries-tl","207":"pa_countries-tn","208":"pa_countries-to","209":"pa_countries-tt","210":"pa_countries-tv","211":"pa_countries-tw","212":"pa_countries-tz","213":"pa_countries-ug","214":"pa_countries-um","215":"pa_countries-us","216":"pa_countries-va","217":"pa_countries-vc","218":"pa_countries-vg","219":"pa_countries-vi","220":"pa_countries-vn","221":"pa_countries-vu","222":"pa_countries-wf","223":"pa_countries-ws","224":"pa_countries-xk","225":"pa_countries-ye","226":"pa_countries-yt","227":"pa_countries-za","228":"pa_countries-zm","229":"pa_countries-zw","230":"pa_developer-torn-banner-studios","232":"pa_game_type-dlc","234":"pa_genres-fighting","235":"pa_genres-hack-and-slash-beat-em-up","237":"pa_genres-indie","238":"pa_genres-tactical","239":"pa_interface-de-de","240":"pa_interface-en-us","241":"pa_interface-es-es","242":"pa_interface-fr-fr","243":"pa_interface-it-it","244":"pa_interface-ja-jp","245":"pa_interface-ko-kr","246":"pa_interface-pl-pl","247":"pa_interface-pt-br","248":"pa_interface-ru-ru","250":"pa_interface-zh-cn","251":"pa_interface-zh-tw","252":"pa_modes-multiplayer","254":"pa_pegi-13426","255":"pa_pegi-794","256":"pa_platform-pc-steam","258":"pa_player_perspectives-first-person","260":"pa_player_perspectives-third-person","261":"pa_publisher-tripwire-interactive","263":"pa_region-row","265":"pa_subtitles-de-de","267":"pa_subtitles-en-us","268":"pa_subtitles-es-es","269":"pa_subtitles-fr-fr","270":"pa_subtitles-it-it","271":"pa_subtitles-ja-jp","272":"pa_subtitles-ko-kr","273":"pa_subtitles-pl-pl","274":"pa_subtitles-pt-br","275":"pa_subtitles-ru-ru","276":"pa_subtitles-zh-cn","277":"pa_subtitles-zh-tw","278":"pa_themes-action","279":"pa_themes-historical","280":"pa_themes-warfare","283":"first","284":"instock","285":"virtual","286":"taxable","287":"purchasable","288":"product-type-simple"},"yoast_head":"<!-- This site is optimized with the Yoast SEO plugin v27.3 - https:\/\/yoast.com\/product\/yoast-seo-wordpress\/ -->\n<title>Chivalry 2 - King&#039;s Edition Content | BeGamer.cz<\/title>\n<meta name=\"robots\" content=\"index, follow, max-snippet:-1, max-image-preview:large, max-video-preview:-1\" \/>\n<link rel=\"canonical\" href=\"https:\/\/begamer.cz\/sk\/produkt\/chivalry-2-kings-edition-content-sk\/\" \/>\n<meta property=\"og:locale\" content=\"sk_SK\" \/>\n<meta property=\"og:type\" content=\"article\" \/>\n<meta property=\"og:title\" content=\"Chivalry 2 - King&#039;s Edition Content | BeGamer.cz\" \/>\n<meta property=\"og:description\" content=\"Chivalry 2 King&#x27;s Edition obsahuje exkluz\u00edvny obsah v hre. Chivalry 2 je multiplayerov\u00e1 strie\u013ea\u010dka z poh\u013eadu prvej osoby in\u0161pirovan\u00e1 epick\u00fdmi stredovek\u00fdmi filmov\u00fdmi bitkami.\" \/>\n<meta property=\"og:url\" content=\"https:\/\/begamer.cz\/sk\/produkt\/chivalry-2-kings-edition-content-sk\/\" \/>\n<meta property=\"og:site_name\" content=\"BeGamer.cz\" \/>\n<meta property=\"article:modified_time\" content=\"2026-03-18T04:36:22+00:00\" \/>\n<meta property=\"og:image\" content=\"https:\/\/begamer.cz\/wp-content\/uploads\/2026\/01\/chivalry-2-king-s-edition-content-17.webp\" \/>\n\t<meta property=\"og:image:width\" content=\"300\" \/>\n\t<meta property=\"og:image:height\" content=\"400\" \/>\n\t<meta property=\"og:image:type\" content=\"image\/webp\" \/>\n<meta name=\"twitter:card\" content=\"summary_large_image\" \/>\n<meta name=\"twitter:label1\" content=\"Predpokladan\u00fd \u010das \u010d\u00edtania\" \/>\n\t<meta name=\"twitter:data1\" content=\"1 min\u00fata\" \/>\n<script type=\"application\/ld+json\" class=\"yoast-schema-graph\">{\"@context\":\"https:\\\/\\\/schema.org\",\"@graph\":[{\"@type\":\"WebPage\",\"@id\":\"https:\\\/\\\/begamer.cz\\\/sk\\\/produkt\\\/chivalry-2-kings-edition-content-sk\\\/\",\"url\":\"https:\\\/\\\/begamer.cz\\\/sk\\\/produkt\\\/chivalry-2-kings-edition-content-sk\\\/\",\"name\":\"Chivalry 2 - King's Edition Content | BeGamer.cz\",\"isPartOf\":{\"@id\":\"https:\\\/\\\/begamer.cz\\\/sk\\\/#website\"},\"primaryImageOfPage\":{\"@id\":\"https:\\\/\\\/begamer.cz\\\/sk\\\/produkt\\\/chivalry-2-kings-edition-content-sk\\\/#primaryimage\"},\"image\":{\"@id\":\"https:\\\/\\\/begamer.cz\\\/sk\\\/produkt\\\/chivalry-2-kings-edition-content-sk\\\/#primaryimage\"},\"thumbnailUrl\":\"https:\\\/\\\/begamer.cz\\\/wp-content\\\/uploads\\\/2026\\\/01\\\/chivalry-2-king-s-edition-content-17.webp\",\"datePublished\":\"2026-01-30T15:35:46+00:00\",\"dateModified\":\"2026-03-18T04:36:22+00:00\",\"breadcrumb\":{\"@id\":\"https:\\\/\\\/begamer.cz\\\/sk\\\/produkt\\\/chivalry-2-kings-edition-content-sk\\\/#breadcrumb\"},\"inLanguage\":\"sk-SK\",\"potentialAction\":[{\"@type\":\"ReadAction\",\"target\":[\"https:\\\/\\\/begamer.cz\\\/sk\\\/produkt\\\/chivalry-2-kings-edition-content-sk\\\/\"]}]},{\"@type\":\"ImageObject\",\"inLanguage\":\"sk-SK\",\"@id\":\"https:\\\/\\\/begamer.cz\\\/sk\\\/produkt\\\/chivalry-2-kings-edition-content-sk\\\/#primaryimage\",\"url\":\"https:\\\/\\\/begamer.cz\\\/wp-content\\\/uploads\\\/2026\\\/01\\\/chivalry-2-king-s-edition-content-17.webp\",\"contentUrl\":\"https:\\\/\\\/begamer.cz\\\/wp-content\\\/uploads\\\/2026\\\/01\\\/chivalry-2-king-s-edition-content-17.webp\",\"width\":300,\"height\":400},{\"@type\":\"BreadcrumbList\",\"@id\":\"https:\\\/\\\/begamer.cz\\\/sk\\\/produkt\\\/chivalry-2-kings-edition-content-sk\\\/#breadcrumb\",\"itemListElement\":[{\"@type\":\"ListItem\",\"position\":1,\"name\":\"Domov\",\"item\":\"https:\\\/\\\/begamer.cz\\\/sk\\\/\"},{\"@type\":\"ListItem\",\"position\":2,\"name\":\"Obchod\",\"item\":\"https:\\\/\\\/begamer.cz\\\/obchod\\\/\"},{\"@type\":\"ListItem\",\"position\":3,\"name\":\"Chivalry 2 &#8211; King&#8217;s Edition Content\"}]},{\"@type\":\"WebSite\",\"@id\":\"https:\\\/\\\/begamer.cz\\\/sk\\\/#website\",\"url\":\"https:\\\/\\\/begamer.cz\\\/sk\\\/\",\"name\":\"BeGamer.cz\",\"description\":\"\",\"publisher\":{\"@id\":\"https:\\\/\\\/begamer.cz\\\/sk\\\/#organization\"},\"potentialAction\":[{\"@type\":\"SearchAction\",\"target\":{\"@type\":\"EntryPoint\",\"urlTemplate\":\"https:\\\/\\\/begamer.cz\\\/sk\\\/?s={search_term_string}\"},\"query-input\":{\"@type\":\"PropertyValueSpecification\",\"valueRequired\":true,\"valueName\":\"search_term_string\"}}],\"inLanguage\":\"sk-SK\"},{\"@type\":\"Organization\",\"@id\":\"https:\\\/\\\/begamer.cz\\\/sk\\\/#organization\",\"name\":\"BeGamer.cz\",\"url\":\"https:\\\/\\\/begamer.cz\\\/sk\\\/\",\"logo\":{\"@type\":\"ImageObject\",\"inLanguage\":\"sk-SK\",\"@id\":\"https:\\\/\\\/begamer.cz\\\/sk\\\/#\\\/schema\\\/logo\\\/image\\\/\",\"url\":\"https:\\\/\\\/begamer.cz\\\/wp-content\\\/uploads\\\/2025\\\/07\\\/logo.svg\",\"contentUrl\":\"https:\\\/\\\/begamer.cz\\\/wp-content\\\/uploads\\\/2025\\\/07\\\/logo.svg\",\"caption\":\"BeGamer.cz\"},\"image\":{\"@id\":\"https:\\\/\\\/begamer.cz\\\/sk\\\/#\\\/schema\\\/logo\\\/image\\\/\"}}]}<\/script>\n<!-- \/ Yoast SEO plugin. -->","yoast_head_json":{"title":"Chivalry 2 - King's Edition Content | BeGamer.cz","robots":{"index":"index","follow":"follow","max-snippet":"max-snippet:-1","max-image-preview":"max-image-preview:large","max-video-preview":"max-video-preview:-1"},"canonical":"https:\/\/begamer.cz\/sk\/produkt\/chivalry-2-kings-edition-content-sk\/","og_locale":"sk_SK","og_type":"article","og_title":"Chivalry 2 - King's Edition Content | BeGamer.cz","og_description":"Chivalry 2 King&#x27;s Edition obsahuje exkluz\u00edvny obsah v hre. Chivalry 2 je multiplayerov\u00e1 strie\u013ea\u010dka z poh\u013eadu prvej osoby in\u0161pirovan\u00e1 epick\u00fdmi stredovek\u00fdmi filmov\u00fdmi bitkami.","og_url":"https:\/\/begamer.cz\/sk\/produkt\/chivalry-2-kings-edition-content-sk\/","og_site_name":"BeGamer.cz","article_modified_time":"2026-03-18T04:36:22+00:00","og_image":[{"width":300,"height":400,"url":"https:\/\/begamer.cz\/wp-content\/uploads\/2026\/01\/chivalry-2-king-s-edition-content-17.webp","type":"image\/webp"}],"twitter_card":"summary_large_image","twitter_misc":{"Predpokladan\u00fd \u010das \u010d\u00edtania":"1 min\u00fata"},"schema":{"@context":"https:\/\/schema.org","@graph":[{"@type":"WebPage","@id":"https:\/\/begamer.cz\/sk\/produkt\/chivalry-2-kings-edition-content-sk\/","url":"https:\/\/begamer.cz\/sk\/produkt\/chivalry-2-kings-edition-content-sk\/","name":"Chivalry 2 - King's Edition Content | BeGamer.cz","isPartOf":{"@id":"https:\/\/begamer.cz\/sk\/#website"},"primaryImageOfPage":{"@id":"https:\/\/begamer.cz\/sk\/produkt\/chivalry-2-kings-edition-content-sk\/#primaryimage"},"image":{"@id":"https:\/\/begamer.cz\/sk\/produkt\/chivalry-2-kings-edition-content-sk\/#primaryimage"},"thumbnailUrl":"https:\/\/begamer.cz\/wp-content\/uploads\/2026\/01\/chivalry-2-king-s-edition-content-17.webp","datePublished":"2026-01-30T15:35:46+00:00","dateModified":"2026-03-18T04:36:22+00:00","breadcrumb":{"@id":"https:\/\/begamer.cz\/sk\/produkt\/chivalry-2-kings-edition-content-sk\/#breadcrumb"},"inLanguage":"sk-SK","potentialAction":[{"@type":"ReadAction","target":["https:\/\/begamer.cz\/sk\/produkt\/chivalry-2-kings-edition-content-sk\/"]}]},{"@type":"ImageObject","inLanguage":"sk-SK","@id":"https:\/\/begamer.cz\/sk\/produkt\/chivalry-2-kings-edition-content-sk\/#primaryimage","url":"https:\/\/begamer.cz\/wp-content\/uploads\/2026\/01\/chivalry-2-king-s-edition-content-17.webp","contentUrl":"https:\/\/begamer.cz\/wp-content\/uploads\/2026\/01\/chivalry-2-king-s-edition-content-17.webp","width":300,"height":400},{"@type":"BreadcrumbList","@id":"https:\/\/begamer.cz\/sk\/produkt\/chivalry-2-kings-edition-content-sk\/#breadcrumb","itemListElement":[{"@type":"ListItem","position":1,"name":"Domov","item":"https:\/\/begamer.cz\/sk\/"},{"@type":"ListItem","position":2,"name":"Obchod","item":"https:\/\/begamer.cz\/obchod\/"},{"@type":"ListItem","position":3,"name":"Chivalry 2 &#8211; King&#8217;s Edition Content"}]},{"@type":"WebSite","@id":"https:\/\/begamer.cz\/sk\/#website","url":"https:\/\/begamer.cz\/sk\/","name":"BeGamer.cz","description":"","publisher":{"@id":"https:\/\/begamer.cz\/sk\/#organization"},"potentialAction":[{"@type":"SearchAction","target":{"@type":"EntryPoint","urlTemplate":"https:\/\/begamer.cz\/sk\/?s={search_term_string}"},"query-input":{"@type":"PropertyValueSpecification","valueRequired":true,"valueName":"search_term_string"}}],"inLanguage":"sk-SK"},{"@type":"Organization","@id":"https:\/\/begamer.cz\/sk\/#organization","name":"BeGamer.cz","url":"https:\/\/begamer.cz\/sk\/","logo":{"@type":"ImageObject","inLanguage":"sk-SK","@id":"https:\/\/begamer.cz\/sk\/#\/schema\/logo\/image\/","url":"https:\/\/begamer.cz\/wp-content\/uploads\/2025\/07\/logo.svg","contentUrl":"https:\/\/begamer.cz\/wp-content\/uploads\/2025\/07\/logo.svg","caption":"BeGamer.cz"},"image":{"@id":"https:\/\/begamer.cz\/sk\/#\/schema\/logo\/image\/"}}]}},"acf":[],"_links":{"self":[{"href":"https:\/\/begamer.cz\/sk\/wp-json\/wp\/v2\/product\/96317","targetHints":{"allow":["GET"]}}],"collection":[{"href":"https:\/\/begamer.cz\/sk\/wp-json\/wp\/v2\/product"}],"about":[{"href":"https:\/\/begamer.cz\/sk\/wp-json\/wp\/v2\/types\/product"}],"replies":[{"embeddable":true,"href":"https:\/\/begamer.cz\/sk\/wp-json\/wp\/v2\/comments?post=96317"}],"wp:featuredmedia":[{"embeddable":true,"href":"https:\/\/begamer.cz\/sk\/wp-json\/wp\/v2\/media\/64417"}],"wp:attachment":[{"href":"https:\/\/begamer.cz\/sk\/wp-json\/wp\/v2\/media?parent=96317"}],"wp:term":[{"taxonomy":"product_brand","embeddable":true,"href":"https:\/\/begamer.cz\/sk\/wp-json\/wp\/v2\/product_brand?post=96317"},{"taxonomy":"product_cat","embeddable":true,"href":"https:\/\/begamer.cz\/sk\/wp-json\/wp\/v2\/product_cat?post=96317"},{"taxonomy":"product_tag","embeddable":true,"href":"https:\/\/begamer.cz\/sk\/wp-json\/wp\/v2\/product_tag?post=96317"}],"curies":[{"name":"wp","href":"https:\/\/api.w.org\/{rel}","templated":true}]}}