{"id":96302,"date":"2026-01-30T16:35:26","date_gmt":"2026-01-30T15:35:26","guid":{"rendered":"https:\/\/begamer.cz\/produkt\/aliens-dark-descent-sk\/"},"modified":"2026-03-18T05:35:29","modified_gmt":"2026-03-18T04:35:29","slug":"aliens-dark-descent-sk","status":"publish","type":"product","link":"https:\/\/begamer.cz\/sk\/produkt\/aliens-dark-descent-sk\/","title":{"rendered":"Aliens: Dark Descent"},"content":{"rendered":"<p>V hre <i>Aliens: Dark Descent<\/i> vel\u00edte oddielu ostrie\u013ean\u00fdch koloni\u00e1lnych mari\u0148\u00e1kov, ktor\u00fdch \u00falohou je zastavi\u0165 desiv\u00fa epid\u00e9miu Xenomorphov na plan\u00e9te Lethe. V re\u00e1lnom \u010dase vediete svojich vojakov do boja proti ikonick\u00fdm Xenomorphom, zradn\u00fdm agentom nen\u00e1sytnej spolo\u010dnosti Weyland-Yutani Corporation a mno\u017estvu desiv\u00fdch tvorov, ktor\u00e9 s\u00fa v s\u00e9rii Alien novinkou.<\/p>\n<p><strong>Vy ste velite\u013e. Oni s\u00fa va\u0161a zbra\u0148.<\/strong><\/p>\n<p>Infiltrujte ve\u013ek\u00e9 otvoren\u00e9 \u00farovne a zni\u010dte nepriate\u013eov so svojou jednotkou, strategicky a intuit\u00edvne vyd\u00e1vajte rozkazy stla\u010den\u00edm jedin\u00e9ho tla\u010didla. Postupujte opatrne, preto\u017ee va\u0161i nepriatelia prisp\u00f4sobia svoju taktiku va\u0161im akci\u00e1m, ke\u010f v\u00e1s bud\u00fa prenasledova\u0165, preto\u017ee smr\u0165 je definit\u00edvna. Vytvorte si jedine\u010dn\u00e9 cesty k pre\u017eitiu, objavujte skratky, vytv\u00e1rajte bezpe\u010dn\u00e9 z\u00f3ny a in\u0161talujte pohybov\u00e9 senzory v trvalom svete, kde va\u0161e akcie nav\u017edy ovplyv\u0148uj\u00fa \u00farovne.<\/p>\n<p>Prisp\u00f4sobte si svoju jednotku v\u00fdberom z r\u00f4znych tried. Zvy\u0161ujte \u00farove\u0148 a \u0161pecializujte svojich vojakov s jedine\u010dn\u00fdmi schopnos\u0165ami a arzen\u00e1lom zbran\u00ed, brnen\u00ed a v\u00fdhod, aby ste mohli plni\u0165 misie s vysokou n\u00e1ro\u010dnos\u0165ou na zradnom \u00fazem\u00ed. Rozv\u00edjajte svoju z\u00e1klad\u0148u, aby ste mohli v\u00fdskumom nov\u00fdch technol\u00f3gi\u00ed e\u0161te viac vylep\u0161i\u0165 svoju jednotku.<\/p>\n<p>M\u00fadro spravujte svoje zdroje a podstupujte premyslen\u00e9 rizik\u00e1, aby ste prekab\u00e1tili najsmrte\u013enej\u0161ie stvorenie, ak\u00e9mu \u013eudstvo kedy \u010delilo. Dok\u00e1\u017eete vy a va\u0161a jednotka zastavi\u0165 epid\u00e9miu, k\u00fdm nie je neskoro?<\/p>\n<p>\u2022    <strong>Postavte sa v nap\u00ednavom origin\u00e1lnom pr\u00edbehu Alien proti ikonick\u00fdm stvoreniam Xenomorph<\/strong>, od Facehuggers po Praetorians, Alien Queens a mnoh\u00fdm \u010fal\u0161\u00edm, vr\u00e1tane zradn\u00fdch \u013eudsk\u00fdch kom\u00e1nd a \u00faplne novej hrozby, ktor\u00e1 je jedine\u010dn\u00e1 pre tento pr\u00edbeh<br \/>Alien\u2022\t<strong>Vedi strategicky<\/strong> a men taktiku t\u00edmu od misie k misii, starostlivo spravuj zdravie, zdroje a du\u0161evn\u00e9 zdravie svojich vojakov, aby si sa vyhol trval\u00fdm strat\u00e1m t\u00edmu a psychick\u00fdm zr\u00fateniam<br \/>. \u2022 <strong>Vytvor jedine\u010dn\u00e9 cesty k pre\u017eitiu<\/strong> v pretrv\u00e1vaj\u00facom svete, odha\u013e skratky, vytvor bezpe\u010dn\u00e9 z\u00f3ny a nain\u0161taluj pohybov\u00e9 senzory, aby si bol o krok napred pred t\u00fdmito stvoreniami<br \/>. \u2022 <strong>Zostav a vylep\u0161uj t\u00edmy zlo\u017een\u00e9<\/strong> z 5 po\u010diato\u010dn\u00fdch tried mari\u0148\u00e1kov s desiatkami \u0161pecializ\u00e1ci\u00ed, jedine\u010dn\u00fdch schopnost\u00ed a zbran\u00ed.<\/p>\n","protected":false},"excerpt":{"rendered":"<p>Vst\u00fapte do strhuj\u00facej cesty hry Aliens: Dark Descent, ak\u010dnej hry pre jedn\u00e9ho hr\u00e1\u010da zalo\u017eenej na t\u00edmovej spolupr\u00e1ci, ktor\u00e1 je s\u00fa\u010das\u0165ou kultovej s\u00e9rie Alien. V re\u00e1lnom \u010dase vel\u00edte svojim vojakom, aby zastavili nov\u00fd a desiv\u00fd druh epid\u00e9mie Xenomorphov na plan\u00e9te Lethe.<\/p>\n","protected":false},"featured_media":64219,"comment_status":"open","ping_status":"closed","template":"","meta":{"_acf_changed":false},"product_brand":[],"product_cat":[461,471,398,438],"product_tag":[],"class_list":{"0":"post-96302","1":"product","2":"type-product","3":"status-publish","4":"has-post-thumbnail","6":"product_cat-dobrodruzne-xbox-series-x-s-sk","7":"product_cat-strategie-xbox-series-x-s-sk","8":"product_cat-xbox-hry-sk","9":"product_cat-xbox-series-x-s-sk","10":"pa_audio-en-us","12":"pa_countries-at","13":"pa_countries-be","14":"pa_countries-bg","15":"pa_countries-cy","16":"pa_countries-cz","18":"pa_countries-de","19":"pa_countries-dk","20":"pa_countries-ee","21":"pa_countries-es","22":"pa_countries-fi","23":"pa_countries-fr","24":"pa_countries-gr","25":"pa_countries-hr","26":"pa_countries-hu","27":"pa_countries-ie","28":"pa_countries-it","29":"pa_countries-lt","30":"pa_countries-lu","31":"pa_countries-lv","32":"pa_countries-mt","33":"pa_countries-nl","34":"pa_countries-pl","35":"pa_countries-pt","36":"pa_countries-ro","37":"pa_countries-se","38":"pa_countries-si","39":"pa_countries-sk","40":"pa_developer-tindalos-interactive","42":"pa_engine-unreal-engine-4","44":"pa_franchises-alien","46":"pa_game_type-main_game","48":"pa_genres-adventure","49":"pa_genres-strategy","51":"pa_interface-de-de","52":"pa_interface-en-us","53":"pa_interface-es-mx","54":"pa_interface-fr-fr","55":"pa_interface-it-it","56":"pa_interface-ja-jp","57":"pa_interface-ko-kr","58":"pa_interface-pl-pl","59":"pa_interface-pt-br","60":"pa_interface-ru-ru","62":"pa_interface-zh-cn","63":"pa_interface-zh-tw","64":"pa_keywords-combat","65":"pa_keywords-realtime-3d","66":"pa_modes-single-player","68":"pa_pegi-13432","69":"pa_pegi-956","70":"pa_platform-xbox-one-xbox-series-x-s","72":"pa_player_perspectives-bird-view-isometric","74":"pa_publisher-focus-entertainment","76":"pa_rating-14476","77":"pa_rating-1093","78":"pa_region-europe","80":"pa_subtitles-de-de","82":"pa_subtitles-en-us","83":"pa_subtitles-fr-fr","84":"pa_subtitles-it-it","85":"pa_subtitles-ko-kr","86":"pa_subtitles-pl-pl","87":"pa_subtitles-pt-br","88":"pa_subtitles-ru-ru","89":"pa_subtitles-zh-cn","90":"pa_subtitles-zh-tw","91":"pa_themes-action","92":"pa_themes-science-fiction","95":"first","96":"instock","97":"virtual","98":"taxable","99":"purchasable","100":"product-type-simple"},"yoast_head":"<!-- This site is optimized with the Yoast SEO plugin v27.3 - https:\/\/yoast.com\/product\/yoast-seo-wordpress\/ -->\n<title>Aliens: Dark Descent | BeGamer.cz<\/title>\n<meta name=\"robots\" content=\"index, follow, max-snippet:-1, max-image-preview:large, max-video-preview:-1\" \/>\n<link rel=\"canonical\" href=\"https:\/\/begamer.cz\/sk\/produkt\/aliens-dark-descent-sk\/\" \/>\n<meta property=\"og:locale\" content=\"sk_SK\" \/>\n<meta property=\"og:type\" content=\"article\" \/>\n<meta property=\"og:title\" content=\"Aliens: Dark Descent | BeGamer.cz\" \/>\n<meta property=\"og:description\" content=\"Vst\u00fapte do strhuj\u00facej cesty hry Aliens: Dark Descent, ak\u010dnej hry pre jedn\u00e9ho hr\u00e1\u010da zalo\u017eenej na t\u00edmovej spolupr\u00e1ci, ktor\u00e1 je s\u00fa\u010das\u0165ou kultovej s\u00e9rie Alien. V re\u00e1lnom \u010dase vel\u00edte svojim vojakom, aby zastavili nov\u00fd a desiv\u00fd druh epid\u00e9mie Xenomorphov na plan\u00e9te Lethe.\" \/>\n<meta property=\"og:url\" content=\"https:\/\/begamer.cz\/sk\/produkt\/aliens-dark-descent-sk\/\" \/>\n<meta property=\"og:site_name\" content=\"BeGamer.cz\" \/>\n<meta property=\"article:modified_time\" content=\"2026-03-18T04:35:29+00:00\" \/>\n<meta property=\"og:image\" content=\"https:\/\/begamer.cz\/wp-content\/uploads\/2026\/01\/aliens-dark-descent-5.webp\" \/>\n\t<meta property=\"og:image:width\" content=\"300\" \/>\n\t<meta property=\"og:image:height\" content=\"400\" \/>\n\t<meta property=\"og:image:type\" content=\"image\/webp\" \/>\n<meta name=\"twitter:card\" content=\"summary_large_image\" \/>\n<meta name=\"twitter:label1\" content=\"Predpokladan\u00fd \u010das \u010d\u00edtania\" \/>\n\t<meta name=\"twitter:data1\" content=\"2 min\u00faty\" \/>\n<script type=\"application\/ld+json\" class=\"yoast-schema-graph\">{\"@context\":\"https:\\\/\\\/schema.org\",\"@graph\":[{\"@type\":\"WebPage\",\"@id\":\"https:\\\/\\\/begamer.cz\\\/sk\\\/produkt\\\/aliens-dark-descent-sk\\\/\",\"url\":\"https:\\\/\\\/begamer.cz\\\/sk\\\/produkt\\\/aliens-dark-descent-sk\\\/\",\"name\":\"Aliens: Dark Descent | BeGamer.cz\",\"isPartOf\":{\"@id\":\"https:\\\/\\\/begamer.cz\\\/sk\\\/#website\"},\"primaryImageOfPage\":{\"@id\":\"https:\\\/\\\/begamer.cz\\\/sk\\\/produkt\\\/aliens-dark-descent-sk\\\/#primaryimage\"},\"image\":{\"@id\":\"https:\\\/\\\/begamer.cz\\\/sk\\\/produkt\\\/aliens-dark-descent-sk\\\/#primaryimage\"},\"thumbnailUrl\":\"https:\\\/\\\/begamer.cz\\\/wp-content\\\/uploads\\\/2026\\\/01\\\/aliens-dark-descent-5.webp\",\"datePublished\":\"2026-01-30T15:35:26+00:00\",\"dateModified\":\"2026-03-18T04:35:29+00:00\",\"breadcrumb\":{\"@id\":\"https:\\\/\\\/begamer.cz\\\/sk\\\/produkt\\\/aliens-dark-descent-sk\\\/#breadcrumb\"},\"inLanguage\":\"sk-SK\",\"potentialAction\":[{\"@type\":\"ReadAction\",\"target\":[\"https:\\\/\\\/begamer.cz\\\/sk\\\/produkt\\\/aliens-dark-descent-sk\\\/\"]}]},{\"@type\":\"ImageObject\",\"inLanguage\":\"sk-SK\",\"@id\":\"https:\\\/\\\/begamer.cz\\\/sk\\\/produkt\\\/aliens-dark-descent-sk\\\/#primaryimage\",\"url\":\"https:\\\/\\\/begamer.cz\\\/wp-content\\\/uploads\\\/2026\\\/01\\\/aliens-dark-descent-5.webp\",\"contentUrl\":\"https:\\\/\\\/begamer.cz\\\/wp-content\\\/uploads\\\/2026\\\/01\\\/aliens-dark-descent-5.webp\",\"width\":300,\"height\":400},{\"@type\":\"BreadcrumbList\",\"@id\":\"https:\\\/\\\/begamer.cz\\\/sk\\\/produkt\\\/aliens-dark-descent-sk\\\/#breadcrumb\",\"itemListElement\":[{\"@type\":\"ListItem\",\"position\":1,\"name\":\"Domov\",\"item\":\"https:\\\/\\\/begamer.cz\\\/sk\\\/\"},{\"@type\":\"ListItem\",\"position\":2,\"name\":\"Obchod\",\"item\":\"https:\\\/\\\/begamer.cz\\\/obchod\\\/\"},{\"@type\":\"ListItem\",\"position\":3,\"name\":\"Aliens: Dark Descent\"}]},{\"@type\":\"WebSite\",\"@id\":\"https:\\\/\\\/begamer.cz\\\/sk\\\/#website\",\"url\":\"https:\\\/\\\/begamer.cz\\\/sk\\\/\",\"name\":\"BeGamer.cz\",\"description\":\"\",\"publisher\":{\"@id\":\"https:\\\/\\\/begamer.cz\\\/sk\\\/#organization\"},\"potentialAction\":[{\"@type\":\"SearchAction\",\"target\":{\"@type\":\"EntryPoint\",\"urlTemplate\":\"https:\\\/\\\/begamer.cz\\\/sk\\\/?s={search_term_string}\"},\"query-input\":{\"@type\":\"PropertyValueSpecification\",\"valueRequired\":true,\"valueName\":\"search_term_string\"}}],\"inLanguage\":\"sk-SK\"},{\"@type\":\"Organization\",\"@id\":\"https:\\\/\\\/begamer.cz\\\/sk\\\/#organization\",\"name\":\"BeGamer.cz\",\"url\":\"https:\\\/\\\/begamer.cz\\\/sk\\\/\",\"logo\":{\"@type\":\"ImageObject\",\"inLanguage\":\"sk-SK\",\"@id\":\"https:\\\/\\\/begamer.cz\\\/sk\\\/#\\\/schema\\\/logo\\\/image\\\/\",\"url\":\"https:\\\/\\\/begamer.cz\\\/wp-content\\\/uploads\\\/2025\\\/07\\\/logo.svg\",\"contentUrl\":\"https:\\\/\\\/begamer.cz\\\/wp-content\\\/uploads\\\/2025\\\/07\\\/logo.svg\",\"caption\":\"BeGamer.cz\"},\"image\":{\"@id\":\"https:\\\/\\\/begamer.cz\\\/sk\\\/#\\\/schema\\\/logo\\\/image\\\/\"}}]}<\/script>\n<!-- \/ Yoast SEO plugin. -->","yoast_head_json":{"title":"Aliens: Dark Descent | BeGamer.cz","robots":{"index":"index","follow":"follow","max-snippet":"max-snippet:-1","max-image-preview":"max-image-preview:large","max-video-preview":"max-video-preview:-1"},"canonical":"https:\/\/begamer.cz\/sk\/produkt\/aliens-dark-descent-sk\/","og_locale":"sk_SK","og_type":"article","og_title":"Aliens: Dark Descent | BeGamer.cz","og_description":"Vst\u00fapte do strhuj\u00facej cesty hry Aliens: Dark Descent, ak\u010dnej hry pre jedn\u00e9ho hr\u00e1\u010da zalo\u017eenej na t\u00edmovej spolupr\u00e1ci, ktor\u00e1 je s\u00fa\u010das\u0165ou kultovej s\u00e9rie Alien. V re\u00e1lnom \u010dase vel\u00edte svojim vojakom, aby zastavili nov\u00fd a desiv\u00fd druh epid\u00e9mie Xenomorphov na plan\u00e9te Lethe.","og_url":"https:\/\/begamer.cz\/sk\/produkt\/aliens-dark-descent-sk\/","og_site_name":"BeGamer.cz","article_modified_time":"2026-03-18T04:35:29+00:00","og_image":[{"width":300,"height":400,"url":"https:\/\/begamer.cz\/wp-content\/uploads\/2026\/01\/aliens-dark-descent-5.webp","type":"image\/webp"}],"twitter_card":"summary_large_image","twitter_misc":{"Predpokladan\u00fd \u010das \u010d\u00edtania":"2 min\u00faty"},"schema":{"@context":"https:\/\/schema.org","@graph":[{"@type":"WebPage","@id":"https:\/\/begamer.cz\/sk\/produkt\/aliens-dark-descent-sk\/","url":"https:\/\/begamer.cz\/sk\/produkt\/aliens-dark-descent-sk\/","name":"Aliens: Dark Descent | BeGamer.cz","isPartOf":{"@id":"https:\/\/begamer.cz\/sk\/#website"},"primaryImageOfPage":{"@id":"https:\/\/begamer.cz\/sk\/produkt\/aliens-dark-descent-sk\/#primaryimage"},"image":{"@id":"https:\/\/begamer.cz\/sk\/produkt\/aliens-dark-descent-sk\/#primaryimage"},"thumbnailUrl":"https:\/\/begamer.cz\/wp-content\/uploads\/2026\/01\/aliens-dark-descent-5.webp","datePublished":"2026-01-30T15:35:26+00:00","dateModified":"2026-03-18T04:35:29+00:00","breadcrumb":{"@id":"https:\/\/begamer.cz\/sk\/produkt\/aliens-dark-descent-sk\/#breadcrumb"},"inLanguage":"sk-SK","potentialAction":[{"@type":"ReadAction","target":["https:\/\/begamer.cz\/sk\/produkt\/aliens-dark-descent-sk\/"]}]},{"@type":"ImageObject","inLanguage":"sk-SK","@id":"https:\/\/begamer.cz\/sk\/produkt\/aliens-dark-descent-sk\/#primaryimage","url":"https:\/\/begamer.cz\/wp-content\/uploads\/2026\/01\/aliens-dark-descent-5.webp","contentUrl":"https:\/\/begamer.cz\/wp-content\/uploads\/2026\/01\/aliens-dark-descent-5.webp","width":300,"height":400},{"@type":"BreadcrumbList","@id":"https:\/\/begamer.cz\/sk\/produkt\/aliens-dark-descent-sk\/#breadcrumb","itemListElement":[{"@type":"ListItem","position":1,"name":"Domov","item":"https:\/\/begamer.cz\/sk\/"},{"@type":"ListItem","position":2,"name":"Obchod","item":"https:\/\/begamer.cz\/obchod\/"},{"@type":"ListItem","position":3,"name":"Aliens: Dark Descent"}]},{"@type":"WebSite","@id":"https:\/\/begamer.cz\/sk\/#website","url":"https:\/\/begamer.cz\/sk\/","name":"BeGamer.cz","description":"","publisher":{"@id":"https:\/\/begamer.cz\/sk\/#organization"},"potentialAction":[{"@type":"SearchAction","target":{"@type":"EntryPoint","urlTemplate":"https:\/\/begamer.cz\/sk\/?s={search_term_string}"},"query-input":{"@type":"PropertyValueSpecification","valueRequired":true,"valueName":"search_term_string"}}],"inLanguage":"sk-SK"},{"@type":"Organization","@id":"https:\/\/begamer.cz\/sk\/#organization","name":"BeGamer.cz","url":"https:\/\/begamer.cz\/sk\/","logo":{"@type":"ImageObject","inLanguage":"sk-SK","@id":"https:\/\/begamer.cz\/sk\/#\/schema\/logo\/image\/","url":"https:\/\/begamer.cz\/wp-content\/uploads\/2025\/07\/logo.svg","contentUrl":"https:\/\/begamer.cz\/wp-content\/uploads\/2025\/07\/logo.svg","caption":"BeGamer.cz"},"image":{"@id":"https:\/\/begamer.cz\/sk\/#\/schema\/logo\/image\/"}}]}},"acf":[],"_links":{"self":[{"href":"https:\/\/begamer.cz\/sk\/wp-json\/wp\/v2\/product\/96302","targetHints":{"allow":["GET"]}}],"collection":[{"href":"https:\/\/begamer.cz\/sk\/wp-json\/wp\/v2\/product"}],"about":[{"href":"https:\/\/begamer.cz\/sk\/wp-json\/wp\/v2\/types\/product"}],"replies":[{"embeddable":true,"href":"https:\/\/begamer.cz\/sk\/wp-json\/wp\/v2\/comments?post=96302"}],"wp:featuredmedia":[{"embeddable":true,"href":"https:\/\/begamer.cz\/sk\/wp-json\/wp\/v2\/media\/64219"}],"wp:attachment":[{"href":"https:\/\/begamer.cz\/sk\/wp-json\/wp\/v2\/media?parent=96302"}],"wp:term":[{"taxonomy":"product_brand","embeddable":true,"href":"https:\/\/begamer.cz\/sk\/wp-json\/wp\/v2\/product_brand?post=96302"},{"taxonomy":"product_cat","embeddable":true,"href":"https:\/\/begamer.cz\/sk\/wp-json\/wp\/v2\/product_cat?post=96302"},{"taxonomy":"product_tag","embeddable":true,"href":"https:\/\/begamer.cz\/sk\/wp-json\/wp\/v2\/product_tag?post=96302"}],"curies":[{"name":"wp","href":"https:\/\/api.w.org\/{rel}","templated":true}]}}