{"id":96296,"date":"2026-01-30T16:35:16","date_gmt":"2026-01-30T15:35:16","guid":{"rendered":"https:\/\/begamer.cz\/produkt\/the-sims-3-sk\/"},"modified":"2026-03-18T05:35:17","modified_gmt":"2026-03-18T04:35:17","slug":"the-sims-3-sk","status":"publish","type":"product","link":"https:\/\/begamer.cz\/sk\/produkt\/the-sims-3-sk\/","title":{"rendered":"The Sims 3"},"content":{"rendered":"<h1>O hre<\/h1>\n<p><strong>Hrajte sa so \u017eivotom.<\/strong><\/p>\n<p>Vytvorte si \u017eivot, po akom ste v\u017edy t\u00fa\u017eili!<br \/>Ste pripraven\u00ed \u017ei\u0165 slobodnej\u0161\u00ed a kreat\u00edvnej\u0161\u00ed \u017eivot? V hre The Sims\u2122 3 m\u00f4\u017eete popusti\u0165 uzdu svojej fant\u00e1zii a navrhn\u00fa\u0165 si svoj ide\u00e1lny svet. Za\u010dnite so svoj\u00edm Simom, vylep\u0161ujte ka\u017ed\u00fd tvar, farbu a osobnostn\u00fa \u010drtu, a\u017e k\u00fdm nedosiahnete presne tak\u00fa postavu, ak\u00e1 sa v\u00e1m p\u00e1\u010di. Navrhnite si svoj vysn\u00edvan\u00fd domov, ale nenechajte sa obmedzova\u0165 mrie\u017ekou; umiest\u0148ujte, ot\u00e1\u010dajte a stohujte n\u00e1bytok a steny pod\u013ea svojich predst\u00e1v.<br \/>Akon\u00e1hle je \u201e\u0165a\u017ek\u00e1 pr\u00e1ca\u201c hotov\u00e1, je \u010das sta\u0165 sa mentorom. Vied\u0165e svojho Sima \u017eivotom, rozv\u00edjajte jeho kari\u00e9ru, h\u013eadajte l\u00e1sku a sledujte sny a t\u00fa\u017eby. Tr\u00e1vanie \u010dasu s priate\u013emi a rodinou je rovnako d\u00f4le\u017eit\u00e9 ako zvl\u00e1dnutie ma\u013eovania alebo nadob\u00fadanie vedomost\u00ed.<br \/>Posu\u0148te veci na \u010fal\u0161iu \u00farove\u0148 a nahr\u00e1vajte filmy o dobrodru\u017estv\u00e1ch svojho Sim\u00edka a zdie\u013eajte ich s neust\u00e1le rast\u00facou a prosperuj\u00facou komunitou. S obrovsk\u00fdm katal\u00f3gom roz\u0161iruj\u00facich bal\u00ed\u010dkov a z\u00e1bavn\u00fdch predmetov, ktor\u00e9 m\u00f4\u017eete objavova\u0165, v\u00e1s \u010dakaj\u00fa nekone\u010dn\u00e9 mo\u017enosti. V\u0161etko za\u010d\u00edna tu; va\u0161e dobrodru\u017estvo \u010dak\u00e1!<\/p>\n<h2 class=\"bb_tag\" >K\u013e\u00fa\u010dov\u00e9 vlastnosti<\/h2>\n<ul class=\"bb_ul\">\n<li>Prisp\u00f4sobte si svojho Sim\u00edka: Kombinujte \u0161irok\u00fa \u0161k\u00e1lu \u010d\u0155t tv\u00e1re a typov postavy, aby ste dosiahli po\u017eadovan\u00fd vzh\u013ead. Dodajte svojmu Sim\u00edkovi osobnostn\u00e9 \u010drty a pom\u00f4\u017ete mu realizova\u0165 jeho sny.<\/li>\n<li>Uskuto\u010dnite svoju vlastn\u00fa extr\u00e9mnu premenu: Vyzdobte dom svojho Sim\u00edka pod\u013ea svojich predst\u00e1v, \u010di u\u017e je to upratan\u00fd alebo neporiadny. Pou\u017eite nezvy\u010dajn\u00e9 uhly, vytvorte vysok\u00e9 stohy predmetov a na steny a podlahy naneste svoj ob\u013e\u00faben\u00fd vlastnoru\u010dne vytvoren\u00fd vzor.<\/li>\n<li>Vyjdite z domu: Vyjdite z domu a po prv\u00fdkr\u00e1t presk\u00famajte \u017eiv\u00e9 a z\u00e1bavn\u00e9 okolie. Sta\u0148te sa s\u00fa\u010das\u0165ou v\u00e4\u010d\u0161ej online komunity!<\/li>\n<\/ul>\n","protected":false},"excerpt":{"rendered":"<p>The Sims 3: Vytvorte si dokonal\u00fd svet s mo\u017enos\u0165ou \u00fapln\u00e9ho prisp\u00f4sobenia na dosah ruky. Vylep\u0161ujte osobnosti a pom\u00e1hajte naplni\u0165 osudy.<\/p>\n","protected":false},"featured_media":64177,"comment_status":"open","ping_status":"closed","template":"","meta":{"_acf_changed":false},"product_brand":[],"product_cat":[9070,268,266,308,314,318],"product_tag":[],"class_list":{"0":"post-96296","1":"product","2":"type-product","3":"status-publish","4":"has-post-thumbnail","6":"product_cat-ea-app","7":"product_cat-pc-sk","8":"product_cat-pc-hry-sk","9":"product_cat-rpg-pc-hry-sk","10":"product_cat-simulatory-pc-hry-sk","11":"product_cat-strategie-pc-hry-sk","12":"pa_countries-at","13":"pa_countries-be","14":"pa_countries-bg","15":"pa_countries-cy","16":"pa_countries-cz","18":"pa_countries-de","19":"pa_countries-dk","20":"pa_countries-ee","21":"pa_countries-es","22":"pa_countries-fi","23":"pa_countries-fr","24":"pa_countries-gr","25":"pa_countries-hr","26":"pa_countries-hu","27":"pa_countries-ie","28":"pa_countries-it","29":"pa_countries-lt","30":"pa_countries-lu","31":"pa_countries-lv","32":"pa_countries-mt","33":"pa_countries-nl","34":"pa_countries-pl","35":"pa_countries-pt","36":"pa_countries-ro","37":"pa_countries-se","38":"pa_countries-si","39":"pa_countries-sk","40":"pa_developer-the-sims-studio","42":"pa_engine-the-sims-3-engine","44":"pa_franchises-the-sims","46":"pa_game_type-main_game","48":"pa_genres-role-playing-rpg","49":"pa_genres-simulator","50":"pa_genres-strategy","52":"pa_interface-en-us","54":"pa_keywords-age-progression","55":"pa_keywords-artificial-intelligence","56":"pa_keywords-building","57":"pa_keywords-character-creation","58":"pa_keywords-construction","59":"pa_keywords-content-editor","60":"pa_keywords-customizable-characters","61":"pa_keywords-day-night-cycle","62":"pa_keywords-death","63":"pa_keywords-downloadable-content","64":"pa_keywords-exercise","65":"pa_keywords-fictional-currencies","66":"pa_keywords-gibberish","67":"pa_keywords-interior-design","68":"pa_keywords-invisible-wall","69":"pa_keywords-life-simulation","70":"pa_keywords-management","71":"pa_keywords-non-player-character","73":"pa_keywords-pick-your-gender","74":"pa_keywords-pregnancy","75":"pa_keywords-sequel","76":"pa_keywords-shopping","77":"pa_keywords-sleeping","78":"pa_keywords-world-building","79":"pa_keywords-yoga","80":"pa_modes-single-player","82":"pa_pegi-927","83":"pa_pegi-13428","84":"pa_platform-ea-app","86":"pa_player_perspectives-bird-view-isometric","88":"pa_publisher-electronic-arts","90":"pa_rating-795","91":"pa_rating-14446","92":"pa_region-europe","94":"pa_themes-comedy","95":"pa_themes-fantasy","96":"pa_themes-romance","98":"pa_themes-sandbox","100":"first","101":"instock","102":"virtual","103":"taxable","104":"purchasable","105":"product-type-simple"},"yoast_head":"<!-- This site is optimized with the Yoast SEO plugin v27.3 - https:\/\/yoast.com\/product\/yoast-seo-wordpress\/ -->\n<title>The Sims 3 | BeGamer.cz<\/title>\n<meta name=\"robots\" content=\"index, follow, max-snippet:-1, max-image-preview:large, max-video-preview:-1\" \/>\n<link rel=\"canonical\" href=\"https:\/\/begamer.cz\/sk\/produkt\/the-sims-3-sk\/\" \/>\n<meta property=\"og:locale\" content=\"sk_SK\" \/>\n<meta property=\"og:type\" content=\"article\" \/>\n<meta property=\"og:title\" content=\"The Sims 3 | BeGamer.cz\" \/>\n<meta property=\"og:description\" content=\"The Sims 3: Vytvorte si dokonal\u00fd svet s mo\u017enos\u0165ou \u00fapln\u00e9ho prisp\u00f4sobenia na dosah ruky. Vylep\u0161ujte osobnosti a pom\u00e1hajte naplni\u0165 osudy.\" \/>\n<meta property=\"og:url\" content=\"https:\/\/begamer.cz\/sk\/produkt\/the-sims-3-sk\/\" \/>\n<meta property=\"og:site_name\" content=\"BeGamer.cz\" \/>\n<meta property=\"article:modified_time\" content=\"2026-03-18T04:35:17+00:00\" \/>\n<meta property=\"og:image\" content=\"https:\/\/begamer.cz\/wp-content\/uploads\/2026\/01\/the-sims-3-12.webp\" \/>\n\t<meta property=\"og:image:width\" content=\"300\" \/>\n\t<meta property=\"og:image:height\" content=\"400\" \/>\n\t<meta property=\"og:image:type\" content=\"image\/webp\" \/>\n<meta name=\"twitter:card\" content=\"summary_large_image\" \/>\n<meta name=\"twitter:label1\" content=\"Predpokladan\u00fd \u010das \u010d\u00edtania\" \/>\n\t<meta name=\"twitter:data1\" content=\"2 min\u00faty\" \/>\n<script type=\"application\/ld+json\" class=\"yoast-schema-graph\">{\"@context\":\"https:\\\/\\\/schema.org\",\"@graph\":[{\"@type\":\"WebPage\",\"@id\":\"https:\\\/\\\/begamer.cz\\\/sk\\\/produkt\\\/the-sims-3-sk\\\/\",\"url\":\"https:\\\/\\\/begamer.cz\\\/sk\\\/produkt\\\/the-sims-3-sk\\\/\",\"name\":\"The Sims 3 | BeGamer.cz\",\"isPartOf\":{\"@id\":\"https:\\\/\\\/begamer.cz\\\/sk\\\/#website\"},\"primaryImageOfPage\":{\"@id\":\"https:\\\/\\\/begamer.cz\\\/sk\\\/produkt\\\/the-sims-3-sk\\\/#primaryimage\"},\"image\":{\"@id\":\"https:\\\/\\\/begamer.cz\\\/sk\\\/produkt\\\/the-sims-3-sk\\\/#primaryimage\"},\"thumbnailUrl\":\"https:\\\/\\\/begamer.cz\\\/wp-content\\\/uploads\\\/2026\\\/01\\\/the-sims-3-12.webp\",\"datePublished\":\"2026-01-30T15:35:16+00:00\",\"dateModified\":\"2026-03-18T04:35:17+00:00\",\"breadcrumb\":{\"@id\":\"https:\\\/\\\/begamer.cz\\\/sk\\\/produkt\\\/the-sims-3-sk\\\/#breadcrumb\"},\"inLanguage\":\"sk-SK\",\"potentialAction\":[{\"@type\":\"ReadAction\",\"target\":[\"https:\\\/\\\/begamer.cz\\\/sk\\\/produkt\\\/the-sims-3-sk\\\/\"]}]},{\"@type\":\"ImageObject\",\"inLanguage\":\"sk-SK\",\"@id\":\"https:\\\/\\\/begamer.cz\\\/sk\\\/produkt\\\/the-sims-3-sk\\\/#primaryimage\",\"url\":\"https:\\\/\\\/begamer.cz\\\/wp-content\\\/uploads\\\/2026\\\/01\\\/the-sims-3-12.webp\",\"contentUrl\":\"https:\\\/\\\/begamer.cz\\\/wp-content\\\/uploads\\\/2026\\\/01\\\/the-sims-3-12.webp\",\"width\":300,\"height\":400},{\"@type\":\"BreadcrumbList\",\"@id\":\"https:\\\/\\\/begamer.cz\\\/sk\\\/produkt\\\/the-sims-3-sk\\\/#breadcrumb\",\"itemListElement\":[{\"@type\":\"ListItem\",\"position\":1,\"name\":\"Domov\",\"item\":\"https:\\\/\\\/begamer.cz\\\/sk\\\/\"},{\"@type\":\"ListItem\",\"position\":2,\"name\":\"Obchod\",\"item\":\"https:\\\/\\\/begamer.cz\\\/obchod\\\/\"},{\"@type\":\"ListItem\",\"position\":3,\"name\":\"The Sims 3\"}]},{\"@type\":\"WebSite\",\"@id\":\"https:\\\/\\\/begamer.cz\\\/sk\\\/#website\",\"url\":\"https:\\\/\\\/begamer.cz\\\/sk\\\/\",\"name\":\"BeGamer.cz\",\"description\":\"\",\"publisher\":{\"@id\":\"https:\\\/\\\/begamer.cz\\\/sk\\\/#organization\"},\"potentialAction\":[{\"@type\":\"SearchAction\",\"target\":{\"@type\":\"EntryPoint\",\"urlTemplate\":\"https:\\\/\\\/begamer.cz\\\/sk\\\/?s={search_term_string}\"},\"query-input\":{\"@type\":\"PropertyValueSpecification\",\"valueRequired\":true,\"valueName\":\"search_term_string\"}}],\"inLanguage\":\"sk-SK\"},{\"@type\":\"Organization\",\"@id\":\"https:\\\/\\\/begamer.cz\\\/sk\\\/#organization\",\"name\":\"BeGamer.cz\",\"url\":\"https:\\\/\\\/begamer.cz\\\/sk\\\/\",\"logo\":{\"@type\":\"ImageObject\",\"inLanguage\":\"sk-SK\",\"@id\":\"https:\\\/\\\/begamer.cz\\\/sk\\\/#\\\/schema\\\/logo\\\/image\\\/\",\"url\":\"https:\\\/\\\/begamer.cz\\\/wp-content\\\/uploads\\\/2025\\\/07\\\/logo.svg\",\"contentUrl\":\"https:\\\/\\\/begamer.cz\\\/wp-content\\\/uploads\\\/2025\\\/07\\\/logo.svg\",\"caption\":\"BeGamer.cz\"},\"image\":{\"@id\":\"https:\\\/\\\/begamer.cz\\\/sk\\\/#\\\/schema\\\/logo\\\/image\\\/\"}}]}<\/script>\n<!-- \/ Yoast SEO plugin. -->","yoast_head_json":{"title":"The Sims 3 | BeGamer.cz","robots":{"index":"index","follow":"follow","max-snippet":"max-snippet:-1","max-image-preview":"max-image-preview:large","max-video-preview":"max-video-preview:-1"},"canonical":"https:\/\/begamer.cz\/sk\/produkt\/the-sims-3-sk\/","og_locale":"sk_SK","og_type":"article","og_title":"The Sims 3 | BeGamer.cz","og_description":"The Sims 3: Vytvorte si dokonal\u00fd svet s mo\u017enos\u0165ou \u00fapln\u00e9ho prisp\u00f4sobenia na dosah ruky. Vylep\u0161ujte osobnosti a pom\u00e1hajte naplni\u0165 osudy.","og_url":"https:\/\/begamer.cz\/sk\/produkt\/the-sims-3-sk\/","og_site_name":"BeGamer.cz","article_modified_time":"2026-03-18T04:35:17+00:00","og_image":[{"width":300,"height":400,"url":"https:\/\/begamer.cz\/wp-content\/uploads\/2026\/01\/the-sims-3-12.webp","type":"image\/webp"}],"twitter_card":"summary_large_image","twitter_misc":{"Predpokladan\u00fd \u010das \u010d\u00edtania":"2 min\u00faty"},"schema":{"@context":"https:\/\/schema.org","@graph":[{"@type":"WebPage","@id":"https:\/\/begamer.cz\/sk\/produkt\/the-sims-3-sk\/","url":"https:\/\/begamer.cz\/sk\/produkt\/the-sims-3-sk\/","name":"The Sims 3 | BeGamer.cz","isPartOf":{"@id":"https:\/\/begamer.cz\/sk\/#website"},"primaryImageOfPage":{"@id":"https:\/\/begamer.cz\/sk\/produkt\/the-sims-3-sk\/#primaryimage"},"image":{"@id":"https:\/\/begamer.cz\/sk\/produkt\/the-sims-3-sk\/#primaryimage"},"thumbnailUrl":"https:\/\/begamer.cz\/wp-content\/uploads\/2026\/01\/the-sims-3-12.webp","datePublished":"2026-01-30T15:35:16+00:00","dateModified":"2026-03-18T04:35:17+00:00","breadcrumb":{"@id":"https:\/\/begamer.cz\/sk\/produkt\/the-sims-3-sk\/#breadcrumb"},"inLanguage":"sk-SK","potentialAction":[{"@type":"ReadAction","target":["https:\/\/begamer.cz\/sk\/produkt\/the-sims-3-sk\/"]}]},{"@type":"ImageObject","inLanguage":"sk-SK","@id":"https:\/\/begamer.cz\/sk\/produkt\/the-sims-3-sk\/#primaryimage","url":"https:\/\/begamer.cz\/wp-content\/uploads\/2026\/01\/the-sims-3-12.webp","contentUrl":"https:\/\/begamer.cz\/wp-content\/uploads\/2026\/01\/the-sims-3-12.webp","width":300,"height":400},{"@type":"BreadcrumbList","@id":"https:\/\/begamer.cz\/sk\/produkt\/the-sims-3-sk\/#breadcrumb","itemListElement":[{"@type":"ListItem","position":1,"name":"Domov","item":"https:\/\/begamer.cz\/sk\/"},{"@type":"ListItem","position":2,"name":"Obchod","item":"https:\/\/begamer.cz\/obchod\/"},{"@type":"ListItem","position":3,"name":"The Sims 3"}]},{"@type":"WebSite","@id":"https:\/\/begamer.cz\/sk\/#website","url":"https:\/\/begamer.cz\/sk\/","name":"BeGamer.cz","description":"","publisher":{"@id":"https:\/\/begamer.cz\/sk\/#organization"},"potentialAction":[{"@type":"SearchAction","target":{"@type":"EntryPoint","urlTemplate":"https:\/\/begamer.cz\/sk\/?s={search_term_string}"},"query-input":{"@type":"PropertyValueSpecification","valueRequired":true,"valueName":"search_term_string"}}],"inLanguage":"sk-SK"},{"@type":"Organization","@id":"https:\/\/begamer.cz\/sk\/#organization","name":"BeGamer.cz","url":"https:\/\/begamer.cz\/sk\/","logo":{"@type":"ImageObject","inLanguage":"sk-SK","@id":"https:\/\/begamer.cz\/sk\/#\/schema\/logo\/image\/","url":"https:\/\/begamer.cz\/wp-content\/uploads\/2025\/07\/logo.svg","contentUrl":"https:\/\/begamer.cz\/wp-content\/uploads\/2025\/07\/logo.svg","caption":"BeGamer.cz"},"image":{"@id":"https:\/\/begamer.cz\/sk\/#\/schema\/logo\/image\/"}}]}},"acf":[],"_links":{"self":[{"href":"https:\/\/begamer.cz\/sk\/wp-json\/wp\/v2\/product\/96296","targetHints":{"allow":["GET"]}}],"collection":[{"href":"https:\/\/begamer.cz\/sk\/wp-json\/wp\/v2\/product"}],"about":[{"href":"https:\/\/begamer.cz\/sk\/wp-json\/wp\/v2\/types\/product"}],"replies":[{"embeddable":true,"href":"https:\/\/begamer.cz\/sk\/wp-json\/wp\/v2\/comments?post=96296"}],"wp:featuredmedia":[{"embeddable":true,"href":"https:\/\/begamer.cz\/sk\/wp-json\/wp\/v2\/media\/64177"}],"wp:attachment":[{"href":"https:\/\/begamer.cz\/sk\/wp-json\/wp\/v2\/media?parent=96296"}],"wp:term":[{"taxonomy":"product_brand","embeddable":true,"href":"https:\/\/begamer.cz\/sk\/wp-json\/wp\/v2\/product_brand?post=96296"},{"taxonomy":"product_cat","embeddable":true,"href":"https:\/\/begamer.cz\/sk\/wp-json\/wp\/v2\/product_cat?post=96296"},{"taxonomy":"product_tag","embeddable":true,"href":"https:\/\/begamer.cz\/sk\/wp-json\/wp\/v2\/product_tag?post=96296"}],"curies":[{"name":"wp","href":"https:\/\/api.w.org\/{rel}","templated":true}]}}