{"id":96251,"date":"2026-01-30T16:34:00","date_gmt":"2026-01-30T15:34:00","guid":{"rendered":"https:\/\/begamer.cz\/produkt\/okami-hd-sk-1769787242\/"},"modified":"2026-03-18T05:31:55","modified_gmt":"2026-03-18T04:31:55","slug":"okami-hd-sk-2","status":"publish","type":"product","link":"https:\/\/begamer.cz\/sk\/produkt\/okami-hd-sk-2\/","title":{"rendered":"\u014ckami HD"},"content":{"rendered":"<p>Za\u017eite kriticky uzn\u00e1van\u00e9 majstrovsk\u00e9 dielo s jeho renomovan\u00fdm umeleck\u00fdm \u0161t\u00fdlom Sumi-e v \u00fachvatnom vysokom rozl\u00ed\u0161en\u00ed. V\u017eite sa do \u00falohy Amaterasu, japonskej bohyne slnka, ktor\u00e1 \u017eije v podobe legend\u00e1rneho bieleho vlka, a vydajte sa na v\u00fdpravu porazi\u0165 Orochiho, osemhlav\u00e9ho d\u00e9mona a tyransk\u00e9ho netvora zodpovedn\u00e9ho za premenu sveta Nippon na spusto\u0161en\u00fa pustinu.<\/p>\n<p>Hr\u00e1\u010di si bud\u00fa m\u00f4c\u0165 vybra\u0165 medzi modern\u00fdm \u0161irokouhl\u00fdm form\u00e1tom alebo pomerom 4:3 z p\u00f4vodnej verzie. S\u00fa\u010das\u0165ou hry s\u00fa aj interakt\u00edvne obrazovky na na\u010d\u00edtanie z p\u00f4vodnej hry.<\/p>\n","protected":false},"excerpt":{"rendered":"<p>\u014ckami HD je vizu\u00e1lne ohromuj\u00faca ak\u010dn\u00e1 advent\u00fara, v ktorej hr\u00e1te za Amaterasu, bohy\u0148u slnka v podobe vlka. Pou\u017eite magick\u00fd nebesk\u00fd \u0161tetec, aby ste obnovili kr\u00e1sny svet, vyrie\u0161ili h\u00e1danky a porazili temn\u00e9 sily v tejto kriticky uzn\u00e1vanej, umelecky bohatej ceste.<\/p>\n","protected":false},"featured_media":14643,"comment_status":"open","ping_status":"closed","template":"","meta":{"_acf_changed":false},"product_brand":[],"product_cat":[270,268,266,308,312],"product_tag":[],"class_list":{"0":"post-96251","1":"product","2":"type-product","3":"status-publish","4":"has-post-thumbnail","6":"product_cat-adventury-pc-hry-sk","7":"product_cat-pc-sk","8":"product_cat-pc-hry-sk","9":"product_cat-rpg-pc-hry-sk","10":"product_cat-steam-pc-sk","11":"pa_countries-ad","12":"pa_countries-ae","13":"pa_countries-af","14":"pa_countries-ai","15":"pa_countries-al","16":"pa_countries-an","17":"pa_countries-aq","18":"pa_countries-as","19":"pa_countries-at","20":"pa_countries-aw","21":"pa_countries-ax","22":"pa_countries-ba","23":"pa_countries-bd","24":"pa_countries-be","25":"pa_countries-bg","26":"pa_countries-bh","27":"pa_countries-bl","28":"pa_countries-bq","29":"pa_countries-bt","30":"pa_countries-bv","31":"pa_countries-cd","32":"pa_countries-ch","33":"pa_countries-ck","34":"pa_countries-cs","36":"pa_countries-cw","37":"pa_countries-cx","38":"pa_countries-cy","39":"pa_countries-cz","40":"pa_countries-de","41":"pa_countries-dk","42":"pa_countries-do","43":"pa_countries-ee","44":"pa_countries-eg","45":"pa_countries-es","46":"pa_countries-fi","47":"pa_countries-fj","48":"pa_countries-fm","49":"pa_countries-fo","50":"pa_countries-fr","51":"pa_countries-gb","52":"pa_countries-ge","53":"pa_countries-gf","54":"pa_countries-gg","55":"pa_countries-gi","56":"pa_countries-gl","57":"pa_countries-gp","58":"pa_countries-gr","59":"pa_countries-gu","60":"pa_countries-hm","61":"pa_countries-hr","62":"pa_countries-hu","63":"pa_countries-ie","64":"pa_countries-il","65":"pa_countries-im","66":"pa_countries-io","67":"pa_countries-iq","68":"pa_countries-ir","69":"pa_countries-is","70":"pa_countries-it","71":"pa_countries-je","72":"pa_countries-jo","73":"pa_countries-ki","74":"pa_countries-kw","75":"pa_countries-ky","76":"pa_countries-lb","77":"pa_countries-li","78":"pa_countries-lk","79":"pa_countries-lt","80":"pa_countries-lu","81":"pa_countries-lv","82":"pa_countries-mc","83":"pa_countries-me","84":"pa_countries-mf","85":"pa_countries-mh","86":"pa_countries-mk","87":"pa_countries-mn","88":"pa_countries-mp","89":"pa_countries-mq","90":"pa_countries-ms","91":"pa_countries-mt","92":"pa_countries-mv","93":"pa_countries-nc","94":"pa_countries-nf","95":"pa_countries-nl","96":"pa_countries-no","97":"pa_countries-np","98":"pa_countries-nr","99":"pa_countries-nu","100":"pa_countries-om","101":"pa_countries-pf","102":"pa_countries-pg","103":"pa_countries-pk","104":"pa_countries-pl","105":"pa_countries-pm","106":"pa_countries-pn","107":"pa_countries-ps","108":"pa_countries-pt","109":"pa_countries-pw","110":"pa_countries-qa","111":"pa_countries-re","112":"pa_countries-ro","113":"pa_countries-rs","114":"pa_countries-sa","115":"pa_countries-sb","116":"pa_countries-se","117":"pa_countries-sh","118":"pa_countries-si","119":"pa_countries-sj","120":"pa_countries-sk","121":"pa_countries-sm","122":"pa_countries-sx","123":"pa_countries-sy","124":"pa_countries-tc","125":"pa_countries-tf","126":"pa_countries-tk","127":"pa_countries-to","128":"pa_countries-tv","129":"pa_countries-um","130":"pa_countries-va","131":"pa_countries-vg","132":"pa_countries-vi","133":"pa_countries-vu","134":"pa_countries-wf","135":"pa_countries-ws","136":"pa_countries-xk","137":"pa_countries-ye","138":"pa_countries-yt","139":"pa_developer-capcom","140":"pa_developer-clover-studio","142":"pa_game_type-remaster","144":"pa_genres-adventure","145":"pa_genres-role-playing-rpg","147":"pa_interface-de-de","148":"pa_interface-en-us","149":"pa_interface-fr-fr","150":"pa_interface-ja-jp","152":"pa_keywords-4k-ultra-hd","154":"pa_keywords-historical-japan","155":"pa_keywords-playstation-move","156":"pa_keywords-xbox-one-x-enhanced","157":"pa_modes-single-player","159":"pa_pegi-13428","160":"pa_pegi-927","161":"pa_platform-pc-steam","163":"pa_player_perspectives-third-person","165":"pa_publisher-capcom","167":"pa_rating-14592","168":"pa_rating-2513","169":"pa_region-global","171":"pa_themes-action","172":"pa_themes-comedy","173":"pa_themes-fantasy","174":"pa_themes-historical","177":"first","178":"instock","179":"virtual","180":"taxable","181":"purchasable","182":"product-type-simple"},"yoast_head":"<!-- This site is optimized with the Yoast SEO plugin v27.4 - https:\/\/yoast.com\/product\/yoast-seo-wordpress\/ -->\n<title>\u014ckami HD | BeGamer.cz<\/title>\n<meta name=\"robots\" content=\"index, follow, max-snippet:-1, max-image-preview:large, max-video-preview:-1\" \/>\n<link rel=\"canonical\" href=\"https:\/\/begamer.cz\/sk\/produkt\/okami-hd-sk-2\/\" \/>\n<meta property=\"og:locale\" content=\"sk_SK\" \/>\n<meta property=\"og:type\" content=\"article\" \/>\n<meta property=\"og:title\" content=\"\u014ckami HD | BeGamer.cz\" \/>\n<meta property=\"og:description\" content=\"\u014ckami HD je vizu\u00e1lne ohromuj\u00faca ak\u010dn\u00e1 advent\u00fara, v ktorej hr\u00e1te za Amaterasu, bohy\u0148u slnka v podobe vlka. Pou\u017eite magick\u00fd nebesk\u00fd \u0161tetec, aby ste obnovili kr\u00e1sny svet, vyrie\u0161ili h\u00e1danky a porazili temn\u00e9 sily v tejto kriticky uzn\u00e1vanej, umelecky bohatej ceste.\" \/>\n<meta property=\"og:url\" content=\"https:\/\/begamer.cz\/sk\/produkt\/okami-hd-sk-2\/\" \/>\n<meta property=\"og:site_name\" content=\"BeGamer.cz\" \/>\n<meta property=\"article:modified_time\" content=\"2026-03-18T04:31:55+00:00\" \/>\n<meta property=\"og:image\" content=\"https:\/\/begamer.cz\/wp-content\/uploads\/2026\/01\/okami-hd-5.webp\" \/>\n\t<meta property=\"og:image:width\" content=\"300\" \/>\n\t<meta property=\"og:image:height\" content=\"400\" \/>\n\t<meta property=\"og:image:type\" content=\"image\/webp\" \/>\n<meta name=\"twitter:card\" content=\"summary_large_image\" \/>\n<meta name=\"twitter:label1\" content=\"Predpokladan\u00fd \u010das \u010d\u00edtania\" \/>\n\t<meta name=\"twitter:data1\" content=\"1 min\u00fata\" \/>\n<script type=\"application\/ld+json\" class=\"yoast-schema-graph\">{\"@context\":\"https:\\\/\\\/schema.org\",\"@graph\":[{\"@type\":\"WebPage\",\"@id\":\"https:\\\/\\\/begamer.cz\\\/sk\\\/produkt\\\/okami-hd-sk-2\\\/\",\"url\":\"https:\\\/\\\/begamer.cz\\\/sk\\\/produkt\\\/okami-hd-sk-2\\\/\",\"name\":\"\u014ckami HD | BeGamer.cz\",\"isPartOf\":{\"@id\":\"https:\\\/\\\/begamer.cz\\\/sk\\\/#website\"},\"primaryImageOfPage\":{\"@id\":\"https:\\\/\\\/begamer.cz\\\/sk\\\/produkt\\\/okami-hd-sk-2\\\/#primaryimage\"},\"image\":{\"@id\":\"https:\\\/\\\/begamer.cz\\\/sk\\\/produkt\\\/okami-hd-sk-2\\\/#primaryimage\"},\"thumbnailUrl\":\"https:\\\/\\\/begamer.cz\\\/wp-content\\\/uploads\\\/2026\\\/01\\\/okami-hd-5.webp\",\"datePublished\":\"2026-01-30T15:34:00+00:00\",\"dateModified\":\"2026-03-18T04:31:55+00:00\",\"breadcrumb\":{\"@id\":\"https:\\\/\\\/begamer.cz\\\/sk\\\/produkt\\\/okami-hd-sk-2\\\/#breadcrumb\"},\"inLanguage\":\"sk-SK\",\"potentialAction\":[{\"@type\":\"ReadAction\",\"target\":[\"https:\\\/\\\/begamer.cz\\\/sk\\\/produkt\\\/okami-hd-sk-2\\\/\"]}]},{\"@type\":\"ImageObject\",\"inLanguage\":\"sk-SK\",\"@id\":\"https:\\\/\\\/begamer.cz\\\/sk\\\/produkt\\\/okami-hd-sk-2\\\/#primaryimage\",\"url\":\"https:\\\/\\\/begamer.cz\\\/wp-content\\\/uploads\\\/2026\\\/01\\\/okami-hd-5.webp\",\"contentUrl\":\"https:\\\/\\\/begamer.cz\\\/wp-content\\\/uploads\\\/2026\\\/01\\\/okami-hd-5.webp\",\"width\":300,\"height\":400},{\"@type\":\"BreadcrumbList\",\"@id\":\"https:\\\/\\\/begamer.cz\\\/sk\\\/produkt\\\/okami-hd-sk-2\\\/#breadcrumb\",\"itemListElement\":[{\"@type\":\"ListItem\",\"position\":1,\"name\":\"Domov\",\"item\":\"https:\\\/\\\/begamer.cz\\\/sk\\\/\"},{\"@type\":\"ListItem\",\"position\":2,\"name\":\"Obchod\",\"item\":\"https:\\\/\\\/begamer.cz\\\/obchod\\\/\"},{\"@type\":\"ListItem\",\"position\":3,\"name\":\"\u014ckami HD\"}]},{\"@type\":\"WebSite\",\"@id\":\"https:\\\/\\\/begamer.cz\\\/sk\\\/#website\",\"url\":\"https:\\\/\\\/begamer.cz\\\/sk\\\/\",\"name\":\"BeGamer.cz\",\"description\":\"\",\"publisher\":{\"@id\":\"https:\\\/\\\/begamer.cz\\\/sk\\\/#organization\"},\"potentialAction\":[{\"@type\":\"SearchAction\",\"target\":{\"@type\":\"EntryPoint\",\"urlTemplate\":\"https:\\\/\\\/begamer.cz\\\/sk\\\/?s={search_term_string}\"},\"query-input\":{\"@type\":\"PropertyValueSpecification\",\"valueRequired\":true,\"valueName\":\"search_term_string\"}}],\"inLanguage\":\"sk-SK\"},{\"@type\":\"Organization\",\"@id\":\"https:\\\/\\\/begamer.cz\\\/sk\\\/#organization\",\"name\":\"BeGamer.cz\",\"url\":\"https:\\\/\\\/begamer.cz\\\/sk\\\/\",\"logo\":{\"@type\":\"ImageObject\",\"inLanguage\":\"sk-SK\",\"@id\":\"https:\\\/\\\/begamer.cz\\\/sk\\\/#\\\/schema\\\/logo\\\/image\\\/\",\"url\":\"https:\\\/\\\/begamer.cz\\\/wp-content\\\/uploads\\\/2025\\\/07\\\/logo.svg\",\"contentUrl\":\"https:\\\/\\\/begamer.cz\\\/wp-content\\\/uploads\\\/2025\\\/07\\\/logo.svg\",\"caption\":\"BeGamer.cz\"},\"image\":{\"@id\":\"https:\\\/\\\/begamer.cz\\\/sk\\\/#\\\/schema\\\/logo\\\/image\\\/\"}}]}<\/script>\n<!-- \/ Yoast SEO plugin. -->","yoast_head_json":{"title":"\u014ckami HD | BeGamer.cz","robots":{"index":"index","follow":"follow","max-snippet":"max-snippet:-1","max-image-preview":"max-image-preview:large","max-video-preview":"max-video-preview:-1"},"canonical":"https:\/\/begamer.cz\/sk\/produkt\/okami-hd-sk-2\/","og_locale":"sk_SK","og_type":"article","og_title":"\u014ckami HD | BeGamer.cz","og_description":"\u014ckami HD je vizu\u00e1lne ohromuj\u00faca ak\u010dn\u00e1 advent\u00fara, v ktorej hr\u00e1te za Amaterasu, bohy\u0148u slnka v podobe vlka. Pou\u017eite magick\u00fd nebesk\u00fd \u0161tetec, aby ste obnovili kr\u00e1sny svet, vyrie\u0161ili h\u00e1danky a porazili temn\u00e9 sily v tejto kriticky uzn\u00e1vanej, umelecky bohatej ceste.","og_url":"https:\/\/begamer.cz\/sk\/produkt\/okami-hd-sk-2\/","og_site_name":"BeGamer.cz","article_modified_time":"2026-03-18T04:31:55+00:00","og_image":[{"width":300,"height":400,"url":"https:\/\/begamer.cz\/wp-content\/uploads\/2026\/01\/okami-hd-5.webp","type":"image\/webp"}],"twitter_card":"summary_large_image","twitter_misc":{"Predpokladan\u00fd \u010das \u010d\u00edtania":"1 min\u00fata"},"schema":{"@context":"https:\/\/schema.org","@graph":[{"@type":"WebPage","@id":"https:\/\/begamer.cz\/sk\/produkt\/okami-hd-sk-2\/","url":"https:\/\/begamer.cz\/sk\/produkt\/okami-hd-sk-2\/","name":"\u014ckami HD | BeGamer.cz","isPartOf":{"@id":"https:\/\/begamer.cz\/sk\/#website"},"primaryImageOfPage":{"@id":"https:\/\/begamer.cz\/sk\/produkt\/okami-hd-sk-2\/#primaryimage"},"image":{"@id":"https:\/\/begamer.cz\/sk\/produkt\/okami-hd-sk-2\/#primaryimage"},"thumbnailUrl":"https:\/\/begamer.cz\/wp-content\/uploads\/2026\/01\/okami-hd-5.webp","datePublished":"2026-01-30T15:34:00+00:00","dateModified":"2026-03-18T04:31:55+00:00","breadcrumb":{"@id":"https:\/\/begamer.cz\/sk\/produkt\/okami-hd-sk-2\/#breadcrumb"},"inLanguage":"sk-SK","potentialAction":[{"@type":"ReadAction","target":["https:\/\/begamer.cz\/sk\/produkt\/okami-hd-sk-2\/"]}]},{"@type":"ImageObject","inLanguage":"sk-SK","@id":"https:\/\/begamer.cz\/sk\/produkt\/okami-hd-sk-2\/#primaryimage","url":"https:\/\/begamer.cz\/wp-content\/uploads\/2026\/01\/okami-hd-5.webp","contentUrl":"https:\/\/begamer.cz\/wp-content\/uploads\/2026\/01\/okami-hd-5.webp","width":300,"height":400},{"@type":"BreadcrumbList","@id":"https:\/\/begamer.cz\/sk\/produkt\/okami-hd-sk-2\/#breadcrumb","itemListElement":[{"@type":"ListItem","position":1,"name":"Domov","item":"https:\/\/begamer.cz\/sk\/"},{"@type":"ListItem","position":2,"name":"Obchod","item":"https:\/\/begamer.cz\/obchod\/"},{"@type":"ListItem","position":3,"name":"\u014ckami HD"}]},{"@type":"WebSite","@id":"https:\/\/begamer.cz\/sk\/#website","url":"https:\/\/begamer.cz\/sk\/","name":"BeGamer.cz","description":"","publisher":{"@id":"https:\/\/begamer.cz\/sk\/#organization"},"potentialAction":[{"@type":"SearchAction","target":{"@type":"EntryPoint","urlTemplate":"https:\/\/begamer.cz\/sk\/?s={search_term_string}"},"query-input":{"@type":"PropertyValueSpecification","valueRequired":true,"valueName":"search_term_string"}}],"inLanguage":"sk-SK"},{"@type":"Organization","@id":"https:\/\/begamer.cz\/sk\/#organization","name":"BeGamer.cz","url":"https:\/\/begamer.cz\/sk\/","logo":{"@type":"ImageObject","inLanguage":"sk-SK","@id":"https:\/\/begamer.cz\/sk\/#\/schema\/logo\/image\/","url":"https:\/\/begamer.cz\/wp-content\/uploads\/2025\/07\/logo.svg","contentUrl":"https:\/\/begamer.cz\/wp-content\/uploads\/2025\/07\/logo.svg","caption":"BeGamer.cz"},"image":{"@id":"https:\/\/begamer.cz\/sk\/#\/schema\/logo\/image\/"}}]}},"acf":[],"_links":{"self":[{"href":"https:\/\/begamer.cz\/sk\/wp-json\/wp\/v2\/product\/96251","targetHints":{"allow":["GET"]}}],"collection":[{"href":"https:\/\/begamer.cz\/sk\/wp-json\/wp\/v2\/product"}],"about":[{"href":"https:\/\/begamer.cz\/sk\/wp-json\/wp\/v2\/types\/product"}],"replies":[{"embeddable":true,"href":"https:\/\/begamer.cz\/sk\/wp-json\/wp\/v2\/comments?post=96251"}],"wp:featuredmedia":[{"embeddable":true,"href":"https:\/\/begamer.cz\/sk\/wp-json\/wp\/v2\/media\/14643"}],"wp:attachment":[{"href":"https:\/\/begamer.cz\/sk\/wp-json\/wp\/v2\/media?parent=96251"}],"wp:term":[{"taxonomy":"product_brand","embeddable":true,"href":"https:\/\/begamer.cz\/sk\/wp-json\/wp\/v2\/product_brand?post=96251"},{"taxonomy":"product_cat","embeddable":true,"href":"https:\/\/begamer.cz\/sk\/wp-json\/wp\/v2\/product_cat?post=96251"},{"taxonomy":"product_tag","embeddable":true,"href":"https:\/\/begamer.cz\/sk\/wp-json\/wp\/v2\/product_tag?post=96251"}],"curies":[{"name":"wp","href":"https:\/\/api.w.org\/{rel}","templated":true}]}}