{"id":96203,"date":"2026-01-30T16:32:57","date_gmt":"2026-01-30T15:32:57","guid":{"rendered":"https:\/\/begamer.cz\/produkt\/imp-of-the-sun-sk\/"},"modified":"2026-03-18T05:23:12","modified_gmt":"2026-03-18T04:23:12","slug":"imp-of-the-sun-sk","status":"publish","type":"product","link":"https:\/\/begamer.cz\/sk\/produkt\/imp-of-the-sun-sk\/","title":{"rendered":"Imp of the Sun"},"content":{"rendered":"<h1>O hre<\/h1>\n<p><span class=\"bb_img_ctn\"><img loading=\"lazy\" decoding=\"async\" class=\"bb_img\" src=\"https:\/\/shared.akamai.steamstatic.com\/store_item_assets\/steam\/apps\/1535780\/extras\/19ed613593ebf93b17e747277923e1cb.avif?t=1715614778\" width=\"616\" height=\"240\" \/><\/span><br \/>Imp of the Sun je neline\u00e1rna 2D ak\u010dn\u00e1 plo\u0161inovka, ktor\u00e1 kombinuje r\u00fdchle boje a prieskum v \u00fa\u017easnom svete in\u0161pirovanom Peru, od jasn\u00fdch vrcholkov Andsk\u00fdch h\u00f4r po hust\u00e9 amazonsk\u00e9 d\u017eungle a mnoho \u010fal\u0161ieho.<\/p>\n<p>Hr\u00e1te za Nina, \u0161kriatka vytvoren\u00e9ho z poslednej iskry Slnka, ktor\u00fd je poslan\u00fd na dobrodru\u017estvo, aby porazil \u0160tyroch str\u00e1\u017ecov a obnovil silu Slnka, \u010d\u00edm ukon\u010d\u00ed Ve\u010dn\u00e9 zatmenie, ne\u017e sa svet ponor\u00ed do tmy.<\/p>\n<p><span class=\"bb_img_ctn\"><video class=\"bb_img\" autoplay muted loop playsinline poster=\"https:\/\/shared.akamai.steamstatic.com\/store_item_assets\/steam\/apps\/1535780\/extras\/74143a1e928cb317a3aef5ba70f3a9b5.poster.avif?t=1715614778\" width=\"600\" height=\"338\"><\/video><\/span><\/p>\n<h2 class=\"bb_tag\">Ukon\u010dite ve\u010dn\u00fd \u00fasvit<\/h2>\n<p>Sila Slnka, ktor\u00fa pred storo\u010diami ukradli \u0161tyria str\u00e1\u017ecovia a ukryli v od\u013eahl\u00fdch k\u00fatoch r\u00ed\u0161e, je nevyhnutn\u00e1 pre \u017eivot. Svojou umieraj\u00facou iskrou Slnko stvor\u00ed Nina a po\u0161le ho na dobrodru\u017estvo, aby vr\u00e1til svetlo a obnovil rovnov\u00e1hu v r\u00ed\u0161i.<\/p>\n<p><span class=\"bb_img_ctn\"><video class=\"bb_img\" autoplay muted loop playsinline poster=\"https:\/\/shared.akamai.steamstatic.com\/store_item_assets\/steam\/apps\/1535780\/extras\/ab1761422c6e63b4cbf4dc384c59958e.poster.avif?t=1715614778\" width=\"600\" height=\"338\"><\/video><\/span><\/p>\n<h2 class=\"bb_tag\">Pou\u017eite svoj vn\u00fatorn\u00fd ohe\u0148<\/h2>\n<p>Ako stvorenie Slnka m\u00e1te silu jeho plame\u0148a na dosah ruky. Zdokona\u013ete svoje zru\u010dnosti v optimalizovanej hre vytvorenej pre plynul\u00e9 pohyby a boj zalo\u017een\u00fd na kombin\u00e1ci\u00e1ch a objavte nov\u00e9 schopnosti, aby ste sa stali silnej\u0161\u00edmi, ke\u010f sa vyd\u00e1te na dobrodru\u017estvo cez Slne\u010dn\u00fa r\u00ed\u0161u, aby ste porazili \u0160tyroch str\u00e1\u017ecov.<\/p>\n<p><span class=\"bb_img_ctn\"><video class=\"bb_img\" autoplay muted loop playsinline poster=\"https:\/\/shared.akamai.steamstatic.com\/store_item_assets\/steam\/apps\/1535780\/extras\/d0db7b225b24af27cd5956e9b7a876c8.poster.avif?t=1715614778\" width=\"600\" height=\"338\"><\/video><\/span><\/p>\n<h2 class=\"bb_tag\">Presk\u00famajte, zbierajte a u\u010dte sa<\/h2>\n<p>Na\u0161i predkovia zaznamen\u00e1vali svoju hist\u00f3riu prostredn\u00edctvom artefaktov zn\u00e1mych ako \u201eQuipus\u201c. Zbierajte Quipus, aby ste odhalili pr\u00edbeh za Ve\u010dn\u00fdm zatmen\u00edm, a n\u00e1jdite jedine\u010dn\u00e9 skryt\u00e9 predmety zalo\u017een\u00e9 na skuto\u010dn\u00fdch relikvi\u00e1ch z andsk\u00fdch kult\u00far. Presk\u00famajte Slne\u010dn\u00e9 imp\u00e9rium a porazte jedine\u010dn\u00fdch, n\u00e1ro\u010dn\u00fdch bossov v \u013eubovo\u013enom porad\u00ed; ka\u017ed\u00fd z nich m\u00e1 svoje vlastn\u00e9 zlo\u017eit\u00e9 mechaniky a pr\u00edbeh.<\/p>\n<p><span class=\"bb_img_ctn\"><video class=\"bb_img\" autoplay muted loop playsinline poster=\"https:\/\/shared.akamai.steamstatic.com\/store_item_assets\/steam\/apps\/1535780\/extras\/409a91d021770edc2c10da3b1ab7de74.poster.avif?t=1715614778\" width=\"600\" height=\"338\"><\/video><\/span><\/p>\n<h2 class=\"bb_tag\">Ohromuj\u00faci svet in\u0161pirovan\u00fd Peru<\/h2>\n<p>Objavte \u0161tyri k\u00faty r\u00ed\u0161e, od jasn\u00fdch vrcholkov andsk\u00fdch h\u00f4r a hust\u00fdch amazonsk\u00fdch d\u017eungl\u00ed a\u017e po such\u00e9, rozp\u00e1len\u00e9 p\u00fa\u0161te a temn\u00e9 hlbiny podsvetia. Ka\u017ed\u00e1 krajina a ka\u017ed\u00e1 bytos\u0165 s\u00fa starostlivo ru\u010dne nakreslen\u00e9 a detailne spracovan\u00e9, \u010d\u00edm oslavuj\u00fa civiliz\u00e1cie, ktor\u00e9 kedysi ob\u00fdvali a vl\u00e1dli Peru.<\/p>\n<p><span class=\"bb_img_ctn\"><video class=\"bb_img\" autoplay muted loop playsinline poster=\"https:\/\/shared.akamai.steamstatic.com\/store_item_assets\/steam\/apps\/1535780\/extras\/ad6fd8c8d500f44583ee4fade29fe549.poster.avif?t=1715614778\" width=\"600\" height=\"338\"><\/video><\/span><\/p>\n<h2 class=\"bb_tag\">Funkcie<\/h2>\n<ul class=\"bb_ul\">\n<li>Zjednodu\u0161en\u00e1 hrate\u013enos\u0165 vytvoren\u00e1 pre plynul\u00e9 pohyby a boj zalo\u017een\u00fd na kombo.<\/li>\n<li>Unik\u00e1tny umeleck\u00fd \u0161t\u00fdl a soundtrack ovplyvnen\u00fd Peru, in\u0161pirovan\u00fd skuto\u010dn\u00fdmi pamiatkami andskej kult\u00fary.<\/li>\n<li>Za\u017eite p\u00e4\u0165 jedine\u010dn\u00fdch a n\u00e1ro\u010dn\u00fdch bossov v \u013eubovo\u013enom porad\u00ed, z ktor\u00fdch ka\u017ed\u00fd m\u00e1 svoje vlastn\u00e9 komplexn\u00e9 mechaniky a pr\u00edbeh.<\/li>\n<li>Neust\u00e1le sa zdokona\u013eujte, ako sa hr\u00e1\u010di u\u010dia lep\u0161ie ovl\u00e1da\u0165 Imp a jeho silu a pohybova\u0165 sa v prostred\u00ed.<\/li>\n<li>Hra Imp of the Sun je navrhnut\u00e1 tak, aby sa dala hra\u0165 opakovane, a hr\u00e1\u010di m\u00f4\u017eu po\u010das cesty n\u00e1js\u0165 aj skratky.<\/li>\n<li>Hrajte re\u017eim Eclipse Mode pre autentick\u00fd z\u00e1\u017eitok v zatemnenej r\u00ed\u0161i, kde s\u00fa v\u0161etky oblasti zahalen\u00e9 v \u00faplnej tme, k\u00fdm ich Imp nepresk\u00fama.\n<p><span class=\"bb_img_ctn\"><video class=\"bb_img\" autoplay muted loop playsinline poster=\"https:\/\/shared.akamai.steamstatic.com\/store_item_assets\/steam\/apps\/1535780\/extras\/e501171c3535e8954ec38dd83e3d26f1.poster.avif?t=1715614778\" width=\"616\" height=\"240\"><\/video><\/span><br \/>Pridajte sa k n\u00e1\u0161mu Discord: <\/li>\n<\/ul>\n","protected":false},"excerpt":{"rendered":"<p>Obnovte slne\u010dn\u00e9 svetlo a ukon\u010dite ve\u010dn\u00fd zatmenie v tejto r\u00fdchlej 2D ak\u010dnej plo\u0161inovke in\u0161pirovanej peru\u00e1nskymi kult\u00farami. Presk\u00famajte ru\u010dne vytvoren\u00e9 prostredia, bojujte a zdokona\u013eujte svoje zru\u010dnosti, aby ste porazili \u0161tyroch str\u00e1\u017ecov, ktor\u00ed ukradli silu Slnka.<\/p>\n","protected":false},"featured_media":63418,"comment_status":"open","ping_status":"closed","template":"","meta":{"_acf_changed":false},"product_brand":[],"product_cat":[274,280,290,268,266,312],"product_tag":[],"class_list":{"0":"post-96203","1":"product","2":"type-product","3":"status-publish","4":"has-post-thumbnail","6":"product_cat-arkady-pc-hry-sk","7":"product_cat-dobrodruzne-pc-hry-sk","8":"product_cat-indie-hry-pc-sk","9":"product_cat-pc-sk","10":"product_cat-pc-hry-sk","11":"product_cat-steam-pc-sk","12":"pa_countries-ad","13":"pa_countries-ae","14":"pa_countries-af","15":"pa_countries-ag","16":"pa_countries-ai","17":"pa_countries-al","18":"pa_countries-am","19":"pa_countries-ao","20":"pa_countries-aq","21":"pa_countries-ar","22":"pa_countries-as","23":"pa_countries-at","24":"pa_countries-au","25":"pa_countries-aw","26":"pa_countries-ax","27":"pa_countries-az","28":"pa_countries-ba","29":"pa_countries-bb","30":"pa_countries-bd","31":"pa_countries-be","32":"pa_countries-bf","33":"pa_countries-bg","34":"pa_countries-bh","35":"pa_countries-bi","36":"pa_countries-bj","37":"pa_countries-bl","38":"pa_countries-bm","39":"pa_countries-bn","40":"pa_countries-bo","41":"pa_countries-bq","42":"pa_countries-br","43":"pa_countries-bs","44":"pa_countries-bt","45":"pa_countries-bv","46":"pa_countries-bw","47":"pa_countries-bz","48":"pa_countries-ca","49":"pa_countries-cc","50":"pa_countries-cd","51":"pa_countries-cf","52":"pa_countries-cg","53":"pa_countries-ch","54":"pa_countries-ci","55":"pa_countries-ck","56":"pa_countries-cl","57":"pa_countries-cm","58":"pa_countries-cn","59":"pa_countries-co","60":"pa_countries-cr","61":"pa_countries-cu","62":"pa_countries-cv","63":"pa_countries-cw","64":"pa_countries-cx","65":"pa_countries-cy","66":"pa_countries-cz","67":"pa_countries-de","68":"pa_countries-dj","69":"pa_countries-dk","70":"pa_countries-dm","71":"pa_countries-do","72":"pa_countries-dz","73":"pa_countries-ec","74":"pa_countries-ee","75":"pa_countries-eg","76":"pa_countries-eh","77":"pa_countries-er","78":"pa_countries-es","79":"pa_countries-et","80":"pa_countries-fi","81":"pa_countries-fj","82":"pa_countries-fk","83":"pa_countries-fm","84":"pa_countries-fo","85":"pa_countries-fr","86":"pa_countries-ga","87":"pa_countries-gb","88":"pa_countries-gd","89":"pa_countries-ge","90":"pa_countries-gf","91":"pa_countries-gg","92":"pa_countries-gh","93":"pa_countries-gi","94":"pa_countries-gl","95":"pa_countries-gm","96":"pa_countries-gn","97":"pa_countries-gp","98":"pa_countries-gq","99":"pa_countries-gr","100":"pa_countries-gs","101":"pa_countries-gt","102":"pa_countries-gu","103":"pa_countries-gw","104":"pa_countries-gy","105":"pa_countries-hk","106":"pa_countries-hm","107":"pa_countries-hn","108":"pa_countries-hr","109":"pa_countries-ht","110":"pa_countries-hu","111":"pa_countries-id","112":"pa_countries-ie","113":"pa_countries-il","114":"pa_countries-im","115":"pa_countries-in","116":"pa_countries-io","117":"pa_countries-iq","118":"pa_countries-ir","119":"pa_countries-is","120":"pa_countries-it","121":"pa_countries-je","122":"pa_countries-jm","123":"pa_countries-jo","124":"pa_countries-jp","125":"pa_countries-ke","126":"pa_countries-kg","127":"pa_countries-kh","128":"pa_countries-ki","129":"pa_countries-km","130":"pa_countries-kn","131":"pa_countries-kp","132":"pa_countries-kr","133":"pa_countries-kw","134":"pa_countries-ky","135":"pa_countries-kz","136":"pa_countries-la","137":"pa_countries-lb","138":"pa_countries-lc","139":"pa_countries-li","140":"pa_countries-lk","141":"pa_countries-lr","142":"pa_countries-ls","143":"pa_countries-lt","144":"pa_countries-lu","145":"pa_countries-lv","146":"pa_countries-ly","147":"pa_countries-ma","148":"pa_countries-mc","149":"pa_countries-md","150":"pa_countries-me","151":"pa_countries-mf","152":"pa_countries-mg","153":"pa_countries-mh","154":"pa_countries-mk","155":"pa_countries-ml","156":"pa_countries-mm","157":"pa_countries-mn","158":"pa_countries-mo","159":"pa_countries-mp","160":"pa_countries-mq","161":"pa_countries-mr","162":"pa_countries-ms","163":"pa_countries-mt","164":"pa_countries-mu","165":"pa_countries-mv","166":"pa_countries-mw","167":"pa_countries-mx","168":"pa_countries-my","169":"pa_countries-mz","170":"pa_countries-na","171":"pa_countries-nc","172":"pa_countries-ne","173":"pa_countries-nf","174":"pa_countries-ng","175":"pa_countries-ni","176":"pa_countries-nl","177":"pa_countries-no","178":"pa_countries-np","179":"pa_countries-nr","180":"pa_countries-nu","181":"pa_countries-nz","182":"pa_countries-om","183":"pa_countries-pa","184":"pa_countries-pe","185":"pa_countries-pf","186":"pa_countries-pg","187":"pa_countries-ph","188":"pa_countries-pk","189":"pa_countries-pl","190":"pa_countries-pm","191":"pa_countries-pn","192":"pa_countries-pr","193":"pa_countries-ps","194":"pa_countries-pt","195":"pa_countries-pw","196":"pa_countries-py","197":"pa_countries-qa","198":"pa_countries-re","199":"pa_countries-ro","200":"pa_countries-rs","201":"pa_countries-rw","202":"pa_countries-sa","203":"pa_countries-sb","204":"pa_countries-sc","205":"pa_countries-sd","206":"pa_countries-se","207":"pa_countries-sg","208":"pa_countries-sh","209":"pa_countries-si","210":"pa_countries-sj","211":"pa_countries-sk","212":"pa_countries-sl","213":"pa_countries-sm","214":"pa_countries-sn","215":"pa_countries-so","216":"pa_countries-sr","217":"pa_countries-ss","219":"pa_countries-st","220":"pa_countries-sv","221":"pa_countries-sx","222":"pa_countries-sy","223":"pa_countries-sz","224":"pa_countries-tc","225":"pa_countries-td","226":"pa_countries-tf","227":"pa_countries-tg","228":"pa_countries-th","229":"pa_countries-tj","230":"pa_countries-tk","231":"pa_countries-tl","232":"pa_countries-tm","233":"pa_countries-tn","234":"pa_countries-to","235":"pa_countries-tr","236":"pa_countries-tt","237":"pa_countries-tv","238":"pa_countries-tw","239":"pa_countries-tz","240":"pa_countries-ua","241":"pa_countries-ug","242":"pa_countries-um","243":"pa_countries-us","244":"pa_countries-uy","245":"pa_countries-uz","246":"pa_countries-va","247":"pa_countries-vc","248":"pa_countries-ve","249":"pa_countries-vg","250":"pa_countries-vi","251":"pa_countries-vn","252":"pa_countries-vu","253":"pa_countries-wf","254":"pa_countries-ws","255":"pa_countries-xk","257":"pa_countries-ye","258":"pa_countries-yt","259":"pa_countries-za","260":"pa_countries-zm","261":"pa_countries-zw","262":"pa_developer-sunwolf-entertainment","264":"pa_engine-unreal-engine-4","266":"pa_game_type-main_game","268":"pa_genres-adventure","269":"pa_genres-fighting","271":"pa_genres-indie","272":"pa_genres-platform","274":"pa_interface-de-de","275":"pa_interface-en-us","276":"pa_interface-es-es","277":"pa_interface-es-mx","278":"pa_interface-fr-fr","279":"pa_interface-ja-jp","280":"pa_interface-pt-br","281":"pa_interface-pt-pt","283":"pa_interface-ru-ru","285":"pa_interface-zh-cn","286":"pa_interface-zh-tw","287":"pa_keywords-metroidvania","288":"pa_keywords-mythology","289":"pa_modes-single-player","291":"pa_pegi-13424","292":"pa_pegi-772","293":"pa_platform-pc-steam","295":"pa_player_perspectives-side-view","297":"pa_publisher-sunwolf-entertainment","299":"pa_rating-14498","300":"pa_rating-1314","301":"pa_region-global","303":"pa_subtitles-de-de","305":"pa_subtitles-en-us","306":"pa_subtitles-es-es","307":"pa_subtitles-fr-fr","308":"pa_subtitles-ja-jp","309":"pa_subtitles-pt-br","310":"pa_subtitles-ru-ru","312":"pa_subtitles-zh-cn","313":"pa_subtitles-zh-tw","314":"pa_themes-action","316":"pa_themes-fantasy","319":"first","320":"instock","321":"virtual","322":"taxable","323":"purchasable","324":"product-type-simple"},"yoast_head":"<!-- This site is optimized with the Yoast SEO plugin v27.3 - https:\/\/yoast.com\/product\/yoast-seo-wordpress\/ -->\n<title>Imp of the Sun | BeGamer.cz<\/title>\n<meta name=\"robots\" content=\"index, follow, max-snippet:-1, max-image-preview:large, max-video-preview:-1\" \/>\n<link rel=\"canonical\" href=\"https:\/\/begamer.cz\/sk\/produkt\/imp-of-the-sun-sk\/\" \/>\n<meta property=\"og:locale\" content=\"sk_SK\" \/>\n<meta property=\"og:type\" content=\"article\" \/>\n<meta property=\"og:title\" content=\"Imp of the Sun | BeGamer.cz\" \/>\n<meta property=\"og:description\" content=\"Obnovte slne\u010dn\u00e9 svetlo a ukon\u010dite ve\u010dn\u00fd zatmenie v tejto r\u00fdchlej 2D ak\u010dnej plo\u0161inovke in\u0161pirovanej peru\u00e1nskymi kult\u00farami. Presk\u00famajte ru\u010dne vytvoren\u00e9 prostredia, bojujte a zdokona\u013eujte svoje zru\u010dnosti, aby ste porazili \u0161tyroch str\u00e1\u017ecov, ktor\u00ed ukradli silu Slnka.\" \/>\n<meta property=\"og:url\" content=\"https:\/\/begamer.cz\/sk\/produkt\/imp-of-the-sun-sk\/\" \/>\n<meta property=\"og:site_name\" content=\"BeGamer.cz\" \/>\n<meta property=\"article:modified_time\" content=\"2026-03-18T04:23:12+00:00\" \/>\n<meta property=\"og:image\" content=\"https:\/\/begamer.cz\/wp-content\/uploads\/2026\/01\/imp-of-the-sun-5.webp\" \/>\n\t<meta property=\"og:image:width\" content=\"300\" \/>\n\t<meta property=\"og:image:height\" content=\"400\" \/>\n\t<meta property=\"og:image:type\" content=\"image\/webp\" \/>\n<meta name=\"twitter:card\" content=\"summary_large_image\" \/>\n<meta name=\"twitter:label1\" content=\"Predpokladan\u00fd \u010das \u010d\u00edtania\" \/>\n\t<meta name=\"twitter:data1\" content=\"2 min\u00faty\" \/>\n<script type=\"application\/ld+json\" class=\"yoast-schema-graph\">{\"@context\":\"https:\\\/\\\/schema.org\",\"@graph\":[{\"@type\":\"WebPage\",\"@id\":\"https:\\\/\\\/begamer.cz\\\/sk\\\/produkt\\\/imp-of-the-sun-sk\\\/\",\"url\":\"https:\\\/\\\/begamer.cz\\\/sk\\\/produkt\\\/imp-of-the-sun-sk\\\/\",\"name\":\"Imp of the Sun | BeGamer.cz\",\"isPartOf\":{\"@id\":\"https:\\\/\\\/begamer.cz\\\/sk\\\/#website\"},\"primaryImageOfPage\":{\"@id\":\"https:\\\/\\\/begamer.cz\\\/sk\\\/produkt\\\/imp-of-the-sun-sk\\\/#primaryimage\"},\"image\":{\"@id\":\"https:\\\/\\\/begamer.cz\\\/sk\\\/produkt\\\/imp-of-the-sun-sk\\\/#primaryimage\"},\"thumbnailUrl\":\"https:\\\/\\\/begamer.cz\\\/wp-content\\\/uploads\\\/2026\\\/01\\\/imp-of-the-sun-5.webp\",\"datePublished\":\"2026-01-30T15:32:57+00:00\",\"dateModified\":\"2026-03-18T04:23:12+00:00\",\"breadcrumb\":{\"@id\":\"https:\\\/\\\/begamer.cz\\\/sk\\\/produkt\\\/imp-of-the-sun-sk\\\/#breadcrumb\"},\"inLanguage\":\"sk-SK\",\"potentialAction\":[{\"@type\":\"ReadAction\",\"target\":[\"https:\\\/\\\/begamer.cz\\\/sk\\\/produkt\\\/imp-of-the-sun-sk\\\/\"]}]},{\"@type\":\"ImageObject\",\"inLanguage\":\"sk-SK\",\"@id\":\"https:\\\/\\\/begamer.cz\\\/sk\\\/produkt\\\/imp-of-the-sun-sk\\\/#primaryimage\",\"url\":\"https:\\\/\\\/begamer.cz\\\/wp-content\\\/uploads\\\/2026\\\/01\\\/imp-of-the-sun-5.webp\",\"contentUrl\":\"https:\\\/\\\/begamer.cz\\\/wp-content\\\/uploads\\\/2026\\\/01\\\/imp-of-the-sun-5.webp\",\"width\":300,\"height\":400},{\"@type\":\"BreadcrumbList\",\"@id\":\"https:\\\/\\\/begamer.cz\\\/sk\\\/produkt\\\/imp-of-the-sun-sk\\\/#breadcrumb\",\"itemListElement\":[{\"@type\":\"ListItem\",\"position\":1,\"name\":\"Domov\",\"item\":\"https:\\\/\\\/begamer.cz\\\/sk\\\/\"},{\"@type\":\"ListItem\",\"position\":2,\"name\":\"Obchod\",\"item\":\"https:\\\/\\\/begamer.cz\\\/obchod\\\/\"},{\"@type\":\"ListItem\",\"position\":3,\"name\":\"Imp of the Sun\"}]},{\"@type\":\"WebSite\",\"@id\":\"https:\\\/\\\/begamer.cz\\\/sk\\\/#website\",\"url\":\"https:\\\/\\\/begamer.cz\\\/sk\\\/\",\"name\":\"BeGamer.cz\",\"description\":\"\",\"publisher\":{\"@id\":\"https:\\\/\\\/begamer.cz\\\/sk\\\/#organization\"},\"potentialAction\":[{\"@type\":\"SearchAction\",\"target\":{\"@type\":\"EntryPoint\",\"urlTemplate\":\"https:\\\/\\\/begamer.cz\\\/sk\\\/?s={search_term_string}\"},\"query-input\":{\"@type\":\"PropertyValueSpecification\",\"valueRequired\":true,\"valueName\":\"search_term_string\"}}],\"inLanguage\":\"sk-SK\"},{\"@type\":\"Organization\",\"@id\":\"https:\\\/\\\/begamer.cz\\\/sk\\\/#organization\",\"name\":\"BeGamer.cz\",\"url\":\"https:\\\/\\\/begamer.cz\\\/sk\\\/\",\"logo\":{\"@type\":\"ImageObject\",\"inLanguage\":\"sk-SK\",\"@id\":\"https:\\\/\\\/begamer.cz\\\/sk\\\/#\\\/schema\\\/logo\\\/image\\\/\",\"url\":\"https:\\\/\\\/begamer.cz\\\/wp-content\\\/uploads\\\/2025\\\/07\\\/logo.svg\",\"contentUrl\":\"https:\\\/\\\/begamer.cz\\\/wp-content\\\/uploads\\\/2025\\\/07\\\/logo.svg\",\"caption\":\"BeGamer.cz\"},\"image\":{\"@id\":\"https:\\\/\\\/begamer.cz\\\/sk\\\/#\\\/schema\\\/logo\\\/image\\\/\"}}]}<\/script>\n<!-- \/ Yoast SEO plugin. -->","yoast_head_json":{"title":"Imp of the Sun | BeGamer.cz","robots":{"index":"index","follow":"follow","max-snippet":"max-snippet:-1","max-image-preview":"max-image-preview:large","max-video-preview":"max-video-preview:-1"},"canonical":"https:\/\/begamer.cz\/sk\/produkt\/imp-of-the-sun-sk\/","og_locale":"sk_SK","og_type":"article","og_title":"Imp of the Sun | BeGamer.cz","og_description":"Obnovte slne\u010dn\u00e9 svetlo a ukon\u010dite ve\u010dn\u00fd zatmenie v tejto r\u00fdchlej 2D ak\u010dnej plo\u0161inovke in\u0161pirovanej peru\u00e1nskymi kult\u00farami. Presk\u00famajte ru\u010dne vytvoren\u00e9 prostredia, bojujte a zdokona\u013eujte svoje zru\u010dnosti, aby ste porazili \u0161tyroch str\u00e1\u017ecov, ktor\u00ed ukradli silu Slnka.","og_url":"https:\/\/begamer.cz\/sk\/produkt\/imp-of-the-sun-sk\/","og_site_name":"BeGamer.cz","article_modified_time":"2026-03-18T04:23:12+00:00","og_image":[{"width":300,"height":400,"url":"https:\/\/begamer.cz\/wp-content\/uploads\/2026\/01\/imp-of-the-sun-5.webp","type":"image\/webp"}],"twitter_card":"summary_large_image","twitter_misc":{"Predpokladan\u00fd \u010das \u010d\u00edtania":"2 min\u00faty"},"schema":{"@context":"https:\/\/schema.org","@graph":[{"@type":"WebPage","@id":"https:\/\/begamer.cz\/sk\/produkt\/imp-of-the-sun-sk\/","url":"https:\/\/begamer.cz\/sk\/produkt\/imp-of-the-sun-sk\/","name":"Imp of the Sun | BeGamer.cz","isPartOf":{"@id":"https:\/\/begamer.cz\/sk\/#website"},"primaryImageOfPage":{"@id":"https:\/\/begamer.cz\/sk\/produkt\/imp-of-the-sun-sk\/#primaryimage"},"image":{"@id":"https:\/\/begamer.cz\/sk\/produkt\/imp-of-the-sun-sk\/#primaryimage"},"thumbnailUrl":"https:\/\/begamer.cz\/wp-content\/uploads\/2026\/01\/imp-of-the-sun-5.webp","datePublished":"2026-01-30T15:32:57+00:00","dateModified":"2026-03-18T04:23:12+00:00","breadcrumb":{"@id":"https:\/\/begamer.cz\/sk\/produkt\/imp-of-the-sun-sk\/#breadcrumb"},"inLanguage":"sk-SK","potentialAction":[{"@type":"ReadAction","target":["https:\/\/begamer.cz\/sk\/produkt\/imp-of-the-sun-sk\/"]}]},{"@type":"ImageObject","inLanguage":"sk-SK","@id":"https:\/\/begamer.cz\/sk\/produkt\/imp-of-the-sun-sk\/#primaryimage","url":"https:\/\/begamer.cz\/wp-content\/uploads\/2026\/01\/imp-of-the-sun-5.webp","contentUrl":"https:\/\/begamer.cz\/wp-content\/uploads\/2026\/01\/imp-of-the-sun-5.webp","width":300,"height":400},{"@type":"BreadcrumbList","@id":"https:\/\/begamer.cz\/sk\/produkt\/imp-of-the-sun-sk\/#breadcrumb","itemListElement":[{"@type":"ListItem","position":1,"name":"Domov","item":"https:\/\/begamer.cz\/sk\/"},{"@type":"ListItem","position":2,"name":"Obchod","item":"https:\/\/begamer.cz\/obchod\/"},{"@type":"ListItem","position":3,"name":"Imp of the Sun"}]},{"@type":"WebSite","@id":"https:\/\/begamer.cz\/sk\/#website","url":"https:\/\/begamer.cz\/sk\/","name":"BeGamer.cz","description":"","publisher":{"@id":"https:\/\/begamer.cz\/sk\/#organization"},"potentialAction":[{"@type":"SearchAction","target":{"@type":"EntryPoint","urlTemplate":"https:\/\/begamer.cz\/sk\/?s={search_term_string}"},"query-input":{"@type":"PropertyValueSpecification","valueRequired":true,"valueName":"search_term_string"}}],"inLanguage":"sk-SK"},{"@type":"Organization","@id":"https:\/\/begamer.cz\/sk\/#organization","name":"BeGamer.cz","url":"https:\/\/begamer.cz\/sk\/","logo":{"@type":"ImageObject","inLanguage":"sk-SK","@id":"https:\/\/begamer.cz\/sk\/#\/schema\/logo\/image\/","url":"https:\/\/begamer.cz\/wp-content\/uploads\/2025\/07\/logo.svg","contentUrl":"https:\/\/begamer.cz\/wp-content\/uploads\/2025\/07\/logo.svg","caption":"BeGamer.cz"},"image":{"@id":"https:\/\/begamer.cz\/sk\/#\/schema\/logo\/image\/"}}]}},"acf":[],"_links":{"self":[{"href":"https:\/\/begamer.cz\/sk\/wp-json\/wp\/v2\/product\/96203","targetHints":{"allow":["GET"]}}],"collection":[{"href":"https:\/\/begamer.cz\/sk\/wp-json\/wp\/v2\/product"}],"about":[{"href":"https:\/\/begamer.cz\/sk\/wp-json\/wp\/v2\/types\/product"}],"replies":[{"embeddable":true,"href":"https:\/\/begamer.cz\/sk\/wp-json\/wp\/v2\/comments?post=96203"}],"wp:featuredmedia":[{"embeddable":true,"href":"https:\/\/begamer.cz\/sk\/wp-json\/wp\/v2\/media\/63418"}],"wp:attachment":[{"href":"https:\/\/begamer.cz\/sk\/wp-json\/wp\/v2\/media?parent=96203"}],"wp:term":[{"taxonomy":"product_brand","embeddable":true,"href":"https:\/\/begamer.cz\/sk\/wp-json\/wp\/v2\/product_brand?post=96203"},{"taxonomy":"product_cat","embeddable":true,"href":"https:\/\/begamer.cz\/sk\/wp-json\/wp\/v2\/product_cat?post=96203"},{"taxonomy":"product_tag","embeddable":true,"href":"https:\/\/begamer.cz\/sk\/wp-json\/wp\/v2\/product_tag?post=96203"}],"curies":[{"name":"wp","href":"https:\/\/api.w.org\/{rel}","templated":true}]}}