{"id":96122,"date":"2026-01-30T16:31:38","date_gmt":"2026-01-30T15:31:38","guid":{"rendered":"https:\/\/begamer.cz\/produkt\/street-fighter-6-sk\/"},"modified":"2026-03-18T05:15:26","modified_gmt":"2026-03-18T04:15:26","slug":"street-fighter-6-sk","status":"publish","type":"product","link":"https:\/\/begamer.cz\/sk\/produkt\/street-fighter-6-sk\/","title":{"rendered":"Street Fighter 6"},"content":{"rendered":"<p>Verzia Street Fighter 6 pre Switch 2 pon\u00faka vylep\u0161en\u00fa grafiku a stabiln\u00fd v\u00fdkon, ako aj mo\u017enosti online a lok\u00e1lneho multiplayeru. Obsahuje aj exkluz\u00edvne re\u017eimy, ako s\u00fa Local Wireless One-on-One a Avatar Matches. Dva nov\u00e9 re\u017eimy zalo\u017een\u00e9 na pohybe, Gyro Battle a Calorie Contest, vyu\u017e\u00edvaj\u00fa ovl\u00e1da\u010de Joy-Con pre akt\u00edvnej\u0161iu hru zalo\u017een\u00fa na pohybe. Podpora Amiibo umo\u017e\u0148uje hr\u00e1\u010dom odomkn\u00fa\u0165 kozmetick\u00e9 doplnky a ulo\u017ei\u0165 nastavenia ovl\u00e1dania alebo v\u00fdstroja. S\u00fa zahrnut\u00e9 v\u0161etky z\u00e1kladn\u00e9 re\u017eimy \u2013 Fighting Ground, World Tour a Battle Hub \u2013 spolu s koment\u00e1rom v re\u00e1lnom \u010dase, syst\u00e9mom Drive Gauge a zoznamom 18 bojovn\u00edkov.<\/p>\n","protected":false},"excerpt":{"rendered":"<p>Street Fighter 6 pon\u00faka intenz\u00edvnu, r\u00fdchlu bojov\u00fa akciu s rozmanit\u00fdmi postavami, nov\u00fdmi mechanizmami a ohromuj\u00facou grafikou. Za\u017eite vzru\u0161uj\u00face s\u00f3lo re\u017eimy a s\u00fa\u0165a\u017eiv\u00e9 multiplayerov\u00e9 bitky v najnov\u0161om diele tejto kultovej s\u00e9rie. Ide\u00e1lne pre nov\u00e1\u010dikov aj veter\u00e1nov.<\/p>\n","protected":false},"featured_media":19607,"comment_status":"open","ping_status":"closed","template":"","meta":{"_acf_changed":false},"product_brand":[],"product_cat":[459,460,398,438],"product_tag":[],"class_list":{"0":"post-96122","1":"product","2":"type-product","3":"status-publish","4":"has-post-thumbnail","6":"product_cat-arkady-xbox-series-x-s-sk","7":"product_cat-bojove-xbox-series-x-s-sk","8":"product_cat-xbox-hry-sk","9":"product_cat-xbox-series-x-s-sk","10":"pa_countries-at","11":"pa_countries-be","12":"pa_countries-bg","13":"pa_countries-cy","14":"pa_countries-cz","16":"pa_countries-de","17":"pa_countries-dk","18":"pa_countries-ee","19":"pa_countries-es","20":"pa_countries-fi","21":"pa_countries-fr","22":"pa_countries-gr","23":"pa_countries-hr","24":"pa_countries-hu","25":"pa_countries-ie","26":"pa_countries-it","27":"pa_countries-lt","28":"pa_countries-lu","29":"pa_countries-lv","30":"pa_countries-mt","31":"pa_countries-nl","32":"pa_countries-pl","33":"pa_countries-pt","34":"pa_countries-ro","35":"pa_countries-se","36":"pa_countries-si","37":"pa_countries-sk","38":"pa_developer-capcom","40":"pa_franchises-street-fighter","42":"pa_game_type-expanded_game","44":"pa_genres-arcade","46":"pa_genres-fighting","47":"pa_interface-ja-jp","49":"pa_modes-multiplayer","51":"pa_modes-single-player","52":"pa_pegi-13428","53":"pa_pegi-927","54":"pa_platform-xbox-series-x-s","56":"pa_player_perspectives-side-view","58":"pa_publisher-capcom","60":"pa_rating-14441","61":"pa_rating-773","62":"pa_region-europe","64":"pa_themes-action","65":"pa_themes-fantasy","68":"first","69":"instock","70":"virtual","71":"taxable","72":"purchasable","73":"product-type-simple"},"yoast_head":"<!-- This site is optimized with the Yoast SEO plugin v27.3 - https:\/\/yoast.com\/product\/yoast-seo-wordpress\/ -->\n<title>Street Fighter 6 | BeGamer.cz<\/title>\n<meta name=\"robots\" content=\"index, follow, max-snippet:-1, max-image-preview:large, max-video-preview:-1\" \/>\n<link rel=\"canonical\" href=\"https:\/\/begamer.cz\/sk\/produkt\/street-fighter-6-sk\/\" \/>\n<meta property=\"og:locale\" content=\"sk_SK\" \/>\n<meta property=\"og:type\" content=\"article\" \/>\n<meta property=\"og:title\" content=\"Street Fighter 6 | BeGamer.cz\" \/>\n<meta property=\"og:description\" content=\"Street Fighter 6 pon\u00faka intenz\u00edvnu, r\u00fdchlu bojov\u00fa akciu s rozmanit\u00fdmi postavami, nov\u00fdmi mechanizmami a ohromuj\u00facou grafikou. Za\u017eite vzru\u0161uj\u00face s\u00f3lo re\u017eimy a s\u00fa\u0165a\u017eiv\u00e9 multiplayerov\u00e9 bitky v najnov\u0161om diele tejto kultovej s\u00e9rie. Ide\u00e1lne pre nov\u00e1\u010dikov aj veter\u00e1nov.\" \/>\n<meta property=\"og:url\" content=\"https:\/\/begamer.cz\/sk\/produkt\/street-fighter-6-sk\/\" \/>\n<meta property=\"og:site_name\" content=\"BeGamer.cz\" \/>\n<meta property=\"article:modified_time\" content=\"2026-03-18T04:15:26+00:00\" \/>\n<meta property=\"og:image\" content=\"https:\/\/begamer.cz\/wp-content\/uploads\/2026\/01\/street-fighter-6-1-6.webp\" \/>\n\t<meta property=\"og:image:width\" content=\"300\" \/>\n\t<meta property=\"og:image:height\" content=\"400\" \/>\n\t<meta property=\"og:image:type\" content=\"image\/webp\" \/>\n<meta name=\"twitter:card\" content=\"summary_large_image\" \/>\n<meta name=\"twitter:label1\" content=\"Predpokladan\u00fd \u010das \u010d\u00edtania\" \/>\n\t<meta name=\"twitter:data1\" content=\"1 min\u00fata\" \/>\n<script type=\"application\/ld+json\" class=\"yoast-schema-graph\">{\"@context\":\"https:\\\/\\\/schema.org\",\"@graph\":[{\"@type\":\"WebPage\",\"@id\":\"https:\\\/\\\/begamer.cz\\\/sk\\\/produkt\\\/street-fighter-6-sk\\\/\",\"url\":\"https:\\\/\\\/begamer.cz\\\/sk\\\/produkt\\\/street-fighter-6-sk\\\/\",\"name\":\"Street Fighter 6 | BeGamer.cz\",\"isPartOf\":{\"@id\":\"https:\\\/\\\/begamer.cz\\\/sk\\\/#website\"},\"primaryImageOfPage\":{\"@id\":\"https:\\\/\\\/begamer.cz\\\/sk\\\/produkt\\\/street-fighter-6-sk\\\/#primaryimage\"},\"image\":{\"@id\":\"https:\\\/\\\/begamer.cz\\\/sk\\\/produkt\\\/street-fighter-6-sk\\\/#primaryimage\"},\"thumbnailUrl\":\"https:\\\/\\\/begamer.cz\\\/wp-content\\\/uploads\\\/2026\\\/01\\\/street-fighter-6-1-6.webp\",\"datePublished\":\"2026-01-30T15:31:38+00:00\",\"dateModified\":\"2026-03-18T04:15:26+00:00\",\"breadcrumb\":{\"@id\":\"https:\\\/\\\/begamer.cz\\\/sk\\\/produkt\\\/street-fighter-6-sk\\\/#breadcrumb\"},\"inLanguage\":\"sk-SK\",\"potentialAction\":[{\"@type\":\"ReadAction\",\"target\":[\"https:\\\/\\\/begamer.cz\\\/sk\\\/produkt\\\/street-fighter-6-sk\\\/\"]}]},{\"@type\":\"ImageObject\",\"inLanguage\":\"sk-SK\",\"@id\":\"https:\\\/\\\/begamer.cz\\\/sk\\\/produkt\\\/street-fighter-6-sk\\\/#primaryimage\",\"url\":\"https:\\\/\\\/begamer.cz\\\/wp-content\\\/uploads\\\/2026\\\/01\\\/street-fighter-6-1-6.webp\",\"contentUrl\":\"https:\\\/\\\/begamer.cz\\\/wp-content\\\/uploads\\\/2026\\\/01\\\/street-fighter-6-1-6.webp\",\"width\":300,\"height\":400},{\"@type\":\"BreadcrumbList\",\"@id\":\"https:\\\/\\\/begamer.cz\\\/sk\\\/produkt\\\/street-fighter-6-sk\\\/#breadcrumb\",\"itemListElement\":[{\"@type\":\"ListItem\",\"position\":1,\"name\":\"Domov\",\"item\":\"https:\\\/\\\/begamer.cz\\\/sk\\\/\"},{\"@type\":\"ListItem\",\"position\":2,\"name\":\"Obchod\",\"item\":\"https:\\\/\\\/begamer.cz\\\/obchod\\\/\"},{\"@type\":\"ListItem\",\"position\":3,\"name\":\"Street Fighter 6\"}]},{\"@type\":\"WebSite\",\"@id\":\"https:\\\/\\\/begamer.cz\\\/sk\\\/#website\",\"url\":\"https:\\\/\\\/begamer.cz\\\/sk\\\/\",\"name\":\"BeGamer.cz\",\"description\":\"\",\"publisher\":{\"@id\":\"https:\\\/\\\/begamer.cz\\\/sk\\\/#organization\"},\"potentialAction\":[{\"@type\":\"SearchAction\",\"target\":{\"@type\":\"EntryPoint\",\"urlTemplate\":\"https:\\\/\\\/begamer.cz\\\/sk\\\/?s={search_term_string}\"},\"query-input\":{\"@type\":\"PropertyValueSpecification\",\"valueRequired\":true,\"valueName\":\"search_term_string\"}}],\"inLanguage\":\"sk-SK\"},{\"@type\":\"Organization\",\"@id\":\"https:\\\/\\\/begamer.cz\\\/sk\\\/#organization\",\"name\":\"BeGamer.cz\",\"url\":\"https:\\\/\\\/begamer.cz\\\/sk\\\/\",\"logo\":{\"@type\":\"ImageObject\",\"inLanguage\":\"sk-SK\",\"@id\":\"https:\\\/\\\/begamer.cz\\\/sk\\\/#\\\/schema\\\/logo\\\/image\\\/\",\"url\":\"https:\\\/\\\/begamer.cz\\\/wp-content\\\/uploads\\\/2025\\\/07\\\/logo.svg\",\"contentUrl\":\"https:\\\/\\\/begamer.cz\\\/wp-content\\\/uploads\\\/2025\\\/07\\\/logo.svg\",\"caption\":\"BeGamer.cz\"},\"image\":{\"@id\":\"https:\\\/\\\/begamer.cz\\\/sk\\\/#\\\/schema\\\/logo\\\/image\\\/\"}}]}<\/script>\n<!-- \/ Yoast SEO plugin. -->","yoast_head_json":{"title":"Street Fighter 6 | BeGamer.cz","robots":{"index":"index","follow":"follow","max-snippet":"max-snippet:-1","max-image-preview":"max-image-preview:large","max-video-preview":"max-video-preview:-1"},"canonical":"https:\/\/begamer.cz\/sk\/produkt\/street-fighter-6-sk\/","og_locale":"sk_SK","og_type":"article","og_title":"Street Fighter 6 | BeGamer.cz","og_description":"Street Fighter 6 pon\u00faka intenz\u00edvnu, r\u00fdchlu bojov\u00fa akciu s rozmanit\u00fdmi postavami, nov\u00fdmi mechanizmami a ohromuj\u00facou grafikou. Za\u017eite vzru\u0161uj\u00face s\u00f3lo re\u017eimy a s\u00fa\u0165a\u017eiv\u00e9 multiplayerov\u00e9 bitky v najnov\u0161om diele tejto kultovej s\u00e9rie. Ide\u00e1lne pre nov\u00e1\u010dikov aj veter\u00e1nov.","og_url":"https:\/\/begamer.cz\/sk\/produkt\/street-fighter-6-sk\/","og_site_name":"BeGamer.cz","article_modified_time":"2026-03-18T04:15:26+00:00","og_image":[{"width":300,"height":400,"url":"https:\/\/begamer.cz\/wp-content\/uploads\/2026\/01\/street-fighter-6-1-6.webp","type":"image\/webp"}],"twitter_card":"summary_large_image","twitter_misc":{"Predpokladan\u00fd \u010das \u010d\u00edtania":"1 min\u00fata"},"schema":{"@context":"https:\/\/schema.org","@graph":[{"@type":"WebPage","@id":"https:\/\/begamer.cz\/sk\/produkt\/street-fighter-6-sk\/","url":"https:\/\/begamer.cz\/sk\/produkt\/street-fighter-6-sk\/","name":"Street Fighter 6 | BeGamer.cz","isPartOf":{"@id":"https:\/\/begamer.cz\/sk\/#website"},"primaryImageOfPage":{"@id":"https:\/\/begamer.cz\/sk\/produkt\/street-fighter-6-sk\/#primaryimage"},"image":{"@id":"https:\/\/begamer.cz\/sk\/produkt\/street-fighter-6-sk\/#primaryimage"},"thumbnailUrl":"https:\/\/begamer.cz\/wp-content\/uploads\/2026\/01\/street-fighter-6-1-6.webp","datePublished":"2026-01-30T15:31:38+00:00","dateModified":"2026-03-18T04:15:26+00:00","breadcrumb":{"@id":"https:\/\/begamer.cz\/sk\/produkt\/street-fighter-6-sk\/#breadcrumb"},"inLanguage":"sk-SK","potentialAction":[{"@type":"ReadAction","target":["https:\/\/begamer.cz\/sk\/produkt\/street-fighter-6-sk\/"]}]},{"@type":"ImageObject","inLanguage":"sk-SK","@id":"https:\/\/begamer.cz\/sk\/produkt\/street-fighter-6-sk\/#primaryimage","url":"https:\/\/begamer.cz\/wp-content\/uploads\/2026\/01\/street-fighter-6-1-6.webp","contentUrl":"https:\/\/begamer.cz\/wp-content\/uploads\/2026\/01\/street-fighter-6-1-6.webp","width":300,"height":400},{"@type":"BreadcrumbList","@id":"https:\/\/begamer.cz\/sk\/produkt\/street-fighter-6-sk\/#breadcrumb","itemListElement":[{"@type":"ListItem","position":1,"name":"Domov","item":"https:\/\/begamer.cz\/sk\/"},{"@type":"ListItem","position":2,"name":"Obchod","item":"https:\/\/begamer.cz\/obchod\/"},{"@type":"ListItem","position":3,"name":"Street Fighter 6"}]},{"@type":"WebSite","@id":"https:\/\/begamer.cz\/sk\/#website","url":"https:\/\/begamer.cz\/sk\/","name":"BeGamer.cz","description":"","publisher":{"@id":"https:\/\/begamer.cz\/sk\/#organization"},"potentialAction":[{"@type":"SearchAction","target":{"@type":"EntryPoint","urlTemplate":"https:\/\/begamer.cz\/sk\/?s={search_term_string}"},"query-input":{"@type":"PropertyValueSpecification","valueRequired":true,"valueName":"search_term_string"}}],"inLanguage":"sk-SK"},{"@type":"Organization","@id":"https:\/\/begamer.cz\/sk\/#organization","name":"BeGamer.cz","url":"https:\/\/begamer.cz\/sk\/","logo":{"@type":"ImageObject","inLanguage":"sk-SK","@id":"https:\/\/begamer.cz\/sk\/#\/schema\/logo\/image\/","url":"https:\/\/begamer.cz\/wp-content\/uploads\/2025\/07\/logo.svg","contentUrl":"https:\/\/begamer.cz\/wp-content\/uploads\/2025\/07\/logo.svg","caption":"BeGamer.cz"},"image":{"@id":"https:\/\/begamer.cz\/sk\/#\/schema\/logo\/image\/"}}]}},"acf":[],"_links":{"self":[{"href":"https:\/\/begamer.cz\/sk\/wp-json\/wp\/v2\/product\/96122","targetHints":{"allow":["GET"]}}],"collection":[{"href":"https:\/\/begamer.cz\/sk\/wp-json\/wp\/v2\/product"}],"about":[{"href":"https:\/\/begamer.cz\/sk\/wp-json\/wp\/v2\/types\/product"}],"replies":[{"embeddable":true,"href":"https:\/\/begamer.cz\/sk\/wp-json\/wp\/v2\/comments?post=96122"}],"wp:featuredmedia":[{"embeddable":true,"href":"https:\/\/begamer.cz\/sk\/wp-json\/wp\/v2\/media\/19607"}],"wp:attachment":[{"href":"https:\/\/begamer.cz\/sk\/wp-json\/wp\/v2\/media?parent=96122"}],"wp:term":[{"taxonomy":"product_brand","embeddable":true,"href":"https:\/\/begamer.cz\/sk\/wp-json\/wp\/v2\/product_brand?post=96122"},{"taxonomy":"product_cat","embeddable":true,"href":"https:\/\/begamer.cz\/sk\/wp-json\/wp\/v2\/product_cat?post=96122"},{"taxonomy":"product_tag","embeddable":true,"href":"https:\/\/begamer.cz\/sk\/wp-json\/wp\/v2\/product_tag?post=96122"}],"curies":[{"name":"wp","href":"https:\/\/api.w.org\/{rel}","templated":true}]}}