{"id":96068,"date":"2026-01-30T16:30:37","date_gmt":"2026-01-30T15:30:37","guid":{"rendered":"https:\/\/begamer.cz\/produkt\/football-director-2019-sk\/"},"modified":"2026-03-18T05:10:53","modified_gmt":"2026-03-18T04:10:53","slug":"football-director-2019-sk","status":"publish","type":"product","link":"https:\/\/begamer.cz\/sk\/produkt\/football-director-2019-sk\/","title":{"rendered":"Football Director 2019"},"content":{"rendered":"<p><span class=\"bb_img_ctn\"><img decoding=\"async\" class=\"bb_img\" src=\"https:\/\/shared.akamai.steamstatic.com\/store_item_assets\/steam\/apps\/914200\/extras\/6799dbe930d38d962a68b78e566c1e10.avif?t=1564676253\" width=600 height=327 \/><\/span><\/p>\n<p>Football Director v\u00e1m pon\u00faka v\u00fdber z viac ako 200 t\u00edmov z 20 l\u00edg po celej Eur\u00f3pe. S\u00fa\u0165a\u017ete vo svojej dom\u00e1cej lige a\u017e po hlavn\u00fa eur\u00f3psku sc\u00e9nu. Prisp\u00f4sobte tr\u00e9ningov\u00fd pl\u00e1n, taktiku a form\u00e1ciu svojho t\u00edmu tak, aby bol najlep\u0161\u00ed v lige. Zvl\u00e1dnete tlak by\u0165 najlep\u0161\u00edm mana\u017e\u00e9rom v Eur\u00f3pe?<\/p>\n<p>Football Director 2019 bol navrhnut\u00fd tak, aby bol jednoduch\u00fd, \u013eahko pochopite\u013en\u00fd a hrate\u013en\u00fd. Bol z\u00e1merne navrhnut\u00fd tak, aby nebol pr\u00edli\u0161 zlo\u017eit\u00fd a aby ste sa do neho mohli r\u00fdchlo dosta\u0165 a bavi\u0165 sa.<\/p>\n<h2 class=\"bb_tag\" >K\u013e\u00fa\u010dov\u00e9 vlastnosti<\/h2>\n<p><\/p>\n<ul class=\"bb_ul\">\n<li>Rozsiahla datab\u00e1za anglick\u00fdch a eur\u00f3pskych div\u00edzi\u00ed a klubov<\/li>\n<\/ul>\n<ul class=\"bb_ul\">\n<li>Hrajte dom\u00e1ce a eur\u00f3pske poh\u00e1re<\/li>\n<\/ul>\n<ul class=\"bb_ul\">\n<li>Podrobn\u00fd trh s prestupmi v\u00e1m umo\u017e\u0148uje vyh\u013ead\u00e1va\u0165 presne toho hr\u00e1\u010da, ktor\u00e9ho potrebujete na posilnenie svojho t\u00edmu<\/li>\n<\/ul>\n<ul class=\"bb_ul\">\n<li>Funkcia zoznamu hr\u00e1\u010dov v\u00e1m umo\u017e\u0148uje sledova\u0165 superhviezdnych hr\u00e1\u010dov<\/li>\n<\/ul>\n<ul class=\"bb_ul\">\n<li>Syst\u00e9m spr\u00e1v a upozornen\u00ed v\u00e1s informuje o novink\u00e1ch v klube a z\u00e1pasoch<\/li>\n<\/ul>\n<ul class=\"bb_ul\">\n<li>Prisp\u00f4sobte tr\u00e9ningov\u00fd pl\u00e1n t\u00edmu a vytvorte individu\u00e1lne re\u017eimy pre svojich k\u013e\u00fa\u010dov\u00fdch hr\u00e1\u010dov<\/li>\n<\/ul>\n<ul class=\"bb_ul\">\n<li>Vyberte si zostavu na z\u00e1pas z viac ako 20 prednastaven\u00fdch zost\u00e1v.<\/li>\n<\/ul>\n<ul class=\"bb_ul\">\n<li>Prisp\u00f4sobte taktiku svojho t\u00edmu, od agres\u00edvneho osobn\u00e9ho br\u00e1nenia po ofsajdov\u00fa pascu a mnoho \u010fal\u0161ieho!<\/li>\n<\/ul>\n<ul class=\"bb_ul\">\n<li>V\u010faka 2D z\u00e1pasov\u00e9mu enginu v re\u00e1lnom \u010dase m\u00f4\u017eete sledova\u0165 priebeh z\u00e1pasu, robi\u0165 k\u013e\u00fa\u010dov\u00e9 striedania a taktick\u00e9 rozhodnutia za pochodu.<\/li>\n<\/ul>\n<ul class=\"bb_ul\">\n<li>Rozsiahly koment\u00e1r z\u00e1pasu v\u00e1m umo\u017e\u0148uje sledova\u0165 dianie po\u010das cel\u00e9ho z\u00e1pasu<\/li>\n<\/ul>\n<ul class=\"bb_ul\">\n<li>Tabu\u013eky ligy v re\u00e1lnom \u010dase v\u00e1m umo\u017e\u0148uj\u00fa vidie\u0165, kde sa nach\u00e1dzate v polovici hry.<\/li>\n<\/ul>\n<ul class=\"bb_ul\">\n<li>Podrobn\u00fd editor hry v\u00e1m umo\u017e\u0148uje upravova\u0165 \u0161tatistiky klubu a hr\u00e1\u010dov.<\/li>\n<\/ul>\n","protected":false},"excerpt":{"rendered":"<p>Football Director v\u00e1m pon\u00faka na v\u00fdber z viac ako 200 t\u00edmov z 20 l\u00edg z celej Eur\u00f3py. S\u00fa\u0165a\u017ete vo svojej dom\u00e1cej lige a\u017e po eur\u00f3psku hlavn\u00fa sc\u00e9nu. Prisp\u00f4sobte tr\u00e9ningov\u00fd pl\u00e1n, taktiku a form\u00e1ciu svojho t\u00edmu tak, aby bol najlep\u0161\u00ed v lige. Dok\u00e1\u017eete zvl\u00e1dnu\u0165 tlak by\u0165 najlep\u0161\u00edm mana\u017e\u00e9rom v Eur\u00f3pe?<\/p>\n","protected":false},"featured_media":19332,"comment_status":"open","ping_status":"closed","template":"","meta":{"_acf_changed":false},"product_brand":[],"product_cat":[290,268,266,314,316,312],"product_tag":[],"class_list":{"0":"post-96068","1":"product","2":"type-product","3":"status-publish","4":"has-post-thumbnail","6":"product_cat-indie-hry-pc-sk","7":"product_cat-pc-sk","8":"product_cat-pc-hry-sk","9":"product_cat-simulatory-pc-hry-sk","10":"product_cat-sportove-pc","11":"product_cat-steam-pc-sk","12":"pa_developer-alternative-software-ltd-2","13":"pa_developer-alternative-software-ltd","14":"pa_game_type-main_game","16":"pa_genres-indie","17":"pa_genres-simulator","18":"pa_genres-sport","20":"pa_interface-de-de","21":"pa_interface-en-us","22":"pa_interface-es-es","23":"pa_interface-fr-fr","24":"pa_interface-it-it","26":"pa_keywords-football","28":"pa_keywords-football-manager","29":"pa_modes-single-player","31":"pa_pegi-13430","32":"pa_pegi-943","33":"pa_platform-pc-steam","35":"pa_publisher-alternative-software-ltd","37":"pa_rating-773","38":"pa_rating-14441","39":"pa_region-global","42":"first","43":"instock","44":"virtual","45":"taxable","46":"purchasable","47":"product-type-simple"},"yoast_head":"<!-- This site is optimized with the Yoast SEO plugin v27.3 - https:\/\/yoast.com\/product\/yoast-seo-wordpress\/ -->\n<title>Football Director 2019 | BeGamer.cz<\/title>\n<meta name=\"robots\" content=\"index, follow, max-snippet:-1, max-image-preview:large, max-video-preview:-1\" \/>\n<link rel=\"canonical\" href=\"https:\/\/begamer.cz\/sk\/produkt\/football-director-2019-sk\/\" \/>\n<meta property=\"og:locale\" content=\"sk_SK\" \/>\n<meta property=\"og:type\" content=\"article\" \/>\n<meta property=\"og:title\" content=\"Football Director 2019 | BeGamer.cz\" \/>\n<meta property=\"og:description\" content=\"Football Director v\u00e1m pon\u00faka na v\u00fdber z viac ako 200 t\u00edmov z 20 l\u00edg z celej Eur\u00f3py. S\u00fa\u0165a\u017ete vo svojej dom\u00e1cej lige a\u017e po eur\u00f3psku hlavn\u00fa sc\u00e9nu. Prisp\u00f4sobte tr\u00e9ningov\u00fd pl\u00e1n, taktiku a form\u00e1ciu svojho t\u00edmu tak, aby bol najlep\u0161\u00ed v lige. Dok\u00e1\u017eete zvl\u00e1dnu\u0165 tlak by\u0165 najlep\u0161\u00edm mana\u017e\u00e9rom v Eur\u00f3pe?\" \/>\n<meta property=\"og:url\" content=\"https:\/\/begamer.cz\/sk\/produkt\/football-director-2019-sk\/\" \/>\n<meta property=\"og:site_name\" content=\"BeGamer.cz\" \/>\n<meta property=\"article:modified_time\" content=\"2026-03-18T04:10:53+00:00\" \/>\n<meta property=\"og:image\" content=\"https:\/\/begamer.cz\/wp-content\/uploads\/2026\/01\/football-director-2019-10.webp\" \/>\n\t<meta property=\"og:image:width\" content=\"300\" \/>\n\t<meta property=\"og:image:height\" content=\"400\" \/>\n\t<meta property=\"og:image:type\" content=\"image\/webp\" \/>\n<meta name=\"twitter:card\" content=\"summary_large_image\" \/>\n<meta name=\"twitter:label1\" content=\"Predpokladan\u00fd \u010das \u010d\u00edtania\" \/>\n\t<meta name=\"twitter:data1\" content=\"1 min\u00fata\" \/>\n<script type=\"application\/ld+json\" class=\"yoast-schema-graph\">{\"@context\":\"https:\\\/\\\/schema.org\",\"@graph\":[{\"@type\":\"WebPage\",\"@id\":\"https:\\\/\\\/begamer.cz\\\/sk\\\/produkt\\\/football-director-2019-sk\\\/\",\"url\":\"https:\\\/\\\/begamer.cz\\\/sk\\\/produkt\\\/football-director-2019-sk\\\/\",\"name\":\"Football Director 2019 | BeGamer.cz\",\"isPartOf\":{\"@id\":\"https:\\\/\\\/begamer.cz\\\/sk\\\/#website\"},\"primaryImageOfPage\":{\"@id\":\"https:\\\/\\\/begamer.cz\\\/sk\\\/produkt\\\/football-director-2019-sk\\\/#primaryimage\"},\"image\":{\"@id\":\"https:\\\/\\\/begamer.cz\\\/sk\\\/produkt\\\/football-director-2019-sk\\\/#primaryimage\"},\"thumbnailUrl\":\"https:\\\/\\\/begamer.cz\\\/wp-content\\\/uploads\\\/2026\\\/01\\\/football-director-2019-10.webp\",\"datePublished\":\"2026-01-30T15:30:37+00:00\",\"dateModified\":\"2026-03-18T04:10:53+00:00\",\"breadcrumb\":{\"@id\":\"https:\\\/\\\/begamer.cz\\\/sk\\\/produkt\\\/football-director-2019-sk\\\/#breadcrumb\"},\"inLanguage\":\"sk-SK\",\"potentialAction\":[{\"@type\":\"ReadAction\",\"target\":[\"https:\\\/\\\/begamer.cz\\\/sk\\\/produkt\\\/football-director-2019-sk\\\/\"]}]},{\"@type\":\"ImageObject\",\"inLanguage\":\"sk-SK\",\"@id\":\"https:\\\/\\\/begamer.cz\\\/sk\\\/produkt\\\/football-director-2019-sk\\\/#primaryimage\",\"url\":\"https:\\\/\\\/begamer.cz\\\/wp-content\\\/uploads\\\/2026\\\/01\\\/football-director-2019-10.webp\",\"contentUrl\":\"https:\\\/\\\/begamer.cz\\\/wp-content\\\/uploads\\\/2026\\\/01\\\/football-director-2019-10.webp\",\"width\":300,\"height\":400},{\"@type\":\"BreadcrumbList\",\"@id\":\"https:\\\/\\\/begamer.cz\\\/sk\\\/produkt\\\/football-director-2019-sk\\\/#breadcrumb\",\"itemListElement\":[{\"@type\":\"ListItem\",\"position\":1,\"name\":\"Domov\",\"item\":\"https:\\\/\\\/begamer.cz\\\/sk\\\/\"},{\"@type\":\"ListItem\",\"position\":2,\"name\":\"Obchod\",\"item\":\"https:\\\/\\\/begamer.cz\\\/obchod\\\/\"},{\"@type\":\"ListItem\",\"position\":3,\"name\":\"Football Director 2019\"}]},{\"@type\":\"WebSite\",\"@id\":\"https:\\\/\\\/begamer.cz\\\/sk\\\/#website\",\"url\":\"https:\\\/\\\/begamer.cz\\\/sk\\\/\",\"name\":\"BeGamer.cz\",\"description\":\"\",\"publisher\":{\"@id\":\"https:\\\/\\\/begamer.cz\\\/sk\\\/#organization\"},\"potentialAction\":[{\"@type\":\"SearchAction\",\"target\":{\"@type\":\"EntryPoint\",\"urlTemplate\":\"https:\\\/\\\/begamer.cz\\\/sk\\\/?s={search_term_string}\"},\"query-input\":{\"@type\":\"PropertyValueSpecification\",\"valueRequired\":true,\"valueName\":\"search_term_string\"}}],\"inLanguage\":\"sk-SK\"},{\"@type\":\"Organization\",\"@id\":\"https:\\\/\\\/begamer.cz\\\/sk\\\/#organization\",\"name\":\"BeGamer.cz\",\"url\":\"https:\\\/\\\/begamer.cz\\\/sk\\\/\",\"logo\":{\"@type\":\"ImageObject\",\"inLanguage\":\"sk-SK\",\"@id\":\"https:\\\/\\\/begamer.cz\\\/sk\\\/#\\\/schema\\\/logo\\\/image\\\/\",\"url\":\"https:\\\/\\\/begamer.cz\\\/wp-content\\\/uploads\\\/2025\\\/07\\\/logo.svg\",\"contentUrl\":\"https:\\\/\\\/begamer.cz\\\/wp-content\\\/uploads\\\/2025\\\/07\\\/logo.svg\",\"caption\":\"BeGamer.cz\"},\"image\":{\"@id\":\"https:\\\/\\\/begamer.cz\\\/sk\\\/#\\\/schema\\\/logo\\\/image\\\/\"}}]}<\/script>\n<!-- \/ Yoast SEO plugin. -->","yoast_head_json":{"title":"Football Director 2019 | BeGamer.cz","robots":{"index":"index","follow":"follow","max-snippet":"max-snippet:-1","max-image-preview":"max-image-preview:large","max-video-preview":"max-video-preview:-1"},"canonical":"https:\/\/begamer.cz\/sk\/produkt\/football-director-2019-sk\/","og_locale":"sk_SK","og_type":"article","og_title":"Football Director 2019 | BeGamer.cz","og_description":"Football Director v\u00e1m pon\u00faka na v\u00fdber z viac ako 200 t\u00edmov z 20 l\u00edg z celej Eur\u00f3py. S\u00fa\u0165a\u017ete vo svojej dom\u00e1cej lige a\u017e po eur\u00f3psku hlavn\u00fa sc\u00e9nu. Prisp\u00f4sobte tr\u00e9ningov\u00fd pl\u00e1n, taktiku a form\u00e1ciu svojho t\u00edmu tak, aby bol najlep\u0161\u00ed v lige. Dok\u00e1\u017eete zvl\u00e1dnu\u0165 tlak by\u0165 najlep\u0161\u00edm mana\u017e\u00e9rom v Eur\u00f3pe?","og_url":"https:\/\/begamer.cz\/sk\/produkt\/football-director-2019-sk\/","og_site_name":"BeGamer.cz","article_modified_time":"2026-03-18T04:10:53+00:00","og_image":[{"width":300,"height":400,"url":"https:\/\/begamer.cz\/wp-content\/uploads\/2026\/01\/football-director-2019-10.webp","type":"image\/webp"}],"twitter_card":"summary_large_image","twitter_misc":{"Predpokladan\u00fd \u010das \u010d\u00edtania":"1 min\u00fata"},"schema":{"@context":"https:\/\/schema.org","@graph":[{"@type":"WebPage","@id":"https:\/\/begamer.cz\/sk\/produkt\/football-director-2019-sk\/","url":"https:\/\/begamer.cz\/sk\/produkt\/football-director-2019-sk\/","name":"Football Director 2019 | BeGamer.cz","isPartOf":{"@id":"https:\/\/begamer.cz\/sk\/#website"},"primaryImageOfPage":{"@id":"https:\/\/begamer.cz\/sk\/produkt\/football-director-2019-sk\/#primaryimage"},"image":{"@id":"https:\/\/begamer.cz\/sk\/produkt\/football-director-2019-sk\/#primaryimage"},"thumbnailUrl":"https:\/\/begamer.cz\/wp-content\/uploads\/2026\/01\/football-director-2019-10.webp","datePublished":"2026-01-30T15:30:37+00:00","dateModified":"2026-03-18T04:10:53+00:00","breadcrumb":{"@id":"https:\/\/begamer.cz\/sk\/produkt\/football-director-2019-sk\/#breadcrumb"},"inLanguage":"sk-SK","potentialAction":[{"@type":"ReadAction","target":["https:\/\/begamer.cz\/sk\/produkt\/football-director-2019-sk\/"]}]},{"@type":"ImageObject","inLanguage":"sk-SK","@id":"https:\/\/begamer.cz\/sk\/produkt\/football-director-2019-sk\/#primaryimage","url":"https:\/\/begamer.cz\/wp-content\/uploads\/2026\/01\/football-director-2019-10.webp","contentUrl":"https:\/\/begamer.cz\/wp-content\/uploads\/2026\/01\/football-director-2019-10.webp","width":300,"height":400},{"@type":"BreadcrumbList","@id":"https:\/\/begamer.cz\/sk\/produkt\/football-director-2019-sk\/#breadcrumb","itemListElement":[{"@type":"ListItem","position":1,"name":"Domov","item":"https:\/\/begamer.cz\/sk\/"},{"@type":"ListItem","position":2,"name":"Obchod","item":"https:\/\/begamer.cz\/obchod\/"},{"@type":"ListItem","position":3,"name":"Football Director 2019"}]},{"@type":"WebSite","@id":"https:\/\/begamer.cz\/sk\/#website","url":"https:\/\/begamer.cz\/sk\/","name":"BeGamer.cz","description":"","publisher":{"@id":"https:\/\/begamer.cz\/sk\/#organization"},"potentialAction":[{"@type":"SearchAction","target":{"@type":"EntryPoint","urlTemplate":"https:\/\/begamer.cz\/sk\/?s={search_term_string}"},"query-input":{"@type":"PropertyValueSpecification","valueRequired":true,"valueName":"search_term_string"}}],"inLanguage":"sk-SK"},{"@type":"Organization","@id":"https:\/\/begamer.cz\/sk\/#organization","name":"BeGamer.cz","url":"https:\/\/begamer.cz\/sk\/","logo":{"@type":"ImageObject","inLanguage":"sk-SK","@id":"https:\/\/begamer.cz\/sk\/#\/schema\/logo\/image\/","url":"https:\/\/begamer.cz\/wp-content\/uploads\/2025\/07\/logo.svg","contentUrl":"https:\/\/begamer.cz\/wp-content\/uploads\/2025\/07\/logo.svg","caption":"BeGamer.cz"},"image":{"@id":"https:\/\/begamer.cz\/sk\/#\/schema\/logo\/image\/"}}]}},"acf":[],"_links":{"self":[{"href":"https:\/\/begamer.cz\/sk\/wp-json\/wp\/v2\/product\/96068","targetHints":{"allow":["GET"]}}],"collection":[{"href":"https:\/\/begamer.cz\/sk\/wp-json\/wp\/v2\/product"}],"about":[{"href":"https:\/\/begamer.cz\/sk\/wp-json\/wp\/v2\/types\/product"}],"replies":[{"embeddable":true,"href":"https:\/\/begamer.cz\/sk\/wp-json\/wp\/v2\/comments?post=96068"}],"wp:featuredmedia":[{"embeddable":true,"href":"https:\/\/begamer.cz\/sk\/wp-json\/wp\/v2\/media\/19332"}],"wp:attachment":[{"href":"https:\/\/begamer.cz\/sk\/wp-json\/wp\/v2\/media?parent=96068"}],"wp:term":[{"taxonomy":"product_brand","embeddable":true,"href":"https:\/\/begamer.cz\/sk\/wp-json\/wp\/v2\/product_brand?post=96068"},{"taxonomy":"product_cat","embeddable":true,"href":"https:\/\/begamer.cz\/sk\/wp-json\/wp\/v2\/product_cat?post=96068"},{"taxonomy":"product_tag","embeddable":true,"href":"https:\/\/begamer.cz\/sk\/wp-json\/wp\/v2\/product_tag?post=96068"}],"curies":[{"name":"wp","href":"https:\/\/api.w.org\/{rel}","templated":true}]}}