{"id":95999,"date":"2026-01-30T16:29:35","date_gmt":"2026-01-30T15:29:35","guid":{"rendered":"https:\/\/begamer.cz\/produkt\/naruto-shippuden-ultimate-ninja-storm-4-road-to-boruto-expansion-sk\/"},"modified":"2026-03-18T05:06:58","modified_gmt":"2026-03-18T04:06:58","slug":"naruto-shippuden-ultimate-ninja-storm-4-road-to-boruto-expansion-sk","status":"publish","type":"product","link":"https:\/\/begamer.cz\/sk\/produkt\/naruto-shippuden-ultimate-ninja-storm-4-road-to-boruto-expansion-sk\/","title":{"rendered":"Naruto Shippuden: Ultimate Ninja Storm 4 Road to Boruto Expansion"},"content":{"rendered":"<div>\n<h2>Naruto Shippuden: Ultimate Ninja Storm 4 Road to Boruto Expansion<\/h2>\n<p>Vr\u00e1\u0165te sa do podmaniv\u00e9ho sveta Naruta s roz\u0161\u00edren\u00edm <strong>Road to Boruto<\/strong> pre hru Naruto Shippuden: Ultimate Ninja Storm 4. Toto digit\u00e1lne roz\u0161\u00edrenie prin\u00e1\u0161a nov\u00fd obsah, vr\u00e1tane nov\u00fdch post\u00e1v, dejov\u00fdch l\u00edni\u00ed, misi\u00ed a ar\u00e9n in\u0161pirovan\u00fdch s\u00e9riou Boruto: Naruto Next Generations.<\/p>\n<h2>Nov\u00e9 dejov\u00e9 l\u00ednie a postavy<\/h2>\n<p>Sledujte cestu Boruta Uzumakiho, syna Naruta, a objavujte nov\u00e9 kapitoly pr\u00edbehu, ktor\u00e9 sa odohr\u00e1vaj\u00fa po p\u00f4vodnej s\u00e1ge Naruto. Spoznajte nov\u00e9 ob\u013e\u00faben\u00e9 postavy, ako s\u00fa Sarada Uchiha, Mitsuki a \u010fal\u0161ie, z ktor\u00fdch ka\u017ed\u00e1 m\u00e1 svoje vlastn\u00e9 jedine\u010dn\u00e9 schopnosti a bojov\u00e9 \u0161t\u00fdly.<\/p>\n<h2>Roz\u0161\u00edren\u00e9 hern\u00e9 funkcie<\/h2>\n<ul>\n<li><strong>Hrate\u013en\u00e9 nov\u00e9 postavy:<\/strong> Bojujte ako Boruto, Sarada, Mitsuki a \u010fal\u0161\u00ed, z ktor\u00fdch ka\u017ed\u00fd disponuje jedine\u010dn\u00fdmi jutsu a pohybmi.<\/li>\n<li><strong>Dodato\u010dn\u00e9 misie:<\/strong> Zapojte sa do nov\u00fdch v\u00fdziev a \u00faloh, ktor\u00e9 prehlbuj\u00fa dej.<\/li>\n<li><strong>Nov\u00e9 ar\u00e9ny:<\/strong> Bojujte na ikonick\u00fdch miestach zo s\u00e9rie Boruto.<\/li>\n<li><strong>Vylep\u0161en\u00e1 grafika:<\/strong> Vychutnajte si n\u00e1dhern\u00e9 anim\u00e1cie a vizu\u00e1lne efekty, ktor\u00e9 pribli\u017euj\u00fa boje k anime z\u00e1\u017eitku.<\/li>\n<\/ul>\n<h2>Ide\u00e1lne pre fan\u00fa\u0161ikov aj nov\u00e1\u010dikov<\/h2>\n<p>Roz\u0161\u00edrenie Road to Boruto je ide\u00e1lnym pokra\u010dovan\u00edm pre hr\u00e1\u010dov, ktor\u00ed milovali Ultimate Ninja Storm 4, a prid\u00e1va do s\u00e9rie nov\u00e9 vzru\u0161enie a h\u013abku. Za\u017eite intenz\u00edvne boje a hlb\u0161\u00ed pr\u00edbeh zameran\u00fd na nov\u00fa gener\u00e1ciu ninjov, pri\u010dom si zachov\u00e1te autentick\u00e9ho ducha anime.<\/p>\n<p>Nenechajte si ujs\u0165 \u0161ancu sta\u0165 sa s\u00fa\u010das\u0165ou novej legendy plnej em\u00f3ci\u00ed, intenzity a neo\u010dak\u00e1van\u00fdch zvratov. Objavte v\u00fdvoj sveta Naruto s t\u00fdmto digit\u00e1lnym roz\u0161\u00edren\u00edm, ktor\u00e9 jednoducho mus\u00edte ma\u0165!<\/p>\n<p><small>Niektor\u00e9 texty boli prelo\u017een\u00e9 strojovo.<\/small><\/div>\n","protected":false},"excerpt":{"rendered":"<p>Roz\u0161\u00edrenie Naruto Shippuden: Ultimate Ninja Storm 4 Road to Boruto prid\u00e1va do epick\u00e9ho bojov\u00e9ho seri\u00e1lu nov\u00e9 dejov\u00e9 l\u00ednie a postavy z Boruta. Za\u017eite intenz\u00edvne bitky, ohromuj\u00face anim\u00e1cie a nov\u00e9 v\u00fdzvy v tomto digit\u00e1lnom doplnku k popul\u00e1rnej hre zalo\u017eenej na anime.<\/p>\n","protected":false},"featured_media":63010,"comment_status":"open","ping_status":"closed","template":"","meta":{"_acf_changed":false},"product_brand":[],"product_cat":[278,268,266,308,312],"product_tag":[],"class_list":{"0":"post-95999","1":"product","2":"type-product","3":"status-publish","4":"has-post-thumbnail","6":"product_cat-bojove-pc-hry-sk","7":"product_cat-pc-sk","8":"product_cat-pc-hry-sk","9":"product_cat-rpg-pc-hry-sk","10":"product_cat-steam-pc-sk","11":"pa_countries-us","13":"pa_developer-cyberconnect2","15":"pa_game_type-dlc","17":"pa_platform-pc-steam","19":"pa_publisher-bandai-namco-entertainment","21":"pa_region-global","24":"first","25":"instock","26":"virtual","27":"taxable","28":"purchasable","29":"product-type-simple"},"yoast_head":"<!-- This site is optimized with the Yoast SEO plugin v27.3 - https:\/\/yoast.com\/product\/yoast-seo-wordpress\/ -->\n<title>Naruto Shippuden: Ultimate Ninja Storm 4 Road to Boruto Expansion | BeGamer.cz<\/title>\n<meta name=\"robots\" content=\"index, follow, max-snippet:-1, max-image-preview:large, max-video-preview:-1\" \/>\n<link rel=\"canonical\" href=\"https:\/\/begamer.cz\/sk\/produkt\/naruto-shippuden-ultimate-ninja-storm-4-road-to-boruto-expansion-sk\/\" \/>\n<meta property=\"og:locale\" content=\"sk_SK\" \/>\n<meta property=\"og:type\" content=\"article\" \/>\n<meta property=\"og:title\" content=\"Naruto Shippuden: Ultimate Ninja Storm 4 Road to Boruto Expansion | BeGamer.cz\" \/>\n<meta property=\"og:description\" content=\"Roz\u0161\u00edrenie Naruto Shippuden: Ultimate Ninja Storm 4 Road to Boruto prid\u00e1va do epick\u00e9ho bojov\u00e9ho seri\u00e1lu nov\u00e9 dejov\u00e9 l\u00ednie a postavy z Boruta. Za\u017eite intenz\u00edvne bitky, ohromuj\u00face anim\u00e1cie a nov\u00e9 v\u00fdzvy v tomto digit\u00e1lnom doplnku k popul\u00e1rnej hre zalo\u017eenej na anime.\" \/>\n<meta property=\"og:url\" content=\"https:\/\/begamer.cz\/sk\/produkt\/naruto-shippuden-ultimate-ninja-storm-4-road-to-boruto-expansion-sk\/\" \/>\n<meta property=\"og:site_name\" content=\"BeGamer.cz\" \/>\n<meta property=\"article:modified_time\" content=\"2026-03-18T04:06:58+00:00\" \/>\n<meta property=\"og:image\" content=\"https:\/\/begamer.cz\/wp-content\/uploads\/2026\/01\/naruto-shippuden-ultimate-ninja-storm-4-road-to-boruto-expansion-4.webp\" \/>\n\t<meta property=\"og:image:width\" content=\"300\" \/>\n\t<meta property=\"og:image:height\" content=\"400\" \/>\n\t<meta property=\"og:image:type\" content=\"image\/webp\" \/>\n<meta name=\"twitter:card\" content=\"summary_large_image\" \/>\n<meta name=\"twitter:label1\" content=\"Predpokladan\u00fd \u010das \u010d\u00edtania\" \/>\n\t<meta name=\"twitter:data1\" content=\"1 min\u00fata\" \/>\n<script type=\"application\/ld+json\" class=\"yoast-schema-graph\">{\"@context\":\"https:\\\/\\\/schema.org\",\"@graph\":[{\"@type\":\"WebPage\",\"@id\":\"https:\\\/\\\/begamer.cz\\\/sk\\\/produkt\\\/naruto-shippuden-ultimate-ninja-storm-4-road-to-boruto-expansion-sk\\\/\",\"url\":\"https:\\\/\\\/begamer.cz\\\/sk\\\/produkt\\\/naruto-shippuden-ultimate-ninja-storm-4-road-to-boruto-expansion-sk\\\/\",\"name\":\"Naruto Shippuden: Ultimate Ninja Storm 4 Road to Boruto Expansion | BeGamer.cz\",\"isPartOf\":{\"@id\":\"https:\\\/\\\/begamer.cz\\\/sk\\\/#website\"},\"primaryImageOfPage\":{\"@id\":\"https:\\\/\\\/begamer.cz\\\/sk\\\/produkt\\\/naruto-shippuden-ultimate-ninja-storm-4-road-to-boruto-expansion-sk\\\/#primaryimage\"},\"image\":{\"@id\":\"https:\\\/\\\/begamer.cz\\\/sk\\\/produkt\\\/naruto-shippuden-ultimate-ninja-storm-4-road-to-boruto-expansion-sk\\\/#primaryimage\"},\"thumbnailUrl\":\"https:\\\/\\\/begamer.cz\\\/wp-content\\\/uploads\\\/2026\\\/01\\\/naruto-shippuden-ultimate-ninja-storm-4-road-to-boruto-expansion-4.webp\",\"datePublished\":\"2026-01-30T15:29:35+00:00\",\"dateModified\":\"2026-03-18T04:06:58+00:00\",\"breadcrumb\":{\"@id\":\"https:\\\/\\\/begamer.cz\\\/sk\\\/produkt\\\/naruto-shippuden-ultimate-ninja-storm-4-road-to-boruto-expansion-sk\\\/#breadcrumb\"},\"inLanguage\":\"sk-SK\",\"potentialAction\":[{\"@type\":\"ReadAction\",\"target\":[\"https:\\\/\\\/begamer.cz\\\/sk\\\/produkt\\\/naruto-shippuden-ultimate-ninja-storm-4-road-to-boruto-expansion-sk\\\/\"]}]},{\"@type\":\"ImageObject\",\"inLanguage\":\"sk-SK\",\"@id\":\"https:\\\/\\\/begamer.cz\\\/sk\\\/produkt\\\/naruto-shippuden-ultimate-ninja-storm-4-road-to-boruto-expansion-sk\\\/#primaryimage\",\"url\":\"https:\\\/\\\/begamer.cz\\\/wp-content\\\/uploads\\\/2026\\\/01\\\/naruto-shippuden-ultimate-ninja-storm-4-road-to-boruto-expansion-4.webp\",\"contentUrl\":\"https:\\\/\\\/begamer.cz\\\/wp-content\\\/uploads\\\/2026\\\/01\\\/naruto-shippuden-ultimate-ninja-storm-4-road-to-boruto-expansion-4.webp\",\"width\":300,\"height\":400},{\"@type\":\"BreadcrumbList\",\"@id\":\"https:\\\/\\\/begamer.cz\\\/sk\\\/produkt\\\/naruto-shippuden-ultimate-ninja-storm-4-road-to-boruto-expansion-sk\\\/#breadcrumb\",\"itemListElement\":[{\"@type\":\"ListItem\",\"position\":1,\"name\":\"Domov\",\"item\":\"https:\\\/\\\/begamer.cz\\\/sk\\\/\"},{\"@type\":\"ListItem\",\"position\":2,\"name\":\"Obchod\",\"item\":\"https:\\\/\\\/begamer.cz\\\/obchod\\\/\"},{\"@type\":\"ListItem\",\"position\":3,\"name\":\"Naruto Shippuden: Ultimate Ninja Storm 4 Road to Boruto Expansion\"}]},{\"@type\":\"WebSite\",\"@id\":\"https:\\\/\\\/begamer.cz\\\/sk\\\/#website\",\"url\":\"https:\\\/\\\/begamer.cz\\\/sk\\\/\",\"name\":\"BeGamer.cz\",\"description\":\"\",\"publisher\":{\"@id\":\"https:\\\/\\\/begamer.cz\\\/sk\\\/#organization\"},\"potentialAction\":[{\"@type\":\"SearchAction\",\"target\":{\"@type\":\"EntryPoint\",\"urlTemplate\":\"https:\\\/\\\/begamer.cz\\\/sk\\\/?s={search_term_string}\"},\"query-input\":{\"@type\":\"PropertyValueSpecification\",\"valueRequired\":true,\"valueName\":\"search_term_string\"}}],\"inLanguage\":\"sk-SK\"},{\"@type\":\"Organization\",\"@id\":\"https:\\\/\\\/begamer.cz\\\/sk\\\/#organization\",\"name\":\"BeGamer.cz\",\"url\":\"https:\\\/\\\/begamer.cz\\\/sk\\\/\",\"logo\":{\"@type\":\"ImageObject\",\"inLanguage\":\"sk-SK\",\"@id\":\"https:\\\/\\\/begamer.cz\\\/sk\\\/#\\\/schema\\\/logo\\\/image\\\/\",\"url\":\"https:\\\/\\\/begamer.cz\\\/wp-content\\\/uploads\\\/2025\\\/07\\\/logo.svg\",\"contentUrl\":\"https:\\\/\\\/begamer.cz\\\/wp-content\\\/uploads\\\/2025\\\/07\\\/logo.svg\",\"caption\":\"BeGamer.cz\"},\"image\":{\"@id\":\"https:\\\/\\\/begamer.cz\\\/sk\\\/#\\\/schema\\\/logo\\\/image\\\/\"}}]}<\/script>\n<!-- \/ Yoast SEO plugin. -->","yoast_head_json":{"title":"Naruto Shippuden: Ultimate Ninja Storm 4 Road to Boruto Expansion | BeGamer.cz","robots":{"index":"index","follow":"follow","max-snippet":"max-snippet:-1","max-image-preview":"max-image-preview:large","max-video-preview":"max-video-preview:-1"},"canonical":"https:\/\/begamer.cz\/sk\/produkt\/naruto-shippuden-ultimate-ninja-storm-4-road-to-boruto-expansion-sk\/","og_locale":"sk_SK","og_type":"article","og_title":"Naruto Shippuden: Ultimate Ninja Storm 4 Road to Boruto Expansion | BeGamer.cz","og_description":"Roz\u0161\u00edrenie Naruto Shippuden: Ultimate Ninja Storm 4 Road to Boruto prid\u00e1va do epick\u00e9ho bojov\u00e9ho seri\u00e1lu nov\u00e9 dejov\u00e9 l\u00ednie a postavy z Boruta. Za\u017eite intenz\u00edvne bitky, ohromuj\u00face anim\u00e1cie a nov\u00e9 v\u00fdzvy v tomto digit\u00e1lnom doplnku k popul\u00e1rnej hre zalo\u017eenej na anime.","og_url":"https:\/\/begamer.cz\/sk\/produkt\/naruto-shippuden-ultimate-ninja-storm-4-road-to-boruto-expansion-sk\/","og_site_name":"BeGamer.cz","article_modified_time":"2026-03-18T04:06:58+00:00","og_image":[{"width":300,"height":400,"url":"https:\/\/begamer.cz\/wp-content\/uploads\/2026\/01\/naruto-shippuden-ultimate-ninja-storm-4-road-to-boruto-expansion-4.webp","type":"image\/webp"}],"twitter_card":"summary_large_image","twitter_misc":{"Predpokladan\u00fd \u010das \u010d\u00edtania":"1 min\u00fata"},"schema":{"@context":"https:\/\/schema.org","@graph":[{"@type":"WebPage","@id":"https:\/\/begamer.cz\/sk\/produkt\/naruto-shippuden-ultimate-ninja-storm-4-road-to-boruto-expansion-sk\/","url":"https:\/\/begamer.cz\/sk\/produkt\/naruto-shippuden-ultimate-ninja-storm-4-road-to-boruto-expansion-sk\/","name":"Naruto Shippuden: Ultimate Ninja Storm 4 Road to Boruto Expansion | BeGamer.cz","isPartOf":{"@id":"https:\/\/begamer.cz\/sk\/#website"},"primaryImageOfPage":{"@id":"https:\/\/begamer.cz\/sk\/produkt\/naruto-shippuden-ultimate-ninja-storm-4-road-to-boruto-expansion-sk\/#primaryimage"},"image":{"@id":"https:\/\/begamer.cz\/sk\/produkt\/naruto-shippuden-ultimate-ninja-storm-4-road-to-boruto-expansion-sk\/#primaryimage"},"thumbnailUrl":"https:\/\/begamer.cz\/wp-content\/uploads\/2026\/01\/naruto-shippuden-ultimate-ninja-storm-4-road-to-boruto-expansion-4.webp","datePublished":"2026-01-30T15:29:35+00:00","dateModified":"2026-03-18T04:06:58+00:00","breadcrumb":{"@id":"https:\/\/begamer.cz\/sk\/produkt\/naruto-shippuden-ultimate-ninja-storm-4-road-to-boruto-expansion-sk\/#breadcrumb"},"inLanguage":"sk-SK","potentialAction":[{"@type":"ReadAction","target":["https:\/\/begamer.cz\/sk\/produkt\/naruto-shippuden-ultimate-ninja-storm-4-road-to-boruto-expansion-sk\/"]}]},{"@type":"ImageObject","inLanguage":"sk-SK","@id":"https:\/\/begamer.cz\/sk\/produkt\/naruto-shippuden-ultimate-ninja-storm-4-road-to-boruto-expansion-sk\/#primaryimage","url":"https:\/\/begamer.cz\/wp-content\/uploads\/2026\/01\/naruto-shippuden-ultimate-ninja-storm-4-road-to-boruto-expansion-4.webp","contentUrl":"https:\/\/begamer.cz\/wp-content\/uploads\/2026\/01\/naruto-shippuden-ultimate-ninja-storm-4-road-to-boruto-expansion-4.webp","width":300,"height":400},{"@type":"BreadcrumbList","@id":"https:\/\/begamer.cz\/sk\/produkt\/naruto-shippuden-ultimate-ninja-storm-4-road-to-boruto-expansion-sk\/#breadcrumb","itemListElement":[{"@type":"ListItem","position":1,"name":"Domov","item":"https:\/\/begamer.cz\/sk\/"},{"@type":"ListItem","position":2,"name":"Obchod","item":"https:\/\/begamer.cz\/obchod\/"},{"@type":"ListItem","position":3,"name":"Naruto Shippuden: Ultimate Ninja Storm 4 Road to Boruto Expansion"}]},{"@type":"WebSite","@id":"https:\/\/begamer.cz\/sk\/#website","url":"https:\/\/begamer.cz\/sk\/","name":"BeGamer.cz","description":"","publisher":{"@id":"https:\/\/begamer.cz\/sk\/#organization"},"potentialAction":[{"@type":"SearchAction","target":{"@type":"EntryPoint","urlTemplate":"https:\/\/begamer.cz\/sk\/?s={search_term_string}"},"query-input":{"@type":"PropertyValueSpecification","valueRequired":true,"valueName":"search_term_string"}}],"inLanguage":"sk-SK"},{"@type":"Organization","@id":"https:\/\/begamer.cz\/sk\/#organization","name":"BeGamer.cz","url":"https:\/\/begamer.cz\/sk\/","logo":{"@type":"ImageObject","inLanguage":"sk-SK","@id":"https:\/\/begamer.cz\/sk\/#\/schema\/logo\/image\/","url":"https:\/\/begamer.cz\/wp-content\/uploads\/2025\/07\/logo.svg","contentUrl":"https:\/\/begamer.cz\/wp-content\/uploads\/2025\/07\/logo.svg","caption":"BeGamer.cz"},"image":{"@id":"https:\/\/begamer.cz\/sk\/#\/schema\/logo\/image\/"}}]}},"acf":[],"_links":{"self":[{"href":"https:\/\/begamer.cz\/sk\/wp-json\/wp\/v2\/product\/95999","targetHints":{"allow":["GET"]}}],"collection":[{"href":"https:\/\/begamer.cz\/sk\/wp-json\/wp\/v2\/product"}],"about":[{"href":"https:\/\/begamer.cz\/sk\/wp-json\/wp\/v2\/types\/product"}],"replies":[{"embeddable":true,"href":"https:\/\/begamer.cz\/sk\/wp-json\/wp\/v2\/comments?post=95999"}],"wp:featuredmedia":[{"embeddable":true,"href":"https:\/\/begamer.cz\/sk\/wp-json\/wp\/v2\/media\/63010"}],"wp:attachment":[{"href":"https:\/\/begamer.cz\/sk\/wp-json\/wp\/v2\/media?parent=95999"}],"wp:term":[{"taxonomy":"product_brand","embeddable":true,"href":"https:\/\/begamer.cz\/sk\/wp-json\/wp\/v2\/product_brand?post=95999"},{"taxonomy":"product_cat","embeddable":true,"href":"https:\/\/begamer.cz\/sk\/wp-json\/wp\/v2\/product_cat?post=95999"},{"taxonomy":"product_tag","embeddable":true,"href":"https:\/\/begamer.cz\/sk\/wp-json\/wp\/v2\/product_tag?post=95999"}],"curies":[{"name":"wp","href":"https:\/\/api.w.org\/{rel}","templated":true}]}}